{"id":5182,"date":"2014-03-20T18:05:24","date_gmt":"2014-03-20T17:05:24","guid":{"rendered":"https:\/\/mpi.com.es\/products\/compuprint-4247-x03\/"},"modified":"2019-12-06T08:47:13","modified_gmt":"2019-12-06T07:47:13","slug":"compuprint-4247-x03","status":"publish","type":"product","link":"https:\/\/mpi.com.es\/fr\/products\/compuprint-4247-x03\/","title":{"rendered":"Compuprint 4247-X03"},"content":{"rendered":"","protected":false},"featured_media":11160,"template":"","meta":{"_acf_changed":false},"brand":[708],"family":[837,844],"support":[814],"technology":[806],"feature":[915],"class_list":["post-5182","product","type-product","status-publish","has-post-thumbnail","hentry","brand-compuprint-fr","family-imprimantes-industrielles","family-imprimantes-matricielles","support-bobine-de-papier-ou-papier-continu","technology-matricielle-serie","feature-largeur-impression-136-col-fr"],"acf":[],"yoast_head":"<!-- This site is optimized with the Yoast SEO Premium plugin v26.5 (Yoast SEO v27.4) - https:\/\/yoast.com\/product\/yoast-seo-premium-wordpress\/ -->\n<title>Compuprint 4247-X03 - MPI Mantenimiento Perif\u00e9ricos Inform\u00e1ticos<\/title>\n<meta name=\"description\" content=\"Imprimante matricielle Compuprint 4247-X03 Une impression haute vitesse fiable pour les environnements exigeants, une vitesse d\u2019impression de 800 cps, une t\u00eate d\u2019impression \u00e0 18 broches, con\u00e7ue pour des performances \u00e9lev\u00e9es dans des environnements difficiles, avec un co\u00fbt de possession \u00e9tonnamment attractif.\" \/>\n<meta name=\"robots\" content=\"index, follow, max-snippet:-1, max-image-preview:large, max-video-preview:-1\" \/>\n<link rel=\"canonical\" href=\"https:\/\/mpi.com.es\/fr\/products\/compuprint-4247-x03\/\" \/>\n<meta property=\"og:locale\" content=\"fr_FR\" \/>\n<meta property=\"og:type\" content=\"article\" \/>\n<meta property=\"og:title\" content=\"Compuprint 4247-X03\" \/>\n<meta property=\"og:description\" content=\"Imprimante matricielle Compuprint 4247-X03 Une impression haute vitesse fiable pour les environnements exigeants, une vitesse d\u2019impression de 800 cps, une t\u00eate d\u2019impression \u00e0 18 broches, con\u00e7ue pour des performances \u00e9lev\u00e9es dans des environnements difficiles, avec un co\u00fbt de possession \u00e9tonnamment attractif.\" \/>\n<meta property=\"og:url\" content=\"https:\/\/mpi.com.es\/fr\/products\/compuprint-4247-x03\/\" \/>\n<meta property=\"og:site_name\" content=\"MPI Mantenimiento Perif\u00e9ricos Inform\u00e1ticos\" \/>\n<meta property=\"article:publisher\" content=\"https:\/\/www.facebook.com\/p\/Mantenimiento-Perifricos-Informticos-100069020438303\" \/>\n<meta property=\"article:modified_time\" content=\"2019-12-06T07:47:13+00:00\" \/>\n<meta property=\"og:image\" content=\"https:\/\/mpi.com.es\/wp-content\/uploads\/2014\/03\/IMPRESORA-Compuprint-4247-X03-250.jpg\" \/>\n\t<meta property=\"og:image:width\" content=\"253\" \/>\n\t<meta property=\"og:image:height\" content=\"280\" \/>\n\t<meta property=\"og:image:type\" content=\"image\/jpeg\" \/>\n<script type=\"application\/ld+json\" class=\"yoast-schema-graph\">{\"@context\":\"https:\\\/\\\/schema.org\",\"@graph\":[{\"@type\":\"WebPage\",\"@id\":\"https:\\\/\\\/mpi.com.es\\\/fr\\\/products\\\/compuprint-4247-x03\\\/\",\"url\":\"https:\\\/\\\/mpi.com.es\\\/fr\\\/products\\\/compuprint-4247-x03\\\/\",\"name\":\"Compuprint 4247-X03 - MPI Mantenimiento Perif\u00e9ricos Inform\u00e1ticos\",\"isPartOf\":{\"@id\":\"https:\\\/\\\/mpi.com.es\\\/fr\\\/#website\"},\"primaryImageOfPage\":{\"@id\":\"https:\\\/\\\/mpi.com.es\\\/fr\\\/products\\\/compuprint-4247-x03\\\/#primaryimage\"},\"image\":{\"@id\":\"https:\\\/\\\/mpi.com.es\\\/fr\\\/products\\\/compuprint-4247-x03\\\/#primaryimage\"},\"thumbnailUrl\":\"https:\\\/\\\/mpi.com.es\\\/wp-content\\\/uploads\\\/2014\\\/03\\\/IMPRESORA-Compuprint-4247-X03-250.jpg\",\"datePublished\":\"2014-03-20T17:05:24+00:00\",\"dateModified\":\"2019-12-06T07:47:13+00:00\",\"description\":\"Imprimante matricielle Compuprint 4247-X03 Une impression haute vitesse fiable pour les environnements exigeants, une vitesse d\u2019impression de 800 cps, une t\u00eate d\u2019impression \u00e0 18 broches, con\u00e7ue pour des performances \u00e9lev\u00e9es dans des environnements difficiles, avec un co\u00fbt de possession \u00e9tonnamment attractif.\",\"breadcrumb\":{\"@id\":\"https:\\\/\\\/mpi.com.es\\\/fr\\\/products\\\/compuprint-4247-x03\\\/#breadcrumb\"},\"inLanguage\":\"fr-FR\",\"potentialAction\":[{\"@type\":\"ReadAction\",\"target\":[\"https:\\\/\\\/mpi.com.es\\\/fr\\\/products\\\/compuprint-4247-x03\\\/\"]}]},{\"@type\":\"ImageObject\",\"inLanguage\":\"fr-FR\",\"@id\":\"https:\\\/\\\/mpi.com.es\\\/fr\\\/products\\\/compuprint-4247-x03\\\/#primaryimage\",\"url\":\"https:\\\/\\\/mpi.com.es\\\/wp-content\\\/uploads\\\/2014\\\/03\\\/IMPRESORA-Compuprint-4247-X03-250.jpg\",\"contentUrl\":\"https:\\\/\\\/mpi.com.es\\\/wp-content\\\/uploads\\\/2014\\\/03\\\/IMPRESORA-Compuprint-4247-X03-250.jpg\",\"width\":253,\"height\":280,\"caption\":\"IMPRESORA-Compuprint 4247-X03\"},{\"@type\":\"BreadcrumbList\",\"@id\":\"https:\\\/\\\/mpi.com.es\\\/fr\\\/products\\\/compuprint-4247-x03\\\/#breadcrumb\",\"itemListElement\":[{\"@type\":\"ListItem\",\"position\":1,\"name\":\"Portada\",\"item\":\"https:\\\/\\\/mpi.com.es\\\/fr\\\/\"},{\"@type\":\"ListItem\",\"position\":2,\"name\":\"Produits\",\"item\":\"https:\\\/\\\/mpi.com.es\\\/fr\\\/products\\\/\"},{\"@type\":\"ListItem\",\"position\":3,\"name\":\"Compuprint 4247-X03\"}]},{\"@type\":\"WebSite\",\"@id\":\"https:\\\/\\\/mpi.com.es\\\/fr\\\/#website\",\"url\":\"https:\\\/\\\/mpi.com.es\\\/fr\\\/\",\"name\":\"MPI Mantenimiento Perif\u00e9ricos Inform\u00e1ticos\",\"description\":\"Impresoras Industriales, impresi\u00f3n,alto volumen, mantenimiento, mantenimiento impresoras\",\"publisher\":{\"@id\":\"https:\\\/\\\/mpi.com.es\\\/fr\\\/#organization\"},\"potentialAction\":[{\"@type\":\"SearchAction\",\"target\":{\"@type\":\"EntryPoint\",\"urlTemplate\":\"https:\\\/\\\/mpi.com.es\\\/fr\\\/?s={search_term_string}\"},\"query-input\":{\"@type\":\"PropertyValueSpecification\",\"valueRequired\":true,\"valueName\":\"search_term_string\"}}],\"inLanguage\":\"fr-FR\"},{\"@type\":\"Organization\",\"@id\":\"https:\\\/\\\/mpi.com.es\\\/fr\\\/#organization\",\"name\":\"Mantenimiento Perif\u00e9ricos Inform\u00e1ticos\",\"url\":\"https:\\\/\\\/mpi.com.es\\\/fr\\\/\",\"logo\":{\"@type\":\"ImageObject\",\"inLanguage\":\"fr-FR\",\"@id\":\"https:\\\/\\\/mpi.com.es\\\/fr\\\/#\\\/schema\\\/logo\\\/image\\\/\",\"url\":\"https:\\\/\\\/mpi.com.es\\\/wp-content\\\/uploads\\\/2019\\\/07\\\/LOGONAMING-TRANSP.png\",\"contentUrl\":\"https:\\\/\\\/mpi.com.es\\\/wp-content\\\/uploads\\\/2019\\\/07\\\/LOGONAMING-TRANSP.png\",\"width\":1573,\"height\":431,\"caption\":\"Mantenimiento Perif\u00e9ricos Inform\u00e1ticos\"},\"image\":{\"@id\":\"https:\\\/\\\/mpi.com.es\\\/fr\\\/#\\\/schema\\\/logo\\\/image\\\/\"},\"sameAs\":[\"https:\\\/\\\/www.facebook.com\\\/p\\\/Mantenimiento-Perifricos-Informticos-100069020438303\"]}]}<\/script>\n<!-- \/ Yoast SEO Premium plugin. -->","yoast_head_json":{"title":"Compuprint 4247-X03 - MPI Mantenimiento Perif\u00e9ricos Inform\u00e1ticos","description":"Imprimante matricielle Compuprint 4247-X03 Une impression haute vitesse fiable pour les environnements exigeants, une vitesse d\u2019impression de 800 cps, une t\u00eate d\u2019impression \u00e0 18 broches, con\u00e7ue pour des performances \u00e9lev\u00e9es dans des environnements difficiles, avec un co\u00fbt de possession \u00e9tonnamment attractif.","robots":{"index":"index","follow":"follow","max-snippet":"max-snippet:-1","max-image-preview":"max-image-preview:large","max-video-preview":"max-video-preview:-1"},"canonical":"https:\/\/mpi.com.es\/fr\/products\/compuprint-4247-x03\/","og_locale":"fr_FR","og_type":"article","og_title":"Compuprint 4247-X03","og_description":"Imprimante matricielle Compuprint 4247-X03 Une impression haute vitesse fiable pour les environnements exigeants, une vitesse d\u2019impression de 800 cps, une t\u00eate d\u2019impression \u00e0 18 broches, con\u00e7ue pour des performances \u00e9lev\u00e9es dans des environnements difficiles, avec un co\u00fbt de possession \u00e9tonnamment attractif.","og_url":"https:\/\/mpi.com.es\/fr\/products\/compuprint-4247-x03\/","og_site_name":"MPI Mantenimiento Perif\u00e9ricos Inform\u00e1ticos","article_publisher":"https:\/\/www.facebook.com\/p\/Mantenimiento-Perifricos-Informticos-100069020438303","article_modified_time":"2019-12-06T07:47:13+00:00","og_image":[{"width":253,"height":280,"url":"https:\/\/mpi.com.es\/wp-content\/uploads\/2014\/03\/IMPRESORA-Compuprint-4247-X03-250.jpg","type":"image\/jpeg"}],"schema":{"@context":"https:\/\/schema.org","@graph":[{"@type":"WebPage","@id":"https:\/\/mpi.com.es\/fr\/products\/compuprint-4247-x03\/","url":"https:\/\/mpi.com.es\/fr\/products\/compuprint-4247-x03\/","name":"Compuprint 4247-X03 - MPI Mantenimiento Perif\u00e9ricos Inform\u00e1ticos","isPartOf":{"@id":"https:\/\/mpi.com.es\/fr\/#website"},"primaryImageOfPage":{"@id":"https:\/\/mpi.com.es\/fr\/products\/compuprint-4247-x03\/#primaryimage"},"image":{"@id":"https:\/\/mpi.com.es\/fr\/products\/compuprint-4247-x03\/#primaryimage"},"thumbnailUrl":"https:\/\/mpi.com.es\/wp-content\/uploads\/2014\/03\/IMPRESORA-Compuprint-4247-X03-250.jpg","datePublished":"2014-03-20T17:05:24+00:00","dateModified":"2019-12-06T07:47:13+00:00","description":"Imprimante matricielle Compuprint 4247-X03 Une impression haute vitesse fiable pour les environnements exigeants, une vitesse d\u2019impression de 800 cps, une t\u00eate d\u2019impression \u00e0 18 broches, con\u00e7ue pour des performances \u00e9lev\u00e9es dans des environnements difficiles, avec un co\u00fbt de possession \u00e9tonnamment attractif.","breadcrumb":{"@id":"https:\/\/mpi.com.es\/fr\/products\/compuprint-4247-x03\/#breadcrumb"},"inLanguage":"fr-FR","potentialAction":[{"@type":"ReadAction","target":["https:\/\/mpi.com.es\/fr\/products\/compuprint-4247-x03\/"]}]},{"@type":"ImageObject","inLanguage":"fr-FR","@id":"https:\/\/mpi.com.es\/fr\/products\/compuprint-4247-x03\/#primaryimage","url":"https:\/\/mpi.com.es\/wp-content\/uploads\/2014\/03\/IMPRESORA-Compuprint-4247-X03-250.jpg","contentUrl":"https:\/\/mpi.com.es\/wp-content\/uploads\/2014\/03\/IMPRESORA-Compuprint-4247-X03-250.jpg","width":253,"height":280,"caption":"IMPRESORA-Compuprint 4247-X03"},{"@type":"BreadcrumbList","@id":"https:\/\/mpi.com.es\/fr\/products\/compuprint-4247-x03\/#breadcrumb","itemListElement":[{"@type":"ListItem","position":1,"name":"Portada","item":"https:\/\/mpi.com.es\/fr\/"},{"@type":"ListItem","position":2,"name":"Produits","item":"https:\/\/mpi.com.es\/fr\/products\/"},{"@type":"ListItem","position":3,"name":"Compuprint 4247-X03"}]},{"@type":"WebSite","@id":"https:\/\/mpi.com.es\/fr\/#website","url":"https:\/\/mpi.com.es\/fr\/","name":"MPI Mantenimiento Perif\u00e9ricos Inform\u00e1ticos","description":"Impresoras Industriales, impresi\u00f3n,alto volumen, mantenimiento, mantenimiento impresoras","publisher":{"@id":"https:\/\/mpi.com.es\/fr\/#organization"},"potentialAction":[{"@type":"SearchAction","target":{"@type":"EntryPoint","urlTemplate":"https:\/\/mpi.com.es\/fr\/?s={search_term_string}"},"query-input":{"@type":"PropertyValueSpecification","valueRequired":true,"valueName":"search_term_string"}}],"inLanguage":"fr-FR"},{"@type":"Organization","@id":"https:\/\/mpi.com.es\/fr\/#organization","name":"Mantenimiento Perif\u00e9ricos Inform\u00e1ticos","url":"https:\/\/mpi.com.es\/fr\/","logo":{"@type":"ImageObject","inLanguage":"fr-FR","@id":"https:\/\/mpi.com.es\/fr\/#\/schema\/logo\/image\/","url":"https:\/\/mpi.com.es\/wp-content\/uploads\/2019\/07\/LOGONAMING-TRANSP.png","contentUrl":"https:\/\/mpi.com.es\/wp-content\/uploads\/2019\/07\/LOGONAMING-TRANSP.png","width":1573,"height":431,"caption":"Mantenimiento Perif\u00e9ricos Inform\u00e1ticos"},"image":{"@id":"https:\/\/mpi.com.es\/fr\/#\/schema\/logo\/image\/"},"sameAs":["https:\/\/www.facebook.com\/p\/Mantenimiento-Perifricos-Informticos-100069020438303"]}]}},"_links":{"self":[{"href":"https:\/\/mpi.com.es\/fr\/wp-json\/wp\/v2\/product\/5182","targetHints":{"allow":["GET"]}}],"collection":[{"href":"https:\/\/mpi.com.es\/fr\/wp-json\/wp\/v2\/product"}],"about":[{"href":"https:\/\/mpi.com.es\/fr\/wp-json\/wp\/v2\/types\/product"}],"wp:featuredmedia":[{"embeddable":true,"href":"https:\/\/mpi.com.es\/fr\/wp-json\/wp\/v2\/media\/11160"}],"wp:attachment":[{"href":"https:\/\/mpi.com.es\/fr\/wp-json\/wp\/v2\/media?parent=5182"}],"wp:term":[{"taxonomy":"brand","embeddable":true,"href":"https:\/\/mpi.com.es\/fr\/wp-json\/wp\/v2\/brand?post=5182"},{"taxonomy":"family","embeddable":true,"href":"https:\/\/mpi.com.es\/fr\/wp-json\/wp\/v2\/family?post=5182"},{"taxonomy":"support","embeddable":true,"href":"https:\/\/mpi.com.es\/fr\/wp-json\/wp\/v2\/support?post=5182"},{"taxonomy":"technology","embeddable":true,"href":"https:\/\/mpi.com.es\/fr\/wp-json\/wp\/v2\/technology?post=5182"},{"taxonomy":"feature","embeddable":true,"href":"https:\/\/mpi.com.es\/fr\/wp-json\/wp\/v2\/feature?post=5182"}],"curies":[{"name":"wp","href":"https:\/\/api.w.org\/{rel}","templated":true}]}}