{"id":5177,"date":"2014-03-20T18:06:31","date_gmt":"2014-03-20T17:06:31","guid":{"rendered":"https:\/\/mpi.com.es\/products\/printronix-p8000\/"},"modified":"2021-12-10T08:34:33","modified_gmt":"2021-12-10T07:34:33","slug":"printronix-p8000","status":"publish","type":"product","link":"https:\/\/mpi.com.es\/fr\/products\/printronix-p8000\/","title":{"rendered":"Printronix P8000"},"content":{"rendered":"","protected":false},"featured_media":7041,"template":"","meta":{"_acf_changed":false},"brand":[738],"family":[837,845],"support":[813],"technology":[808],"feature":[915],"class_list":["post-5177","product","type-product","status-publish","has-post-thumbnail","hentry","brand-printronix-fr","family-imprimantes-industrielles","family-imprimantes-lignes","support-papier-continu","technology-matricielle-lignes","feature-largeur-impression-136-col-fr"],"acf":[],"yoast_head":"<!-- This site is optimized with the Yoast SEO Premium plugin v26.5 (Yoast SEO v27.4) - https:\/\/yoast.com\/product\/yoast-seo-premium-wordpress\/ -->\n<title>Printronix P8000 Nouvelle Imprimante Matricielle Ligne Importateur EMEA<\/title>\n<meta name=\"description\" content=\"Capacit\u00e9 de fonctionner 24h\/24 7j\/7, adapt\u00e9 aux environnements difficiles : humidit\u00e9, temp\u00e9ratures extr\u00eames, poussi\u00e8re. Meilleur Prix Garantie.\" \/>\n<meta name=\"robots\" content=\"index, follow, max-snippet:-1, max-image-preview:large, max-video-preview:-1\" \/>\n<link rel=\"canonical\" href=\"https:\/\/mpi.com.es\/fr\/products\/printronix-p8000\/\" \/>\n<meta property=\"og:locale\" content=\"fr_FR\" \/>\n<meta property=\"og:type\" content=\"article\" \/>\n<meta property=\"og:title\" content=\"Printronix P8000\" \/>\n<meta property=\"og:description\" content=\"Capacit\u00e9 de fonctionner 24h\/24 7j\/7, adapt\u00e9 aux environnements difficiles : humidit\u00e9, temp\u00e9ratures extr\u00eames, poussi\u00e8re. Meilleur Prix Garantie.\" \/>\n<meta property=\"og:url\" content=\"https:\/\/mpi.com.es\/fr\/products\/printronix-p8000\/\" \/>\n<meta property=\"og:site_name\" content=\"MPI Mantenimiento Perif\u00e9ricos Inform\u00e1ticos\" \/>\n<meta property=\"article:publisher\" content=\"https:\/\/www.facebook.com\/p\/Mantenimiento-Perifricos-Informticos-100069020438303\" \/>\n<meta property=\"article:modified_time\" content=\"2021-12-10T07:34:33+00:00\" \/>\n<meta property=\"og:image\" content=\"https:\/\/mpi.com.es\/wp-content\/uploads\/2014\/03\/printronix_p8000_253x280-1.png\" \/>\n\t<meta property=\"og:image:width\" content=\"276\" \/>\n\t<meta property=\"og:image:height\" content=\"280\" \/>\n\t<meta property=\"og:image:type\" content=\"image\/png\" \/>\n<script type=\"application\/ld+json\" class=\"yoast-schema-graph\">{\"@context\":\"https:\\\/\\\/schema.org\",\"@graph\":[{\"@type\":\"WebPage\",\"@id\":\"https:\\\/\\\/mpi.com.es\\\/fr\\\/products\\\/printronix-p8000\\\/\",\"url\":\"https:\\\/\\\/mpi.com.es\\\/fr\\\/products\\\/printronix-p8000\\\/\",\"name\":\"Printronix P8000 Nouvelle Imprimante Matricielle Ligne Importateur EMEA\",\"isPartOf\":{\"@id\":\"https:\\\/\\\/mpi.com.es\\\/fr\\\/#website\"},\"primaryImageOfPage\":{\"@id\":\"https:\\\/\\\/mpi.com.es\\\/fr\\\/products\\\/printronix-p8000\\\/#primaryimage\"},\"image\":{\"@id\":\"https:\\\/\\\/mpi.com.es\\\/fr\\\/products\\\/printronix-p8000\\\/#primaryimage\"},\"thumbnailUrl\":\"https:\\\/\\\/mpi.com.es\\\/wp-content\\\/uploads\\\/2014\\\/03\\\/printronix_p8000_253x280-1.png\",\"datePublished\":\"2014-03-20T17:06:31+00:00\",\"dateModified\":\"2021-12-10T07:34:33+00:00\",\"description\":\"Capacit\u00e9 de fonctionner 24h\\\/24 7j\\\/7, adapt\u00e9 aux environnements difficiles : humidit\u00e9, temp\u00e9ratures extr\u00eames, poussi\u00e8re. Meilleur Prix Garantie.\",\"breadcrumb\":{\"@id\":\"https:\\\/\\\/mpi.com.es\\\/fr\\\/products\\\/printronix-p8000\\\/#breadcrumb\"},\"inLanguage\":\"fr-FR\",\"potentialAction\":[{\"@type\":\"ReadAction\",\"target\":[\"https:\\\/\\\/mpi.com.es\\\/fr\\\/products\\\/printronix-p8000\\\/\"]}]},{\"@type\":\"ImageObject\",\"inLanguage\":\"fr-FR\",\"@id\":\"https:\\\/\\\/mpi.com.es\\\/fr\\\/products\\\/printronix-p8000\\\/#primaryimage\",\"url\":\"https:\\\/\\\/mpi.com.es\\\/wp-content\\\/uploads\\\/2014\\\/03\\\/printronix_p8000_253x280-1.png\",\"contentUrl\":\"https:\\\/\\\/mpi.com.es\\\/wp-content\\\/uploads\\\/2014\\\/03\\\/printronix_p8000_253x280-1.png\",\"width\":276,\"height\":280,\"caption\":\"printronix p8000\"},{\"@type\":\"BreadcrumbList\",\"@id\":\"https:\\\/\\\/mpi.com.es\\\/fr\\\/products\\\/printronix-p8000\\\/#breadcrumb\",\"itemListElement\":[{\"@type\":\"ListItem\",\"position\":1,\"name\":\"Portada\",\"item\":\"https:\\\/\\\/mpi.com.es\\\/fr\\\/\"},{\"@type\":\"ListItem\",\"position\":2,\"name\":\"Produits\",\"item\":\"https:\\\/\\\/mpi.com.es\\\/fr\\\/products\\\/\"},{\"@type\":\"ListItem\",\"position\":3,\"name\":\"Printronix P8000\"}]},{\"@type\":\"WebSite\",\"@id\":\"https:\\\/\\\/mpi.com.es\\\/fr\\\/#website\",\"url\":\"https:\\\/\\\/mpi.com.es\\\/fr\\\/\",\"name\":\"MPI Mantenimiento Perif\u00e9ricos Inform\u00e1ticos\",\"description\":\"Impresoras Industriales, impresi\u00f3n,alto volumen, mantenimiento, mantenimiento impresoras\",\"publisher\":{\"@id\":\"https:\\\/\\\/mpi.com.es\\\/fr\\\/#organization\"},\"potentialAction\":[{\"@type\":\"SearchAction\",\"target\":{\"@type\":\"EntryPoint\",\"urlTemplate\":\"https:\\\/\\\/mpi.com.es\\\/fr\\\/?s={search_term_string}\"},\"query-input\":{\"@type\":\"PropertyValueSpecification\",\"valueRequired\":true,\"valueName\":\"search_term_string\"}}],\"inLanguage\":\"fr-FR\"},{\"@type\":\"Organization\",\"@id\":\"https:\\\/\\\/mpi.com.es\\\/fr\\\/#organization\",\"name\":\"Mantenimiento Perif\u00e9ricos Inform\u00e1ticos\",\"url\":\"https:\\\/\\\/mpi.com.es\\\/fr\\\/\",\"logo\":{\"@type\":\"ImageObject\",\"inLanguage\":\"fr-FR\",\"@id\":\"https:\\\/\\\/mpi.com.es\\\/fr\\\/#\\\/schema\\\/logo\\\/image\\\/\",\"url\":\"https:\\\/\\\/mpi.com.es\\\/wp-content\\\/uploads\\\/2019\\\/07\\\/LOGONAMING-TRANSP.png\",\"contentUrl\":\"https:\\\/\\\/mpi.com.es\\\/wp-content\\\/uploads\\\/2019\\\/07\\\/LOGONAMING-TRANSP.png\",\"width\":1573,\"height\":431,\"caption\":\"Mantenimiento Perif\u00e9ricos Inform\u00e1ticos\"},\"image\":{\"@id\":\"https:\\\/\\\/mpi.com.es\\\/fr\\\/#\\\/schema\\\/logo\\\/image\\\/\"},\"sameAs\":[\"https:\\\/\\\/www.facebook.com\\\/p\\\/Mantenimiento-Perifricos-Informticos-100069020438303\"]}]}<\/script>\n<!-- \/ Yoast SEO Premium plugin. -->","yoast_head_json":{"title":"Printronix P8000 Nouvelle Imprimante Matricielle Ligne Importateur EMEA","description":"Capacit\u00e9 de fonctionner 24h\/24 7j\/7, adapt\u00e9 aux environnements difficiles : humidit\u00e9, temp\u00e9ratures extr\u00eames, poussi\u00e8re. Meilleur Prix Garantie.","robots":{"index":"index","follow":"follow","max-snippet":"max-snippet:-1","max-image-preview":"max-image-preview:large","max-video-preview":"max-video-preview:-1"},"canonical":"https:\/\/mpi.com.es\/fr\/products\/printronix-p8000\/","og_locale":"fr_FR","og_type":"article","og_title":"Printronix P8000","og_description":"Capacit\u00e9 de fonctionner 24h\/24 7j\/7, adapt\u00e9 aux environnements difficiles : humidit\u00e9, temp\u00e9ratures extr\u00eames, poussi\u00e8re. Meilleur Prix Garantie.","og_url":"https:\/\/mpi.com.es\/fr\/products\/printronix-p8000\/","og_site_name":"MPI Mantenimiento Perif\u00e9ricos Inform\u00e1ticos","article_publisher":"https:\/\/www.facebook.com\/p\/Mantenimiento-Perifricos-Informticos-100069020438303","article_modified_time":"2021-12-10T07:34:33+00:00","og_image":[{"width":276,"height":280,"url":"https:\/\/mpi.com.es\/wp-content\/uploads\/2014\/03\/printronix_p8000_253x280-1.png","type":"image\/png"}],"schema":{"@context":"https:\/\/schema.org","@graph":[{"@type":"WebPage","@id":"https:\/\/mpi.com.es\/fr\/products\/printronix-p8000\/","url":"https:\/\/mpi.com.es\/fr\/products\/printronix-p8000\/","name":"Printronix P8000 Nouvelle Imprimante Matricielle Ligne Importateur EMEA","isPartOf":{"@id":"https:\/\/mpi.com.es\/fr\/#website"},"primaryImageOfPage":{"@id":"https:\/\/mpi.com.es\/fr\/products\/printronix-p8000\/#primaryimage"},"image":{"@id":"https:\/\/mpi.com.es\/fr\/products\/printronix-p8000\/#primaryimage"},"thumbnailUrl":"https:\/\/mpi.com.es\/wp-content\/uploads\/2014\/03\/printronix_p8000_253x280-1.png","datePublished":"2014-03-20T17:06:31+00:00","dateModified":"2021-12-10T07:34:33+00:00","description":"Capacit\u00e9 de fonctionner 24h\/24 7j\/7, adapt\u00e9 aux environnements difficiles : humidit\u00e9, temp\u00e9ratures extr\u00eames, poussi\u00e8re. Meilleur Prix Garantie.","breadcrumb":{"@id":"https:\/\/mpi.com.es\/fr\/products\/printronix-p8000\/#breadcrumb"},"inLanguage":"fr-FR","potentialAction":[{"@type":"ReadAction","target":["https:\/\/mpi.com.es\/fr\/products\/printronix-p8000\/"]}]},{"@type":"ImageObject","inLanguage":"fr-FR","@id":"https:\/\/mpi.com.es\/fr\/products\/printronix-p8000\/#primaryimage","url":"https:\/\/mpi.com.es\/wp-content\/uploads\/2014\/03\/printronix_p8000_253x280-1.png","contentUrl":"https:\/\/mpi.com.es\/wp-content\/uploads\/2014\/03\/printronix_p8000_253x280-1.png","width":276,"height":280,"caption":"printronix p8000"},{"@type":"BreadcrumbList","@id":"https:\/\/mpi.com.es\/fr\/products\/printronix-p8000\/#breadcrumb","itemListElement":[{"@type":"ListItem","position":1,"name":"Portada","item":"https:\/\/mpi.com.es\/fr\/"},{"@type":"ListItem","position":2,"name":"Produits","item":"https:\/\/mpi.com.es\/fr\/products\/"},{"@type":"ListItem","position":3,"name":"Printronix P8000"}]},{"@type":"WebSite","@id":"https:\/\/mpi.com.es\/fr\/#website","url":"https:\/\/mpi.com.es\/fr\/","name":"MPI Mantenimiento Perif\u00e9ricos Inform\u00e1ticos","description":"Impresoras Industriales, impresi\u00f3n,alto volumen, mantenimiento, mantenimiento impresoras","publisher":{"@id":"https:\/\/mpi.com.es\/fr\/#organization"},"potentialAction":[{"@type":"SearchAction","target":{"@type":"EntryPoint","urlTemplate":"https:\/\/mpi.com.es\/fr\/?s={search_term_string}"},"query-input":{"@type":"PropertyValueSpecification","valueRequired":true,"valueName":"search_term_string"}}],"inLanguage":"fr-FR"},{"@type":"Organization","@id":"https:\/\/mpi.com.es\/fr\/#organization","name":"Mantenimiento Perif\u00e9ricos Inform\u00e1ticos","url":"https:\/\/mpi.com.es\/fr\/","logo":{"@type":"ImageObject","inLanguage":"fr-FR","@id":"https:\/\/mpi.com.es\/fr\/#\/schema\/logo\/image\/","url":"https:\/\/mpi.com.es\/wp-content\/uploads\/2019\/07\/LOGONAMING-TRANSP.png","contentUrl":"https:\/\/mpi.com.es\/wp-content\/uploads\/2019\/07\/LOGONAMING-TRANSP.png","width":1573,"height":431,"caption":"Mantenimiento Perif\u00e9ricos Inform\u00e1ticos"},"image":{"@id":"https:\/\/mpi.com.es\/fr\/#\/schema\/logo\/image\/"},"sameAs":["https:\/\/www.facebook.com\/p\/Mantenimiento-Perifricos-Informticos-100069020438303"]}]}},"_links":{"self":[{"href":"https:\/\/mpi.com.es\/fr\/wp-json\/wp\/v2\/product\/5177","targetHints":{"allow":["GET"]}}],"collection":[{"href":"https:\/\/mpi.com.es\/fr\/wp-json\/wp\/v2\/product"}],"about":[{"href":"https:\/\/mpi.com.es\/fr\/wp-json\/wp\/v2\/types\/product"}],"wp:featuredmedia":[{"embeddable":true,"href":"https:\/\/mpi.com.es\/fr\/wp-json\/wp\/v2\/media\/7041"}],"wp:attachment":[{"href":"https:\/\/mpi.com.es\/fr\/wp-json\/wp\/v2\/media?parent=5177"}],"wp:term":[{"taxonomy":"brand","embeddable":true,"href":"https:\/\/mpi.com.es\/fr\/wp-json\/wp\/v2\/brand?post=5177"},{"taxonomy":"family","embeddable":true,"href":"https:\/\/mpi.com.es\/fr\/wp-json\/wp\/v2\/family?post=5177"},{"taxonomy":"support","embeddable":true,"href":"https:\/\/mpi.com.es\/fr\/wp-json\/wp\/v2\/support?post=5177"},{"taxonomy":"technology","embeddable":true,"href":"https:\/\/mpi.com.es\/fr\/wp-json\/wp\/v2\/technology?post=5177"},{"taxonomy":"feature","embeddable":true,"href":"https:\/\/mpi.com.es\/fr\/wp-json\/wp\/v2\/feature?post=5177"}],"curies":[{"name":"wp","href":"https:\/\/api.w.org\/{rel}","templated":true}]}}