{"id":5132,"date":"2014-03-20T18:24:32","date_gmt":"2014-03-20T17:24:32","guid":{"rendered":"https:\/\/mpi.com.es\/products\/psi-pp405\/"},"modified":"2019-04-28T19:18:12","modified_gmt":"2019-04-28T17:18:12","slug":"psi-pp405","status":"publish","type":"product","link":"https:\/\/mpi.com.es\/fr\/products\/psi-pp405\/","title":{"rendered":"PSI PP405"},"content":{"rendered":"","protected":false},"featured_media":7115,"template":"","meta":{"_acf_changed":false},"brand":[736,737],"family":[837,844,838,843],"support":[813,815],"technology":[806,807],"feature":[],"class_list":["post-5132","product","type-product","status-publish","has-post-thumbnail","hentry","brand-psi-en","brand-psi-fr","family-imprimantes-industrielles","family-imprimantes-matricielles","family-industrial-printers","family-matrix-printers","support-papier-continu","support-roll-paper-fanfold-paper","technology-matricielle-serie","technology-serial-matrix"],"acf":[],"yoast_head":"<!-- This site is optimized with the Yoast SEO Premium plugin v26.5 (Yoast SEO v27.4) - https:\/\/yoast.com\/product\/yoast-seo-premium-wordpress\/ -->\n<title>Imprimante matricielle professionnelle PP405 PSI 5 entr\u00e9es 3 sorties MPI<\/title>\n<meta name=\"description\" content=\"Imprimante matricielle PP405 PSI Papier continu PSI \u00c9mulations IPDS IGP PGL Genicom Impression ANSI DEC DUA, Cinq entr\u00e9es papier et trois sorties papier continu et feuilles simples, documents multicopies \u00e0 une vitesse d&#039;impression de 600 cps (caract\u00e8res par seconde) et performances de 500 pages par heure.\" \/>\n<meta name=\"robots\" content=\"index, follow, max-snippet:-1, max-image-preview:large, max-video-preview:-1\" \/>\n<link rel=\"canonical\" href=\"https:\/\/mpi.com.es\/fr\/products\/psi-pp405\/\" \/>\n<meta property=\"og:locale\" content=\"fr_FR\" \/>\n<meta property=\"og:type\" content=\"article\" \/>\n<meta property=\"og:title\" content=\"PSI PP405\" \/>\n<meta property=\"og:description\" content=\"Imprimante matricielle PP405 PSI Papier continu PSI \u00c9mulations IPDS IGP PGL Genicom Impression ANSI DEC DUA, Cinq entr\u00e9es papier et trois sorties papier continu et feuilles simples, documents multicopies \u00e0 une vitesse d&#039;impression de 600 cps (caract\u00e8res par seconde) et performances de 500 pages par heure.\" \/>\n<meta property=\"og:url\" content=\"https:\/\/mpi.com.es\/fr\/products\/psi-pp405\/\" \/>\n<meta property=\"og:site_name\" content=\"MPI Mantenimiento Perif\u00e9ricos Inform\u00e1ticos\" \/>\n<meta property=\"article:publisher\" content=\"https:\/\/www.facebook.com\/p\/Mantenimiento-Perifricos-Informticos-100069020438303\" \/>\n<meta property=\"article:modified_time\" content=\"2019-04-28T17:18:12+00:00\" \/>\n<meta property=\"og:image\" content=\"https:\/\/mpi.com.es\/wp-content\/uploads\/2014\/03\/psi-pp405.jpg\" \/>\n\t<meta property=\"og:image:width\" content=\"264\" \/>\n\t<meta property=\"og:image:height\" content=\"302\" \/>\n\t<meta property=\"og:image:type\" content=\"image\/jpeg\" \/>\n<script type=\"application\/ld+json\" class=\"yoast-schema-graph\">{\"@context\":\"https:\\\/\\\/schema.org\",\"@graph\":[{\"@type\":\"WebPage\",\"@id\":\"https:\\\/\\\/mpi.com.es\\\/fr\\\/products\\\/psi-pp405\\\/\",\"url\":\"https:\\\/\\\/mpi.com.es\\\/fr\\\/products\\\/psi-pp405\\\/\",\"name\":\"Imprimante matricielle professionnelle PP405 PSI 5 entr\u00e9es 3 sorties MPI\",\"isPartOf\":{\"@id\":\"https:\\\/\\\/mpi.com.es\\\/fr\\\/#website\"},\"primaryImageOfPage\":{\"@id\":\"https:\\\/\\\/mpi.com.es\\\/fr\\\/products\\\/psi-pp405\\\/#primaryimage\"},\"image\":{\"@id\":\"https:\\\/\\\/mpi.com.es\\\/fr\\\/products\\\/psi-pp405\\\/#primaryimage\"},\"thumbnailUrl\":\"https:\\\/\\\/mpi.com.es\\\/wp-content\\\/uploads\\\/2014\\\/03\\\/psi-pp405.jpg\",\"datePublished\":\"2014-03-20T17:24:32+00:00\",\"dateModified\":\"2019-04-28T17:18:12+00:00\",\"description\":\"Imprimante matricielle PP405 PSI Papier continu PSI \u00c9mulations IPDS IGP PGL Genicom Impression ANSI DEC DUA, Cinq entr\u00e9es papier et trois sorties papier continu et feuilles simples, documents multicopies \u00e0 une vitesse d'impression de 600 cps (caract\u00e8res par seconde) et performances de 500 pages par heure.\",\"breadcrumb\":{\"@id\":\"https:\\\/\\\/mpi.com.es\\\/fr\\\/products\\\/psi-pp405\\\/#breadcrumb\"},\"inLanguage\":\"fr-FR\",\"potentialAction\":[{\"@type\":\"ReadAction\",\"target\":[\"https:\\\/\\\/mpi.com.es\\\/fr\\\/products\\\/psi-pp405\\\/\"]}]},{\"@type\":\"ImageObject\",\"inLanguage\":\"fr-FR\",\"@id\":\"https:\\\/\\\/mpi.com.es\\\/fr\\\/products\\\/psi-pp405\\\/#primaryimage\",\"url\":\"https:\\\/\\\/mpi.com.es\\\/wp-content\\\/uploads\\\/2014\\\/03\\\/psi-pp405.jpg\",\"contentUrl\":\"https:\\\/\\\/mpi.com.es\\\/wp-content\\\/uploads\\\/2014\\\/03\\\/psi-pp405.jpg\",\"width\":264,\"height\":302,\"caption\":\"psi pp405\"},{\"@type\":\"BreadcrumbList\",\"@id\":\"https:\\\/\\\/mpi.com.es\\\/fr\\\/products\\\/psi-pp405\\\/#breadcrumb\",\"itemListElement\":[{\"@type\":\"ListItem\",\"position\":1,\"name\":\"Portada\",\"item\":\"https:\\\/\\\/mpi.com.es\\\/fr\\\/\"},{\"@type\":\"ListItem\",\"position\":2,\"name\":\"Produits\",\"item\":\"https:\\\/\\\/mpi.com.es\\\/fr\\\/products\\\/\"},{\"@type\":\"ListItem\",\"position\":3,\"name\":\"PSI PP405\"}]},{\"@type\":\"WebSite\",\"@id\":\"https:\\\/\\\/mpi.com.es\\\/fr\\\/#website\",\"url\":\"https:\\\/\\\/mpi.com.es\\\/fr\\\/\",\"name\":\"MPI Mantenimiento Perif\u00e9ricos Inform\u00e1ticos\",\"description\":\"Impresoras Industriales, impresi\u00f3n,alto volumen, mantenimiento, mantenimiento impresoras\",\"publisher\":{\"@id\":\"https:\\\/\\\/mpi.com.es\\\/fr\\\/#organization\"},\"potentialAction\":[{\"@type\":\"SearchAction\",\"target\":{\"@type\":\"EntryPoint\",\"urlTemplate\":\"https:\\\/\\\/mpi.com.es\\\/fr\\\/?s={search_term_string}\"},\"query-input\":{\"@type\":\"PropertyValueSpecification\",\"valueRequired\":true,\"valueName\":\"search_term_string\"}}],\"inLanguage\":\"fr-FR\"},{\"@type\":\"Organization\",\"@id\":\"https:\\\/\\\/mpi.com.es\\\/fr\\\/#organization\",\"name\":\"Mantenimiento Perif\u00e9ricos Inform\u00e1ticos\",\"url\":\"https:\\\/\\\/mpi.com.es\\\/fr\\\/\",\"logo\":{\"@type\":\"ImageObject\",\"inLanguage\":\"fr-FR\",\"@id\":\"https:\\\/\\\/mpi.com.es\\\/fr\\\/#\\\/schema\\\/logo\\\/image\\\/\",\"url\":\"https:\\\/\\\/mpi.com.es\\\/wp-content\\\/uploads\\\/2019\\\/07\\\/LOGONAMING-TRANSP.png\",\"contentUrl\":\"https:\\\/\\\/mpi.com.es\\\/wp-content\\\/uploads\\\/2019\\\/07\\\/LOGONAMING-TRANSP.png\",\"width\":1573,\"height\":431,\"caption\":\"Mantenimiento Perif\u00e9ricos Inform\u00e1ticos\"},\"image\":{\"@id\":\"https:\\\/\\\/mpi.com.es\\\/fr\\\/#\\\/schema\\\/logo\\\/image\\\/\"},\"sameAs\":[\"https:\\\/\\\/www.facebook.com\\\/p\\\/Mantenimiento-Perifricos-Informticos-100069020438303\"]}]}<\/script>\n<!-- \/ Yoast SEO Premium plugin. -->","yoast_head_json":{"title":"Imprimante matricielle professionnelle PP405 PSI 5 entr\u00e9es 3 sorties MPI","description":"Imprimante matricielle PP405 PSI Papier continu PSI \u00c9mulations IPDS IGP PGL Genicom Impression ANSI DEC DUA, Cinq entr\u00e9es papier et trois sorties papier continu et feuilles simples, documents multicopies \u00e0 une vitesse d'impression de 600 cps (caract\u00e8res par seconde) et performances de 500 pages par heure.","robots":{"index":"index","follow":"follow","max-snippet":"max-snippet:-1","max-image-preview":"max-image-preview:large","max-video-preview":"max-video-preview:-1"},"canonical":"https:\/\/mpi.com.es\/fr\/products\/psi-pp405\/","og_locale":"fr_FR","og_type":"article","og_title":"PSI PP405","og_description":"Imprimante matricielle PP405 PSI Papier continu PSI \u00c9mulations IPDS IGP PGL Genicom Impression ANSI DEC DUA, Cinq entr\u00e9es papier et trois sorties papier continu et feuilles simples, documents multicopies \u00e0 une vitesse d'impression de 600 cps (caract\u00e8res par seconde) et performances de 500 pages par heure.","og_url":"https:\/\/mpi.com.es\/fr\/products\/psi-pp405\/","og_site_name":"MPI Mantenimiento Perif\u00e9ricos Inform\u00e1ticos","article_publisher":"https:\/\/www.facebook.com\/p\/Mantenimiento-Perifricos-Informticos-100069020438303","article_modified_time":"2019-04-28T17:18:12+00:00","og_image":[{"width":264,"height":302,"url":"https:\/\/mpi.com.es\/wp-content\/uploads\/2014\/03\/psi-pp405.jpg","type":"image\/jpeg"}],"schema":{"@context":"https:\/\/schema.org","@graph":[{"@type":"WebPage","@id":"https:\/\/mpi.com.es\/fr\/products\/psi-pp405\/","url":"https:\/\/mpi.com.es\/fr\/products\/psi-pp405\/","name":"Imprimante matricielle professionnelle PP405 PSI 5 entr\u00e9es 3 sorties MPI","isPartOf":{"@id":"https:\/\/mpi.com.es\/fr\/#website"},"primaryImageOfPage":{"@id":"https:\/\/mpi.com.es\/fr\/products\/psi-pp405\/#primaryimage"},"image":{"@id":"https:\/\/mpi.com.es\/fr\/products\/psi-pp405\/#primaryimage"},"thumbnailUrl":"https:\/\/mpi.com.es\/wp-content\/uploads\/2014\/03\/psi-pp405.jpg","datePublished":"2014-03-20T17:24:32+00:00","dateModified":"2019-04-28T17:18:12+00:00","description":"Imprimante matricielle PP405 PSI Papier continu PSI \u00c9mulations IPDS IGP PGL Genicom Impression ANSI DEC DUA, Cinq entr\u00e9es papier et trois sorties papier continu et feuilles simples, documents multicopies \u00e0 une vitesse d'impression de 600 cps (caract\u00e8res par seconde) et performances de 500 pages par heure.","breadcrumb":{"@id":"https:\/\/mpi.com.es\/fr\/products\/psi-pp405\/#breadcrumb"},"inLanguage":"fr-FR","potentialAction":[{"@type":"ReadAction","target":["https:\/\/mpi.com.es\/fr\/products\/psi-pp405\/"]}]},{"@type":"ImageObject","inLanguage":"fr-FR","@id":"https:\/\/mpi.com.es\/fr\/products\/psi-pp405\/#primaryimage","url":"https:\/\/mpi.com.es\/wp-content\/uploads\/2014\/03\/psi-pp405.jpg","contentUrl":"https:\/\/mpi.com.es\/wp-content\/uploads\/2014\/03\/psi-pp405.jpg","width":264,"height":302,"caption":"psi pp405"},{"@type":"BreadcrumbList","@id":"https:\/\/mpi.com.es\/fr\/products\/psi-pp405\/#breadcrumb","itemListElement":[{"@type":"ListItem","position":1,"name":"Portada","item":"https:\/\/mpi.com.es\/fr\/"},{"@type":"ListItem","position":2,"name":"Produits","item":"https:\/\/mpi.com.es\/fr\/products\/"},{"@type":"ListItem","position":3,"name":"PSI PP405"}]},{"@type":"WebSite","@id":"https:\/\/mpi.com.es\/fr\/#website","url":"https:\/\/mpi.com.es\/fr\/","name":"MPI Mantenimiento Perif\u00e9ricos Inform\u00e1ticos","description":"Impresoras Industriales, impresi\u00f3n,alto volumen, mantenimiento, mantenimiento impresoras","publisher":{"@id":"https:\/\/mpi.com.es\/fr\/#organization"},"potentialAction":[{"@type":"SearchAction","target":{"@type":"EntryPoint","urlTemplate":"https:\/\/mpi.com.es\/fr\/?s={search_term_string}"},"query-input":{"@type":"PropertyValueSpecification","valueRequired":true,"valueName":"search_term_string"}}],"inLanguage":"fr-FR"},{"@type":"Organization","@id":"https:\/\/mpi.com.es\/fr\/#organization","name":"Mantenimiento Perif\u00e9ricos Inform\u00e1ticos","url":"https:\/\/mpi.com.es\/fr\/","logo":{"@type":"ImageObject","inLanguage":"fr-FR","@id":"https:\/\/mpi.com.es\/fr\/#\/schema\/logo\/image\/","url":"https:\/\/mpi.com.es\/wp-content\/uploads\/2019\/07\/LOGONAMING-TRANSP.png","contentUrl":"https:\/\/mpi.com.es\/wp-content\/uploads\/2019\/07\/LOGONAMING-TRANSP.png","width":1573,"height":431,"caption":"Mantenimiento Perif\u00e9ricos Inform\u00e1ticos"},"image":{"@id":"https:\/\/mpi.com.es\/fr\/#\/schema\/logo\/image\/"},"sameAs":["https:\/\/www.facebook.com\/p\/Mantenimiento-Perifricos-Informticos-100069020438303"]}]}},"_links":{"self":[{"href":"https:\/\/mpi.com.es\/fr\/wp-json\/wp\/v2\/product\/5132","targetHints":{"allow":["GET"]}}],"collection":[{"href":"https:\/\/mpi.com.es\/fr\/wp-json\/wp\/v2\/product"}],"about":[{"href":"https:\/\/mpi.com.es\/fr\/wp-json\/wp\/v2\/types\/product"}],"wp:featuredmedia":[{"embeddable":true,"href":"https:\/\/mpi.com.es\/fr\/wp-json\/wp\/v2\/media\/7115"}],"wp:attachment":[{"href":"https:\/\/mpi.com.es\/fr\/wp-json\/wp\/v2\/media?parent=5132"}],"wp:term":[{"taxonomy":"brand","embeddable":true,"href":"https:\/\/mpi.com.es\/fr\/wp-json\/wp\/v2\/brand?post=5132"},{"taxonomy":"family","embeddable":true,"href":"https:\/\/mpi.com.es\/fr\/wp-json\/wp\/v2\/family?post=5132"},{"taxonomy":"support","embeddable":true,"href":"https:\/\/mpi.com.es\/fr\/wp-json\/wp\/v2\/support?post=5132"},{"taxonomy":"technology","embeddable":true,"href":"https:\/\/mpi.com.es\/fr\/wp-json\/wp\/v2\/technology?post=5132"},{"taxonomy":"feature","embeddable":true,"href":"https:\/\/mpi.com.es\/fr\/wp-json\/wp\/v2\/feature?post=5132"}],"curies":[{"name":"wp","href":"https:\/\/api.w.org\/{rel}","templated":true}]}}