{"id":5130,"date":"2014-03-20T18:25:10","date_gmt":"2014-03-20T17:25:10","guid":{"rendered":"https:\/\/mpi.com.es\/products\/psi-pp407\/"},"modified":"2019-04-28T20:49:58","modified_gmt":"2019-04-28T18:49:58","slug":"psi-pp407","status":"publish","type":"product","link":"https:\/\/mpi.com.es\/fr\/products\/psi-pp407\/","title":{"rendered":"PSI PP407"},"content":{"rendered":"","protected":false},"featured_media":7118,"template":"","meta":{"_acf_changed":false},"brand":[20,737],"family":[140,3,837,844],"support":[171,49,813],"technology":[41,806],"feature":[],"class_list":["post-5130","product","type-product","status-publish","has-post-thumbnail","hentry","brand-psi","brand-psi-fr","family-impresoras-matriciales","family-impresoras-industriales","family-imprimantes-industrielles","family-imprimantes-matricielles","support-papel-continuo-zigzag","support-papel-suelto","support-papier-continu","technology-matricial","technology-matricielle-serie"],"acf":[],"yoast_head":"<!-- This site is optimized with the Yoast SEO Premium plugin v26.5 (Yoast SEO v27.4) - https:\/\/yoast.com\/product\/yoast-seo-premium-wordpress\/ -->\n<title>PSI PP407 Imprimante Matricielle papier continu 750 Pages \/ Heure<\/title>\n<meta name=\"description\" content=\"PSI PP407 Imprimante hautes performances con\u00e7ue pour l\u2019impression par lots, codes \u00e0 barres, \u00e9tiquettes et de formulaires multiples \u00e0 faible co\u00fbt par page\" \/>\n<meta name=\"robots\" content=\"index, follow, max-snippet:-1, max-image-preview:large, max-video-preview:-1\" \/>\n<link rel=\"canonical\" href=\"https:\/\/mpi.com.es\/fr\/products\/psi-pp407\/\" \/>\n<meta property=\"og:locale\" content=\"fr_FR\" \/>\n<meta property=\"og:type\" content=\"article\" \/>\n<meta property=\"og:title\" content=\"PSI PP407\" \/>\n<meta property=\"og:description\" content=\"PSI PP407 Imprimante hautes performances con\u00e7ue pour l\u2019impression par lots, codes \u00e0 barres, \u00e9tiquettes et de formulaires multiples \u00e0 faible co\u00fbt par page\" \/>\n<meta property=\"og:url\" content=\"https:\/\/mpi.com.es\/fr\/products\/psi-pp407\/\" \/>\n<meta property=\"og:site_name\" content=\"MPI Mantenimiento Perif\u00e9ricos Inform\u00e1ticos\" \/>\n<meta property=\"article:publisher\" content=\"https:\/\/www.facebook.com\/p\/Mantenimiento-Perifricos-Informticos-100069020438303\" \/>\n<meta property=\"article:modified_time\" content=\"2019-04-28T18:49:58+00:00\" \/>\n<meta property=\"og:image\" content=\"https:\/\/mpi.com.es\/wp-content\/uploads\/2014\/03\/PSI-PP407-707-248-01001-2.png\" \/>\n\t<meta property=\"og:image:width\" content=\"267\" \/>\n\t<meta property=\"og:image:height\" content=\"280\" \/>\n\t<meta property=\"og:image:type\" content=\"image\/png\" \/>\n<script type=\"application\/ld+json\" class=\"yoast-schema-graph\">{\"@context\":\"https:\\\/\\\/schema.org\",\"@graph\":[{\"@type\":\"WebPage\",\"@id\":\"https:\\\/\\\/mpi.com.es\\\/fr\\\/products\\\/psi-pp407\\\/\",\"url\":\"https:\\\/\\\/mpi.com.es\\\/fr\\\/products\\\/psi-pp407\\\/\",\"name\":\"PSI PP407 Imprimante Matricielle papier continu 750 Pages \\\/ Heure\",\"isPartOf\":{\"@id\":\"https:\\\/\\\/mpi.com.es\\\/fr\\\/#website\"},\"primaryImageOfPage\":{\"@id\":\"https:\\\/\\\/mpi.com.es\\\/fr\\\/products\\\/psi-pp407\\\/#primaryimage\"},\"image\":{\"@id\":\"https:\\\/\\\/mpi.com.es\\\/fr\\\/products\\\/psi-pp407\\\/#primaryimage\"},\"thumbnailUrl\":\"https:\\\/\\\/mpi.com.es\\\/wp-content\\\/uploads\\\/2014\\\/03\\\/PSI-PP407-707-248-01001-2.png\",\"datePublished\":\"2014-03-20T17:25:10+00:00\",\"dateModified\":\"2019-04-28T18:49:58+00:00\",\"description\":\"PSI PP407 Imprimante hautes performances con\u00e7ue pour l\u2019impression par lots, codes \u00e0 barres, \u00e9tiquettes et de formulaires multiples \u00e0 faible co\u00fbt par page\",\"breadcrumb\":{\"@id\":\"https:\\\/\\\/mpi.com.es\\\/fr\\\/products\\\/psi-pp407\\\/#breadcrumb\"},\"inLanguage\":\"fr-FR\",\"potentialAction\":[{\"@type\":\"ReadAction\",\"target\":[\"https:\\\/\\\/mpi.com.es\\\/fr\\\/products\\\/psi-pp407\\\/\"]}]},{\"@type\":\"ImageObject\",\"inLanguage\":\"fr-FR\",\"@id\":\"https:\\\/\\\/mpi.com.es\\\/fr\\\/products\\\/psi-pp407\\\/#primaryimage\",\"url\":\"https:\\\/\\\/mpi.com.es\\\/wp-content\\\/uploads\\\/2014\\\/03\\\/PSI-PP407-707-248-01001-2.png\",\"contentUrl\":\"https:\\\/\\\/mpi.com.es\\\/wp-content\\\/uploads\\\/2014\\\/03\\\/PSI-PP407-707-248-01001-2.png\",\"width\":267,\"height\":280,\"caption\":\"psi pp407\"},{\"@type\":\"BreadcrumbList\",\"@id\":\"https:\\\/\\\/mpi.com.es\\\/fr\\\/products\\\/psi-pp407\\\/#breadcrumb\",\"itemListElement\":[{\"@type\":\"ListItem\",\"position\":1,\"name\":\"Portada\",\"item\":\"https:\\\/\\\/mpi.com.es\\\/fr\\\/\"},{\"@type\":\"ListItem\",\"position\":2,\"name\":\"Produits\",\"item\":\"https:\\\/\\\/mpi.com.es\\\/fr\\\/products\\\/\"},{\"@type\":\"ListItem\",\"position\":3,\"name\":\"PSI PP407\"}]},{\"@type\":\"WebSite\",\"@id\":\"https:\\\/\\\/mpi.com.es\\\/fr\\\/#website\",\"url\":\"https:\\\/\\\/mpi.com.es\\\/fr\\\/\",\"name\":\"MPI Mantenimiento Perif\u00e9ricos Inform\u00e1ticos\",\"description\":\"Impresoras Industriales, impresi\u00f3n,alto volumen, mantenimiento, mantenimiento impresoras\",\"publisher\":{\"@id\":\"https:\\\/\\\/mpi.com.es\\\/fr\\\/#organization\"},\"potentialAction\":[{\"@type\":\"SearchAction\",\"target\":{\"@type\":\"EntryPoint\",\"urlTemplate\":\"https:\\\/\\\/mpi.com.es\\\/fr\\\/?s={search_term_string}\"},\"query-input\":{\"@type\":\"PropertyValueSpecification\",\"valueRequired\":true,\"valueName\":\"search_term_string\"}}],\"inLanguage\":\"fr-FR\"},{\"@type\":\"Organization\",\"@id\":\"https:\\\/\\\/mpi.com.es\\\/fr\\\/#organization\",\"name\":\"Mantenimiento Perif\u00e9ricos Inform\u00e1ticos\",\"url\":\"https:\\\/\\\/mpi.com.es\\\/fr\\\/\",\"logo\":{\"@type\":\"ImageObject\",\"inLanguage\":\"fr-FR\",\"@id\":\"https:\\\/\\\/mpi.com.es\\\/fr\\\/#\\\/schema\\\/logo\\\/image\\\/\",\"url\":\"https:\\\/\\\/mpi.com.es\\\/wp-content\\\/uploads\\\/2019\\\/07\\\/LOGONAMING-TRANSP.png\",\"contentUrl\":\"https:\\\/\\\/mpi.com.es\\\/wp-content\\\/uploads\\\/2019\\\/07\\\/LOGONAMING-TRANSP.png\",\"width\":1573,\"height\":431,\"caption\":\"Mantenimiento Perif\u00e9ricos Inform\u00e1ticos\"},\"image\":{\"@id\":\"https:\\\/\\\/mpi.com.es\\\/fr\\\/#\\\/schema\\\/logo\\\/image\\\/\"},\"sameAs\":[\"https:\\\/\\\/www.facebook.com\\\/p\\\/Mantenimiento-Perifricos-Informticos-100069020438303\"]}]}<\/script>\n<!-- \/ Yoast SEO Premium plugin. -->","yoast_head_json":{"title":"PSI PP407 Imprimante Matricielle papier continu 750 Pages \/ Heure","description":"PSI PP407 Imprimante hautes performances con\u00e7ue pour l\u2019impression par lots, codes \u00e0 barres, \u00e9tiquettes et de formulaires multiples \u00e0 faible co\u00fbt par page","robots":{"index":"index","follow":"follow","max-snippet":"max-snippet:-1","max-image-preview":"max-image-preview:large","max-video-preview":"max-video-preview:-1"},"canonical":"https:\/\/mpi.com.es\/fr\/products\/psi-pp407\/","og_locale":"fr_FR","og_type":"article","og_title":"PSI PP407","og_description":"PSI PP407 Imprimante hautes performances con\u00e7ue pour l\u2019impression par lots, codes \u00e0 barres, \u00e9tiquettes et de formulaires multiples \u00e0 faible co\u00fbt par page","og_url":"https:\/\/mpi.com.es\/fr\/products\/psi-pp407\/","og_site_name":"MPI Mantenimiento Perif\u00e9ricos Inform\u00e1ticos","article_publisher":"https:\/\/www.facebook.com\/p\/Mantenimiento-Perifricos-Informticos-100069020438303","article_modified_time":"2019-04-28T18:49:58+00:00","og_image":[{"width":267,"height":280,"url":"https:\/\/mpi.com.es\/wp-content\/uploads\/2014\/03\/PSI-PP407-707-248-01001-2.png","type":"image\/png"}],"schema":{"@context":"https:\/\/schema.org","@graph":[{"@type":"WebPage","@id":"https:\/\/mpi.com.es\/fr\/products\/psi-pp407\/","url":"https:\/\/mpi.com.es\/fr\/products\/psi-pp407\/","name":"PSI PP407 Imprimante Matricielle papier continu 750 Pages \/ Heure","isPartOf":{"@id":"https:\/\/mpi.com.es\/fr\/#website"},"primaryImageOfPage":{"@id":"https:\/\/mpi.com.es\/fr\/products\/psi-pp407\/#primaryimage"},"image":{"@id":"https:\/\/mpi.com.es\/fr\/products\/psi-pp407\/#primaryimage"},"thumbnailUrl":"https:\/\/mpi.com.es\/wp-content\/uploads\/2014\/03\/PSI-PP407-707-248-01001-2.png","datePublished":"2014-03-20T17:25:10+00:00","dateModified":"2019-04-28T18:49:58+00:00","description":"PSI PP407 Imprimante hautes performances con\u00e7ue pour l\u2019impression par lots, codes \u00e0 barres, \u00e9tiquettes et de formulaires multiples \u00e0 faible co\u00fbt par page","breadcrumb":{"@id":"https:\/\/mpi.com.es\/fr\/products\/psi-pp407\/#breadcrumb"},"inLanguage":"fr-FR","potentialAction":[{"@type":"ReadAction","target":["https:\/\/mpi.com.es\/fr\/products\/psi-pp407\/"]}]},{"@type":"ImageObject","inLanguage":"fr-FR","@id":"https:\/\/mpi.com.es\/fr\/products\/psi-pp407\/#primaryimage","url":"https:\/\/mpi.com.es\/wp-content\/uploads\/2014\/03\/PSI-PP407-707-248-01001-2.png","contentUrl":"https:\/\/mpi.com.es\/wp-content\/uploads\/2014\/03\/PSI-PP407-707-248-01001-2.png","width":267,"height":280,"caption":"psi pp407"},{"@type":"BreadcrumbList","@id":"https:\/\/mpi.com.es\/fr\/products\/psi-pp407\/#breadcrumb","itemListElement":[{"@type":"ListItem","position":1,"name":"Portada","item":"https:\/\/mpi.com.es\/fr\/"},{"@type":"ListItem","position":2,"name":"Produits","item":"https:\/\/mpi.com.es\/fr\/products\/"},{"@type":"ListItem","position":3,"name":"PSI PP407"}]},{"@type":"WebSite","@id":"https:\/\/mpi.com.es\/fr\/#website","url":"https:\/\/mpi.com.es\/fr\/","name":"MPI Mantenimiento Perif\u00e9ricos Inform\u00e1ticos","description":"Impresoras Industriales, impresi\u00f3n,alto volumen, mantenimiento, mantenimiento impresoras","publisher":{"@id":"https:\/\/mpi.com.es\/fr\/#organization"},"potentialAction":[{"@type":"SearchAction","target":{"@type":"EntryPoint","urlTemplate":"https:\/\/mpi.com.es\/fr\/?s={search_term_string}"},"query-input":{"@type":"PropertyValueSpecification","valueRequired":true,"valueName":"search_term_string"}}],"inLanguage":"fr-FR"},{"@type":"Organization","@id":"https:\/\/mpi.com.es\/fr\/#organization","name":"Mantenimiento Perif\u00e9ricos Inform\u00e1ticos","url":"https:\/\/mpi.com.es\/fr\/","logo":{"@type":"ImageObject","inLanguage":"fr-FR","@id":"https:\/\/mpi.com.es\/fr\/#\/schema\/logo\/image\/","url":"https:\/\/mpi.com.es\/wp-content\/uploads\/2019\/07\/LOGONAMING-TRANSP.png","contentUrl":"https:\/\/mpi.com.es\/wp-content\/uploads\/2019\/07\/LOGONAMING-TRANSP.png","width":1573,"height":431,"caption":"Mantenimiento Perif\u00e9ricos Inform\u00e1ticos"},"image":{"@id":"https:\/\/mpi.com.es\/fr\/#\/schema\/logo\/image\/"},"sameAs":["https:\/\/www.facebook.com\/p\/Mantenimiento-Perifricos-Informticos-100069020438303"]}]}},"_links":{"self":[{"href":"https:\/\/mpi.com.es\/fr\/wp-json\/wp\/v2\/product\/5130","targetHints":{"allow":["GET"]}}],"collection":[{"href":"https:\/\/mpi.com.es\/fr\/wp-json\/wp\/v2\/product"}],"about":[{"href":"https:\/\/mpi.com.es\/fr\/wp-json\/wp\/v2\/types\/product"}],"wp:featuredmedia":[{"embeddable":true,"href":"https:\/\/mpi.com.es\/fr\/wp-json\/wp\/v2\/media\/7118"}],"wp:attachment":[{"href":"https:\/\/mpi.com.es\/fr\/wp-json\/wp\/v2\/media?parent=5130"}],"wp:term":[{"taxonomy":"brand","embeddable":true,"href":"https:\/\/mpi.com.es\/fr\/wp-json\/wp\/v2\/brand?post=5130"},{"taxonomy":"family","embeddable":true,"href":"https:\/\/mpi.com.es\/fr\/wp-json\/wp\/v2\/family?post=5130"},{"taxonomy":"support","embeddable":true,"href":"https:\/\/mpi.com.es\/fr\/wp-json\/wp\/v2\/support?post=5130"},{"taxonomy":"technology","embeddable":true,"href":"https:\/\/mpi.com.es\/fr\/wp-json\/wp\/v2\/technology?post=5130"},{"taxonomy":"feature","embeddable":true,"href":"https:\/\/mpi.com.es\/fr\/wp-json\/wp\/v2\/feature?post=5130"}],"curies":[{"name":"wp","href":"https:\/\/api.w.org\/{rel}","templated":true}]}}