{"id":5083,"date":"2015-06-09T19:00:05","date_gmt":"2015-06-09T17:00:05","guid":{"rendered":"https:\/\/mpi.com.es\/products\/impresora-tally-t2380\/"},"modified":"2019-04-28T10:05:43","modified_gmt":"2019-04-28T08:05:43","slug":"impresora-tally-t2380","status":"publish","type":"product","link":"https:\/\/mpi.com.es\/fr\/products\/impresora-tally-t2380\/","title":{"rendered":"Tally T2380"},"content":{"rendered":"","protected":false},"featured_media":7144,"template":"","meta":{"_acf_changed":false},"brand":[761],"family":[835,856,844],"support":[813,817],"technology":[806],"feature":[915],"class_list":["post-5083","product","type-product","status-publish","has-post-thumbnail","hentry","brand-tally-fr","family-imprimantes","family-imprimantes-de-bureau","family-imprimantes-matricielles","support-papier-continu","support-papier-feuille-a-feuille","technology-matricielle-serie","feature-largeur-impression-136-col-fr"],"acf":[],"yoast_head":"<!-- This site is optimized with the Yoast SEO Premium plugin v26.5 (Yoast SEO v27.4) - https:\/\/yoast.com\/product\/yoast-seo-premium-wordpress\/ -->\n<title>Tally T2380 d\u00e9velopp\u00e9 sp\u00e9cialement pour les applications industrielles.<\/title>\n<meta name=\"description\" content=\"Tally T2380 est une imprimante matricielle enti\u00e8rement automatis\u00e9e offrant des performances \u00e9lev\u00e9es et une charge de travail de 48000 pages \/ mois. d\u00e9velopp\u00e9 pour les applications industrielles. T\u00eate de 24 aiguilles, formulaires jusqu\u2019\u00e0 6 exemplaires et contraste \u00e9lev\u00e9, option de coupe et \u00e9mulation IGP. en vente ici.\" \/>\n<meta name=\"robots\" content=\"index, follow, max-snippet:-1, max-image-preview:large, max-video-preview:-1\" \/>\n<link rel=\"canonical\" href=\"https:\/\/mpi.com.es\/fr\/products\/impresora-tally-t2380\/\" \/>\n<meta property=\"og:locale\" content=\"fr_FR\" \/>\n<meta property=\"og:type\" content=\"article\" \/>\n<meta property=\"og:title\" content=\"Tally T2380\" \/>\n<meta property=\"og:description\" content=\"Tally T2380 est une imprimante matricielle enti\u00e8rement automatis\u00e9e offrant des performances \u00e9lev\u00e9es et une charge de travail de 48000 pages \/ mois. d\u00e9velopp\u00e9 pour les applications industrielles. T\u00eate de 24 aiguilles, formulaires jusqu\u2019\u00e0 6 exemplaires et contraste \u00e9lev\u00e9, option de coupe et \u00e9mulation IGP. en vente ici.\" \/>\n<meta property=\"og:url\" content=\"https:\/\/mpi.com.es\/fr\/products\/impresora-tally-t2380\/\" \/>\n<meta property=\"og:site_name\" content=\"MPI Mantenimiento Perif\u00e9ricos Inform\u00e1ticos\" \/>\n<meta property=\"article:publisher\" content=\"https:\/\/www.facebook.com\/p\/Mantenimiento-Perifricos-Informticos-100069020438303\" \/>\n<meta property=\"article:modified_time\" content=\"2019-04-28T08:05:43+00:00\" \/>\n<meta property=\"og:image\" content=\"https:\/\/mpi.com.es\/wp-content\/uploads\/2015\/06\/tally-t2380-front-258-X-280.jpg\" \/>\n\t<meta property=\"og:image:width\" content=\"254\" \/>\n\t<meta property=\"og:image:height\" content=\"288\" \/>\n\t<meta property=\"og:image:type\" content=\"image\/jpeg\" \/>\n<script type=\"application\/ld+json\" class=\"yoast-schema-graph\">{\"@context\":\"https:\\\/\\\/schema.org\",\"@graph\":[{\"@type\":\"WebPage\",\"@id\":\"https:\\\/\\\/mpi.com.es\\\/fr\\\/products\\\/impresora-tally-t2380\\\/\",\"url\":\"https:\\\/\\\/mpi.com.es\\\/fr\\\/products\\\/impresora-tally-t2380\\\/\",\"name\":\"Tally T2380 d\u00e9velopp\u00e9 sp\u00e9cialement pour les applications industrielles.\",\"isPartOf\":{\"@id\":\"https:\\\/\\\/mpi.com.es\\\/fr\\\/#website\"},\"primaryImageOfPage\":{\"@id\":\"https:\\\/\\\/mpi.com.es\\\/fr\\\/products\\\/impresora-tally-t2380\\\/#primaryimage\"},\"image\":{\"@id\":\"https:\\\/\\\/mpi.com.es\\\/fr\\\/products\\\/impresora-tally-t2380\\\/#primaryimage\"},\"thumbnailUrl\":\"https:\\\/\\\/mpi.com.es\\\/wp-content\\\/uploads\\\/2015\\\/06\\\/tally-t2380-front-258-X-280.jpg\",\"datePublished\":\"2015-06-09T17:00:05+00:00\",\"dateModified\":\"2019-04-28T08:05:43+00:00\",\"description\":\"Tally T2380 est une imprimante matricielle enti\u00e8rement automatis\u00e9e offrant des performances \u00e9lev\u00e9es et une charge de travail de 48000 pages \\\/ mois. d\u00e9velopp\u00e9 pour les applications industrielles. T\u00eate de 24 aiguilles, formulaires jusqu\u2019\u00e0 6 exemplaires et contraste \u00e9lev\u00e9, option de coupe et \u00e9mulation IGP. en vente ici.\",\"breadcrumb\":{\"@id\":\"https:\\\/\\\/mpi.com.es\\\/fr\\\/products\\\/impresora-tally-t2380\\\/#breadcrumb\"},\"inLanguage\":\"fr-FR\",\"potentialAction\":[{\"@type\":\"ReadAction\",\"target\":[\"https:\\\/\\\/mpi.com.es\\\/fr\\\/products\\\/impresora-tally-t2380\\\/\"]}]},{\"@type\":\"ImageObject\",\"inLanguage\":\"fr-FR\",\"@id\":\"https:\\\/\\\/mpi.com.es\\\/fr\\\/products\\\/impresora-tally-t2380\\\/#primaryimage\",\"url\":\"https:\\\/\\\/mpi.com.es\\\/wp-content\\\/uploads\\\/2015\\\/06\\\/tally-t2380-front-258-X-280.jpg\",\"contentUrl\":\"https:\\\/\\\/mpi.com.es\\\/wp-content\\\/uploads\\\/2015\\\/06\\\/tally-t2380-front-258-X-280.jpg\",\"width\":254,\"height\":288,\"caption\":\"TALLY T2380\"},{\"@type\":\"BreadcrumbList\",\"@id\":\"https:\\\/\\\/mpi.com.es\\\/fr\\\/products\\\/impresora-tally-t2380\\\/#breadcrumb\",\"itemListElement\":[{\"@type\":\"ListItem\",\"position\":1,\"name\":\"Portada\",\"item\":\"https:\\\/\\\/mpi.com.es\\\/fr\\\/\"},{\"@type\":\"ListItem\",\"position\":2,\"name\":\"Produits\",\"item\":\"https:\\\/\\\/mpi.com.es\\\/fr\\\/products\\\/\"},{\"@type\":\"ListItem\",\"position\":3,\"name\":\"Tally T2380\"}]},{\"@type\":\"WebSite\",\"@id\":\"https:\\\/\\\/mpi.com.es\\\/fr\\\/#website\",\"url\":\"https:\\\/\\\/mpi.com.es\\\/fr\\\/\",\"name\":\"MPI Mantenimiento Perif\u00e9ricos Inform\u00e1ticos\",\"description\":\"Impresoras Industriales, impresi\u00f3n,alto volumen, mantenimiento, mantenimiento impresoras\",\"publisher\":{\"@id\":\"https:\\\/\\\/mpi.com.es\\\/fr\\\/#organization\"},\"potentialAction\":[{\"@type\":\"SearchAction\",\"target\":{\"@type\":\"EntryPoint\",\"urlTemplate\":\"https:\\\/\\\/mpi.com.es\\\/fr\\\/?s={search_term_string}\"},\"query-input\":{\"@type\":\"PropertyValueSpecification\",\"valueRequired\":true,\"valueName\":\"search_term_string\"}}],\"inLanguage\":\"fr-FR\"},{\"@type\":\"Organization\",\"@id\":\"https:\\\/\\\/mpi.com.es\\\/fr\\\/#organization\",\"name\":\"Mantenimiento Perif\u00e9ricos Inform\u00e1ticos\",\"url\":\"https:\\\/\\\/mpi.com.es\\\/fr\\\/\",\"logo\":{\"@type\":\"ImageObject\",\"inLanguage\":\"fr-FR\",\"@id\":\"https:\\\/\\\/mpi.com.es\\\/fr\\\/#\\\/schema\\\/logo\\\/image\\\/\",\"url\":\"https:\\\/\\\/mpi.com.es\\\/wp-content\\\/uploads\\\/2019\\\/07\\\/LOGONAMING-TRANSP.png\",\"contentUrl\":\"https:\\\/\\\/mpi.com.es\\\/wp-content\\\/uploads\\\/2019\\\/07\\\/LOGONAMING-TRANSP.png\",\"width\":1573,\"height\":431,\"caption\":\"Mantenimiento Perif\u00e9ricos Inform\u00e1ticos\"},\"image\":{\"@id\":\"https:\\\/\\\/mpi.com.es\\\/fr\\\/#\\\/schema\\\/logo\\\/image\\\/\"},\"sameAs\":[\"https:\\\/\\\/www.facebook.com\\\/p\\\/Mantenimiento-Perifricos-Informticos-100069020438303\"]}]}<\/script>\n<!-- \/ Yoast SEO Premium plugin. -->","yoast_head_json":{"title":"Tally T2380 d\u00e9velopp\u00e9 sp\u00e9cialement pour les applications industrielles.","description":"Tally T2380 est une imprimante matricielle enti\u00e8rement automatis\u00e9e offrant des performances \u00e9lev\u00e9es et une charge de travail de 48000 pages \/ mois. d\u00e9velopp\u00e9 pour les applications industrielles. T\u00eate de 24 aiguilles, formulaires jusqu\u2019\u00e0 6 exemplaires et contraste \u00e9lev\u00e9, option de coupe et \u00e9mulation IGP. en vente ici.","robots":{"index":"index","follow":"follow","max-snippet":"max-snippet:-1","max-image-preview":"max-image-preview:large","max-video-preview":"max-video-preview:-1"},"canonical":"https:\/\/mpi.com.es\/fr\/products\/impresora-tally-t2380\/","og_locale":"fr_FR","og_type":"article","og_title":"Tally T2380","og_description":"Tally T2380 est une imprimante matricielle enti\u00e8rement automatis\u00e9e offrant des performances \u00e9lev\u00e9es et une charge de travail de 48000 pages \/ mois. d\u00e9velopp\u00e9 pour les applications industrielles. T\u00eate de 24 aiguilles, formulaires jusqu\u2019\u00e0 6 exemplaires et contraste \u00e9lev\u00e9, option de coupe et \u00e9mulation IGP. en vente ici.","og_url":"https:\/\/mpi.com.es\/fr\/products\/impresora-tally-t2380\/","og_site_name":"MPI Mantenimiento Perif\u00e9ricos Inform\u00e1ticos","article_publisher":"https:\/\/www.facebook.com\/p\/Mantenimiento-Perifricos-Informticos-100069020438303","article_modified_time":"2019-04-28T08:05:43+00:00","og_image":[{"width":254,"height":288,"url":"https:\/\/mpi.com.es\/wp-content\/uploads\/2015\/06\/tally-t2380-front-258-X-280.jpg","type":"image\/jpeg"}],"schema":{"@context":"https:\/\/schema.org","@graph":[{"@type":"WebPage","@id":"https:\/\/mpi.com.es\/fr\/products\/impresora-tally-t2380\/","url":"https:\/\/mpi.com.es\/fr\/products\/impresora-tally-t2380\/","name":"Tally T2380 d\u00e9velopp\u00e9 sp\u00e9cialement pour les applications industrielles.","isPartOf":{"@id":"https:\/\/mpi.com.es\/fr\/#website"},"primaryImageOfPage":{"@id":"https:\/\/mpi.com.es\/fr\/products\/impresora-tally-t2380\/#primaryimage"},"image":{"@id":"https:\/\/mpi.com.es\/fr\/products\/impresora-tally-t2380\/#primaryimage"},"thumbnailUrl":"https:\/\/mpi.com.es\/wp-content\/uploads\/2015\/06\/tally-t2380-front-258-X-280.jpg","datePublished":"2015-06-09T17:00:05+00:00","dateModified":"2019-04-28T08:05:43+00:00","description":"Tally T2380 est une imprimante matricielle enti\u00e8rement automatis\u00e9e offrant des performances \u00e9lev\u00e9es et une charge de travail de 48000 pages \/ mois. d\u00e9velopp\u00e9 pour les applications industrielles. T\u00eate de 24 aiguilles, formulaires jusqu\u2019\u00e0 6 exemplaires et contraste \u00e9lev\u00e9, option de coupe et \u00e9mulation IGP. en vente ici.","breadcrumb":{"@id":"https:\/\/mpi.com.es\/fr\/products\/impresora-tally-t2380\/#breadcrumb"},"inLanguage":"fr-FR","potentialAction":[{"@type":"ReadAction","target":["https:\/\/mpi.com.es\/fr\/products\/impresora-tally-t2380\/"]}]},{"@type":"ImageObject","inLanguage":"fr-FR","@id":"https:\/\/mpi.com.es\/fr\/products\/impresora-tally-t2380\/#primaryimage","url":"https:\/\/mpi.com.es\/wp-content\/uploads\/2015\/06\/tally-t2380-front-258-X-280.jpg","contentUrl":"https:\/\/mpi.com.es\/wp-content\/uploads\/2015\/06\/tally-t2380-front-258-X-280.jpg","width":254,"height":288,"caption":"TALLY T2380"},{"@type":"BreadcrumbList","@id":"https:\/\/mpi.com.es\/fr\/products\/impresora-tally-t2380\/#breadcrumb","itemListElement":[{"@type":"ListItem","position":1,"name":"Portada","item":"https:\/\/mpi.com.es\/fr\/"},{"@type":"ListItem","position":2,"name":"Produits","item":"https:\/\/mpi.com.es\/fr\/products\/"},{"@type":"ListItem","position":3,"name":"Tally T2380"}]},{"@type":"WebSite","@id":"https:\/\/mpi.com.es\/fr\/#website","url":"https:\/\/mpi.com.es\/fr\/","name":"MPI Mantenimiento Perif\u00e9ricos Inform\u00e1ticos","description":"Impresoras Industriales, impresi\u00f3n,alto volumen, mantenimiento, mantenimiento impresoras","publisher":{"@id":"https:\/\/mpi.com.es\/fr\/#organization"},"potentialAction":[{"@type":"SearchAction","target":{"@type":"EntryPoint","urlTemplate":"https:\/\/mpi.com.es\/fr\/?s={search_term_string}"},"query-input":{"@type":"PropertyValueSpecification","valueRequired":true,"valueName":"search_term_string"}}],"inLanguage":"fr-FR"},{"@type":"Organization","@id":"https:\/\/mpi.com.es\/fr\/#organization","name":"Mantenimiento Perif\u00e9ricos Inform\u00e1ticos","url":"https:\/\/mpi.com.es\/fr\/","logo":{"@type":"ImageObject","inLanguage":"fr-FR","@id":"https:\/\/mpi.com.es\/fr\/#\/schema\/logo\/image\/","url":"https:\/\/mpi.com.es\/wp-content\/uploads\/2019\/07\/LOGONAMING-TRANSP.png","contentUrl":"https:\/\/mpi.com.es\/wp-content\/uploads\/2019\/07\/LOGONAMING-TRANSP.png","width":1573,"height":431,"caption":"Mantenimiento Perif\u00e9ricos Inform\u00e1ticos"},"image":{"@id":"https:\/\/mpi.com.es\/fr\/#\/schema\/logo\/image\/"},"sameAs":["https:\/\/www.facebook.com\/p\/Mantenimiento-Perifricos-Informticos-100069020438303"]}]}},"_links":{"self":[{"href":"https:\/\/mpi.com.es\/fr\/wp-json\/wp\/v2\/product\/5083","targetHints":{"allow":["GET"]}}],"collection":[{"href":"https:\/\/mpi.com.es\/fr\/wp-json\/wp\/v2\/product"}],"about":[{"href":"https:\/\/mpi.com.es\/fr\/wp-json\/wp\/v2\/types\/product"}],"wp:featuredmedia":[{"embeddable":true,"href":"https:\/\/mpi.com.es\/fr\/wp-json\/wp\/v2\/media\/7144"}],"wp:attachment":[{"href":"https:\/\/mpi.com.es\/fr\/wp-json\/wp\/v2\/media?parent=5083"}],"wp:term":[{"taxonomy":"brand","embeddable":true,"href":"https:\/\/mpi.com.es\/fr\/wp-json\/wp\/v2\/brand?post=5083"},{"taxonomy":"family","embeddable":true,"href":"https:\/\/mpi.com.es\/fr\/wp-json\/wp\/v2\/family?post=5083"},{"taxonomy":"support","embeddable":true,"href":"https:\/\/mpi.com.es\/fr\/wp-json\/wp\/v2\/support?post=5083"},{"taxonomy":"technology","embeddable":true,"href":"https:\/\/mpi.com.es\/fr\/wp-json\/wp\/v2\/technology?post=5083"},{"taxonomy":"feature","embeddable":true,"href":"https:\/\/mpi.com.es\/fr\/wp-json\/wp\/v2\/feature?post=5083"}],"curies":[{"name":"wp","href":"https:\/\/api.w.org\/{rel}","templated":true}]}}