{"id":5078,"date":"2015-06-09T19:00:15","date_gmt":"2015-06-09T17:00:15","guid":{"rendered":"https:\/\/mpi.com.es\/products\/impresora-tally-t2150-t2250\/"},"modified":"2019-04-28T10:11:08","modified_gmt":"2019-04-28T08:11:08","slug":"impresora-tally-t2150-t2250","status":"publish","type":"product","link":"https:\/\/mpi.com.es\/fr\/products\/impresora-tally-t2150-t2250\/","title":{"rendered":"Tally T2150 \/ T2250"},"content":{"rendered":"","protected":false},"featured_media":7193,"template":"","meta":{"_acf_changed":false},"brand":[761],"family":[835,856,844],"support":[813,817],"technology":[806],"feature":[917],"class_list":["post-5078","product","type-product","status-publish","has-post-thumbnail","hentry","brand-tally-fr","family-imprimantes","family-imprimantes-de-bureau","family-imprimantes-matricielles","support-papier-continu","support-papier-feuille-a-feuille","technology-matricielle-serie","feature-largeur-impression-80-colonnes-203-mm"],"acf":[],"yoast_head":"<!-- This site is optimized with the Yoast SEO Premium plugin v26.5 (Yoast SEO v27.4) - https:\/\/yoast.com\/product\/yoast-seo-premium-wordpress\/ -->\n<title>Tally T2150 et Tally T2250 haute fiabilit\u00e9, r\u00e9sistant \u00e0 un Excellent Prix<\/title>\n<meta name=\"description\" content=\"Les Tally T2150 et Tally T2250 sont des imprimantes de haute fiabilit\u00e9 et r\u00e9sistance \u00e0 un excellent prix pour fonctionner dans n&#039;importe quel environnement. Avec trois tracteurs d&#039;entr\u00e9e. et entretien facile. 750 cps (430 pages par heure) et des charges de travail allant jusqu&#039;\u00e0 26 000 pages \/ mois, Meilleur prix ici.\" \/>\n<meta name=\"robots\" content=\"index, follow, max-snippet:-1, max-image-preview:large, max-video-preview:-1\" \/>\n<link rel=\"canonical\" href=\"https:\/\/mpi.com.es\/fr\/products\/impresora-tally-t2150-t2250\/\" \/>\n<meta property=\"og:locale\" content=\"fr_FR\" \/>\n<meta property=\"og:type\" content=\"article\" \/>\n<meta property=\"og:title\" content=\"Tally T2150 \/ T2250\" \/>\n<meta property=\"og:description\" content=\"Les Tally T2150 et Tally T2250 sont des imprimantes de haute fiabilit\u00e9 et r\u00e9sistance \u00e0 un excellent prix pour fonctionner dans n&#039;importe quel environnement. Avec trois tracteurs d&#039;entr\u00e9e. et entretien facile. 750 cps (430 pages par heure) et des charges de travail allant jusqu&#039;\u00e0 26 000 pages \/ mois, Meilleur prix ici.\" \/>\n<meta property=\"og:url\" content=\"https:\/\/mpi.com.es\/fr\/products\/impresora-tally-t2150-t2250\/\" \/>\n<meta property=\"og:site_name\" content=\"MPI Mantenimiento Perif\u00e9ricos Inform\u00e1ticos\" \/>\n<meta property=\"article:publisher\" content=\"https:\/\/www.facebook.com\/p\/Mantenimiento-Perifricos-Informticos-100069020438303\" \/>\n<meta property=\"article:modified_time\" content=\"2019-04-28T08:11:08+00:00\" \/>\n<meta property=\"og:image\" content=\"https:\/\/mpi.com.es\/wp-content\/uploads\/2015\/06\/TALLY-T2150-front.png\" \/>\n\t<meta property=\"og:image:width\" content=\"248\" \/>\n\t<meta property=\"og:image:height\" content=\"280\" \/>\n\t<meta property=\"og:image:type\" content=\"image\/png\" \/>\n<script type=\"application\/ld+json\" class=\"yoast-schema-graph\">{\"@context\":\"https:\\\/\\\/schema.org\",\"@graph\":[{\"@type\":\"WebPage\",\"@id\":\"https:\\\/\\\/mpi.com.es\\\/fr\\\/products\\\/impresora-tally-t2150-t2250\\\/\",\"url\":\"https:\\\/\\\/mpi.com.es\\\/fr\\\/products\\\/impresora-tally-t2150-t2250\\\/\",\"name\":\"Tally T2150 et Tally T2250 haute fiabilit\u00e9, r\u00e9sistant \u00e0 un Excellent Prix\",\"isPartOf\":{\"@id\":\"https:\\\/\\\/mpi.com.es\\\/fr\\\/#website\"},\"primaryImageOfPage\":{\"@id\":\"https:\\\/\\\/mpi.com.es\\\/fr\\\/products\\\/impresora-tally-t2150-t2250\\\/#primaryimage\"},\"image\":{\"@id\":\"https:\\\/\\\/mpi.com.es\\\/fr\\\/products\\\/impresora-tally-t2150-t2250\\\/#primaryimage\"},\"thumbnailUrl\":\"https:\\\/\\\/mpi.com.es\\\/wp-content\\\/uploads\\\/2015\\\/06\\\/TALLY-T2150-front.png\",\"datePublished\":\"2015-06-09T17:00:15+00:00\",\"dateModified\":\"2019-04-28T08:11:08+00:00\",\"description\":\"Les Tally T2150 et Tally T2250 sont des imprimantes de haute fiabilit\u00e9 et r\u00e9sistance \u00e0 un excellent prix pour fonctionner dans n'importe quel environnement. Avec trois tracteurs d'entr\u00e9e. et entretien facile. 750 cps (430 pages par heure) et des charges de travail allant jusqu'\u00e0 26 000 pages \\\/ mois, Meilleur prix ici.\",\"breadcrumb\":{\"@id\":\"https:\\\/\\\/mpi.com.es\\\/fr\\\/products\\\/impresora-tally-t2150-t2250\\\/#breadcrumb\"},\"inLanguage\":\"fr-FR\",\"potentialAction\":[{\"@type\":\"ReadAction\",\"target\":[\"https:\\\/\\\/mpi.com.es\\\/fr\\\/products\\\/impresora-tally-t2150-t2250\\\/\"]}]},{\"@type\":\"ImageObject\",\"inLanguage\":\"fr-FR\",\"@id\":\"https:\\\/\\\/mpi.com.es\\\/fr\\\/products\\\/impresora-tally-t2150-t2250\\\/#primaryimage\",\"url\":\"https:\\\/\\\/mpi.com.es\\\/wp-content\\\/uploads\\\/2015\\\/06\\\/TALLY-T2150-front.png\",\"contentUrl\":\"https:\\\/\\\/mpi.com.es\\\/wp-content\\\/uploads\\\/2015\\\/06\\\/TALLY-T2150-front.png\",\"width\":248,\"height\":280},{\"@type\":\"BreadcrumbList\",\"@id\":\"https:\\\/\\\/mpi.com.es\\\/fr\\\/products\\\/impresora-tally-t2150-t2250\\\/#breadcrumb\",\"itemListElement\":[{\"@type\":\"ListItem\",\"position\":1,\"name\":\"Portada\",\"item\":\"https:\\\/\\\/mpi.com.es\\\/fr\\\/\"},{\"@type\":\"ListItem\",\"position\":2,\"name\":\"Produits\",\"item\":\"https:\\\/\\\/mpi.com.es\\\/fr\\\/products\\\/\"},{\"@type\":\"ListItem\",\"position\":3,\"name\":\"Tally T2150 \\\/ T2250\"}]},{\"@type\":\"WebSite\",\"@id\":\"https:\\\/\\\/mpi.com.es\\\/fr\\\/#website\",\"url\":\"https:\\\/\\\/mpi.com.es\\\/fr\\\/\",\"name\":\"MPI Mantenimiento Perif\u00e9ricos Inform\u00e1ticos\",\"description\":\"Impresoras Industriales, impresi\u00f3n,alto volumen, mantenimiento, mantenimiento impresoras\",\"publisher\":{\"@id\":\"https:\\\/\\\/mpi.com.es\\\/fr\\\/#organization\"},\"potentialAction\":[{\"@type\":\"SearchAction\",\"target\":{\"@type\":\"EntryPoint\",\"urlTemplate\":\"https:\\\/\\\/mpi.com.es\\\/fr\\\/?s={search_term_string}\"},\"query-input\":{\"@type\":\"PropertyValueSpecification\",\"valueRequired\":true,\"valueName\":\"search_term_string\"}}],\"inLanguage\":\"fr-FR\"},{\"@type\":\"Organization\",\"@id\":\"https:\\\/\\\/mpi.com.es\\\/fr\\\/#organization\",\"name\":\"Mantenimiento Perif\u00e9ricos Inform\u00e1ticos\",\"url\":\"https:\\\/\\\/mpi.com.es\\\/fr\\\/\",\"logo\":{\"@type\":\"ImageObject\",\"inLanguage\":\"fr-FR\",\"@id\":\"https:\\\/\\\/mpi.com.es\\\/fr\\\/#\\\/schema\\\/logo\\\/image\\\/\",\"url\":\"https:\\\/\\\/mpi.com.es\\\/wp-content\\\/uploads\\\/2019\\\/07\\\/LOGONAMING-TRANSP.png\",\"contentUrl\":\"https:\\\/\\\/mpi.com.es\\\/wp-content\\\/uploads\\\/2019\\\/07\\\/LOGONAMING-TRANSP.png\",\"width\":1573,\"height\":431,\"caption\":\"Mantenimiento Perif\u00e9ricos Inform\u00e1ticos\"},\"image\":{\"@id\":\"https:\\\/\\\/mpi.com.es\\\/fr\\\/#\\\/schema\\\/logo\\\/image\\\/\"},\"sameAs\":[\"https:\\\/\\\/www.facebook.com\\\/p\\\/Mantenimiento-Perifricos-Informticos-100069020438303\"]}]}<\/script>\n<!-- \/ Yoast SEO Premium plugin. -->","yoast_head_json":{"title":"Tally T2150 et Tally T2250 haute fiabilit\u00e9, r\u00e9sistant \u00e0 un Excellent Prix","description":"Les Tally T2150 et Tally T2250 sont des imprimantes de haute fiabilit\u00e9 et r\u00e9sistance \u00e0 un excellent prix pour fonctionner dans n'importe quel environnement. Avec trois tracteurs d'entr\u00e9e. et entretien facile. 750 cps (430 pages par heure) et des charges de travail allant jusqu'\u00e0 26 000 pages \/ mois, Meilleur prix ici.","robots":{"index":"index","follow":"follow","max-snippet":"max-snippet:-1","max-image-preview":"max-image-preview:large","max-video-preview":"max-video-preview:-1"},"canonical":"https:\/\/mpi.com.es\/fr\/products\/impresora-tally-t2150-t2250\/","og_locale":"fr_FR","og_type":"article","og_title":"Tally T2150 \/ T2250","og_description":"Les Tally T2150 et Tally T2250 sont des imprimantes de haute fiabilit\u00e9 et r\u00e9sistance \u00e0 un excellent prix pour fonctionner dans n'importe quel environnement. Avec trois tracteurs d'entr\u00e9e. et entretien facile. 750 cps (430 pages par heure) et des charges de travail allant jusqu'\u00e0 26 000 pages \/ mois, Meilleur prix ici.","og_url":"https:\/\/mpi.com.es\/fr\/products\/impresora-tally-t2150-t2250\/","og_site_name":"MPI Mantenimiento Perif\u00e9ricos Inform\u00e1ticos","article_publisher":"https:\/\/www.facebook.com\/p\/Mantenimiento-Perifricos-Informticos-100069020438303","article_modified_time":"2019-04-28T08:11:08+00:00","og_image":[{"width":248,"height":280,"url":"https:\/\/mpi.com.es\/wp-content\/uploads\/2015\/06\/TALLY-T2150-front.png","type":"image\/png"}],"schema":{"@context":"https:\/\/schema.org","@graph":[{"@type":"WebPage","@id":"https:\/\/mpi.com.es\/fr\/products\/impresora-tally-t2150-t2250\/","url":"https:\/\/mpi.com.es\/fr\/products\/impresora-tally-t2150-t2250\/","name":"Tally T2150 et Tally T2250 haute fiabilit\u00e9, r\u00e9sistant \u00e0 un Excellent Prix","isPartOf":{"@id":"https:\/\/mpi.com.es\/fr\/#website"},"primaryImageOfPage":{"@id":"https:\/\/mpi.com.es\/fr\/products\/impresora-tally-t2150-t2250\/#primaryimage"},"image":{"@id":"https:\/\/mpi.com.es\/fr\/products\/impresora-tally-t2150-t2250\/#primaryimage"},"thumbnailUrl":"https:\/\/mpi.com.es\/wp-content\/uploads\/2015\/06\/TALLY-T2150-front.png","datePublished":"2015-06-09T17:00:15+00:00","dateModified":"2019-04-28T08:11:08+00:00","description":"Les Tally T2150 et Tally T2250 sont des imprimantes de haute fiabilit\u00e9 et r\u00e9sistance \u00e0 un excellent prix pour fonctionner dans n'importe quel environnement. Avec trois tracteurs d'entr\u00e9e. et entretien facile. 750 cps (430 pages par heure) et des charges de travail allant jusqu'\u00e0 26 000 pages \/ mois, Meilleur prix ici.","breadcrumb":{"@id":"https:\/\/mpi.com.es\/fr\/products\/impresora-tally-t2150-t2250\/#breadcrumb"},"inLanguage":"fr-FR","potentialAction":[{"@type":"ReadAction","target":["https:\/\/mpi.com.es\/fr\/products\/impresora-tally-t2150-t2250\/"]}]},{"@type":"ImageObject","inLanguage":"fr-FR","@id":"https:\/\/mpi.com.es\/fr\/products\/impresora-tally-t2150-t2250\/#primaryimage","url":"https:\/\/mpi.com.es\/wp-content\/uploads\/2015\/06\/TALLY-T2150-front.png","contentUrl":"https:\/\/mpi.com.es\/wp-content\/uploads\/2015\/06\/TALLY-T2150-front.png","width":248,"height":280},{"@type":"BreadcrumbList","@id":"https:\/\/mpi.com.es\/fr\/products\/impresora-tally-t2150-t2250\/#breadcrumb","itemListElement":[{"@type":"ListItem","position":1,"name":"Portada","item":"https:\/\/mpi.com.es\/fr\/"},{"@type":"ListItem","position":2,"name":"Produits","item":"https:\/\/mpi.com.es\/fr\/products\/"},{"@type":"ListItem","position":3,"name":"Tally T2150 \/ T2250"}]},{"@type":"WebSite","@id":"https:\/\/mpi.com.es\/fr\/#website","url":"https:\/\/mpi.com.es\/fr\/","name":"MPI Mantenimiento Perif\u00e9ricos Inform\u00e1ticos","description":"Impresoras Industriales, impresi\u00f3n,alto volumen, mantenimiento, mantenimiento impresoras","publisher":{"@id":"https:\/\/mpi.com.es\/fr\/#organization"},"potentialAction":[{"@type":"SearchAction","target":{"@type":"EntryPoint","urlTemplate":"https:\/\/mpi.com.es\/fr\/?s={search_term_string}"},"query-input":{"@type":"PropertyValueSpecification","valueRequired":true,"valueName":"search_term_string"}}],"inLanguage":"fr-FR"},{"@type":"Organization","@id":"https:\/\/mpi.com.es\/fr\/#organization","name":"Mantenimiento Perif\u00e9ricos Inform\u00e1ticos","url":"https:\/\/mpi.com.es\/fr\/","logo":{"@type":"ImageObject","inLanguage":"fr-FR","@id":"https:\/\/mpi.com.es\/fr\/#\/schema\/logo\/image\/","url":"https:\/\/mpi.com.es\/wp-content\/uploads\/2019\/07\/LOGONAMING-TRANSP.png","contentUrl":"https:\/\/mpi.com.es\/wp-content\/uploads\/2019\/07\/LOGONAMING-TRANSP.png","width":1573,"height":431,"caption":"Mantenimiento Perif\u00e9ricos Inform\u00e1ticos"},"image":{"@id":"https:\/\/mpi.com.es\/fr\/#\/schema\/logo\/image\/"},"sameAs":["https:\/\/www.facebook.com\/p\/Mantenimiento-Perifricos-Informticos-100069020438303"]}]}},"_links":{"self":[{"href":"https:\/\/mpi.com.es\/fr\/wp-json\/wp\/v2\/product\/5078","targetHints":{"allow":["GET"]}}],"collection":[{"href":"https:\/\/mpi.com.es\/fr\/wp-json\/wp\/v2\/product"}],"about":[{"href":"https:\/\/mpi.com.es\/fr\/wp-json\/wp\/v2\/types\/product"}],"wp:featuredmedia":[{"embeddable":true,"href":"https:\/\/mpi.com.es\/fr\/wp-json\/wp\/v2\/media\/7193"}],"wp:attachment":[{"href":"https:\/\/mpi.com.es\/fr\/wp-json\/wp\/v2\/media?parent=5078"}],"wp:term":[{"taxonomy":"brand","embeddable":true,"href":"https:\/\/mpi.com.es\/fr\/wp-json\/wp\/v2\/brand?post=5078"},{"taxonomy":"family","embeddable":true,"href":"https:\/\/mpi.com.es\/fr\/wp-json\/wp\/v2\/family?post=5078"},{"taxonomy":"support","embeddable":true,"href":"https:\/\/mpi.com.es\/fr\/wp-json\/wp\/v2\/support?post=5078"},{"taxonomy":"technology","embeddable":true,"href":"https:\/\/mpi.com.es\/fr\/wp-json\/wp\/v2\/technology?post=5078"},{"taxonomy":"feature","embeddable":true,"href":"https:\/\/mpi.com.es\/fr\/wp-json\/wp\/v2\/feature?post=5078"}],"curies":[{"name":"wp","href":"https:\/\/api.w.org\/{rel}","templated":true}]}}