{"id":5076,"date":"2015-06-09T19:00:27","date_gmt":"2015-06-09T17:00:27","guid":{"rendered":"https:\/\/mpi.com.es\/products\/impresora-tally-1125\/"},"modified":"2019-04-28T09:05:43","modified_gmt":"2019-04-28T07:05:43","slug":"impresora-tally-1125","status":"publish","type":"product","link":"https:\/\/mpi.com.es\/fr\/products\/impresora-tally-1125\/","title":{"rendered":"Tally 1125"},"content":{"rendered":"","protected":false},"featured_media":6950,"template":"","meta":{"_acf_changed":false},"brand":[761],"family":[835,856,844],"support":[814],"technology":[806],"feature":[915],"class_list":["post-5076","product","type-product","status-publish","has-post-thumbnail","hentry","brand-tally-fr","family-imprimantes","family-imprimantes-de-bureau","family-imprimantes-matricielles","support-bobine-de-papier-ou-papier-continu","technology-matricielle-serie","feature-largeur-impression-136-col-fr"],"acf":[],"yoast_head":"<!-- This site is optimized with the Yoast SEO Premium plugin v26.5 (Yoast SEO v27.4) - https:\/\/yoast.com\/product\/yoast-seo-premium-wordpress\/ -->\n<title>Tally 1125 - Imprimante matricielle 80 colonnes robuste et \u00e9conomique<\/title>\n<meta name=\"description\" content=\"L\u2019imprimante Tally 1125 est une imprimante matricielle offrant de faibles co\u00fbts, haute qualit\u00e9 et un clavier facile \u00e0 utiliser. son ruban de longue dur\u00e9e conf\u00e8re des co\u00fbts tr\u00e8s r\u00e9duits. Le tracteur arri\u00e8re et le bac d&#039;alimentation lui permettent d&#039;\u00eatre utilis\u00e9 \u00e0 la fois pour papier continu et\u00a0 feuilles a feueille\" \/>\n<meta name=\"robots\" content=\"index, follow, max-snippet:-1, max-image-preview:large, max-video-preview:-1\" \/>\n<link rel=\"canonical\" href=\"https:\/\/mpi.com.es\/fr\/products\/impresora-tally-1125\/\" \/>\n<meta property=\"og:locale\" content=\"fr_FR\" \/>\n<meta property=\"og:type\" content=\"article\" \/>\n<meta property=\"og:title\" content=\"Tally 1125\" \/>\n<meta property=\"og:description\" content=\"L\u2019imprimante Tally 1125 est une imprimante matricielle offrant de faibles co\u00fbts, haute qualit\u00e9 et un clavier facile \u00e0 utiliser. son ruban de longue dur\u00e9e conf\u00e8re des co\u00fbts tr\u00e8s r\u00e9duits. Le tracteur arri\u00e8re et le bac d&#039;alimentation lui permettent d&#039;\u00eatre utilis\u00e9 \u00e0 la fois pour papier continu et\u00a0 feuilles a feueille\" \/>\n<meta property=\"og:url\" content=\"https:\/\/mpi.com.es\/fr\/products\/impresora-tally-1125\/\" \/>\n<meta property=\"og:site_name\" content=\"MPI Mantenimiento Perif\u00e9ricos Inform\u00e1ticos\" \/>\n<meta property=\"article:publisher\" content=\"https:\/\/www.facebook.com\/p\/Mantenimiento-Perifricos-Informticos-100069020438303\" \/>\n<meta property=\"article:modified_time\" content=\"2019-04-28T07:05:43+00:00\" \/>\n<meta property=\"og:image\" content=\"https:\/\/mpi.com.es\/wp-content\/uploads\/2015\/06\/tally-1125-DASCOM_1125_1_M300-1.jpg\" \/>\n\t<meta property=\"og:image:width\" content=\"289\" \/>\n\t<meta property=\"og:image:height\" content=\"277\" \/>\n\t<meta property=\"og:image:type\" content=\"image\/jpeg\" \/>\n<script type=\"application\/ld+json\" class=\"yoast-schema-graph\">{\"@context\":\"https:\\\/\\\/schema.org\",\"@graph\":[{\"@type\":\"WebPage\",\"@id\":\"https:\\\/\\\/mpi.com.es\\\/fr\\\/products\\\/impresora-tally-1125\\\/\",\"url\":\"https:\\\/\\\/mpi.com.es\\\/fr\\\/products\\\/impresora-tally-1125\\\/\",\"name\":\"Tally 1125 - Imprimante matricielle 80 colonnes robuste et \u00e9conomique\",\"isPartOf\":{\"@id\":\"https:\\\/\\\/mpi.com.es\\\/fr\\\/#website\"},\"primaryImageOfPage\":{\"@id\":\"https:\\\/\\\/mpi.com.es\\\/fr\\\/products\\\/impresora-tally-1125\\\/#primaryimage\"},\"image\":{\"@id\":\"https:\\\/\\\/mpi.com.es\\\/fr\\\/products\\\/impresora-tally-1125\\\/#primaryimage\"},\"thumbnailUrl\":\"https:\\\/\\\/mpi.com.es\\\/wp-content\\\/uploads\\\/2015\\\/06\\\/tally-1125-DASCOM_1125_1_M300-1.jpg\",\"datePublished\":\"2015-06-09T17:00:27+00:00\",\"dateModified\":\"2019-04-28T07:05:43+00:00\",\"description\":\"L\u2019imprimante Tally 1125 est une imprimante matricielle offrant de faibles co\u00fbts, haute qualit\u00e9 et un clavier facile \u00e0 utiliser. son ruban de longue dur\u00e9e conf\u00e8re des co\u00fbts tr\u00e8s r\u00e9duits. Le tracteur arri\u00e8re et le bac d'alimentation lui permettent d'\u00eatre utilis\u00e9 \u00e0 la fois pour papier continu et\u00a0 feuilles a feueille\",\"breadcrumb\":{\"@id\":\"https:\\\/\\\/mpi.com.es\\\/fr\\\/products\\\/impresora-tally-1125\\\/#breadcrumb\"},\"inLanguage\":\"fr-FR\",\"potentialAction\":[{\"@type\":\"ReadAction\",\"target\":[\"https:\\\/\\\/mpi.com.es\\\/fr\\\/products\\\/impresora-tally-1125\\\/\"]}]},{\"@type\":\"ImageObject\",\"inLanguage\":\"fr-FR\",\"@id\":\"https:\\\/\\\/mpi.com.es\\\/fr\\\/products\\\/impresora-tally-1125\\\/#primaryimage\",\"url\":\"https:\\\/\\\/mpi.com.es\\\/wp-content\\\/uploads\\\/2015\\\/06\\\/tally-1125-DASCOM_1125_1_M300-1.jpg\",\"contentUrl\":\"https:\\\/\\\/mpi.com.es\\\/wp-content\\\/uploads\\\/2015\\\/06\\\/tally-1125-DASCOM_1125_1_M300-1.jpg\",\"width\":289,\"height\":277,\"caption\":\"tally 1125 -DASCOM_1125_1_M300\"},{\"@type\":\"BreadcrumbList\",\"@id\":\"https:\\\/\\\/mpi.com.es\\\/fr\\\/products\\\/impresora-tally-1125\\\/#breadcrumb\",\"itemListElement\":[{\"@type\":\"ListItem\",\"position\":1,\"name\":\"Portada\",\"item\":\"https:\\\/\\\/mpi.com.es\\\/fr\\\/\"},{\"@type\":\"ListItem\",\"position\":2,\"name\":\"Produits\",\"item\":\"https:\\\/\\\/mpi.com.es\\\/fr\\\/products\\\/\"},{\"@type\":\"ListItem\",\"position\":3,\"name\":\"Tally 1125\"}]},{\"@type\":\"WebSite\",\"@id\":\"https:\\\/\\\/mpi.com.es\\\/fr\\\/#website\",\"url\":\"https:\\\/\\\/mpi.com.es\\\/fr\\\/\",\"name\":\"MPI Mantenimiento Perif\u00e9ricos Inform\u00e1ticos\",\"description\":\"Impresoras Industriales, impresi\u00f3n,alto volumen, mantenimiento, mantenimiento impresoras\",\"publisher\":{\"@id\":\"https:\\\/\\\/mpi.com.es\\\/fr\\\/#organization\"},\"potentialAction\":[{\"@type\":\"SearchAction\",\"target\":{\"@type\":\"EntryPoint\",\"urlTemplate\":\"https:\\\/\\\/mpi.com.es\\\/fr\\\/?s={search_term_string}\"},\"query-input\":{\"@type\":\"PropertyValueSpecification\",\"valueRequired\":true,\"valueName\":\"search_term_string\"}}],\"inLanguage\":\"fr-FR\"},{\"@type\":\"Organization\",\"@id\":\"https:\\\/\\\/mpi.com.es\\\/fr\\\/#organization\",\"name\":\"Mantenimiento Perif\u00e9ricos Inform\u00e1ticos\",\"url\":\"https:\\\/\\\/mpi.com.es\\\/fr\\\/\",\"logo\":{\"@type\":\"ImageObject\",\"inLanguage\":\"fr-FR\",\"@id\":\"https:\\\/\\\/mpi.com.es\\\/fr\\\/#\\\/schema\\\/logo\\\/image\\\/\",\"url\":\"https:\\\/\\\/mpi.com.es\\\/wp-content\\\/uploads\\\/2019\\\/07\\\/LOGONAMING-TRANSP.png\",\"contentUrl\":\"https:\\\/\\\/mpi.com.es\\\/wp-content\\\/uploads\\\/2019\\\/07\\\/LOGONAMING-TRANSP.png\",\"width\":1573,\"height\":431,\"caption\":\"Mantenimiento Perif\u00e9ricos Inform\u00e1ticos\"},\"image\":{\"@id\":\"https:\\\/\\\/mpi.com.es\\\/fr\\\/#\\\/schema\\\/logo\\\/image\\\/\"},\"sameAs\":[\"https:\\\/\\\/www.facebook.com\\\/p\\\/Mantenimiento-Perifricos-Informticos-100069020438303\"]}]}<\/script>\n<!-- \/ Yoast SEO Premium plugin. -->","yoast_head_json":{"title":"Tally 1125 - Imprimante matricielle 80 colonnes robuste et \u00e9conomique","description":"L\u2019imprimante Tally 1125 est une imprimante matricielle offrant de faibles co\u00fbts, haute qualit\u00e9 et un clavier facile \u00e0 utiliser. son ruban de longue dur\u00e9e conf\u00e8re des co\u00fbts tr\u00e8s r\u00e9duits. Le tracteur arri\u00e8re et le bac d'alimentation lui permettent d'\u00eatre utilis\u00e9 \u00e0 la fois pour papier continu et\u00a0 feuilles a feueille","robots":{"index":"index","follow":"follow","max-snippet":"max-snippet:-1","max-image-preview":"max-image-preview:large","max-video-preview":"max-video-preview:-1"},"canonical":"https:\/\/mpi.com.es\/fr\/products\/impresora-tally-1125\/","og_locale":"fr_FR","og_type":"article","og_title":"Tally 1125","og_description":"L\u2019imprimante Tally 1125 est une imprimante matricielle offrant de faibles co\u00fbts, haute qualit\u00e9 et un clavier facile \u00e0 utiliser. son ruban de longue dur\u00e9e conf\u00e8re des co\u00fbts tr\u00e8s r\u00e9duits. Le tracteur arri\u00e8re et le bac d'alimentation lui permettent d'\u00eatre utilis\u00e9 \u00e0 la fois pour papier continu et\u00a0 feuilles a feueille","og_url":"https:\/\/mpi.com.es\/fr\/products\/impresora-tally-1125\/","og_site_name":"MPI Mantenimiento Perif\u00e9ricos Inform\u00e1ticos","article_publisher":"https:\/\/www.facebook.com\/p\/Mantenimiento-Perifricos-Informticos-100069020438303","article_modified_time":"2019-04-28T07:05:43+00:00","og_image":[{"width":289,"height":277,"url":"https:\/\/mpi.com.es\/wp-content\/uploads\/2015\/06\/tally-1125-DASCOM_1125_1_M300-1.jpg","type":"image\/jpeg"}],"schema":{"@context":"https:\/\/schema.org","@graph":[{"@type":"WebPage","@id":"https:\/\/mpi.com.es\/fr\/products\/impresora-tally-1125\/","url":"https:\/\/mpi.com.es\/fr\/products\/impresora-tally-1125\/","name":"Tally 1125 - Imprimante matricielle 80 colonnes robuste et \u00e9conomique","isPartOf":{"@id":"https:\/\/mpi.com.es\/fr\/#website"},"primaryImageOfPage":{"@id":"https:\/\/mpi.com.es\/fr\/products\/impresora-tally-1125\/#primaryimage"},"image":{"@id":"https:\/\/mpi.com.es\/fr\/products\/impresora-tally-1125\/#primaryimage"},"thumbnailUrl":"https:\/\/mpi.com.es\/wp-content\/uploads\/2015\/06\/tally-1125-DASCOM_1125_1_M300-1.jpg","datePublished":"2015-06-09T17:00:27+00:00","dateModified":"2019-04-28T07:05:43+00:00","description":"L\u2019imprimante Tally 1125 est une imprimante matricielle offrant de faibles co\u00fbts, haute qualit\u00e9 et un clavier facile \u00e0 utiliser. son ruban de longue dur\u00e9e conf\u00e8re des co\u00fbts tr\u00e8s r\u00e9duits. Le tracteur arri\u00e8re et le bac d'alimentation lui permettent d'\u00eatre utilis\u00e9 \u00e0 la fois pour papier continu et\u00a0 feuilles a feueille","breadcrumb":{"@id":"https:\/\/mpi.com.es\/fr\/products\/impresora-tally-1125\/#breadcrumb"},"inLanguage":"fr-FR","potentialAction":[{"@type":"ReadAction","target":["https:\/\/mpi.com.es\/fr\/products\/impresora-tally-1125\/"]}]},{"@type":"ImageObject","inLanguage":"fr-FR","@id":"https:\/\/mpi.com.es\/fr\/products\/impresora-tally-1125\/#primaryimage","url":"https:\/\/mpi.com.es\/wp-content\/uploads\/2015\/06\/tally-1125-DASCOM_1125_1_M300-1.jpg","contentUrl":"https:\/\/mpi.com.es\/wp-content\/uploads\/2015\/06\/tally-1125-DASCOM_1125_1_M300-1.jpg","width":289,"height":277,"caption":"tally 1125 -DASCOM_1125_1_M300"},{"@type":"BreadcrumbList","@id":"https:\/\/mpi.com.es\/fr\/products\/impresora-tally-1125\/#breadcrumb","itemListElement":[{"@type":"ListItem","position":1,"name":"Portada","item":"https:\/\/mpi.com.es\/fr\/"},{"@type":"ListItem","position":2,"name":"Produits","item":"https:\/\/mpi.com.es\/fr\/products\/"},{"@type":"ListItem","position":3,"name":"Tally 1125"}]},{"@type":"WebSite","@id":"https:\/\/mpi.com.es\/fr\/#website","url":"https:\/\/mpi.com.es\/fr\/","name":"MPI Mantenimiento Perif\u00e9ricos Inform\u00e1ticos","description":"Impresoras Industriales, impresi\u00f3n,alto volumen, mantenimiento, mantenimiento impresoras","publisher":{"@id":"https:\/\/mpi.com.es\/fr\/#organization"},"potentialAction":[{"@type":"SearchAction","target":{"@type":"EntryPoint","urlTemplate":"https:\/\/mpi.com.es\/fr\/?s={search_term_string}"},"query-input":{"@type":"PropertyValueSpecification","valueRequired":true,"valueName":"search_term_string"}}],"inLanguage":"fr-FR"},{"@type":"Organization","@id":"https:\/\/mpi.com.es\/fr\/#organization","name":"Mantenimiento Perif\u00e9ricos Inform\u00e1ticos","url":"https:\/\/mpi.com.es\/fr\/","logo":{"@type":"ImageObject","inLanguage":"fr-FR","@id":"https:\/\/mpi.com.es\/fr\/#\/schema\/logo\/image\/","url":"https:\/\/mpi.com.es\/wp-content\/uploads\/2019\/07\/LOGONAMING-TRANSP.png","contentUrl":"https:\/\/mpi.com.es\/wp-content\/uploads\/2019\/07\/LOGONAMING-TRANSP.png","width":1573,"height":431,"caption":"Mantenimiento Perif\u00e9ricos Inform\u00e1ticos"},"image":{"@id":"https:\/\/mpi.com.es\/fr\/#\/schema\/logo\/image\/"},"sameAs":["https:\/\/www.facebook.com\/p\/Mantenimiento-Perifricos-Informticos-100069020438303"]}]}},"_links":{"self":[{"href":"https:\/\/mpi.com.es\/fr\/wp-json\/wp\/v2\/product\/5076","targetHints":{"allow":["GET"]}}],"collection":[{"href":"https:\/\/mpi.com.es\/fr\/wp-json\/wp\/v2\/product"}],"about":[{"href":"https:\/\/mpi.com.es\/fr\/wp-json\/wp\/v2\/types\/product"}],"wp:featuredmedia":[{"embeddable":true,"href":"https:\/\/mpi.com.es\/fr\/wp-json\/wp\/v2\/media\/6950"}],"wp:attachment":[{"href":"https:\/\/mpi.com.es\/fr\/wp-json\/wp\/v2\/media?parent=5076"}],"wp:term":[{"taxonomy":"brand","embeddable":true,"href":"https:\/\/mpi.com.es\/fr\/wp-json\/wp\/v2\/brand?post=5076"},{"taxonomy":"family","embeddable":true,"href":"https:\/\/mpi.com.es\/fr\/wp-json\/wp\/v2\/family?post=5076"},{"taxonomy":"support","embeddable":true,"href":"https:\/\/mpi.com.es\/fr\/wp-json\/wp\/v2\/support?post=5076"},{"taxonomy":"technology","embeddable":true,"href":"https:\/\/mpi.com.es\/fr\/wp-json\/wp\/v2\/technology?post=5076"},{"taxonomy":"feature","embeddable":true,"href":"https:\/\/mpi.com.es\/fr\/wp-json\/wp\/v2\/feature?post=5076"}],"curies":[{"name":"wp","href":"https:\/\/api.w.org\/{rel}","templated":true}]}}