{"id":5071,"date":"2015-06-09T19:00:35","date_gmt":"2015-06-09T17:00:35","guid":{"rendered":"https:\/\/mpi.com.es\/products\/impresora-tally-la650-la800\/"},"modified":"2019-04-28T08:39:56","modified_gmt":"2019-04-28T06:39:56","slug":"impresora-tally-la650-la800","status":"publish","type":"product","link":"https:\/\/mpi.com.es\/fr\/products\/impresora-tally-la650-la800\/","title":{"rendered":"Tally LA650+ \/ LA800+"},"content":{"rendered":"","protected":false},"featured_media":7295,"template":"","meta":{"_acf_changed":false},"brand":[761],"family":[835,856,844,828],"support":[813,817],"technology":[806],"feature":[915],"class_list":["post-5071","product","type-product","status-publish","has-post-thumbnail","hentry","brand-tally-fr","family-imprimantes","family-imprimantes-de-bureau","family-imprimantes-matricielles","family-modele-discontinue","support-papier-continu","support-papier-feuille-a-feuille","technology-matricielle-serie","feature-largeur-impression-136-col-fr"],"acf":[],"yoast_head":"<!-- This site is optimized with the Yoast SEO Premium plugin v26.5 (Yoast SEO v27.4) - https:\/\/yoast.com\/product\/yoast-seo-premium-wordpress\/ -->\n<title>Tally LA650+ \/ LA800+ Application industrielle \u00c9mulation DEC - 1000 cps<\/title>\n<meta name=\"description\" content=\"Les mod\u00e8les d&#039;imprimantes Tally LA650+ et LA800+ sont, sans aucun doute, des imprimantes \u00e0 haute vitesse pouvant \u00eatre utilis\u00e9es dans n&#039;importe quelle application industrielle, une grande r\u00e9sistance et fiabilit\u00e9. Langage de commande DEC ANSI PPL2 (y compris les codes \u00e0 barres)\" \/>\n<meta name=\"robots\" content=\"index, follow, max-snippet:-1, max-image-preview:large, max-video-preview:-1\" \/>\n<link rel=\"canonical\" href=\"https:\/\/mpi.com.es\/fr\/products\/impresora-tally-la650-la800\/\" \/>\n<meta property=\"og:locale\" content=\"fr_FR\" \/>\n<meta property=\"og:type\" content=\"article\" \/>\n<meta property=\"og:title\" content=\"Tally LA650+ \/ LA800+\" \/>\n<meta property=\"og:description\" content=\"Les mod\u00e8les d&#039;imprimantes Tally LA650+ et LA800+ sont, sans aucun doute, des imprimantes \u00e0 haute vitesse pouvant \u00eatre utilis\u00e9es dans n&#039;importe quelle application industrielle, une grande r\u00e9sistance et fiabilit\u00e9. Langage de commande DEC ANSI PPL2 (y compris les codes \u00e0 barres)\" \/>\n<meta property=\"og:url\" content=\"https:\/\/mpi.com.es\/fr\/products\/impresora-tally-la650-la800\/\" \/>\n<meta property=\"og:site_name\" content=\"MPI Mantenimiento Perif\u00e9ricos Inform\u00e1ticos\" \/>\n<meta property=\"article:publisher\" content=\"https:\/\/www.facebook.com\/p\/Mantenimiento-Perifricos-Informticos-100069020438303\" \/>\n<meta property=\"article:modified_time\" content=\"2019-04-28T06:39:56+00:00\" \/>\n<meta property=\"og:image\" content=\"https:\/\/mpi.com.es\/wp-content\/uploads\/2015\/06\/TALLY-LA650.png\" \/>\n\t<meta property=\"og:image:width\" content=\"253\" \/>\n\t<meta property=\"og:image:height\" content=\"280\" \/>\n\t<meta property=\"og:image:type\" content=\"image\/png\" \/>\n<script type=\"application\/ld+json\" class=\"yoast-schema-graph\">{\"@context\":\"https:\\\/\\\/schema.org\",\"@graph\":[{\"@type\":\"WebPage\",\"@id\":\"https:\\\/\\\/mpi.com.es\\\/fr\\\/products\\\/impresora-tally-la650-la800\\\/\",\"url\":\"https:\\\/\\\/mpi.com.es\\\/fr\\\/products\\\/impresora-tally-la650-la800\\\/\",\"name\":\"Tally LA650+ \\\/ LA800+ Application industrielle \u00c9mulation DEC - 1000 cps\",\"isPartOf\":{\"@id\":\"https:\\\/\\\/mpi.com.es\\\/fr\\\/#website\"},\"primaryImageOfPage\":{\"@id\":\"https:\\\/\\\/mpi.com.es\\\/fr\\\/products\\\/impresora-tally-la650-la800\\\/#primaryimage\"},\"image\":{\"@id\":\"https:\\\/\\\/mpi.com.es\\\/fr\\\/products\\\/impresora-tally-la650-la800\\\/#primaryimage\"},\"thumbnailUrl\":\"https:\\\/\\\/mpi.com.es\\\/wp-content\\\/uploads\\\/2015\\\/06\\\/TALLY-LA650.png\",\"datePublished\":\"2015-06-09T17:00:35+00:00\",\"dateModified\":\"2019-04-28T06:39:56+00:00\",\"description\":\"Les mod\u00e8les d'imprimantes Tally LA650+ et LA800+ sont, sans aucun doute, des imprimantes \u00e0 haute vitesse pouvant \u00eatre utilis\u00e9es dans n'importe quelle application industrielle, une grande r\u00e9sistance et fiabilit\u00e9. Langage de commande DEC ANSI PPL2 (y compris les codes \u00e0 barres)\",\"breadcrumb\":{\"@id\":\"https:\\\/\\\/mpi.com.es\\\/fr\\\/products\\\/impresora-tally-la650-la800\\\/#breadcrumb\"},\"inLanguage\":\"fr-FR\",\"potentialAction\":[{\"@type\":\"ReadAction\",\"target\":[\"https:\\\/\\\/mpi.com.es\\\/fr\\\/products\\\/impresora-tally-la650-la800\\\/\"]}]},{\"@type\":\"ImageObject\",\"inLanguage\":\"fr-FR\",\"@id\":\"https:\\\/\\\/mpi.com.es\\\/fr\\\/products\\\/impresora-tally-la650-la800\\\/#primaryimage\",\"url\":\"https:\\\/\\\/mpi.com.es\\\/wp-content\\\/uploads\\\/2015\\\/06\\\/TALLY-LA650.png\",\"contentUrl\":\"https:\\\/\\\/mpi.com.es\\\/wp-content\\\/uploads\\\/2015\\\/06\\\/TALLY-LA650.png\",\"width\":253,\"height\":280,\"caption\":\"TALLY LA650+ LA800+\"},{\"@type\":\"BreadcrumbList\",\"@id\":\"https:\\\/\\\/mpi.com.es\\\/fr\\\/products\\\/impresora-tally-la650-la800\\\/#breadcrumb\",\"itemListElement\":[{\"@type\":\"ListItem\",\"position\":1,\"name\":\"Portada\",\"item\":\"https:\\\/\\\/mpi.com.es\\\/fr\\\/\"},{\"@type\":\"ListItem\",\"position\":2,\"name\":\"Produits\",\"item\":\"https:\\\/\\\/mpi.com.es\\\/fr\\\/products\\\/\"},{\"@type\":\"ListItem\",\"position\":3,\"name\":\"Tally LA650+ \\\/ LA800+\"}]},{\"@type\":\"WebSite\",\"@id\":\"https:\\\/\\\/mpi.com.es\\\/fr\\\/#website\",\"url\":\"https:\\\/\\\/mpi.com.es\\\/fr\\\/\",\"name\":\"MPI Mantenimiento Perif\u00e9ricos Inform\u00e1ticos\",\"description\":\"Impresoras Industriales, impresi\u00f3n,alto volumen, mantenimiento, mantenimiento impresoras\",\"publisher\":{\"@id\":\"https:\\\/\\\/mpi.com.es\\\/fr\\\/#organization\"},\"potentialAction\":[{\"@type\":\"SearchAction\",\"target\":{\"@type\":\"EntryPoint\",\"urlTemplate\":\"https:\\\/\\\/mpi.com.es\\\/fr\\\/?s={search_term_string}\"},\"query-input\":{\"@type\":\"PropertyValueSpecification\",\"valueRequired\":true,\"valueName\":\"search_term_string\"}}],\"inLanguage\":\"fr-FR\"},{\"@type\":\"Organization\",\"@id\":\"https:\\\/\\\/mpi.com.es\\\/fr\\\/#organization\",\"name\":\"Mantenimiento Perif\u00e9ricos Inform\u00e1ticos\",\"url\":\"https:\\\/\\\/mpi.com.es\\\/fr\\\/\",\"logo\":{\"@type\":\"ImageObject\",\"inLanguage\":\"fr-FR\",\"@id\":\"https:\\\/\\\/mpi.com.es\\\/fr\\\/#\\\/schema\\\/logo\\\/image\\\/\",\"url\":\"https:\\\/\\\/mpi.com.es\\\/wp-content\\\/uploads\\\/2019\\\/07\\\/LOGONAMING-TRANSP.png\",\"contentUrl\":\"https:\\\/\\\/mpi.com.es\\\/wp-content\\\/uploads\\\/2019\\\/07\\\/LOGONAMING-TRANSP.png\",\"width\":1573,\"height\":431,\"caption\":\"Mantenimiento Perif\u00e9ricos Inform\u00e1ticos\"},\"image\":{\"@id\":\"https:\\\/\\\/mpi.com.es\\\/fr\\\/#\\\/schema\\\/logo\\\/image\\\/\"},\"sameAs\":[\"https:\\\/\\\/www.facebook.com\\\/p\\\/Mantenimiento-Perifricos-Informticos-100069020438303\"]}]}<\/script>\n<!-- \/ Yoast SEO Premium plugin. -->","yoast_head_json":{"title":"Tally LA650+ \/ LA800+ Application industrielle \u00c9mulation DEC - 1000 cps","description":"Les mod\u00e8les d'imprimantes Tally LA650+ et LA800+ sont, sans aucun doute, des imprimantes \u00e0 haute vitesse pouvant \u00eatre utilis\u00e9es dans n'importe quelle application industrielle, une grande r\u00e9sistance et fiabilit\u00e9. Langage de commande DEC ANSI PPL2 (y compris les codes \u00e0 barres)","robots":{"index":"index","follow":"follow","max-snippet":"max-snippet:-1","max-image-preview":"max-image-preview:large","max-video-preview":"max-video-preview:-1"},"canonical":"https:\/\/mpi.com.es\/fr\/products\/impresora-tally-la650-la800\/","og_locale":"fr_FR","og_type":"article","og_title":"Tally LA650+ \/ LA800+","og_description":"Les mod\u00e8les d'imprimantes Tally LA650+ et LA800+ sont, sans aucun doute, des imprimantes \u00e0 haute vitesse pouvant \u00eatre utilis\u00e9es dans n'importe quelle application industrielle, une grande r\u00e9sistance et fiabilit\u00e9. Langage de commande DEC ANSI PPL2 (y compris les codes \u00e0 barres)","og_url":"https:\/\/mpi.com.es\/fr\/products\/impresora-tally-la650-la800\/","og_site_name":"MPI Mantenimiento Perif\u00e9ricos Inform\u00e1ticos","article_publisher":"https:\/\/www.facebook.com\/p\/Mantenimiento-Perifricos-Informticos-100069020438303","article_modified_time":"2019-04-28T06:39:56+00:00","og_image":[{"width":253,"height":280,"url":"https:\/\/mpi.com.es\/wp-content\/uploads\/2015\/06\/TALLY-LA650.png","type":"image\/png"}],"schema":{"@context":"https:\/\/schema.org","@graph":[{"@type":"WebPage","@id":"https:\/\/mpi.com.es\/fr\/products\/impresora-tally-la650-la800\/","url":"https:\/\/mpi.com.es\/fr\/products\/impresora-tally-la650-la800\/","name":"Tally LA650+ \/ LA800+ Application industrielle \u00c9mulation DEC - 1000 cps","isPartOf":{"@id":"https:\/\/mpi.com.es\/fr\/#website"},"primaryImageOfPage":{"@id":"https:\/\/mpi.com.es\/fr\/products\/impresora-tally-la650-la800\/#primaryimage"},"image":{"@id":"https:\/\/mpi.com.es\/fr\/products\/impresora-tally-la650-la800\/#primaryimage"},"thumbnailUrl":"https:\/\/mpi.com.es\/wp-content\/uploads\/2015\/06\/TALLY-LA650.png","datePublished":"2015-06-09T17:00:35+00:00","dateModified":"2019-04-28T06:39:56+00:00","description":"Les mod\u00e8les d'imprimantes Tally LA650+ et LA800+ sont, sans aucun doute, des imprimantes \u00e0 haute vitesse pouvant \u00eatre utilis\u00e9es dans n'importe quelle application industrielle, une grande r\u00e9sistance et fiabilit\u00e9. Langage de commande DEC ANSI PPL2 (y compris les codes \u00e0 barres)","breadcrumb":{"@id":"https:\/\/mpi.com.es\/fr\/products\/impresora-tally-la650-la800\/#breadcrumb"},"inLanguage":"fr-FR","potentialAction":[{"@type":"ReadAction","target":["https:\/\/mpi.com.es\/fr\/products\/impresora-tally-la650-la800\/"]}]},{"@type":"ImageObject","inLanguage":"fr-FR","@id":"https:\/\/mpi.com.es\/fr\/products\/impresora-tally-la650-la800\/#primaryimage","url":"https:\/\/mpi.com.es\/wp-content\/uploads\/2015\/06\/TALLY-LA650.png","contentUrl":"https:\/\/mpi.com.es\/wp-content\/uploads\/2015\/06\/TALLY-LA650.png","width":253,"height":280,"caption":"TALLY LA650+ LA800+"},{"@type":"BreadcrumbList","@id":"https:\/\/mpi.com.es\/fr\/products\/impresora-tally-la650-la800\/#breadcrumb","itemListElement":[{"@type":"ListItem","position":1,"name":"Portada","item":"https:\/\/mpi.com.es\/fr\/"},{"@type":"ListItem","position":2,"name":"Produits","item":"https:\/\/mpi.com.es\/fr\/products\/"},{"@type":"ListItem","position":3,"name":"Tally LA650+ \/ LA800+"}]},{"@type":"WebSite","@id":"https:\/\/mpi.com.es\/fr\/#website","url":"https:\/\/mpi.com.es\/fr\/","name":"MPI Mantenimiento Perif\u00e9ricos Inform\u00e1ticos","description":"Impresoras Industriales, impresi\u00f3n,alto volumen, mantenimiento, mantenimiento impresoras","publisher":{"@id":"https:\/\/mpi.com.es\/fr\/#organization"},"potentialAction":[{"@type":"SearchAction","target":{"@type":"EntryPoint","urlTemplate":"https:\/\/mpi.com.es\/fr\/?s={search_term_string}"},"query-input":{"@type":"PropertyValueSpecification","valueRequired":true,"valueName":"search_term_string"}}],"inLanguage":"fr-FR"},{"@type":"Organization","@id":"https:\/\/mpi.com.es\/fr\/#organization","name":"Mantenimiento Perif\u00e9ricos Inform\u00e1ticos","url":"https:\/\/mpi.com.es\/fr\/","logo":{"@type":"ImageObject","inLanguage":"fr-FR","@id":"https:\/\/mpi.com.es\/fr\/#\/schema\/logo\/image\/","url":"https:\/\/mpi.com.es\/wp-content\/uploads\/2019\/07\/LOGONAMING-TRANSP.png","contentUrl":"https:\/\/mpi.com.es\/wp-content\/uploads\/2019\/07\/LOGONAMING-TRANSP.png","width":1573,"height":431,"caption":"Mantenimiento Perif\u00e9ricos Inform\u00e1ticos"},"image":{"@id":"https:\/\/mpi.com.es\/fr\/#\/schema\/logo\/image\/"},"sameAs":["https:\/\/www.facebook.com\/p\/Mantenimiento-Perifricos-Informticos-100069020438303"]}]}},"_links":{"self":[{"href":"https:\/\/mpi.com.es\/fr\/wp-json\/wp\/v2\/product\/5071","targetHints":{"allow":["GET"]}}],"collection":[{"href":"https:\/\/mpi.com.es\/fr\/wp-json\/wp\/v2\/product"}],"about":[{"href":"https:\/\/mpi.com.es\/fr\/wp-json\/wp\/v2\/types\/product"}],"wp:featuredmedia":[{"embeddable":true,"href":"https:\/\/mpi.com.es\/fr\/wp-json\/wp\/v2\/media\/7295"}],"wp:attachment":[{"href":"https:\/\/mpi.com.es\/fr\/wp-json\/wp\/v2\/media?parent=5071"}],"wp:term":[{"taxonomy":"brand","embeddable":true,"href":"https:\/\/mpi.com.es\/fr\/wp-json\/wp\/v2\/brand?post=5071"},{"taxonomy":"family","embeddable":true,"href":"https:\/\/mpi.com.es\/fr\/wp-json\/wp\/v2\/family?post=5071"},{"taxonomy":"support","embeddable":true,"href":"https:\/\/mpi.com.es\/fr\/wp-json\/wp\/v2\/support?post=5071"},{"taxonomy":"technology","embeddable":true,"href":"https:\/\/mpi.com.es\/fr\/wp-json\/wp\/v2\/technology?post=5071"},{"taxonomy":"feature","embeddable":true,"href":"https:\/\/mpi.com.es\/fr\/wp-json\/wp\/v2\/feature?post=5071"}],"curies":[{"name":"wp","href":"https:\/\/api.w.org\/{rel}","templated":true}]}}