{"id":5070,"date":"2015-06-09T19:00:40","date_gmt":"2015-06-09T17:00:40","guid":{"rendered":"https:\/\/mpi.com.es\/products\/impresora-tally-la48n-la48w\/"},"modified":"2019-04-28T08:32:30","modified_gmt":"2019-04-28T06:32:30","slug":"impresora-tally-la48n-la48w","status":"publish","type":"product","link":"https:\/\/mpi.com.es\/fr\/products\/impresora-tally-la48n-la48w\/","title":{"rendered":"Tally LA48N \/ LA48W"},"content":{"rendered":"","protected":false},"featured_media":7256,"template":"","meta":{"_acf_changed":false},"brand":[761],"family":[856,844,828],"support":[813],"technology":[806],"feature":[915,917],"class_list":["post-5070","product","type-product","status-publish","has-post-thumbnail","hentry","brand-tally-fr","family-imprimantes-de-bureau","family-imprimantes-matricielles","family-modele-discontinue","support-papier-continu","technology-matricielle-serie","feature-largeur-impression-136-col-fr","feature-largeur-impression-80-colonnes-203-mm"],"acf":[],"yoast_head":"<!-- This site is optimized with the Yoast SEO Premium plugin v26.5 (Yoast SEO v27.4) - https:\/\/yoast.com\/product\/yoast-seo-premium-wordpress\/ -->\n<title>Tally LA48N et Tally LA48W - Emul: ANSI DEC, Silencieuses 49 dB(A)<\/title>\n<meta name=\"description\" content=\"Tally LA48N avec 80 colonnes et LA48W avec 132 colonnes de largeur, t\u00eate d&#039;impression 24 aiguilles, \u00e9mulation ANSI DEC, niveau de bruit tr\u00e8s silencieux seulement 49 dB (A) imprimantes tr\u00e8s silencieuses par rapport \u00e0 de nombreux mod\u00e8les concurrents. jusqu&#039;\u00e0 5 exemplaires (Original + 4), cycle de 8 000 pages par mois\" \/>\n<meta name=\"robots\" content=\"index, follow, max-snippet:-1, max-image-preview:large, max-video-preview:-1\" \/>\n<link rel=\"canonical\" href=\"https:\/\/mpi.com.es\/fr\/products\/impresora-tally-la48n-la48w\/\" \/>\n<meta property=\"og:locale\" content=\"fr_FR\" \/>\n<meta property=\"og:type\" content=\"article\" \/>\n<meta property=\"og:title\" content=\"Tally LA48N \/ LA48W\" \/>\n<meta property=\"og:description\" content=\"Tally LA48N avec 80 colonnes et LA48W avec 132 colonnes de largeur, t\u00eate d&#039;impression 24 aiguilles, \u00e9mulation ANSI DEC, niveau de bruit tr\u00e8s silencieux seulement 49 dB (A) imprimantes tr\u00e8s silencieuses par rapport \u00e0 de nombreux mod\u00e8les concurrents. jusqu&#039;\u00e0 5 exemplaires (Original + 4), cycle de 8 000 pages par mois\" \/>\n<meta property=\"og:url\" content=\"https:\/\/mpi.com.es\/fr\/products\/impresora-tally-la48n-la48w\/\" \/>\n<meta property=\"og:site_name\" content=\"MPI Mantenimiento Perif\u00e9ricos Inform\u00e1ticos\" \/>\n<meta property=\"article:publisher\" content=\"https:\/\/www.facebook.com\/p\/Mantenimiento-Perifricos-Informticos-100069020438303\" \/>\n<meta property=\"article:modified_time\" content=\"2019-04-28T06:32:30+00:00\" \/>\n<meta property=\"og:image\" content=\"https:\/\/mpi.com.es\/wp-content\/uploads\/2015\/06\/tally-LA48-front-253.png\" \/>\n\t<meta property=\"og:image:width\" content=\"257\" \/>\n\t<meta property=\"og:image:height\" content=\"280\" \/>\n\t<meta property=\"og:image:type\" content=\"image\/png\" \/>\n<script type=\"application\/ld+json\" class=\"yoast-schema-graph\">{\"@context\":\"https:\\\/\\\/schema.org\",\"@graph\":[{\"@type\":\"WebPage\",\"@id\":\"https:\\\/\\\/mpi.com.es\\\/fr\\\/products\\\/impresora-tally-la48n-la48w\\\/\",\"url\":\"https:\\\/\\\/mpi.com.es\\\/fr\\\/products\\\/impresora-tally-la48n-la48w\\\/\",\"name\":\"Tally LA48N et Tally LA48W - Emul: ANSI DEC, Silencieuses 49 dB(A)\",\"isPartOf\":{\"@id\":\"https:\\\/\\\/mpi.com.es\\\/fr\\\/#website\"},\"primaryImageOfPage\":{\"@id\":\"https:\\\/\\\/mpi.com.es\\\/fr\\\/products\\\/impresora-tally-la48n-la48w\\\/#primaryimage\"},\"image\":{\"@id\":\"https:\\\/\\\/mpi.com.es\\\/fr\\\/products\\\/impresora-tally-la48n-la48w\\\/#primaryimage\"},\"thumbnailUrl\":\"https:\\\/\\\/mpi.com.es\\\/wp-content\\\/uploads\\\/2015\\\/06\\\/tally-LA48-front-253.png\",\"datePublished\":\"2015-06-09T17:00:40+00:00\",\"dateModified\":\"2019-04-28T06:32:30+00:00\",\"description\":\"Tally LA48N avec 80 colonnes et LA48W avec 132 colonnes de largeur, t\u00eate d'impression 24 aiguilles, \u00e9mulation ANSI DEC, niveau de bruit tr\u00e8s silencieux seulement 49 dB (A) imprimantes tr\u00e8s silencieuses par rapport \u00e0 de nombreux mod\u00e8les concurrents. jusqu'\u00e0 5 exemplaires (Original + 4), cycle de 8 000 pages par mois\",\"breadcrumb\":{\"@id\":\"https:\\\/\\\/mpi.com.es\\\/fr\\\/products\\\/impresora-tally-la48n-la48w\\\/#breadcrumb\"},\"inLanguage\":\"fr-FR\",\"potentialAction\":[{\"@type\":\"ReadAction\",\"target\":[\"https:\\\/\\\/mpi.com.es\\\/fr\\\/products\\\/impresora-tally-la48n-la48w\\\/\"]}]},{\"@type\":\"ImageObject\",\"inLanguage\":\"fr-FR\",\"@id\":\"https:\\\/\\\/mpi.com.es\\\/fr\\\/products\\\/impresora-tally-la48n-la48w\\\/#primaryimage\",\"url\":\"https:\\\/\\\/mpi.com.es\\\/wp-content\\\/uploads\\\/2015\\\/06\\\/tally-LA48-front-253.png\",\"contentUrl\":\"https:\\\/\\\/mpi.com.es\\\/wp-content\\\/uploads\\\/2015\\\/06\\\/tally-LA48-front-253.png\",\"width\":257,\"height\":280,\"caption\":\"tally LA48N tally LA48W front\"},{\"@type\":\"BreadcrumbList\",\"@id\":\"https:\\\/\\\/mpi.com.es\\\/fr\\\/products\\\/impresora-tally-la48n-la48w\\\/#breadcrumb\",\"itemListElement\":[{\"@type\":\"ListItem\",\"position\":1,\"name\":\"Portada\",\"item\":\"https:\\\/\\\/mpi.com.es\\\/fr\\\/\"},{\"@type\":\"ListItem\",\"position\":2,\"name\":\"Produits\",\"item\":\"https:\\\/\\\/mpi.com.es\\\/fr\\\/products\\\/\"},{\"@type\":\"ListItem\",\"position\":3,\"name\":\"Tally LA48N \\\/ LA48W\"}]},{\"@type\":\"WebSite\",\"@id\":\"https:\\\/\\\/mpi.com.es\\\/fr\\\/#website\",\"url\":\"https:\\\/\\\/mpi.com.es\\\/fr\\\/\",\"name\":\"MPI Mantenimiento Perif\u00e9ricos Inform\u00e1ticos\",\"description\":\"Impresoras Industriales, impresi\u00f3n,alto volumen, mantenimiento, mantenimiento impresoras\",\"publisher\":{\"@id\":\"https:\\\/\\\/mpi.com.es\\\/fr\\\/#organization\"},\"potentialAction\":[{\"@type\":\"SearchAction\",\"target\":{\"@type\":\"EntryPoint\",\"urlTemplate\":\"https:\\\/\\\/mpi.com.es\\\/fr\\\/?s={search_term_string}\"},\"query-input\":{\"@type\":\"PropertyValueSpecification\",\"valueRequired\":true,\"valueName\":\"search_term_string\"}}],\"inLanguage\":\"fr-FR\"},{\"@type\":\"Organization\",\"@id\":\"https:\\\/\\\/mpi.com.es\\\/fr\\\/#organization\",\"name\":\"Mantenimiento Perif\u00e9ricos Inform\u00e1ticos\",\"url\":\"https:\\\/\\\/mpi.com.es\\\/fr\\\/\",\"logo\":{\"@type\":\"ImageObject\",\"inLanguage\":\"fr-FR\",\"@id\":\"https:\\\/\\\/mpi.com.es\\\/fr\\\/#\\\/schema\\\/logo\\\/image\\\/\",\"url\":\"https:\\\/\\\/mpi.com.es\\\/wp-content\\\/uploads\\\/2019\\\/07\\\/LOGONAMING-TRANSP.png\",\"contentUrl\":\"https:\\\/\\\/mpi.com.es\\\/wp-content\\\/uploads\\\/2019\\\/07\\\/LOGONAMING-TRANSP.png\",\"width\":1573,\"height\":431,\"caption\":\"Mantenimiento Perif\u00e9ricos Inform\u00e1ticos\"},\"image\":{\"@id\":\"https:\\\/\\\/mpi.com.es\\\/fr\\\/#\\\/schema\\\/logo\\\/image\\\/\"},\"sameAs\":[\"https:\\\/\\\/www.facebook.com\\\/p\\\/Mantenimiento-Perifricos-Informticos-100069020438303\"]}]}<\/script>\n<!-- \/ Yoast SEO Premium plugin. -->","yoast_head_json":{"title":"Tally LA48N et Tally LA48W - Emul: ANSI DEC, Silencieuses 49 dB(A)","description":"Tally LA48N avec 80 colonnes et LA48W avec 132 colonnes de largeur, t\u00eate d'impression 24 aiguilles, \u00e9mulation ANSI DEC, niveau de bruit tr\u00e8s silencieux seulement 49 dB (A) imprimantes tr\u00e8s silencieuses par rapport \u00e0 de nombreux mod\u00e8les concurrents. jusqu'\u00e0 5 exemplaires (Original + 4), cycle de 8 000 pages par mois","robots":{"index":"index","follow":"follow","max-snippet":"max-snippet:-1","max-image-preview":"max-image-preview:large","max-video-preview":"max-video-preview:-1"},"canonical":"https:\/\/mpi.com.es\/fr\/products\/impresora-tally-la48n-la48w\/","og_locale":"fr_FR","og_type":"article","og_title":"Tally LA48N \/ LA48W","og_description":"Tally LA48N avec 80 colonnes et LA48W avec 132 colonnes de largeur, t\u00eate d'impression 24 aiguilles, \u00e9mulation ANSI DEC, niveau de bruit tr\u00e8s silencieux seulement 49 dB (A) imprimantes tr\u00e8s silencieuses par rapport \u00e0 de nombreux mod\u00e8les concurrents. jusqu'\u00e0 5 exemplaires (Original + 4), cycle de 8 000 pages par mois","og_url":"https:\/\/mpi.com.es\/fr\/products\/impresora-tally-la48n-la48w\/","og_site_name":"MPI Mantenimiento Perif\u00e9ricos Inform\u00e1ticos","article_publisher":"https:\/\/www.facebook.com\/p\/Mantenimiento-Perifricos-Informticos-100069020438303","article_modified_time":"2019-04-28T06:32:30+00:00","og_image":[{"width":257,"height":280,"url":"https:\/\/mpi.com.es\/wp-content\/uploads\/2015\/06\/tally-LA48-front-253.png","type":"image\/png"}],"schema":{"@context":"https:\/\/schema.org","@graph":[{"@type":"WebPage","@id":"https:\/\/mpi.com.es\/fr\/products\/impresora-tally-la48n-la48w\/","url":"https:\/\/mpi.com.es\/fr\/products\/impresora-tally-la48n-la48w\/","name":"Tally LA48N et Tally LA48W - Emul: ANSI DEC, Silencieuses 49 dB(A)","isPartOf":{"@id":"https:\/\/mpi.com.es\/fr\/#website"},"primaryImageOfPage":{"@id":"https:\/\/mpi.com.es\/fr\/products\/impresora-tally-la48n-la48w\/#primaryimage"},"image":{"@id":"https:\/\/mpi.com.es\/fr\/products\/impresora-tally-la48n-la48w\/#primaryimage"},"thumbnailUrl":"https:\/\/mpi.com.es\/wp-content\/uploads\/2015\/06\/tally-LA48-front-253.png","datePublished":"2015-06-09T17:00:40+00:00","dateModified":"2019-04-28T06:32:30+00:00","description":"Tally LA48N avec 80 colonnes et LA48W avec 132 colonnes de largeur, t\u00eate d'impression 24 aiguilles, \u00e9mulation ANSI DEC, niveau de bruit tr\u00e8s silencieux seulement 49 dB (A) imprimantes tr\u00e8s silencieuses par rapport \u00e0 de nombreux mod\u00e8les concurrents. jusqu'\u00e0 5 exemplaires (Original + 4), cycle de 8 000 pages par mois","breadcrumb":{"@id":"https:\/\/mpi.com.es\/fr\/products\/impresora-tally-la48n-la48w\/#breadcrumb"},"inLanguage":"fr-FR","potentialAction":[{"@type":"ReadAction","target":["https:\/\/mpi.com.es\/fr\/products\/impresora-tally-la48n-la48w\/"]}]},{"@type":"ImageObject","inLanguage":"fr-FR","@id":"https:\/\/mpi.com.es\/fr\/products\/impresora-tally-la48n-la48w\/#primaryimage","url":"https:\/\/mpi.com.es\/wp-content\/uploads\/2015\/06\/tally-LA48-front-253.png","contentUrl":"https:\/\/mpi.com.es\/wp-content\/uploads\/2015\/06\/tally-LA48-front-253.png","width":257,"height":280,"caption":"tally LA48N tally LA48W front"},{"@type":"BreadcrumbList","@id":"https:\/\/mpi.com.es\/fr\/products\/impresora-tally-la48n-la48w\/#breadcrumb","itemListElement":[{"@type":"ListItem","position":1,"name":"Portada","item":"https:\/\/mpi.com.es\/fr\/"},{"@type":"ListItem","position":2,"name":"Produits","item":"https:\/\/mpi.com.es\/fr\/products\/"},{"@type":"ListItem","position":3,"name":"Tally LA48N \/ LA48W"}]},{"@type":"WebSite","@id":"https:\/\/mpi.com.es\/fr\/#website","url":"https:\/\/mpi.com.es\/fr\/","name":"MPI Mantenimiento Perif\u00e9ricos Inform\u00e1ticos","description":"Impresoras Industriales, impresi\u00f3n,alto volumen, mantenimiento, mantenimiento impresoras","publisher":{"@id":"https:\/\/mpi.com.es\/fr\/#organization"},"potentialAction":[{"@type":"SearchAction","target":{"@type":"EntryPoint","urlTemplate":"https:\/\/mpi.com.es\/fr\/?s={search_term_string}"},"query-input":{"@type":"PropertyValueSpecification","valueRequired":true,"valueName":"search_term_string"}}],"inLanguage":"fr-FR"},{"@type":"Organization","@id":"https:\/\/mpi.com.es\/fr\/#organization","name":"Mantenimiento Perif\u00e9ricos Inform\u00e1ticos","url":"https:\/\/mpi.com.es\/fr\/","logo":{"@type":"ImageObject","inLanguage":"fr-FR","@id":"https:\/\/mpi.com.es\/fr\/#\/schema\/logo\/image\/","url":"https:\/\/mpi.com.es\/wp-content\/uploads\/2019\/07\/LOGONAMING-TRANSP.png","contentUrl":"https:\/\/mpi.com.es\/wp-content\/uploads\/2019\/07\/LOGONAMING-TRANSP.png","width":1573,"height":431,"caption":"Mantenimiento Perif\u00e9ricos Inform\u00e1ticos"},"image":{"@id":"https:\/\/mpi.com.es\/fr\/#\/schema\/logo\/image\/"},"sameAs":["https:\/\/www.facebook.com\/p\/Mantenimiento-Perifricos-Informticos-100069020438303"]}]}},"_links":{"self":[{"href":"https:\/\/mpi.com.es\/fr\/wp-json\/wp\/v2\/product\/5070","targetHints":{"allow":["GET"]}}],"collection":[{"href":"https:\/\/mpi.com.es\/fr\/wp-json\/wp\/v2\/product"}],"about":[{"href":"https:\/\/mpi.com.es\/fr\/wp-json\/wp\/v2\/types\/product"}],"wp:featuredmedia":[{"embeddable":true,"href":"https:\/\/mpi.com.es\/fr\/wp-json\/wp\/v2\/media\/7256"}],"wp:attachment":[{"href":"https:\/\/mpi.com.es\/fr\/wp-json\/wp\/v2\/media?parent=5070"}],"wp:term":[{"taxonomy":"brand","embeddable":true,"href":"https:\/\/mpi.com.es\/fr\/wp-json\/wp\/v2\/brand?post=5070"},{"taxonomy":"family","embeddable":true,"href":"https:\/\/mpi.com.es\/fr\/wp-json\/wp\/v2\/family?post=5070"},{"taxonomy":"support","embeddable":true,"href":"https:\/\/mpi.com.es\/fr\/wp-json\/wp\/v2\/support?post=5070"},{"taxonomy":"technology","embeddable":true,"href":"https:\/\/mpi.com.es\/fr\/wp-json\/wp\/v2\/technology?post=5070"},{"taxonomy":"feature","embeddable":true,"href":"https:\/\/mpi.com.es\/fr\/wp-json\/wp\/v2\/feature?post=5070"}],"curies":[{"name":"wp","href":"https:\/\/api.w.org\/{rel}","templated":true}]}}