{"id":5048,"date":"2016-02-23T12:38:38","date_gmt":"2016-02-23T11:38:38","guid":{"rendered":"https:\/\/mpi.com.es\/products\/sato-cl4nx-2\/"},"modified":"2019-07-21T10:56:46","modified_gmt":"2019-07-21T08:56:46","slug":"sato-cl4nx-cl6nx","status":"publish","type":"product","link":"https:\/\/mpi.com.es\/fr\/products\/sato-cl4nx-cl6nx\/","title":{"rendered":"Sato CL4NX \/ CL6NX"},"content":{"rendered":"","protected":false},"featured_media":3769,"template":"","meta":{"_acf_changed":false},"brand":[752,751,750,753],"family":[835,837,849,828],"support":[814],"technology":[811],"feature":[861],"class_list":["post-5048","product","type-product","status-publish","has-post-thumbnail","hentry","brand-imprimantes-sato-fr","brand-sato-fr","brand-sato-en","brand-sato-printers-en","family-imprimantes","family-imprimantes-industrielles","family-imprimantes-thermiques","family-modele-discontinue","support-bobine-de-papier-ou-papier-continu","technology-thermique","feature-largeur-impression-4-pouces-101-mm"],"acf":[],"yoast_head":"<!-- This site is optimized with the Yoast SEO Premium plugin v26.5 (Yoast SEO v27.4) - https:\/\/yoast.com\/product\/yoast-seo-premium-wordpress\/ -->\n<title>CL4NX \/ CL6NX Famille d&#039;imprimantes 4&quot; et 6&quot; r\u00e9volutionnaire Sato MPI<\/title>\n<meta name=\"description\" content=\"D\u00e9couvrez les imprimantes Sato CL4NX et sato CL6NX de la s\u00e9rie NX, con\u00e7ues pour l&#039;exp\u00e9rience op\u00e9rateur ultime. Imprimantes Facile \u00e0 manipuler et entretenir.\" \/>\n<meta name=\"robots\" content=\"index, follow, max-snippet:-1, max-image-preview:large, max-video-preview:-1\" \/>\n<link rel=\"canonical\" href=\"https:\/\/mpi.com.es\/fr\/products\/sato-cl4nx-cl6nx\/\" \/>\n<meta property=\"og:locale\" content=\"fr_FR\" \/>\n<meta property=\"og:type\" content=\"article\" \/>\n<meta property=\"og:title\" content=\"Sato CL4NX \/ CL6NX\" \/>\n<meta property=\"og:description\" content=\"D\u00e9couvrez les imprimantes Sato CL4NX et sato CL6NX de la s\u00e9rie NX, con\u00e7ues pour l&#039;exp\u00e9rience op\u00e9rateur ultime. Imprimantes Facile \u00e0 manipuler et entretenir.\" \/>\n<meta property=\"og:url\" content=\"https:\/\/mpi.com.es\/fr\/products\/sato-cl4nx-cl6nx\/\" \/>\n<meta property=\"og:site_name\" content=\"MPI Mantenimiento Perif\u00e9ricos Inform\u00e1ticos\" \/>\n<meta property=\"article:publisher\" content=\"https:\/\/www.facebook.com\/p\/Mantenimiento-Perifricos-Informticos-100069020438303\" \/>\n<meta property=\"article:modified_time\" content=\"2019-07-21T08:56:46+00:00\" \/>\n<meta property=\"og:image\" content=\"https:\/\/mpi.com.es\/wp-content\/uploads\/2016\/02\/Impresora-Sato-CL6NX.jpg\" \/>\n\t<meta property=\"og:image:width\" content=\"333\" \/>\n\t<meta property=\"og:image:height\" content=\"333\" \/>\n\t<meta property=\"og:image:type\" content=\"image\/jpeg\" \/>\n<script type=\"application\/ld+json\" class=\"yoast-schema-graph\">{\"@context\":\"https:\\\/\\\/schema.org\",\"@graph\":[{\"@type\":\"WebPage\",\"@id\":\"https:\\\/\\\/mpi.com.es\\\/fr\\\/products\\\/sato-cl4nx-cl6nx\\\/\",\"url\":\"https:\\\/\\\/mpi.com.es\\\/fr\\\/products\\\/sato-cl4nx-cl6nx\\\/\",\"name\":\"CL4NX \\\/ CL6NX Famille d'imprimantes 4\\\" et 6\\\" r\u00e9volutionnaire Sato MPI\",\"isPartOf\":{\"@id\":\"https:\\\/\\\/mpi.com.es\\\/fr\\\/#website\"},\"primaryImageOfPage\":{\"@id\":\"https:\\\/\\\/mpi.com.es\\\/fr\\\/products\\\/sato-cl4nx-cl6nx\\\/#primaryimage\"},\"image\":{\"@id\":\"https:\\\/\\\/mpi.com.es\\\/fr\\\/products\\\/sato-cl4nx-cl6nx\\\/#primaryimage\"},\"thumbnailUrl\":\"https:\\\/\\\/mpi.com.es\\\/wp-content\\\/uploads\\\/2016\\\/02\\\/Impresora-Sato-CL6NX.jpg\",\"datePublished\":\"2016-02-23T11:38:38+00:00\",\"dateModified\":\"2019-07-21T08:56:46+00:00\",\"description\":\"D\u00e9couvrez les imprimantes Sato CL4NX et sato CL6NX de la s\u00e9rie NX, con\u00e7ues pour l'exp\u00e9rience op\u00e9rateur ultime. Imprimantes Facile \u00e0 manipuler et entretenir.\",\"breadcrumb\":{\"@id\":\"https:\\\/\\\/mpi.com.es\\\/fr\\\/products\\\/sato-cl4nx-cl6nx\\\/#breadcrumb\"},\"inLanguage\":\"fr-FR\",\"potentialAction\":[{\"@type\":\"ReadAction\",\"target\":[\"https:\\\/\\\/mpi.com.es\\\/fr\\\/products\\\/sato-cl4nx-cl6nx\\\/\"]}]},{\"@type\":\"ImageObject\",\"inLanguage\":\"fr-FR\",\"@id\":\"https:\\\/\\\/mpi.com.es\\\/fr\\\/products\\\/sato-cl4nx-cl6nx\\\/#primaryimage\",\"url\":\"https:\\\/\\\/mpi.com.es\\\/wp-content\\\/uploads\\\/2016\\\/02\\\/Impresora-Sato-CL6NX.jpg\",\"contentUrl\":\"https:\\\/\\\/mpi.com.es\\\/wp-content\\\/uploads\\\/2016\\\/02\\\/Impresora-Sato-CL6NX.jpg\",\"width\":333,\"height\":333,\"caption\":\"impresora sato CL4NX CL6NX\"},{\"@type\":\"BreadcrumbList\",\"@id\":\"https:\\\/\\\/mpi.com.es\\\/fr\\\/products\\\/sato-cl4nx-cl6nx\\\/#breadcrumb\",\"itemListElement\":[{\"@type\":\"ListItem\",\"position\":1,\"name\":\"Portada\",\"item\":\"https:\\\/\\\/mpi.com.es\\\/fr\\\/\"},{\"@type\":\"ListItem\",\"position\":2,\"name\":\"Produits\",\"item\":\"https:\\\/\\\/mpi.com.es\\\/fr\\\/products\\\/\"},{\"@type\":\"ListItem\",\"position\":3,\"name\":\"Sato CL4NX \\\/ CL6NX\"}]},{\"@type\":\"WebSite\",\"@id\":\"https:\\\/\\\/mpi.com.es\\\/fr\\\/#website\",\"url\":\"https:\\\/\\\/mpi.com.es\\\/fr\\\/\",\"name\":\"MPI Mantenimiento Perif\u00e9ricos Inform\u00e1ticos\",\"description\":\"Impresoras Industriales, impresi\u00f3n,alto volumen, mantenimiento, mantenimiento impresoras\",\"publisher\":{\"@id\":\"https:\\\/\\\/mpi.com.es\\\/fr\\\/#organization\"},\"potentialAction\":[{\"@type\":\"SearchAction\",\"target\":{\"@type\":\"EntryPoint\",\"urlTemplate\":\"https:\\\/\\\/mpi.com.es\\\/fr\\\/?s={search_term_string}\"},\"query-input\":{\"@type\":\"PropertyValueSpecification\",\"valueRequired\":true,\"valueName\":\"search_term_string\"}}],\"inLanguage\":\"fr-FR\"},{\"@type\":\"Organization\",\"@id\":\"https:\\\/\\\/mpi.com.es\\\/fr\\\/#organization\",\"name\":\"Mantenimiento Perif\u00e9ricos Inform\u00e1ticos\",\"url\":\"https:\\\/\\\/mpi.com.es\\\/fr\\\/\",\"logo\":{\"@type\":\"ImageObject\",\"inLanguage\":\"fr-FR\",\"@id\":\"https:\\\/\\\/mpi.com.es\\\/fr\\\/#\\\/schema\\\/logo\\\/image\\\/\",\"url\":\"https:\\\/\\\/mpi.com.es\\\/wp-content\\\/uploads\\\/2019\\\/07\\\/LOGONAMING-TRANSP.png\",\"contentUrl\":\"https:\\\/\\\/mpi.com.es\\\/wp-content\\\/uploads\\\/2019\\\/07\\\/LOGONAMING-TRANSP.png\",\"width\":1573,\"height\":431,\"caption\":\"Mantenimiento Perif\u00e9ricos Inform\u00e1ticos\"},\"image\":{\"@id\":\"https:\\\/\\\/mpi.com.es\\\/fr\\\/#\\\/schema\\\/logo\\\/image\\\/\"},\"sameAs\":[\"https:\\\/\\\/www.facebook.com\\\/p\\\/Mantenimiento-Perifricos-Informticos-100069020438303\"]}]}<\/script>\n<!-- \/ Yoast SEO Premium plugin. -->","yoast_head_json":{"title":"CL4NX \/ CL6NX Famille d'imprimantes 4\" et 6\" r\u00e9volutionnaire Sato MPI","description":"D\u00e9couvrez les imprimantes Sato CL4NX et sato CL6NX de la s\u00e9rie NX, con\u00e7ues pour l'exp\u00e9rience op\u00e9rateur ultime. Imprimantes Facile \u00e0 manipuler et entretenir.","robots":{"index":"index","follow":"follow","max-snippet":"max-snippet:-1","max-image-preview":"max-image-preview:large","max-video-preview":"max-video-preview:-1"},"canonical":"https:\/\/mpi.com.es\/fr\/products\/sato-cl4nx-cl6nx\/","og_locale":"fr_FR","og_type":"article","og_title":"Sato CL4NX \/ CL6NX","og_description":"D\u00e9couvrez les imprimantes Sato CL4NX et sato CL6NX de la s\u00e9rie NX, con\u00e7ues pour l'exp\u00e9rience op\u00e9rateur ultime. Imprimantes Facile \u00e0 manipuler et entretenir.","og_url":"https:\/\/mpi.com.es\/fr\/products\/sato-cl4nx-cl6nx\/","og_site_name":"MPI Mantenimiento Perif\u00e9ricos Inform\u00e1ticos","article_publisher":"https:\/\/www.facebook.com\/p\/Mantenimiento-Perifricos-Informticos-100069020438303","article_modified_time":"2019-07-21T08:56:46+00:00","og_image":[{"width":333,"height":333,"url":"https:\/\/mpi.com.es\/wp-content\/uploads\/2016\/02\/Impresora-Sato-CL6NX.jpg","type":"image\/jpeg"}],"schema":{"@context":"https:\/\/schema.org","@graph":[{"@type":"WebPage","@id":"https:\/\/mpi.com.es\/fr\/products\/sato-cl4nx-cl6nx\/","url":"https:\/\/mpi.com.es\/fr\/products\/sato-cl4nx-cl6nx\/","name":"CL4NX \/ CL6NX Famille d'imprimantes 4\" et 6\" r\u00e9volutionnaire Sato MPI","isPartOf":{"@id":"https:\/\/mpi.com.es\/fr\/#website"},"primaryImageOfPage":{"@id":"https:\/\/mpi.com.es\/fr\/products\/sato-cl4nx-cl6nx\/#primaryimage"},"image":{"@id":"https:\/\/mpi.com.es\/fr\/products\/sato-cl4nx-cl6nx\/#primaryimage"},"thumbnailUrl":"https:\/\/mpi.com.es\/wp-content\/uploads\/2016\/02\/Impresora-Sato-CL6NX.jpg","datePublished":"2016-02-23T11:38:38+00:00","dateModified":"2019-07-21T08:56:46+00:00","description":"D\u00e9couvrez les imprimantes Sato CL4NX et sato CL6NX de la s\u00e9rie NX, con\u00e7ues pour l'exp\u00e9rience op\u00e9rateur ultime. Imprimantes Facile \u00e0 manipuler et entretenir.","breadcrumb":{"@id":"https:\/\/mpi.com.es\/fr\/products\/sato-cl4nx-cl6nx\/#breadcrumb"},"inLanguage":"fr-FR","potentialAction":[{"@type":"ReadAction","target":["https:\/\/mpi.com.es\/fr\/products\/sato-cl4nx-cl6nx\/"]}]},{"@type":"ImageObject","inLanguage":"fr-FR","@id":"https:\/\/mpi.com.es\/fr\/products\/sato-cl4nx-cl6nx\/#primaryimage","url":"https:\/\/mpi.com.es\/wp-content\/uploads\/2016\/02\/Impresora-Sato-CL6NX.jpg","contentUrl":"https:\/\/mpi.com.es\/wp-content\/uploads\/2016\/02\/Impresora-Sato-CL6NX.jpg","width":333,"height":333,"caption":"impresora sato CL4NX CL6NX"},{"@type":"BreadcrumbList","@id":"https:\/\/mpi.com.es\/fr\/products\/sato-cl4nx-cl6nx\/#breadcrumb","itemListElement":[{"@type":"ListItem","position":1,"name":"Portada","item":"https:\/\/mpi.com.es\/fr\/"},{"@type":"ListItem","position":2,"name":"Produits","item":"https:\/\/mpi.com.es\/fr\/products\/"},{"@type":"ListItem","position":3,"name":"Sato CL4NX \/ CL6NX"}]},{"@type":"WebSite","@id":"https:\/\/mpi.com.es\/fr\/#website","url":"https:\/\/mpi.com.es\/fr\/","name":"MPI Mantenimiento Perif\u00e9ricos Inform\u00e1ticos","description":"Impresoras Industriales, impresi\u00f3n,alto volumen, mantenimiento, mantenimiento impresoras","publisher":{"@id":"https:\/\/mpi.com.es\/fr\/#organization"},"potentialAction":[{"@type":"SearchAction","target":{"@type":"EntryPoint","urlTemplate":"https:\/\/mpi.com.es\/fr\/?s={search_term_string}"},"query-input":{"@type":"PropertyValueSpecification","valueRequired":true,"valueName":"search_term_string"}}],"inLanguage":"fr-FR"},{"@type":"Organization","@id":"https:\/\/mpi.com.es\/fr\/#organization","name":"Mantenimiento Perif\u00e9ricos Inform\u00e1ticos","url":"https:\/\/mpi.com.es\/fr\/","logo":{"@type":"ImageObject","inLanguage":"fr-FR","@id":"https:\/\/mpi.com.es\/fr\/#\/schema\/logo\/image\/","url":"https:\/\/mpi.com.es\/wp-content\/uploads\/2019\/07\/LOGONAMING-TRANSP.png","contentUrl":"https:\/\/mpi.com.es\/wp-content\/uploads\/2019\/07\/LOGONAMING-TRANSP.png","width":1573,"height":431,"caption":"Mantenimiento Perif\u00e9ricos Inform\u00e1ticos"},"image":{"@id":"https:\/\/mpi.com.es\/fr\/#\/schema\/logo\/image\/"},"sameAs":["https:\/\/www.facebook.com\/p\/Mantenimiento-Perifricos-Informticos-100069020438303"]}]}},"_links":{"self":[{"href":"https:\/\/mpi.com.es\/fr\/wp-json\/wp\/v2\/product\/5048","targetHints":{"allow":["GET"]}}],"collection":[{"href":"https:\/\/mpi.com.es\/fr\/wp-json\/wp\/v2\/product"}],"about":[{"href":"https:\/\/mpi.com.es\/fr\/wp-json\/wp\/v2\/types\/product"}],"wp:featuredmedia":[{"embeddable":true,"href":"https:\/\/mpi.com.es\/fr\/wp-json\/wp\/v2\/media\/3769"}],"wp:attachment":[{"href":"https:\/\/mpi.com.es\/fr\/wp-json\/wp\/v2\/media?parent=5048"}],"wp:term":[{"taxonomy":"brand","embeddable":true,"href":"https:\/\/mpi.com.es\/fr\/wp-json\/wp\/v2\/brand?post=5048"},{"taxonomy":"family","embeddable":true,"href":"https:\/\/mpi.com.es\/fr\/wp-json\/wp\/v2\/family?post=5048"},{"taxonomy":"support","embeddable":true,"href":"https:\/\/mpi.com.es\/fr\/wp-json\/wp\/v2\/support?post=5048"},{"taxonomy":"technology","embeddable":true,"href":"https:\/\/mpi.com.es\/fr\/wp-json\/wp\/v2\/technology?post=5048"},{"taxonomy":"feature","embeddable":true,"href":"https:\/\/mpi.com.es\/fr\/wp-json\/wp\/v2\/feature?post=5048"}],"curies":[{"name":"wp","href":"https:\/\/api.w.org\/{rel}","templated":true}]}}