{"id":5043,"date":"2016-02-23T12:49:57","date_gmt":"2016-02-23T11:49:57","guid":{"rendered":"https:\/\/mpi.com.es\/products\/sato-m84pro\/"},"modified":"2019-07-21T12:39:09","modified_gmt":"2019-07-21T10:39:09","slug":"sato-m84pro","status":"publish","type":"product","link":"https:\/\/mpi.com.es\/fr\/products\/sato-m84pro\/","title":{"rendered":"Sato M84Pro"},"content":{"rendered":"","protected":false},"featured_media":3773,"template":"","meta":{"_acf_changed":false},"brand":[752,751],"family":[835,837,849],"support":[814],"technology":[811],"feature":[861],"class_list":["post-5043","product","type-product","status-publish","has-post-thumbnail","hentry","brand-imprimantes-sato-fr","brand-sato-fr","family-imprimantes","family-imprimantes-industrielles","family-imprimantes-thermiques","support-bobine-de-papier-ou-papier-continu","technology-thermique","feature-largeur-impression-4-pouces-101-mm"],"acf":[],"yoast_head":"<!-- This site is optimized with the Yoast SEO Premium plugin v26.5 (Yoast SEO v27.3) - https:\/\/yoast.com\/product\/yoast-seo-premium-wordpress\/ -->\n<title>Sato M84Pro l\u2019imprimante industrielle par excellence - MPI Distributeur -<\/title>\n<meta name=\"description\" content=\"L\u2019imprimante industrielle par excellence Sato M84Pro Series est la g\u00e9n\u00e9ration d\u2019imprimantes industrielles hautes performances. R\u00e9solutions: 203, 305 et 609 dpi. utilise les derni\u00e8res technologies pour fournir des performances et une vitesse de: 10 PPS vous permet de g\u00e9n\u00e9rer des \u00e9tiquettes rapidement et efficacement.\" \/>\n<meta name=\"robots\" content=\"index, follow, max-snippet:-1, max-image-preview:large, max-video-preview:-1\" \/>\n<link rel=\"canonical\" href=\"https:\/\/mpi.com.es\/fr\/products\/sato-m84pro\/\" \/>\n<meta property=\"og:locale\" content=\"fr_FR\" \/>\n<meta property=\"og:type\" content=\"article\" \/>\n<meta property=\"og:title\" content=\"Sato M84Pro\" \/>\n<meta property=\"og:description\" content=\"L\u2019imprimante industrielle par excellence Sato M84Pro Series est la g\u00e9n\u00e9ration d\u2019imprimantes industrielles hautes performances. R\u00e9solutions: 203, 305 et 609 dpi. utilise les derni\u00e8res technologies pour fournir des performances et une vitesse de: 10 PPS vous permet de g\u00e9n\u00e9rer des \u00e9tiquettes rapidement et efficacement.\" \/>\n<meta property=\"og:url\" content=\"https:\/\/mpi.com.es\/fr\/products\/sato-m84pro\/\" \/>\n<meta property=\"og:site_name\" content=\"MPI Mantenimiento Perif\u00e9ricos Inform\u00e1ticos\" \/>\n<meta property=\"article:publisher\" content=\"https:\/\/www.facebook.com\/p\/Mantenimiento-Perifricos-Informticos-100069020438303\" \/>\n<meta property=\"article:modified_time\" content=\"2019-07-21T10:39:09+00:00\" \/>\n<meta property=\"og:image\" content=\"https:\/\/mpi.com.es\/wp-content\/uploads\/2016\/02\/Impresora-Sato-M84Pro-e1540031754555.jpg\" \/>\n\t<meta property=\"og:image:width\" content=\"300\" \/>\n\t<meta property=\"og:image:height\" content=\"327\" \/>\n\t<meta property=\"og:image:type\" content=\"image\/jpeg\" \/>\n<script type=\"application\/ld+json\" class=\"yoast-schema-graph\">{\"@context\":\"https:\\\/\\\/schema.org\",\"@graph\":[{\"@type\":\"WebPage\",\"@id\":\"https:\\\/\\\/mpi.com.es\\\/fr\\\/products\\\/sato-m84pro\\\/\",\"url\":\"https:\\\/\\\/mpi.com.es\\\/fr\\\/products\\\/sato-m84pro\\\/\",\"name\":\"Sato M84Pro l\u2019imprimante industrielle par excellence - MPI Distributeur -\",\"isPartOf\":{\"@id\":\"https:\\\/\\\/mpi.com.es\\\/fr\\\/#website\"},\"primaryImageOfPage\":{\"@id\":\"https:\\\/\\\/mpi.com.es\\\/fr\\\/products\\\/sato-m84pro\\\/#primaryimage\"},\"image\":{\"@id\":\"https:\\\/\\\/mpi.com.es\\\/fr\\\/products\\\/sato-m84pro\\\/#primaryimage\"},\"thumbnailUrl\":\"https:\\\/\\\/mpi.com.es\\\/wp-content\\\/uploads\\\/2016\\\/02\\\/Impresora-Sato-M84Pro-e1540031754555.jpg\",\"datePublished\":\"2016-02-23T11:49:57+00:00\",\"dateModified\":\"2019-07-21T10:39:09+00:00\",\"description\":\"L\u2019imprimante industrielle par excellence Sato M84Pro Series est la g\u00e9n\u00e9ration d\u2019imprimantes industrielles hautes performances. R\u00e9solutions: 203, 305 et 609 dpi. utilise les derni\u00e8res technologies pour fournir des performances et une vitesse de: 10 PPS vous permet de g\u00e9n\u00e9rer des \u00e9tiquettes rapidement et efficacement.\",\"breadcrumb\":{\"@id\":\"https:\\\/\\\/mpi.com.es\\\/fr\\\/products\\\/sato-m84pro\\\/#breadcrumb\"},\"inLanguage\":\"fr-FR\",\"potentialAction\":[{\"@type\":\"ReadAction\",\"target\":[\"https:\\\/\\\/mpi.com.es\\\/fr\\\/products\\\/sato-m84pro\\\/\"]}]},{\"@type\":\"ImageObject\",\"inLanguage\":\"fr-FR\",\"@id\":\"https:\\\/\\\/mpi.com.es\\\/fr\\\/products\\\/sato-m84pro\\\/#primaryimage\",\"url\":\"https:\\\/\\\/mpi.com.es\\\/wp-content\\\/uploads\\\/2016\\\/02\\\/Impresora-Sato-M84Pro-e1540031754555.jpg\",\"contentUrl\":\"https:\\\/\\\/mpi.com.es\\\/wp-content\\\/uploads\\\/2016\\\/02\\\/Impresora-Sato-M84Pro-e1540031754555.jpg\",\"width\":300,\"height\":327,\"caption\":\"Impresora Sato M84Pro\"},{\"@type\":\"BreadcrumbList\",\"@id\":\"https:\\\/\\\/mpi.com.es\\\/fr\\\/products\\\/sato-m84pro\\\/#breadcrumb\",\"itemListElement\":[{\"@type\":\"ListItem\",\"position\":1,\"name\":\"Portada\",\"item\":\"https:\\\/\\\/mpi.com.es\\\/fr\\\/\"},{\"@type\":\"ListItem\",\"position\":2,\"name\":\"Produits\",\"item\":\"https:\\\/\\\/mpi.com.es\\\/fr\\\/products\\\/\"},{\"@type\":\"ListItem\",\"position\":3,\"name\":\"Sato M84Pro\"}]},{\"@type\":\"WebSite\",\"@id\":\"https:\\\/\\\/mpi.com.es\\\/fr\\\/#website\",\"url\":\"https:\\\/\\\/mpi.com.es\\\/fr\\\/\",\"name\":\"MPI Mantenimiento Perif\u00e9ricos Inform\u00e1ticos\",\"description\":\"Impresoras Industriales, impresi\u00f3n,alto volumen, mantenimiento, mantenimiento impresoras\",\"publisher\":{\"@id\":\"https:\\\/\\\/mpi.com.es\\\/fr\\\/#organization\"},\"potentialAction\":[{\"@type\":\"SearchAction\",\"target\":{\"@type\":\"EntryPoint\",\"urlTemplate\":\"https:\\\/\\\/mpi.com.es\\\/fr\\\/?s={search_term_string}\"},\"query-input\":{\"@type\":\"PropertyValueSpecification\",\"valueRequired\":true,\"valueName\":\"search_term_string\"}}],\"inLanguage\":\"fr-FR\"},{\"@type\":\"Organization\",\"@id\":\"https:\\\/\\\/mpi.com.es\\\/fr\\\/#organization\",\"name\":\"Mantenimiento Perif\u00e9ricos Inform\u00e1ticos\",\"url\":\"https:\\\/\\\/mpi.com.es\\\/fr\\\/\",\"logo\":{\"@type\":\"ImageObject\",\"inLanguage\":\"fr-FR\",\"@id\":\"https:\\\/\\\/mpi.com.es\\\/fr\\\/#\\\/schema\\\/logo\\\/image\\\/\",\"url\":\"https:\\\/\\\/mpi.com.es\\\/wp-content\\\/uploads\\\/2019\\\/07\\\/LOGONAMING-TRANSP.png\",\"contentUrl\":\"https:\\\/\\\/mpi.com.es\\\/wp-content\\\/uploads\\\/2019\\\/07\\\/LOGONAMING-TRANSP.png\",\"width\":1573,\"height\":431,\"caption\":\"Mantenimiento Perif\u00e9ricos Inform\u00e1ticos\"},\"image\":{\"@id\":\"https:\\\/\\\/mpi.com.es\\\/fr\\\/#\\\/schema\\\/logo\\\/image\\\/\"},\"sameAs\":[\"https:\\\/\\\/www.facebook.com\\\/p\\\/Mantenimiento-Perifricos-Informticos-100069020438303\"]}]}<\/script>\n<!-- \/ Yoast SEO Premium plugin. -->","yoast_head_json":{"title":"Sato M84Pro l\u2019imprimante industrielle par excellence - MPI Distributeur -","description":"L\u2019imprimante industrielle par excellence Sato M84Pro Series est la g\u00e9n\u00e9ration d\u2019imprimantes industrielles hautes performances. R\u00e9solutions: 203, 305 et 609 dpi. utilise les derni\u00e8res technologies pour fournir des performances et une vitesse de: 10 PPS vous permet de g\u00e9n\u00e9rer des \u00e9tiquettes rapidement et efficacement.","robots":{"index":"index","follow":"follow","max-snippet":"max-snippet:-1","max-image-preview":"max-image-preview:large","max-video-preview":"max-video-preview:-1"},"canonical":"https:\/\/mpi.com.es\/fr\/products\/sato-m84pro\/","og_locale":"fr_FR","og_type":"article","og_title":"Sato M84Pro","og_description":"L\u2019imprimante industrielle par excellence Sato M84Pro Series est la g\u00e9n\u00e9ration d\u2019imprimantes industrielles hautes performances. R\u00e9solutions: 203, 305 et 609 dpi. utilise les derni\u00e8res technologies pour fournir des performances et une vitesse de: 10 PPS vous permet de g\u00e9n\u00e9rer des \u00e9tiquettes rapidement et efficacement.","og_url":"https:\/\/mpi.com.es\/fr\/products\/sato-m84pro\/","og_site_name":"MPI Mantenimiento Perif\u00e9ricos Inform\u00e1ticos","article_publisher":"https:\/\/www.facebook.com\/p\/Mantenimiento-Perifricos-Informticos-100069020438303","article_modified_time":"2019-07-21T10:39:09+00:00","og_image":[{"width":300,"height":327,"url":"https:\/\/mpi.com.es\/wp-content\/uploads\/2016\/02\/Impresora-Sato-M84Pro-e1540031754555.jpg","type":"image\/jpeg"}],"schema":{"@context":"https:\/\/schema.org","@graph":[{"@type":"WebPage","@id":"https:\/\/mpi.com.es\/fr\/products\/sato-m84pro\/","url":"https:\/\/mpi.com.es\/fr\/products\/sato-m84pro\/","name":"Sato M84Pro l\u2019imprimante industrielle par excellence - MPI Distributeur -","isPartOf":{"@id":"https:\/\/mpi.com.es\/fr\/#website"},"primaryImageOfPage":{"@id":"https:\/\/mpi.com.es\/fr\/products\/sato-m84pro\/#primaryimage"},"image":{"@id":"https:\/\/mpi.com.es\/fr\/products\/sato-m84pro\/#primaryimage"},"thumbnailUrl":"https:\/\/mpi.com.es\/wp-content\/uploads\/2016\/02\/Impresora-Sato-M84Pro-e1540031754555.jpg","datePublished":"2016-02-23T11:49:57+00:00","dateModified":"2019-07-21T10:39:09+00:00","description":"L\u2019imprimante industrielle par excellence Sato M84Pro Series est la g\u00e9n\u00e9ration d\u2019imprimantes industrielles hautes performances. R\u00e9solutions: 203, 305 et 609 dpi. utilise les derni\u00e8res technologies pour fournir des performances et une vitesse de: 10 PPS vous permet de g\u00e9n\u00e9rer des \u00e9tiquettes rapidement et efficacement.","breadcrumb":{"@id":"https:\/\/mpi.com.es\/fr\/products\/sato-m84pro\/#breadcrumb"},"inLanguage":"fr-FR","potentialAction":[{"@type":"ReadAction","target":["https:\/\/mpi.com.es\/fr\/products\/sato-m84pro\/"]}]},{"@type":"ImageObject","inLanguage":"fr-FR","@id":"https:\/\/mpi.com.es\/fr\/products\/sato-m84pro\/#primaryimage","url":"https:\/\/mpi.com.es\/wp-content\/uploads\/2016\/02\/Impresora-Sato-M84Pro-e1540031754555.jpg","contentUrl":"https:\/\/mpi.com.es\/wp-content\/uploads\/2016\/02\/Impresora-Sato-M84Pro-e1540031754555.jpg","width":300,"height":327,"caption":"Impresora Sato M84Pro"},{"@type":"BreadcrumbList","@id":"https:\/\/mpi.com.es\/fr\/products\/sato-m84pro\/#breadcrumb","itemListElement":[{"@type":"ListItem","position":1,"name":"Portada","item":"https:\/\/mpi.com.es\/fr\/"},{"@type":"ListItem","position":2,"name":"Produits","item":"https:\/\/mpi.com.es\/fr\/products\/"},{"@type":"ListItem","position":3,"name":"Sato M84Pro"}]},{"@type":"WebSite","@id":"https:\/\/mpi.com.es\/fr\/#website","url":"https:\/\/mpi.com.es\/fr\/","name":"MPI Mantenimiento Perif\u00e9ricos Inform\u00e1ticos","description":"Impresoras Industriales, impresi\u00f3n,alto volumen, mantenimiento, mantenimiento impresoras","publisher":{"@id":"https:\/\/mpi.com.es\/fr\/#organization"},"potentialAction":[{"@type":"SearchAction","target":{"@type":"EntryPoint","urlTemplate":"https:\/\/mpi.com.es\/fr\/?s={search_term_string}"},"query-input":{"@type":"PropertyValueSpecification","valueRequired":true,"valueName":"search_term_string"}}],"inLanguage":"fr-FR"},{"@type":"Organization","@id":"https:\/\/mpi.com.es\/fr\/#organization","name":"Mantenimiento Perif\u00e9ricos Inform\u00e1ticos","url":"https:\/\/mpi.com.es\/fr\/","logo":{"@type":"ImageObject","inLanguage":"fr-FR","@id":"https:\/\/mpi.com.es\/fr\/#\/schema\/logo\/image\/","url":"https:\/\/mpi.com.es\/wp-content\/uploads\/2019\/07\/LOGONAMING-TRANSP.png","contentUrl":"https:\/\/mpi.com.es\/wp-content\/uploads\/2019\/07\/LOGONAMING-TRANSP.png","width":1573,"height":431,"caption":"Mantenimiento Perif\u00e9ricos Inform\u00e1ticos"},"image":{"@id":"https:\/\/mpi.com.es\/fr\/#\/schema\/logo\/image\/"},"sameAs":["https:\/\/www.facebook.com\/p\/Mantenimiento-Perifricos-Informticos-100069020438303"]}]}},"_links":{"self":[{"href":"https:\/\/mpi.com.es\/fr\/wp-json\/wp\/v2\/product\/5043","targetHints":{"allow":["GET"]}}],"collection":[{"href":"https:\/\/mpi.com.es\/fr\/wp-json\/wp\/v2\/product"}],"about":[{"href":"https:\/\/mpi.com.es\/fr\/wp-json\/wp\/v2\/types\/product"}],"wp:featuredmedia":[{"embeddable":true,"href":"https:\/\/mpi.com.es\/fr\/wp-json\/wp\/v2\/media\/3773"}],"wp:attachment":[{"href":"https:\/\/mpi.com.es\/fr\/wp-json\/wp\/v2\/media?parent=5043"}],"wp:term":[{"taxonomy":"brand","embeddable":true,"href":"https:\/\/mpi.com.es\/fr\/wp-json\/wp\/v2\/brand?post=5043"},{"taxonomy":"family","embeddable":true,"href":"https:\/\/mpi.com.es\/fr\/wp-json\/wp\/v2\/family?post=5043"},{"taxonomy":"support","embeddable":true,"href":"https:\/\/mpi.com.es\/fr\/wp-json\/wp\/v2\/support?post=5043"},{"taxonomy":"technology","embeddable":true,"href":"https:\/\/mpi.com.es\/fr\/wp-json\/wp\/v2\/technology?post=5043"},{"taxonomy":"feature","embeddable":true,"href":"https:\/\/mpi.com.es\/fr\/wp-json\/wp\/v2\/feature?post=5043"}],"curies":[{"name":"wp","href":"https:\/\/api.w.org\/{rel}","templated":true}]}}