{"id":5041,"date":"2016-02-23T12:57:02","date_gmt":"2016-02-23T11:57:02","guid":{"rendered":"https:\/\/mpi.com.es\/products\/sato-m10e\/"},"modified":"2019-02-08T18:24:38","modified_gmt":"2019-02-08T17:24:38","slug":"m10e","status":"publish","type":"product","link":"https:\/\/mpi.com.es\/fr\/products\/m10e\/","title":{"rendered":"Sato M10e"},"content":{"rendered":"","protected":false},"featured_media":7627,"template":"","meta":{"_acf_changed":false},"brand":[752,751],"family":[835,837,849],"support":[814],"technology":[811],"feature":[898],"class_list":["post-5041","product","type-product","status-publish","has-post-thumbnail","hentry","brand-imprimantes-sato-fr","brand-sato-fr","family-imprimantes","family-imprimantes-industrielles","family-imprimantes-thermiques","support-bobine-de-papier-ou-papier-continu","technology-thermique","feature-largeur-impression-10-pouces-266-mm-fr"],"acf":[],"yoast_head":"<!-- This site is optimized with the Yoast SEO Premium plugin v26.5 (Yoast SEO v27.4) - https:\/\/yoast.com\/product\/yoast-seo-premium-wordpress\/ -->\n<title>Imprimante Sato M10e Grande largeur d&#039;Impression jusqu&#039;\u00e0 27 cm MPI<\/title>\n<meta name=\"description\" content=\"Sato M10e, qualit\u00e9 d&#039;impression 305 dpi Cr\u00e9e des \u00e9tiquettes d&#039;une largeur maximale de 300 mm \u00e0 une vitesse maximale de 127 mm par seconde. La t\u00eate d&#039;impression de 267 mm permet d&#039;imprimer de grandes \u00e9tiquettes. L\u2019imprimante M10e prend en charge les supports jusqu\u2019\u00e0 300 de large, environ 422 mm de long (environ).\" \/>\n<meta name=\"robots\" content=\"index, follow, max-snippet:-1, max-image-preview:large, max-video-preview:-1\" \/>\n<link rel=\"canonical\" href=\"https:\/\/mpi.com.es\/fr\/products\/m10e\/\" \/>\n<meta property=\"og:locale\" content=\"fr_FR\" \/>\n<meta property=\"og:type\" content=\"article\" \/>\n<meta property=\"og:title\" content=\"Sato M10e\" \/>\n<meta property=\"og:description\" content=\"Sato M10e, qualit\u00e9 d&#039;impression 305 dpi Cr\u00e9e des \u00e9tiquettes d&#039;une largeur maximale de 300 mm \u00e0 une vitesse maximale de 127 mm par seconde. La t\u00eate d&#039;impression de 267 mm permet d&#039;imprimer de grandes \u00e9tiquettes. L\u2019imprimante M10e prend en charge les supports jusqu\u2019\u00e0 300 de large, environ 422 mm de long (environ).\" \/>\n<meta property=\"og:url\" content=\"https:\/\/mpi.com.es\/fr\/products\/m10e\/\" \/>\n<meta property=\"og:site_name\" content=\"MPI Mantenimiento Perif\u00e9ricos Inform\u00e1ticos\" \/>\n<meta property=\"article:publisher\" content=\"https:\/\/www.facebook.com\/p\/Mantenimiento-Perifricos-Informticos-100069020438303\" \/>\n<meta property=\"article:modified_time\" content=\"2019-02-08T17:24:38+00:00\" \/>\n<meta property=\"og:image\" content=\"https:\/\/mpi.com.es\/wp-content\/uploads\/2016\/02\/Sato-M10e-principal.jpg\" \/>\n\t<meta property=\"og:image:width\" content=\"248\" \/>\n\t<meta property=\"og:image:height\" content=\"283\" \/>\n\t<meta property=\"og:image:type\" content=\"image\/jpeg\" \/>\n<script type=\"application\/ld+json\" class=\"yoast-schema-graph\">{\"@context\":\"https:\\\/\\\/schema.org\",\"@graph\":[{\"@type\":\"WebPage\",\"@id\":\"https:\\\/\\\/mpi.com.es\\\/fr\\\/products\\\/m10e\\\/\",\"url\":\"https:\\\/\\\/mpi.com.es\\\/fr\\\/products\\\/m10e\\\/\",\"name\":\"Imprimante Sato M10e Grande largeur d'Impression jusqu'\u00e0 27 cm MPI\",\"isPartOf\":{\"@id\":\"https:\\\/\\\/mpi.com.es\\\/fr\\\/#website\"},\"primaryImageOfPage\":{\"@id\":\"https:\\\/\\\/mpi.com.es\\\/fr\\\/products\\\/m10e\\\/#primaryimage\"},\"image\":{\"@id\":\"https:\\\/\\\/mpi.com.es\\\/fr\\\/products\\\/m10e\\\/#primaryimage\"},\"thumbnailUrl\":\"https:\\\/\\\/mpi.com.es\\\/wp-content\\\/uploads\\\/2016\\\/02\\\/Sato-M10e-principal.jpg\",\"datePublished\":\"2016-02-23T11:57:02+00:00\",\"dateModified\":\"2019-02-08T17:24:38+00:00\",\"description\":\"Sato M10e, qualit\u00e9 d'impression 305 dpi Cr\u00e9e des \u00e9tiquettes d'une largeur maximale de 300 mm \u00e0 une vitesse maximale de 127 mm par seconde. La t\u00eate d'impression de 267 mm permet d'imprimer de grandes \u00e9tiquettes. L\u2019imprimante M10e prend en charge les supports jusqu\u2019\u00e0 300 de large, environ 422 mm de long (environ).\",\"breadcrumb\":{\"@id\":\"https:\\\/\\\/mpi.com.es\\\/fr\\\/products\\\/m10e\\\/#breadcrumb\"},\"inLanguage\":\"fr-FR\",\"potentialAction\":[{\"@type\":\"ReadAction\",\"target\":[\"https:\\\/\\\/mpi.com.es\\\/fr\\\/products\\\/m10e\\\/\"]}]},{\"@type\":\"ImageObject\",\"inLanguage\":\"fr-FR\",\"@id\":\"https:\\\/\\\/mpi.com.es\\\/fr\\\/products\\\/m10e\\\/#primaryimage\",\"url\":\"https:\\\/\\\/mpi.com.es\\\/wp-content\\\/uploads\\\/2016\\\/02\\\/Sato-M10e-principal.jpg\",\"contentUrl\":\"https:\\\/\\\/mpi.com.es\\\/wp-content\\\/uploads\\\/2016\\\/02\\\/Sato-M10e-principal.jpg\",\"width\":248,\"height\":283,\"caption\":\"sato M10e\"},{\"@type\":\"BreadcrumbList\",\"@id\":\"https:\\\/\\\/mpi.com.es\\\/fr\\\/products\\\/m10e\\\/#breadcrumb\",\"itemListElement\":[{\"@type\":\"ListItem\",\"position\":1,\"name\":\"Portada\",\"item\":\"https:\\\/\\\/mpi.com.es\\\/fr\\\/\"},{\"@type\":\"ListItem\",\"position\":2,\"name\":\"Produits\",\"item\":\"https:\\\/\\\/mpi.com.es\\\/fr\\\/products\\\/\"},{\"@type\":\"ListItem\",\"position\":3,\"name\":\"Sato M10e\"}]},{\"@type\":\"WebSite\",\"@id\":\"https:\\\/\\\/mpi.com.es\\\/fr\\\/#website\",\"url\":\"https:\\\/\\\/mpi.com.es\\\/fr\\\/\",\"name\":\"MPI Mantenimiento Perif\u00e9ricos Inform\u00e1ticos\",\"description\":\"Impresoras Industriales, impresi\u00f3n,alto volumen, mantenimiento, mantenimiento impresoras\",\"publisher\":{\"@id\":\"https:\\\/\\\/mpi.com.es\\\/fr\\\/#organization\"},\"potentialAction\":[{\"@type\":\"SearchAction\",\"target\":{\"@type\":\"EntryPoint\",\"urlTemplate\":\"https:\\\/\\\/mpi.com.es\\\/fr\\\/?s={search_term_string}\"},\"query-input\":{\"@type\":\"PropertyValueSpecification\",\"valueRequired\":true,\"valueName\":\"search_term_string\"}}],\"inLanguage\":\"fr-FR\"},{\"@type\":\"Organization\",\"@id\":\"https:\\\/\\\/mpi.com.es\\\/fr\\\/#organization\",\"name\":\"Mantenimiento Perif\u00e9ricos Inform\u00e1ticos\",\"url\":\"https:\\\/\\\/mpi.com.es\\\/fr\\\/\",\"logo\":{\"@type\":\"ImageObject\",\"inLanguage\":\"fr-FR\",\"@id\":\"https:\\\/\\\/mpi.com.es\\\/fr\\\/#\\\/schema\\\/logo\\\/image\\\/\",\"url\":\"https:\\\/\\\/mpi.com.es\\\/wp-content\\\/uploads\\\/2019\\\/07\\\/LOGONAMING-TRANSP.png\",\"contentUrl\":\"https:\\\/\\\/mpi.com.es\\\/wp-content\\\/uploads\\\/2019\\\/07\\\/LOGONAMING-TRANSP.png\",\"width\":1573,\"height\":431,\"caption\":\"Mantenimiento Perif\u00e9ricos Inform\u00e1ticos\"},\"image\":{\"@id\":\"https:\\\/\\\/mpi.com.es\\\/fr\\\/#\\\/schema\\\/logo\\\/image\\\/\"},\"sameAs\":[\"https:\\\/\\\/www.facebook.com\\\/p\\\/Mantenimiento-Perifricos-Informticos-100069020438303\"]}]}<\/script>\n<!-- \/ Yoast SEO Premium plugin. -->","yoast_head_json":{"title":"Imprimante Sato M10e Grande largeur d'Impression jusqu'\u00e0 27 cm MPI","description":"Sato M10e, qualit\u00e9 d'impression 305 dpi Cr\u00e9e des \u00e9tiquettes d'une largeur maximale de 300 mm \u00e0 une vitesse maximale de 127 mm par seconde. La t\u00eate d'impression de 267 mm permet d'imprimer de grandes \u00e9tiquettes. L\u2019imprimante M10e prend en charge les supports jusqu\u2019\u00e0 300 de large, environ 422 mm de long (environ).","robots":{"index":"index","follow":"follow","max-snippet":"max-snippet:-1","max-image-preview":"max-image-preview:large","max-video-preview":"max-video-preview:-1"},"canonical":"https:\/\/mpi.com.es\/fr\/products\/m10e\/","og_locale":"fr_FR","og_type":"article","og_title":"Sato M10e","og_description":"Sato M10e, qualit\u00e9 d'impression 305 dpi Cr\u00e9e des \u00e9tiquettes d'une largeur maximale de 300 mm \u00e0 une vitesse maximale de 127 mm par seconde. La t\u00eate d'impression de 267 mm permet d'imprimer de grandes \u00e9tiquettes. L\u2019imprimante M10e prend en charge les supports jusqu\u2019\u00e0 300 de large, environ 422 mm de long (environ).","og_url":"https:\/\/mpi.com.es\/fr\/products\/m10e\/","og_site_name":"MPI Mantenimiento Perif\u00e9ricos Inform\u00e1ticos","article_publisher":"https:\/\/www.facebook.com\/p\/Mantenimiento-Perifricos-Informticos-100069020438303","article_modified_time":"2019-02-08T17:24:38+00:00","og_image":[{"width":248,"height":283,"url":"https:\/\/mpi.com.es\/wp-content\/uploads\/2016\/02\/Sato-M10e-principal.jpg","type":"image\/jpeg"}],"schema":{"@context":"https:\/\/schema.org","@graph":[{"@type":"WebPage","@id":"https:\/\/mpi.com.es\/fr\/products\/m10e\/","url":"https:\/\/mpi.com.es\/fr\/products\/m10e\/","name":"Imprimante Sato M10e Grande largeur d'Impression jusqu'\u00e0 27 cm MPI","isPartOf":{"@id":"https:\/\/mpi.com.es\/fr\/#website"},"primaryImageOfPage":{"@id":"https:\/\/mpi.com.es\/fr\/products\/m10e\/#primaryimage"},"image":{"@id":"https:\/\/mpi.com.es\/fr\/products\/m10e\/#primaryimage"},"thumbnailUrl":"https:\/\/mpi.com.es\/wp-content\/uploads\/2016\/02\/Sato-M10e-principal.jpg","datePublished":"2016-02-23T11:57:02+00:00","dateModified":"2019-02-08T17:24:38+00:00","description":"Sato M10e, qualit\u00e9 d'impression 305 dpi Cr\u00e9e des \u00e9tiquettes d'une largeur maximale de 300 mm \u00e0 une vitesse maximale de 127 mm par seconde. La t\u00eate d'impression de 267 mm permet d'imprimer de grandes \u00e9tiquettes. L\u2019imprimante M10e prend en charge les supports jusqu\u2019\u00e0 300 de large, environ 422 mm de long (environ).","breadcrumb":{"@id":"https:\/\/mpi.com.es\/fr\/products\/m10e\/#breadcrumb"},"inLanguage":"fr-FR","potentialAction":[{"@type":"ReadAction","target":["https:\/\/mpi.com.es\/fr\/products\/m10e\/"]}]},{"@type":"ImageObject","inLanguage":"fr-FR","@id":"https:\/\/mpi.com.es\/fr\/products\/m10e\/#primaryimage","url":"https:\/\/mpi.com.es\/wp-content\/uploads\/2016\/02\/Sato-M10e-principal.jpg","contentUrl":"https:\/\/mpi.com.es\/wp-content\/uploads\/2016\/02\/Sato-M10e-principal.jpg","width":248,"height":283,"caption":"sato M10e"},{"@type":"BreadcrumbList","@id":"https:\/\/mpi.com.es\/fr\/products\/m10e\/#breadcrumb","itemListElement":[{"@type":"ListItem","position":1,"name":"Portada","item":"https:\/\/mpi.com.es\/fr\/"},{"@type":"ListItem","position":2,"name":"Produits","item":"https:\/\/mpi.com.es\/fr\/products\/"},{"@type":"ListItem","position":3,"name":"Sato M10e"}]},{"@type":"WebSite","@id":"https:\/\/mpi.com.es\/fr\/#website","url":"https:\/\/mpi.com.es\/fr\/","name":"MPI Mantenimiento Perif\u00e9ricos Inform\u00e1ticos","description":"Impresoras Industriales, impresi\u00f3n,alto volumen, mantenimiento, mantenimiento impresoras","publisher":{"@id":"https:\/\/mpi.com.es\/fr\/#organization"},"potentialAction":[{"@type":"SearchAction","target":{"@type":"EntryPoint","urlTemplate":"https:\/\/mpi.com.es\/fr\/?s={search_term_string}"},"query-input":{"@type":"PropertyValueSpecification","valueRequired":true,"valueName":"search_term_string"}}],"inLanguage":"fr-FR"},{"@type":"Organization","@id":"https:\/\/mpi.com.es\/fr\/#organization","name":"Mantenimiento Perif\u00e9ricos Inform\u00e1ticos","url":"https:\/\/mpi.com.es\/fr\/","logo":{"@type":"ImageObject","inLanguage":"fr-FR","@id":"https:\/\/mpi.com.es\/fr\/#\/schema\/logo\/image\/","url":"https:\/\/mpi.com.es\/wp-content\/uploads\/2019\/07\/LOGONAMING-TRANSP.png","contentUrl":"https:\/\/mpi.com.es\/wp-content\/uploads\/2019\/07\/LOGONAMING-TRANSP.png","width":1573,"height":431,"caption":"Mantenimiento Perif\u00e9ricos Inform\u00e1ticos"},"image":{"@id":"https:\/\/mpi.com.es\/fr\/#\/schema\/logo\/image\/"},"sameAs":["https:\/\/www.facebook.com\/p\/Mantenimiento-Perifricos-Informticos-100069020438303"]}]}},"_links":{"self":[{"href":"https:\/\/mpi.com.es\/fr\/wp-json\/wp\/v2\/product\/5041","targetHints":{"allow":["GET"]}}],"collection":[{"href":"https:\/\/mpi.com.es\/fr\/wp-json\/wp\/v2\/product"}],"about":[{"href":"https:\/\/mpi.com.es\/fr\/wp-json\/wp\/v2\/types\/product"}],"wp:featuredmedia":[{"embeddable":true,"href":"https:\/\/mpi.com.es\/fr\/wp-json\/wp\/v2\/media\/7627"}],"wp:attachment":[{"href":"https:\/\/mpi.com.es\/fr\/wp-json\/wp\/v2\/media?parent=5041"}],"wp:term":[{"taxonomy":"brand","embeddable":true,"href":"https:\/\/mpi.com.es\/fr\/wp-json\/wp\/v2\/brand?post=5041"},{"taxonomy":"family","embeddable":true,"href":"https:\/\/mpi.com.es\/fr\/wp-json\/wp\/v2\/family?post=5041"},{"taxonomy":"support","embeddable":true,"href":"https:\/\/mpi.com.es\/fr\/wp-json\/wp\/v2\/support?post=5041"},{"taxonomy":"technology","embeddable":true,"href":"https:\/\/mpi.com.es\/fr\/wp-json\/wp\/v2\/technology?post=5041"},{"taxonomy":"feature","embeddable":true,"href":"https:\/\/mpi.com.es\/fr\/wp-json\/wp\/v2\/feature?post=5041"}],"curies":[{"name":"wp","href":"https:\/\/api.w.org\/{rel}","templated":true}]}}