{"id":5028,"date":"2016-05-10T17:17:42","date_gmt":"2016-05-10T15:17:42","guid":{"rendered":"https:\/\/mpi.com.es\/products\/intermec-pf2i\/"},"modified":"2022-01-29T10:09:12","modified_gmt":"2022-01-29T09:09:12","slug":"intermec-pf2i","status":"publish","type":"product","link":"https:\/\/mpi.com.es\/fr\/products\/intermec-pf2i\/","title":{"rendered":"Intermec PF2i"},"content":{"rendered":"","protected":false},"featured_media":3905,"template":"","meta":{"_acf_changed":false},"brand":[6870,722],"family":[849],"support":[814],"technology":[811],"feature":[],"class_list":["post-5028","product","type-product","status-publish","has-post-thumbnail","hentry","brand-imprimantes-intermec","brand-intermec-fr","family-imprimantes-thermiques","support-bobine-de-papier-ou-papier-continu","technology-thermique"],"acf":[],"yoast_head":"<!-- This site is optimized with the Yoast SEO Premium plugin v27.5 (Yoast SEO v27.5) - https:\/\/yoast.com\/product\/yoast-seo-premium-wordpress\/ -->\n<title>Intermec PF2i Robuste Inteligente, Sure et Compacte - MPI Distribuidor<\/title>\n<meta name=\"description\" content=\"Intermec PF2i fait partie de la gamme d\u2019imprimantes la plus avanc\u00e9e du march\u00e9, flexible et programmable. Il permet aux clients d\u2019optimiser leurs op\u00e9rations d\u2019impression, amortir l\u2019investissement dans des d\u00e9lais tr\u00e8s brefs. L&#039;imprimante durcie PF2i con\u00e7ue pour r\u00e9pondre aux besoins des applications critiques\" \/>\n<meta name=\"robots\" content=\"index, follow, max-snippet:-1, max-image-preview:large, max-video-preview:-1\" \/>\n<link rel=\"canonical\" href=\"https:\/\/mpi.com.es\/fr\/products\/intermec-pf2i\/\" \/>\n<meta property=\"og:locale\" content=\"fr_FR\" \/>\n<meta property=\"og:type\" content=\"article\" \/>\n<meta property=\"og:title\" content=\"Intermec PF2i\" \/>\n<meta property=\"og:description\" content=\"Intermec PF2i fait partie de la gamme d\u2019imprimantes la plus avanc\u00e9e du march\u00e9, flexible et programmable. Il permet aux clients d\u2019optimiser leurs op\u00e9rations d\u2019impression, amortir l\u2019investissement dans des d\u00e9lais tr\u00e8s brefs. L&#039;imprimante durcie PF2i con\u00e7ue pour r\u00e9pondre aux besoins des applications critiques\" \/>\n<meta property=\"og:url\" content=\"https:\/\/mpi.com.es\/fr\/products\/intermec-pf2i\/\" \/>\n<meta property=\"og:site_name\" content=\"MPI Mantenimiento Perif\u00e9ricos Inform\u00e1ticos\" \/>\n<meta property=\"article:publisher\" content=\"https:\/\/www.facebook.com\/p\/Mantenimiento-Perifricos-Informticos-100069020438303\" \/>\n<meta property=\"article:modified_time\" content=\"2022-01-29T09:09:12+00:00\" \/>\n<meta property=\"og:image\" content=\"https:\/\/mpi.com.es\/wp-content\/uploads\/2016\/05\/Impresora-Intermec-PF2i.jpg\" \/>\n\t<meta property=\"og:image:width\" content=\"450\" \/>\n\t<meta property=\"og:image:height\" content=\"486\" \/>\n\t<meta property=\"og:image:type\" content=\"image\/jpeg\" \/>\n<script type=\"application\/ld+json\" class=\"yoast-schema-graph\">{\"@context\":\"https:\\\/\\\/schema.org\",\"@graph\":[{\"@type\":\"WebPage\",\"@id\":\"https:\\\/\\\/mpi.com.es\\\/fr\\\/products\\\/intermec-pf2i\\\/\",\"url\":\"https:\\\/\\\/mpi.com.es\\\/fr\\\/products\\\/intermec-pf2i\\\/\",\"name\":\"Intermec PF2i Robuste Inteligente, Sure et Compacte - MPI Distribuidor\",\"isPartOf\":{\"@id\":\"https:\\\/\\\/mpi.com.es\\\/fr\\\/#website\"},\"primaryImageOfPage\":{\"@id\":\"https:\\\/\\\/mpi.com.es\\\/fr\\\/products\\\/intermec-pf2i\\\/#primaryimage\"},\"image\":{\"@id\":\"https:\\\/\\\/mpi.com.es\\\/fr\\\/products\\\/intermec-pf2i\\\/#primaryimage\"},\"thumbnailUrl\":\"https:\\\/\\\/mpi.com.es\\\/wp-content\\\/uploads\\\/2016\\\/05\\\/Impresora-Intermec-PF2i.jpg\",\"datePublished\":\"2016-05-10T15:17:42+00:00\",\"dateModified\":\"2022-01-29T09:09:12+00:00\",\"description\":\"Intermec PF2i fait partie de la gamme d\u2019imprimantes la plus avanc\u00e9e du march\u00e9, flexible et programmable. Il permet aux clients d\u2019optimiser leurs op\u00e9rations d\u2019impression, amortir l\u2019investissement dans des d\u00e9lais tr\u00e8s brefs. L'imprimante durcie PF2i con\u00e7ue pour r\u00e9pondre aux besoins des applications critiques\",\"breadcrumb\":{\"@id\":\"https:\\\/\\\/mpi.com.es\\\/fr\\\/products\\\/intermec-pf2i\\\/#breadcrumb\"},\"inLanguage\":\"fr-FR\",\"potentialAction\":[{\"@type\":\"ReadAction\",\"target\":[\"https:\\\/\\\/mpi.com.es\\\/fr\\\/products\\\/intermec-pf2i\\\/\"]}]},{\"@type\":\"ImageObject\",\"inLanguage\":\"fr-FR\",\"@id\":\"https:\\\/\\\/mpi.com.es\\\/fr\\\/products\\\/intermec-pf2i\\\/#primaryimage\",\"url\":\"https:\\\/\\\/mpi.com.es\\\/wp-content\\\/uploads\\\/2016\\\/05\\\/Impresora-Intermec-PF2i.jpg\",\"contentUrl\":\"https:\\\/\\\/mpi.com.es\\\/wp-content\\\/uploads\\\/2016\\\/05\\\/Impresora-Intermec-PF2i.jpg\",\"width\":450,\"height\":486,\"caption\":\"INTERMEC PF2I\"},{\"@type\":\"BreadcrumbList\",\"@id\":\"https:\\\/\\\/mpi.com.es\\\/fr\\\/products\\\/intermec-pf2i\\\/#breadcrumb\",\"itemListElement\":[{\"@type\":\"ListItem\",\"position\":1,\"name\":\"Portada\",\"item\":\"https:\\\/\\\/mpi.com.es\\\/fr\\\/\"},{\"@type\":\"ListItem\",\"position\":2,\"name\":\"Produits\",\"item\":\"https:\\\/\\\/mpi.com.es\\\/fr\\\/products\\\/\"},{\"@type\":\"ListItem\",\"position\":3,\"name\":\"Intermec PF2i\"}]},{\"@type\":\"WebSite\",\"@id\":\"https:\\\/\\\/mpi.com.es\\\/fr\\\/#website\",\"url\":\"https:\\\/\\\/mpi.com.es\\\/fr\\\/\",\"name\":\"MPI Mantenimiento Perif\u00e9ricos Inform\u00e1ticos\",\"description\":\"Impresoras Industriales, impresi\u00f3n,alto volumen, mantenimiento, mantenimiento impresoras\",\"publisher\":{\"@id\":\"https:\\\/\\\/mpi.com.es\\\/fr\\\/#organization\"},\"potentialAction\":[{\"@type\":\"SearchAction\",\"target\":{\"@type\":\"EntryPoint\",\"urlTemplate\":\"https:\\\/\\\/mpi.com.es\\\/fr\\\/?s={search_term_string}\"},\"query-input\":{\"@type\":\"PropertyValueSpecification\",\"valueRequired\":true,\"valueName\":\"search_term_string\"}}],\"inLanguage\":\"fr-FR\"},{\"@type\":\"Organization\",\"@id\":\"https:\\\/\\\/mpi.com.es\\\/fr\\\/#organization\",\"name\":\"Mantenimiento Perif\u00e9ricos Inform\u00e1ticos\",\"url\":\"https:\\\/\\\/mpi.com.es\\\/fr\\\/\",\"logo\":{\"@type\":\"ImageObject\",\"inLanguage\":\"fr-FR\",\"@id\":\"https:\\\/\\\/mpi.com.es\\\/fr\\\/#\\\/schema\\\/logo\\\/image\\\/\",\"url\":\"https:\\\/\\\/mpi.com.es\\\/wp-content\\\/uploads\\\/2019\\\/07\\\/LOGONAMING-TRANSP.png\",\"contentUrl\":\"https:\\\/\\\/mpi.com.es\\\/wp-content\\\/uploads\\\/2019\\\/07\\\/LOGONAMING-TRANSP.png\",\"width\":1573,\"height\":431,\"caption\":\"Mantenimiento Perif\u00e9ricos Inform\u00e1ticos\"},\"image\":{\"@id\":\"https:\\\/\\\/mpi.com.es\\\/fr\\\/#\\\/schema\\\/logo\\\/image\\\/\"},\"sameAs\":[\"https:\\\/\\\/www.facebook.com\\\/p\\\/Mantenimiento-Perifricos-Informticos-100069020438303\"]}]}<\/script>\n<!-- \/ Yoast SEO Premium plugin. -->","yoast_head_json":{"title":"Intermec PF2i Robuste Inteligente, Sure et Compacte - MPI Distribuidor","description":"Intermec PF2i fait partie de la gamme d\u2019imprimantes la plus avanc\u00e9e du march\u00e9, flexible et programmable. Il permet aux clients d\u2019optimiser leurs op\u00e9rations d\u2019impression, amortir l\u2019investissement dans des d\u00e9lais tr\u00e8s brefs. L'imprimante durcie PF2i con\u00e7ue pour r\u00e9pondre aux besoins des applications critiques","robots":{"index":"index","follow":"follow","max-snippet":"max-snippet:-1","max-image-preview":"max-image-preview:large","max-video-preview":"max-video-preview:-1"},"canonical":"https:\/\/mpi.com.es\/fr\/products\/intermec-pf2i\/","og_locale":"fr_FR","og_type":"article","og_title":"Intermec PF2i","og_description":"Intermec PF2i fait partie de la gamme d\u2019imprimantes la plus avanc\u00e9e du march\u00e9, flexible et programmable. Il permet aux clients d\u2019optimiser leurs op\u00e9rations d\u2019impression, amortir l\u2019investissement dans des d\u00e9lais tr\u00e8s brefs. L'imprimante durcie PF2i con\u00e7ue pour r\u00e9pondre aux besoins des applications critiques","og_url":"https:\/\/mpi.com.es\/fr\/products\/intermec-pf2i\/","og_site_name":"MPI Mantenimiento Perif\u00e9ricos Inform\u00e1ticos","article_publisher":"https:\/\/www.facebook.com\/p\/Mantenimiento-Perifricos-Informticos-100069020438303","article_modified_time":"2022-01-29T09:09:12+00:00","og_image":[{"width":450,"height":486,"url":"https:\/\/mpi.com.es\/wp-content\/uploads\/2016\/05\/Impresora-Intermec-PF2i.jpg","type":"image\/jpeg"}],"schema":{"@context":"https:\/\/schema.org","@graph":[{"@type":"WebPage","@id":"https:\/\/mpi.com.es\/fr\/products\/intermec-pf2i\/","url":"https:\/\/mpi.com.es\/fr\/products\/intermec-pf2i\/","name":"Intermec PF2i Robuste Inteligente, Sure et Compacte - MPI Distribuidor","isPartOf":{"@id":"https:\/\/mpi.com.es\/fr\/#website"},"primaryImageOfPage":{"@id":"https:\/\/mpi.com.es\/fr\/products\/intermec-pf2i\/#primaryimage"},"image":{"@id":"https:\/\/mpi.com.es\/fr\/products\/intermec-pf2i\/#primaryimage"},"thumbnailUrl":"https:\/\/mpi.com.es\/wp-content\/uploads\/2016\/05\/Impresora-Intermec-PF2i.jpg","datePublished":"2016-05-10T15:17:42+00:00","dateModified":"2022-01-29T09:09:12+00:00","description":"Intermec PF2i fait partie de la gamme d\u2019imprimantes la plus avanc\u00e9e du march\u00e9, flexible et programmable. Il permet aux clients d\u2019optimiser leurs op\u00e9rations d\u2019impression, amortir l\u2019investissement dans des d\u00e9lais tr\u00e8s brefs. L'imprimante durcie PF2i con\u00e7ue pour r\u00e9pondre aux besoins des applications critiques","breadcrumb":{"@id":"https:\/\/mpi.com.es\/fr\/products\/intermec-pf2i\/#breadcrumb"},"inLanguage":"fr-FR","potentialAction":[{"@type":"ReadAction","target":["https:\/\/mpi.com.es\/fr\/products\/intermec-pf2i\/"]}]},{"@type":"ImageObject","inLanguage":"fr-FR","@id":"https:\/\/mpi.com.es\/fr\/products\/intermec-pf2i\/#primaryimage","url":"https:\/\/mpi.com.es\/wp-content\/uploads\/2016\/05\/Impresora-Intermec-PF2i.jpg","contentUrl":"https:\/\/mpi.com.es\/wp-content\/uploads\/2016\/05\/Impresora-Intermec-PF2i.jpg","width":450,"height":486,"caption":"INTERMEC PF2I"},{"@type":"BreadcrumbList","@id":"https:\/\/mpi.com.es\/fr\/products\/intermec-pf2i\/#breadcrumb","itemListElement":[{"@type":"ListItem","position":1,"name":"Portada","item":"https:\/\/mpi.com.es\/fr\/"},{"@type":"ListItem","position":2,"name":"Produits","item":"https:\/\/mpi.com.es\/fr\/products\/"},{"@type":"ListItem","position":3,"name":"Intermec PF2i"}]},{"@type":"WebSite","@id":"https:\/\/mpi.com.es\/fr\/#website","url":"https:\/\/mpi.com.es\/fr\/","name":"MPI Mantenimiento Perif\u00e9ricos Inform\u00e1ticos","description":"Impresoras Industriales, impresi\u00f3n,alto volumen, mantenimiento, mantenimiento impresoras","publisher":{"@id":"https:\/\/mpi.com.es\/fr\/#organization"},"potentialAction":[{"@type":"SearchAction","target":{"@type":"EntryPoint","urlTemplate":"https:\/\/mpi.com.es\/fr\/?s={search_term_string}"},"query-input":{"@type":"PropertyValueSpecification","valueRequired":true,"valueName":"search_term_string"}}],"inLanguage":"fr-FR"},{"@type":"Organization","@id":"https:\/\/mpi.com.es\/fr\/#organization","name":"Mantenimiento Perif\u00e9ricos Inform\u00e1ticos","url":"https:\/\/mpi.com.es\/fr\/","logo":{"@type":"ImageObject","inLanguage":"fr-FR","@id":"https:\/\/mpi.com.es\/fr\/#\/schema\/logo\/image\/","url":"https:\/\/mpi.com.es\/wp-content\/uploads\/2019\/07\/LOGONAMING-TRANSP.png","contentUrl":"https:\/\/mpi.com.es\/wp-content\/uploads\/2019\/07\/LOGONAMING-TRANSP.png","width":1573,"height":431,"caption":"Mantenimiento Perif\u00e9ricos Inform\u00e1ticos"},"image":{"@id":"https:\/\/mpi.com.es\/fr\/#\/schema\/logo\/image\/"},"sameAs":["https:\/\/www.facebook.com\/p\/Mantenimiento-Perifricos-Informticos-100069020438303"]}]}},"_links":{"self":[{"href":"https:\/\/mpi.com.es\/fr\/wp-json\/wp\/v2\/product\/5028","targetHints":{"allow":["GET"]}}],"collection":[{"href":"https:\/\/mpi.com.es\/fr\/wp-json\/wp\/v2\/product"}],"about":[{"href":"https:\/\/mpi.com.es\/fr\/wp-json\/wp\/v2\/types\/product"}],"wp:featuredmedia":[{"embeddable":true,"href":"https:\/\/mpi.com.es\/fr\/wp-json\/wp\/v2\/media\/3905"}],"wp:attachment":[{"href":"https:\/\/mpi.com.es\/fr\/wp-json\/wp\/v2\/media?parent=5028"}],"wp:term":[{"taxonomy":"brand","embeddable":true,"href":"https:\/\/mpi.com.es\/fr\/wp-json\/wp\/v2\/brand?post=5028"},{"taxonomy":"family","embeddable":true,"href":"https:\/\/mpi.com.es\/fr\/wp-json\/wp\/v2\/family?post=5028"},{"taxonomy":"support","embeddable":true,"href":"https:\/\/mpi.com.es\/fr\/wp-json\/wp\/v2\/support?post=5028"},{"taxonomy":"technology","embeddable":true,"href":"https:\/\/mpi.com.es\/fr\/wp-json\/wp\/v2\/technology?post=5028"},{"taxonomy":"feature","embeddable":true,"href":"https:\/\/mpi.com.es\/fr\/wp-json\/wp\/v2\/feature?post=5028"}],"curies":[{"name":"wp","href":"https:\/\/api.w.org\/{rel}","templated":true}]}}