{"id":5023,"date":"2016-05-11T12:54:02","date_gmt":"2016-05-11T10:54:02","guid":{"rendered":"https:\/\/mpi.com.es\/products\/intermec-pd41\/"},"modified":"2022-01-29T10:09:35","modified_gmt":"2022-01-29T09:09:35","slug":"intermec-pd41","status":"publish","type":"product","link":"https:\/\/mpi.com.es\/fr\/products\/intermec-pd41\/","title":{"rendered":"Intermec PD41"},"content":{"rendered":"","protected":false},"featured_media":3923,"template":"","meta":{"_acf_changed":false},"brand":[6870,722],"family":[849],"support":[814],"technology":[811],"feature":[],"class_list":["post-5023","product","type-product","status-publish","has-post-thumbnail","hentry","brand-imprimantes-intermec","brand-intermec-fr","family-imprimantes-thermiques","support-bobine-de-papier-ou-papier-continu","technology-thermique"],"acf":[],"yoast_head":"<!-- This site is optimized with the Yoast SEO Premium plugin v26.5 (Yoast SEO v27.4) - https:\/\/yoast.com\/product\/yoast-seo-premium-wordpress\/ -->\n<title>Intermec PD41 Imprimante, Inteligente, Robuste, S\u00e9curis\u00e9 MPI Distributeur<\/title>\n<meta name=\"description\" content=\"Intermec PD41, imprimante intelligente, robuste et s\u00e9curis\u00e9e, avec son claier simplifi\u00e9 r\u00e9pond aux besoins des applications de milieu de gamme. Les multiples interfaces, la connectivit\u00e9 sans fil s\u00e9curis\u00e9e, les certificats CCX et WiFi et la prise en charge d&#039;IPv6 garantissent une \u00e9volutivit\u00e9 et une int\u00e9gration faciles.\" \/>\n<meta name=\"robots\" content=\"index, follow, max-snippet:-1, max-image-preview:large, max-video-preview:-1\" \/>\n<link rel=\"canonical\" href=\"https:\/\/mpi.com.es\/fr\/products\/intermec-pd41\/\" \/>\n<meta property=\"og:locale\" content=\"fr_FR\" \/>\n<meta property=\"og:type\" content=\"article\" \/>\n<meta property=\"og:title\" content=\"Intermec PD41\" \/>\n<meta property=\"og:description\" content=\"Intermec PD41, imprimante intelligente, robuste et s\u00e9curis\u00e9e, avec son claier simplifi\u00e9 r\u00e9pond aux besoins des applications de milieu de gamme. Les multiples interfaces, la connectivit\u00e9 sans fil s\u00e9curis\u00e9e, les certificats CCX et WiFi et la prise en charge d&#039;IPv6 garantissent une \u00e9volutivit\u00e9 et une int\u00e9gration faciles.\" \/>\n<meta property=\"og:url\" content=\"https:\/\/mpi.com.es\/fr\/products\/intermec-pd41\/\" \/>\n<meta property=\"og:site_name\" content=\"MPI Mantenimiento Perif\u00e9ricos Inform\u00e1ticos\" \/>\n<meta property=\"article:publisher\" content=\"https:\/\/www.facebook.com\/p\/Mantenimiento-Perifricos-Informticos-100069020438303\" \/>\n<meta property=\"article:modified_time\" content=\"2022-01-29T09:09:35+00:00\" \/>\n<meta property=\"og:image\" content=\"https:\/\/mpi.com.es\/wp-content\/uploads\/2016\/05\/impresora-Intermec-pd41-1.jpg\" \/>\n\t<meta property=\"og:image:width\" content=\"300\" \/>\n\t<meta property=\"og:image:height\" content=\"300\" \/>\n\t<meta property=\"og:image:type\" content=\"image\/jpeg\" \/>\n<script type=\"application\/ld+json\" class=\"yoast-schema-graph\">{\"@context\":\"https:\\\/\\\/schema.org\",\"@graph\":[{\"@type\":\"WebPage\",\"@id\":\"https:\\\/\\\/mpi.com.es\\\/fr\\\/products\\\/intermec-pd41\\\/\",\"url\":\"https:\\\/\\\/mpi.com.es\\\/fr\\\/products\\\/intermec-pd41\\\/\",\"name\":\"Intermec PD41 Imprimante, Inteligente, Robuste, S\u00e9curis\u00e9 MPI Distributeur\",\"isPartOf\":{\"@id\":\"https:\\\/\\\/mpi.com.es\\\/fr\\\/#website\"},\"primaryImageOfPage\":{\"@id\":\"https:\\\/\\\/mpi.com.es\\\/fr\\\/products\\\/intermec-pd41\\\/#primaryimage\"},\"image\":{\"@id\":\"https:\\\/\\\/mpi.com.es\\\/fr\\\/products\\\/intermec-pd41\\\/#primaryimage\"},\"thumbnailUrl\":\"https:\\\/\\\/mpi.com.es\\\/wp-content\\\/uploads\\\/2016\\\/05\\\/impresora-Intermec-pd41-1.jpg\",\"datePublished\":\"2016-05-11T10:54:02+00:00\",\"dateModified\":\"2022-01-29T09:09:35+00:00\",\"description\":\"Intermec PD41, imprimante intelligente, robuste et s\u00e9curis\u00e9e, avec son claier simplifi\u00e9 r\u00e9pond aux besoins des applications de milieu de gamme. Les multiples interfaces, la connectivit\u00e9 sans fil s\u00e9curis\u00e9e, les certificats CCX et WiFi et la prise en charge d'IPv6 garantissent une \u00e9volutivit\u00e9 et une int\u00e9gration faciles.\",\"breadcrumb\":{\"@id\":\"https:\\\/\\\/mpi.com.es\\\/fr\\\/products\\\/intermec-pd41\\\/#breadcrumb\"},\"inLanguage\":\"fr-FR\",\"potentialAction\":[{\"@type\":\"ReadAction\",\"target\":[\"https:\\\/\\\/mpi.com.es\\\/fr\\\/products\\\/intermec-pd41\\\/\"]}]},{\"@type\":\"ImageObject\",\"inLanguage\":\"fr-FR\",\"@id\":\"https:\\\/\\\/mpi.com.es\\\/fr\\\/products\\\/intermec-pd41\\\/#primaryimage\",\"url\":\"https:\\\/\\\/mpi.com.es\\\/wp-content\\\/uploads\\\/2016\\\/05\\\/impresora-Intermec-pd41-1.jpg\",\"contentUrl\":\"https:\\\/\\\/mpi.com.es\\\/wp-content\\\/uploads\\\/2016\\\/05\\\/impresora-Intermec-pd41-1.jpg\",\"width\":300,\"height\":300,\"caption\":\"Intermec pd41\"},{\"@type\":\"BreadcrumbList\",\"@id\":\"https:\\\/\\\/mpi.com.es\\\/fr\\\/products\\\/intermec-pd41\\\/#breadcrumb\",\"itemListElement\":[{\"@type\":\"ListItem\",\"position\":1,\"name\":\"Portada\",\"item\":\"https:\\\/\\\/mpi.com.es\\\/fr\\\/\"},{\"@type\":\"ListItem\",\"position\":2,\"name\":\"Produits\",\"item\":\"https:\\\/\\\/mpi.com.es\\\/fr\\\/products\\\/\"},{\"@type\":\"ListItem\",\"position\":3,\"name\":\"Intermec PD41\"}]},{\"@type\":\"WebSite\",\"@id\":\"https:\\\/\\\/mpi.com.es\\\/fr\\\/#website\",\"url\":\"https:\\\/\\\/mpi.com.es\\\/fr\\\/\",\"name\":\"MPI Mantenimiento Perif\u00e9ricos Inform\u00e1ticos\",\"description\":\"Impresoras Industriales, impresi\u00f3n,alto volumen, mantenimiento, mantenimiento impresoras\",\"publisher\":{\"@id\":\"https:\\\/\\\/mpi.com.es\\\/fr\\\/#organization\"},\"potentialAction\":[{\"@type\":\"SearchAction\",\"target\":{\"@type\":\"EntryPoint\",\"urlTemplate\":\"https:\\\/\\\/mpi.com.es\\\/fr\\\/?s={search_term_string}\"},\"query-input\":{\"@type\":\"PropertyValueSpecification\",\"valueRequired\":true,\"valueName\":\"search_term_string\"}}],\"inLanguage\":\"fr-FR\"},{\"@type\":\"Organization\",\"@id\":\"https:\\\/\\\/mpi.com.es\\\/fr\\\/#organization\",\"name\":\"Mantenimiento Perif\u00e9ricos Inform\u00e1ticos\",\"url\":\"https:\\\/\\\/mpi.com.es\\\/fr\\\/\",\"logo\":{\"@type\":\"ImageObject\",\"inLanguage\":\"fr-FR\",\"@id\":\"https:\\\/\\\/mpi.com.es\\\/fr\\\/#\\\/schema\\\/logo\\\/image\\\/\",\"url\":\"https:\\\/\\\/mpi.com.es\\\/wp-content\\\/uploads\\\/2019\\\/07\\\/LOGONAMING-TRANSP.png\",\"contentUrl\":\"https:\\\/\\\/mpi.com.es\\\/wp-content\\\/uploads\\\/2019\\\/07\\\/LOGONAMING-TRANSP.png\",\"width\":1573,\"height\":431,\"caption\":\"Mantenimiento Perif\u00e9ricos Inform\u00e1ticos\"},\"image\":{\"@id\":\"https:\\\/\\\/mpi.com.es\\\/fr\\\/#\\\/schema\\\/logo\\\/image\\\/\"},\"sameAs\":[\"https:\\\/\\\/www.facebook.com\\\/p\\\/Mantenimiento-Perifricos-Informticos-100069020438303\"]}]}<\/script>\n<!-- \/ Yoast SEO Premium plugin. -->","yoast_head_json":{"title":"Intermec PD41 Imprimante, Inteligente, Robuste, S\u00e9curis\u00e9 MPI Distributeur","description":"Intermec PD41, imprimante intelligente, robuste et s\u00e9curis\u00e9e, avec son claier simplifi\u00e9 r\u00e9pond aux besoins des applications de milieu de gamme. Les multiples interfaces, la connectivit\u00e9 sans fil s\u00e9curis\u00e9e, les certificats CCX et WiFi et la prise en charge d'IPv6 garantissent une \u00e9volutivit\u00e9 et une int\u00e9gration faciles.","robots":{"index":"index","follow":"follow","max-snippet":"max-snippet:-1","max-image-preview":"max-image-preview:large","max-video-preview":"max-video-preview:-1"},"canonical":"https:\/\/mpi.com.es\/fr\/products\/intermec-pd41\/","og_locale":"fr_FR","og_type":"article","og_title":"Intermec PD41","og_description":"Intermec PD41, imprimante intelligente, robuste et s\u00e9curis\u00e9e, avec son claier simplifi\u00e9 r\u00e9pond aux besoins des applications de milieu de gamme. Les multiples interfaces, la connectivit\u00e9 sans fil s\u00e9curis\u00e9e, les certificats CCX et WiFi et la prise en charge d'IPv6 garantissent une \u00e9volutivit\u00e9 et une int\u00e9gration faciles.","og_url":"https:\/\/mpi.com.es\/fr\/products\/intermec-pd41\/","og_site_name":"MPI Mantenimiento Perif\u00e9ricos Inform\u00e1ticos","article_publisher":"https:\/\/www.facebook.com\/p\/Mantenimiento-Perifricos-Informticos-100069020438303","article_modified_time":"2022-01-29T09:09:35+00:00","og_image":[{"width":300,"height":300,"url":"https:\/\/mpi.com.es\/wp-content\/uploads\/2016\/05\/impresora-Intermec-pd41-1.jpg","type":"image\/jpeg"}],"schema":{"@context":"https:\/\/schema.org","@graph":[{"@type":"WebPage","@id":"https:\/\/mpi.com.es\/fr\/products\/intermec-pd41\/","url":"https:\/\/mpi.com.es\/fr\/products\/intermec-pd41\/","name":"Intermec PD41 Imprimante, Inteligente, Robuste, S\u00e9curis\u00e9 MPI Distributeur","isPartOf":{"@id":"https:\/\/mpi.com.es\/fr\/#website"},"primaryImageOfPage":{"@id":"https:\/\/mpi.com.es\/fr\/products\/intermec-pd41\/#primaryimage"},"image":{"@id":"https:\/\/mpi.com.es\/fr\/products\/intermec-pd41\/#primaryimage"},"thumbnailUrl":"https:\/\/mpi.com.es\/wp-content\/uploads\/2016\/05\/impresora-Intermec-pd41-1.jpg","datePublished":"2016-05-11T10:54:02+00:00","dateModified":"2022-01-29T09:09:35+00:00","description":"Intermec PD41, imprimante intelligente, robuste et s\u00e9curis\u00e9e, avec son claier simplifi\u00e9 r\u00e9pond aux besoins des applications de milieu de gamme. Les multiples interfaces, la connectivit\u00e9 sans fil s\u00e9curis\u00e9e, les certificats CCX et WiFi et la prise en charge d'IPv6 garantissent une \u00e9volutivit\u00e9 et une int\u00e9gration faciles.","breadcrumb":{"@id":"https:\/\/mpi.com.es\/fr\/products\/intermec-pd41\/#breadcrumb"},"inLanguage":"fr-FR","potentialAction":[{"@type":"ReadAction","target":["https:\/\/mpi.com.es\/fr\/products\/intermec-pd41\/"]}]},{"@type":"ImageObject","inLanguage":"fr-FR","@id":"https:\/\/mpi.com.es\/fr\/products\/intermec-pd41\/#primaryimage","url":"https:\/\/mpi.com.es\/wp-content\/uploads\/2016\/05\/impresora-Intermec-pd41-1.jpg","contentUrl":"https:\/\/mpi.com.es\/wp-content\/uploads\/2016\/05\/impresora-Intermec-pd41-1.jpg","width":300,"height":300,"caption":"Intermec pd41"},{"@type":"BreadcrumbList","@id":"https:\/\/mpi.com.es\/fr\/products\/intermec-pd41\/#breadcrumb","itemListElement":[{"@type":"ListItem","position":1,"name":"Portada","item":"https:\/\/mpi.com.es\/fr\/"},{"@type":"ListItem","position":2,"name":"Produits","item":"https:\/\/mpi.com.es\/fr\/products\/"},{"@type":"ListItem","position":3,"name":"Intermec PD41"}]},{"@type":"WebSite","@id":"https:\/\/mpi.com.es\/fr\/#website","url":"https:\/\/mpi.com.es\/fr\/","name":"MPI Mantenimiento Perif\u00e9ricos Inform\u00e1ticos","description":"Impresoras Industriales, impresi\u00f3n,alto volumen, mantenimiento, mantenimiento impresoras","publisher":{"@id":"https:\/\/mpi.com.es\/fr\/#organization"},"potentialAction":[{"@type":"SearchAction","target":{"@type":"EntryPoint","urlTemplate":"https:\/\/mpi.com.es\/fr\/?s={search_term_string}"},"query-input":{"@type":"PropertyValueSpecification","valueRequired":true,"valueName":"search_term_string"}}],"inLanguage":"fr-FR"},{"@type":"Organization","@id":"https:\/\/mpi.com.es\/fr\/#organization","name":"Mantenimiento Perif\u00e9ricos Inform\u00e1ticos","url":"https:\/\/mpi.com.es\/fr\/","logo":{"@type":"ImageObject","inLanguage":"fr-FR","@id":"https:\/\/mpi.com.es\/fr\/#\/schema\/logo\/image\/","url":"https:\/\/mpi.com.es\/wp-content\/uploads\/2019\/07\/LOGONAMING-TRANSP.png","contentUrl":"https:\/\/mpi.com.es\/wp-content\/uploads\/2019\/07\/LOGONAMING-TRANSP.png","width":1573,"height":431,"caption":"Mantenimiento Perif\u00e9ricos Inform\u00e1ticos"},"image":{"@id":"https:\/\/mpi.com.es\/fr\/#\/schema\/logo\/image\/"},"sameAs":["https:\/\/www.facebook.com\/p\/Mantenimiento-Perifricos-Informticos-100069020438303"]}]}},"_links":{"self":[{"href":"https:\/\/mpi.com.es\/fr\/wp-json\/wp\/v2\/product\/5023","targetHints":{"allow":["GET"]}}],"collection":[{"href":"https:\/\/mpi.com.es\/fr\/wp-json\/wp\/v2\/product"}],"about":[{"href":"https:\/\/mpi.com.es\/fr\/wp-json\/wp\/v2\/types\/product"}],"wp:featuredmedia":[{"embeddable":true,"href":"https:\/\/mpi.com.es\/fr\/wp-json\/wp\/v2\/media\/3923"}],"wp:attachment":[{"href":"https:\/\/mpi.com.es\/fr\/wp-json\/wp\/v2\/media?parent=5023"}],"wp:term":[{"taxonomy":"brand","embeddable":true,"href":"https:\/\/mpi.com.es\/fr\/wp-json\/wp\/v2\/brand?post=5023"},{"taxonomy":"family","embeddable":true,"href":"https:\/\/mpi.com.es\/fr\/wp-json\/wp\/v2\/family?post=5023"},{"taxonomy":"support","embeddable":true,"href":"https:\/\/mpi.com.es\/fr\/wp-json\/wp\/v2\/support?post=5023"},{"taxonomy":"technology","embeddable":true,"href":"https:\/\/mpi.com.es\/fr\/wp-json\/wp\/v2\/technology?post=5023"},{"taxonomy":"feature","embeddable":true,"href":"https:\/\/mpi.com.es\/fr\/wp-json\/wp\/v2\/feature?post=5023"}],"curies":[{"name":"wp","href":"https:\/\/api.w.org\/{rel}","templated":true}]}}