{"id":5021,"date":"2016-05-11T13:32:50","date_gmt":"2016-05-11T11:32:50","guid":{"rendered":"https:\/\/mpi.com.es\/products\/intermec-pd42\/"},"modified":"2022-01-29T10:10:10","modified_gmt":"2022-01-29T09:10:10","slug":"intermec-pd42","status":"publish","type":"product","link":"https:\/\/mpi.com.es\/fr\/products\/intermec-pd42\/","title":{"rendered":"Intermec PD42"},"content":{"rendered":"","protected":false},"featured_media":3901,"template":"","meta":{"_acf_changed":false},"brand":[6870,722],"family":[849],"support":[814],"technology":[811],"feature":[],"class_list":["post-5021","product","type-product","status-publish","has-post-thumbnail","hentry","brand-imprimantes-intermec","brand-intermec-fr","family-imprimantes-thermiques","support-bobine-de-papier-ou-papier-continu","technology-thermique"],"acf":[],"yoast_head":"<!-- This site is optimized with the Yoast SEO Premium plugin v26.5 (Yoast SEO v27.4) - https:\/\/yoast.com\/product\/yoast-seo-premium-wordpress\/ -->\n<title>Intermec PD42 Imprimante, Inteligente, Robuste, S\u00e9curis\u00e9 MPI Distributeur<\/title>\n<meta name=\"description\" content=\"Intermec PD42, imprimante intelligente, robuste et s\u00e9curis\u00e9e avec \u00e9cran graphique, r\u00e9pond aux besoins des applications de milieu de gamme. Les multiples interfaces, la connectivit\u00e9 sans fil s\u00e9curis\u00e9e, les certificats CCX et WiFi et la prise en charge d&#039;IPv6 garantissent une \u00e9volutivit\u00e9 et une int\u00e9gration faciles.\" \/>\n<meta name=\"robots\" content=\"index, follow, max-snippet:-1, max-image-preview:large, max-video-preview:-1\" \/>\n<link rel=\"canonical\" href=\"https:\/\/mpi.com.es\/fr\/products\/intermec-pd42\/\" \/>\n<meta property=\"og:locale\" content=\"fr_FR\" \/>\n<meta property=\"og:type\" content=\"article\" \/>\n<meta property=\"og:title\" content=\"Intermec PD42\" \/>\n<meta property=\"og:description\" content=\"Intermec PD42, imprimante intelligente, robuste et s\u00e9curis\u00e9e avec \u00e9cran graphique, r\u00e9pond aux besoins des applications de milieu de gamme. Les multiples interfaces, la connectivit\u00e9 sans fil s\u00e9curis\u00e9e, les certificats CCX et WiFi et la prise en charge d&#039;IPv6 garantissent une \u00e9volutivit\u00e9 et une int\u00e9gration faciles.\" \/>\n<meta property=\"og:url\" content=\"https:\/\/mpi.com.es\/fr\/products\/intermec-pd42\/\" \/>\n<meta property=\"og:site_name\" content=\"MPI Mantenimiento Perif\u00e9ricos Inform\u00e1ticos\" \/>\n<meta property=\"article:publisher\" content=\"https:\/\/www.facebook.com\/p\/Mantenimiento-Perifricos-Informticos-100069020438303\" \/>\n<meta property=\"article:modified_time\" content=\"2022-01-29T09:10:10+00:00\" \/>\n<meta property=\"og:image\" content=\"https:\/\/mpi.com.es\/wp-content\/uploads\/2016\/05\/impresora-Intermec-pd42.jpg\" \/>\n\t<meta property=\"og:image:width\" content=\"640\" \/>\n\t<meta property=\"og:image:height\" content=\"590\" \/>\n\t<meta property=\"og:image:type\" content=\"image\/jpeg\" \/>\n<script type=\"application\/ld+json\" class=\"yoast-schema-graph\">{\"@context\":\"https:\\\/\\\/schema.org\",\"@graph\":[{\"@type\":\"WebPage\",\"@id\":\"https:\\\/\\\/mpi.com.es\\\/fr\\\/products\\\/intermec-pd42\\\/\",\"url\":\"https:\\\/\\\/mpi.com.es\\\/fr\\\/products\\\/intermec-pd42\\\/\",\"name\":\"Intermec PD42 Imprimante, Inteligente, Robuste, S\u00e9curis\u00e9 MPI Distributeur\",\"isPartOf\":{\"@id\":\"https:\\\/\\\/mpi.com.es\\\/fr\\\/#website\"},\"primaryImageOfPage\":{\"@id\":\"https:\\\/\\\/mpi.com.es\\\/fr\\\/products\\\/intermec-pd42\\\/#primaryimage\"},\"image\":{\"@id\":\"https:\\\/\\\/mpi.com.es\\\/fr\\\/products\\\/intermec-pd42\\\/#primaryimage\"},\"thumbnailUrl\":\"https:\\\/\\\/mpi.com.es\\\/wp-content\\\/uploads\\\/2016\\\/05\\\/impresora-Intermec-pd42.jpg\",\"datePublished\":\"2016-05-11T11:32:50+00:00\",\"dateModified\":\"2022-01-29T09:10:10+00:00\",\"description\":\"Intermec PD42, imprimante intelligente, robuste et s\u00e9curis\u00e9e avec \u00e9cran graphique, r\u00e9pond aux besoins des applications de milieu de gamme. Les multiples interfaces, la connectivit\u00e9 sans fil s\u00e9curis\u00e9e, les certificats CCX et WiFi et la prise en charge d'IPv6 garantissent une \u00e9volutivit\u00e9 et une int\u00e9gration faciles.\",\"breadcrumb\":{\"@id\":\"https:\\\/\\\/mpi.com.es\\\/fr\\\/products\\\/intermec-pd42\\\/#breadcrumb\"},\"inLanguage\":\"fr-FR\",\"potentialAction\":[{\"@type\":\"ReadAction\",\"target\":[\"https:\\\/\\\/mpi.com.es\\\/fr\\\/products\\\/intermec-pd42\\\/\"]}]},{\"@type\":\"ImageObject\",\"inLanguage\":\"fr-FR\",\"@id\":\"https:\\\/\\\/mpi.com.es\\\/fr\\\/products\\\/intermec-pd42\\\/#primaryimage\",\"url\":\"https:\\\/\\\/mpi.com.es\\\/wp-content\\\/uploads\\\/2016\\\/05\\\/impresora-Intermec-pd42.jpg\",\"contentUrl\":\"https:\\\/\\\/mpi.com.es\\\/wp-content\\\/uploads\\\/2016\\\/05\\\/impresora-Intermec-pd42.jpg\",\"width\":640,\"height\":590},{\"@type\":\"BreadcrumbList\",\"@id\":\"https:\\\/\\\/mpi.com.es\\\/fr\\\/products\\\/intermec-pd42\\\/#breadcrumb\",\"itemListElement\":[{\"@type\":\"ListItem\",\"position\":1,\"name\":\"Portada\",\"item\":\"https:\\\/\\\/mpi.com.es\\\/fr\\\/\"},{\"@type\":\"ListItem\",\"position\":2,\"name\":\"Produits\",\"item\":\"https:\\\/\\\/mpi.com.es\\\/fr\\\/products\\\/\"},{\"@type\":\"ListItem\",\"position\":3,\"name\":\"Intermec PD42\"}]},{\"@type\":\"WebSite\",\"@id\":\"https:\\\/\\\/mpi.com.es\\\/fr\\\/#website\",\"url\":\"https:\\\/\\\/mpi.com.es\\\/fr\\\/\",\"name\":\"MPI Mantenimiento Perif\u00e9ricos Inform\u00e1ticos\",\"description\":\"Impresoras Industriales, impresi\u00f3n,alto volumen, mantenimiento, mantenimiento impresoras\",\"publisher\":{\"@id\":\"https:\\\/\\\/mpi.com.es\\\/fr\\\/#organization\"},\"potentialAction\":[{\"@type\":\"SearchAction\",\"target\":{\"@type\":\"EntryPoint\",\"urlTemplate\":\"https:\\\/\\\/mpi.com.es\\\/fr\\\/?s={search_term_string}\"},\"query-input\":{\"@type\":\"PropertyValueSpecification\",\"valueRequired\":true,\"valueName\":\"search_term_string\"}}],\"inLanguage\":\"fr-FR\"},{\"@type\":\"Organization\",\"@id\":\"https:\\\/\\\/mpi.com.es\\\/fr\\\/#organization\",\"name\":\"Mantenimiento Perif\u00e9ricos Inform\u00e1ticos\",\"url\":\"https:\\\/\\\/mpi.com.es\\\/fr\\\/\",\"logo\":{\"@type\":\"ImageObject\",\"inLanguage\":\"fr-FR\",\"@id\":\"https:\\\/\\\/mpi.com.es\\\/fr\\\/#\\\/schema\\\/logo\\\/image\\\/\",\"url\":\"https:\\\/\\\/mpi.com.es\\\/wp-content\\\/uploads\\\/2019\\\/07\\\/LOGONAMING-TRANSP.png\",\"contentUrl\":\"https:\\\/\\\/mpi.com.es\\\/wp-content\\\/uploads\\\/2019\\\/07\\\/LOGONAMING-TRANSP.png\",\"width\":1573,\"height\":431,\"caption\":\"Mantenimiento Perif\u00e9ricos Inform\u00e1ticos\"},\"image\":{\"@id\":\"https:\\\/\\\/mpi.com.es\\\/fr\\\/#\\\/schema\\\/logo\\\/image\\\/\"},\"sameAs\":[\"https:\\\/\\\/www.facebook.com\\\/p\\\/Mantenimiento-Perifricos-Informticos-100069020438303\"]}]}<\/script>\n<!-- \/ Yoast SEO Premium plugin. -->","yoast_head_json":{"title":"Intermec PD42 Imprimante, Inteligente, Robuste, S\u00e9curis\u00e9 MPI Distributeur","description":"Intermec PD42, imprimante intelligente, robuste et s\u00e9curis\u00e9e avec \u00e9cran graphique, r\u00e9pond aux besoins des applications de milieu de gamme. Les multiples interfaces, la connectivit\u00e9 sans fil s\u00e9curis\u00e9e, les certificats CCX et WiFi et la prise en charge d'IPv6 garantissent une \u00e9volutivit\u00e9 et une int\u00e9gration faciles.","robots":{"index":"index","follow":"follow","max-snippet":"max-snippet:-1","max-image-preview":"max-image-preview:large","max-video-preview":"max-video-preview:-1"},"canonical":"https:\/\/mpi.com.es\/fr\/products\/intermec-pd42\/","og_locale":"fr_FR","og_type":"article","og_title":"Intermec PD42","og_description":"Intermec PD42, imprimante intelligente, robuste et s\u00e9curis\u00e9e avec \u00e9cran graphique, r\u00e9pond aux besoins des applications de milieu de gamme. Les multiples interfaces, la connectivit\u00e9 sans fil s\u00e9curis\u00e9e, les certificats CCX et WiFi et la prise en charge d'IPv6 garantissent une \u00e9volutivit\u00e9 et une int\u00e9gration faciles.","og_url":"https:\/\/mpi.com.es\/fr\/products\/intermec-pd42\/","og_site_name":"MPI Mantenimiento Perif\u00e9ricos Inform\u00e1ticos","article_publisher":"https:\/\/www.facebook.com\/p\/Mantenimiento-Perifricos-Informticos-100069020438303","article_modified_time":"2022-01-29T09:10:10+00:00","og_image":[{"width":640,"height":590,"url":"https:\/\/mpi.com.es\/wp-content\/uploads\/2016\/05\/impresora-Intermec-pd42.jpg","type":"image\/jpeg"}],"schema":{"@context":"https:\/\/schema.org","@graph":[{"@type":"WebPage","@id":"https:\/\/mpi.com.es\/fr\/products\/intermec-pd42\/","url":"https:\/\/mpi.com.es\/fr\/products\/intermec-pd42\/","name":"Intermec PD42 Imprimante, Inteligente, Robuste, S\u00e9curis\u00e9 MPI Distributeur","isPartOf":{"@id":"https:\/\/mpi.com.es\/fr\/#website"},"primaryImageOfPage":{"@id":"https:\/\/mpi.com.es\/fr\/products\/intermec-pd42\/#primaryimage"},"image":{"@id":"https:\/\/mpi.com.es\/fr\/products\/intermec-pd42\/#primaryimage"},"thumbnailUrl":"https:\/\/mpi.com.es\/wp-content\/uploads\/2016\/05\/impresora-Intermec-pd42.jpg","datePublished":"2016-05-11T11:32:50+00:00","dateModified":"2022-01-29T09:10:10+00:00","description":"Intermec PD42, imprimante intelligente, robuste et s\u00e9curis\u00e9e avec \u00e9cran graphique, r\u00e9pond aux besoins des applications de milieu de gamme. Les multiples interfaces, la connectivit\u00e9 sans fil s\u00e9curis\u00e9e, les certificats CCX et WiFi et la prise en charge d'IPv6 garantissent une \u00e9volutivit\u00e9 et une int\u00e9gration faciles.","breadcrumb":{"@id":"https:\/\/mpi.com.es\/fr\/products\/intermec-pd42\/#breadcrumb"},"inLanguage":"fr-FR","potentialAction":[{"@type":"ReadAction","target":["https:\/\/mpi.com.es\/fr\/products\/intermec-pd42\/"]}]},{"@type":"ImageObject","inLanguage":"fr-FR","@id":"https:\/\/mpi.com.es\/fr\/products\/intermec-pd42\/#primaryimage","url":"https:\/\/mpi.com.es\/wp-content\/uploads\/2016\/05\/impresora-Intermec-pd42.jpg","contentUrl":"https:\/\/mpi.com.es\/wp-content\/uploads\/2016\/05\/impresora-Intermec-pd42.jpg","width":640,"height":590},{"@type":"BreadcrumbList","@id":"https:\/\/mpi.com.es\/fr\/products\/intermec-pd42\/#breadcrumb","itemListElement":[{"@type":"ListItem","position":1,"name":"Portada","item":"https:\/\/mpi.com.es\/fr\/"},{"@type":"ListItem","position":2,"name":"Produits","item":"https:\/\/mpi.com.es\/fr\/products\/"},{"@type":"ListItem","position":3,"name":"Intermec PD42"}]},{"@type":"WebSite","@id":"https:\/\/mpi.com.es\/fr\/#website","url":"https:\/\/mpi.com.es\/fr\/","name":"MPI Mantenimiento Perif\u00e9ricos Inform\u00e1ticos","description":"Impresoras Industriales, impresi\u00f3n,alto volumen, mantenimiento, mantenimiento impresoras","publisher":{"@id":"https:\/\/mpi.com.es\/fr\/#organization"},"potentialAction":[{"@type":"SearchAction","target":{"@type":"EntryPoint","urlTemplate":"https:\/\/mpi.com.es\/fr\/?s={search_term_string}"},"query-input":{"@type":"PropertyValueSpecification","valueRequired":true,"valueName":"search_term_string"}}],"inLanguage":"fr-FR"},{"@type":"Organization","@id":"https:\/\/mpi.com.es\/fr\/#organization","name":"Mantenimiento Perif\u00e9ricos Inform\u00e1ticos","url":"https:\/\/mpi.com.es\/fr\/","logo":{"@type":"ImageObject","inLanguage":"fr-FR","@id":"https:\/\/mpi.com.es\/fr\/#\/schema\/logo\/image\/","url":"https:\/\/mpi.com.es\/wp-content\/uploads\/2019\/07\/LOGONAMING-TRANSP.png","contentUrl":"https:\/\/mpi.com.es\/wp-content\/uploads\/2019\/07\/LOGONAMING-TRANSP.png","width":1573,"height":431,"caption":"Mantenimiento Perif\u00e9ricos Inform\u00e1ticos"},"image":{"@id":"https:\/\/mpi.com.es\/fr\/#\/schema\/logo\/image\/"},"sameAs":["https:\/\/www.facebook.com\/p\/Mantenimiento-Perifricos-Informticos-100069020438303"]}]}},"_links":{"self":[{"href":"https:\/\/mpi.com.es\/fr\/wp-json\/wp\/v2\/product\/5021","targetHints":{"allow":["GET"]}}],"collection":[{"href":"https:\/\/mpi.com.es\/fr\/wp-json\/wp\/v2\/product"}],"about":[{"href":"https:\/\/mpi.com.es\/fr\/wp-json\/wp\/v2\/types\/product"}],"wp:featuredmedia":[{"embeddable":true,"href":"https:\/\/mpi.com.es\/fr\/wp-json\/wp\/v2\/media\/3901"}],"wp:attachment":[{"href":"https:\/\/mpi.com.es\/fr\/wp-json\/wp\/v2\/media?parent=5021"}],"wp:term":[{"taxonomy":"brand","embeddable":true,"href":"https:\/\/mpi.com.es\/fr\/wp-json\/wp\/v2\/brand?post=5021"},{"taxonomy":"family","embeddable":true,"href":"https:\/\/mpi.com.es\/fr\/wp-json\/wp\/v2\/family?post=5021"},{"taxonomy":"support","embeddable":true,"href":"https:\/\/mpi.com.es\/fr\/wp-json\/wp\/v2\/support?post=5021"},{"taxonomy":"technology","embeddable":true,"href":"https:\/\/mpi.com.es\/fr\/wp-json\/wp\/v2\/technology?post=5021"},{"taxonomy":"feature","embeddable":true,"href":"https:\/\/mpi.com.es\/fr\/wp-json\/wp\/v2\/feature?post=5021"}],"curies":[{"name":"wp","href":"https:\/\/api.w.org\/{rel}","templated":true}]}}