{"id":5016,"date":"2016-05-11T14:18:52","date_gmt":"2016-05-11T12:18:52","guid":{"rendered":"https:\/\/mpi.com.es\/products\/intermec-pm43\/"},"modified":"2022-01-29T10:10:53","modified_gmt":"2022-01-29T09:10:53","slug":"intermec-pm43","status":"publish","type":"product","link":"https:\/\/mpi.com.es\/fr\/products\/intermec-pm43\/","title":{"rendered":"Intermec PM43"},"content":{"rendered":"","protected":false},"featured_media":6835,"template":"","meta":{"_acf_changed":false},"brand":[6870,722],"family":[849],"support":[814],"technology":[811],"feature":[],"class_list":["post-5016","product","type-product","status-publish","has-post-thumbnail","hentry","brand-imprimantes-intermec","brand-intermec-fr","family-imprimantes-thermiques","support-bobine-de-papier-ou-papier-continu","technology-thermique"],"acf":[],"yoast_head":"<!-- This site is optimized with the Yoast SEO Premium plugin v26.5 (Yoast SEO v27.4) - https:\/\/yoast.com\/product\/yoast-seo-premium-wordpress\/ -->\n<title>Intermec PM43 Distribution, Stockage et Fabrication\u00a0 MPI Distributuer<\/title>\n<meta name=\"description\" content=\"Les imprimantes Intermec PM43 et PM43c sont id\u00e9ales pour une grande vari\u00e9t\u00e9 d&#039;applications dans les environnements de distribution, de stockage et de fabrication. Pr\u00eat \u00e0 \u00eatre install\u00e9. Ils s&#039;int\u00e8grent parfaitement dans n&#039;importe quel environnement. Grand \u00e9cran tactile couleur, proteg\u00e9, utilisateur \u00e0 l&#039;aide d&#039;ic\u00f4nes.\" \/>\n<meta name=\"robots\" content=\"index, follow, max-snippet:-1, max-image-preview:large, max-video-preview:-1\" \/>\n<link rel=\"canonical\" href=\"https:\/\/mpi.com.es\/fr\/products\/intermec-pm43\/\" \/>\n<meta property=\"og:locale\" content=\"fr_FR\" \/>\n<meta property=\"og:type\" content=\"article\" \/>\n<meta property=\"og:title\" content=\"Intermec PM43\" \/>\n<meta property=\"og:description\" content=\"Les imprimantes Intermec PM43 et PM43c sont id\u00e9ales pour une grande vari\u00e9t\u00e9 d&#039;applications dans les environnements de distribution, de stockage et de fabrication. Pr\u00eat \u00e0 \u00eatre install\u00e9. Ils s&#039;int\u00e8grent parfaitement dans n&#039;importe quel environnement. Grand \u00e9cran tactile couleur, proteg\u00e9, utilisateur \u00e0 l&#039;aide d&#039;ic\u00f4nes.\" \/>\n<meta property=\"og:url\" content=\"https:\/\/mpi.com.es\/fr\/products\/intermec-pm43\/\" \/>\n<meta property=\"og:site_name\" content=\"MPI Mantenimiento Perif\u00e9ricos Inform\u00e1ticos\" \/>\n<meta property=\"article:publisher\" content=\"https:\/\/www.facebook.com\/p\/Mantenimiento-Perifricos-Informticos-100069020438303\" \/>\n<meta property=\"article:modified_time\" content=\"2022-01-29T09:10:53+00:00\" \/>\n<meta property=\"og:image\" content=\"https:\/\/mpi.com.es\/wp-content\/uploads\/2016\/05\/INTERMEC-pm43a-11000000302-250.jpg\" \/>\n\t<meta property=\"og:image:width\" content=\"268\" \/>\n\t<meta property=\"og:image:height\" content=\"288\" \/>\n\t<meta property=\"og:image:type\" content=\"image\/jpeg\" \/>\n<script type=\"application\/ld+json\" class=\"yoast-schema-graph\">{\"@context\":\"https:\\\/\\\/schema.org\",\"@graph\":[{\"@type\":\"WebPage\",\"@id\":\"https:\\\/\\\/mpi.com.es\\\/fr\\\/products\\\/intermec-pm43\\\/\",\"url\":\"https:\\\/\\\/mpi.com.es\\\/fr\\\/products\\\/intermec-pm43\\\/\",\"name\":\"Intermec PM43 Distribution, Stockage et Fabrication\u00a0 MPI Distributuer\",\"isPartOf\":{\"@id\":\"https:\\\/\\\/mpi.com.es\\\/fr\\\/#website\"},\"primaryImageOfPage\":{\"@id\":\"https:\\\/\\\/mpi.com.es\\\/fr\\\/products\\\/intermec-pm43\\\/#primaryimage\"},\"image\":{\"@id\":\"https:\\\/\\\/mpi.com.es\\\/fr\\\/products\\\/intermec-pm43\\\/#primaryimage\"},\"thumbnailUrl\":\"https:\\\/\\\/mpi.com.es\\\/wp-content\\\/uploads\\\/2016\\\/05\\\/INTERMEC-pm43a-11000000302-250.jpg\",\"datePublished\":\"2016-05-11T12:18:52+00:00\",\"dateModified\":\"2022-01-29T09:10:53+00:00\",\"description\":\"Les imprimantes Intermec PM43 et PM43c sont id\u00e9ales pour une grande vari\u00e9t\u00e9 d'applications dans les environnements de distribution, de stockage et de fabrication. Pr\u00eat \u00e0 \u00eatre install\u00e9. Ils s'int\u00e8grent parfaitement dans n'importe quel environnement. Grand \u00e9cran tactile couleur, proteg\u00e9, utilisateur \u00e0 l'aide d'ic\u00f4nes.\",\"breadcrumb\":{\"@id\":\"https:\\\/\\\/mpi.com.es\\\/fr\\\/products\\\/intermec-pm43\\\/#breadcrumb\"},\"inLanguage\":\"fr-FR\",\"potentialAction\":[{\"@type\":\"ReadAction\",\"target\":[\"https:\\\/\\\/mpi.com.es\\\/fr\\\/products\\\/intermec-pm43\\\/\"]}]},{\"@type\":\"ImageObject\",\"inLanguage\":\"fr-FR\",\"@id\":\"https:\\\/\\\/mpi.com.es\\\/fr\\\/products\\\/intermec-pm43\\\/#primaryimage\",\"url\":\"https:\\\/\\\/mpi.com.es\\\/wp-content\\\/uploads\\\/2016\\\/05\\\/INTERMEC-pm43a-11000000302-250.jpg\",\"contentUrl\":\"https:\\\/\\\/mpi.com.es\\\/wp-content\\\/uploads\\\/2016\\\/05\\\/INTERMEC-pm43a-11000000302-250.jpg\",\"width\":268,\"height\":288,\"caption\":\"INTERMEC pm43 PM43C\"},{\"@type\":\"BreadcrumbList\",\"@id\":\"https:\\\/\\\/mpi.com.es\\\/fr\\\/products\\\/intermec-pm43\\\/#breadcrumb\",\"itemListElement\":[{\"@type\":\"ListItem\",\"position\":1,\"name\":\"Portada\",\"item\":\"https:\\\/\\\/mpi.com.es\\\/fr\\\/\"},{\"@type\":\"ListItem\",\"position\":2,\"name\":\"Produits\",\"item\":\"https:\\\/\\\/mpi.com.es\\\/fr\\\/products\\\/\"},{\"@type\":\"ListItem\",\"position\":3,\"name\":\"Intermec PM43\"}]},{\"@type\":\"WebSite\",\"@id\":\"https:\\\/\\\/mpi.com.es\\\/fr\\\/#website\",\"url\":\"https:\\\/\\\/mpi.com.es\\\/fr\\\/\",\"name\":\"MPI Mantenimiento Perif\u00e9ricos Inform\u00e1ticos\",\"description\":\"Impresoras Industriales, impresi\u00f3n,alto volumen, mantenimiento, mantenimiento impresoras\",\"publisher\":{\"@id\":\"https:\\\/\\\/mpi.com.es\\\/fr\\\/#organization\"},\"potentialAction\":[{\"@type\":\"SearchAction\",\"target\":{\"@type\":\"EntryPoint\",\"urlTemplate\":\"https:\\\/\\\/mpi.com.es\\\/fr\\\/?s={search_term_string}\"},\"query-input\":{\"@type\":\"PropertyValueSpecification\",\"valueRequired\":true,\"valueName\":\"search_term_string\"}}],\"inLanguage\":\"fr-FR\"},{\"@type\":\"Organization\",\"@id\":\"https:\\\/\\\/mpi.com.es\\\/fr\\\/#organization\",\"name\":\"Mantenimiento Perif\u00e9ricos Inform\u00e1ticos\",\"url\":\"https:\\\/\\\/mpi.com.es\\\/fr\\\/\",\"logo\":{\"@type\":\"ImageObject\",\"inLanguage\":\"fr-FR\",\"@id\":\"https:\\\/\\\/mpi.com.es\\\/fr\\\/#\\\/schema\\\/logo\\\/image\\\/\",\"url\":\"https:\\\/\\\/mpi.com.es\\\/wp-content\\\/uploads\\\/2019\\\/07\\\/LOGONAMING-TRANSP.png\",\"contentUrl\":\"https:\\\/\\\/mpi.com.es\\\/wp-content\\\/uploads\\\/2019\\\/07\\\/LOGONAMING-TRANSP.png\",\"width\":1573,\"height\":431,\"caption\":\"Mantenimiento Perif\u00e9ricos Inform\u00e1ticos\"},\"image\":{\"@id\":\"https:\\\/\\\/mpi.com.es\\\/fr\\\/#\\\/schema\\\/logo\\\/image\\\/\"},\"sameAs\":[\"https:\\\/\\\/www.facebook.com\\\/p\\\/Mantenimiento-Perifricos-Informticos-100069020438303\"]}]}<\/script>\n<!-- \/ Yoast SEO Premium plugin. -->","yoast_head_json":{"title":"Intermec PM43 Distribution, Stockage et Fabrication\u00a0 MPI Distributuer","description":"Les imprimantes Intermec PM43 et PM43c sont id\u00e9ales pour une grande vari\u00e9t\u00e9 d'applications dans les environnements de distribution, de stockage et de fabrication. Pr\u00eat \u00e0 \u00eatre install\u00e9. Ils s'int\u00e8grent parfaitement dans n'importe quel environnement. Grand \u00e9cran tactile couleur, proteg\u00e9, utilisateur \u00e0 l'aide d'ic\u00f4nes.","robots":{"index":"index","follow":"follow","max-snippet":"max-snippet:-1","max-image-preview":"max-image-preview:large","max-video-preview":"max-video-preview:-1"},"canonical":"https:\/\/mpi.com.es\/fr\/products\/intermec-pm43\/","og_locale":"fr_FR","og_type":"article","og_title":"Intermec PM43","og_description":"Les imprimantes Intermec PM43 et PM43c sont id\u00e9ales pour une grande vari\u00e9t\u00e9 d'applications dans les environnements de distribution, de stockage et de fabrication. Pr\u00eat \u00e0 \u00eatre install\u00e9. Ils s'int\u00e8grent parfaitement dans n'importe quel environnement. Grand \u00e9cran tactile couleur, proteg\u00e9, utilisateur \u00e0 l'aide d'ic\u00f4nes.","og_url":"https:\/\/mpi.com.es\/fr\/products\/intermec-pm43\/","og_site_name":"MPI Mantenimiento Perif\u00e9ricos Inform\u00e1ticos","article_publisher":"https:\/\/www.facebook.com\/p\/Mantenimiento-Perifricos-Informticos-100069020438303","article_modified_time":"2022-01-29T09:10:53+00:00","og_image":[{"width":268,"height":288,"url":"https:\/\/mpi.com.es\/wp-content\/uploads\/2016\/05\/INTERMEC-pm43a-11000000302-250.jpg","type":"image\/jpeg"}],"schema":{"@context":"https:\/\/schema.org","@graph":[{"@type":"WebPage","@id":"https:\/\/mpi.com.es\/fr\/products\/intermec-pm43\/","url":"https:\/\/mpi.com.es\/fr\/products\/intermec-pm43\/","name":"Intermec PM43 Distribution, Stockage et Fabrication\u00a0 MPI Distributuer","isPartOf":{"@id":"https:\/\/mpi.com.es\/fr\/#website"},"primaryImageOfPage":{"@id":"https:\/\/mpi.com.es\/fr\/products\/intermec-pm43\/#primaryimage"},"image":{"@id":"https:\/\/mpi.com.es\/fr\/products\/intermec-pm43\/#primaryimage"},"thumbnailUrl":"https:\/\/mpi.com.es\/wp-content\/uploads\/2016\/05\/INTERMEC-pm43a-11000000302-250.jpg","datePublished":"2016-05-11T12:18:52+00:00","dateModified":"2022-01-29T09:10:53+00:00","description":"Les imprimantes Intermec PM43 et PM43c sont id\u00e9ales pour une grande vari\u00e9t\u00e9 d'applications dans les environnements de distribution, de stockage et de fabrication. Pr\u00eat \u00e0 \u00eatre install\u00e9. Ils s'int\u00e8grent parfaitement dans n'importe quel environnement. Grand \u00e9cran tactile couleur, proteg\u00e9, utilisateur \u00e0 l'aide d'ic\u00f4nes.","breadcrumb":{"@id":"https:\/\/mpi.com.es\/fr\/products\/intermec-pm43\/#breadcrumb"},"inLanguage":"fr-FR","potentialAction":[{"@type":"ReadAction","target":["https:\/\/mpi.com.es\/fr\/products\/intermec-pm43\/"]}]},{"@type":"ImageObject","inLanguage":"fr-FR","@id":"https:\/\/mpi.com.es\/fr\/products\/intermec-pm43\/#primaryimage","url":"https:\/\/mpi.com.es\/wp-content\/uploads\/2016\/05\/INTERMEC-pm43a-11000000302-250.jpg","contentUrl":"https:\/\/mpi.com.es\/wp-content\/uploads\/2016\/05\/INTERMEC-pm43a-11000000302-250.jpg","width":268,"height":288,"caption":"INTERMEC pm43 PM43C"},{"@type":"BreadcrumbList","@id":"https:\/\/mpi.com.es\/fr\/products\/intermec-pm43\/#breadcrumb","itemListElement":[{"@type":"ListItem","position":1,"name":"Portada","item":"https:\/\/mpi.com.es\/fr\/"},{"@type":"ListItem","position":2,"name":"Produits","item":"https:\/\/mpi.com.es\/fr\/products\/"},{"@type":"ListItem","position":3,"name":"Intermec PM43"}]},{"@type":"WebSite","@id":"https:\/\/mpi.com.es\/fr\/#website","url":"https:\/\/mpi.com.es\/fr\/","name":"MPI Mantenimiento Perif\u00e9ricos Inform\u00e1ticos","description":"Impresoras Industriales, impresi\u00f3n,alto volumen, mantenimiento, mantenimiento impresoras","publisher":{"@id":"https:\/\/mpi.com.es\/fr\/#organization"},"potentialAction":[{"@type":"SearchAction","target":{"@type":"EntryPoint","urlTemplate":"https:\/\/mpi.com.es\/fr\/?s={search_term_string}"},"query-input":{"@type":"PropertyValueSpecification","valueRequired":true,"valueName":"search_term_string"}}],"inLanguage":"fr-FR"},{"@type":"Organization","@id":"https:\/\/mpi.com.es\/fr\/#organization","name":"Mantenimiento Perif\u00e9ricos Inform\u00e1ticos","url":"https:\/\/mpi.com.es\/fr\/","logo":{"@type":"ImageObject","inLanguage":"fr-FR","@id":"https:\/\/mpi.com.es\/fr\/#\/schema\/logo\/image\/","url":"https:\/\/mpi.com.es\/wp-content\/uploads\/2019\/07\/LOGONAMING-TRANSP.png","contentUrl":"https:\/\/mpi.com.es\/wp-content\/uploads\/2019\/07\/LOGONAMING-TRANSP.png","width":1573,"height":431,"caption":"Mantenimiento Perif\u00e9ricos Inform\u00e1ticos"},"image":{"@id":"https:\/\/mpi.com.es\/fr\/#\/schema\/logo\/image\/"},"sameAs":["https:\/\/www.facebook.com\/p\/Mantenimiento-Perifricos-Informticos-100069020438303"]}]}},"_links":{"self":[{"href":"https:\/\/mpi.com.es\/fr\/wp-json\/wp\/v2\/product\/5016","targetHints":{"allow":["GET"]}}],"collection":[{"href":"https:\/\/mpi.com.es\/fr\/wp-json\/wp\/v2\/product"}],"about":[{"href":"https:\/\/mpi.com.es\/fr\/wp-json\/wp\/v2\/types\/product"}],"wp:featuredmedia":[{"embeddable":true,"href":"https:\/\/mpi.com.es\/fr\/wp-json\/wp\/v2\/media\/6835"}],"wp:attachment":[{"href":"https:\/\/mpi.com.es\/fr\/wp-json\/wp\/v2\/media?parent=5016"}],"wp:term":[{"taxonomy":"brand","embeddable":true,"href":"https:\/\/mpi.com.es\/fr\/wp-json\/wp\/v2\/brand?post=5016"},{"taxonomy":"family","embeddable":true,"href":"https:\/\/mpi.com.es\/fr\/wp-json\/wp\/v2\/family?post=5016"},{"taxonomy":"support","embeddable":true,"href":"https:\/\/mpi.com.es\/fr\/wp-json\/wp\/v2\/support?post=5016"},{"taxonomy":"technology","embeddable":true,"href":"https:\/\/mpi.com.es\/fr\/wp-json\/wp\/v2\/technology?post=5016"},{"taxonomy":"feature","embeddable":true,"href":"https:\/\/mpi.com.es\/fr\/wp-json\/wp\/v2\/feature?post=5016"}],"curies":[{"name":"wp","href":"https:\/\/api.w.org\/{rel}","templated":true}]}}