{"id":4979,"date":"2017-02-25T01:55:18","date_gmt":"2017-02-25T00:55:18","guid":{"rendered":"https:\/\/mpi.com.es\/products\/nixdorf-4920\/"},"modified":"2021-03-08T09:00:30","modified_gmt":"2021-03-08T08:00:30","slug":"nixdorf-4920","status":"publish","type":"product","link":"https:\/\/mpi.com.es\/fr\/products\/nixdorf-4920\/","title":{"rendered":"NIXDORF 4920"},"content":{"rendered":"","protected":false},"featured_media":4155,"template":"","meta":{"_acf_changed":false},"brand":[766],"family":[844,828],"support":[817],"technology":[806],"feature":[],"class_list":["post-4979","product","type-product","status-publish","has-post-thumbnail","hentry","brand-wincor-nixdorf-fr","family-imprimantes-matricielles","family-modele-discontinue","support-papier-feuille-a-feuille","technology-matricielle-serie"],"acf":[],"yoast_head":"<!-- This site is optimized with the Yoast SEO Premium plugin v26.5 (Yoast SEO v27.4) - https:\/\/yoast.com\/product\/yoast-seo-premium-wordpress\/ -->\n<title>NIXDORF 4920 - imprimante Guichet Impression Passeport et livret<\/title>\n<meta name=\"description\" content=\"Nixdorf 4920 Banking Printer 4920 MOD\u00c8LE OBSOLETE a \u00e9t\u00e9 remplac\u00e9 par le mod\u00e8le T5040 de la marque Tally Dascom 100% compatible avec les Nixdorf 4915 et 4920\" \/>\n<meta name=\"robots\" content=\"index, follow, max-snippet:-1, max-image-preview:large, max-video-preview:-1\" \/>\n<link rel=\"canonical\" href=\"https:\/\/mpi.com.es\/fr\/products\/nixdorf-4920\/\" \/>\n<meta property=\"og:locale\" content=\"fr_FR\" \/>\n<meta property=\"og:type\" content=\"article\" \/>\n<meta property=\"og:title\" content=\"NIXDORF 4920\" \/>\n<meta property=\"og:description\" content=\"Nixdorf 4920 Banking Printer 4920 MOD\u00c8LE OBSOLETE a \u00e9t\u00e9 remplac\u00e9 par le mod\u00e8le T5040 de la marque Tally Dascom 100% compatible avec les Nixdorf 4915 et 4920\" \/>\n<meta property=\"og:url\" content=\"https:\/\/mpi.com.es\/fr\/products\/nixdorf-4920\/\" \/>\n<meta property=\"og:site_name\" content=\"MPI Mantenimiento Perif\u00e9ricos Inform\u00e1ticos\" \/>\n<meta property=\"article:publisher\" content=\"https:\/\/www.facebook.com\/p\/Mantenimiento-Perifricos-Informticos-100069020438303\" \/>\n<meta property=\"article:modified_time\" content=\"2021-03-08T08:00:30+00:00\" \/>\n<meta property=\"og:image\" content=\"https:\/\/mpi.com.es\/wp-content\/uploads\/2017\/02\/IMPRESORA-NIXDORF-4920.jpg\" \/>\n\t<meta property=\"og:image:width\" content=\"645\" \/>\n\t<meta property=\"og:image:height\" content=\"706\" \/>\n\t<meta property=\"og:image:type\" content=\"image\/jpeg\" \/>\n<script type=\"application\/ld+json\" class=\"yoast-schema-graph\">{\"@context\":\"https:\\\/\\\/schema.org\",\"@graph\":[{\"@type\":\"WebPage\",\"@id\":\"https:\\\/\\\/mpi.com.es\\\/fr\\\/products\\\/nixdorf-4920\\\/\",\"url\":\"https:\\\/\\\/mpi.com.es\\\/fr\\\/products\\\/nixdorf-4920\\\/\",\"name\":\"NIXDORF 4920 - imprimante Guichet Impression Passeport et livret\",\"isPartOf\":{\"@id\":\"https:\\\/\\\/mpi.com.es\\\/fr\\\/#website\"},\"primaryImageOfPage\":{\"@id\":\"https:\\\/\\\/mpi.com.es\\\/fr\\\/products\\\/nixdorf-4920\\\/#primaryimage\"},\"image\":{\"@id\":\"https:\\\/\\\/mpi.com.es\\\/fr\\\/products\\\/nixdorf-4920\\\/#primaryimage\"},\"thumbnailUrl\":\"https:\\\/\\\/mpi.com.es\\\/wp-content\\\/uploads\\\/2017\\\/02\\\/IMPRESORA-NIXDORF-4920.jpg\",\"datePublished\":\"2017-02-25T00:55:18+00:00\",\"dateModified\":\"2021-03-08T08:00:30+00:00\",\"description\":\"Nixdorf 4920 Banking Printer 4920 MOD\u00c8LE OBSOLETE a \u00e9t\u00e9 remplac\u00e9 par le mod\u00e8le T5040 de la marque Tally Dascom 100% compatible avec les Nixdorf 4915 et 4920\",\"breadcrumb\":{\"@id\":\"https:\\\/\\\/mpi.com.es\\\/fr\\\/products\\\/nixdorf-4920\\\/#breadcrumb\"},\"inLanguage\":\"fr-FR\",\"potentialAction\":[{\"@type\":\"ReadAction\",\"target\":[\"https:\\\/\\\/mpi.com.es\\\/fr\\\/products\\\/nixdorf-4920\\\/\"]}]},{\"@type\":\"ImageObject\",\"inLanguage\":\"fr-FR\",\"@id\":\"https:\\\/\\\/mpi.com.es\\\/fr\\\/products\\\/nixdorf-4920\\\/#primaryimage\",\"url\":\"https:\\\/\\\/mpi.com.es\\\/wp-content\\\/uploads\\\/2017\\\/02\\\/IMPRESORA-NIXDORF-4920.jpg\",\"contentUrl\":\"https:\\\/\\\/mpi.com.es\\\/wp-content\\\/uploads\\\/2017\\\/02\\\/IMPRESORA-NIXDORF-4920.jpg\",\"width\":645,\"height\":706},{\"@type\":\"BreadcrumbList\",\"@id\":\"https:\\\/\\\/mpi.com.es\\\/fr\\\/products\\\/nixdorf-4920\\\/#breadcrumb\",\"itemListElement\":[{\"@type\":\"ListItem\",\"position\":1,\"name\":\"Portada\",\"item\":\"https:\\\/\\\/mpi.com.es\\\/fr\\\/\"},{\"@type\":\"ListItem\",\"position\":2,\"name\":\"Produits\",\"item\":\"https:\\\/\\\/mpi.com.es\\\/fr\\\/products\\\/\"},{\"@type\":\"ListItem\",\"position\":3,\"name\":\"NIXDORF 4920\"}]},{\"@type\":\"WebSite\",\"@id\":\"https:\\\/\\\/mpi.com.es\\\/fr\\\/#website\",\"url\":\"https:\\\/\\\/mpi.com.es\\\/fr\\\/\",\"name\":\"MPI Mantenimiento Perif\u00e9ricos Inform\u00e1ticos\",\"description\":\"Impresoras Industriales, impresi\u00f3n,alto volumen, mantenimiento, mantenimiento impresoras\",\"publisher\":{\"@id\":\"https:\\\/\\\/mpi.com.es\\\/fr\\\/#organization\"},\"potentialAction\":[{\"@type\":\"SearchAction\",\"target\":{\"@type\":\"EntryPoint\",\"urlTemplate\":\"https:\\\/\\\/mpi.com.es\\\/fr\\\/?s={search_term_string}\"},\"query-input\":{\"@type\":\"PropertyValueSpecification\",\"valueRequired\":true,\"valueName\":\"search_term_string\"}}],\"inLanguage\":\"fr-FR\"},{\"@type\":\"Organization\",\"@id\":\"https:\\\/\\\/mpi.com.es\\\/fr\\\/#organization\",\"name\":\"Mantenimiento Perif\u00e9ricos Inform\u00e1ticos\",\"url\":\"https:\\\/\\\/mpi.com.es\\\/fr\\\/\",\"logo\":{\"@type\":\"ImageObject\",\"inLanguage\":\"fr-FR\",\"@id\":\"https:\\\/\\\/mpi.com.es\\\/fr\\\/#\\\/schema\\\/logo\\\/image\\\/\",\"url\":\"https:\\\/\\\/mpi.com.es\\\/wp-content\\\/uploads\\\/2019\\\/07\\\/LOGONAMING-TRANSP.png\",\"contentUrl\":\"https:\\\/\\\/mpi.com.es\\\/wp-content\\\/uploads\\\/2019\\\/07\\\/LOGONAMING-TRANSP.png\",\"width\":1573,\"height\":431,\"caption\":\"Mantenimiento Perif\u00e9ricos Inform\u00e1ticos\"},\"image\":{\"@id\":\"https:\\\/\\\/mpi.com.es\\\/fr\\\/#\\\/schema\\\/logo\\\/image\\\/\"},\"sameAs\":[\"https:\\\/\\\/www.facebook.com\\\/p\\\/Mantenimiento-Perifricos-Informticos-100069020438303\"]}]}<\/script>\n<!-- \/ Yoast SEO Premium plugin. -->","yoast_head_json":{"title":"NIXDORF 4920 - imprimante Guichet Impression Passeport et livret","description":"Nixdorf 4920 Banking Printer 4920 MOD\u00c8LE OBSOLETE a \u00e9t\u00e9 remplac\u00e9 par le mod\u00e8le T5040 de la marque Tally Dascom 100% compatible avec les Nixdorf 4915 et 4920","robots":{"index":"index","follow":"follow","max-snippet":"max-snippet:-1","max-image-preview":"max-image-preview:large","max-video-preview":"max-video-preview:-1"},"canonical":"https:\/\/mpi.com.es\/fr\/products\/nixdorf-4920\/","og_locale":"fr_FR","og_type":"article","og_title":"NIXDORF 4920","og_description":"Nixdorf 4920 Banking Printer 4920 MOD\u00c8LE OBSOLETE a \u00e9t\u00e9 remplac\u00e9 par le mod\u00e8le T5040 de la marque Tally Dascom 100% compatible avec les Nixdorf 4915 et 4920","og_url":"https:\/\/mpi.com.es\/fr\/products\/nixdorf-4920\/","og_site_name":"MPI Mantenimiento Perif\u00e9ricos Inform\u00e1ticos","article_publisher":"https:\/\/www.facebook.com\/p\/Mantenimiento-Perifricos-Informticos-100069020438303","article_modified_time":"2021-03-08T08:00:30+00:00","og_image":[{"width":645,"height":706,"url":"https:\/\/mpi.com.es\/wp-content\/uploads\/2017\/02\/IMPRESORA-NIXDORF-4920.jpg","type":"image\/jpeg"}],"schema":{"@context":"https:\/\/schema.org","@graph":[{"@type":"WebPage","@id":"https:\/\/mpi.com.es\/fr\/products\/nixdorf-4920\/","url":"https:\/\/mpi.com.es\/fr\/products\/nixdorf-4920\/","name":"NIXDORF 4920 - imprimante Guichet Impression Passeport et livret","isPartOf":{"@id":"https:\/\/mpi.com.es\/fr\/#website"},"primaryImageOfPage":{"@id":"https:\/\/mpi.com.es\/fr\/products\/nixdorf-4920\/#primaryimage"},"image":{"@id":"https:\/\/mpi.com.es\/fr\/products\/nixdorf-4920\/#primaryimage"},"thumbnailUrl":"https:\/\/mpi.com.es\/wp-content\/uploads\/2017\/02\/IMPRESORA-NIXDORF-4920.jpg","datePublished":"2017-02-25T00:55:18+00:00","dateModified":"2021-03-08T08:00:30+00:00","description":"Nixdorf 4920 Banking Printer 4920 MOD\u00c8LE OBSOLETE a \u00e9t\u00e9 remplac\u00e9 par le mod\u00e8le T5040 de la marque Tally Dascom 100% compatible avec les Nixdorf 4915 et 4920","breadcrumb":{"@id":"https:\/\/mpi.com.es\/fr\/products\/nixdorf-4920\/#breadcrumb"},"inLanguage":"fr-FR","potentialAction":[{"@type":"ReadAction","target":["https:\/\/mpi.com.es\/fr\/products\/nixdorf-4920\/"]}]},{"@type":"ImageObject","inLanguage":"fr-FR","@id":"https:\/\/mpi.com.es\/fr\/products\/nixdorf-4920\/#primaryimage","url":"https:\/\/mpi.com.es\/wp-content\/uploads\/2017\/02\/IMPRESORA-NIXDORF-4920.jpg","contentUrl":"https:\/\/mpi.com.es\/wp-content\/uploads\/2017\/02\/IMPRESORA-NIXDORF-4920.jpg","width":645,"height":706},{"@type":"BreadcrumbList","@id":"https:\/\/mpi.com.es\/fr\/products\/nixdorf-4920\/#breadcrumb","itemListElement":[{"@type":"ListItem","position":1,"name":"Portada","item":"https:\/\/mpi.com.es\/fr\/"},{"@type":"ListItem","position":2,"name":"Produits","item":"https:\/\/mpi.com.es\/fr\/products\/"},{"@type":"ListItem","position":3,"name":"NIXDORF 4920"}]},{"@type":"WebSite","@id":"https:\/\/mpi.com.es\/fr\/#website","url":"https:\/\/mpi.com.es\/fr\/","name":"MPI Mantenimiento Perif\u00e9ricos Inform\u00e1ticos","description":"Impresoras Industriales, impresi\u00f3n,alto volumen, mantenimiento, mantenimiento impresoras","publisher":{"@id":"https:\/\/mpi.com.es\/fr\/#organization"},"potentialAction":[{"@type":"SearchAction","target":{"@type":"EntryPoint","urlTemplate":"https:\/\/mpi.com.es\/fr\/?s={search_term_string}"},"query-input":{"@type":"PropertyValueSpecification","valueRequired":true,"valueName":"search_term_string"}}],"inLanguage":"fr-FR"},{"@type":"Organization","@id":"https:\/\/mpi.com.es\/fr\/#organization","name":"Mantenimiento Perif\u00e9ricos Inform\u00e1ticos","url":"https:\/\/mpi.com.es\/fr\/","logo":{"@type":"ImageObject","inLanguage":"fr-FR","@id":"https:\/\/mpi.com.es\/fr\/#\/schema\/logo\/image\/","url":"https:\/\/mpi.com.es\/wp-content\/uploads\/2019\/07\/LOGONAMING-TRANSP.png","contentUrl":"https:\/\/mpi.com.es\/wp-content\/uploads\/2019\/07\/LOGONAMING-TRANSP.png","width":1573,"height":431,"caption":"Mantenimiento Perif\u00e9ricos Inform\u00e1ticos"},"image":{"@id":"https:\/\/mpi.com.es\/fr\/#\/schema\/logo\/image\/"},"sameAs":["https:\/\/www.facebook.com\/p\/Mantenimiento-Perifricos-Informticos-100069020438303"]}]}},"_links":{"self":[{"href":"https:\/\/mpi.com.es\/fr\/wp-json\/wp\/v2\/product\/4979","targetHints":{"allow":["GET"]}}],"collection":[{"href":"https:\/\/mpi.com.es\/fr\/wp-json\/wp\/v2\/product"}],"about":[{"href":"https:\/\/mpi.com.es\/fr\/wp-json\/wp\/v2\/types\/product"}],"wp:featuredmedia":[{"embeddable":true,"href":"https:\/\/mpi.com.es\/fr\/wp-json\/wp\/v2\/media\/4155"}],"wp:attachment":[{"href":"https:\/\/mpi.com.es\/fr\/wp-json\/wp\/v2\/media?parent=4979"}],"wp:term":[{"taxonomy":"brand","embeddable":true,"href":"https:\/\/mpi.com.es\/fr\/wp-json\/wp\/v2\/brand?post=4979"},{"taxonomy":"family","embeddable":true,"href":"https:\/\/mpi.com.es\/fr\/wp-json\/wp\/v2\/family?post=4979"},{"taxonomy":"support","embeddable":true,"href":"https:\/\/mpi.com.es\/fr\/wp-json\/wp\/v2\/support?post=4979"},{"taxonomy":"technology","embeddable":true,"href":"https:\/\/mpi.com.es\/fr\/wp-json\/wp\/v2\/technology?post=4979"},{"taxonomy":"feature","embeddable":true,"href":"https:\/\/mpi.com.es\/fr\/wp-json\/wp\/v2\/feature?post=4979"}],"curies":[{"name":"wp","href":"https:\/\/api.w.org\/{rel}","templated":true}]}}