{"id":4929,"date":"2017-12-10T12:04:04","date_gmt":"2017-12-10T11:04:04","guid":{"rendered":"https:\/\/mpi.com.es\/products\/printronix-s809\/"},"modified":"2021-12-10T08:40:49","modified_gmt":"2021-12-10T07:40:49","slug":"printronix-s809","status":"publish","type":"product","link":"https:\/\/mpi.com.es\/fr\/products\/printronix-s809\/","title":{"rendered":"Printronix S809"},"content":{"rendered":"","protected":false},"featured_media":7021,"template":"","meta":{"_acf_changed":false},"brand":[738],"family":[844],"support":[813],"technology":[806],"feature":[],"class_list":["post-4929","product","type-product","status-publish","has-post-thumbnail","hentry","brand-printronix-fr","family-imprimantes-matricielles","support-papier-continu","technology-matricielle-serie"],"acf":[],"yoast_head":"<!-- This site is optimized with the Yoast SEO Premium plugin v26.5 (Yoast SEO v27.4) - https:\/\/yoast.com\/product\/yoast-seo-premium-wordpress\/ -->\n<title>Printronix S809 Nouvelle Matricielle Serie Rapide Robuste et Silencieuse<\/title>\n<meta name=\"description\" content=\"PRINTRONIX S809 Fiabilit\u00e9 et flexibilit\u00e9 une alternative peu co\u00fbteuse pour la production de cha\u00eene d\u2019approvisionnement les applications de bureau et les environnements de vente au d\u00e9tail documents \u00e0 la demande, exceptionnellement fiable et grande flexibilit\u00e9 pour les formulaires, ainsi que l\u2019impression grand format.\" \/>\n<meta name=\"robots\" content=\"index, follow, max-snippet:-1, max-image-preview:large, max-video-preview:-1\" \/>\n<link rel=\"canonical\" href=\"https:\/\/mpi.com.es\/fr\/products\/printronix-s809\/\" \/>\n<meta property=\"og:locale\" content=\"fr_FR\" \/>\n<meta property=\"og:type\" content=\"article\" \/>\n<meta property=\"og:title\" content=\"Printronix S809\" \/>\n<meta property=\"og:description\" content=\"PRINTRONIX S809 Fiabilit\u00e9 et flexibilit\u00e9 une alternative peu co\u00fbteuse pour la production de cha\u00eene d\u2019approvisionnement les applications de bureau et les environnements de vente au d\u00e9tail documents \u00e0 la demande, exceptionnellement fiable et grande flexibilit\u00e9 pour les formulaires, ainsi que l\u2019impression grand format.\" \/>\n<meta property=\"og:url\" content=\"https:\/\/mpi.com.es\/fr\/products\/printronix-s809\/\" \/>\n<meta property=\"og:site_name\" content=\"MPI Mantenimiento Perif\u00e9ricos Inform\u00e1ticos\" \/>\n<meta property=\"article:publisher\" content=\"https:\/\/www.facebook.com\/p\/Mantenimiento-Perifricos-Informticos-100069020438303\" \/>\n<meta property=\"article:modified_time\" content=\"2021-12-10T07:40:49+00:00\" \/>\n<meta property=\"og:image\" content=\"https:\/\/mpi.com.es\/wp-content\/uploads\/2017\/12\/printronix_s809_253x280.png\" \/>\n\t<meta property=\"og:image:width\" content=\"274\" \/>\n\t<meta property=\"og:image:height\" content=\"280\" \/>\n\t<meta property=\"og:image:type\" content=\"image\/png\" \/>\n<script type=\"application\/ld+json\" class=\"yoast-schema-graph\">{\"@context\":\"https:\\\/\\\/schema.org\",\"@graph\":[{\"@type\":\"WebPage\",\"@id\":\"https:\\\/\\\/mpi.com.es\\\/fr\\\/products\\\/printronix-s809\\\/\",\"url\":\"https:\\\/\\\/mpi.com.es\\\/fr\\\/products\\\/printronix-s809\\\/\",\"name\":\"Printronix S809 Nouvelle Matricielle Serie Rapide Robuste et Silencieuse\",\"isPartOf\":{\"@id\":\"https:\\\/\\\/mpi.com.es\\\/fr\\\/#website\"},\"primaryImageOfPage\":{\"@id\":\"https:\\\/\\\/mpi.com.es\\\/fr\\\/products\\\/printronix-s809\\\/#primaryimage\"},\"image\":{\"@id\":\"https:\\\/\\\/mpi.com.es\\\/fr\\\/products\\\/printronix-s809\\\/#primaryimage\"},\"thumbnailUrl\":\"https:\\\/\\\/mpi.com.es\\\/wp-content\\\/uploads\\\/2017\\\/12\\\/printronix_s809_253x280.png\",\"datePublished\":\"2017-12-10T11:04:04+00:00\",\"dateModified\":\"2021-12-10T07:40:49+00:00\",\"description\":\"PRINTRONIX S809 Fiabilit\u00e9 et flexibilit\u00e9 une alternative peu co\u00fbteuse pour la production de cha\u00eene d\u2019approvisionnement les applications de bureau et les environnements de vente au d\u00e9tail documents \u00e0 la demande, exceptionnellement fiable et grande flexibilit\u00e9 pour les formulaires, ainsi que l\u2019impression grand format.\",\"breadcrumb\":{\"@id\":\"https:\\\/\\\/mpi.com.es\\\/fr\\\/products\\\/printronix-s809\\\/#breadcrumb\"},\"inLanguage\":\"fr-FR\",\"potentialAction\":[{\"@type\":\"ReadAction\",\"target\":[\"https:\\\/\\\/mpi.com.es\\\/fr\\\/products\\\/printronix-s809\\\/\"]}]},{\"@type\":\"ImageObject\",\"inLanguage\":\"fr-FR\",\"@id\":\"https:\\\/\\\/mpi.com.es\\\/fr\\\/products\\\/printronix-s809\\\/#primaryimage\",\"url\":\"https:\\\/\\\/mpi.com.es\\\/wp-content\\\/uploads\\\/2017\\\/12\\\/printronix_s809_253x280.png\",\"contentUrl\":\"https:\\\/\\\/mpi.com.es\\\/wp-content\\\/uploads\\\/2017\\\/12\\\/printronix_s809_253x280.png\",\"width\":274,\"height\":280,\"caption\":\"printronix_s809_253x280\"},{\"@type\":\"BreadcrumbList\",\"@id\":\"https:\\\/\\\/mpi.com.es\\\/fr\\\/products\\\/printronix-s809\\\/#breadcrumb\",\"itemListElement\":[{\"@type\":\"ListItem\",\"position\":1,\"name\":\"Portada\",\"item\":\"https:\\\/\\\/mpi.com.es\\\/fr\\\/\"},{\"@type\":\"ListItem\",\"position\":2,\"name\":\"Produits\",\"item\":\"https:\\\/\\\/mpi.com.es\\\/fr\\\/products\\\/\"},{\"@type\":\"ListItem\",\"position\":3,\"name\":\"Printronix S809\"}]},{\"@type\":\"WebSite\",\"@id\":\"https:\\\/\\\/mpi.com.es\\\/fr\\\/#website\",\"url\":\"https:\\\/\\\/mpi.com.es\\\/fr\\\/\",\"name\":\"MPI Mantenimiento Perif\u00e9ricos Inform\u00e1ticos\",\"description\":\"Impresoras Industriales, impresi\u00f3n,alto volumen, mantenimiento, mantenimiento impresoras\",\"publisher\":{\"@id\":\"https:\\\/\\\/mpi.com.es\\\/fr\\\/#organization\"},\"potentialAction\":[{\"@type\":\"SearchAction\",\"target\":{\"@type\":\"EntryPoint\",\"urlTemplate\":\"https:\\\/\\\/mpi.com.es\\\/fr\\\/?s={search_term_string}\"},\"query-input\":{\"@type\":\"PropertyValueSpecification\",\"valueRequired\":true,\"valueName\":\"search_term_string\"}}],\"inLanguage\":\"fr-FR\"},{\"@type\":\"Organization\",\"@id\":\"https:\\\/\\\/mpi.com.es\\\/fr\\\/#organization\",\"name\":\"Mantenimiento Perif\u00e9ricos Inform\u00e1ticos\",\"url\":\"https:\\\/\\\/mpi.com.es\\\/fr\\\/\",\"logo\":{\"@type\":\"ImageObject\",\"inLanguage\":\"fr-FR\",\"@id\":\"https:\\\/\\\/mpi.com.es\\\/fr\\\/#\\\/schema\\\/logo\\\/image\\\/\",\"url\":\"https:\\\/\\\/mpi.com.es\\\/wp-content\\\/uploads\\\/2019\\\/07\\\/LOGONAMING-TRANSP.png\",\"contentUrl\":\"https:\\\/\\\/mpi.com.es\\\/wp-content\\\/uploads\\\/2019\\\/07\\\/LOGONAMING-TRANSP.png\",\"width\":1573,\"height\":431,\"caption\":\"Mantenimiento Perif\u00e9ricos Inform\u00e1ticos\"},\"image\":{\"@id\":\"https:\\\/\\\/mpi.com.es\\\/fr\\\/#\\\/schema\\\/logo\\\/image\\\/\"},\"sameAs\":[\"https:\\\/\\\/www.facebook.com\\\/p\\\/Mantenimiento-Perifricos-Informticos-100069020438303\"]}]}<\/script>\n<!-- \/ Yoast SEO Premium plugin. -->","yoast_head_json":{"title":"Printronix S809 Nouvelle Matricielle Serie Rapide Robuste et Silencieuse","description":"PRINTRONIX S809 Fiabilit\u00e9 et flexibilit\u00e9 une alternative peu co\u00fbteuse pour la production de cha\u00eene d\u2019approvisionnement les applications de bureau et les environnements de vente au d\u00e9tail documents \u00e0 la demande, exceptionnellement fiable et grande flexibilit\u00e9 pour les formulaires, ainsi que l\u2019impression grand format.","robots":{"index":"index","follow":"follow","max-snippet":"max-snippet:-1","max-image-preview":"max-image-preview:large","max-video-preview":"max-video-preview:-1"},"canonical":"https:\/\/mpi.com.es\/fr\/products\/printronix-s809\/","og_locale":"fr_FR","og_type":"article","og_title":"Printronix S809","og_description":"PRINTRONIX S809 Fiabilit\u00e9 et flexibilit\u00e9 une alternative peu co\u00fbteuse pour la production de cha\u00eene d\u2019approvisionnement les applications de bureau et les environnements de vente au d\u00e9tail documents \u00e0 la demande, exceptionnellement fiable et grande flexibilit\u00e9 pour les formulaires, ainsi que l\u2019impression grand format.","og_url":"https:\/\/mpi.com.es\/fr\/products\/printronix-s809\/","og_site_name":"MPI Mantenimiento Perif\u00e9ricos Inform\u00e1ticos","article_publisher":"https:\/\/www.facebook.com\/p\/Mantenimiento-Perifricos-Informticos-100069020438303","article_modified_time":"2021-12-10T07:40:49+00:00","og_image":[{"width":274,"height":280,"url":"https:\/\/mpi.com.es\/wp-content\/uploads\/2017\/12\/printronix_s809_253x280.png","type":"image\/png"}],"schema":{"@context":"https:\/\/schema.org","@graph":[{"@type":"WebPage","@id":"https:\/\/mpi.com.es\/fr\/products\/printronix-s809\/","url":"https:\/\/mpi.com.es\/fr\/products\/printronix-s809\/","name":"Printronix S809 Nouvelle Matricielle Serie Rapide Robuste et Silencieuse","isPartOf":{"@id":"https:\/\/mpi.com.es\/fr\/#website"},"primaryImageOfPage":{"@id":"https:\/\/mpi.com.es\/fr\/products\/printronix-s809\/#primaryimage"},"image":{"@id":"https:\/\/mpi.com.es\/fr\/products\/printronix-s809\/#primaryimage"},"thumbnailUrl":"https:\/\/mpi.com.es\/wp-content\/uploads\/2017\/12\/printronix_s809_253x280.png","datePublished":"2017-12-10T11:04:04+00:00","dateModified":"2021-12-10T07:40:49+00:00","description":"PRINTRONIX S809 Fiabilit\u00e9 et flexibilit\u00e9 une alternative peu co\u00fbteuse pour la production de cha\u00eene d\u2019approvisionnement les applications de bureau et les environnements de vente au d\u00e9tail documents \u00e0 la demande, exceptionnellement fiable et grande flexibilit\u00e9 pour les formulaires, ainsi que l\u2019impression grand format.","breadcrumb":{"@id":"https:\/\/mpi.com.es\/fr\/products\/printronix-s809\/#breadcrumb"},"inLanguage":"fr-FR","potentialAction":[{"@type":"ReadAction","target":["https:\/\/mpi.com.es\/fr\/products\/printronix-s809\/"]}]},{"@type":"ImageObject","inLanguage":"fr-FR","@id":"https:\/\/mpi.com.es\/fr\/products\/printronix-s809\/#primaryimage","url":"https:\/\/mpi.com.es\/wp-content\/uploads\/2017\/12\/printronix_s809_253x280.png","contentUrl":"https:\/\/mpi.com.es\/wp-content\/uploads\/2017\/12\/printronix_s809_253x280.png","width":274,"height":280,"caption":"printronix_s809_253x280"},{"@type":"BreadcrumbList","@id":"https:\/\/mpi.com.es\/fr\/products\/printronix-s809\/#breadcrumb","itemListElement":[{"@type":"ListItem","position":1,"name":"Portada","item":"https:\/\/mpi.com.es\/fr\/"},{"@type":"ListItem","position":2,"name":"Produits","item":"https:\/\/mpi.com.es\/fr\/products\/"},{"@type":"ListItem","position":3,"name":"Printronix S809"}]},{"@type":"WebSite","@id":"https:\/\/mpi.com.es\/fr\/#website","url":"https:\/\/mpi.com.es\/fr\/","name":"MPI Mantenimiento Perif\u00e9ricos Inform\u00e1ticos","description":"Impresoras Industriales, impresi\u00f3n,alto volumen, mantenimiento, mantenimiento impresoras","publisher":{"@id":"https:\/\/mpi.com.es\/fr\/#organization"},"potentialAction":[{"@type":"SearchAction","target":{"@type":"EntryPoint","urlTemplate":"https:\/\/mpi.com.es\/fr\/?s={search_term_string}"},"query-input":{"@type":"PropertyValueSpecification","valueRequired":true,"valueName":"search_term_string"}}],"inLanguage":"fr-FR"},{"@type":"Organization","@id":"https:\/\/mpi.com.es\/fr\/#organization","name":"Mantenimiento Perif\u00e9ricos Inform\u00e1ticos","url":"https:\/\/mpi.com.es\/fr\/","logo":{"@type":"ImageObject","inLanguage":"fr-FR","@id":"https:\/\/mpi.com.es\/fr\/#\/schema\/logo\/image\/","url":"https:\/\/mpi.com.es\/wp-content\/uploads\/2019\/07\/LOGONAMING-TRANSP.png","contentUrl":"https:\/\/mpi.com.es\/wp-content\/uploads\/2019\/07\/LOGONAMING-TRANSP.png","width":1573,"height":431,"caption":"Mantenimiento Perif\u00e9ricos Inform\u00e1ticos"},"image":{"@id":"https:\/\/mpi.com.es\/fr\/#\/schema\/logo\/image\/"},"sameAs":["https:\/\/www.facebook.com\/p\/Mantenimiento-Perifricos-Informticos-100069020438303"]}]}},"_links":{"self":[{"href":"https:\/\/mpi.com.es\/fr\/wp-json\/wp\/v2\/product\/4929","targetHints":{"allow":["GET"]}}],"collection":[{"href":"https:\/\/mpi.com.es\/fr\/wp-json\/wp\/v2\/product"}],"about":[{"href":"https:\/\/mpi.com.es\/fr\/wp-json\/wp\/v2\/types\/product"}],"wp:featuredmedia":[{"embeddable":true,"href":"https:\/\/mpi.com.es\/fr\/wp-json\/wp\/v2\/media\/7021"}],"wp:attachment":[{"href":"https:\/\/mpi.com.es\/fr\/wp-json\/wp\/v2\/media?parent=4929"}],"wp:term":[{"taxonomy":"brand","embeddable":true,"href":"https:\/\/mpi.com.es\/fr\/wp-json\/wp\/v2\/brand?post=4929"},{"taxonomy":"family","embeddable":true,"href":"https:\/\/mpi.com.es\/fr\/wp-json\/wp\/v2\/family?post=4929"},{"taxonomy":"support","embeddable":true,"href":"https:\/\/mpi.com.es\/fr\/wp-json\/wp\/v2\/support?post=4929"},{"taxonomy":"technology","embeddable":true,"href":"https:\/\/mpi.com.es\/fr\/wp-json\/wp\/v2\/technology?post=4929"},{"taxonomy":"feature","embeddable":true,"href":"https:\/\/mpi.com.es\/fr\/wp-json\/wp\/v2\/feature?post=4929"}],"curies":[{"name":"wp","href":"https:\/\/api.w.org\/{rel}","templated":true}]}}