{"id":4902,"date":"2018-01-21T18:45:12","date_gmt":"2018-01-21T17:45:12","guid":{"rendered":"https:\/\/mpi.com.es\/products\/cabezal-sato-cl6nx-300-dpi\/"},"modified":"2022-01-30T09:35:37","modified_gmt":"2022-01-30T08:35:37","slug":"cabezal-sato-cl6nx-300-dpi","status":"publish","type":"product","link":"https:\/\/mpi.com.es\/fr\/products\/cabezal-sato-cl6nx-300-dpi\/","title":{"rendered":"Cabezal Sato CL6NX 300 DPI"},"content":{"rendered":"","protected":false},"featured_media":4475,"template":"","meta":{"_acf_changed":false},"brand":[751,1234],"family":[1737],"support":[],"technology":[811],"feature":[859],"class_list":["post-4902","product","type-product","status-publish","has-post-thumbnail","hentry","brand-sato-fr","brand-tete-sato","family-tete-impression-sato","technology-thermique","feature-largeur-impression-6-pouces-152-mm"],"acf":[],"yoast_head":"<!-- This site is optimized with the Yoast SEO Premium plugin v26.5 (Yoast SEO v27.4) - https:\/\/yoast.com\/product\/yoast-seo-premium-wordpress\/ -->\n<title>Cabezal Sato CL6NX 300 DPI MPI Nuevo PN: R38747600<\/title>\n<meta name=\"description\" content=\"R32169900 - R38747600 Cabezal Sato CL6NX 300 dpi Distribuidor oficial impresoras Sato servicio t\u00e9cnico mantenimiento impresoras Sato Espa\u00f1a y Portugal\" \/>\n<meta name=\"robots\" content=\"index, follow, max-snippet:-1, max-image-preview:large, max-video-preview:-1\" \/>\n<link rel=\"canonical\" href=\"https:\/\/mpi.com.es\/fr\/products\/cabezal-sato-cl6nx-300-dpi\/\" \/>\n<meta property=\"og:locale\" content=\"fr_FR\" \/>\n<meta property=\"og:type\" content=\"article\" \/>\n<meta property=\"og:title\" content=\"Cabezal Sato CL6NX 300 DPI\" \/>\n<meta property=\"og:description\" content=\"R32169900 - R38747600 Cabezal Sato CL6NX 300 dpi Distribuidor oficial impresoras Sato servicio t\u00e9cnico mantenimiento impresoras Sato Espa\u00f1a y Portugal\" \/>\n<meta property=\"og:url\" content=\"https:\/\/mpi.com.es\/fr\/products\/cabezal-sato-cl6nx-300-dpi\/\" \/>\n<meta property=\"og:site_name\" content=\"MPI Mantenimiento Perif\u00e9ricos Inform\u00e1ticos\" \/>\n<meta property=\"article:publisher\" content=\"https:\/\/www.facebook.com\/p\/Mantenimiento-Perifricos-Informticos-100069020438303\" \/>\n<meta property=\"article:modified_time\" content=\"2022-01-30T08:35:37+00:00\" \/>\n<meta property=\"og:image\" content=\"https:\/\/mpi.com.es\/wp-content\/uploads\/2018\/01\/Sato_Cabezal_CL6NX_300DPI_R32169900.jpg\" \/>\n\t<meta property=\"og:image:width\" content=\"1000\" \/>\n\t<meta property=\"og:image:height\" content=\"1000\" \/>\n\t<meta property=\"og:image:type\" content=\"image\/jpeg\" \/>\n<script type=\"application\/ld+json\" class=\"yoast-schema-graph\">{\"@context\":\"https:\\\/\\\/schema.org\",\"@graph\":[{\"@type\":\"WebPage\",\"@id\":\"https:\\\/\\\/mpi.com.es\\\/fr\\\/products\\\/cabezal-sato-cl6nx-300-dpi\\\/\",\"url\":\"https:\\\/\\\/mpi.com.es\\\/fr\\\/products\\\/cabezal-sato-cl6nx-300-dpi\\\/\",\"name\":\"Cabezal Sato CL6NX 300 DPI MPI Nuevo PN: R38747600\",\"isPartOf\":{\"@id\":\"https:\\\/\\\/mpi.com.es\\\/fr\\\/#website\"},\"primaryImageOfPage\":{\"@id\":\"https:\\\/\\\/mpi.com.es\\\/fr\\\/products\\\/cabezal-sato-cl6nx-300-dpi\\\/#primaryimage\"},\"image\":{\"@id\":\"https:\\\/\\\/mpi.com.es\\\/fr\\\/products\\\/cabezal-sato-cl6nx-300-dpi\\\/#primaryimage\"},\"thumbnailUrl\":\"https:\\\/\\\/mpi.com.es\\\/wp-content\\\/uploads\\\/2018\\\/01\\\/Sato_Cabezal_CL6NX_300DPI_R32169900.jpg\",\"datePublished\":\"2018-01-21T17:45:12+00:00\",\"dateModified\":\"2022-01-30T08:35:37+00:00\",\"description\":\"R32169900 - R38747600 Cabezal Sato CL6NX 300 dpi Distribuidor oficial impresoras Sato servicio t\u00e9cnico mantenimiento impresoras Sato Espa\u00f1a y Portugal\",\"breadcrumb\":{\"@id\":\"https:\\\/\\\/mpi.com.es\\\/fr\\\/products\\\/cabezal-sato-cl6nx-300-dpi\\\/#breadcrumb\"},\"inLanguage\":\"fr-FR\",\"potentialAction\":[{\"@type\":\"ReadAction\",\"target\":[\"https:\\\/\\\/mpi.com.es\\\/fr\\\/products\\\/cabezal-sato-cl6nx-300-dpi\\\/\"]}]},{\"@type\":\"ImageObject\",\"inLanguage\":\"fr-FR\",\"@id\":\"https:\\\/\\\/mpi.com.es\\\/fr\\\/products\\\/cabezal-sato-cl6nx-300-dpi\\\/#primaryimage\",\"url\":\"https:\\\/\\\/mpi.com.es\\\/wp-content\\\/uploads\\\/2018\\\/01\\\/Sato_Cabezal_CL6NX_300DPI_R32169900.jpg\",\"contentUrl\":\"https:\\\/\\\/mpi.com.es\\\/wp-content\\\/uploads\\\/2018\\\/01\\\/Sato_Cabezal_CL6NX_300DPI_R32169900.jpg\",\"width\":1000,\"height\":1000},{\"@type\":\"BreadcrumbList\",\"@id\":\"https:\\\/\\\/mpi.com.es\\\/fr\\\/products\\\/cabezal-sato-cl6nx-300-dpi\\\/#breadcrumb\",\"itemListElement\":[{\"@type\":\"ListItem\",\"position\":1,\"name\":\"Portada\",\"item\":\"https:\\\/\\\/mpi.com.es\\\/fr\\\/\"},{\"@type\":\"ListItem\",\"position\":2,\"name\":\"Produits\",\"item\":\"https:\\\/\\\/mpi.com.es\\\/fr\\\/products\\\/\"},{\"@type\":\"ListItem\",\"position\":3,\"name\":\"Cabezal Sato CL6NX 300 DPI\"}]},{\"@type\":\"WebSite\",\"@id\":\"https:\\\/\\\/mpi.com.es\\\/fr\\\/#website\",\"url\":\"https:\\\/\\\/mpi.com.es\\\/fr\\\/\",\"name\":\"MPI Mantenimiento Perif\u00e9ricos Inform\u00e1ticos\",\"description\":\"Impresoras Industriales, impresi\u00f3n,alto volumen, mantenimiento, mantenimiento impresoras\",\"publisher\":{\"@id\":\"https:\\\/\\\/mpi.com.es\\\/fr\\\/#organization\"},\"potentialAction\":[{\"@type\":\"SearchAction\",\"target\":{\"@type\":\"EntryPoint\",\"urlTemplate\":\"https:\\\/\\\/mpi.com.es\\\/fr\\\/?s={search_term_string}\"},\"query-input\":{\"@type\":\"PropertyValueSpecification\",\"valueRequired\":true,\"valueName\":\"search_term_string\"}}],\"inLanguage\":\"fr-FR\"},{\"@type\":\"Organization\",\"@id\":\"https:\\\/\\\/mpi.com.es\\\/fr\\\/#organization\",\"name\":\"Mantenimiento Perif\u00e9ricos Inform\u00e1ticos\",\"url\":\"https:\\\/\\\/mpi.com.es\\\/fr\\\/\",\"logo\":{\"@type\":\"ImageObject\",\"inLanguage\":\"fr-FR\",\"@id\":\"https:\\\/\\\/mpi.com.es\\\/fr\\\/#\\\/schema\\\/logo\\\/image\\\/\",\"url\":\"https:\\\/\\\/mpi.com.es\\\/wp-content\\\/uploads\\\/2019\\\/07\\\/LOGONAMING-TRANSP.png\",\"contentUrl\":\"https:\\\/\\\/mpi.com.es\\\/wp-content\\\/uploads\\\/2019\\\/07\\\/LOGONAMING-TRANSP.png\",\"width\":1573,\"height\":431,\"caption\":\"Mantenimiento Perif\u00e9ricos Inform\u00e1ticos\"},\"image\":{\"@id\":\"https:\\\/\\\/mpi.com.es\\\/fr\\\/#\\\/schema\\\/logo\\\/image\\\/\"},\"sameAs\":[\"https:\\\/\\\/www.facebook.com\\\/p\\\/Mantenimiento-Perifricos-Informticos-100069020438303\"]}]}<\/script>\n<!-- \/ Yoast SEO Premium plugin. -->","yoast_head_json":{"title":"Cabezal Sato CL6NX 300 DPI MPI Nuevo PN: R38747600","description":"R32169900 - R38747600 Cabezal Sato CL6NX 300 dpi Distribuidor oficial impresoras Sato servicio t\u00e9cnico mantenimiento impresoras Sato Espa\u00f1a y Portugal","robots":{"index":"index","follow":"follow","max-snippet":"max-snippet:-1","max-image-preview":"max-image-preview:large","max-video-preview":"max-video-preview:-1"},"canonical":"https:\/\/mpi.com.es\/fr\/products\/cabezal-sato-cl6nx-300-dpi\/","og_locale":"fr_FR","og_type":"article","og_title":"Cabezal Sato CL6NX 300 DPI","og_description":"R32169900 - R38747600 Cabezal Sato CL6NX 300 dpi Distribuidor oficial impresoras Sato servicio t\u00e9cnico mantenimiento impresoras Sato Espa\u00f1a y Portugal","og_url":"https:\/\/mpi.com.es\/fr\/products\/cabezal-sato-cl6nx-300-dpi\/","og_site_name":"MPI Mantenimiento Perif\u00e9ricos Inform\u00e1ticos","article_publisher":"https:\/\/www.facebook.com\/p\/Mantenimiento-Perifricos-Informticos-100069020438303","article_modified_time":"2022-01-30T08:35:37+00:00","og_image":[{"width":1000,"height":1000,"url":"https:\/\/mpi.com.es\/wp-content\/uploads\/2018\/01\/Sato_Cabezal_CL6NX_300DPI_R32169900.jpg","type":"image\/jpeg"}],"schema":{"@context":"https:\/\/schema.org","@graph":[{"@type":"WebPage","@id":"https:\/\/mpi.com.es\/fr\/products\/cabezal-sato-cl6nx-300-dpi\/","url":"https:\/\/mpi.com.es\/fr\/products\/cabezal-sato-cl6nx-300-dpi\/","name":"Cabezal Sato CL6NX 300 DPI MPI Nuevo PN: R38747600","isPartOf":{"@id":"https:\/\/mpi.com.es\/fr\/#website"},"primaryImageOfPage":{"@id":"https:\/\/mpi.com.es\/fr\/products\/cabezal-sato-cl6nx-300-dpi\/#primaryimage"},"image":{"@id":"https:\/\/mpi.com.es\/fr\/products\/cabezal-sato-cl6nx-300-dpi\/#primaryimage"},"thumbnailUrl":"https:\/\/mpi.com.es\/wp-content\/uploads\/2018\/01\/Sato_Cabezal_CL6NX_300DPI_R32169900.jpg","datePublished":"2018-01-21T17:45:12+00:00","dateModified":"2022-01-30T08:35:37+00:00","description":"R32169900 - R38747600 Cabezal Sato CL6NX 300 dpi Distribuidor oficial impresoras Sato servicio t\u00e9cnico mantenimiento impresoras Sato Espa\u00f1a y Portugal","breadcrumb":{"@id":"https:\/\/mpi.com.es\/fr\/products\/cabezal-sato-cl6nx-300-dpi\/#breadcrumb"},"inLanguage":"fr-FR","potentialAction":[{"@type":"ReadAction","target":["https:\/\/mpi.com.es\/fr\/products\/cabezal-sato-cl6nx-300-dpi\/"]}]},{"@type":"ImageObject","inLanguage":"fr-FR","@id":"https:\/\/mpi.com.es\/fr\/products\/cabezal-sato-cl6nx-300-dpi\/#primaryimage","url":"https:\/\/mpi.com.es\/wp-content\/uploads\/2018\/01\/Sato_Cabezal_CL6NX_300DPI_R32169900.jpg","contentUrl":"https:\/\/mpi.com.es\/wp-content\/uploads\/2018\/01\/Sato_Cabezal_CL6NX_300DPI_R32169900.jpg","width":1000,"height":1000},{"@type":"BreadcrumbList","@id":"https:\/\/mpi.com.es\/fr\/products\/cabezal-sato-cl6nx-300-dpi\/#breadcrumb","itemListElement":[{"@type":"ListItem","position":1,"name":"Portada","item":"https:\/\/mpi.com.es\/fr\/"},{"@type":"ListItem","position":2,"name":"Produits","item":"https:\/\/mpi.com.es\/fr\/products\/"},{"@type":"ListItem","position":3,"name":"Cabezal Sato CL6NX 300 DPI"}]},{"@type":"WebSite","@id":"https:\/\/mpi.com.es\/fr\/#website","url":"https:\/\/mpi.com.es\/fr\/","name":"MPI Mantenimiento Perif\u00e9ricos Inform\u00e1ticos","description":"Impresoras Industriales, impresi\u00f3n,alto volumen, mantenimiento, mantenimiento impresoras","publisher":{"@id":"https:\/\/mpi.com.es\/fr\/#organization"},"potentialAction":[{"@type":"SearchAction","target":{"@type":"EntryPoint","urlTemplate":"https:\/\/mpi.com.es\/fr\/?s={search_term_string}"},"query-input":{"@type":"PropertyValueSpecification","valueRequired":true,"valueName":"search_term_string"}}],"inLanguage":"fr-FR"},{"@type":"Organization","@id":"https:\/\/mpi.com.es\/fr\/#organization","name":"Mantenimiento Perif\u00e9ricos Inform\u00e1ticos","url":"https:\/\/mpi.com.es\/fr\/","logo":{"@type":"ImageObject","inLanguage":"fr-FR","@id":"https:\/\/mpi.com.es\/fr\/#\/schema\/logo\/image\/","url":"https:\/\/mpi.com.es\/wp-content\/uploads\/2019\/07\/LOGONAMING-TRANSP.png","contentUrl":"https:\/\/mpi.com.es\/wp-content\/uploads\/2019\/07\/LOGONAMING-TRANSP.png","width":1573,"height":431,"caption":"Mantenimiento Perif\u00e9ricos Inform\u00e1ticos"},"image":{"@id":"https:\/\/mpi.com.es\/fr\/#\/schema\/logo\/image\/"},"sameAs":["https:\/\/www.facebook.com\/p\/Mantenimiento-Perifricos-Informticos-100069020438303"]}]}},"_links":{"self":[{"href":"https:\/\/mpi.com.es\/fr\/wp-json\/wp\/v2\/product\/4902","targetHints":{"allow":["GET"]}}],"collection":[{"href":"https:\/\/mpi.com.es\/fr\/wp-json\/wp\/v2\/product"}],"about":[{"href":"https:\/\/mpi.com.es\/fr\/wp-json\/wp\/v2\/types\/product"}],"wp:featuredmedia":[{"embeddable":true,"href":"https:\/\/mpi.com.es\/fr\/wp-json\/wp\/v2\/media\/4475"}],"wp:attachment":[{"href":"https:\/\/mpi.com.es\/fr\/wp-json\/wp\/v2\/media?parent=4902"}],"wp:term":[{"taxonomy":"brand","embeddable":true,"href":"https:\/\/mpi.com.es\/fr\/wp-json\/wp\/v2\/brand?post=4902"},{"taxonomy":"family","embeddable":true,"href":"https:\/\/mpi.com.es\/fr\/wp-json\/wp\/v2\/family?post=4902"},{"taxonomy":"support","embeddable":true,"href":"https:\/\/mpi.com.es\/fr\/wp-json\/wp\/v2\/support?post=4902"},{"taxonomy":"technology","embeddable":true,"href":"https:\/\/mpi.com.es\/fr\/wp-json\/wp\/v2\/technology?post=4902"},{"taxonomy":"feature","embeddable":true,"href":"https:\/\/mpi.com.es\/fr\/wp-json\/wp\/v2\/feature?post=4902"}],"curies":[{"name":"wp","href":"https:\/\/api.w.org\/{rel}","templated":true}]}}