{"id":4882,"date":"2018-01-27T12:19:37","date_gmt":"2018-01-27T11:19:37","guid":{"rendered":"https:\/\/mpi.com.es\/products\/impresora-zebra-z4m\/"},"modified":"2019-05-02T10:33:18","modified_gmt":"2019-05-02T08:33:18","slug":"zebra-z4m","status":"publish","type":"product","link":"https:\/\/mpi.com.es\/fr\/products\/zebra-z4m\/","title":{"rendered":"Zebra Z4M \/ Z6M"},"content":{"rendered":"","protected":false},"featured_media":7803,"template":"","meta":{"_acf_changed":false},"brand":[771],"family":[849],"support":[814],"technology":[811],"feature":[],"class_list":["post-4882","product","type-product","status-publish","has-post-thumbnail","hentry","brand-imprimantes-zebra","family-imprimantes-thermiques","support-bobine-de-papier-ou-papier-continu","technology-thermique"],"acf":[],"yoast_head":"<!-- This site is optimized with the Yoast SEO Premium plugin v26.5 (Yoast SEO v27.4) - https:\/\/yoast.com\/product\/yoast-seo-premium-wordpress\/ -->\n<title>Zebra Z4M Maintenance Pi\u00e8ces Consommables MPI Service Technique<\/title>\n<meta name=\"description\" content=\"Imprimantes Zebra Z4M Z4Mplus Les mod\u00e8les Zebra Z6M Z6Mplus qui ne sont plus fabriqu\u00e9s remplacent les imprimantes zebra ZT410 et ZT420 de nouvelle g\u00e9n\u00e9ration Vente Installation R\u00e9paration Maintenance Support technique Nous garantissons une migration \u00e0 100% sans modification logicielle\" \/>\n<meta name=\"robots\" content=\"index, follow, max-snippet:-1, max-image-preview:large, max-video-preview:-1\" \/>\n<link rel=\"canonical\" href=\"https:\/\/mpi.com.es\/fr\/products\/zebra-z4m\/\" \/>\n<meta property=\"og:locale\" content=\"fr_FR\" \/>\n<meta property=\"og:type\" content=\"article\" \/>\n<meta property=\"og:title\" content=\"Zebra Z4M \/ Z6M\" \/>\n<meta property=\"og:description\" content=\"Imprimantes Zebra Z4M Z4Mplus Les mod\u00e8les Zebra Z6M Z6Mplus qui ne sont plus fabriqu\u00e9s remplacent les imprimantes zebra ZT410 et ZT420 de nouvelle g\u00e9n\u00e9ration Vente Installation R\u00e9paration Maintenance Support technique Nous garantissons une migration \u00e0 100% sans modification logicielle\" \/>\n<meta property=\"og:url\" content=\"https:\/\/mpi.com.es\/fr\/products\/zebra-z4m\/\" \/>\n<meta property=\"og:site_name\" content=\"MPI Mantenimiento Perif\u00e9ricos Inform\u00e1ticos\" \/>\n<meta property=\"article:publisher\" content=\"https:\/\/www.facebook.com\/p\/Mantenimiento-Perifricos-Informticos-100069020438303\" \/>\n<meta property=\"article:modified_time\" content=\"2019-05-02T08:33:18+00:00\" \/>\n<meta property=\"og:image\" content=\"https:\/\/mpi.com.es\/wp-content\/uploads\/2018\/01\/IMPRESORA-ZEBRA-Z4M-1.jpg\" \/>\n\t<meta property=\"og:image:width\" content=\"254\" \/>\n\t<meta property=\"og:image:height\" content=\"273\" \/>\n\t<meta property=\"og:image:type\" content=\"image\/jpeg\" \/>\n<script type=\"application\/ld+json\" class=\"yoast-schema-graph\">{\"@context\":\"https:\\\/\\\/schema.org\",\"@graph\":[{\"@type\":\"WebPage\",\"@id\":\"https:\\\/\\\/mpi.com.es\\\/fr\\\/products\\\/zebra-z4m\\\/\",\"url\":\"https:\\\/\\\/mpi.com.es\\\/fr\\\/products\\\/zebra-z4m\\\/\",\"name\":\"Zebra Z4M Maintenance Pi\u00e8ces Consommables MPI Service Technique\",\"isPartOf\":{\"@id\":\"https:\\\/\\\/mpi.com.es\\\/fr\\\/#website\"},\"primaryImageOfPage\":{\"@id\":\"https:\\\/\\\/mpi.com.es\\\/fr\\\/products\\\/zebra-z4m\\\/#primaryimage\"},\"image\":{\"@id\":\"https:\\\/\\\/mpi.com.es\\\/fr\\\/products\\\/zebra-z4m\\\/#primaryimage\"},\"thumbnailUrl\":\"https:\\\/\\\/mpi.com.es\\\/wp-content\\\/uploads\\\/2018\\\/01\\\/IMPRESORA-ZEBRA-Z4M-1.jpg\",\"datePublished\":\"2018-01-27T11:19:37+00:00\",\"dateModified\":\"2019-05-02T08:33:18+00:00\",\"description\":\"Imprimantes Zebra Z4M Z4Mplus Les mod\u00e8les Zebra Z6M Z6Mplus qui ne sont plus fabriqu\u00e9s remplacent les imprimantes zebra ZT410 et ZT420 de nouvelle g\u00e9n\u00e9ration Vente Installation R\u00e9paration Maintenance Support technique Nous garantissons une migration \u00e0 100% sans modification logicielle\",\"breadcrumb\":{\"@id\":\"https:\\\/\\\/mpi.com.es\\\/fr\\\/products\\\/zebra-z4m\\\/#breadcrumb\"},\"inLanguage\":\"fr-FR\",\"potentialAction\":[{\"@type\":\"ReadAction\",\"target\":[\"https:\\\/\\\/mpi.com.es\\\/fr\\\/products\\\/zebra-z4m\\\/\"]}]},{\"@type\":\"ImageObject\",\"inLanguage\":\"fr-FR\",\"@id\":\"https:\\\/\\\/mpi.com.es\\\/fr\\\/products\\\/zebra-z4m\\\/#primaryimage\",\"url\":\"https:\\\/\\\/mpi.com.es\\\/wp-content\\\/uploads\\\/2018\\\/01\\\/IMPRESORA-ZEBRA-Z4M-1.jpg\",\"contentUrl\":\"https:\\\/\\\/mpi.com.es\\\/wp-content\\\/uploads\\\/2018\\\/01\\\/IMPRESORA-ZEBRA-Z4M-1.jpg\",\"width\":254,\"height\":273,\"caption\":\"IMPRESORA ZEBRA Z4M\"},{\"@type\":\"BreadcrumbList\",\"@id\":\"https:\\\/\\\/mpi.com.es\\\/fr\\\/products\\\/zebra-z4m\\\/#breadcrumb\",\"itemListElement\":[{\"@type\":\"ListItem\",\"position\":1,\"name\":\"Portada\",\"item\":\"https:\\\/\\\/mpi.com.es\\\/fr\\\/\"},{\"@type\":\"ListItem\",\"position\":2,\"name\":\"Produits\",\"item\":\"https:\\\/\\\/mpi.com.es\\\/fr\\\/products\\\/\"},{\"@type\":\"ListItem\",\"position\":3,\"name\":\"Zebra Z4M \\\/ Z6M\"}]},{\"@type\":\"WebSite\",\"@id\":\"https:\\\/\\\/mpi.com.es\\\/fr\\\/#website\",\"url\":\"https:\\\/\\\/mpi.com.es\\\/fr\\\/\",\"name\":\"MPI Mantenimiento Perif\u00e9ricos Inform\u00e1ticos\",\"description\":\"Impresoras Industriales, impresi\u00f3n,alto volumen, mantenimiento, mantenimiento impresoras\",\"publisher\":{\"@id\":\"https:\\\/\\\/mpi.com.es\\\/fr\\\/#organization\"},\"potentialAction\":[{\"@type\":\"SearchAction\",\"target\":{\"@type\":\"EntryPoint\",\"urlTemplate\":\"https:\\\/\\\/mpi.com.es\\\/fr\\\/?s={search_term_string}\"},\"query-input\":{\"@type\":\"PropertyValueSpecification\",\"valueRequired\":true,\"valueName\":\"search_term_string\"}}],\"inLanguage\":\"fr-FR\"},{\"@type\":\"Organization\",\"@id\":\"https:\\\/\\\/mpi.com.es\\\/fr\\\/#organization\",\"name\":\"Mantenimiento Perif\u00e9ricos Inform\u00e1ticos\",\"url\":\"https:\\\/\\\/mpi.com.es\\\/fr\\\/\",\"logo\":{\"@type\":\"ImageObject\",\"inLanguage\":\"fr-FR\",\"@id\":\"https:\\\/\\\/mpi.com.es\\\/fr\\\/#\\\/schema\\\/logo\\\/image\\\/\",\"url\":\"https:\\\/\\\/mpi.com.es\\\/wp-content\\\/uploads\\\/2019\\\/07\\\/LOGONAMING-TRANSP.png\",\"contentUrl\":\"https:\\\/\\\/mpi.com.es\\\/wp-content\\\/uploads\\\/2019\\\/07\\\/LOGONAMING-TRANSP.png\",\"width\":1573,\"height\":431,\"caption\":\"Mantenimiento Perif\u00e9ricos Inform\u00e1ticos\"},\"image\":{\"@id\":\"https:\\\/\\\/mpi.com.es\\\/fr\\\/#\\\/schema\\\/logo\\\/image\\\/\"},\"sameAs\":[\"https:\\\/\\\/www.facebook.com\\\/p\\\/Mantenimiento-Perifricos-Informticos-100069020438303\"]}]}<\/script>\n<!-- \/ Yoast SEO Premium plugin. -->","yoast_head_json":{"title":"Zebra Z4M Maintenance Pi\u00e8ces Consommables MPI Service Technique","description":"Imprimantes Zebra Z4M Z4Mplus Les mod\u00e8les Zebra Z6M Z6Mplus qui ne sont plus fabriqu\u00e9s remplacent les imprimantes zebra ZT410 et ZT420 de nouvelle g\u00e9n\u00e9ration Vente Installation R\u00e9paration Maintenance Support technique Nous garantissons une migration \u00e0 100% sans modification logicielle","robots":{"index":"index","follow":"follow","max-snippet":"max-snippet:-1","max-image-preview":"max-image-preview:large","max-video-preview":"max-video-preview:-1"},"canonical":"https:\/\/mpi.com.es\/fr\/products\/zebra-z4m\/","og_locale":"fr_FR","og_type":"article","og_title":"Zebra Z4M \/ Z6M","og_description":"Imprimantes Zebra Z4M Z4Mplus Les mod\u00e8les Zebra Z6M Z6Mplus qui ne sont plus fabriqu\u00e9s remplacent les imprimantes zebra ZT410 et ZT420 de nouvelle g\u00e9n\u00e9ration Vente Installation R\u00e9paration Maintenance Support technique Nous garantissons une migration \u00e0 100% sans modification logicielle","og_url":"https:\/\/mpi.com.es\/fr\/products\/zebra-z4m\/","og_site_name":"MPI Mantenimiento Perif\u00e9ricos Inform\u00e1ticos","article_publisher":"https:\/\/www.facebook.com\/p\/Mantenimiento-Perifricos-Informticos-100069020438303","article_modified_time":"2019-05-02T08:33:18+00:00","og_image":[{"width":254,"height":273,"url":"https:\/\/mpi.com.es\/wp-content\/uploads\/2018\/01\/IMPRESORA-ZEBRA-Z4M-1.jpg","type":"image\/jpeg"}],"schema":{"@context":"https:\/\/schema.org","@graph":[{"@type":"WebPage","@id":"https:\/\/mpi.com.es\/fr\/products\/zebra-z4m\/","url":"https:\/\/mpi.com.es\/fr\/products\/zebra-z4m\/","name":"Zebra Z4M Maintenance Pi\u00e8ces Consommables MPI Service Technique","isPartOf":{"@id":"https:\/\/mpi.com.es\/fr\/#website"},"primaryImageOfPage":{"@id":"https:\/\/mpi.com.es\/fr\/products\/zebra-z4m\/#primaryimage"},"image":{"@id":"https:\/\/mpi.com.es\/fr\/products\/zebra-z4m\/#primaryimage"},"thumbnailUrl":"https:\/\/mpi.com.es\/wp-content\/uploads\/2018\/01\/IMPRESORA-ZEBRA-Z4M-1.jpg","datePublished":"2018-01-27T11:19:37+00:00","dateModified":"2019-05-02T08:33:18+00:00","description":"Imprimantes Zebra Z4M Z4Mplus Les mod\u00e8les Zebra Z6M Z6Mplus qui ne sont plus fabriqu\u00e9s remplacent les imprimantes zebra ZT410 et ZT420 de nouvelle g\u00e9n\u00e9ration Vente Installation R\u00e9paration Maintenance Support technique Nous garantissons une migration \u00e0 100% sans modification logicielle","breadcrumb":{"@id":"https:\/\/mpi.com.es\/fr\/products\/zebra-z4m\/#breadcrumb"},"inLanguage":"fr-FR","potentialAction":[{"@type":"ReadAction","target":["https:\/\/mpi.com.es\/fr\/products\/zebra-z4m\/"]}]},{"@type":"ImageObject","inLanguage":"fr-FR","@id":"https:\/\/mpi.com.es\/fr\/products\/zebra-z4m\/#primaryimage","url":"https:\/\/mpi.com.es\/wp-content\/uploads\/2018\/01\/IMPRESORA-ZEBRA-Z4M-1.jpg","contentUrl":"https:\/\/mpi.com.es\/wp-content\/uploads\/2018\/01\/IMPRESORA-ZEBRA-Z4M-1.jpg","width":254,"height":273,"caption":"IMPRESORA ZEBRA Z4M"},{"@type":"BreadcrumbList","@id":"https:\/\/mpi.com.es\/fr\/products\/zebra-z4m\/#breadcrumb","itemListElement":[{"@type":"ListItem","position":1,"name":"Portada","item":"https:\/\/mpi.com.es\/fr\/"},{"@type":"ListItem","position":2,"name":"Produits","item":"https:\/\/mpi.com.es\/fr\/products\/"},{"@type":"ListItem","position":3,"name":"Zebra Z4M \/ Z6M"}]},{"@type":"WebSite","@id":"https:\/\/mpi.com.es\/fr\/#website","url":"https:\/\/mpi.com.es\/fr\/","name":"MPI Mantenimiento Perif\u00e9ricos Inform\u00e1ticos","description":"Impresoras Industriales, impresi\u00f3n,alto volumen, mantenimiento, mantenimiento impresoras","publisher":{"@id":"https:\/\/mpi.com.es\/fr\/#organization"},"potentialAction":[{"@type":"SearchAction","target":{"@type":"EntryPoint","urlTemplate":"https:\/\/mpi.com.es\/fr\/?s={search_term_string}"},"query-input":{"@type":"PropertyValueSpecification","valueRequired":true,"valueName":"search_term_string"}}],"inLanguage":"fr-FR"},{"@type":"Organization","@id":"https:\/\/mpi.com.es\/fr\/#organization","name":"Mantenimiento Perif\u00e9ricos Inform\u00e1ticos","url":"https:\/\/mpi.com.es\/fr\/","logo":{"@type":"ImageObject","inLanguage":"fr-FR","@id":"https:\/\/mpi.com.es\/fr\/#\/schema\/logo\/image\/","url":"https:\/\/mpi.com.es\/wp-content\/uploads\/2019\/07\/LOGONAMING-TRANSP.png","contentUrl":"https:\/\/mpi.com.es\/wp-content\/uploads\/2019\/07\/LOGONAMING-TRANSP.png","width":1573,"height":431,"caption":"Mantenimiento Perif\u00e9ricos Inform\u00e1ticos"},"image":{"@id":"https:\/\/mpi.com.es\/fr\/#\/schema\/logo\/image\/"},"sameAs":["https:\/\/www.facebook.com\/p\/Mantenimiento-Perifricos-Informticos-100069020438303"]}]}},"_links":{"self":[{"href":"https:\/\/mpi.com.es\/fr\/wp-json\/wp\/v2\/product\/4882","targetHints":{"allow":["GET"]}}],"collection":[{"href":"https:\/\/mpi.com.es\/fr\/wp-json\/wp\/v2\/product"}],"about":[{"href":"https:\/\/mpi.com.es\/fr\/wp-json\/wp\/v2\/types\/product"}],"wp:featuredmedia":[{"embeddable":true,"href":"https:\/\/mpi.com.es\/fr\/wp-json\/wp\/v2\/media\/7803"}],"wp:attachment":[{"href":"https:\/\/mpi.com.es\/fr\/wp-json\/wp\/v2\/media?parent=4882"}],"wp:term":[{"taxonomy":"brand","embeddable":true,"href":"https:\/\/mpi.com.es\/fr\/wp-json\/wp\/v2\/brand?post=4882"},{"taxonomy":"family","embeddable":true,"href":"https:\/\/mpi.com.es\/fr\/wp-json\/wp\/v2\/family?post=4882"},{"taxonomy":"support","embeddable":true,"href":"https:\/\/mpi.com.es\/fr\/wp-json\/wp\/v2\/support?post=4882"},{"taxonomy":"technology","embeddable":true,"href":"https:\/\/mpi.com.es\/fr\/wp-json\/wp\/v2\/technology?post=4882"},{"taxonomy":"feature","embeddable":true,"href":"https:\/\/mpi.com.es\/fr\/wp-json\/wp\/v2\/feature?post=4882"}],"curies":[{"name":"wp","href":"https:\/\/api.w.org\/{rel}","templated":true}]}}