{"id":4872,"date":"2018-01-27T16:26:49","date_gmt":"2018-01-27T15:26:49","guid":{"rendered":"https:\/\/mpi.com.es\/products\/impresora-zebra-zm600\/"},"modified":"2019-05-02T10:34:01","modified_gmt":"2019-05-02T08:34:01","slug":"zebra-zm600","status":"publish","type":"product","link":"https:\/\/mpi.com.es\/fr\/products\/zebra-zm600\/","title":{"rendered":"Zebra ZM600"},"content":{"rendered":"","protected":false},"featured_media":7810,"template":"","meta":{"_acf_changed":false},"brand":[771],"family":[849,828],"support":[814],"technology":[811],"feature":[],"class_list":["post-4872","product","type-product","status-publish","has-post-thumbnail","hentry","brand-imprimantes-zebra","family-imprimantes-thermiques","family-modele-discontinue","support-bobine-de-papier-ou-papier-continu","technology-thermique"],"acf":[],"yoast_head":"<!-- This site is optimized with the Yoast SEO Premium plugin v26.5 (Yoast SEO v27.4) - https:\/\/yoast.com\/product\/yoast-seo-premium-wordpress\/ -->\n<title>Zebra ZM600 Maintenance Pi\u00e8ces Consommables MPI Service Technique<\/title>\n<meta name=\"description\" content=\"Imprimantes Zebra ZM600 et Zebra ZM400. Ces mod\u00e8les ne sont plus fabriqu\u00e9s elle sont remplac\u00e9s psr les imprimantes zebra ZT410 et ZT420 de nouvelle g\u00e9n\u00e9ration Vente Installation R\u00e9paration Maintenance Support technique Nous garantissons une migration \u00e0 100% sans modification logicielle\" \/>\n<meta name=\"robots\" content=\"index, follow, max-snippet:-1, max-image-preview:large, max-video-preview:-1\" \/>\n<link rel=\"canonical\" href=\"https:\/\/mpi.com.es\/fr\/products\/zebra-zm600\/\" \/>\n<meta property=\"og:locale\" content=\"fr_FR\" \/>\n<meta property=\"og:type\" content=\"article\" \/>\n<meta property=\"og:title\" content=\"Zebra ZM600\" \/>\n<meta property=\"og:description\" content=\"Imprimantes Zebra ZM600 et Zebra ZM400. Ces mod\u00e8les ne sont plus fabriqu\u00e9s elle sont remplac\u00e9s psr les imprimantes zebra ZT410 et ZT420 de nouvelle g\u00e9n\u00e9ration Vente Installation R\u00e9paration Maintenance Support technique Nous garantissons une migration \u00e0 100% sans modification logicielle\" \/>\n<meta property=\"og:url\" content=\"https:\/\/mpi.com.es\/fr\/products\/zebra-zm600\/\" \/>\n<meta property=\"og:site_name\" content=\"MPI Mantenimiento Perif\u00e9ricos Inform\u00e1ticos\" \/>\n<meta property=\"article:publisher\" content=\"https:\/\/www.facebook.com\/p\/Mantenimiento-Perifricos-Informticos-100069020438303\" \/>\n<meta property=\"article:modified_time\" content=\"2019-05-02T08:34:01+00:00\" \/>\n<meta property=\"og:image\" content=\"https:\/\/mpi.com.es\/wp-content\/uploads\/2018\/01\/ZEBRA-ZM600-1.jpg\" \/>\n\t<meta property=\"og:image:width\" content=\"250\" \/>\n\t<meta property=\"og:image:height\" content=\"280\" \/>\n\t<meta property=\"og:image:type\" content=\"image\/jpeg\" \/>\n<script type=\"application\/ld+json\" class=\"yoast-schema-graph\">{\"@context\":\"https:\\\/\\\/schema.org\",\"@graph\":[{\"@type\":\"WebPage\",\"@id\":\"https:\\\/\\\/mpi.com.es\\\/fr\\\/products\\\/zebra-zm600\\\/\",\"url\":\"https:\\\/\\\/mpi.com.es\\\/fr\\\/products\\\/zebra-zm600\\\/\",\"name\":\"Zebra ZM600 Maintenance Pi\u00e8ces Consommables MPI Service Technique\",\"isPartOf\":{\"@id\":\"https:\\\/\\\/mpi.com.es\\\/fr\\\/#website\"},\"primaryImageOfPage\":{\"@id\":\"https:\\\/\\\/mpi.com.es\\\/fr\\\/products\\\/zebra-zm600\\\/#primaryimage\"},\"image\":{\"@id\":\"https:\\\/\\\/mpi.com.es\\\/fr\\\/products\\\/zebra-zm600\\\/#primaryimage\"},\"thumbnailUrl\":\"https:\\\/\\\/mpi.com.es\\\/wp-content\\\/uploads\\\/2018\\\/01\\\/ZEBRA-ZM600-1.jpg\",\"datePublished\":\"2018-01-27T15:26:49+00:00\",\"dateModified\":\"2019-05-02T08:34:01+00:00\",\"description\":\"Imprimantes Zebra ZM600 et Zebra ZM400. Ces mod\u00e8les ne sont plus fabriqu\u00e9s elle sont remplac\u00e9s psr les imprimantes zebra ZT410 et ZT420 de nouvelle g\u00e9n\u00e9ration Vente Installation R\u00e9paration Maintenance Support technique Nous garantissons une migration \u00e0 100% sans modification logicielle\",\"breadcrumb\":{\"@id\":\"https:\\\/\\\/mpi.com.es\\\/fr\\\/products\\\/zebra-zm600\\\/#breadcrumb\"},\"inLanguage\":\"fr-FR\",\"potentialAction\":[{\"@type\":\"ReadAction\",\"target\":[\"https:\\\/\\\/mpi.com.es\\\/fr\\\/products\\\/zebra-zm600\\\/\"]}]},{\"@type\":\"ImageObject\",\"inLanguage\":\"fr-FR\",\"@id\":\"https:\\\/\\\/mpi.com.es\\\/fr\\\/products\\\/zebra-zm600\\\/#primaryimage\",\"url\":\"https:\\\/\\\/mpi.com.es\\\/wp-content\\\/uploads\\\/2018\\\/01\\\/ZEBRA-ZM600-1.jpg\",\"contentUrl\":\"https:\\\/\\\/mpi.com.es\\\/wp-content\\\/uploads\\\/2018\\\/01\\\/ZEBRA-ZM600-1.jpg\",\"width\":250,\"height\":280,\"caption\":\"ZEBRA-ZM600\"},{\"@type\":\"BreadcrumbList\",\"@id\":\"https:\\\/\\\/mpi.com.es\\\/fr\\\/products\\\/zebra-zm600\\\/#breadcrumb\",\"itemListElement\":[{\"@type\":\"ListItem\",\"position\":1,\"name\":\"Portada\",\"item\":\"https:\\\/\\\/mpi.com.es\\\/fr\\\/\"},{\"@type\":\"ListItem\",\"position\":2,\"name\":\"Produits\",\"item\":\"https:\\\/\\\/mpi.com.es\\\/fr\\\/products\\\/\"},{\"@type\":\"ListItem\",\"position\":3,\"name\":\"Zebra ZM600\"}]},{\"@type\":\"WebSite\",\"@id\":\"https:\\\/\\\/mpi.com.es\\\/fr\\\/#website\",\"url\":\"https:\\\/\\\/mpi.com.es\\\/fr\\\/\",\"name\":\"MPI Mantenimiento Perif\u00e9ricos Inform\u00e1ticos\",\"description\":\"Impresoras Industriales, impresi\u00f3n,alto volumen, mantenimiento, mantenimiento impresoras\",\"publisher\":{\"@id\":\"https:\\\/\\\/mpi.com.es\\\/fr\\\/#organization\"},\"potentialAction\":[{\"@type\":\"SearchAction\",\"target\":{\"@type\":\"EntryPoint\",\"urlTemplate\":\"https:\\\/\\\/mpi.com.es\\\/fr\\\/?s={search_term_string}\"},\"query-input\":{\"@type\":\"PropertyValueSpecification\",\"valueRequired\":true,\"valueName\":\"search_term_string\"}}],\"inLanguage\":\"fr-FR\"},{\"@type\":\"Organization\",\"@id\":\"https:\\\/\\\/mpi.com.es\\\/fr\\\/#organization\",\"name\":\"Mantenimiento Perif\u00e9ricos Inform\u00e1ticos\",\"url\":\"https:\\\/\\\/mpi.com.es\\\/fr\\\/\",\"logo\":{\"@type\":\"ImageObject\",\"inLanguage\":\"fr-FR\",\"@id\":\"https:\\\/\\\/mpi.com.es\\\/fr\\\/#\\\/schema\\\/logo\\\/image\\\/\",\"url\":\"https:\\\/\\\/mpi.com.es\\\/wp-content\\\/uploads\\\/2019\\\/07\\\/LOGONAMING-TRANSP.png\",\"contentUrl\":\"https:\\\/\\\/mpi.com.es\\\/wp-content\\\/uploads\\\/2019\\\/07\\\/LOGONAMING-TRANSP.png\",\"width\":1573,\"height\":431,\"caption\":\"Mantenimiento Perif\u00e9ricos Inform\u00e1ticos\"},\"image\":{\"@id\":\"https:\\\/\\\/mpi.com.es\\\/fr\\\/#\\\/schema\\\/logo\\\/image\\\/\"},\"sameAs\":[\"https:\\\/\\\/www.facebook.com\\\/p\\\/Mantenimiento-Perifricos-Informticos-100069020438303\"]}]}<\/script>\n<!-- \/ Yoast SEO Premium plugin. -->","yoast_head_json":{"title":"Zebra ZM600 Maintenance Pi\u00e8ces Consommables MPI Service Technique","description":"Imprimantes Zebra ZM600 et Zebra ZM400. Ces mod\u00e8les ne sont plus fabriqu\u00e9s elle sont remplac\u00e9s psr les imprimantes zebra ZT410 et ZT420 de nouvelle g\u00e9n\u00e9ration Vente Installation R\u00e9paration Maintenance Support technique Nous garantissons une migration \u00e0 100% sans modification logicielle","robots":{"index":"index","follow":"follow","max-snippet":"max-snippet:-1","max-image-preview":"max-image-preview:large","max-video-preview":"max-video-preview:-1"},"canonical":"https:\/\/mpi.com.es\/fr\/products\/zebra-zm600\/","og_locale":"fr_FR","og_type":"article","og_title":"Zebra ZM600","og_description":"Imprimantes Zebra ZM600 et Zebra ZM400. Ces mod\u00e8les ne sont plus fabriqu\u00e9s elle sont remplac\u00e9s psr les imprimantes zebra ZT410 et ZT420 de nouvelle g\u00e9n\u00e9ration Vente Installation R\u00e9paration Maintenance Support technique Nous garantissons une migration \u00e0 100% sans modification logicielle","og_url":"https:\/\/mpi.com.es\/fr\/products\/zebra-zm600\/","og_site_name":"MPI Mantenimiento Perif\u00e9ricos Inform\u00e1ticos","article_publisher":"https:\/\/www.facebook.com\/p\/Mantenimiento-Perifricos-Informticos-100069020438303","article_modified_time":"2019-05-02T08:34:01+00:00","og_image":[{"width":250,"height":280,"url":"https:\/\/mpi.com.es\/wp-content\/uploads\/2018\/01\/ZEBRA-ZM600-1.jpg","type":"image\/jpeg"}],"schema":{"@context":"https:\/\/schema.org","@graph":[{"@type":"WebPage","@id":"https:\/\/mpi.com.es\/fr\/products\/zebra-zm600\/","url":"https:\/\/mpi.com.es\/fr\/products\/zebra-zm600\/","name":"Zebra ZM600 Maintenance Pi\u00e8ces Consommables MPI Service Technique","isPartOf":{"@id":"https:\/\/mpi.com.es\/fr\/#website"},"primaryImageOfPage":{"@id":"https:\/\/mpi.com.es\/fr\/products\/zebra-zm600\/#primaryimage"},"image":{"@id":"https:\/\/mpi.com.es\/fr\/products\/zebra-zm600\/#primaryimage"},"thumbnailUrl":"https:\/\/mpi.com.es\/wp-content\/uploads\/2018\/01\/ZEBRA-ZM600-1.jpg","datePublished":"2018-01-27T15:26:49+00:00","dateModified":"2019-05-02T08:34:01+00:00","description":"Imprimantes Zebra ZM600 et Zebra ZM400. Ces mod\u00e8les ne sont plus fabriqu\u00e9s elle sont remplac\u00e9s psr les imprimantes zebra ZT410 et ZT420 de nouvelle g\u00e9n\u00e9ration Vente Installation R\u00e9paration Maintenance Support technique Nous garantissons une migration \u00e0 100% sans modification logicielle","breadcrumb":{"@id":"https:\/\/mpi.com.es\/fr\/products\/zebra-zm600\/#breadcrumb"},"inLanguage":"fr-FR","potentialAction":[{"@type":"ReadAction","target":["https:\/\/mpi.com.es\/fr\/products\/zebra-zm600\/"]}]},{"@type":"ImageObject","inLanguage":"fr-FR","@id":"https:\/\/mpi.com.es\/fr\/products\/zebra-zm600\/#primaryimage","url":"https:\/\/mpi.com.es\/wp-content\/uploads\/2018\/01\/ZEBRA-ZM600-1.jpg","contentUrl":"https:\/\/mpi.com.es\/wp-content\/uploads\/2018\/01\/ZEBRA-ZM600-1.jpg","width":250,"height":280,"caption":"ZEBRA-ZM600"},{"@type":"BreadcrumbList","@id":"https:\/\/mpi.com.es\/fr\/products\/zebra-zm600\/#breadcrumb","itemListElement":[{"@type":"ListItem","position":1,"name":"Portada","item":"https:\/\/mpi.com.es\/fr\/"},{"@type":"ListItem","position":2,"name":"Produits","item":"https:\/\/mpi.com.es\/fr\/products\/"},{"@type":"ListItem","position":3,"name":"Zebra ZM600"}]},{"@type":"WebSite","@id":"https:\/\/mpi.com.es\/fr\/#website","url":"https:\/\/mpi.com.es\/fr\/","name":"MPI Mantenimiento Perif\u00e9ricos Inform\u00e1ticos","description":"Impresoras Industriales, impresi\u00f3n,alto volumen, mantenimiento, mantenimiento impresoras","publisher":{"@id":"https:\/\/mpi.com.es\/fr\/#organization"},"potentialAction":[{"@type":"SearchAction","target":{"@type":"EntryPoint","urlTemplate":"https:\/\/mpi.com.es\/fr\/?s={search_term_string}"},"query-input":{"@type":"PropertyValueSpecification","valueRequired":true,"valueName":"search_term_string"}}],"inLanguage":"fr-FR"},{"@type":"Organization","@id":"https:\/\/mpi.com.es\/fr\/#organization","name":"Mantenimiento Perif\u00e9ricos Inform\u00e1ticos","url":"https:\/\/mpi.com.es\/fr\/","logo":{"@type":"ImageObject","inLanguage":"fr-FR","@id":"https:\/\/mpi.com.es\/fr\/#\/schema\/logo\/image\/","url":"https:\/\/mpi.com.es\/wp-content\/uploads\/2019\/07\/LOGONAMING-TRANSP.png","contentUrl":"https:\/\/mpi.com.es\/wp-content\/uploads\/2019\/07\/LOGONAMING-TRANSP.png","width":1573,"height":431,"caption":"Mantenimiento Perif\u00e9ricos Inform\u00e1ticos"},"image":{"@id":"https:\/\/mpi.com.es\/fr\/#\/schema\/logo\/image\/"},"sameAs":["https:\/\/www.facebook.com\/p\/Mantenimiento-Perifricos-Informticos-100069020438303"]}]}},"_links":{"self":[{"href":"https:\/\/mpi.com.es\/fr\/wp-json\/wp\/v2\/product\/4872","targetHints":{"allow":["GET"]}}],"collection":[{"href":"https:\/\/mpi.com.es\/fr\/wp-json\/wp\/v2\/product"}],"about":[{"href":"https:\/\/mpi.com.es\/fr\/wp-json\/wp\/v2\/types\/product"}],"wp:featuredmedia":[{"embeddable":true,"href":"https:\/\/mpi.com.es\/fr\/wp-json\/wp\/v2\/media\/7810"}],"wp:attachment":[{"href":"https:\/\/mpi.com.es\/fr\/wp-json\/wp\/v2\/media?parent=4872"}],"wp:term":[{"taxonomy":"brand","embeddable":true,"href":"https:\/\/mpi.com.es\/fr\/wp-json\/wp\/v2\/brand?post=4872"},{"taxonomy":"family","embeddable":true,"href":"https:\/\/mpi.com.es\/fr\/wp-json\/wp\/v2\/family?post=4872"},{"taxonomy":"support","embeddable":true,"href":"https:\/\/mpi.com.es\/fr\/wp-json\/wp\/v2\/support?post=4872"},{"taxonomy":"technology","embeddable":true,"href":"https:\/\/mpi.com.es\/fr\/wp-json\/wp\/v2\/technology?post=4872"},{"taxonomy":"feature","embeddable":true,"href":"https:\/\/mpi.com.es\/fr\/wp-json\/wp\/v2\/feature?post=4872"}],"curies":[{"name":"wp","href":"https:\/\/api.w.org\/{rel}","templated":true}]}}