{"id":4862,"date":"2018-01-28T09:48:08","date_gmt":"2018-01-28T08:48:08","guid":{"rendered":"https:\/\/mpi.com.es\/products\/impresora-zebra-zt610\/"},"modified":"2019-05-01T11:03:12","modified_gmt":"2019-05-01T09:03:12","slug":"impresora-zebra-zt610","status":"publish","type":"product","link":"https:\/\/mpi.com.es\/fr\/products\/impresora-zebra-zt610\/","title":{"rendered":"Impresora Zebra ZT610"},"content":{"rendered":"","protected":false},"featured_media":7763,"template":"","meta":{"_acf_changed":false},"brand":[771],"family":[837,848,849],"support":[814],"technology":[811],"feature":[],"class_list":["post-4862","product","type-product","status-publish","has-post-thumbnail","hentry","brand-imprimantes-zebra","family-imprimantes-industrielles","family-imprimantes-rfid","family-imprimantes-thermiques","support-bobine-de-papier-ou-papier-continu","technology-thermique"],"acf":[],"yoast_head":"<!-- This site is optimized with the Yoast SEO Premium plugin v26.5 (Yoast SEO v27.5) - https:\/\/yoast.com\/product\/yoast-seo-premium-wordpress\/ -->\n<title>Impresora Zebra ZT610 - Nouvelle Serie Industrielle remplace les Xi4<\/title>\n<meta name=\"description\" content=\"Imprimantes Zebra ZT600 ZT610 et ZT620 Nouvelle gamme d&#039;imprimantes industrielles hautes performances du fabricant Zebra, rapides et robustes\" \/>\n<meta name=\"robots\" content=\"index, follow, max-snippet:-1, max-image-preview:large, max-video-preview:-1\" \/>\n<link rel=\"canonical\" href=\"https:\/\/mpi.com.es\/fr\/products\/impresora-zebra-zt610\/\" \/>\n<meta property=\"og:locale\" content=\"fr_FR\" \/>\n<meta property=\"og:type\" content=\"article\" \/>\n<meta property=\"og:title\" content=\"ZEBRA ZT600\" \/>\n<meta property=\"og:description\" content=\"ZEBRA ZT600\" \/>\n<meta property=\"og:url\" content=\"https:\/\/mpi.com.es\/fr\/products\/impresora-zebra-zt610\/\" \/>\n<meta property=\"og:site_name\" content=\"MPI Mantenimiento Perif\u00e9ricos Inform\u00e1ticos\" \/>\n<meta property=\"article:publisher\" content=\"https:\/\/www.facebook.com\/p\/Mantenimiento-Perifricos-Informticos-100069020438303\" \/>\n<meta property=\"article:modified_time\" content=\"2019-05-01T09:03:12+00:00\" \/>\n<meta property=\"og:image\" content=\"https:\/\/mpi.com.es\/wp-content\/uploads\/2018\/01\/zt610-zt620-group-front.png\" \/>\n\t<meta property=\"og:image:width\" content=\"268\" \/>\n\t<meta property=\"og:image:height\" content=\"274\" \/>\n\t<meta property=\"og:image:type\" content=\"image\/png\" \/>\n<script type=\"application\/ld+json\" class=\"yoast-schema-graph\">{\"@context\":\"https:\\\/\\\/schema.org\",\"@graph\":[{\"@type\":\"WebPage\",\"@id\":\"https:\\\/\\\/mpi.com.es\\\/fr\\\/products\\\/impresora-zebra-zt610\\\/\",\"url\":\"https:\\\/\\\/mpi.com.es\\\/fr\\\/products\\\/impresora-zebra-zt610\\\/\",\"name\":\"Impresora Zebra ZT610 - Nouvelle Serie Industrielle remplace les Xi4\",\"isPartOf\":{\"@id\":\"https:\\\/\\\/mpi.com.es\\\/fr\\\/#website\"},\"primaryImageOfPage\":{\"@id\":\"https:\\\/\\\/mpi.com.es\\\/fr\\\/products\\\/impresora-zebra-zt610\\\/#primaryimage\"},\"image\":{\"@id\":\"https:\\\/\\\/mpi.com.es\\\/fr\\\/products\\\/impresora-zebra-zt610\\\/#primaryimage\"},\"thumbnailUrl\":\"https:\\\/\\\/mpi.com.es\\\/wp-content\\\/uploads\\\/2018\\\/01\\\/zt610-zt620-group-front.png\",\"datePublished\":\"2018-01-28T08:48:08+00:00\",\"dateModified\":\"2019-05-01T09:03:12+00:00\",\"description\":\"Imprimantes Zebra ZT600 ZT610 et ZT620 Nouvelle gamme d'imprimantes industrielles hautes performances du fabricant Zebra, rapides et robustes\",\"breadcrumb\":{\"@id\":\"https:\\\/\\\/mpi.com.es\\\/fr\\\/products\\\/impresora-zebra-zt610\\\/#breadcrumb\"},\"inLanguage\":\"fr-FR\",\"potentialAction\":[{\"@type\":\"ReadAction\",\"target\":[\"https:\\\/\\\/mpi.com.es\\\/fr\\\/products\\\/impresora-zebra-zt610\\\/\"]}]},{\"@type\":\"ImageObject\",\"inLanguage\":\"fr-FR\",\"@id\":\"https:\\\/\\\/mpi.com.es\\\/fr\\\/products\\\/impresora-zebra-zt610\\\/#primaryimage\",\"url\":\"https:\\\/\\\/mpi.com.es\\\/wp-content\\\/uploads\\\/2018\\\/01\\\/zt610-zt620-group-front.png\",\"contentUrl\":\"https:\\\/\\\/mpi.com.es\\\/wp-content\\\/uploads\\\/2018\\\/01\\\/zt610-zt620-group-front.png\",\"width\":268,\"height\":274,\"caption\":\"Zebra ZT600 zt610 zt620\"},{\"@type\":\"BreadcrumbList\",\"@id\":\"https:\\\/\\\/mpi.com.es\\\/fr\\\/products\\\/impresora-zebra-zt610\\\/#breadcrumb\",\"itemListElement\":[{\"@type\":\"ListItem\",\"position\":1,\"name\":\"Portada\",\"item\":\"https:\\\/\\\/mpi.com.es\\\/fr\\\/\"},{\"@type\":\"ListItem\",\"position\":2,\"name\":\"Produits\",\"item\":\"https:\\\/\\\/mpi.com.es\\\/fr\\\/products\\\/\"},{\"@type\":\"ListItem\",\"position\":3,\"name\":\"Impresora Zebra ZT610\"}]},{\"@type\":\"WebSite\",\"@id\":\"https:\\\/\\\/mpi.com.es\\\/fr\\\/#website\",\"url\":\"https:\\\/\\\/mpi.com.es\\\/fr\\\/\",\"name\":\"MPI Mantenimiento Perif\u00e9ricos Inform\u00e1ticos\",\"description\":\"Impresoras Industriales, impresi\u00f3n,alto volumen, mantenimiento, mantenimiento impresoras\",\"publisher\":{\"@id\":\"https:\\\/\\\/mpi.com.es\\\/fr\\\/#organization\"},\"potentialAction\":[{\"@type\":\"SearchAction\",\"target\":{\"@type\":\"EntryPoint\",\"urlTemplate\":\"https:\\\/\\\/mpi.com.es\\\/fr\\\/?s={search_term_string}\"},\"query-input\":{\"@type\":\"PropertyValueSpecification\",\"valueRequired\":true,\"valueName\":\"search_term_string\"}}],\"inLanguage\":\"fr-FR\"},{\"@type\":\"Organization\",\"@id\":\"https:\\\/\\\/mpi.com.es\\\/fr\\\/#organization\",\"name\":\"Mantenimiento Perif\u00e9ricos Inform\u00e1ticos\",\"url\":\"https:\\\/\\\/mpi.com.es\\\/fr\\\/\",\"logo\":{\"@type\":\"ImageObject\",\"inLanguage\":\"fr-FR\",\"@id\":\"https:\\\/\\\/mpi.com.es\\\/fr\\\/#\\\/schema\\\/logo\\\/image\\\/\",\"url\":\"https:\\\/\\\/mpi.com.es\\\/wp-content\\\/uploads\\\/2019\\\/07\\\/LOGONAMING-TRANSP.png\",\"contentUrl\":\"https:\\\/\\\/mpi.com.es\\\/wp-content\\\/uploads\\\/2019\\\/07\\\/LOGONAMING-TRANSP.png\",\"width\":1573,\"height\":431,\"caption\":\"Mantenimiento Perif\u00e9ricos Inform\u00e1ticos\"},\"image\":{\"@id\":\"https:\\\/\\\/mpi.com.es\\\/fr\\\/#\\\/schema\\\/logo\\\/image\\\/\"},\"sameAs\":[\"https:\\\/\\\/www.facebook.com\\\/p\\\/Mantenimiento-Perifricos-Informticos-100069020438303\"]}]}<\/script>\n<!-- \/ Yoast SEO Premium plugin. -->","yoast_head_json":{"title":"Impresora Zebra ZT610 - Nouvelle Serie Industrielle remplace les Xi4","description":"Imprimantes Zebra ZT600 ZT610 et ZT620 Nouvelle gamme d'imprimantes industrielles hautes performances du fabricant Zebra, rapides et robustes","robots":{"index":"index","follow":"follow","max-snippet":"max-snippet:-1","max-image-preview":"max-image-preview:large","max-video-preview":"max-video-preview:-1"},"canonical":"https:\/\/mpi.com.es\/fr\/products\/impresora-zebra-zt610\/","og_locale":"fr_FR","og_type":"article","og_title":"ZEBRA ZT600","og_description":"ZEBRA ZT600","og_url":"https:\/\/mpi.com.es\/fr\/products\/impresora-zebra-zt610\/","og_site_name":"MPI Mantenimiento Perif\u00e9ricos Inform\u00e1ticos","article_publisher":"https:\/\/www.facebook.com\/p\/Mantenimiento-Perifricos-Informticos-100069020438303","article_modified_time":"2019-05-01T09:03:12+00:00","og_image":[{"width":268,"height":274,"url":"https:\/\/mpi.com.es\/wp-content\/uploads\/2018\/01\/zt610-zt620-group-front.png","type":"image\/png"}],"schema":{"@context":"https:\/\/schema.org","@graph":[{"@type":"WebPage","@id":"https:\/\/mpi.com.es\/fr\/products\/impresora-zebra-zt610\/","url":"https:\/\/mpi.com.es\/fr\/products\/impresora-zebra-zt610\/","name":"Impresora Zebra ZT610 - Nouvelle Serie Industrielle remplace les Xi4","isPartOf":{"@id":"https:\/\/mpi.com.es\/fr\/#website"},"primaryImageOfPage":{"@id":"https:\/\/mpi.com.es\/fr\/products\/impresora-zebra-zt610\/#primaryimage"},"image":{"@id":"https:\/\/mpi.com.es\/fr\/products\/impresora-zebra-zt610\/#primaryimage"},"thumbnailUrl":"https:\/\/mpi.com.es\/wp-content\/uploads\/2018\/01\/zt610-zt620-group-front.png","datePublished":"2018-01-28T08:48:08+00:00","dateModified":"2019-05-01T09:03:12+00:00","description":"Imprimantes Zebra ZT600 ZT610 et ZT620 Nouvelle gamme d'imprimantes industrielles hautes performances du fabricant Zebra, rapides et robustes","breadcrumb":{"@id":"https:\/\/mpi.com.es\/fr\/products\/impresora-zebra-zt610\/#breadcrumb"},"inLanguage":"fr-FR","potentialAction":[{"@type":"ReadAction","target":["https:\/\/mpi.com.es\/fr\/products\/impresora-zebra-zt610\/"]}]},{"@type":"ImageObject","inLanguage":"fr-FR","@id":"https:\/\/mpi.com.es\/fr\/products\/impresora-zebra-zt610\/#primaryimage","url":"https:\/\/mpi.com.es\/wp-content\/uploads\/2018\/01\/zt610-zt620-group-front.png","contentUrl":"https:\/\/mpi.com.es\/wp-content\/uploads\/2018\/01\/zt610-zt620-group-front.png","width":268,"height":274,"caption":"Zebra ZT600 zt610 zt620"},{"@type":"BreadcrumbList","@id":"https:\/\/mpi.com.es\/fr\/products\/impresora-zebra-zt610\/#breadcrumb","itemListElement":[{"@type":"ListItem","position":1,"name":"Portada","item":"https:\/\/mpi.com.es\/fr\/"},{"@type":"ListItem","position":2,"name":"Produits","item":"https:\/\/mpi.com.es\/fr\/products\/"},{"@type":"ListItem","position":3,"name":"Impresora Zebra ZT610"}]},{"@type":"WebSite","@id":"https:\/\/mpi.com.es\/fr\/#website","url":"https:\/\/mpi.com.es\/fr\/","name":"MPI Mantenimiento Perif\u00e9ricos Inform\u00e1ticos","description":"Impresoras Industriales, impresi\u00f3n,alto volumen, mantenimiento, mantenimiento impresoras","publisher":{"@id":"https:\/\/mpi.com.es\/fr\/#organization"},"potentialAction":[{"@type":"SearchAction","target":{"@type":"EntryPoint","urlTemplate":"https:\/\/mpi.com.es\/fr\/?s={search_term_string}"},"query-input":{"@type":"PropertyValueSpecification","valueRequired":true,"valueName":"search_term_string"}}],"inLanguage":"fr-FR"},{"@type":"Organization","@id":"https:\/\/mpi.com.es\/fr\/#organization","name":"Mantenimiento Perif\u00e9ricos Inform\u00e1ticos","url":"https:\/\/mpi.com.es\/fr\/","logo":{"@type":"ImageObject","inLanguage":"fr-FR","@id":"https:\/\/mpi.com.es\/fr\/#\/schema\/logo\/image\/","url":"https:\/\/mpi.com.es\/wp-content\/uploads\/2019\/07\/LOGONAMING-TRANSP.png","contentUrl":"https:\/\/mpi.com.es\/wp-content\/uploads\/2019\/07\/LOGONAMING-TRANSP.png","width":1573,"height":431,"caption":"Mantenimiento Perif\u00e9ricos Inform\u00e1ticos"},"image":{"@id":"https:\/\/mpi.com.es\/fr\/#\/schema\/logo\/image\/"},"sameAs":["https:\/\/www.facebook.com\/p\/Mantenimiento-Perifricos-Informticos-100069020438303"]}]}},"_links":{"self":[{"href":"https:\/\/mpi.com.es\/fr\/wp-json\/wp\/v2\/product\/4862","targetHints":{"allow":["GET"]}}],"collection":[{"href":"https:\/\/mpi.com.es\/fr\/wp-json\/wp\/v2\/product"}],"about":[{"href":"https:\/\/mpi.com.es\/fr\/wp-json\/wp\/v2\/types\/product"}],"wp:featuredmedia":[{"embeddable":true,"href":"https:\/\/mpi.com.es\/fr\/wp-json\/wp\/v2\/media\/7763"}],"wp:attachment":[{"href":"https:\/\/mpi.com.es\/fr\/wp-json\/wp\/v2\/media?parent=4862"}],"wp:term":[{"taxonomy":"brand","embeddable":true,"href":"https:\/\/mpi.com.es\/fr\/wp-json\/wp\/v2\/brand?post=4862"},{"taxonomy":"family","embeddable":true,"href":"https:\/\/mpi.com.es\/fr\/wp-json\/wp\/v2\/family?post=4862"},{"taxonomy":"support","embeddable":true,"href":"https:\/\/mpi.com.es\/fr\/wp-json\/wp\/v2\/support?post=4862"},{"taxonomy":"technology","embeddable":true,"href":"https:\/\/mpi.com.es\/fr\/wp-json\/wp\/v2\/technology?post=4862"},{"taxonomy":"feature","embeddable":true,"href":"https:\/\/mpi.com.es\/fr\/wp-json\/wp\/v2\/feature?post=4862"}],"curies":[{"name":"wp","href":"https:\/\/api.w.org\/{rel}","templated":true}]}}