{"id":25845,"date":"2025-04-07T14:05:45","date_gmt":"2025-04-07T12:05:45","guid":{"rendered":"https:\/\/mpi.com.es\/?post_type=product&#038;p=25845"},"modified":"2025-12-19T09:52:47","modified_gmt":"2025-12-19T08:52:47","slug":"sato-cl6nx-plus","status":"publish","type":"product","link":"https:\/\/mpi.com.es\/fr\/products\/sato-cl6nx-plus\/","title":{"rendered":"Impresora Sato CL6NX Plus"},"content":{"rendered":"","protected":false},"featured_media":25849,"template":"","meta":{"_acf_changed":false},"brand":[208,165],"family":[139,3],"support":[50],"technology":[40],"feature":[197],"class_list":["post-25845","product","type-product","status-publish","has-post-thumbnail","hentry","brand-impresoras-sato","brand-sato","family-termicas","family-impresoras-industriales","support-papel-continuo-bobina","technology-impresion-termica","feature-ancho-impresion-6-pulgadas"],"acf":[],"yoast_head":"<!-- This site is optimized with the Yoast SEO Premium plugin v26.5 (Yoast SEO v27.4) - https:\/\/yoast.com\/product\/yoast-seo-premium-wordpress\/ -->\n<title>Impresora Sato CL6NX Plus Impresora industrial de etiquetas RFID MPI Mantenimiento Perif\u00e9ricos Inform\u00e1ticos<\/title>\n<meta name=\"description\" content=\"Impresora industrial SATO CL6NX Plus. Ideal para entornos exigentes, impresi\u00f3n de etiquetas, RFID y c\u00f3digos de barras. Velocidad y precisi\u00f3n.\" \/>\n<meta name=\"robots\" content=\"index, follow, max-snippet:-1, max-image-preview:large, max-video-preview:-1\" \/>\n<link rel=\"canonical\" href=\"https:\/\/mpi.com.es\/fr\/products\/sato-cl6nx-plus\/\" \/>\n<meta property=\"og:locale\" content=\"fr_FR\" \/>\n<meta property=\"og:type\" content=\"article\" \/>\n<meta property=\"og:title\" content=\"Impresora Sato CL6NX Plus\" \/>\n<meta property=\"og:description\" content=\"Impresora industrial SATO CL6NX Plus. Ideal para entornos exigentes, impresi\u00f3n de etiquetas, RFID y c\u00f3digos de barras. Velocidad y precisi\u00f3n.\" \/>\n<meta property=\"og:url\" content=\"https:\/\/mpi.com.es\/products\/sato-cl6nx-plus\/\" \/>\n<meta property=\"og:site_name\" content=\"MPI Mantenimiento Perif\u00e9ricos Inform\u00e1ticos\" \/>\n<meta property=\"article:publisher\" content=\"https:\/\/www.facebook.com\/p\/Mantenimiento-Perifricos-Informticos-100069020438303\" \/>\n<meta property=\"article:modified_time\" content=\"2025-12-19T08:52:47+00:00\" \/>\n<meta property=\"og:image\" content=\"https:\/\/mpi.com.es\/wp-content\/uploads\/2025\/04\/Sato-CL6NX-Plus.jpg\" \/>\n\t<meta property=\"og:image:width\" content=\"253\" \/>\n\t<meta property=\"og:image:height\" content=\"280\" \/>\n\t<meta property=\"og:image:type\" content=\"image\/jpeg\" \/>\n<meta name=\"twitter:label1\" content=\"Dur\u00e9e de lecture estim\u00e9e\" \/>\n\t<meta name=\"twitter:data1\" content=\"1 minute\" \/>\n<script type=\"application\/ld+json\" class=\"yoast-schema-graph\">{\"@context\":\"https:\\\/\\\/schema.org\",\"@graph\":[{\"@type\":\"WebPage\",\"@id\":\"https:\\\/\\\/mpi.com.es\\\/fr\\\/products\\\/sato-cl6nx-plus\\\/\",\"url\":\"https:\\\/\\\/mpi.com.es\\\/products\\\/sato-cl6nx-plus\\\/\",\"name\":\"Impresora Sato CL6NX Plus Impresora industrial de etiquetas RFID MPI Mantenimiento Perif\u00e9ricos Inform\u00e1ticos\",\"isPartOf\":{\"@id\":\"https:\\\/\\\/mpi.com.es\\\/fr\\\/#website\"},\"primaryImageOfPage\":{\"@id\":\"https:\\\/\\\/mpi.com.es\\\/products\\\/sato-cl6nx-plus\\\/#primaryimage\"},\"image\":{\"@id\":\"https:\\\/\\\/mpi.com.es\\\/products\\\/sato-cl6nx-plus\\\/#primaryimage\"},\"thumbnailUrl\":\"https:\\\/\\\/mpi.com.es\\\/wp-content\\\/uploads\\\/2025\\\/04\\\/Sato-CL6NX-Plus.jpg\",\"datePublished\":\"2025-04-07T12:05:45+00:00\",\"dateModified\":\"2025-12-19T08:52:47+00:00\",\"description\":\"Impresora industrial SATO CL6NX Plus. Ideal para entornos exigentes, impresi\u00f3n de etiquetas, RFID y c\u00f3digos de barras. Velocidad y precisi\u00f3n.\",\"breadcrumb\":{\"@id\":\"https:\\\/\\\/mpi.com.es\\\/products\\\/sato-cl6nx-plus\\\/#breadcrumb\"},\"inLanguage\":\"fr-FR\",\"potentialAction\":[{\"@type\":\"ReadAction\",\"target\":[\"https:\\\/\\\/mpi.com.es\\\/products\\\/sato-cl6nx-plus\\\/\"]}]},{\"@type\":\"ImageObject\",\"inLanguage\":\"fr-FR\",\"@id\":\"https:\\\/\\\/mpi.com.es\\\/products\\\/sato-cl6nx-plus\\\/#primaryimage\",\"url\":\"https:\\\/\\\/mpi.com.es\\\/wp-content\\\/uploads\\\/2025\\\/04\\\/Sato-CL6NX-Plus.jpg\",\"contentUrl\":\"https:\\\/\\\/mpi.com.es\\\/wp-content\\\/uploads\\\/2025\\\/04\\\/Sato-CL6NX-Plus.jpg\",\"width\":253,\"height\":280,\"caption\":\"Sato CL6NX Plus\"},{\"@type\":\"BreadcrumbList\",\"@id\":\"https:\\\/\\\/mpi.com.es\\\/products\\\/sato-cl6nx-plus\\\/#breadcrumb\",\"itemListElement\":[{\"@type\":\"ListItem\",\"position\":1,\"name\":\"Portada\",\"item\":\"https:\\\/\\\/mpi.com.es\\\/fr\\\/\"},{\"@type\":\"ListItem\",\"position\":2,\"name\":\"Produits\",\"item\":\"https:\\\/\\\/mpi.com.es\\\/fr\\\/products\\\/\"},{\"@type\":\"ListItem\",\"position\":3,\"name\":\"Impresora Sato CL6NX Plus\"}]},{\"@type\":\"WebSite\",\"@id\":\"https:\\\/\\\/mpi.com.es\\\/fr\\\/#website\",\"url\":\"https:\\\/\\\/mpi.com.es\\\/fr\\\/\",\"name\":\"MPI Mantenimiento Perif\u00e9ricos Inform\u00e1ticos\",\"description\":\"Impresoras Industriales, impresi\u00f3n,alto volumen, mantenimiento, mantenimiento impresoras\",\"publisher\":{\"@id\":\"https:\\\/\\\/mpi.com.es\\\/fr\\\/#organization\"},\"potentialAction\":[{\"@type\":\"SearchAction\",\"target\":{\"@type\":\"EntryPoint\",\"urlTemplate\":\"https:\\\/\\\/mpi.com.es\\\/fr\\\/?s={search_term_string}\"},\"query-input\":{\"@type\":\"PropertyValueSpecification\",\"valueRequired\":true,\"valueName\":\"search_term_string\"}}],\"inLanguage\":\"fr-FR\"},{\"@type\":\"Organization\",\"@id\":\"https:\\\/\\\/mpi.com.es\\\/fr\\\/#organization\",\"name\":\"Mantenimiento Perif\u00e9ricos Inform\u00e1ticos\",\"url\":\"https:\\\/\\\/mpi.com.es\\\/fr\\\/\",\"logo\":{\"@type\":\"ImageObject\",\"inLanguage\":\"fr-FR\",\"@id\":\"https:\\\/\\\/mpi.com.es\\\/fr\\\/#\\\/schema\\\/logo\\\/image\\\/\",\"url\":\"https:\\\/\\\/mpi.com.es\\\/wp-content\\\/uploads\\\/2019\\\/07\\\/LOGONAMING-TRANSP.png\",\"contentUrl\":\"https:\\\/\\\/mpi.com.es\\\/wp-content\\\/uploads\\\/2019\\\/07\\\/LOGONAMING-TRANSP.png\",\"width\":1573,\"height\":431,\"caption\":\"Mantenimiento Perif\u00e9ricos Inform\u00e1ticos\"},\"image\":{\"@id\":\"https:\\\/\\\/mpi.com.es\\\/fr\\\/#\\\/schema\\\/logo\\\/image\\\/\"},\"sameAs\":[\"https:\\\/\\\/www.facebook.com\\\/p\\\/Mantenimiento-Perifricos-Informticos-100069020438303\"]}]}<\/script>\n<!-- \/ Yoast SEO Premium plugin. -->","yoast_head_json":{"title":"Impresora Sato CL6NX Plus Impresora industrial de etiquetas RFID MPI Mantenimiento Perif\u00e9ricos Inform\u00e1ticos","description":"Impresora industrial SATO CL6NX Plus. Ideal para entornos exigentes, impresi\u00f3n de etiquetas, RFID y c\u00f3digos de barras. Velocidad y precisi\u00f3n.","robots":{"index":"index","follow":"follow","max-snippet":"max-snippet:-1","max-image-preview":"max-image-preview:large","max-video-preview":"max-video-preview:-1"},"canonical":"https:\/\/mpi.com.es\/fr\/products\/sato-cl6nx-plus\/","og_locale":"fr_FR","og_type":"article","og_title":"Impresora Sato CL6NX Plus","og_description":"Impresora industrial SATO CL6NX Plus. Ideal para entornos exigentes, impresi\u00f3n de etiquetas, RFID y c\u00f3digos de barras. Velocidad y precisi\u00f3n.","og_url":"https:\/\/mpi.com.es\/products\/sato-cl6nx-plus\/","og_site_name":"MPI Mantenimiento Perif\u00e9ricos Inform\u00e1ticos","article_publisher":"https:\/\/www.facebook.com\/p\/Mantenimiento-Perifricos-Informticos-100069020438303","article_modified_time":"2025-12-19T08:52:47+00:00","og_image":[{"width":253,"height":280,"url":"https:\/\/mpi.com.es\/wp-content\/uploads\/2025\/04\/Sato-CL6NX-Plus.jpg","type":"image\/jpeg"}],"twitter_misc":{"Dur\u00e9e de lecture estim\u00e9e":"1 minute"},"schema":{"@context":"https:\/\/schema.org","@graph":[{"@type":"WebPage","@id":"https:\/\/mpi.com.es\/fr\/products\/sato-cl6nx-plus\/","url":"https:\/\/mpi.com.es\/products\/sato-cl6nx-plus\/","name":"Impresora Sato CL6NX Plus Impresora industrial de etiquetas RFID MPI Mantenimiento Perif\u00e9ricos Inform\u00e1ticos","isPartOf":{"@id":"https:\/\/mpi.com.es\/fr\/#website"},"primaryImageOfPage":{"@id":"https:\/\/mpi.com.es\/products\/sato-cl6nx-plus\/#primaryimage"},"image":{"@id":"https:\/\/mpi.com.es\/products\/sato-cl6nx-plus\/#primaryimage"},"thumbnailUrl":"https:\/\/mpi.com.es\/wp-content\/uploads\/2025\/04\/Sato-CL6NX-Plus.jpg","datePublished":"2025-04-07T12:05:45+00:00","dateModified":"2025-12-19T08:52:47+00:00","description":"Impresora industrial SATO CL6NX Plus. Ideal para entornos exigentes, impresi\u00f3n de etiquetas, RFID y c\u00f3digos de barras. Velocidad y precisi\u00f3n.","breadcrumb":{"@id":"https:\/\/mpi.com.es\/products\/sato-cl6nx-plus\/#breadcrumb"},"inLanguage":"fr-FR","potentialAction":[{"@type":"ReadAction","target":["https:\/\/mpi.com.es\/products\/sato-cl6nx-plus\/"]}]},{"@type":"ImageObject","inLanguage":"fr-FR","@id":"https:\/\/mpi.com.es\/products\/sato-cl6nx-plus\/#primaryimage","url":"https:\/\/mpi.com.es\/wp-content\/uploads\/2025\/04\/Sato-CL6NX-Plus.jpg","contentUrl":"https:\/\/mpi.com.es\/wp-content\/uploads\/2025\/04\/Sato-CL6NX-Plus.jpg","width":253,"height":280,"caption":"Sato CL6NX Plus"},{"@type":"BreadcrumbList","@id":"https:\/\/mpi.com.es\/products\/sato-cl6nx-plus\/#breadcrumb","itemListElement":[{"@type":"ListItem","position":1,"name":"Portada","item":"https:\/\/mpi.com.es\/fr\/"},{"@type":"ListItem","position":2,"name":"Produits","item":"https:\/\/mpi.com.es\/fr\/products\/"},{"@type":"ListItem","position":3,"name":"Impresora Sato CL6NX Plus"}]},{"@type":"WebSite","@id":"https:\/\/mpi.com.es\/fr\/#website","url":"https:\/\/mpi.com.es\/fr\/","name":"MPI Mantenimiento Perif\u00e9ricos Inform\u00e1ticos","description":"Impresoras Industriales, impresi\u00f3n,alto volumen, mantenimiento, mantenimiento impresoras","publisher":{"@id":"https:\/\/mpi.com.es\/fr\/#organization"},"potentialAction":[{"@type":"SearchAction","target":{"@type":"EntryPoint","urlTemplate":"https:\/\/mpi.com.es\/fr\/?s={search_term_string}"},"query-input":{"@type":"PropertyValueSpecification","valueRequired":true,"valueName":"search_term_string"}}],"inLanguage":"fr-FR"},{"@type":"Organization","@id":"https:\/\/mpi.com.es\/fr\/#organization","name":"Mantenimiento Perif\u00e9ricos Inform\u00e1ticos","url":"https:\/\/mpi.com.es\/fr\/","logo":{"@type":"ImageObject","inLanguage":"fr-FR","@id":"https:\/\/mpi.com.es\/fr\/#\/schema\/logo\/image\/","url":"https:\/\/mpi.com.es\/wp-content\/uploads\/2019\/07\/LOGONAMING-TRANSP.png","contentUrl":"https:\/\/mpi.com.es\/wp-content\/uploads\/2019\/07\/LOGONAMING-TRANSP.png","width":1573,"height":431,"caption":"Mantenimiento Perif\u00e9ricos Inform\u00e1ticos"},"image":{"@id":"https:\/\/mpi.com.es\/fr\/#\/schema\/logo\/image\/"},"sameAs":["https:\/\/www.facebook.com\/p\/Mantenimiento-Perifricos-Informticos-100069020438303"]}]}},"_links":{"self":[{"href":"https:\/\/mpi.com.es\/fr\/wp-json\/wp\/v2\/product\/25845","targetHints":{"allow":["GET"]}}],"collection":[{"href":"https:\/\/mpi.com.es\/fr\/wp-json\/wp\/v2\/product"}],"about":[{"href":"https:\/\/mpi.com.es\/fr\/wp-json\/wp\/v2\/types\/product"}],"wp:featuredmedia":[{"embeddable":true,"href":"https:\/\/mpi.com.es\/fr\/wp-json\/wp\/v2\/media\/25849"}],"wp:attachment":[{"href":"https:\/\/mpi.com.es\/fr\/wp-json\/wp\/v2\/media?parent=25845"}],"wp:term":[{"taxonomy":"brand","embeddable":true,"href":"https:\/\/mpi.com.es\/fr\/wp-json\/wp\/v2\/brand?post=25845"},{"taxonomy":"family","embeddable":true,"href":"https:\/\/mpi.com.es\/fr\/wp-json\/wp\/v2\/family?post=25845"},{"taxonomy":"support","embeddable":true,"href":"https:\/\/mpi.com.es\/fr\/wp-json\/wp\/v2\/support?post=25845"},{"taxonomy":"technology","embeddable":true,"href":"https:\/\/mpi.com.es\/fr\/wp-json\/wp\/v2\/technology?post=25845"},{"taxonomy":"feature","embeddable":true,"href":"https:\/\/mpi.com.es\/fr\/wp-json\/wp\/v2\/feature?post=25845"}],"curies":[{"name":"wp","href":"https:\/\/api.w.org\/{rel}","templated":true}]}}