{"id":18404,"date":"2022-04-09T10:18:40","date_gmt":"2022-04-09T08:18:40","guid":{"rendered":"https:\/\/mpi.com.es\/?post_type=product&#038;p=18404"},"modified":"2025-12-23T11:34:46","modified_gmt":"2025-12-23T10:34:46","slug":"logijet-t6-2","status":"publish","type":"product","link":"https:\/\/mpi.com.es\/fr\/products\/logijet-t6-2\/","title":{"rendered":"Microplex logiJET T6-2"},"content":{"rendered":"","protected":false},"featured_media":18405,"template":"","meta":{"_acf_changed":false},"brand":[6590],"family":[173,139,3],"support":[50],"technology":[40],"feature":[197],"class_list":["post-18404","product","type-product","status-publish","has-post-thumbnail","hentry","brand-impresora-microplex","family-impresoras-rfid","family-termicas","family-impresoras-industriales","support-papel-continuo-bobina","technology-impresion-termica","feature-ancho-impresion-6-pulgadas"],"acf":[],"yoast_head":"<!-- This site is optimized with the Yoast SEO Premium plugin v26.5 (Yoast SEO v27.4) - https:\/\/yoast.com\/product\/yoast-seo-premium-wordpress\/ -->\n<title>Microplex logiJET T6-2 - Impresora t\u00e9rmica PCL5 RFID industrial emulaci\u00f3n IPDS<\/title>\n<meta name=\"description\" content=\"Microplex logiJET T6-2 Impresora t\u00e9rmica PCL5 de 6 pulgadas, industrial ideal para cadena de suministro, interface GPIO, impresora t\u00e9rmica PLC5 impresora t\u00e9rmica IPDS\" \/>\n<meta name=\"robots\" content=\"index, follow, max-snippet:-1, max-image-preview:large, max-video-preview:-1\" \/>\n<link rel=\"canonical\" href=\"https:\/\/mpi.com.es\/fr\/products\/logijet-t6-2\/\" \/>\n<meta property=\"og:locale\" content=\"fr_FR\" \/>\n<meta property=\"og:type\" content=\"article\" \/>\n<meta property=\"og:title\" content=\"Microplex logiJET T6-2\" \/>\n<meta property=\"og:description\" content=\"Microplex logiJET T6-2 Impresora t\u00e9rmica PCL5 de 6 pulgadas, industrial ideal para cadena de suministro, interface GPIO, impresora t\u00e9rmica PLC5 impresora t\u00e9rmica IPDS\" \/>\n<meta property=\"og:url\" content=\"https:\/\/mpi.com.es\/products\/logijet-t6-2\/\" \/>\n<meta property=\"og:site_name\" content=\"MPI Mantenimiento Perif\u00e9ricos Inform\u00e1ticos\" \/>\n<meta property=\"article:publisher\" content=\"https:\/\/www.facebook.com\/p\/Mantenimiento-Perifricos-Informticos-100069020438303\" \/>\n<meta property=\"article:modified_time\" content=\"2025-12-23T10:34:46+00:00\" \/>\n<meta property=\"og:image\" content=\"https:\/\/mpi.com.es\/wp-content\/uploads\/2022\/04\/IMPRESORA_TERMICA_PCL5_MICROPLEX_LOGIJET_T6-2.png\" \/>\n\t<meta property=\"og:image:width\" content=\"253\" \/>\n\t<meta property=\"og:image:height\" content=\"280\" \/>\n\t<meta property=\"og:image:type\" content=\"image\/png\" \/>\n<meta name=\"twitter:label1\" content=\"Dur\u00e9e de lecture estim\u00e9e\" \/>\n\t<meta name=\"twitter:data1\" content=\"1 minute\" \/>\n<script type=\"application\/ld+json\" class=\"yoast-schema-graph\">{\"@context\":\"https:\\\/\\\/schema.org\",\"@graph\":[{\"@type\":\"WebPage\",\"@id\":\"https:\\\/\\\/mpi.com.es\\\/fr\\\/products\\\/logijet-t6-2\\\/\",\"url\":\"https:\\\/\\\/mpi.com.es\\\/products\\\/logijet-t6-2\\\/\",\"name\":\"Microplex logiJET T6-2 - Impresora t\u00e9rmica PCL5 RFID industrial emulaci\u00f3n IPDS\",\"isPartOf\":{\"@id\":\"https:\\\/\\\/mpi.com.es\\\/fr\\\/#website\"},\"primaryImageOfPage\":{\"@id\":\"https:\\\/\\\/mpi.com.es\\\/products\\\/logijet-t6-2\\\/#primaryimage\"},\"image\":{\"@id\":\"https:\\\/\\\/mpi.com.es\\\/products\\\/logijet-t6-2\\\/#primaryimage\"},\"thumbnailUrl\":\"https:\\\/\\\/mpi.com.es\\\/wp-content\\\/uploads\\\/2022\\\/04\\\/IMPRESORA_TERMICA_PCL5_MICROPLEX_LOGIJET_T6-2.png\",\"datePublished\":\"2022-04-09T08:18:40+00:00\",\"dateModified\":\"2025-12-23T10:34:46+00:00\",\"description\":\"Microplex logiJET T6-2 Impresora t\u00e9rmica PCL5 de 6 pulgadas, industrial ideal para cadena de suministro, interface GPIO, impresora t\u00e9rmica PLC5 impresora t\u00e9rmica IPDS\",\"breadcrumb\":{\"@id\":\"https:\\\/\\\/mpi.com.es\\\/products\\\/logijet-t6-2\\\/#breadcrumb\"},\"inLanguage\":\"fr-FR\",\"potentialAction\":[{\"@type\":\"ReadAction\",\"target\":[\"https:\\\/\\\/mpi.com.es\\\/products\\\/logijet-t6-2\\\/\"]}]},{\"@type\":\"ImageObject\",\"inLanguage\":\"fr-FR\",\"@id\":\"https:\\\/\\\/mpi.com.es\\\/products\\\/logijet-t6-2\\\/#primaryimage\",\"url\":\"https:\\\/\\\/mpi.com.es\\\/wp-content\\\/uploads\\\/2022\\\/04\\\/IMPRESORA_TERMICA_PCL5_MICROPLEX_LOGIJET_T6-2.png\",\"contentUrl\":\"https:\\\/\\\/mpi.com.es\\\/wp-content\\\/uploads\\\/2022\\\/04\\\/IMPRESORA_TERMICA_PCL5_MICROPLEX_LOGIJET_T6-2.png\",\"width\":253,\"height\":280,\"caption\":\"Impresora termica PCL5 Microplex T6\"},{\"@type\":\"BreadcrumbList\",\"@id\":\"https:\\\/\\\/mpi.com.es\\\/products\\\/logijet-t6-2\\\/#breadcrumb\",\"itemListElement\":[{\"@type\":\"ListItem\",\"position\":1,\"name\":\"Portada\",\"item\":\"https:\\\/\\\/mpi.com.es\\\/fr\\\/\"},{\"@type\":\"ListItem\",\"position\":2,\"name\":\"Produits\",\"item\":\"https:\\\/\\\/mpi.com.es\\\/fr\\\/products\\\/\"},{\"@type\":\"ListItem\",\"position\":3,\"name\":\"Microplex logiJET T6-2\"}]},{\"@type\":\"WebSite\",\"@id\":\"https:\\\/\\\/mpi.com.es\\\/fr\\\/#website\",\"url\":\"https:\\\/\\\/mpi.com.es\\\/fr\\\/\",\"name\":\"MPI Mantenimiento Perif\u00e9ricos Inform\u00e1ticos\",\"description\":\"Impresoras Industriales, impresi\u00f3n,alto volumen, mantenimiento, mantenimiento impresoras\",\"publisher\":{\"@id\":\"https:\\\/\\\/mpi.com.es\\\/fr\\\/#organization\"},\"potentialAction\":[{\"@type\":\"SearchAction\",\"target\":{\"@type\":\"EntryPoint\",\"urlTemplate\":\"https:\\\/\\\/mpi.com.es\\\/fr\\\/?s={search_term_string}\"},\"query-input\":{\"@type\":\"PropertyValueSpecification\",\"valueRequired\":true,\"valueName\":\"search_term_string\"}}],\"inLanguage\":\"fr-FR\"},{\"@type\":\"Organization\",\"@id\":\"https:\\\/\\\/mpi.com.es\\\/fr\\\/#organization\",\"name\":\"Mantenimiento Perif\u00e9ricos Inform\u00e1ticos\",\"url\":\"https:\\\/\\\/mpi.com.es\\\/fr\\\/\",\"logo\":{\"@type\":\"ImageObject\",\"inLanguage\":\"fr-FR\",\"@id\":\"https:\\\/\\\/mpi.com.es\\\/fr\\\/#\\\/schema\\\/logo\\\/image\\\/\",\"url\":\"https:\\\/\\\/mpi.com.es\\\/wp-content\\\/uploads\\\/2019\\\/07\\\/LOGONAMING-TRANSP.png\",\"contentUrl\":\"https:\\\/\\\/mpi.com.es\\\/wp-content\\\/uploads\\\/2019\\\/07\\\/LOGONAMING-TRANSP.png\",\"width\":1573,\"height\":431,\"caption\":\"Mantenimiento Perif\u00e9ricos Inform\u00e1ticos\"},\"image\":{\"@id\":\"https:\\\/\\\/mpi.com.es\\\/fr\\\/#\\\/schema\\\/logo\\\/image\\\/\"},\"sameAs\":[\"https:\\\/\\\/www.facebook.com\\\/p\\\/Mantenimiento-Perifricos-Informticos-100069020438303\"]}]}<\/script>\n<!-- \/ Yoast SEO Premium plugin. -->","yoast_head_json":{"title":"Microplex logiJET T6-2 - Impresora t\u00e9rmica PCL5 RFID industrial emulaci\u00f3n IPDS","description":"Microplex logiJET T6-2 Impresora t\u00e9rmica PCL5 de 6 pulgadas, industrial ideal para cadena de suministro, interface GPIO, impresora t\u00e9rmica PLC5 impresora t\u00e9rmica IPDS","robots":{"index":"index","follow":"follow","max-snippet":"max-snippet:-1","max-image-preview":"max-image-preview:large","max-video-preview":"max-video-preview:-1"},"canonical":"https:\/\/mpi.com.es\/fr\/products\/logijet-t6-2\/","og_locale":"fr_FR","og_type":"article","og_title":"Microplex logiJET T6-2","og_description":"Microplex logiJET T6-2 Impresora t\u00e9rmica PCL5 de 6 pulgadas, industrial ideal para cadena de suministro, interface GPIO, impresora t\u00e9rmica PLC5 impresora t\u00e9rmica IPDS","og_url":"https:\/\/mpi.com.es\/products\/logijet-t6-2\/","og_site_name":"MPI Mantenimiento Perif\u00e9ricos Inform\u00e1ticos","article_publisher":"https:\/\/www.facebook.com\/p\/Mantenimiento-Perifricos-Informticos-100069020438303","article_modified_time":"2025-12-23T10:34:46+00:00","og_image":[{"width":253,"height":280,"url":"https:\/\/mpi.com.es\/wp-content\/uploads\/2022\/04\/IMPRESORA_TERMICA_PCL5_MICROPLEX_LOGIJET_T6-2.png","type":"image\/png"}],"twitter_misc":{"Dur\u00e9e de lecture estim\u00e9e":"1 minute"},"schema":{"@context":"https:\/\/schema.org","@graph":[{"@type":"WebPage","@id":"https:\/\/mpi.com.es\/fr\/products\/logijet-t6-2\/","url":"https:\/\/mpi.com.es\/products\/logijet-t6-2\/","name":"Microplex logiJET T6-2 - Impresora t\u00e9rmica PCL5 RFID industrial emulaci\u00f3n IPDS","isPartOf":{"@id":"https:\/\/mpi.com.es\/fr\/#website"},"primaryImageOfPage":{"@id":"https:\/\/mpi.com.es\/products\/logijet-t6-2\/#primaryimage"},"image":{"@id":"https:\/\/mpi.com.es\/products\/logijet-t6-2\/#primaryimage"},"thumbnailUrl":"https:\/\/mpi.com.es\/wp-content\/uploads\/2022\/04\/IMPRESORA_TERMICA_PCL5_MICROPLEX_LOGIJET_T6-2.png","datePublished":"2022-04-09T08:18:40+00:00","dateModified":"2025-12-23T10:34:46+00:00","description":"Microplex logiJET T6-2 Impresora t\u00e9rmica PCL5 de 6 pulgadas, industrial ideal para cadena de suministro, interface GPIO, impresora t\u00e9rmica PLC5 impresora t\u00e9rmica IPDS","breadcrumb":{"@id":"https:\/\/mpi.com.es\/products\/logijet-t6-2\/#breadcrumb"},"inLanguage":"fr-FR","potentialAction":[{"@type":"ReadAction","target":["https:\/\/mpi.com.es\/products\/logijet-t6-2\/"]}]},{"@type":"ImageObject","inLanguage":"fr-FR","@id":"https:\/\/mpi.com.es\/products\/logijet-t6-2\/#primaryimage","url":"https:\/\/mpi.com.es\/wp-content\/uploads\/2022\/04\/IMPRESORA_TERMICA_PCL5_MICROPLEX_LOGIJET_T6-2.png","contentUrl":"https:\/\/mpi.com.es\/wp-content\/uploads\/2022\/04\/IMPRESORA_TERMICA_PCL5_MICROPLEX_LOGIJET_T6-2.png","width":253,"height":280,"caption":"Impresora termica PCL5 Microplex T6"},{"@type":"BreadcrumbList","@id":"https:\/\/mpi.com.es\/products\/logijet-t6-2\/#breadcrumb","itemListElement":[{"@type":"ListItem","position":1,"name":"Portada","item":"https:\/\/mpi.com.es\/fr\/"},{"@type":"ListItem","position":2,"name":"Produits","item":"https:\/\/mpi.com.es\/fr\/products\/"},{"@type":"ListItem","position":3,"name":"Microplex logiJET T6-2"}]},{"@type":"WebSite","@id":"https:\/\/mpi.com.es\/fr\/#website","url":"https:\/\/mpi.com.es\/fr\/","name":"MPI Mantenimiento Perif\u00e9ricos Inform\u00e1ticos","description":"Impresoras Industriales, impresi\u00f3n,alto volumen, mantenimiento, mantenimiento impresoras","publisher":{"@id":"https:\/\/mpi.com.es\/fr\/#organization"},"potentialAction":[{"@type":"SearchAction","target":{"@type":"EntryPoint","urlTemplate":"https:\/\/mpi.com.es\/fr\/?s={search_term_string}"},"query-input":{"@type":"PropertyValueSpecification","valueRequired":true,"valueName":"search_term_string"}}],"inLanguage":"fr-FR"},{"@type":"Organization","@id":"https:\/\/mpi.com.es\/fr\/#organization","name":"Mantenimiento Perif\u00e9ricos Inform\u00e1ticos","url":"https:\/\/mpi.com.es\/fr\/","logo":{"@type":"ImageObject","inLanguage":"fr-FR","@id":"https:\/\/mpi.com.es\/fr\/#\/schema\/logo\/image\/","url":"https:\/\/mpi.com.es\/wp-content\/uploads\/2019\/07\/LOGONAMING-TRANSP.png","contentUrl":"https:\/\/mpi.com.es\/wp-content\/uploads\/2019\/07\/LOGONAMING-TRANSP.png","width":1573,"height":431,"caption":"Mantenimiento Perif\u00e9ricos Inform\u00e1ticos"},"image":{"@id":"https:\/\/mpi.com.es\/fr\/#\/schema\/logo\/image\/"},"sameAs":["https:\/\/www.facebook.com\/p\/Mantenimiento-Perifricos-Informticos-100069020438303"]}]}},"_links":{"self":[{"href":"https:\/\/mpi.com.es\/fr\/wp-json\/wp\/v2\/product\/18404","targetHints":{"allow":["GET"]}}],"collection":[{"href":"https:\/\/mpi.com.es\/fr\/wp-json\/wp\/v2\/product"}],"about":[{"href":"https:\/\/mpi.com.es\/fr\/wp-json\/wp\/v2\/types\/product"}],"wp:featuredmedia":[{"embeddable":true,"href":"https:\/\/mpi.com.es\/fr\/wp-json\/wp\/v2\/media\/18405"}],"wp:attachment":[{"href":"https:\/\/mpi.com.es\/fr\/wp-json\/wp\/v2\/media?parent=18404"}],"wp:term":[{"taxonomy":"brand","embeddable":true,"href":"https:\/\/mpi.com.es\/fr\/wp-json\/wp\/v2\/brand?post=18404"},{"taxonomy":"family","embeddable":true,"href":"https:\/\/mpi.com.es\/fr\/wp-json\/wp\/v2\/family?post=18404"},{"taxonomy":"support","embeddable":true,"href":"https:\/\/mpi.com.es\/fr\/wp-json\/wp\/v2\/support?post=18404"},{"taxonomy":"technology","embeddable":true,"href":"https:\/\/mpi.com.es\/fr\/wp-json\/wp\/v2\/technology?post=18404"},{"taxonomy":"feature","embeddable":true,"href":"https:\/\/mpi.com.es\/fr\/wp-json\/wp\/v2\/feature?post=18404"}],"curies":[{"name":"wp","href":"https:\/\/api.w.org\/{rel}","templated":true}]}}