{"id":14558,"date":"2020-03-29T10:44:11","date_gmt":"2020-03-29T08:44:11","guid":{"rendered":"https:\/\/mpi.com.es\/?post_type=product&#038;p=14558"},"modified":"2020-03-29T10:44:12","modified_gmt":"2020-03-29T08:44:12","slug":"cabezal-sato-lm408e-203-dpi","status":"publish","type":"product","link":"https:\/\/mpi.com.es\/fr\/products\/cabezal-sato-lm408e-203-dpi\/","title":{"rendered":"Cabezal Sato LM408e 203 dpi"},"content":{"rendered":"","protected":false},"featured_media":14559,"template":"","meta":{"_acf_changed":false},"brand":[1236,165],"family":[1735],"support":[],"technology":[40],"feature":[196],"class_list":["post-14558","product","type-product","status-publish","has-post-thumbnail","hentry","brand-cabezales-sato","brand-sato","family-cabezales-sato","technology-impresion-termica","feature-ancho-impresion-4-pulgadas"],"acf":[],"yoast_head":"<!-- This site is optimized with the Yoast SEO Premium plugin v26.5 (Yoast SEO v27.4) - https:\/\/yoast.com\/product\/yoast-seo-premium-wordpress\/ -->\n<title>Cabezal Sato LM408e 203 dpi - MPI Mantenimiento Perif\u00e9ricos Inform\u00e1ticos<\/title>\n<meta name=\"description\" content=\"GH000741A Cabezal Sato LM408e 203 dpi Distribuidor oficial impresoras Sato servicio t\u00e9cnico mantenimiento impresoras Sato Espa\u00f1a y Portugal\" \/>\n<meta name=\"robots\" content=\"index, follow, max-snippet:-1, max-image-preview:large, max-video-preview:-1\" \/>\n<link rel=\"canonical\" href=\"https:\/\/mpi.com.es\/fr\/products\/cabezal-sato-lm408e-203-dpi\/\" \/>\n<meta property=\"og:locale\" content=\"fr_FR\" \/>\n<meta property=\"og:type\" content=\"article\" \/>\n<meta property=\"og:title\" content=\"Cabezal Sato LM408e 203 dpi\" \/>\n<meta property=\"og:description\" content=\"GH000741A Cabezal Sato LM408e 203 dpi Distribuidor oficial impresoras Sato servicio t\u00e9cnico mantenimiento impresoras Sato Espa\u00f1a y Portugal\" \/>\n<meta property=\"og:url\" content=\"https:\/\/mpi.com.es\/fr\/products\/cabezal-sato-lm408e-203-dpi\/\" \/>\n<meta property=\"og:site_name\" content=\"MPI Mantenimiento Perif\u00e9ricos Inform\u00e1ticos\" \/>\n<meta property=\"article:publisher\" content=\"https:\/\/www.facebook.com\/p\/Mantenimiento-Perifricos-Informticos-100069020438303\" \/>\n<meta property=\"article:modified_time\" content=\"2020-03-29T08:44:12+00:00\" \/>\n<meta property=\"og:image\" content=\"https:\/\/mpi.com.es\/wp-content\/uploads\/2020\/03\/sato_Cabezal_LM408_GH000741A.jpg\" \/>\n\t<meta property=\"og:image:width\" content=\"1001\" \/>\n\t<meta property=\"og:image:height\" content=\"1001\" \/>\n\t<meta property=\"og:image:type\" content=\"image\/jpeg\" \/>\n<script type=\"application\/ld+json\" class=\"yoast-schema-graph\">{\"@context\":\"https:\\\/\\\/schema.org\",\"@graph\":[{\"@type\":\"WebPage\",\"@id\":\"https:\\\/\\\/mpi.com.es\\\/fr\\\/products\\\/cabezal-sato-lm408e-203-dpi\\\/\",\"url\":\"https:\\\/\\\/mpi.com.es\\\/fr\\\/products\\\/cabezal-sato-lm408e-203-dpi\\\/\",\"name\":\"Cabezal Sato LM408e 203 dpi - MPI Mantenimiento Perif\u00e9ricos Inform\u00e1ticos\",\"isPartOf\":{\"@id\":\"https:\\\/\\\/mpi.com.es\\\/fr\\\/#website\"},\"primaryImageOfPage\":{\"@id\":\"https:\\\/\\\/mpi.com.es\\\/fr\\\/products\\\/cabezal-sato-lm408e-203-dpi\\\/#primaryimage\"},\"image\":{\"@id\":\"https:\\\/\\\/mpi.com.es\\\/fr\\\/products\\\/cabezal-sato-lm408e-203-dpi\\\/#primaryimage\"},\"thumbnailUrl\":\"https:\\\/\\\/mpi.com.es\\\/wp-content\\\/uploads\\\/2020\\\/03\\\/sato_Cabezal_LM408_GH000741A.jpg\",\"datePublished\":\"2020-03-29T08:44:11+00:00\",\"dateModified\":\"2020-03-29T08:44:12+00:00\",\"description\":\"GH000741A Cabezal Sato LM408e 203 dpi Distribuidor oficial impresoras Sato servicio t\u00e9cnico mantenimiento impresoras Sato Espa\u00f1a y Portugal\",\"breadcrumb\":{\"@id\":\"https:\\\/\\\/mpi.com.es\\\/fr\\\/products\\\/cabezal-sato-lm408e-203-dpi\\\/#breadcrumb\"},\"inLanguage\":\"fr-FR\",\"potentialAction\":[{\"@type\":\"ReadAction\",\"target\":[\"https:\\\/\\\/mpi.com.es\\\/fr\\\/products\\\/cabezal-sato-lm408e-203-dpi\\\/\"]}]},{\"@type\":\"ImageObject\",\"inLanguage\":\"fr-FR\",\"@id\":\"https:\\\/\\\/mpi.com.es\\\/fr\\\/products\\\/cabezal-sato-lm408e-203-dpi\\\/#primaryimage\",\"url\":\"https:\\\/\\\/mpi.com.es\\\/wp-content\\\/uploads\\\/2020\\\/03\\\/sato_Cabezal_LM408_GH000741A.jpg\",\"contentUrl\":\"https:\\\/\\\/mpi.com.es\\\/wp-content\\\/uploads\\\/2020\\\/03\\\/sato_Cabezal_LM408_GH000741A.jpg\",\"width\":1001,\"height\":1001,\"caption\":\"sato_Cabezal_LM408_GH000741A\"},{\"@type\":\"BreadcrumbList\",\"@id\":\"https:\\\/\\\/mpi.com.es\\\/fr\\\/products\\\/cabezal-sato-lm408e-203-dpi\\\/#breadcrumb\",\"itemListElement\":[{\"@type\":\"ListItem\",\"position\":1,\"name\":\"Portada\",\"item\":\"https:\\\/\\\/mpi.com.es\\\/fr\\\/\"},{\"@type\":\"ListItem\",\"position\":2,\"name\":\"Produits\",\"item\":\"https:\\\/\\\/mpi.com.es\\\/fr\\\/products\\\/\"},{\"@type\":\"ListItem\",\"position\":3,\"name\":\"Cabezal Sato LM408e 203 dpi\"}]},{\"@type\":\"WebSite\",\"@id\":\"https:\\\/\\\/mpi.com.es\\\/fr\\\/#website\",\"url\":\"https:\\\/\\\/mpi.com.es\\\/fr\\\/\",\"name\":\"MPI Mantenimiento Perif\u00e9ricos Inform\u00e1ticos\",\"description\":\"Impresoras Industriales, impresi\u00f3n,alto volumen, mantenimiento, mantenimiento impresoras\",\"publisher\":{\"@id\":\"https:\\\/\\\/mpi.com.es\\\/fr\\\/#organization\"},\"potentialAction\":[{\"@type\":\"SearchAction\",\"target\":{\"@type\":\"EntryPoint\",\"urlTemplate\":\"https:\\\/\\\/mpi.com.es\\\/fr\\\/?s={search_term_string}\"},\"query-input\":{\"@type\":\"PropertyValueSpecification\",\"valueRequired\":true,\"valueName\":\"search_term_string\"}}],\"inLanguage\":\"fr-FR\"},{\"@type\":\"Organization\",\"@id\":\"https:\\\/\\\/mpi.com.es\\\/fr\\\/#organization\",\"name\":\"Mantenimiento Perif\u00e9ricos Inform\u00e1ticos\",\"url\":\"https:\\\/\\\/mpi.com.es\\\/fr\\\/\",\"logo\":{\"@type\":\"ImageObject\",\"inLanguage\":\"fr-FR\",\"@id\":\"https:\\\/\\\/mpi.com.es\\\/fr\\\/#\\\/schema\\\/logo\\\/image\\\/\",\"url\":\"https:\\\/\\\/mpi.com.es\\\/wp-content\\\/uploads\\\/2019\\\/07\\\/LOGONAMING-TRANSP.png\",\"contentUrl\":\"https:\\\/\\\/mpi.com.es\\\/wp-content\\\/uploads\\\/2019\\\/07\\\/LOGONAMING-TRANSP.png\",\"width\":1573,\"height\":431,\"caption\":\"Mantenimiento Perif\u00e9ricos Inform\u00e1ticos\"},\"image\":{\"@id\":\"https:\\\/\\\/mpi.com.es\\\/fr\\\/#\\\/schema\\\/logo\\\/image\\\/\"},\"sameAs\":[\"https:\\\/\\\/www.facebook.com\\\/p\\\/Mantenimiento-Perifricos-Informticos-100069020438303\"]}]}<\/script>\n<!-- \/ Yoast SEO Premium plugin. -->","yoast_head_json":{"title":"Cabezal Sato LM408e 203 dpi - MPI Mantenimiento Perif\u00e9ricos Inform\u00e1ticos","description":"GH000741A Cabezal Sato LM408e 203 dpi Distribuidor oficial impresoras Sato servicio t\u00e9cnico mantenimiento impresoras Sato Espa\u00f1a y Portugal","robots":{"index":"index","follow":"follow","max-snippet":"max-snippet:-1","max-image-preview":"max-image-preview:large","max-video-preview":"max-video-preview:-1"},"canonical":"https:\/\/mpi.com.es\/fr\/products\/cabezal-sato-lm408e-203-dpi\/","og_locale":"fr_FR","og_type":"article","og_title":"Cabezal Sato LM408e 203 dpi","og_description":"GH000741A Cabezal Sato LM408e 203 dpi Distribuidor oficial impresoras Sato servicio t\u00e9cnico mantenimiento impresoras Sato Espa\u00f1a y Portugal","og_url":"https:\/\/mpi.com.es\/fr\/products\/cabezal-sato-lm408e-203-dpi\/","og_site_name":"MPI Mantenimiento Perif\u00e9ricos Inform\u00e1ticos","article_publisher":"https:\/\/www.facebook.com\/p\/Mantenimiento-Perifricos-Informticos-100069020438303","article_modified_time":"2020-03-29T08:44:12+00:00","og_image":[{"width":1001,"height":1001,"url":"https:\/\/mpi.com.es\/wp-content\/uploads\/2020\/03\/sato_Cabezal_LM408_GH000741A.jpg","type":"image\/jpeg"}],"schema":{"@context":"https:\/\/schema.org","@graph":[{"@type":"WebPage","@id":"https:\/\/mpi.com.es\/fr\/products\/cabezal-sato-lm408e-203-dpi\/","url":"https:\/\/mpi.com.es\/fr\/products\/cabezal-sato-lm408e-203-dpi\/","name":"Cabezal Sato LM408e 203 dpi - MPI Mantenimiento Perif\u00e9ricos Inform\u00e1ticos","isPartOf":{"@id":"https:\/\/mpi.com.es\/fr\/#website"},"primaryImageOfPage":{"@id":"https:\/\/mpi.com.es\/fr\/products\/cabezal-sato-lm408e-203-dpi\/#primaryimage"},"image":{"@id":"https:\/\/mpi.com.es\/fr\/products\/cabezal-sato-lm408e-203-dpi\/#primaryimage"},"thumbnailUrl":"https:\/\/mpi.com.es\/wp-content\/uploads\/2020\/03\/sato_Cabezal_LM408_GH000741A.jpg","datePublished":"2020-03-29T08:44:11+00:00","dateModified":"2020-03-29T08:44:12+00:00","description":"GH000741A Cabezal Sato LM408e 203 dpi Distribuidor oficial impresoras Sato servicio t\u00e9cnico mantenimiento impresoras Sato Espa\u00f1a y Portugal","breadcrumb":{"@id":"https:\/\/mpi.com.es\/fr\/products\/cabezal-sato-lm408e-203-dpi\/#breadcrumb"},"inLanguage":"fr-FR","potentialAction":[{"@type":"ReadAction","target":["https:\/\/mpi.com.es\/fr\/products\/cabezal-sato-lm408e-203-dpi\/"]}]},{"@type":"ImageObject","inLanguage":"fr-FR","@id":"https:\/\/mpi.com.es\/fr\/products\/cabezal-sato-lm408e-203-dpi\/#primaryimage","url":"https:\/\/mpi.com.es\/wp-content\/uploads\/2020\/03\/sato_Cabezal_LM408_GH000741A.jpg","contentUrl":"https:\/\/mpi.com.es\/wp-content\/uploads\/2020\/03\/sato_Cabezal_LM408_GH000741A.jpg","width":1001,"height":1001,"caption":"sato_Cabezal_LM408_GH000741A"},{"@type":"BreadcrumbList","@id":"https:\/\/mpi.com.es\/fr\/products\/cabezal-sato-lm408e-203-dpi\/#breadcrumb","itemListElement":[{"@type":"ListItem","position":1,"name":"Portada","item":"https:\/\/mpi.com.es\/fr\/"},{"@type":"ListItem","position":2,"name":"Produits","item":"https:\/\/mpi.com.es\/fr\/products\/"},{"@type":"ListItem","position":3,"name":"Cabezal Sato LM408e 203 dpi"}]},{"@type":"WebSite","@id":"https:\/\/mpi.com.es\/fr\/#website","url":"https:\/\/mpi.com.es\/fr\/","name":"MPI Mantenimiento Perif\u00e9ricos Inform\u00e1ticos","description":"Impresoras Industriales, impresi\u00f3n,alto volumen, mantenimiento, mantenimiento impresoras","publisher":{"@id":"https:\/\/mpi.com.es\/fr\/#organization"},"potentialAction":[{"@type":"SearchAction","target":{"@type":"EntryPoint","urlTemplate":"https:\/\/mpi.com.es\/fr\/?s={search_term_string}"},"query-input":{"@type":"PropertyValueSpecification","valueRequired":true,"valueName":"search_term_string"}}],"inLanguage":"fr-FR"},{"@type":"Organization","@id":"https:\/\/mpi.com.es\/fr\/#organization","name":"Mantenimiento Perif\u00e9ricos Inform\u00e1ticos","url":"https:\/\/mpi.com.es\/fr\/","logo":{"@type":"ImageObject","inLanguage":"fr-FR","@id":"https:\/\/mpi.com.es\/fr\/#\/schema\/logo\/image\/","url":"https:\/\/mpi.com.es\/wp-content\/uploads\/2019\/07\/LOGONAMING-TRANSP.png","contentUrl":"https:\/\/mpi.com.es\/wp-content\/uploads\/2019\/07\/LOGONAMING-TRANSP.png","width":1573,"height":431,"caption":"Mantenimiento Perif\u00e9ricos Inform\u00e1ticos"},"image":{"@id":"https:\/\/mpi.com.es\/fr\/#\/schema\/logo\/image\/"},"sameAs":["https:\/\/www.facebook.com\/p\/Mantenimiento-Perifricos-Informticos-100069020438303"]}]}},"_links":{"self":[{"href":"https:\/\/mpi.com.es\/fr\/wp-json\/wp\/v2\/product\/14558","targetHints":{"allow":["GET"]}}],"collection":[{"href":"https:\/\/mpi.com.es\/fr\/wp-json\/wp\/v2\/product"}],"about":[{"href":"https:\/\/mpi.com.es\/fr\/wp-json\/wp\/v2\/types\/product"}],"wp:featuredmedia":[{"embeddable":true,"href":"https:\/\/mpi.com.es\/fr\/wp-json\/wp\/v2\/media\/14559"}],"wp:attachment":[{"href":"https:\/\/mpi.com.es\/fr\/wp-json\/wp\/v2\/media?parent=14558"}],"wp:term":[{"taxonomy":"brand","embeddable":true,"href":"https:\/\/mpi.com.es\/fr\/wp-json\/wp\/v2\/brand?post=14558"},{"taxonomy":"family","embeddable":true,"href":"https:\/\/mpi.com.es\/fr\/wp-json\/wp\/v2\/family?post=14558"},{"taxonomy":"support","embeddable":true,"href":"https:\/\/mpi.com.es\/fr\/wp-json\/wp\/v2\/support?post=14558"},{"taxonomy":"technology","embeddable":true,"href":"https:\/\/mpi.com.es\/fr\/wp-json\/wp\/v2\/technology?post=14558"},{"taxonomy":"feature","embeddable":true,"href":"https:\/\/mpi.com.es\/fr\/wp-json\/wp\/v2\/feature?post=14558"}],"curies":[{"name":"wp","href":"https:\/\/api.w.org\/{rel}","templated":true}]}}