{"id":14435,"date":"2020-03-08T11:41:09","date_gmt":"2020-03-08T10:41:09","guid":{"rendered":"https:\/\/mpi.com.es\/?post_type=product&#038;p=14435"},"modified":"2020-04-10T08:06:00","modified_gmt":"2020-04-10T06:06:00","slug":"sato-cl6nx","status":"publish","type":"product","link":"https:\/\/mpi.com.es\/fr\/products\/sato-cl6nx\/","title":{"rendered":"Sato CL6NX"},"content":{"rendered":"","protected":false},"featured_media":14436,"template":"","meta":{"_acf_changed":false},"brand":[208,165],"family":[139,3],"support":[50],"technology":[40],"feature":[197],"class_list":["post-14435","product","type-product","status-publish","has-post-thumbnail","hentry","brand-impresoras-sato","brand-sato","family-termicas","family-impresoras-industriales","support-papel-continuo-bobina","technology-impresion-termica","feature-ancho-impresion-6-pulgadas"],"acf":[],"yoast_head":"<!-- This site is optimized with the Yoast SEO Premium plugin v26.5 (Yoast SEO v27.4) - https:\/\/yoast.com\/product\/yoast-seo-premium-wordpress\/ -->\n<title>Sato CL6NX - NUEVA Impresora etiquetas industrial 6 pulgadas RFID<\/title>\n<meta name=\"description\" content=\"Sato CL6NX La nueva serie NX viene cargada de serie con un mont\u00f3n de caracter\u00edsticas que har\u00e1 que su operativa y mantenimiento sean m\u00e1s f\u00e1ciles\" \/>\n<meta name=\"robots\" content=\"index, follow, max-snippet:-1, max-image-preview:large, max-video-preview:-1\" \/>\n<link rel=\"canonical\" href=\"https:\/\/mpi.com.es\/fr\/products\/sato-cl6nx\/\" \/>\n<meta property=\"og:locale\" content=\"fr_FR\" \/>\n<meta property=\"og:type\" content=\"article\" \/>\n<meta property=\"og:title\" content=\"Sato CL6NX\" \/>\n<meta property=\"og:description\" content=\"Sato CL6NX La nueva serie NX viene cargada de serie con un mont\u00f3n de caracter\u00edsticas que har\u00e1 que su operativa y mantenimiento sean m\u00e1s f\u00e1ciles\" \/>\n<meta property=\"og:url\" content=\"https:\/\/mpi.com.es\/fr\/products\/sato-cl6nx\/\" \/>\n<meta property=\"og:site_name\" content=\"MPI Mantenimiento Perif\u00e9ricos Inform\u00e1ticos\" \/>\n<meta property=\"article:publisher\" content=\"https:\/\/www.facebook.com\/p\/Mantenimiento-Perifricos-Informticos-100069020438303\" \/>\n<meta property=\"article:modified_time\" content=\"2020-04-10T06:06:00+00:00\" \/>\n<meta property=\"og:image\" content=\"https:\/\/mpi.com.es\/wp-content\/uploads\/2020\/03\/IMPRESORA-SATO-cl6nx-FRENTE.png\" \/>\n\t<meta property=\"og:image:width\" content=\"253\" \/>\n\t<meta property=\"og:image:height\" content=\"280\" \/>\n\t<meta property=\"og:image:type\" content=\"image\/png\" \/>\n<script type=\"application\/ld+json\" class=\"yoast-schema-graph\">{\"@context\":\"https:\\\/\\\/schema.org\",\"@graph\":[{\"@type\":\"WebPage\",\"@id\":\"https:\\\/\\\/mpi.com.es\\\/fr\\\/products\\\/sato-cl6nx\\\/\",\"url\":\"https:\\\/\\\/mpi.com.es\\\/fr\\\/products\\\/sato-cl6nx\\\/\",\"name\":\"Sato CL6NX - NUEVA Impresora etiquetas industrial 6 pulgadas RFID\",\"isPartOf\":{\"@id\":\"https:\\\/\\\/mpi.com.es\\\/fr\\\/#website\"},\"primaryImageOfPage\":{\"@id\":\"https:\\\/\\\/mpi.com.es\\\/fr\\\/products\\\/sato-cl6nx\\\/#primaryimage\"},\"image\":{\"@id\":\"https:\\\/\\\/mpi.com.es\\\/fr\\\/products\\\/sato-cl6nx\\\/#primaryimage\"},\"thumbnailUrl\":\"https:\\\/\\\/mpi.com.es\\\/wp-content\\\/uploads\\\/2020\\\/03\\\/IMPRESORA-SATO-cl6nx-FRENTE.png\",\"datePublished\":\"2020-03-08T10:41:09+00:00\",\"dateModified\":\"2020-04-10T06:06:00+00:00\",\"description\":\"Sato CL6NX La nueva serie NX viene cargada de serie con un mont\u00f3n de caracter\u00edsticas que har\u00e1 que su operativa y mantenimiento sean m\u00e1s f\u00e1ciles\",\"breadcrumb\":{\"@id\":\"https:\\\/\\\/mpi.com.es\\\/fr\\\/products\\\/sato-cl6nx\\\/#breadcrumb\"},\"inLanguage\":\"fr-FR\",\"potentialAction\":[{\"@type\":\"ReadAction\",\"target\":[\"https:\\\/\\\/mpi.com.es\\\/fr\\\/products\\\/sato-cl6nx\\\/\"]}]},{\"@type\":\"ImageObject\",\"inLanguage\":\"fr-FR\",\"@id\":\"https:\\\/\\\/mpi.com.es\\\/fr\\\/products\\\/sato-cl6nx\\\/#primaryimage\",\"url\":\"https:\\\/\\\/mpi.com.es\\\/wp-content\\\/uploads\\\/2020\\\/03\\\/IMPRESORA-SATO-cl6nx-FRENTE.png\",\"contentUrl\":\"https:\\\/\\\/mpi.com.es\\\/wp-content\\\/uploads\\\/2020\\\/03\\\/IMPRESORA-SATO-cl6nx-FRENTE.png\",\"width\":253,\"height\":280,\"caption\":\"IMPRESORA-SATO-cl6nx-FRENTE\"},{\"@type\":\"BreadcrumbList\",\"@id\":\"https:\\\/\\\/mpi.com.es\\\/fr\\\/products\\\/sato-cl6nx\\\/#breadcrumb\",\"itemListElement\":[{\"@type\":\"ListItem\",\"position\":1,\"name\":\"Portada\",\"item\":\"https:\\\/\\\/mpi.com.es\\\/fr\\\/\"},{\"@type\":\"ListItem\",\"position\":2,\"name\":\"Produits\",\"item\":\"https:\\\/\\\/mpi.com.es\\\/fr\\\/products\\\/\"},{\"@type\":\"ListItem\",\"position\":3,\"name\":\"Sato CL6NX\"}]},{\"@type\":\"WebSite\",\"@id\":\"https:\\\/\\\/mpi.com.es\\\/fr\\\/#website\",\"url\":\"https:\\\/\\\/mpi.com.es\\\/fr\\\/\",\"name\":\"MPI Mantenimiento Perif\u00e9ricos Inform\u00e1ticos\",\"description\":\"Impresoras Industriales, impresi\u00f3n,alto volumen, mantenimiento, mantenimiento impresoras\",\"publisher\":{\"@id\":\"https:\\\/\\\/mpi.com.es\\\/fr\\\/#organization\"},\"potentialAction\":[{\"@type\":\"SearchAction\",\"target\":{\"@type\":\"EntryPoint\",\"urlTemplate\":\"https:\\\/\\\/mpi.com.es\\\/fr\\\/?s={search_term_string}\"},\"query-input\":{\"@type\":\"PropertyValueSpecification\",\"valueRequired\":true,\"valueName\":\"search_term_string\"}}],\"inLanguage\":\"fr-FR\"},{\"@type\":\"Organization\",\"@id\":\"https:\\\/\\\/mpi.com.es\\\/fr\\\/#organization\",\"name\":\"Mantenimiento Perif\u00e9ricos Inform\u00e1ticos\",\"url\":\"https:\\\/\\\/mpi.com.es\\\/fr\\\/\",\"logo\":{\"@type\":\"ImageObject\",\"inLanguage\":\"fr-FR\",\"@id\":\"https:\\\/\\\/mpi.com.es\\\/fr\\\/#\\\/schema\\\/logo\\\/image\\\/\",\"url\":\"https:\\\/\\\/mpi.com.es\\\/wp-content\\\/uploads\\\/2019\\\/07\\\/LOGONAMING-TRANSP.png\",\"contentUrl\":\"https:\\\/\\\/mpi.com.es\\\/wp-content\\\/uploads\\\/2019\\\/07\\\/LOGONAMING-TRANSP.png\",\"width\":1573,\"height\":431,\"caption\":\"Mantenimiento Perif\u00e9ricos Inform\u00e1ticos\"},\"image\":{\"@id\":\"https:\\\/\\\/mpi.com.es\\\/fr\\\/#\\\/schema\\\/logo\\\/image\\\/\"},\"sameAs\":[\"https:\\\/\\\/www.facebook.com\\\/p\\\/Mantenimiento-Perifricos-Informticos-100069020438303\"]}]}<\/script>\n<!-- \/ Yoast SEO Premium plugin. -->","yoast_head_json":{"title":"Sato CL6NX - NUEVA Impresora etiquetas industrial 6 pulgadas RFID","description":"Sato CL6NX La nueva serie NX viene cargada de serie con un mont\u00f3n de caracter\u00edsticas que har\u00e1 que su operativa y mantenimiento sean m\u00e1s f\u00e1ciles","robots":{"index":"index","follow":"follow","max-snippet":"max-snippet:-1","max-image-preview":"max-image-preview:large","max-video-preview":"max-video-preview:-1"},"canonical":"https:\/\/mpi.com.es\/fr\/products\/sato-cl6nx\/","og_locale":"fr_FR","og_type":"article","og_title":"Sato CL6NX","og_description":"Sato CL6NX La nueva serie NX viene cargada de serie con un mont\u00f3n de caracter\u00edsticas que har\u00e1 que su operativa y mantenimiento sean m\u00e1s f\u00e1ciles","og_url":"https:\/\/mpi.com.es\/fr\/products\/sato-cl6nx\/","og_site_name":"MPI Mantenimiento Perif\u00e9ricos Inform\u00e1ticos","article_publisher":"https:\/\/www.facebook.com\/p\/Mantenimiento-Perifricos-Informticos-100069020438303","article_modified_time":"2020-04-10T06:06:00+00:00","og_image":[{"width":253,"height":280,"url":"https:\/\/mpi.com.es\/wp-content\/uploads\/2020\/03\/IMPRESORA-SATO-cl6nx-FRENTE.png","type":"image\/png"}],"schema":{"@context":"https:\/\/schema.org","@graph":[{"@type":"WebPage","@id":"https:\/\/mpi.com.es\/fr\/products\/sato-cl6nx\/","url":"https:\/\/mpi.com.es\/fr\/products\/sato-cl6nx\/","name":"Sato CL6NX - NUEVA Impresora etiquetas industrial 6 pulgadas RFID","isPartOf":{"@id":"https:\/\/mpi.com.es\/fr\/#website"},"primaryImageOfPage":{"@id":"https:\/\/mpi.com.es\/fr\/products\/sato-cl6nx\/#primaryimage"},"image":{"@id":"https:\/\/mpi.com.es\/fr\/products\/sato-cl6nx\/#primaryimage"},"thumbnailUrl":"https:\/\/mpi.com.es\/wp-content\/uploads\/2020\/03\/IMPRESORA-SATO-cl6nx-FRENTE.png","datePublished":"2020-03-08T10:41:09+00:00","dateModified":"2020-04-10T06:06:00+00:00","description":"Sato CL6NX La nueva serie NX viene cargada de serie con un mont\u00f3n de caracter\u00edsticas que har\u00e1 que su operativa y mantenimiento sean m\u00e1s f\u00e1ciles","breadcrumb":{"@id":"https:\/\/mpi.com.es\/fr\/products\/sato-cl6nx\/#breadcrumb"},"inLanguage":"fr-FR","potentialAction":[{"@type":"ReadAction","target":["https:\/\/mpi.com.es\/fr\/products\/sato-cl6nx\/"]}]},{"@type":"ImageObject","inLanguage":"fr-FR","@id":"https:\/\/mpi.com.es\/fr\/products\/sato-cl6nx\/#primaryimage","url":"https:\/\/mpi.com.es\/wp-content\/uploads\/2020\/03\/IMPRESORA-SATO-cl6nx-FRENTE.png","contentUrl":"https:\/\/mpi.com.es\/wp-content\/uploads\/2020\/03\/IMPRESORA-SATO-cl6nx-FRENTE.png","width":253,"height":280,"caption":"IMPRESORA-SATO-cl6nx-FRENTE"},{"@type":"BreadcrumbList","@id":"https:\/\/mpi.com.es\/fr\/products\/sato-cl6nx\/#breadcrumb","itemListElement":[{"@type":"ListItem","position":1,"name":"Portada","item":"https:\/\/mpi.com.es\/fr\/"},{"@type":"ListItem","position":2,"name":"Produits","item":"https:\/\/mpi.com.es\/fr\/products\/"},{"@type":"ListItem","position":3,"name":"Sato CL6NX"}]},{"@type":"WebSite","@id":"https:\/\/mpi.com.es\/fr\/#website","url":"https:\/\/mpi.com.es\/fr\/","name":"MPI Mantenimiento Perif\u00e9ricos Inform\u00e1ticos","description":"Impresoras Industriales, impresi\u00f3n,alto volumen, mantenimiento, mantenimiento impresoras","publisher":{"@id":"https:\/\/mpi.com.es\/fr\/#organization"},"potentialAction":[{"@type":"SearchAction","target":{"@type":"EntryPoint","urlTemplate":"https:\/\/mpi.com.es\/fr\/?s={search_term_string}"},"query-input":{"@type":"PropertyValueSpecification","valueRequired":true,"valueName":"search_term_string"}}],"inLanguage":"fr-FR"},{"@type":"Organization","@id":"https:\/\/mpi.com.es\/fr\/#organization","name":"Mantenimiento Perif\u00e9ricos Inform\u00e1ticos","url":"https:\/\/mpi.com.es\/fr\/","logo":{"@type":"ImageObject","inLanguage":"fr-FR","@id":"https:\/\/mpi.com.es\/fr\/#\/schema\/logo\/image\/","url":"https:\/\/mpi.com.es\/wp-content\/uploads\/2019\/07\/LOGONAMING-TRANSP.png","contentUrl":"https:\/\/mpi.com.es\/wp-content\/uploads\/2019\/07\/LOGONAMING-TRANSP.png","width":1573,"height":431,"caption":"Mantenimiento Perif\u00e9ricos Inform\u00e1ticos"},"image":{"@id":"https:\/\/mpi.com.es\/fr\/#\/schema\/logo\/image\/"},"sameAs":["https:\/\/www.facebook.com\/p\/Mantenimiento-Perifricos-Informticos-100069020438303"]}]}},"_links":{"self":[{"href":"https:\/\/mpi.com.es\/fr\/wp-json\/wp\/v2\/product\/14435","targetHints":{"allow":["GET"]}}],"collection":[{"href":"https:\/\/mpi.com.es\/fr\/wp-json\/wp\/v2\/product"}],"about":[{"href":"https:\/\/mpi.com.es\/fr\/wp-json\/wp\/v2\/types\/product"}],"wp:featuredmedia":[{"embeddable":true,"href":"https:\/\/mpi.com.es\/fr\/wp-json\/wp\/v2\/media\/14436"}],"wp:attachment":[{"href":"https:\/\/mpi.com.es\/fr\/wp-json\/wp\/v2\/media?parent=14435"}],"wp:term":[{"taxonomy":"brand","embeddable":true,"href":"https:\/\/mpi.com.es\/fr\/wp-json\/wp\/v2\/brand?post=14435"},{"taxonomy":"family","embeddable":true,"href":"https:\/\/mpi.com.es\/fr\/wp-json\/wp\/v2\/family?post=14435"},{"taxonomy":"support","embeddable":true,"href":"https:\/\/mpi.com.es\/fr\/wp-json\/wp\/v2\/support?post=14435"},{"taxonomy":"technology","embeddable":true,"href":"https:\/\/mpi.com.es\/fr\/wp-json\/wp\/v2\/technology?post=14435"},{"taxonomy":"feature","embeddable":true,"href":"https:\/\/mpi.com.es\/fr\/wp-json\/wp\/v2\/feature?post=14435"}],"curies":[{"name":"wp","href":"https:\/\/api.w.org\/{rel}","templated":true}]}}