{"id":12205,"date":"2019-04-27T09:48:21","date_gmt":"2019-04-27T07:48:21","guid":{"rendered":"https:\/\/mpi.com.es\/products\/printronix-t4000\/"},"modified":"2019-04-30T11:20:29","modified_gmt":"2019-04-30T09:20:29","slug":"printronix-t4000","status":"publish","type":"product","link":"https:\/\/mpi.com.es\/fr\/products\/printronix-t4000\/","title":{"rendered":"Printronix T4000"},"content":{"rendered":"","protected":false},"featured_media":11865,"template":"","meta":{"_acf_changed":false},"brand":[741],"family":[849],"support":[814],"technology":[811],"feature":[],"class_list":["post-12205","product","type-product","status-publish","has-post-thumbnail","hentry","brand-imprimantes-printronix-autoid","family-imprimantes-thermiques","support-bobine-de-papier-ou-papier-continu","technology-thermique"],"acf":[],"yoast_head":"<!-- This site is optimized with the Yoast SEO Premium plugin v26.5 (Yoast SEO v27.4) - https:\/\/yoast.com\/product\/yoast-seo-premium-wordpress\/ -->\n<title>Printronix T4000 - NOUVELLE Imprimante thermique 4 pouces ECO<\/title>\n<meta name=\"description\" content=\"Printronix T4000 Imprimante thermique hautes performances faible co\u00fbt jusqu&#039;a 5000 \u00e9tiquettes \/ jour dans des environnements exigeants, robuste et tr\u00e8s \u00e9con\" \/>\n<meta name=\"robots\" content=\"index, follow, max-snippet:-1, max-image-preview:large, max-video-preview:-1\" \/>\n<link rel=\"canonical\" href=\"https:\/\/mpi.com.es\/fr\/products\/printronix-t4000\/\" \/>\n<meta property=\"og:locale\" content=\"fr_FR\" \/>\n<meta property=\"og:type\" content=\"article\" \/>\n<meta property=\"og:title\" content=\"Printronix T4000\" \/>\n<meta property=\"og:description\" content=\"Printronix T4000 Imprimante thermique hautes performances faible co\u00fbt jusqu&#039;a 5000 \u00e9tiquettes \/ jour dans des environnements exigeants, robuste et tr\u00e8s \u00e9con\" \/>\n<meta property=\"og:url\" content=\"https:\/\/mpi.com.es\/fr\/products\/printronix-t4000\/\" \/>\n<meta property=\"og:site_name\" content=\"MPI Mantenimiento Perif\u00e9ricos Inform\u00e1ticos\" \/>\n<meta property=\"article:publisher\" content=\"https:\/\/www.facebook.com\/p\/Mantenimiento-Perifricos-Informticos-100069020438303\" \/>\n<meta property=\"article:modified_time\" content=\"2019-04-30T09:20:29+00:00\" \/>\n<meta property=\"og:image\" content=\"https:\/\/mpi.com.es\/wp-content\/uploads\/2019\/04\/IMPRESORA-PRINTRONIX-T4000-NEW.jpg\" \/>\n\t<meta property=\"og:image:width\" content=\"253\" \/>\n\t<meta property=\"og:image:height\" content=\"280\" \/>\n\t<meta property=\"og:image:type\" content=\"image\/jpeg\" \/>\n<script type=\"application\/ld+json\" class=\"yoast-schema-graph\">{\"@context\":\"https:\\\/\\\/schema.org\",\"@graph\":[{\"@type\":\"WebPage\",\"@id\":\"https:\\\/\\\/mpi.com.es\\\/fr\\\/products\\\/printronix-t4000\\\/\",\"url\":\"https:\\\/\\\/mpi.com.es\\\/fr\\\/products\\\/printronix-t4000\\\/\",\"name\":\"Printronix T4000 - NOUVELLE Imprimante thermique 4 pouces ECO\",\"isPartOf\":{\"@id\":\"https:\\\/\\\/mpi.com.es\\\/fr\\\/#website\"},\"primaryImageOfPage\":{\"@id\":\"https:\\\/\\\/mpi.com.es\\\/fr\\\/products\\\/printronix-t4000\\\/#primaryimage\"},\"image\":{\"@id\":\"https:\\\/\\\/mpi.com.es\\\/fr\\\/products\\\/printronix-t4000\\\/#primaryimage\"},\"thumbnailUrl\":\"https:\\\/\\\/mpi.com.es\\\/wp-content\\\/uploads\\\/2019\\\/04\\\/IMPRESORA-PRINTRONIX-T4000-NEW.jpg\",\"datePublished\":\"2019-04-27T07:48:21+00:00\",\"dateModified\":\"2019-04-30T09:20:29+00:00\",\"description\":\"Printronix T4000 Imprimante thermique hautes performances faible co\u00fbt jusqu'a 5000 \u00e9tiquettes \\\/ jour dans des environnements exigeants, robuste et tr\u00e8s \u00e9con\",\"breadcrumb\":{\"@id\":\"https:\\\/\\\/mpi.com.es\\\/fr\\\/products\\\/printronix-t4000\\\/#breadcrumb\"},\"inLanguage\":\"fr-FR\",\"potentialAction\":[{\"@type\":\"ReadAction\",\"target\":[\"https:\\\/\\\/mpi.com.es\\\/fr\\\/products\\\/printronix-t4000\\\/\"]}]},{\"@type\":\"ImageObject\",\"inLanguage\":\"fr-FR\",\"@id\":\"https:\\\/\\\/mpi.com.es\\\/fr\\\/products\\\/printronix-t4000\\\/#primaryimage\",\"url\":\"https:\\\/\\\/mpi.com.es\\\/wp-content\\\/uploads\\\/2019\\\/04\\\/IMPRESORA-PRINTRONIX-T4000-NEW.jpg\",\"contentUrl\":\"https:\\\/\\\/mpi.com.es\\\/wp-content\\\/uploads\\\/2019\\\/04\\\/IMPRESORA-PRINTRONIX-T4000-NEW.jpg\",\"width\":253,\"height\":280,\"caption\":\"IMPRESORA-PRINTRONIX-T4000-NEW\"},{\"@type\":\"BreadcrumbList\",\"@id\":\"https:\\\/\\\/mpi.com.es\\\/fr\\\/products\\\/printronix-t4000\\\/#breadcrumb\",\"itemListElement\":[{\"@type\":\"ListItem\",\"position\":1,\"name\":\"Portada\",\"item\":\"https:\\\/\\\/mpi.com.es\\\/fr\\\/\"},{\"@type\":\"ListItem\",\"position\":2,\"name\":\"Produits\",\"item\":\"https:\\\/\\\/mpi.com.es\\\/fr\\\/products\\\/\"},{\"@type\":\"ListItem\",\"position\":3,\"name\":\"Printronix T4000\"}]},{\"@type\":\"WebSite\",\"@id\":\"https:\\\/\\\/mpi.com.es\\\/fr\\\/#website\",\"url\":\"https:\\\/\\\/mpi.com.es\\\/fr\\\/\",\"name\":\"MPI Mantenimiento Perif\u00e9ricos Inform\u00e1ticos\",\"description\":\"Impresoras Industriales, impresi\u00f3n,alto volumen, mantenimiento, mantenimiento impresoras\",\"publisher\":{\"@id\":\"https:\\\/\\\/mpi.com.es\\\/fr\\\/#organization\"},\"potentialAction\":[{\"@type\":\"SearchAction\",\"target\":{\"@type\":\"EntryPoint\",\"urlTemplate\":\"https:\\\/\\\/mpi.com.es\\\/fr\\\/?s={search_term_string}\"},\"query-input\":{\"@type\":\"PropertyValueSpecification\",\"valueRequired\":true,\"valueName\":\"search_term_string\"}}],\"inLanguage\":\"fr-FR\"},{\"@type\":\"Organization\",\"@id\":\"https:\\\/\\\/mpi.com.es\\\/fr\\\/#organization\",\"name\":\"Mantenimiento Perif\u00e9ricos Inform\u00e1ticos\",\"url\":\"https:\\\/\\\/mpi.com.es\\\/fr\\\/\",\"logo\":{\"@type\":\"ImageObject\",\"inLanguage\":\"fr-FR\",\"@id\":\"https:\\\/\\\/mpi.com.es\\\/fr\\\/#\\\/schema\\\/logo\\\/image\\\/\",\"url\":\"https:\\\/\\\/mpi.com.es\\\/wp-content\\\/uploads\\\/2019\\\/07\\\/LOGONAMING-TRANSP.png\",\"contentUrl\":\"https:\\\/\\\/mpi.com.es\\\/wp-content\\\/uploads\\\/2019\\\/07\\\/LOGONAMING-TRANSP.png\",\"width\":1573,\"height\":431,\"caption\":\"Mantenimiento Perif\u00e9ricos Inform\u00e1ticos\"},\"image\":{\"@id\":\"https:\\\/\\\/mpi.com.es\\\/fr\\\/#\\\/schema\\\/logo\\\/image\\\/\"},\"sameAs\":[\"https:\\\/\\\/www.facebook.com\\\/p\\\/Mantenimiento-Perifricos-Informticos-100069020438303\"]}]}<\/script>\n<!-- \/ Yoast SEO Premium plugin. -->","yoast_head_json":{"title":"Printronix T4000 - NOUVELLE Imprimante thermique 4 pouces ECO","description":"Printronix T4000 Imprimante thermique hautes performances faible co\u00fbt jusqu'a 5000 \u00e9tiquettes \/ jour dans des environnements exigeants, robuste et tr\u00e8s \u00e9con","robots":{"index":"index","follow":"follow","max-snippet":"max-snippet:-1","max-image-preview":"max-image-preview:large","max-video-preview":"max-video-preview:-1"},"canonical":"https:\/\/mpi.com.es\/fr\/products\/printronix-t4000\/","og_locale":"fr_FR","og_type":"article","og_title":"Printronix T4000","og_description":"Printronix T4000 Imprimante thermique hautes performances faible co\u00fbt jusqu'a 5000 \u00e9tiquettes \/ jour dans des environnements exigeants, robuste et tr\u00e8s \u00e9con","og_url":"https:\/\/mpi.com.es\/fr\/products\/printronix-t4000\/","og_site_name":"MPI Mantenimiento Perif\u00e9ricos Inform\u00e1ticos","article_publisher":"https:\/\/www.facebook.com\/p\/Mantenimiento-Perifricos-Informticos-100069020438303","article_modified_time":"2019-04-30T09:20:29+00:00","og_image":[{"width":253,"height":280,"url":"https:\/\/mpi.com.es\/wp-content\/uploads\/2019\/04\/IMPRESORA-PRINTRONIX-T4000-NEW.jpg","type":"image\/jpeg"}],"schema":{"@context":"https:\/\/schema.org","@graph":[{"@type":"WebPage","@id":"https:\/\/mpi.com.es\/fr\/products\/printronix-t4000\/","url":"https:\/\/mpi.com.es\/fr\/products\/printronix-t4000\/","name":"Printronix T4000 - NOUVELLE Imprimante thermique 4 pouces ECO","isPartOf":{"@id":"https:\/\/mpi.com.es\/fr\/#website"},"primaryImageOfPage":{"@id":"https:\/\/mpi.com.es\/fr\/products\/printronix-t4000\/#primaryimage"},"image":{"@id":"https:\/\/mpi.com.es\/fr\/products\/printronix-t4000\/#primaryimage"},"thumbnailUrl":"https:\/\/mpi.com.es\/wp-content\/uploads\/2019\/04\/IMPRESORA-PRINTRONIX-T4000-NEW.jpg","datePublished":"2019-04-27T07:48:21+00:00","dateModified":"2019-04-30T09:20:29+00:00","description":"Printronix T4000 Imprimante thermique hautes performances faible co\u00fbt jusqu'a 5000 \u00e9tiquettes \/ jour dans des environnements exigeants, robuste et tr\u00e8s \u00e9con","breadcrumb":{"@id":"https:\/\/mpi.com.es\/fr\/products\/printronix-t4000\/#breadcrumb"},"inLanguage":"fr-FR","potentialAction":[{"@type":"ReadAction","target":["https:\/\/mpi.com.es\/fr\/products\/printronix-t4000\/"]}]},{"@type":"ImageObject","inLanguage":"fr-FR","@id":"https:\/\/mpi.com.es\/fr\/products\/printronix-t4000\/#primaryimage","url":"https:\/\/mpi.com.es\/wp-content\/uploads\/2019\/04\/IMPRESORA-PRINTRONIX-T4000-NEW.jpg","contentUrl":"https:\/\/mpi.com.es\/wp-content\/uploads\/2019\/04\/IMPRESORA-PRINTRONIX-T4000-NEW.jpg","width":253,"height":280,"caption":"IMPRESORA-PRINTRONIX-T4000-NEW"},{"@type":"BreadcrumbList","@id":"https:\/\/mpi.com.es\/fr\/products\/printronix-t4000\/#breadcrumb","itemListElement":[{"@type":"ListItem","position":1,"name":"Portada","item":"https:\/\/mpi.com.es\/fr\/"},{"@type":"ListItem","position":2,"name":"Produits","item":"https:\/\/mpi.com.es\/fr\/products\/"},{"@type":"ListItem","position":3,"name":"Printronix T4000"}]},{"@type":"WebSite","@id":"https:\/\/mpi.com.es\/fr\/#website","url":"https:\/\/mpi.com.es\/fr\/","name":"MPI Mantenimiento Perif\u00e9ricos Inform\u00e1ticos","description":"Impresoras Industriales, impresi\u00f3n,alto volumen, mantenimiento, mantenimiento impresoras","publisher":{"@id":"https:\/\/mpi.com.es\/fr\/#organization"},"potentialAction":[{"@type":"SearchAction","target":{"@type":"EntryPoint","urlTemplate":"https:\/\/mpi.com.es\/fr\/?s={search_term_string}"},"query-input":{"@type":"PropertyValueSpecification","valueRequired":true,"valueName":"search_term_string"}}],"inLanguage":"fr-FR"},{"@type":"Organization","@id":"https:\/\/mpi.com.es\/fr\/#organization","name":"Mantenimiento Perif\u00e9ricos Inform\u00e1ticos","url":"https:\/\/mpi.com.es\/fr\/","logo":{"@type":"ImageObject","inLanguage":"fr-FR","@id":"https:\/\/mpi.com.es\/fr\/#\/schema\/logo\/image\/","url":"https:\/\/mpi.com.es\/wp-content\/uploads\/2019\/07\/LOGONAMING-TRANSP.png","contentUrl":"https:\/\/mpi.com.es\/wp-content\/uploads\/2019\/07\/LOGONAMING-TRANSP.png","width":1573,"height":431,"caption":"Mantenimiento Perif\u00e9ricos Inform\u00e1ticos"},"image":{"@id":"https:\/\/mpi.com.es\/fr\/#\/schema\/logo\/image\/"},"sameAs":["https:\/\/www.facebook.com\/p\/Mantenimiento-Perifricos-Informticos-100069020438303"]}]}},"_links":{"self":[{"href":"https:\/\/mpi.com.es\/fr\/wp-json\/wp\/v2\/product\/12205","targetHints":{"allow":["GET"]}}],"collection":[{"href":"https:\/\/mpi.com.es\/fr\/wp-json\/wp\/v2\/product"}],"about":[{"href":"https:\/\/mpi.com.es\/fr\/wp-json\/wp\/v2\/types\/product"}],"wp:featuredmedia":[{"embeddable":true,"href":"https:\/\/mpi.com.es\/fr\/wp-json\/wp\/v2\/media\/11865"}],"wp:attachment":[{"href":"https:\/\/mpi.com.es\/fr\/wp-json\/wp\/v2\/media?parent=12205"}],"wp:term":[{"taxonomy":"brand","embeddable":true,"href":"https:\/\/mpi.com.es\/fr\/wp-json\/wp\/v2\/brand?post=12205"},{"taxonomy":"family","embeddable":true,"href":"https:\/\/mpi.com.es\/fr\/wp-json\/wp\/v2\/family?post=12205"},{"taxonomy":"support","embeddable":true,"href":"https:\/\/mpi.com.es\/fr\/wp-json\/wp\/v2\/support?post=12205"},{"taxonomy":"technology","embeddable":true,"href":"https:\/\/mpi.com.es\/fr\/wp-json\/wp\/v2\/technology?post=12205"},{"taxonomy":"feature","embeddable":true,"href":"https:\/\/mpi.com.es\/fr\/wp-json\/wp\/v2\/feature?post=12205"}],"curies":[{"name":"wp","href":"https:\/\/api.w.org\/{rel}","templated":true}]}}