{"id":5120,"date":"2014-03-20T18:53:02","date_gmt":"2014-03-20T17:53:02","guid":{"rendered":"https:\/\/mpi.com.es\/serveis\/mantenimiento\/"},"modified":"2019-07-28T19:09:47","modified_gmt":"2019-07-28T17:09:47","slug":"mantenimiento","status":"publish","type":"page","link":"https:\/\/mpi.com.es\/fr\/serveis\/mantenimiento\/","title":{"rendered":"Maintenance"},"content":{"rendered":"\n<h2 class=\"has-text-align-center wp-block-heading\"><strong>MPI PROPOSE UN SERVICE DE MAINTENANCE DES MARQUES D\u2019IMPRIMANTES LES PLUS IMPORTANTES DE L\u2019INDUSTRIE: PRINTRONIX, MICROPLEX, PSI, OCE,ZERBRA,TSC,SATO,<\/strong> <strong>ENTRE AUTRES<\/strong><\/h2>\n\n\n\n<h2 class=\"has-text-align-center wp-block-heading\"><strong>AVEC UNE COUVERTURE QUI COMPREND LE SUD DE L\u2019EUROPE AINSI QUE L&rsquo;AFRIQUE.<\/strong><\/h2>\n\n\n\n<ul class=\"wp-block-list\"><li>Contrats de maintenance standard et \u00e0 la demande<\/li><li>Gestion de la garantie<\/li><li>Le temps de r\u00e9ponse standard est de 4 heures ouvrables<\/li><li>Temps de r\u00e9solution 8 heures ouvrables<\/li><li>R\u00e9paration en atelier<\/li><li>Solution unique pour tous vos besoins de service<\/li><li>Couverture nationale et mondiale (consulter)<\/li><li>Offre une large gamme de solutions multi-fournisseurs (MVS) qui vont bien au-del\u00e0 des produits Printronix<\/li><li>\u00c9quipe technique avec plus de 20 ans d&rsquo;exp\u00e9rience des produits Printronix<\/li><li>Prend en charge une vaste gamme de produits OEM Printronix tels que;&nbsp;Produits des s\u00e9ries IBM \/ InfoPrint \/ Ricoh 64\/65 \/ 67XX, ainsi que des s\u00e9ries HP LJ et DEC LG<\/li><li>Processus d&rsquo;appel d&rsquo;escalade<\/li><\/ul>\n\n\n\n<h3 class=\"wp-block-heading\"><strong>IMPRIMANTES MATRICIELLES EN LIGNE<\/strong><\/h3>\n\n\n\n<h3 class=\"wp-block-heading\"><a href=\"http:\/\/printronix.com\/emea\/wp-content\/uploads\/sites\/2\/2015\/01\/Cross_LineMatrix11.png\"><\/a><\/h3>\n\n\n\n<p>Sur la base d&rsquo;un IPS 6500, vous choisiriez (1) votre mod\u00e8le (2) votre vitesse de d\u00e9filement et (3) votre s\u00e9lection armoire \/ pi\u00e9destal \/ d\u00e9chirure \u00e0 z\u00e9ro: dans l&rsquo;exemple ci-dessous, nous comparons la pi\u00e8ce InfoPrint 6500V15 au Printronix P8000.<\/p>\n\n\n\n<h2 class=\"wp-block-heading\">GUIDE DE R\u00c9F\u00c9RENCE CROIS\u00c9E<\/h2>\n\n\n\n<p>T\u00e9l\u00e9charger le guide des r\u00e9f\u00e9rences crois\u00e9es des mod\u00e8les en s\u00e9lectionnant la langue dans le menu ci-dessous <\/p>\n\n\n\n<ul class=\"wp-block-list\"><li><a rel=\"noreferrer noopener\" aria-label=\" (abre en una nueva pesta\u00f1a)\" href=\"http:\/\/printronix.com\/emea\/wp-content\/uploads\/sites\/2\/2015\/03\/Cross-Reference-IBM-6400-to-PTX-P8000-FR.pdf\" target=\"_blank\"><strong>De IBM 6400 \u00e0 PTX P8000 &#8211; Fran\u00e7ais<\/strong><\/a><\/li><li><a rel=\"noreferrer noopener\" aria-label=\" (abre en una nueva pesta\u00f1a)\" href=\"http:\/\/printronix.com\/emea\/wp-content\/uploads\/sites\/2\/2015\/03\/Cross-Reference-IPS-to-PTX-Feb-2014-FR.pdf\" target=\"_blank\"><strong>De Ricoh IPS 6500 \u00e0 PTX P8000 &#8211; Fran\u00e7ais<\/strong><\/a><\/li><\/ul>\n\n\n\n<p>MPI poss\u00e8de une vaste exp\u00e9rience dans la fourniture de ce type de services aux grandes entreprises du secteur et de l\u2019administration publique, respectant toujours les d\u00e9lais de r\u00e9ponse convenus.<\/p>\n","protected":false},"excerpt":{"rendered":"<p>MPI PROPOSE UN SERVICE DE MAINTENANCE DES MARQUES D\u2019IMPRIMANTES LES PLUS IMPORTANTES DE L\u2019INDUSTRIE: PRINTRONIX, MICROPLEX, PSI, OCE,ZERBRA,TSC,SATO, ENTRE AUTRES AVEC UNE COUVERTURE QUI COMPREND LE SUD DE L\u2019EUROPE AINSI<\/p>\n","protected":false},"author":2,"featured_media":0,"parent":4783,"menu_order":0,"comment_status":"open","ping_status":"open","template":"","meta":{"_acf_changed":false,"footnotes":""},"class_list":["post-5120","page","type-page","status-publish","hentry"],"acf":[],"yoast_head":"<!-- This site is optimized with the Yoast SEO Premium plugin v26.5 (Yoast SEO v27.4) - https:\/\/yoast.com\/product\/yoast-seo-premium-wordpress\/ -->\n<title>Mantenimiento Impresoras Industriales Printronix Microplex PSI<\/title>\n<meta name=\"description\" content=\"mantenimiento impresoras matriciales de l\u00edneas , l\u00e1ser de papel continuo, impresoras t\u00e9rmicas impresoras OC\u00c9 Vipcolor\" \/>\n<meta name=\"robots\" content=\"index, follow, max-snippet:-1, max-image-preview:large, max-video-preview:-1\" \/>\n<link rel=\"canonical\" href=\"https:\/\/mpi.com.es\/fr\/serveis\/mantenimiento\/\" \/>\n<meta property=\"og:locale\" content=\"fr_FR\" \/>\n<meta property=\"og:type\" content=\"article\" \/>\n<meta property=\"og:title\" content=\"Maintenance\" \/>\n<meta property=\"og:description\" content=\"mantenimiento impresoras matriciales de l\u00edneas , l\u00e1ser de papel continuo, impresoras t\u00e9rmicas impresoras OC\u00c9 Vipcolor\" \/>\n<meta property=\"og:url\" content=\"https:\/\/mpi.com.es\/fr\/serveis\/mantenimiento\/\" \/>\n<meta property=\"og:site_name\" content=\"MPI Mantenimiento Perif\u00e9ricos Inform\u00e1ticos\" \/>\n<meta property=\"article:publisher\" content=\"https:\/\/www.facebook.com\/p\/Mantenimiento-Perifricos-Informticos-100069020438303\" \/>\n<meta property=\"article:modified_time\" content=\"2019-07-28T17:09:47+00:00\" \/>\n<meta name=\"twitter:label1\" content=\"Dur\u00e9e de lecture estim\u00e9e\" \/>\n\t<meta name=\"twitter:data1\" content=\"1 minute\" \/>\n<script type=\"application\/ld+json\" class=\"yoast-schema-graph\">{\"@context\":\"https:\\\/\\\/schema.org\",\"@graph\":[{\"@type\":\"WebPage\",\"@id\":\"https:\\\/\\\/mpi.com.es\\\/fr\\\/serveis\\\/mantenimiento\\\/\",\"url\":\"https:\\\/\\\/mpi.com.es\\\/fr\\\/serveis\\\/mantenimiento\\\/\",\"name\":\"Mantenimiento Impresoras Industriales Printronix Microplex PSI\",\"isPartOf\":{\"@id\":\"https:\\\/\\\/mpi.com.es\\\/fr\\\/#website\"},\"datePublished\":\"2014-03-20T17:53:02+00:00\",\"dateModified\":\"2019-07-28T17:09:47+00:00\",\"description\":\"mantenimiento impresoras matriciales de l\u00edneas , l\u00e1ser de papel continuo, impresoras t\u00e9rmicas impresoras OC\u00c9 Vipcolor\",\"breadcrumb\":{\"@id\":\"https:\\\/\\\/mpi.com.es\\\/fr\\\/serveis\\\/mantenimiento\\\/#breadcrumb\"},\"inLanguage\":\"fr-FR\",\"potentialAction\":[{\"@type\":\"ReadAction\",\"target\":[\"https:\\\/\\\/mpi.com.es\\\/fr\\\/serveis\\\/mantenimiento\\\/\"]}]},{\"@type\":\"BreadcrumbList\",\"@id\":\"https:\\\/\\\/mpi.com.es\\\/fr\\\/serveis\\\/mantenimiento\\\/#breadcrumb\",\"itemListElement\":[{\"@type\":\"ListItem\",\"position\":1,\"name\":\"Portada\",\"item\":\"https:\\\/\\\/mpi.com.es\\\/fr\\\/\"},{\"@type\":\"ListItem\",\"position\":2,\"name\":\"services\",\"item\":\"https:\\\/\\\/mpi.com.es\\\/fr\\\/servicios\\\/\"},{\"@type\":\"ListItem\",\"position\":3,\"name\":\"Maintenance\"}]},{\"@type\":\"WebSite\",\"@id\":\"https:\\\/\\\/mpi.com.es\\\/fr\\\/#website\",\"url\":\"https:\\\/\\\/mpi.com.es\\\/fr\\\/\",\"name\":\"MPI Mantenimiento Perif\u00e9ricos Inform\u00e1ticos\",\"description\":\"Impresoras Industriales, impresi\u00f3n,alto volumen, mantenimiento, mantenimiento impresoras\",\"publisher\":{\"@id\":\"https:\\\/\\\/mpi.com.es\\\/fr\\\/#organization\"},\"potentialAction\":[{\"@type\":\"SearchAction\",\"target\":{\"@type\":\"EntryPoint\",\"urlTemplate\":\"https:\\\/\\\/mpi.com.es\\\/fr\\\/?s={search_term_string}\"},\"query-input\":{\"@type\":\"PropertyValueSpecification\",\"valueRequired\":true,\"valueName\":\"search_term_string\"}}],\"inLanguage\":\"fr-FR\"},{\"@type\":\"Organization\",\"@id\":\"https:\\\/\\\/mpi.com.es\\\/fr\\\/#organization\",\"name\":\"Mantenimiento Perif\u00e9ricos Inform\u00e1ticos\",\"url\":\"https:\\\/\\\/mpi.com.es\\\/fr\\\/\",\"logo\":{\"@type\":\"ImageObject\",\"inLanguage\":\"fr-FR\",\"@id\":\"https:\\\/\\\/mpi.com.es\\\/fr\\\/#\\\/schema\\\/logo\\\/image\\\/\",\"url\":\"https:\\\/\\\/mpi.com.es\\\/wp-content\\\/uploads\\\/2019\\\/07\\\/LOGONAMING-TRANSP.png\",\"contentUrl\":\"https:\\\/\\\/mpi.com.es\\\/wp-content\\\/uploads\\\/2019\\\/07\\\/LOGONAMING-TRANSP.png\",\"width\":1573,\"height\":431,\"caption\":\"Mantenimiento Perif\u00e9ricos Inform\u00e1ticos\"},\"image\":{\"@id\":\"https:\\\/\\\/mpi.com.es\\\/fr\\\/#\\\/schema\\\/logo\\\/image\\\/\"},\"sameAs\":[\"https:\\\/\\\/www.facebook.com\\\/p\\\/Mantenimiento-Perifricos-Informticos-100069020438303\"]}]}<\/script>\n<!-- \/ Yoast SEO Premium plugin. -->","yoast_head_json":{"title":"Mantenimiento Impresoras Industriales Printronix Microplex PSI","description":"mantenimiento impresoras matriciales de l\u00edneas , l\u00e1ser de papel continuo, impresoras t\u00e9rmicas impresoras OC\u00c9 Vipcolor","robots":{"index":"index","follow":"follow","max-snippet":"max-snippet:-1","max-image-preview":"max-image-preview:large","max-video-preview":"max-video-preview:-1"},"canonical":"https:\/\/mpi.com.es\/fr\/serveis\/mantenimiento\/","og_locale":"fr_FR","og_type":"article","og_title":"Maintenance","og_description":"mantenimiento impresoras matriciales de l\u00edneas , l\u00e1ser de papel continuo, impresoras t\u00e9rmicas impresoras OC\u00c9 Vipcolor","og_url":"https:\/\/mpi.com.es\/fr\/serveis\/mantenimiento\/","og_site_name":"MPI Mantenimiento Perif\u00e9ricos Inform\u00e1ticos","article_publisher":"https:\/\/www.facebook.com\/p\/Mantenimiento-Perifricos-Informticos-100069020438303","article_modified_time":"2019-07-28T17:09:47+00:00","twitter_misc":{"Dur\u00e9e de lecture estim\u00e9e":"1 minute"},"schema":{"@context":"https:\/\/schema.org","@graph":[{"@type":"WebPage","@id":"https:\/\/mpi.com.es\/fr\/serveis\/mantenimiento\/","url":"https:\/\/mpi.com.es\/fr\/serveis\/mantenimiento\/","name":"Mantenimiento Impresoras Industriales Printronix Microplex PSI","isPartOf":{"@id":"https:\/\/mpi.com.es\/fr\/#website"},"datePublished":"2014-03-20T17:53:02+00:00","dateModified":"2019-07-28T17:09:47+00:00","description":"mantenimiento impresoras matriciales de l\u00edneas , l\u00e1ser de papel continuo, impresoras t\u00e9rmicas impresoras OC\u00c9 Vipcolor","breadcrumb":{"@id":"https:\/\/mpi.com.es\/fr\/serveis\/mantenimiento\/#breadcrumb"},"inLanguage":"fr-FR","potentialAction":[{"@type":"ReadAction","target":["https:\/\/mpi.com.es\/fr\/serveis\/mantenimiento\/"]}]},{"@type":"BreadcrumbList","@id":"https:\/\/mpi.com.es\/fr\/serveis\/mantenimiento\/#breadcrumb","itemListElement":[{"@type":"ListItem","position":1,"name":"Portada","item":"https:\/\/mpi.com.es\/fr\/"},{"@type":"ListItem","position":2,"name":"services","item":"https:\/\/mpi.com.es\/fr\/servicios\/"},{"@type":"ListItem","position":3,"name":"Maintenance"}]},{"@type":"WebSite","@id":"https:\/\/mpi.com.es\/fr\/#website","url":"https:\/\/mpi.com.es\/fr\/","name":"MPI Mantenimiento Perif\u00e9ricos Inform\u00e1ticos","description":"Impresoras Industriales, impresi\u00f3n,alto volumen, mantenimiento, mantenimiento impresoras","publisher":{"@id":"https:\/\/mpi.com.es\/fr\/#organization"},"potentialAction":[{"@type":"SearchAction","target":{"@type":"EntryPoint","urlTemplate":"https:\/\/mpi.com.es\/fr\/?s={search_term_string}"},"query-input":{"@type":"PropertyValueSpecification","valueRequired":true,"valueName":"search_term_string"}}],"inLanguage":"fr-FR"},{"@type":"Organization","@id":"https:\/\/mpi.com.es\/fr\/#organization","name":"Mantenimiento Perif\u00e9ricos Inform\u00e1ticos","url":"https:\/\/mpi.com.es\/fr\/","logo":{"@type":"ImageObject","inLanguage":"fr-FR","@id":"https:\/\/mpi.com.es\/fr\/#\/schema\/logo\/image\/","url":"https:\/\/mpi.com.es\/wp-content\/uploads\/2019\/07\/LOGONAMING-TRANSP.png","contentUrl":"https:\/\/mpi.com.es\/wp-content\/uploads\/2019\/07\/LOGONAMING-TRANSP.png","width":1573,"height":431,"caption":"Mantenimiento Perif\u00e9ricos Inform\u00e1ticos"},"image":{"@id":"https:\/\/mpi.com.es\/fr\/#\/schema\/logo\/image\/"},"sameAs":["https:\/\/www.facebook.com\/p\/Mantenimiento-Perifricos-Informticos-100069020438303"]}]}},"_links":{"self":[{"href":"https:\/\/mpi.com.es\/fr\/wp-json\/wp\/v2\/pages\/5120","targetHints":{"allow":["GET"]}}],"collection":[{"href":"https:\/\/mpi.com.es\/fr\/wp-json\/wp\/v2\/pages"}],"about":[{"href":"https:\/\/mpi.com.es\/fr\/wp-json\/wp\/v2\/types\/page"}],"author":[{"embeddable":true,"href":"https:\/\/mpi.com.es\/fr\/wp-json\/wp\/v2\/users\/2"}],"replies":[{"embeddable":true,"href":"https:\/\/mpi.com.es\/fr\/wp-json\/wp\/v2\/comments?post=5120"}],"version-history":[{"count":11,"href":"https:\/\/mpi.com.es\/fr\/wp-json\/wp\/v2\/pages\/5120\/revisions"}],"predecessor-version":[{"id":13260,"href":"https:\/\/mpi.com.es\/fr\/wp-json\/wp\/v2\/pages\/5120\/revisions\/13260"}],"up":[{"embeddable":true,"href":"https:\/\/mpi.com.es\/fr\/wp-json\/wp\/v2\/pages\/4783"}],"wp:attachment":[{"href":"https:\/\/mpi.com.es\/fr\/wp-json\/wp\/v2\/media?parent=5120"}],"curies":[{"name":"wp","href":"https:\/\/api.w.org\/{rel}","templated":true}]}}