{"id":5118,"date":"2014-03-20T18:53:23","date_gmt":"2014-03-20T17:53:23","guid":{"rendered":"https:\/\/mpi.com.es\/serveis\/reparacion\/"},"modified":"2019-07-28T18:21:37","modified_gmt":"2019-07-28T16:21:37","slug":"reparacion","status":"publish","type":"page","link":"https:\/\/mpi.com.es\/fr\/serveis\/reparacion\/","title":{"rendered":"D\u00e9pannage et R\u00e9paration"},"content":{"rendered":"<p>Nos techniciens ont des dipl\u00f4mes en \u00e9lectronique et en \u00e9lectrom\u00e9canique acquis au cours de leur formation acad\u00e9mique ainsi que lors des formations et des certifications des diff\u00e9rents fabricants que nous vendons, cette formation continue nous permet d&rsquo;offrir \u00e0 nos clients une\u00a0\u00a0<strong>excellente qualit\u00e9 de service en r\u00e9duisant les d\u00e9lais de r\u00e9paration.<\/strong>\u00a0\u00a0Notre objectif est de fournir un\u00a0\u00a0<strong>service de qualit\u00e9 de mani\u00e8re efficace<\/strong>. C\u2019est pourquoi toutes les r\u00e9parations effectu\u00e9es sur les imprimantes sont sont<strong> garantie 30 jours.<\/strong><\/p>\n<div class=\"wp-block-image\">\n<figure class=\"aligncenter\"><a href=\"https:\/\/mpi.com.es\/wp-content\/uploads\/2014\/03\/oscilo1.jpg\"><img decoding=\"async\" src=\"https:\/\/mpi.com.es\/wp-content\/uploads\/2014\/03\/oscilo1-300x225.jpg\" alt=\"J'incline la r\u00e9paration\" \/><\/a><\/figure>\n<\/div>\n<h2><strong>NOS SERVICES<\/strong><\/h2>\n<ul>\n<li>Sp\u00e9cialistes dans les imprimantes de production et \u00e0 grand volume des marques:\u00a0\u00a0<em>Printronix, Microplex, PSI, Tallygenicom, Zebra, Intermec, Datalogic, HP, Epson, ..<\/em><\/li>\n<li>Service de maintenance sur site<\/li>\n<li>Contrats de maintenance \u00e0 la demande<\/li>\n<li>Temps de r\u00e9solution Jour +1 NBD, 48 heures.<\/li>\n<li>Les imprimantes de sauvegarde incluses dans le contrat sont \u00e0 la disposition du client en cas de panne.<\/li>\n<li>R\u00e9paration d&rsquo;atelier<\/li>\n<li>Budget gratuit dans un d\u00e9lai maximum de 3 jours.<\/li>\n<li>Possibilit\u00e9 d&rsquo;envoyer toute la p\u00e9ninsule, une imprimante de secours pr\u00e9configur\u00e9e, du lundi au vendredi jusqu&rsquo;\u00e0 18h00.<\/li>\n<li><strong>R\u00e9paration d&rsquo;ordinateurs, serveurs, \u00e9crans, lecteurs de codes \u00e0 barres UPS, UPS<\/strong><\/li>\n<\/ul>\n<h2><strong>TERMINAUX PORTABLES PDA, SYST\u00c8MES D&rsquo;INVENTAIRE ET LECTEURS DE CODE A BARRES.<\/strong><\/h2>\n<div class=\"wp-block-image\">\n<figure class=\"alignleft\"><a href=\"https:\/\/mpi.com.es\/servicios\/reparacion\/attachment\/reparacionpda\/\"><img decoding=\"async\" src=\"https:\/\/mpi.com.es\/wp-content\/uploads\/2014\/03\/reparacionPDA.jpg\" alt=\"R\u00e9paration PDA\" \/><\/a><\/figure>\n<\/div>\n<p>Nous r\u00e9parons les terminaux PDA des fabricants\u00a0\u00a0<em>Motorola, Honeywell, Datalogic, Intermec, Casio, Psion, LXE, Unitech, etc.<\/em><\/p>\n<p>Nous effectuons le remplacement de l&rsquo;\u00e9cran LCD et de l&rsquo;\u00e9cran tactile.\u00a0Nous r\u00e9parons les dommages caus\u00e9s par les coups ou les chutes de l&rsquo;\u00e9quipement.<\/p>\n<p>Nous fournissons \u00e9galement des\u00a0\u00a0<strong>batteries, des c\u00e2bles et des accessoires<\/strong>\u00a0\u00a0.<\/p>\n<div class=\"wp-block-image\">\n<figure class=\"alignright\"><img decoding=\"async\" src=\"https:\/\/mpi.com.es\/wp-content\/uploads\/2014\/03\/reparacionterminales.jpg\" alt=\"R\u00e9paration de terminaux portables\" \/><\/figure>\n<\/div>\n<p>Nous \u00e9tablissons un devis\u00a0<strong>sans engagement dans un d\u00e9lai maximum de cinq jours ouvrables<\/strong>.<br \/>\nIl vous suffit de nous envoyer le mat\u00e9riel et apr\u00e8s votre diagnostic, nous vous ferons parvenir un budget \u00ablivraison gratuite\u00bb pour toutes les r\u00e9parations accept\u00e9es.<\/p>\n<p><em>Garanties:<\/em>\u00a0\u00a0Toutes nos r\u00e9parations sont\u00a0\u00a0<strong>garanties 3 mois<\/strong>\u00a0\u00a0\u00e0 compter de la date d&rsquo;exp\u00e9dition.<\/p>\n<div class=\"wp-block-image\">\n<figure class=\"aligncenter\"><img decoding=\"async\" src=\"https:\/\/mpi.com.es\/wp-content\/uploads\/2014\/03\/reparacionmoviles.jpg\" alt=\"r\u00e9paration mobile\" \/><\/figure>\n<\/div>\n","protected":false},"excerpt":{"rendered":"<p>Nos techniciens ont des dipl\u00f4mes en \u00e9lectronique et en \u00e9lectrom\u00e9canique acquis au cours de leur formation acad\u00e9mique ainsi que lors des formations et des certifications des diff\u00e9rents fabricants que nous<\/p>\n","protected":false},"author":2,"featured_media":3391,"parent":4783,"menu_order":0,"comment_status":"open","ping_status":"open","template":"","meta":{"_acf_changed":false,"footnotes":""},"class_list":["post-5118","page","type-page","status-publish","has-post-thumbnail","hentry"],"acf":[],"yoast_head":"<!-- This site is optimized with the Yoast SEO Premium plugin v26.5 (Yoast SEO v27.4) - https:\/\/yoast.com\/product\/yoast-seo-premium-wordpress\/ -->\n<title>D\u00e9pannage et R\u00e9paration - MPI Mantenimiento Perif\u00e9ricos Inform\u00e1ticos<\/title>\n<meta name=\"description\" content=\"Service de r\u00e9paration sp\u00e9cialis\u00e9 en imprimantes Printronix Microplex PSI Tallygenicom IBM s\u00e9ries 6400 et 6500 Epson HP Sato Intermec sur site ou en atelier\" \/>\n<meta name=\"robots\" content=\"index, follow, max-snippet:-1, max-image-preview:large, max-video-preview:-1\" \/>\n<link rel=\"canonical\" href=\"https:\/\/mpi.com.es\/fr\/serveis\/reparacion\/\" \/>\n<meta property=\"og:locale\" content=\"fr_FR\" \/>\n<meta property=\"og:type\" content=\"article\" \/>\n<meta property=\"og:title\" content=\"D\u00e9pannage et R\u00e9paration\" \/>\n<meta property=\"og:description\" content=\"Service de r\u00e9paration sp\u00e9cialis\u00e9 en imprimantes Printronix Microplex PSI Tallygenicom IBM s\u00e9ries 6400 et 6500 Epson HP Sato Intermec sur site ou en atelier\" \/>\n<meta property=\"og:url\" content=\"https:\/\/mpi.com.es\/fr\/serveis\/reparacion\/\" \/>\n<meta property=\"og:site_name\" content=\"MPI Mantenimiento Perif\u00e9ricos Inform\u00e1ticos\" \/>\n<meta property=\"article:publisher\" content=\"https:\/\/www.facebook.com\/p\/Mantenimiento-Perifricos-Informticos-100069020438303\" \/>\n<meta property=\"article:modified_time\" content=\"2019-07-28T16:21:37+00:00\" \/>\n<meta property=\"og:image\" content=\"https:\/\/mpi.com.es\/wp-content\/uploads\/2014\/03\/oscilo.jpg\" \/>\n\t<meta property=\"og:image:width\" content=\"1024\" \/>\n\t<meta property=\"og:image:height\" content=\"768\" \/>\n\t<meta property=\"og:image:type\" content=\"image\/jpeg\" \/>\n<meta name=\"twitter:label1\" content=\"Dur\u00e9e de lecture estim\u00e9e\" \/>\n\t<meta name=\"twitter:data1\" content=\"2 minutes\" \/>\n<script type=\"application\/ld+json\" class=\"yoast-schema-graph\">{\"@context\":\"https:\\\/\\\/schema.org\",\"@graph\":[{\"@type\":\"WebPage\",\"@id\":\"https:\\\/\\\/mpi.com.es\\\/fr\\\/serveis\\\/reparacion\\\/\",\"url\":\"https:\\\/\\\/mpi.com.es\\\/fr\\\/serveis\\\/reparacion\\\/\",\"name\":\"D\u00e9pannage et R\u00e9paration - MPI Mantenimiento Perif\u00e9ricos Inform\u00e1ticos\",\"isPartOf\":{\"@id\":\"https:\\\/\\\/mpi.com.es\\\/fr\\\/#website\"},\"primaryImageOfPage\":{\"@id\":\"https:\\\/\\\/mpi.com.es\\\/fr\\\/serveis\\\/reparacion\\\/#primaryimage\"},\"image\":{\"@id\":\"https:\\\/\\\/mpi.com.es\\\/fr\\\/serveis\\\/reparacion\\\/#primaryimage\"},\"thumbnailUrl\":\"https:\\\/\\\/mpi.com.es\\\/wp-content\\\/uploads\\\/2014\\\/03\\\/oscilo.jpg\",\"datePublished\":\"2014-03-20T17:53:23+00:00\",\"dateModified\":\"2019-07-28T16:21:37+00:00\",\"description\":\"Service de r\u00e9paration sp\u00e9cialis\u00e9 en imprimantes Printronix Microplex PSI Tallygenicom IBM s\u00e9ries 6400 et 6500 Epson HP Sato Intermec sur site ou en atelier\",\"breadcrumb\":{\"@id\":\"https:\\\/\\\/mpi.com.es\\\/fr\\\/serveis\\\/reparacion\\\/#breadcrumb\"},\"inLanguage\":\"fr-FR\",\"potentialAction\":[{\"@type\":\"ReadAction\",\"target\":[\"https:\\\/\\\/mpi.com.es\\\/fr\\\/serveis\\\/reparacion\\\/\"]}]},{\"@type\":\"ImageObject\",\"inLanguage\":\"fr-FR\",\"@id\":\"https:\\\/\\\/mpi.com.es\\\/fr\\\/serveis\\\/reparacion\\\/#primaryimage\",\"url\":\"https:\\\/\\\/mpi.com.es\\\/wp-content\\\/uploads\\\/2014\\\/03\\\/oscilo.jpg\",\"contentUrl\":\"https:\\\/\\\/mpi.com.es\\\/wp-content\\\/uploads\\\/2014\\\/03\\\/oscilo.jpg\",\"width\":1024,\"height\":768},{\"@type\":\"BreadcrumbList\",\"@id\":\"https:\\\/\\\/mpi.com.es\\\/fr\\\/serveis\\\/reparacion\\\/#breadcrumb\",\"itemListElement\":[{\"@type\":\"ListItem\",\"position\":1,\"name\":\"Portada\",\"item\":\"https:\\\/\\\/mpi.com.es\\\/fr\\\/\"},{\"@type\":\"ListItem\",\"position\":2,\"name\":\"services\",\"item\":\"https:\\\/\\\/mpi.com.es\\\/fr\\\/servicios\\\/\"},{\"@type\":\"ListItem\",\"position\":3,\"name\":\"D\u00e9pannage et R\u00e9paration\"}]},{\"@type\":\"WebSite\",\"@id\":\"https:\\\/\\\/mpi.com.es\\\/fr\\\/#website\",\"url\":\"https:\\\/\\\/mpi.com.es\\\/fr\\\/\",\"name\":\"MPI Mantenimiento Perif\u00e9ricos Inform\u00e1ticos\",\"description\":\"Impresoras Industriales, impresi\u00f3n,alto volumen, mantenimiento, mantenimiento impresoras\",\"publisher\":{\"@id\":\"https:\\\/\\\/mpi.com.es\\\/fr\\\/#organization\"},\"potentialAction\":[{\"@type\":\"SearchAction\",\"target\":{\"@type\":\"EntryPoint\",\"urlTemplate\":\"https:\\\/\\\/mpi.com.es\\\/fr\\\/?s={search_term_string}\"},\"query-input\":{\"@type\":\"PropertyValueSpecification\",\"valueRequired\":true,\"valueName\":\"search_term_string\"}}],\"inLanguage\":\"fr-FR\"},{\"@type\":\"Organization\",\"@id\":\"https:\\\/\\\/mpi.com.es\\\/fr\\\/#organization\",\"name\":\"Mantenimiento Perif\u00e9ricos Inform\u00e1ticos\",\"url\":\"https:\\\/\\\/mpi.com.es\\\/fr\\\/\",\"logo\":{\"@type\":\"ImageObject\",\"inLanguage\":\"fr-FR\",\"@id\":\"https:\\\/\\\/mpi.com.es\\\/fr\\\/#\\\/schema\\\/logo\\\/image\\\/\",\"url\":\"https:\\\/\\\/mpi.com.es\\\/wp-content\\\/uploads\\\/2019\\\/07\\\/LOGONAMING-TRANSP.png\",\"contentUrl\":\"https:\\\/\\\/mpi.com.es\\\/wp-content\\\/uploads\\\/2019\\\/07\\\/LOGONAMING-TRANSP.png\",\"width\":1573,\"height\":431,\"caption\":\"Mantenimiento Perif\u00e9ricos Inform\u00e1ticos\"},\"image\":{\"@id\":\"https:\\\/\\\/mpi.com.es\\\/fr\\\/#\\\/schema\\\/logo\\\/image\\\/\"},\"sameAs\":[\"https:\\\/\\\/www.facebook.com\\\/p\\\/Mantenimiento-Perifricos-Informticos-100069020438303\"]}]}<\/script>\n<!-- \/ Yoast SEO Premium plugin. -->","yoast_head_json":{"title":"D\u00e9pannage et R\u00e9paration - MPI Mantenimiento Perif\u00e9ricos Inform\u00e1ticos","description":"Service de r\u00e9paration sp\u00e9cialis\u00e9 en imprimantes Printronix Microplex PSI Tallygenicom IBM s\u00e9ries 6400 et 6500 Epson HP Sato Intermec sur site ou en atelier","robots":{"index":"index","follow":"follow","max-snippet":"max-snippet:-1","max-image-preview":"max-image-preview:large","max-video-preview":"max-video-preview:-1"},"canonical":"https:\/\/mpi.com.es\/fr\/serveis\/reparacion\/","og_locale":"fr_FR","og_type":"article","og_title":"D\u00e9pannage et R\u00e9paration","og_description":"Service de r\u00e9paration sp\u00e9cialis\u00e9 en imprimantes Printronix Microplex PSI Tallygenicom IBM s\u00e9ries 6400 et 6500 Epson HP Sato Intermec sur site ou en atelier","og_url":"https:\/\/mpi.com.es\/fr\/serveis\/reparacion\/","og_site_name":"MPI Mantenimiento Perif\u00e9ricos Inform\u00e1ticos","article_publisher":"https:\/\/www.facebook.com\/p\/Mantenimiento-Perifricos-Informticos-100069020438303","article_modified_time":"2019-07-28T16:21:37+00:00","og_image":[{"width":1024,"height":768,"url":"https:\/\/mpi.com.es\/wp-content\/uploads\/2014\/03\/oscilo.jpg","type":"image\/jpeg"}],"twitter_misc":{"Dur\u00e9e de lecture estim\u00e9e":"2 minutes"},"schema":{"@context":"https:\/\/schema.org","@graph":[{"@type":"WebPage","@id":"https:\/\/mpi.com.es\/fr\/serveis\/reparacion\/","url":"https:\/\/mpi.com.es\/fr\/serveis\/reparacion\/","name":"D\u00e9pannage et R\u00e9paration - MPI Mantenimiento Perif\u00e9ricos Inform\u00e1ticos","isPartOf":{"@id":"https:\/\/mpi.com.es\/fr\/#website"},"primaryImageOfPage":{"@id":"https:\/\/mpi.com.es\/fr\/serveis\/reparacion\/#primaryimage"},"image":{"@id":"https:\/\/mpi.com.es\/fr\/serveis\/reparacion\/#primaryimage"},"thumbnailUrl":"https:\/\/mpi.com.es\/wp-content\/uploads\/2014\/03\/oscilo.jpg","datePublished":"2014-03-20T17:53:23+00:00","dateModified":"2019-07-28T16:21:37+00:00","description":"Service de r\u00e9paration sp\u00e9cialis\u00e9 en imprimantes Printronix Microplex PSI Tallygenicom IBM s\u00e9ries 6400 et 6500 Epson HP Sato Intermec sur site ou en atelier","breadcrumb":{"@id":"https:\/\/mpi.com.es\/fr\/serveis\/reparacion\/#breadcrumb"},"inLanguage":"fr-FR","potentialAction":[{"@type":"ReadAction","target":["https:\/\/mpi.com.es\/fr\/serveis\/reparacion\/"]}]},{"@type":"ImageObject","inLanguage":"fr-FR","@id":"https:\/\/mpi.com.es\/fr\/serveis\/reparacion\/#primaryimage","url":"https:\/\/mpi.com.es\/wp-content\/uploads\/2014\/03\/oscilo.jpg","contentUrl":"https:\/\/mpi.com.es\/wp-content\/uploads\/2014\/03\/oscilo.jpg","width":1024,"height":768},{"@type":"BreadcrumbList","@id":"https:\/\/mpi.com.es\/fr\/serveis\/reparacion\/#breadcrumb","itemListElement":[{"@type":"ListItem","position":1,"name":"Portada","item":"https:\/\/mpi.com.es\/fr\/"},{"@type":"ListItem","position":2,"name":"services","item":"https:\/\/mpi.com.es\/fr\/servicios\/"},{"@type":"ListItem","position":3,"name":"D\u00e9pannage et R\u00e9paration"}]},{"@type":"WebSite","@id":"https:\/\/mpi.com.es\/fr\/#website","url":"https:\/\/mpi.com.es\/fr\/","name":"MPI Mantenimiento Perif\u00e9ricos Inform\u00e1ticos","description":"Impresoras Industriales, impresi\u00f3n,alto volumen, mantenimiento, mantenimiento impresoras","publisher":{"@id":"https:\/\/mpi.com.es\/fr\/#organization"},"potentialAction":[{"@type":"SearchAction","target":{"@type":"EntryPoint","urlTemplate":"https:\/\/mpi.com.es\/fr\/?s={search_term_string}"},"query-input":{"@type":"PropertyValueSpecification","valueRequired":true,"valueName":"search_term_string"}}],"inLanguage":"fr-FR"},{"@type":"Organization","@id":"https:\/\/mpi.com.es\/fr\/#organization","name":"Mantenimiento Perif\u00e9ricos Inform\u00e1ticos","url":"https:\/\/mpi.com.es\/fr\/","logo":{"@type":"ImageObject","inLanguage":"fr-FR","@id":"https:\/\/mpi.com.es\/fr\/#\/schema\/logo\/image\/","url":"https:\/\/mpi.com.es\/wp-content\/uploads\/2019\/07\/LOGONAMING-TRANSP.png","contentUrl":"https:\/\/mpi.com.es\/wp-content\/uploads\/2019\/07\/LOGONAMING-TRANSP.png","width":1573,"height":431,"caption":"Mantenimiento Perif\u00e9ricos Inform\u00e1ticos"},"image":{"@id":"https:\/\/mpi.com.es\/fr\/#\/schema\/logo\/image\/"},"sameAs":["https:\/\/www.facebook.com\/p\/Mantenimiento-Perifricos-Informticos-100069020438303"]}]}},"_links":{"self":[{"href":"https:\/\/mpi.com.es\/fr\/wp-json\/wp\/v2\/pages\/5118","targetHints":{"allow":["GET"]}}],"collection":[{"href":"https:\/\/mpi.com.es\/fr\/wp-json\/wp\/v2\/pages"}],"about":[{"href":"https:\/\/mpi.com.es\/fr\/wp-json\/wp\/v2\/types\/page"}],"author":[{"embeddable":true,"href":"https:\/\/mpi.com.es\/fr\/wp-json\/wp\/v2\/users\/2"}],"replies":[{"embeddable":true,"href":"https:\/\/mpi.com.es\/fr\/wp-json\/wp\/v2\/comments?post=5118"}],"version-history":[{"count":3,"href":"https:\/\/mpi.com.es\/fr\/wp-json\/wp\/v2\/pages\/5118\/revisions"}],"predecessor-version":[{"id":13236,"href":"https:\/\/mpi.com.es\/fr\/wp-json\/wp\/v2\/pages\/5118\/revisions\/13236"}],"up":[{"embeddable":true,"href":"https:\/\/mpi.com.es\/fr\/wp-json\/wp\/v2\/pages\/4783"}],"wp:featuredmedia":[{"embeddable":true,"href":"https:\/\/mpi.com.es\/fr\/wp-json\/wp\/v2\/media\/3391"}],"wp:attachment":[{"href":"https:\/\/mpi.com.es\/fr\/wp-json\/wp\/v2\/media?parent=5118"}],"curies":[{"name":"wp","href":"https:\/\/api.w.org\/{rel}","templated":true}]}}