{"id":5115,"date":"2014-03-20T18:53:45","date_gmt":"2014-03-20T17:53:45","guid":{"rendered":"https:\/\/mpi.com.es\/serveis\/impresoras-de-ocasion\/"},"modified":"2019-07-28T12:27:04","modified_gmt":"2019-07-28T10:27:04","slug":"impresoras-de-ocasion","status":"publish","type":"page","link":"https:\/\/mpi.com.es\/fr\/serveis\/impresoras-de-ocasion\/","title":{"rendered":"Imprimantes d&rsquo;occasion"},"content":{"rendered":"<h2 style=\"text-align: center;\">Imprimantes reconditionn\u00e9es enti\u00e8rement test\u00e9es avec garantie<\/h2>\n<h3 style=\"text-align: center;\">Imprimantes d&rsquo;occasion et reconditionn\u00e9es.<\/h3>\n<hr \/>\n<ul>\n<li>\n<h3><span style=\"color: #339966;\"><strong>Imprimantes de bureau:<\/strong><\/span><\/h3>\n<\/li>\n<\/ul>\n<p>Marques: HP, LEXMARK, OKI, EPSON, IBM, DELL, entre autres,\u00a0 <strong><a href=\"https:\/\/mpi.com.es\/en\/contacto\/\">Demandez la liste actualis\u00e9e.<\/a><\/strong><\/p>\n<ul>\n<li>\n<h3><span style=\"color: #339966;\"><strong>Imprimantes industrielles:<\/strong><\/span><\/h3>\n<\/li>\n<\/ul>\n<p>OC\u00c9, PRINTRONIX, IBM, MICROPLEX, ZEBRA, SATO, TEC, INTERMEC, PSI, KERNING,\u00a0\u00a0 <strong><a href=\"https:\/\/mpi.com.es\/en\/contacto\/\">Demandez une liste actualis\u00e9e.<\/a><\/strong><\/p>\n<h4><span style=\"color: #3366ff;\"><strong>Matricielle serie\u00a0<\/strong><\/span><br \/>\n<span style=\"color: #3366ff;\"><strong>Matricielle ligne\u00a0<\/strong><\/span><br \/>\n<span style=\"color: #3366ff;\"><strong>Laser\u00a0<\/strong><\/span><br \/>\n<span style=\"color: #3366ff;\"><strong>Thermique\u00a0<\/strong><\/span><br \/>\n<span style=\"color: #3366ff;\"><strong>OC\u00c9 haute production<\/strong><\/span><\/h4>\n<p><a href=\"https:\/\/mpi.com.es\/wp-content\/uploads\/2014\/03\/impresora-kerning-kds3002.jpg\"><img loading=\"lazy\" decoding=\"async\" class=\"alignnone\" src=\"https:\/\/mpi.com.es\/wp-content\/uploads\/2014\/03\/impresora-kerning-kds3002-243x300.jpg\" alt=\"imprimantes de cr\u00e9nage\" width=\"139\" height=\"172\" \/>\u00a0 \u00a0 \u00a0 \u00a0 \u00a0 \u00a0 \u00a0<\/a><a href=\"https:\/\/mpi.com.es\/wp-content\/uploads\/2014\/03\/ps440.jpg\"><img loading=\"lazy\" decoding=\"async\" class=\"alignnone\" src=\"https:\/\/mpi.com.es\/wp-content\/uploads\/2014\/03\/ps440.jpg\" alt=\"imprimantes utilis\u00e9es Oc\u00e9 page stream PS440\" width=\"171\" height=\"172\" \/><\/a><a href=\"https:\/\/mpi.com.es\/wp-content\/uploads\/2014\/03\/impresora-kerning-kds3002.jpg\">\u00a0 \u00a0 \u00a0 \u00a0 \u00a0 \u00a0 \u00a0\u00a0<img loading=\"lazy\" decoding=\"async\" class=\"alignnone\" src=\"https:\/\/mpi.com.es\/wp-content\/uploads\/2014\/04\/family1-300x245.jpg\" alt=\"Printronix P5000 Series imprimantes\" width=\"195\" height=\"159\" \/><\/a><\/p>\n<h5><strong><a href=\"https:\/\/www.youtube.com\/watch?v=blK0IxYB4W8\" target=\"_blank\" rel=\"noopener noreferrer\">KDS 300 VOIR VID\u00c9O\u00a0\u00a0<\/a>\u00a0 \u00a0\u00a0<a href=\"https:\/\/www.youtube.com\/watch?v=XoiGgihM558\" target=\"_blank\" rel=\"noopener noreferrer\">OC\u00c9 PS 440 VOIR VID\u00c9O\u00a0\u00a0<\/a>\u00a0 \u00a0 \u00a0 \u00a0 \u00a0 <a href=\"https:\/\/www.youtube.com\/watch?v=E4M3yva_N5E\" target=\"_blank\" rel=\"noopener noreferrer\">\u00a0PRINTRONIX VOIR VID\u00c9O<\/a><\/strong><\/h5>\n<p>Toutes nos imprimantes d\u2019occasion ont une garantie de 15 jours \u00e0 6 mois selon le mod\u00e8le.<\/p>\n<footer class=\"bg-dark-grey\">\n<div class=\"container-responsive\">\n<div class=\"row\"><\/div>\n<\/div>\n<\/footer>\n","protected":false},"excerpt":{"rendered":"<p>Imprimantes reconditionn\u00e9es enti\u00e8rement test\u00e9es avec garantie Imprimantes d&rsquo;occasion et reconditionn\u00e9es. Imprimantes de bureau: Marques: HP, LEXMARK, OKI, EPSON, IBM, DELL, entre autres,\u00a0 Demandez la liste actualis\u00e9e. Imprimantes industrielles: OC\u00c9, PRINTRONIX,<\/p>\n","protected":false},"author":2,"featured_media":3629,"parent":4783,"menu_order":0,"comment_status":"open","ping_status":"open","template":"","meta":{"_acf_changed":false,"footnotes":""},"class_list":["post-5115","page","type-page","status-publish","has-post-thumbnail","hentry"],"acf":[],"yoast_head":"<!-- This site is optimized with the Yoast SEO Premium plugin v26.5 (Yoast SEO v27.4) - https:\/\/yoast.com\/product\/yoast-seo-premium-wordpress\/ -->\n<title>Venta impresoras de ocasi\u00f3n Reacondicionadas con Garant\u00eda<\/title>\n<meta name=\"description\" content=\"Venta de impresoras de ocasi\u00f3n Especialista en impresoras industriales: Printronix, Zebra, impresoras OC\u00c9, impresoras Microplex, impresoras zebra de ocasi\u00f3n\" \/>\n<meta name=\"robots\" content=\"index, follow, max-snippet:-1, max-image-preview:large, max-video-preview:-1\" \/>\n<link rel=\"canonical\" href=\"https:\/\/mpi.com.es\/fr\/serveis\/impresoras-de-ocasion\/\" \/>\n<meta property=\"og:locale\" content=\"fr_FR\" \/>\n<meta property=\"og:type\" content=\"article\" \/>\n<meta property=\"og:title\" content=\"Imprimantes d&#039;occasion\" \/>\n<meta property=\"og:description\" content=\"Venta de impresoras de ocasi\u00f3n Especialista en impresoras industriales: Printronix, Zebra, impresoras OC\u00c9, impresoras Microplex, impresoras zebra de ocasi\u00f3n\" \/>\n<meta property=\"og:url\" content=\"https:\/\/mpi.com.es\/fr\/serveis\/impresoras-de-ocasion\/\" \/>\n<meta property=\"og:site_name\" content=\"MPI Mantenimiento Perif\u00e9ricos Inform\u00e1ticos\" \/>\n<meta property=\"article:publisher\" content=\"https:\/\/www.facebook.com\/p\/Mantenimiento-Perifricos-Informticos-100069020438303\" \/>\n<meta property=\"article:modified_time\" content=\"2019-07-28T10:27:04+00:00\" \/>\n<meta property=\"og:image\" content=\"https:\/\/mpi.com.es\/wp-content\/uploads\/2014\/03\/ps440.jpg\" \/>\n\t<meta property=\"og:image:width\" content=\"246\" \/>\n\t<meta property=\"og:image:height\" content=\"247\" \/>\n\t<meta property=\"og:image:type\" content=\"image\/jpeg\" \/>\n<script type=\"application\/ld+json\" class=\"yoast-schema-graph\">{\"@context\":\"https:\\\/\\\/schema.org\",\"@graph\":[{\"@type\":\"WebPage\",\"@id\":\"https:\\\/\\\/mpi.com.es\\\/fr\\\/serveis\\\/impresoras-de-ocasion\\\/\",\"url\":\"https:\\\/\\\/mpi.com.es\\\/fr\\\/serveis\\\/impresoras-de-ocasion\\\/\",\"name\":\"Venta impresoras de ocasi\u00f3n Reacondicionadas con Garant\u00eda\",\"isPartOf\":{\"@id\":\"https:\\\/\\\/mpi.com.es\\\/fr\\\/#website\"},\"primaryImageOfPage\":{\"@id\":\"https:\\\/\\\/mpi.com.es\\\/fr\\\/serveis\\\/impresoras-de-ocasion\\\/#primaryimage\"},\"image\":{\"@id\":\"https:\\\/\\\/mpi.com.es\\\/fr\\\/serveis\\\/impresoras-de-ocasion\\\/#primaryimage\"},\"thumbnailUrl\":\"https:\\\/\\\/mpi.com.es\\\/wp-content\\\/uploads\\\/2014\\\/03\\\/ps440.jpg\",\"datePublished\":\"2014-03-20T17:53:45+00:00\",\"dateModified\":\"2019-07-28T10:27:04+00:00\",\"description\":\"Venta de impresoras de ocasi\u00f3n Especialista en impresoras industriales: Printronix, Zebra, impresoras OC\u00c9, impresoras Microplex, impresoras zebra de ocasi\u00f3n\",\"breadcrumb\":{\"@id\":\"https:\\\/\\\/mpi.com.es\\\/fr\\\/serveis\\\/impresoras-de-ocasion\\\/#breadcrumb\"},\"inLanguage\":\"fr-FR\",\"potentialAction\":[{\"@type\":\"ReadAction\",\"target\":[\"https:\\\/\\\/mpi.com.es\\\/fr\\\/serveis\\\/impresoras-de-ocasion\\\/\"]}]},{\"@type\":\"ImageObject\",\"inLanguage\":\"fr-FR\",\"@id\":\"https:\\\/\\\/mpi.com.es\\\/fr\\\/serveis\\\/impresoras-de-ocasion\\\/#primaryimage\",\"url\":\"https:\\\/\\\/mpi.com.es\\\/wp-content\\\/uploads\\\/2014\\\/03\\\/ps440.jpg\",\"contentUrl\":\"https:\\\/\\\/mpi.com.es\\\/wp-content\\\/uploads\\\/2014\\\/03\\\/ps440.jpg\",\"width\":246,\"height\":247},{\"@type\":\"BreadcrumbList\",\"@id\":\"https:\\\/\\\/mpi.com.es\\\/fr\\\/serveis\\\/impresoras-de-ocasion\\\/#breadcrumb\",\"itemListElement\":[{\"@type\":\"ListItem\",\"position\":1,\"name\":\"Portada\",\"item\":\"https:\\\/\\\/mpi.com.es\\\/fr\\\/\"},{\"@type\":\"ListItem\",\"position\":2,\"name\":\"services\",\"item\":\"https:\\\/\\\/mpi.com.es\\\/fr\\\/servicios\\\/\"},{\"@type\":\"ListItem\",\"position\":3,\"name\":\"Imprimantes d&#8217;occasion\"}]},{\"@type\":\"WebSite\",\"@id\":\"https:\\\/\\\/mpi.com.es\\\/fr\\\/#website\",\"url\":\"https:\\\/\\\/mpi.com.es\\\/fr\\\/\",\"name\":\"MPI Mantenimiento Perif\u00e9ricos Inform\u00e1ticos\",\"description\":\"Impresoras Industriales, impresi\u00f3n,alto volumen, mantenimiento, mantenimiento impresoras\",\"publisher\":{\"@id\":\"https:\\\/\\\/mpi.com.es\\\/fr\\\/#organization\"},\"potentialAction\":[{\"@type\":\"SearchAction\",\"target\":{\"@type\":\"EntryPoint\",\"urlTemplate\":\"https:\\\/\\\/mpi.com.es\\\/fr\\\/?s={search_term_string}\"},\"query-input\":{\"@type\":\"PropertyValueSpecification\",\"valueRequired\":true,\"valueName\":\"search_term_string\"}}],\"inLanguage\":\"fr-FR\"},{\"@type\":\"Organization\",\"@id\":\"https:\\\/\\\/mpi.com.es\\\/fr\\\/#organization\",\"name\":\"Mantenimiento Perif\u00e9ricos Inform\u00e1ticos\",\"url\":\"https:\\\/\\\/mpi.com.es\\\/fr\\\/\",\"logo\":{\"@type\":\"ImageObject\",\"inLanguage\":\"fr-FR\",\"@id\":\"https:\\\/\\\/mpi.com.es\\\/fr\\\/#\\\/schema\\\/logo\\\/image\\\/\",\"url\":\"https:\\\/\\\/mpi.com.es\\\/wp-content\\\/uploads\\\/2019\\\/07\\\/LOGONAMING-TRANSP.png\",\"contentUrl\":\"https:\\\/\\\/mpi.com.es\\\/wp-content\\\/uploads\\\/2019\\\/07\\\/LOGONAMING-TRANSP.png\",\"width\":1573,\"height\":431,\"caption\":\"Mantenimiento Perif\u00e9ricos Inform\u00e1ticos\"},\"image\":{\"@id\":\"https:\\\/\\\/mpi.com.es\\\/fr\\\/#\\\/schema\\\/logo\\\/image\\\/\"},\"sameAs\":[\"https:\\\/\\\/www.facebook.com\\\/p\\\/Mantenimiento-Perifricos-Informticos-100069020438303\"]}]}<\/script>\n<!-- \/ Yoast SEO Premium plugin. -->","yoast_head_json":{"title":"Venta impresoras de ocasi\u00f3n Reacondicionadas con Garant\u00eda","description":"Venta de impresoras de ocasi\u00f3n Especialista en impresoras industriales: Printronix, Zebra, impresoras OC\u00c9, impresoras Microplex, impresoras zebra de ocasi\u00f3n","robots":{"index":"index","follow":"follow","max-snippet":"max-snippet:-1","max-image-preview":"max-image-preview:large","max-video-preview":"max-video-preview:-1"},"canonical":"https:\/\/mpi.com.es\/fr\/serveis\/impresoras-de-ocasion\/","og_locale":"fr_FR","og_type":"article","og_title":"Imprimantes d'occasion","og_description":"Venta de impresoras de ocasi\u00f3n Especialista en impresoras industriales: Printronix, Zebra, impresoras OC\u00c9, impresoras Microplex, impresoras zebra de ocasi\u00f3n","og_url":"https:\/\/mpi.com.es\/fr\/serveis\/impresoras-de-ocasion\/","og_site_name":"MPI Mantenimiento Perif\u00e9ricos Inform\u00e1ticos","article_publisher":"https:\/\/www.facebook.com\/p\/Mantenimiento-Perifricos-Informticos-100069020438303","article_modified_time":"2019-07-28T10:27:04+00:00","og_image":[{"width":246,"height":247,"url":"https:\/\/mpi.com.es\/wp-content\/uploads\/2014\/03\/ps440.jpg","type":"image\/jpeg"}],"schema":{"@context":"https:\/\/schema.org","@graph":[{"@type":"WebPage","@id":"https:\/\/mpi.com.es\/fr\/serveis\/impresoras-de-ocasion\/","url":"https:\/\/mpi.com.es\/fr\/serveis\/impresoras-de-ocasion\/","name":"Venta impresoras de ocasi\u00f3n Reacondicionadas con Garant\u00eda","isPartOf":{"@id":"https:\/\/mpi.com.es\/fr\/#website"},"primaryImageOfPage":{"@id":"https:\/\/mpi.com.es\/fr\/serveis\/impresoras-de-ocasion\/#primaryimage"},"image":{"@id":"https:\/\/mpi.com.es\/fr\/serveis\/impresoras-de-ocasion\/#primaryimage"},"thumbnailUrl":"https:\/\/mpi.com.es\/wp-content\/uploads\/2014\/03\/ps440.jpg","datePublished":"2014-03-20T17:53:45+00:00","dateModified":"2019-07-28T10:27:04+00:00","description":"Venta de impresoras de ocasi\u00f3n Especialista en impresoras industriales: Printronix, Zebra, impresoras OC\u00c9, impresoras Microplex, impresoras zebra de ocasi\u00f3n","breadcrumb":{"@id":"https:\/\/mpi.com.es\/fr\/serveis\/impresoras-de-ocasion\/#breadcrumb"},"inLanguage":"fr-FR","potentialAction":[{"@type":"ReadAction","target":["https:\/\/mpi.com.es\/fr\/serveis\/impresoras-de-ocasion\/"]}]},{"@type":"ImageObject","inLanguage":"fr-FR","@id":"https:\/\/mpi.com.es\/fr\/serveis\/impresoras-de-ocasion\/#primaryimage","url":"https:\/\/mpi.com.es\/wp-content\/uploads\/2014\/03\/ps440.jpg","contentUrl":"https:\/\/mpi.com.es\/wp-content\/uploads\/2014\/03\/ps440.jpg","width":246,"height":247},{"@type":"BreadcrumbList","@id":"https:\/\/mpi.com.es\/fr\/serveis\/impresoras-de-ocasion\/#breadcrumb","itemListElement":[{"@type":"ListItem","position":1,"name":"Portada","item":"https:\/\/mpi.com.es\/fr\/"},{"@type":"ListItem","position":2,"name":"services","item":"https:\/\/mpi.com.es\/fr\/servicios\/"},{"@type":"ListItem","position":3,"name":"Imprimantes d&#8217;occasion"}]},{"@type":"WebSite","@id":"https:\/\/mpi.com.es\/fr\/#website","url":"https:\/\/mpi.com.es\/fr\/","name":"MPI Mantenimiento Perif\u00e9ricos Inform\u00e1ticos","description":"Impresoras Industriales, impresi\u00f3n,alto volumen, mantenimiento, mantenimiento impresoras","publisher":{"@id":"https:\/\/mpi.com.es\/fr\/#organization"},"potentialAction":[{"@type":"SearchAction","target":{"@type":"EntryPoint","urlTemplate":"https:\/\/mpi.com.es\/fr\/?s={search_term_string}"},"query-input":{"@type":"PropertyValueSpecification","valueRequired":true,"valueName":"search_term_string"}}],"inLanguage":"fr-FR"},{"@type":"Organization","@id":"https:\/\/mpi.com.es\/fr\/#organization","name":"Mantenimiento Perif\u00e9ricos Inform\u00e1ticos","url":"https:\/\/mpi.com.es\/fr\/","logo":{"@type":"ImageObject","inLanguage":"fr-FR","@id":"https:\/\/mpi.com.es\/fr\/#\/schema\/logo\/image\/","url":"https:\/\/mpi.com.es\/wp-content\/uploads\/2019\/07\/LOGONAMING-TRANSP.png","contentUrl":"https:\/\/mpi.com.es\/wp-content\/uploads\/2019\/07\/LOGONAMING-TRANSP.png","width":1573,"height":431,"caption":"Mantenimiento Perif\u00e9ricos Inform\u00e1ticos"},"image":{"@id":"https:\/\/mpi.com.es\/fr\/#\/schema\/logo\/image\/"},"sameAs":["https:\/\/www.facebook.com\/p\/Mantenimiento-Perifricos-Informticos-100069020438303"]}]}},"_links":{"self":[{"href":"https:\/\/mpi.com.es\/fr\/wp-json\/wp\/v2\/pages\/5115","targetHints":{"allow":["GET"]}}],"collection":[{"href":"https:\/\/mpi.com.es\/fr\/wp-json\/wp\/v2\/pages"}],"about":[{"href":"https:\/\/mpi.com.es\/fr\/wp-json\/wp\/v2\/types\/page"}],"author":[{"embeddable":true,"href":"https:\/\/mpi.com.es\/fr\/wp-json\/wp\/v2\/users\/2"}],"replies":[{"embeddable":true,"href":"https:\/\/mpi.com.es\/fr\/wp-json\/wp\/v2\/comments?post=5115"}],"version-history":[{"count":23,"href":"https:\/\/mpi.com.es\/fr\/wp-json\/wp\/v2\/pages\/5115\/revisions"}],"predecessor-version":[{"id":13223,"href":"https:\/\/mpi.com.es\/fr\/wp-json\/wp\/v2\/pages\/5115\/revisions\/13223"}],"up":[{"embeddable":true,"href":"https:\/\/mpi.com.es\/fr\/wp-json\/wp\/v2\/pages\/4783"}],"wp:featuredmedia":[{"embeddable":true,"href":"https:\/\/mpi.com.es\/fr\/wp-json\/wp\/v2\/media\/3629"}],"wp:attachment":[{"href":"https:\/\/mpi.com.es\/fr\/wp-json\/wp\/v2\/media?parent=5115"}],"curies":[{"name":"wp","href":"https:\/\/api.w.org\/{rel}","templated":true}]}}