{"id":5113,"date":"2014-03-20T18:54:10","date_gmt":"2014-03-20T17:54:10","guid":{"rendered":"https:\/\/mpi.com.es\/serveis\/mantenimiento-impresoras-oce\/"},"modified":"2019-07-28T11:13:10","modified_gmt":"2019-07-28T09:13:10","slug":"mantenimiento-impresoras-oce","status":"publish","type":"page","link":"https:\/\/mpi.com.es\/fr\/serveis\/mantenimiento-impresoras-oce\/","title":{"rendered":"Maintenance Imprimantes OC\u00c9 PageStrem"},"content":{"rendered":"<h1 style=\"text-align: center;\">Maintenance imprimantes OC\u00c9 PageStream et VarioStream<\/h1>\n<p>Forts d&rsquo;une vaste exp\u00e9rience de plus de 15 ans dans la maintenance des imprimantes OC\u00c9, S\u00e9rie laser en continu sur tout le territoire, nous collaborons avec <a href=\"http:\/\/r-print.de\/\">R-Print Systems<\/a> \u00a0gmbh, une entreprise allemande sp\u00e9cialis\u00e9e dans la vente et la maintenance d&rsquo;\u00e9quipements d&rsquo;impression neufs et reconditionn\u00e9s de la marque OC\u00c9, Soci\u00e9t\u00e9 leader Mondiale en Imprimantes d&rsquo;occasion reconditionn\u00e9e dans le secteur de l\u2019impression en grands volumes.<\/p>\n<h2 style=\"text-align: center;\">SERVICE DE MAINTENANCE POUR IMPRIMANTES OC\u00c9<\/h2>\n<h3 style=\"text-align: center;\">Sp\u00e9cialiste des mod\u00e8les OC\u00c9 Pagestream et OC\u00c9 VarioStream<\/h3>\n<h3 style=\"text-align: center;\"><\/h3>\n<ul>\n<li>Contrats de maintenance en fonction des besoins<\/li>\n<li>Nous incluons les imprimantes de back-up en cas de non r\u00e9solution dans les d\u00e9lais impartis<\/li>\n<li>Locations d&rsquo;imprimantes<\/li>\n<li>R\u00e9paration sous devis<\/li>\n<li>Vente de consommables<\/li>\n<li>Vente de pi\u00e8ces d\u00e9tach\u00e9es<\/li>\n<\/ul>\n<h4 style=\"text-align: left;\">Vid\u00e9os des derni\u00e8res imprimantes OC\u00c9 Pagestream install\u00e9es par MPI<\/h4>\n<ul>\n<li>\n<h5><strong><a href=\"https:\/\/www.youtube.com\/watch?v=XoiGgihM558\" target=\"_blank\" rel=\"noopener noreferrer\">Video PS440 bobine \u00e1 bobine<\/a><\/strong><\/h5>\n<\/li>\n<li>\n<h5><strong><a href=\"https:\/\/www.youtube.com\/watch?v=lR1FwpQG4sk\" target=\"_blank\" rel=\"noopener noreferrer\">Video PS440 papel plegado<\/a><\/strong><\/h5>\n<\/li>\n<li>\n<h5><strong><a href=\"https:\/\/www.youtube.com\/watch?v=XoiGgihM558\">Video PS440 bobine \u00e1 bobine<\/a><\/strong><\/h5>\n<\/li>\n<\/ul>\n<pre><img loading=\"lazy\" decoding=\"async\" class=\"alignnone\" title=\"OCE Imprimante pagestream\" src=\"https:\/\/mpi.com.es\/wp-content\/uploads\/2014\/03\/descarga1.jpg\" alt=\"Maintenance OC\u00c9 imprimantes pagestream\" width=\"185\" height=\"118\" \/> <a href=\"https:\/\/mpi.com.es\/wp-content\/uploads\/2014\/03\/images-31.jpg\"><img loading=\"lazy\" decoding=\"async\" class=\"alignnone\" title=\"OC\u00c9 Diverses occasions\" src=\"https:\/\/mpi.com.es\/wp-content\/uploads\/2014\/03\/images-31.jpg\" alt=\"Maintenance des imprimantes OC\u00c9 VarioStream\" width=\"160\" height=\"116\" \/><\/a>\u00a0 \u00a0 <a href=\"https:\/\/mpi.com.es\/wp-content\/uploads\/2014\/03\/OCE-PAGESTREAM-S26313-E69-V1-POWER-SUPPLY-311x300.png\"><img loading=\"lazy\" decoding=\"async\" class=\"alignnone  wp-image-6569\" src=\"https:\/\/mpi.com.es\/wp-content\/uploads\/2014\/03\/OCE-PAGESTREAM-S26313-E69-V1-POWER-SUPPLY-311x300.png\" sizes=\"auto, (max-width: 91px) 100vw, 91px\" srcset=\"https:\/\/mpi.com.es\/wp-content\/uploads\/2014\/03\/OCE-PAGESTREAM-S26313-E69-V1-POWER-SUPPLY-311x300.png 311w, https:\/\/mpi.com.es\/wp-content\/uploads\/2014\/03\/OCE-PAGESTREAM-S26313-E69-V1-POWER-SUPPLY-768x742.png 768w, https:\/\/mpi.com.es\/wp-content\/uploads\/2014\/03\/OCE-PAGESTREAM-S26313-E69-V1-POWER-SUPPLY-1060x1024.png 1060w, https:\/\/mpi.com.es\/wp-content\/uploads\/2014\/03\/OCE-PAGESTREAM-S26313-E69-V1-POWER-SUPPLY-253x244.png 253w, https:\/\/mpi.com.es\/wp-content\/uploads\/2014\/03\/OCE-PAGESTREAM-S26313-E69-V1-POWER-SUPPLY-240x232.png 240w, https:\/\/mpi.com.es\/wp-content\/uploads\/2014\/03\/OCE-PAGESTREAM-S26313-E69-V1-POWER-SUPPLY-414x400.png 414w, https:\/\/mpi.com.es\/wp-content\/uploads\/2014\/03\/OCE-PAGESTREAM-S26313-E69-V1-POWER-SUPPLY.png 1173w\" alt=\"OCE-PAGESTREAM-S26313-E69-V1 ALIMENTATION\" width=\"91\" height=\"87\" \/><\/a>\u00a0\n<a href=\"https:\/\/mpi.com.es\/wp-content\/uploads\/2014\/03\/TONER-OCE-S26312-F497-A2-A-225x300.png\"><img loading=\"lazy\" decoding=\"async\" class=\"wp-image-6578 alignleft\" src=\"https:\/\/mpi.com.es\/wp-content\/uploads\/2014\/03\/TONER-OCE-S26312-F497-A2-A-225x300.png\" sizes=\"auto, (max-width: 119px) 100vw, 119px\" srcset=\"https:\/\/mpi.com.es\/wp-content\/uploads\/2014\/03\/TONER-OCE-S26312-F497-A2-A-225x300.png 225w, https:\/\/mpi.com.es\/wp-content\/uploads\/2014\/03\/TONER-OCE-S26312-F497-A2-A-768x1024.png 768w, https:\/\/mpi.com.es\/wp-content\/uploads\/2014\/03\/TONER-OCE-S26312-F497-A2-A-210x280.png 210w, https:\/\/mpi.com.es\/wp-content\/uploads\/2014\/03\/TONER-OCE-S26312-F497-A2-A-240x320.png 240w, https:\/\/mpi.com.es\/wp-content\/uploads\/2014\/03\/TONER-OCE-S26312-F497-A2-A-300x400.png 300w, https:\/\/mpi.com.es\/wp-content\/uploads\/2014\/03\/TONER-OCE-S26312-F497-A2-A.png 1200w\" alt=\"TONER OCE S26312-F497-A2-A\" width=\"119\" height=\"159\" \/><\/a><a href=\"https:\/\/mpi.com.es\/wp-content\/uploads\/2019\/07\/OCE-Variostream-415x300.png\"><img loading=\"lazy\" decoding=\"async\" class=\"alignnone  wp-image-13114\" src=\"https:\/\/mpi.com.es\/wp-content\/uploads\/2019\/07\/OCE-Variostream-415x300.png\" sizes=\"auto, (max-width: 237px) 100vw, 237px\" srcset=\"https:\/\/mpi.com.es\/wp-content\/uploads\/2019\/07\/OCE-Variostream-415x300.png 415w, https:\/\/mpi.com.es\/wp-content\/uploads\/2019\/07\/OCE-Variostream-253x183.png 253w, https:\/\/mpi.com.es\/wp-content\/uploads\/2019\/07\/OCE-Variostream-240x174.png 240w, https:\/\/mpi.com.es\/wp-content\/uploads\/2019\/07\/OCE-Variostream.png 492w\" alt=\"OCE Varioustream\" width=\"237\" height=\"171\" \/><\/a>    <a href=\"https:\/\/mpi.com.es\/wp-content\/uploads\/2014\/03\/oce-dev.jpg\"><img loading=\"lazy\" decoding=\"async\" class=\"wp-image-238 alignleft\" src=\"https:\/\/mpi.com.es\/wp-content\/uploads\/2014\/03\/oce-dev.jpg\" sizes=\"auto, (max-width: 102px) 100vw, 102px\" srcset=\"https:\/\/mpi.com.es\/wp-content\/uploads\/2014\/03\/oce-dev.jpg 168w, https:\/\/mpi.com.es\/wp-content\/uploads\/2014\/03\/oce-dev-75x100.jpg 75w\" alt=\"d\u00e9veloppeur de l'oc\u00e9an\" width=\"102\" height=\"137\" \/><\/a><\/pre>\n","protected":false},"excerpt":{"rendered":"<p>Maintenance imprimantes OC\u00c9 PageStream et VarioStream Forts d&rsquo;une vaste exp\u00e9rience de plus de 15 ans dans la maintenance des imprimantes OC\u00c9, S\u00e9rie laser en continu sur tout le territoire, nous<\/p>\n","protected":false},"author":2,"featured_media":0,"parent":4783,"menu_order":0,"comment_status":"open","ping_status":"open","template":"","meta":{"_acf_changed":false,"footnotes":""},"class_list":["post-5113","page","type-page","status-publish","hentry"],"acf":[],"yoast_head":"<!-- This site is optimized with the Yoast SEO Premium plugin v26.5 (Yoast SEO v27.4) - https:\/\/yoast.com\/product\/yoast-seo-premium-wordpress\/ -->\n<title>Mantenimiento impresoras OC\u00c9 Pagestream y Variostream<\/title>\n<meta name=\"description\" content=\"Mantenimiento impresoras OC\u00c9 y equipos totalmente restaurados y revisados con garant\u00eda, oc\u00e9 pagestream, oc\u00e9 variostream, toner 2.5, toner 2.6,\" \/>\n<meta name=\"robots\" content=\"index, follow, max-snippet:-1, max-image-preview:large, max-video-preview:-1\" \/>\n<link rel=\"canonical\" href=\"https:\/\/mpi.com.es\/fr\/serveis\/mantenimiento-impresoras-oce\/\" \/>\n<meta property=\"og:locale\" content=\"fr_FR\" \/>\n<meta property=\"og:type\" content=\"article\" \/>\n<meta property=\"og:title\" content=\"Maintenance Imprimantes OC\u00c9 PageStrem\" \/>\n<meta property=\"og:description\" content=\"Mantenimiento impresoras OC\u00c9 y equipos totalmente restaurados y revisados con garant\u00eda, oc\u00e9 pagestream, oc\u00e9 variostream, toner 2.5, toner 2.6,\" \/>\n<meta property=\"og:url\" content=\"https:\/\/mpi.com.es\/fr\/serveis\/mantenimiento-impresoras-oce\/\" \/>\n<meta property=\"og:site_name\" content=\"MPI Mantenimiento Perif\u00e9ricos Inform\u00e1ticos\" \/>\n<meta property=\"article:publisher\" content=\"https:\/\/www.facebook.com\/p\/Mantenimiento-Perifricos-Informticos-100069020438303\" \/>\n<meta property=\"article:modified_time\" content=\"2019-07-28T09:13:10+00:00\" \/>\n<meta property=\"og:image\" content=\"https:\/\/mpi.com.es\/wp-content\/uploads\/2014\/03\/descarga1.jpg\" \/>\n<meta name=\"twitter:label1\" content=\"Dur\u00e9e de lecture estim\u00e9e\" \/>\n\t<meta name=\"twitter:data1\" content=\"1 minute\" \/>\n<script type=\"application\/ld+json\" class=\"yoast-schema-graph\">{\"@context\":\"https:\\\/\\\/schema.org\",\"@graph\":[{\"@type\":\"WebPage\",\"@id\":\"https:\\\/\\\/mpi.com.es\\\/fr\\\/serveis\\\/mantenimiento-impresoras-oce\\\/\",\"url\":\"https:\\\/\\\/mpi.com.es\\\/fr\\\/serveis\\\/mantenimiento-impresoras-oce\\\/\",\"name\":\"Mantenimiento impresoras OC\u00c9 Pagestream y Variostream\",\"isPartOf\":{\"@id\":\"https:\\\/\\\/mpi.com.es\\\/fr\\\/#website\"},\"primaryImageOfPage\":{\"@id\":\"https:\\\/\\\/mpi.com.es\\\/fr\\\/serveis\\\/mantenimiento-impresoras-oce\\\/#primaryimage\"},\"image\":{\"@id\":\"https:\\\/\\\/mpi.com.es\\\/fr\\\/serveis\\\/mantenimiento-impresoras-oce\\\/#primaryimage\"},\"thumbnailUrl\":\"https:\\\/\\\/mpi.com.es\\\/wp-content\\\/uploads\\\/2014\\\/03\\\/descarga1.jpg\",\"datePublished\":\"2014-03-20T17:54:10+00:00\",\"dateModified\":\"2019-07-28T09:13:10+00:00\",\"description\":\"Mantenimiento impresoras OC\u00c9 y equipos totalmente restaurados y revisados con garant\u00eda, oc\u00e9 pagestream, oc\u00e9 variostream, toner 2.5, toner 2.6,\",\"breadcrumb\":{\"@id\":\"https:\\\/\\\/mpi.com.es\\\/fr\\\/serveis\\\/mantenimiento-impresoras-oce\\\/#breadcrumb\"},\"inLanguage\":\"fr-FR\",\"potentialAction\":[{\"@type\":\"ReadAction\",\"target\":[\"https:\\\/\\\/mpi.com.es\\\/fr\\\/serveis\\\/mantenimiento-impresoras-oce\\\/\"]}]},{\"@type\":\"ImageObject\",\"inLanguage\":\"fr-FR\",\"@id\":\"https:\\\/\\\/mpi.com.es\\\/fr\\\/serveis\\\/mantenimiento-impresoras-oce\\\/#primaryimage\",\"url\":\"https:\\\/\\\/mpi.com.es\\\/wp-content\\\/uploads\\\/2014\\\/03\\\/descarga1.jpg\",\"contentUrl\":\"https:\\\/\\\/mpi.com.es\\\/wp-content\\\/uploads\\\/2014\\\/03\\\/descarga1.jpg\"},{\"@type\":\"BreadcrumbList\",\"@id\":\"https:\\\/\\\/mpi.com.es\\\/fr\\\/serveis\\\/mantenimiento-impresoras-oce\\\/#breadcrumb\",\"itemListElement\":[{\"@type\":\"ListItem\",\"position\":1,\"name\":\"Portada\",\"item\":\"https:\\\/\\\/mpi.com.es\\\/fr\\\/\"},{\"@type\":\"ListItem\",\"position\":2,\"name\":\"services\",\"item\":\"https:\\\/\\\/mpi.com.es\\\/fr\\\/servicios\\\/\"},{\"@type\":\"ListItem\",\"position\":3,\"name\":\"Maintenance Imprimantes OC\u00c9 PageStrem\"}]},{\"@type\":\"WebSite\",\"@id\":\"https:\\\/\\\/mpi.com.es\\\/fr\\\/#website\",\"url\":\"https:\\\/\\\/mpi.com.es\\\/fr\\\/\",\"name\":\"MPI Mantenimiento Perif\u00e9ricos Inform\u00e1ticos\",\"description\":\"Impresoras Industriales, impresi\u00f3n,alto volumen, mantenimiento, mantenimiento impresoras\",\"publisher\":{\"@id\":\"https:\\\/\\\/mpi.com.es\\\/fr\\\/#organization\"},\"potentialAction\":[{\"@type\":\"SearchAction\",\"target\":{\"@type\":\"EntryPoint\",\"urlTemplate\":\"https:\\\/\\\/mpi.com.es\\\/fr\\\/?s={search_term_string}\"},\"query-input\":{\"@type\":\"PropertyValueSpecification\",\"valueRequired\":true,\"valueName\":\"search_term_string\"}}],\"inLanguage\":\"fr-FR\"},{\"@type\":\"Organization\",\"@id\":\"https:\\\/\\\/mpi.com.es\\\/fr\\\/#organization\",\"name\":\"Mantenimiento Perif\u00e9ricos Inform\u00e1ticos\",\"url\":\"https:\\\/\\\/mpi.com.es\\\/fr\\\/\",\"logo\":{\"@type\":\"ImageObject\",\"inLanguage\":\"fr-FR\",\"@id\":\"https:\\\/\\\/mpi.com.es\\\/fr\\\/#\\\/schema\\\/logo\\\/image\\\/\",\"url\":\"https:\\\/\\\/mpi.com.es\\\/wp-content\\\/uploads\\\/2019\\\/07\\\/LOGONAMING-TRANSP.png\",\"contentUrl\":\"https:\\\/\\\/mpi.com.es\\\/wp-content\\\/uploads\\\/2019\\\/07\\\/LOGONAMING-TRANSP.png\",\"width\":1573,\"height\":431,\"caption\":\"Mantenimiento Perif\u00e9ricos Inform\u00e1ticos\"},\"image\":{\"@id\":\"https:\\\/\\\/mpi.com.es\\\/fr\\\/#\\\/schema\\\/logo\\\/image\\\/\"},\"sameAs\":[\"https:\\\/\\\/www.facebook.com\\\/p\\\/Mantenimiento-Perifricos-Informticos-100069020438303\"]}]}<\/script>\n<!-- \/ Yoast SEO Premium plugin. -->","yoast_head_json":{"title":"Mantenimiento impresoras OC\u00c9 Pagestream y Variostream","description":"Mantenimiento impresoras OC\u00c9 y equipos totalmente restaurados y revisados con garant\u00eda, oc\u00e9 pagestream, oc\u00e9 variostream, toner 2.5, toner 2.6,","robots":{"index":"index","follow":"follow","max-snippet":"max-snippet:-1","max-image-preview":"max-image-preview:large","max-video-preview":"max-video-preview:-1"},"canonical":"https:\/\/mpi.com.es\/fr\/serveis\/mantenimiento-impresoras-oce\/","og_locale":"fr_FR","og_type":"article","og_title":"Maintenance Imprimantes OC\u00c9 PageStrem","og_description":"Mantenimiento impresoras OC\u00c9 y equipos totalmente restaurados y revisados con garant\u00eda, oc\u00e9 pagestream, oc\u00e9 variostream, toner 2.5, toner 2.6,","og_url":"https:\/\/mpi.com.es\/fr\/serveis\/mantenimiento-impresoras-oce\/","og_site_name":"MPI Mantenimiento Perif\u00e9ricos Inform\u00e1ticos","article_publisher":"https:\/\/www.facebook.com\/p\/Mantenimiento-Perifricos-Informticos-100069020438303","article_modified_time":"2019-07-28T09:13:10+00:00","og_image":[{"url":"https:\/\/mpi.com.es\/wp-content\/uploads\/2014\/03\/descarga1.jpg","type":"","width":"","height":""}],"twitter_misc":{"Dur\u00e9e de lecture estim\u00e9e":"1 minute"},"schema":{"@context":"https:\/\/schema.org","@graph":[{"@type":"WebPage","@id":"https:\/\/mpi.com.es\/fr\/serveis\/mantenimiento-impresoras-oce\/","url":"https:\/\/mpi.com.es\/fr\/serveis\/mantenimiento-impresoras-oce\/","name":"Mantenimiento impresoras OC\u00c9 Pagestream y Variostream","isPartOf":{"@id":"https:\/\/mpi.com.es\/fr\/#website"},"primaryImageOfPage":{"@id":"https:\/\/mpi.com.es\/fr\/serveis\/mantenimiento-impresoras-oce\/#primaryimage"},"image":{"@id":"https:\/\/mpi.com.es\/fr\/serveis\/mantenimiento-impresoras-oce\/#primaryimage"},"thumbnailUrl":"https:\/\/mpi.com.es\/wp-content\/uploads\/2014\/03\/descarga1.jpg","datePublished":"2014-03-20T17:54:10+00:00","dateModified":"2019-07-28T09:13:10+00:00","description":"Mantenimiento impresoras OC\u00c9 y equipos totalmente restaurados y revisados con garant\u00eda, oc\u00e9 pagestream, oc\u00e9 variostream, toner 2.5, toner 2.6,","breadcrumb":{"@id":"https:\/\/mpi.com.es\/fr\/serveis\/mantenimiento-impresoras-oce\/#breadcrumb"},"inLanguage":"fr-FR","potentialAction":[{"@type":"ReadAction","target":["https:\/\/mpi.com.es\/fr\/serveis\/mantenimiento-impresoras-oce\/"]}]},{"@type":"ImageObject","inLanguage":"fr-FR","@id":"https:\/\/mpi.com.es\/fr\/serveis\/mantenimiento-impresoras-oce\/#primaryimage","url":"https:\/\/mpi.com.es\/wp-content\/uploads\/2014\/03\/descarga1.jpg","contentUrl":"https:\/\/mpi.com.es\/wp-content\/uploads\/2014\/03\/descarga1.jpg"},{"@type":"BreadcrumbList","@id":"https:\/\/mpi.com.es\/fr\/serveis\/mantenimiento-impresoras-oce\/#breadcrumb","itemListElement":[{"@type":"ListItem","position":1,"name":"Portada","item":"https:\/\/mpi.com.es\/fr\/"},{"@type":"ListItem","position":2,"name":"services","item":"https:\/\/mpi.com.es\/fr\/servicios\/"},{"@type":"ListItem","position":3,"name":"Maintenance Imprimantes OC\u00c9 PageStrem"}]},{"@type":"WebSite","@id":"https:\/\/mpi.com.es\/fr\/#website","url":"https:\/\/mpi.com.es\/fr\/","name":"MPI Mantenimiento Perif\u00e9ricos Inform\u00e1ticos","description":"Impresoras Industriales, impresi\u00f3n,alto volumen, mantenimiento, mantenimiento impresoras","publisher":{"@id":"https:\/\/mpi.com.es\/fr\/#organization"},"potentialAction":[{"@type":"SearchAction","target":{"@type":"EntryPoint","urlTemplate":"https:\/\/mpi.com.es\/fr\/?s={search_term_string}"},"query-input":{"@type":"PropertyValueSpecification","valueRequired":true,"valueName":"search_term_string"}}],"inLanguage":"fr-FR"},{"@type":"Organization","@id":"https:\/\/mpi.com.es\/fr\/#organization","name":"Mantenimiento Perif\u00e9ricos Inform\u00e1ticos","url":"https:\/\/mpi.com.es\/fr\/","logo":{"@type":"ImageObject","inLanguage":"fr-FR","@id":"https:\/\/mpi.com.es\/fr\/#\/schema\/logo\/image\/","url":"https:\/\/mpi.com.es\/wp-content\/uploads\/2019\/07\/LOGONAMING-TRANSP.png","contentUrl":"https:\/\/mpi.com.es\/wp-content\/uploads\/2019\/07\/LOGONAMING-TRANSP.png","width":1573,"height":431,"caption":"Mantenimiento Perif\u00e9ricos Inform\u00e1ticos"},"image":{"@id":"https:\/\/mpi.com.es\/fr\/#\/schema\/logo\/image\/"},"sameAs":["https:\/\/www.facebook.com\/p\/Mantenimiento-Perifricos-Informticos-100069020438303"]}]}},"_links":{"self":[{"href":"https:\/\/mpi.com.es\/fr\/wp-json\/wp\/v2\/pages\/5113","targetHints":{"allow":["GET"]}}],"collection":[{"href":"https:\/\/mpi.com.es\/fr\/wp-json\/wp\/v2\/pages"}],"about":[{"href":"https:\/\/mpi.com.es\/fr\/wp-json\/wp\/v2\/types\/page"}],"author":[{"embeddable":true,"href":"https:\/\/mpi.com.es\/fr\/wp-json\/wp\/v2\/users\/2"}],"replies":[{"embeddable":true,"href":"https:\/\/mpi.com.es\/fr\/wp-json\/wp\/v2\/comments?post=5113"}],"version-history":[{"count":13,"href":"https:\/\/mpi.com.es\/fr\/wp-json\/wp\/v2\/pages\/5113\/revisions"}],"predecessor-version":[{"id":13145,"href":"https:\/\/mpi.com.es\/fr\/wp-json\/wp\/v2\/pages\/5113\/revisions\/13145"}],"up":[{"embeddable":true,"href":"https:\/\/mpi.com.es\/fr\/wp-json\/wp\/v2\/pages\/4783"}],"wp:attachment":[{"href":"https:\/\/mpi.com.es\/fr\/wp-json\/wp\/v2\/media?parent=5113"}],"curies":[{"name":"wp","href":"https:\/\/api.w.org\/{rel}","templated":true}]}}