{"id":5088,"date":"2015-06-08T07:32:24","date_gmt":"2015-06-08T05:32:24","guid":{"rendered":"https:\/\/mpi.com.es\/politica-de-privacidad\/"},"modified":"2019-07-28T08:52:49","modified_gmt":"2019-07-28T06:52:49","slug":"politica-de-privacidad","status":"publish","type":"page","link":"https:\/\/mpi.com.es\/fr\/politica-de-privacidad\/","title":{"rendered":"Politique de privacit\u00e9"},"content":{"rendered":"<p><strong><span>POLITIQUE DE CONFIDENTIALIT\u00c9<\/span><\/strong><\/p>\n<p><span>MANTENIMIENTOS PERIF\u00c9RICOS INFORM\u00c1TICOS, SL, en tant que responsable du traitement des donn\u00e9es, vous informe que, conform\u00e9ment au r\u00e8glement (UE) 2016\/679 du 27 avril 2016 sur la protection des donn\u00e9es \u00e0 caract\u00e8re personnel (RGPD), nous traiterons vos donn\u00e9es comme Nous refl\u00e9tons dans cette politique de confidentialit\u00e9.<\/span><\/p>\n<p><span>Dans cette politique de confidentialit\u00e9, nous d\u00e9crivons comment nous recueillons vos donn\u00e9es personnelles et pourquoi nous les recueillons, ce que nous faisons avec elles, avec qui nous les partageons, comment nous les prot\u00e9geons et leur choix en mati\u00e8re de traitement de vos donn\u00e9es personnelles.<\/span><\/p>\n<p><span>Cette politique s&rsquo;applique au traitement de vos donn\u00e9es personnelles collect\u00e9es par l&rsquo;entreprise pour la fourniture de ses services.\u00a0Si vous acceptez les mesures de la pr\u00e9sente politique, vous acceptez que nous traitions vos donn\u00e9es personnelles comme d\u00e9fini dans cette politique.<\/span><\/p>\n<p><strong><span>CONTACT<\/span><\/strong><\/p>\n<p><span>Nom de la\u00a0soci\u00e9t\u00e9: Computer Input Devices MANTENIMIENTOS, SL Nom commercial: MANTENIMIENTOS P\u00e9riph\u00e9riques, SL CIF: B84726405\u00a0<\/span><br \/>\n<span>Adresse: C \/ CANTERAS 15, 28860 Paracuellos del Jarama (MADRID) T\u00e9l\u00e9phone: 917481604\u00a0<\/span><br \/>\n<span>e-mail:\u00a0<\/span><a href=\"mailto:info@mpi.com.es\"><span>info@mpi.com.es~~V~~singular~~3rd<\/span><\/a><br \/>\n<span>Dpo:<\/span><\/p>\n<p><strong><span>PRINCIPES CLES<\/span><\/strong><\/p>\n<p><span>Nous nous sommes toujours engag\u00e9s \u00e0 fournir \u00e0 nos services le plus haut degr\u00e9 de qualit\u00e9, y compris le traitement de vos donn\u00e9es en toute s\u00e9curit\u00e9 et transparence.\u00a0Nos principes sont:<\/span><\/p>\n<p><strong><span>L\u00e9galit\u00e9<\/span><\/strong><span>\u00a0: Nous collecterons vos donn\u00e9es personnelles uniquement \u00e0 des fins sp\u00e9cifiques, explicites et l\u00e9gitimes.<\/span><\/p>\n<p><strong><span>Minimisation des donn\u00e9es<\/span><\/strong><span>\u00a0: nous limitons la collecte de donn\u00e9es \u00e0 caract\u00e8re personnel \u00e0 ce qui est strictement pertinent et n\u00e9cessaire aux fins pour lesquelles elles ont \u00e9t\u00e9 collect\u00e9es.<\/span><\/p>\n<p><strong><span>Limitation de la finalit\u00e9<\/span><\/strong><span>\u00a0: Nous collecterons vos donn\u00e9es personnelles uniquement aux fins \u00e9nonc\u00e9es et uniquement selon vos souhaits.<\/span><\/p>\n<p><strong><span>Pr\u00e9cision<\/span><\/strong><span>\u00a0: Nous garderons vos donn\u00e9es personnelles pr\u00e9cises et \u00e0 jour.<\/span><\/p>\n<p><strong><span>S\u00e9curit\u00e9 des donn\u00e9es<\/span><\/strong><span>\u00a0: Nous appliquons les mesures techniques et organisationnelles appropri\u00e9es et proportionnelles aux risques pour que vos donn\u00e9es ne subissent aucun dommage, tel que la divulgation ou un acc\u00e8s non autoris\u00e9, la destruction accidentelle ou illicite, la perte ou la modification accidentelle et toute autre forme de. traitement illicite.<\/span><\/p>\n<p><strong><span>Acc\u00e8s et rectification<\/span><\/strong><span>\u00a0: Nous avons les moyens d&rsquo;acc\u00e9der \u00e0 vos donn\u00e9es ou de les rectifier lorsque cela est jug\u00e9 appropri\u00e9.<\/span><\/p>\n<p><strong><span>Conservation<\/span><\/strong><span>\u00a0: Nous conservons vos donn\u00e9es personnelles de mani\u00e8re l\u00e9gale et appropri\u00e9e et uniquement si elles sont n\u00e9cessaires aux fins pour lesquelles elles ont \u00e9t\u00e9 collect\u00e9es.<\/span><\/p>\n<p><strong><span>Transferts internationaux<\/span><\/strong><span>\u00a0: lorsque vos donn\u00e9es seront transf\u00e9r\u00e9es en dehors de l&rsquo;UE \/ EEE, elles seront correctement prot\u00e9g\u00e9es.<\/span><\/p>\n<p><strong><span>Tiers<\/span><\/strong><span>\u00a0: L&rsquo;acc\u00e8s et le transfert de donn\u00e9es \u00e0 caract\u00e8re personnel \u00e0 des tiers sont effectu\u00e9s conform\u00e9ment aux lois et r\u00e9glementations en vigueur et aux garanties contractuelles appropri\u00e9es.<\/span><\/p>\n<p><strong><span>Marketing direct et cookies<\/span><\/strong><span>\u00a0: Nous nous conformons \u00e0 la l\u00e9gislation en vigueur en mati\u00e8re de publicit\u00e9 et de cookies.<\/span><\/p>\n<p><strong><span>COLLECTE ET TRAITEMENT DE VOS DONNEES PERSONNELLES<\/span><\/strong><\/p>\n<p><span>Les types de donn\u00e9es demand\u00e9es et trait\u00e9es sont:<\/span><\/p>\n<p><span>Donn\u00e9es d&rsquo;identification, caract\u00e9ristiques personnelles et circonstances sociales.\u00a0Donn\u00e9es \u00e9conomiques, le cas \u00e9ch\u00e9ant.<\/span><\/p>\n<p><span>Nous recueillons \u00e9galement automatiquement des donn\u00e9es sur votre visite sur notre site Web, comme indiqu\u00e9 dans la politique en mati\u00e8re de cookies.<\/span><\/p>\n<p><span>Chaque fois que nous demandons vos donn\u00e9es personnelles, nous vous informerons clairement des donn\u00e9es personnelles que nous collectons et dans quel but.\u00a0En g\u00e9n\u00e9ral, nous collectons et traitons vos donn\u00e9es personnelles dans le but de:<\/span><\/p>\n<p><span>Fournir des informations sur nos produits et services.\u00a0Envoi de communications<\/span><\/p>\n<p><span>R\u00e9pondez \u00e0 vos questions et demandes.<\/span><\/p>\n<p><strong><span>La l\u00e9gitimit\u00e9<\/span><\/strong><\/p>\n<p><span>Conform\u00e9ment \u00e0 la r\u00e9glementation en vigueur sur la protection des donn\u00e9es, vos donn\u00e9es personnelles peuvent \u00eatre trait\u00e9es \u00e0 condition que:<\/span><\/p>\n<p><span>Vous nous avez donn\u00e9 votre consentement aux fins du traitement, consentement \u00e0 pouvoir vous retirer \u00e0 tout moment.<\/span><\/p>\n<p><span>Cela est n\u00e9cessaire pour la fourniture de l&rsquo;un de nos services par le biais d&rsquo;une relation contractuelle entre vous et nous.<\/span><\/p>\n<p><span>Pour un int\u00e9r\u00eat l\u00e9gitime en fonction des finalit\u00e9s vis\u00e9es.<\/span><\/p>\n<p><span>\u00catre requis par la loi.<\/span><\/p>\n<p><strong><span>COMMUNICATION DE DONNEES PERSONNELLES<\/span><\/strong><\/p>\n<p><span>Les donn\u00e9es peuvent \u00eatre communiqu\u00e9es \u00e0 des soci\u00e9t\u00e9s li\u00e9es \u00e0\u00a0<\/span><strong><span>MANTENIMIENTOS PERIF\u00c9RICOS INFORM\u00c1TICOS, SL<\/span><\/strong><span>\u00a0pour la fourniture de divers services en tant que gestionnaires de traitement.\u00a0La soci\u00e9t\u00e9 ne fera aucune cession, sauf par obligation l\u00e9gale.<\/span><\/p>\n<p><strong><span>Vos droits<\/span><\/strong><\/p>\n<p><span>En ce qui concerne la collecte et le traitement de vos donn\u00e9es personnelles, vous pouvez nous contacter \u00e0 tout moment pour:<\/span><\/p>\n<p><span>Acc\u00e9dez \u00e0 vos donn\u00e9es personnelles et \u00e0 toute autre information mentionn\u00e9e \u00e0 l&rsquo;article 15.1 du RGPD.<\/span><\/p>\n<p><span>Corrigez vos donn\u00e9es personnelles inexactes ou incompl\u00e8tes conform\u00e9ment \u00e0 l&rsquo;article 16 de la<\/span><\/p>\n<p><span>GDPR<\/span><\/p>\n<p><span>Supprimez vos donn\u00e9es personnelles conform\u00e9ment \u00e0 l&rsquo;article 17 du RGPD.<\/span><\/p>\n<p><span>Limitez le traitement de vos donn\u00e9es \u00e0 caract\u00e8re personnel conform\u00e9ment \u00e0 l&rsquo;article 18 du RGPD.\u00a0Demandez la portabilit\u00e9 de vos donn\u00e9es conform\u00e9ment \u00e0 l&rsquo;article 20 du RGPD.<\/span><\/p>\n<p><span>Opposez-vous au traitement de vos donn\u00e9es personnelles conform\u00e9ment \u00e0 l\u2019article 21 du RGPD.<\/span><\/p>\n<p><span>Si vous avez donn\u00e9 votre consentement \u00e0 une fin sp\u00e9cifique, vous avez le droit de retirer le consentement accord\u00e9 \u00e0 tout moment, sans affecter la l\u00e9galit\u00e9 du traitement bas\u00e9 sur le consentement pr\u00e9alable \u00e0 votre retrait.<\/span><\/p>\n<p><span>Vous pouvez exercer ces droits en envoyant un\u00a0<a href=\"mailto:info@mpi.com.es\">message<\/a>\u00a0motiv\u00e9 et accr\u00e9dit\u00e9 \u00e0\u00a0<\/span><a href=\"mailto:info@mpi.com.es\"><span>info@mpi.com.es<\/span><\/a><\/p>\n<p><span>Vous avez \u00e9galement le droit de d\u00e9poser une plainte aupr\u00e8s de l&rsquo;autorit\u00e9 de contr\u00f4le comp\u00e9tente\u00a0<\/span><a href=\"http:\/\/www.aepd.es\/\"><span>(www.aepd.es) si vous estimez que le traitement n&rsquo;est pas conforme \u00e0 la r\u00e9glementation en vigueur.<\/span><\/a><\/p>\n<p><strong><span>INFORMATIONS JURIDIQUES<\/span><\/strong><\/p>\n<p><span>Les exigences de la pr\u00e9sente politique compl\u00e8tent, et ne remplacent pas, toute autre exigence pr\u00e9vue par la loi applicable sur la protection des donn\u00e9es, qui pr\u00e9vaudra dans tous les cas.<\/span><\/p>\n<p><span>Cette politique est sujette \u00e0 des r\u00e9visions p\u00e9riodiques et l&rsquo;entreprise peut la modifier \u00e0 tout moment.\u00a0Lorsque cela se produit, nous vous informerons de tout changement et vous demanderons de relire la version la plus r\u00e9cente de notre politique et de confirmer votre acceptation.<\/span><\/p>\n<p><span>Derni\u00e8re mise \u00e0 jour: juin 2018.<\/span><\/p>\n","protected":false},"excerpt":{"rendered":"<p>POLITIQUE DE CONFIDENTIALIT\u00c9 MANTENIMIENTOS PERIF\u00c9RICOS INFORM\u00c1TICOS, SL, en tant que responsable du traitement des donn\u00e9es, vous informe que, conform\u00e9ment au r\u00e8glement (UE) 2016\/679 du 27 avril 2016 sur la protection<\/p>\n","protected":false},"author":1,"featured_media":0,"parent":0,"menu_order":0,"comment_status":"open","ping_status":"open","template":"","meta":{"_acf_changed":false,"footnotes":""},"class_list":["post-5088","page","type-page","status-publish","hentry"],"acf":[],"yoast_head":"<!-- This site is optimized with the Yoast SEO Premium plugin v26.5 (Yoast SEO v27.4) - https:\/\/yoast.com\/product\/yoast-seo-premium-wordpress\/ -->\n<title>Politique de privacit\u00e9 - MPI Mantenimiento Perif\u00e9ricos Inform\u00e1ticos<\/title>\n<meta name=\"robots\" content=\"noindex, follow\" \/>\n<meta property=\"og:locale\" content=\"fr_FR\" \/>\n<meta property=\"og:type\" content=\"article\" \/>\n<meta property=\"og:title\" content=\"Politique de privacit\u00e9\" \/>\n<meta property=\"og:description\" content=\"POLITIQUE DE CONFIDENTIALIT\u00c9 MANTENIMIENTOS PERIF\u00c9RICOS INFORM\u00c1TICOS, SL, en tant que responsable du traitement des donn\u00e9es, vous informe que, conform\u00e9ment au r\u00e8glement (UE) 2016\/679 du 27 avril 2016 sur la protection\" \/>\n<meta property=\"og:url\" content=\"https:\/\/mpi.com.es\/fr\/politica-de-privacidad\/\" \/>\n<meta property=\"og:site_name\" content=\"MPI Mantenimiento Perif\u00e9ricos Inform\u00e1ticos\" \/>\n<meta property=\"article:publisher\" content=\"https:\/\/www.facebook.com\/p\/Mantenimiento-Perifricos-Informticos-100069020438303\" \/>\n<meta property=\"article:modified_time\" content=\"2019-07-28T06:52:49+00:00\" \/>\n<meta name=\"twitter:label1\" content=\"Dur\u00e9e de lecture estim\u00e9e\" \/>\n\t<meta name=\"twitter:data1\" content=\"5 minutes\" \/>\n<script type=\"application\/ld+json\" class=\"yoast-schema-graph\">{\"@context\":\"https:\\\/\\\/schema.org\",\"@graph\":[{\"@type\":\"WebPage\",\"@id\":\"https:\\\/\\\/mpi.com.es\\\/fr\\\/politica-de-privacidad\\\/\",\"url\":\"https:\\\/\\\/mpi.com.es\\\/fr\\\/politica-de-privacidad\\\/\",\"name\":\"Politique de privacit\u00e9 - MPI Mantenimiento Perif\u00e9ricos Inform\u00e1ticos\",\"isPartOf\":{\"@id\":\"https:\\\/\\\/mpi.com.es\\\/fr\\\/#website\"},\"datePublished\":\"2015-06-08T05:32:24+00:00\",\"dateModified\":\"2019-07-28T06:52:49+00:00\",\"breadcrumb\":{\"@id\":\"https:\\\/\\\/mpi.com.es\\\/fr\\\/politica-de-privacidad\\\/#breadcrumb\"},\"inLanguage\":\"fr-FR\",\"potentialAction\":[{\"@type\":\"ReadAction\",\"target\":[\"https:\\\/\\\/mpi.com.es\\\/fr\\\/politica-de-privacidad\\\/\"]}]},{\"@type\":\"BreadcrumbList\",\"@id\":\"https:\\\/\\\/mpi.com.es\\\/fr\\\/politica-de-privacidad\\\/#breadcrumb\",\"itemListElement\":[{\"@type\":\"ListItem\",\"position\":1,\"name\":\"Portada\",\"item\":\"https:\\\/\\\/mpi.com.es\\\/fr\\\/\"},{\"@type\":\"ListItem\",\"position\":2,\"name\":\"Politique de privacit\u00e9\"}]},{\"@type\":\"WebSite\",\"@id\":\"https:\\\/\\\/mpi.com.es\\\/fr\\\/#website\",\"url\":\"https:\\\/\\\/mpi.com.es\\\/fr\\\/\",\"name\":\"MPI Mantenimiento Perif\u00e9ricos Inform\u00e1ticos\",\"description\":\"Impresoras Industriales, impresi\u00f3n,alto volumen, mantenimiento, mantenimiento impresoras\",\"publisher\":{\"@id\":\"https:\\\/\\\/mpi.com.es\\\/fr\\\/#organization\"},\"potentialAction\":[{\"@type\":\"SearchAction\",\"target\":{\"@type\":\"EntryPoint\",\"urlTemplate\":\"https:\\\/\\\/mpi.com.es\\\/fr\\\/?s={search_term_string}\"},\"query-input\":{\"@type\":\"PropertyValueSpecification\",\"valueRequired\":true,\"valueName\":\"search_term_string\"}}],\"inLanguage\":\"fr-FR\"},{\"@type\":\"Organization\",\"@id\":\"https:\\\/\\\/mpi.com.es\\\/fr\\\/#organization\",\"name\":\"Mantenimiento Perif\u00e9ricos Inform\u00e1ticos\",\"url\":\"https:\\\/\\\/mpi.com.es\\\/fr\\\/\",\"logo\":{\"@type\":\"ImageObject\",\"inLanguage\":\"fr-FR\",\"@id\":\"https:\\\/\\\/mpi.com.es\\\/fr\\\/#\\\/schema\\\/logo\\\/image\\\/\",\"url\":\"https:\\\/\\\/mpi.com.es\\\/wp-content\\\/uploads\\\/2019\\\/07\\\/LOGONAMING-TRANSP.png\",\"contentUrl\":\"https:\\\/\\\/mpi.com.es\\\/wp-content\\\/uploads\\\/2019\\\/07\\\/LOGONAMING-TRANSP.png\",\"width\":1573,\"height\":431,\"caption\":\"Mantenimiento Perif\u00e9ricos Inform\u00e1ticos\"},\"image\":{\"@id\":\"https:\\\/\\\/mpi.com.es\\\/fr\\\/#\\\/schema\\\/logo\\\/image\\\/\"},\"sameAs\":[\"https:\\\/\\\/www.facebook.com\\\/p\\\/Mantenimiento-Perifricos-Informticos-100069020438303\"]}]}<\/script>\n<!-- \/ Yoast SEO Premium plugin. -->","yoast_head_json":{"title":"Politique de privacit\u00e9 - MPI Mantenimiento Perif\u00e9ricos Inform\u00e1ticos","robots":{"index":"noindex","follow":"follow"},"og_locale":"fr_FR","og_type":"article","og_title":"Politique de privacit\u00e9","og_description":"POLITIQUE DE CONFIDENTIALIT\u00c9 MANTENIMIENTOS PERIF\u00c9RICOS INFORM\u00c1TICOS, SL, en tant que responsable du traitement des donn\u00e9es, vous informe que, conform\u00e9ment au r\u00e8glement (UE) 2016\/679 du 27 avril 2016 sur la protection","og_url":"https:\/\/mpi.com.es\/fr\/politica-de-privacidad\/","og_site_name":"MPI Mantenimiento Perif\u00e9ricos Inform\u00e1ticos","article_publisher":"https:\/\/www.facebook.com\/p\/Mantenimiento-Perifricos-Informticos-100069020438303","article_modified_time":"2019-07-28T06:52:49+00:00","twitter_misc":{"Dur\u00e9e de lecture estim\u00e9e":"5 minutes"},"schema":{"@context":"https:\/\/schema.org","@graph":[{"@type":"WebPage","@id":"https:\/\/mpi.com.es\/fr\/politica-de-privacidad\/","url":"https:\/\/mpi.com.es\/fr\/politica-de-privacidad\/","name":"Politique de privacit\u00e9 - MPI Mantenimiento Perif\u00e9ricos Inform\u00e1ticos","isPartOf":{"@id":"https:\/\/mpi.com.es\/fr\/#website"},"datePublished":"2015-06-08T05:32:24+00:00","dateModified":"2019-07-28T06:52:49+00:00","breadcrumb":{"@id":"https:\/\/mpi.com.es\/fr\/politica-de-privacidad\/#breadcrumb"},"inLanguage":"fr-FR","potentialAction":[{"@type":"ReadAction","target":["https:\/\/mpi.com.es\/fr\/politica-de-privacidad\/"]}]},{"@type":"BreadcrumbList","@id":"https:\/\/mpi.com.es\/fr\/politica-de-privacidad\/#breadcrumb","itemListElement":[{"@type":"ListItem","position":1,"name":"Portada","item":"https:\/\/mpi.com.es\/fr\/"},{"@type":"ListItem","position":2,"name":"Politique de privacit\u00e9"}]},{"@type":"WebSite","@id":"https:\/\/mpi.com.es\/fr\/#website","url":"https:\/\/mpi.com.es\/fr\/","name":"MPI Mantenimiento Perif\u00e9ricos Inform\u00e1ticos","description":"Impresoras Industriales, impresi\u00f3n,alto volumen, mantenimiento, mantenimiento impresoras","publisher":{"@id":"https:\/\/mpi.com.es\/fr\/#organization"},"potentialAction":[{"@type":"SearchAction","target":{"@type":"EntryPoint","urlTemplate":"https:\/\/mpi.com.es\/fr\/?s={search_term_string}"},"query-input":{"@type":"PropertyValueSpecification","valueRequired":true,"valueName":"search_term_string"}}],"inLanguage":"fr-FR"},{"@type":"Organization","@id":"https:\/\/mpi.com.es\/fr\/#organization","name":"Mantenimiento Perif\u00e9ricos Inform\u00e1ticos","url":"https:\/\/mpi.com.es\/fr\/","logo":{"@type":"ImageObject","inLanguage":"fr-FR","@id":"https:\/\/mpi.com.es\/fr\/#\/schema\/logo\/image\/","url":"https:\/\/mpi.com.es\/wp-content\/uploads\/2019\/07\/LOGONAMING-TRANSP.png","contentUrl":"https:\/\/mpi.com.es\/wp-content\/uploads\/2019\/07\/LOGONAMING-TRANSP.png","width":1573,"height":431,"caption":"Mantenimiento Perif\u00e9ricos Inform\u00e1ticos"},"image":{"@id":"https:\/\/mpi.com.es\/fr\/#\/schema\/logo\/image\/"},"sameAs":["https:\/\/www.facebook.com\/p\/Mantenimiento-Perifricos-Informticos-100069020438303"]}]}},"_links":{"self":[{"href":"https:\/\/mpi.com.es\/fr\/wp-json\/wp\/v2\/pages\/5088","targetHints":{"allow":["GET"]}}],"collection":[{"href":"https:\/\/mpi.com.es\/fr\/wp-json\/wp\/v2\/pages"}],"about":[{"href":"https:\/\/mpi.com.es\/fr\/wp-json\/wp\/v2\/types\/page"}],"author":[{"embeddable":true,"href":"https:\/\/mpi.com.es\/fr\/wp-json\/wp\/v2\/users\/1"}],"replies":[{"embeddable":true,"href":"https:\/\/mpi.com.es\/fr\/wp-json\/wp\/v2\/comments?post=5088"}],"version-history":[{"count":3,"href":"https:\/\/mpi.com.es\/fr\/wp-json\/wp\/v2\/pages\/5088\/revisions"}],"predecessor-version":[{"id":13086,"href":"https:\/\/mpi.com.es\/fr\/wp-json\/wp\/v2\/pages\/5088\/revisions\/13086"}],"wp:attachment":[{"href":"https:\/\/mpi.com.es\/fr\/wp-json\/wp\/v2\/media?parent=5088"}],"curies":[{"name":"wp","href":"https:\/\/api.w.org\/{rel}","templated":true}]}}