{"id":5086,"date":"2015-06-08T07:33:02","date_gmt":"2015-06-08T05:33:02","guid":{"rendered":"https:\/\/mpi.com.es\/cookies\/"},"modified":"2021-01-10T11:13:10","modified_gmt":"2021-01-10T10:13:10","slug":"cookies","status":"publish","type":"page","link":"https:\/\/mpi.com.es\/fr\/cookies\/","title":{"rendered":"cookies"},"content":{"rendered":"<p>Comme la plupart des sites Internet, ce site Web utilise des cookies pour am\u00e9liorer et optimiser l&rsquo;<br \/>\nexp\u00e9rience de\u00a0l&rsquo;\u00a0utilisateur.\u00a0Vous trouverez ci-dessous des informations d\u00e9taill\u00e9es sur les \u00abcookies\u00bb, sur la typologie utilis\u00e9e par ce site Web, sur la mani\u00e8re de les d\u00e9sactiver dans votre navigateur et sur le blocage sp\u00e9cifique de l&rsquo;installation de cookies tiers.<\/p>\n<p><strong>Que sont les cookies et comment utilisent-ils les sites Internet de www.mpi.com.es?<\/strong><\/p>\n<p>Les cookies sont des fichiers que le site Web ou l&rsquo;application que vous utilisez installent dans votre navigateur ou sur votre<br \/>\nappareil (smartphone, tablette ou t\u00e9l\u00e9viseur connect\u00e9) lors de votre visite des pages ou de l&rsquo;<br \/>\napplication, et sont utilis\u00e9s pour stocker des informations sur votre visite.\u00a0Comme la plupart des sites Web, les portails Web de www.mpi.com.es utilisent des cookies pour:<\/p>\n<ul>\n<li>Assurez-vous que les pages Web peuvent fonctionner correctement<\/li>\n<li>Enregistrez vos pr\u00e9f\u00e9rences, telles que la langue que vous avez s\u00e9lectionn\u00e9e ou la taille de la police.<\/li>\n<li>Connaissez votre exp\u00e9rience de navigation.<\/li>\n<li>Recueillez des informations statistiques anonymes, telles que les pages que vous avez vues ou combien de temps vous avez pass\u00e9 dans nos m\u00e9dias.<\/li>\n<\/ul>\n<p>L&rsquo;utilisation de cookies nous permet d&rsquo;optimiser votre navigation, en adaptant les informations et les services propos\u00e9s \u00e0 vos centres d&rsquo;int\u00e9r\u00eat, afin de vous offrir une meilleure exp\u00e9rience de vos visites. Les sites Internet du groupe MANTENIMIENTO PERIF\u00c9RICOS INFORM\u00c1TICOS\u00a0utilisent des cookies pour exploiter, adapter et faciliter la navigation de l&rsquo;utilisateur.<\/p>\n<p>Les cookies sont uniquement associ\u00e9s \u00e0 un utilisateur anonyme et \u00e0 son ordinateur \/ appareil et ne fournissent pas de<br \/>\nr\u00e9f\u00e9rences permettant de conna\u00eetre des informations personnelles. Vous pouvez \u00e0 tout moment acc\u00e9der \u00e0 la configuration de votre navigateur pour modifier et \/ ou bloquer l&rsquo;installation des cookies envoy\u00e9s par les sites Web MANTENIMIENTO PERIF\u00c9RICOS INFORM\u00c1TICOS<strong>,<\/strong>\u00a0sans emp\u00eacher l&rsquo;acc\u00e8s au contenu.\u00a0Toutefois, la performance des services peut \u00eatre affect\u00e9e.<\/p>\n<p>Les utilisateurs qui terminent le processus d&rsquo;inscription ou qui se sont connect\u00e9s avec leurs donn\u00e9es d&rsquo;acc\u00e8s pourront acc\u00e9der \u00e0 des services personnalis\u00e9s adapt\u00e9s \u00e0 leurs pr\u00e9f\u00e9rences en fonction des informations personnelles<br \/>\nfournies au moment de l&rsquo;inscription et stock\u00e9s dans le cookie de leur navigateur.<\/p>\n<p>Les outils de marketing par e-mail du groupe MANTENIMIENTO PERIF\u00c9RICOS INFORM\u00c1TICOS<br \/>\nutilisent de petites images invisibles pour les utilisateurs incluses dans les e-mails.\u00a0Cette technologie nous permet de savoir si un courrier \u00e9lectronique a \u00e9t\u00e9 lu ou non, \u00e0 quelle date, l&rsquo;adresse IP \u00e0 partir de laquelle il a \u00e9t\u00e9 consult\u00e9, etc.\u00a0Avec ces informations, nous r\u00e9alisons des \u00e9tudes statistiques et analytiques sur l\u2019envoi et la r\u00e9ception de courriers \u00e9lectroniques afin d\u2019am\u00e9liorer l\u2019offre des services auxquels l\u2019utilisateur est abonn\u00e9 et d\u2019offrir des informations pouvant pr\u00e9senter un int\u00e9r\u00eat.<\/p>\n<p><strong>Pourquoi sont-ils importants?<\/strong><\/p>\n<ul>\n<li>D&rsquo;un point de vue technique, ils permettent aux sites Web de fonctionner plus agiles et mieux adapt\u00e9s aux pr\u00e9f\u00e9rences de l&rsquo;utilisateur, telles que le stockage de la langue, la monnaie du pays ou la d\u00e9tection du dispositif d&rsquo;acc\u00e8s.<\/li>\n<li>Ils \u00e9tablissent des niveaux de protection et de s\u00e9curit\u00e9 qui emp\u00eachent ou entravent les cyberattaques contre le<br \/>\nsite Web ou ses utilisateurs.<\/li>\n<li>Ils permettent aux responsables des m\u00e9dias de conna\u00eetre les donn\u00e9es statistiques collect\u00e9es dans les<br \/>\ncookies afin d&rsquo;am\u00e9liorer la qualit\u00e9 et l&rsquo;exp\u00e9rience de leurs services.<\/li>\n<li>Ils servent \u00e0 optimiser la publicit\u00e9 que nous montrons aux utilisateurs, en offrant celle qui convient le mieux \u00e0 leurs int\u00e9r\u00eats.<\/li>\n<\/ul>\n<p><strong>Quels sont les diff\u00e9rents types de cookies que nous pouvons utiliser sur www.mpi.com.es?<\/strong><\/p>\n<ul>\n<li>Les sessions expirent lorsque l&rsquo;utilisateur quitte la page ou ferme le navigateur, c&rsquo;est-\u00e0-dire qu&rsquo;elles sont actives lors de la visite du site Web et sont donc supprim\u00e9es de notre ordinateur lors de leur d\u00e9part.<\/li>\n<li>Les permanentes expirent lorsque l\u2019objectif pour lequel elles servent sont remplies ou quand elles sont supprim\u00e9es<br \/>\nmanuellement, ont une date de suppression et sont normalement utilis\u00e9es dans le processus d\u2019achat en ligne, de<br \/>\npersonnalisations ou dans le registre, afin de ne pas avoir \u00e0 entrer constamment notre mot de passe.<br \/>\nD&rsquo;autre part, en fonction de l&rsquo;entit\u00e9 qui g\u00e8re l&rsquo;\u00e9quipement ou le domaine \u00e0 partir duquel les cookies sont envoy\u00e9s et qui traite les donn\u00e9es obtenues, nous pouvons distinguer les cookies propres des cookies tiers.<\/li>\n<li>Nos propres cookies sont les cookies qui sont envoy\u00e9s \u00e0 votre ordinateur et g\u00e9r\u00e9s exclusivement par nous pour le meilleur fonctionnement du site Web.\u00a0Les informations que nous recueillons sont utilis\u00e9es pour am\u00e9liorer la qualit\u00e9 de notre service et votre exp\u00e9rience utilisateur.<\/li>\n<li>Si vous interagissez avec le contenu de notre site Web, des cookies tiers peuvent \u00e9galement \u00eatre configur\u00e9s (par exemple, en appuyant sur les boutons des m\u00e9dias sociaux ou en regardant des vid\u00e9os h\u00e9berg\u00e9es sur un autre site Web), qui sont ceux \u00e9tablis par un domaine diff\u00e9rent de notre site Web.\u00a0Nous ne pouvons pas acc\u00e9der aux donn\u00e9es stock\u00e9es dans les cookies d&rsquo;autres sites Web lorsque vous naviguez sur les sites susmentionn\u00e9s.<\/li>\n<\/ul>\n<p><strong>La navigation sur ce portail Web signifie que les types de cookies suivants peuvent \u00eatre install\u00e9s:<\/strong><\/p>\n<p><a href=\"https:\/\/mpi.com.es\/wp-content\/uploads\/2015\/06\/cookies.png\"><img loading=\"lazy\" decoding=\"async\" class=\"aligncenter\" title=\"Loi sur les cookies\" src=\"https:\/\/mpi.com.es\/wp-content\/uploads\/2015\/06\/cookies.png\" alt=\"cookies\" width=\"695\" height=\"934\" \/><\/a><\/p>\n<p>Certains\u00a0\u00a0<strong>services informatiques de maintenance p\u00e9riph\u00e9rique\u00a0<\/strong> peuvent utiliser des connecteurs avec divers r\u00e9seaux sociaux: Facebook, Twitter, Google+, Linkedin, etc.\u00a0En utilisant le registre social, vous autorisez le r\u00e9seau social \u00e0 stocker un cookie persistant.\u00a0Ce cookie enregistre votre identification dans le service, ce qui rend l\u2019acc\u00e8s beaucoup plus rapide lors des visites suivantes.\u00a0Ce cookie peut \u00eatre supprim\u00e9 et, en outre, vous pouvez annuler les autorisations d&rsquo;acc\u00e8s des services MANTENIMIENTO PERIF\u00c9RICOS INFORM\u00c1TICOS \u00e0\u00a0\u00a0partir des param\u00e8tres\u00a0de confidentialit\u00e9 du r\u00e9seau social sp\u00e9cifique.<\/p>\n<p><strong>Comment puis-je configurer mes cookies?<\/strong><\/p>\n<p>En naviguant sur notre site Web et en continuant sur celui-ci, vous consentez \u00e0 l&rsquo;utilisation de cookies dans les conditions \u00e9nonc\u00e9es dans la pr\u00e9sente politique de cookies. www.mpi.com.es donne acc\u00e8s \u00e0 la pr\u00e9sente politique\u00a0en\u00a0mati\u00e8re de\u00a0cookies au moment de l\u2019enregistrement, l\u2019utilisateur \u00e9tant inform\u00e9, et m\u00eame s\u2019il peut exercer son droit de bloquer, d\u2019\u00e9liminer et de refuser l\u2019utilisation de cookies en tout le temps<\/p>\n<p>Dans tous les cas, nous vous informons que, les cookies n&rsquo;\u00e9tant pas n\u00e9cessaires \u00e0 l&rsquo;utilisation de notre site Web, vous pouvez les bloquer ou les d\u00e9sactiver en activant la configuration de votre navigateur, ce qui vous permet de refuser l&rsquo;installation de tous les cookies ou de certains d&rsquo;entre eux.\u00a0La majorit\u00e9 des navigateurs vous permettent d\u2019avertir de la pr\u00e9sence de cookies ou de les rejeter automatiquement.\u00a0Si vous les refusez, vous pouvez continuer \u00e0 utiliser notre site Web, bien que l\u2019utilisation de certains de ses services puisse \u00eatre limit\u00e9e et donc votre exp\u00e9rience sur notre site Web moins satisfaisante.<\/p>\n<p>Voici les liens des principaux navigateurs et appareils afin que vous ayez toutes les informations pour savoir comment g\u00e9rer les cookies dans votre navigateur.<\/p>\n<p><strong>Internet Explorer \u2122:<\/strong><br \/>\nVersion 5<br \/>\nhttp:\/\/support.microsoft.com\/kb\/196955\/fr<br \/>\nVersion 6<br \/>\nhttp:\/\/support.microsoft.com\/kb\/283185\/fr<br \/>\nVersion 7 et 8<br \/>\nhttp:\/\/windows.microsoft. com \/ fr-ES \/ windows-vista \/ Block-or-allow-cookies<br \/>\nVersion 9<br \/>\nhttp:\/\/windows.microsoft.com\/es-ES\/windows7\/How-to-manage-cookies-in-Internet-Explorer-9<\/p>\n<p><strong>Safari \u2122:<\/strong><br \/>\nhttp:\/\/support.apple.com\/kb\/PH5042?viewlocale=es_ES<br \/>\nhttp:\/\/support.apple.com\/kb\/HT1677?viewlocale=es_ES<\/p>\n<p><strong>Google \u2122<\/strong>\u00a0https:\/\/support.google.com\/chrome\/answer\/95647?hl=es&amp;hlrm=en<\/p>\n<p><strong>Firefox \u2122:<\/strong><br \/>\nhttp:\/\/support.mozilla.org\/es\/kb\/cookies-informacion-que-los-sitios-web-guardan-en-<br \/>\n? Redirectlocale = fr-US &amp; redirectlug = Cookies<\/p>\n<p><strong>Opera \u2122:<\/strong><br \/>\nhttp:\/\/help.opera.com\/Windows\/11.50\/es-ES\/cookies.html<\/p>\n<p><strong>Android<\/strong><br \/>\nhttp:\/\/support.google.com\/android\/?hl=fr<\/p>\n<p><strong>Windows Phone<\/strong><br \/>\nhttp:\/\/www.windowsphone.com\/es-ES\/how-to\/wp7\/web\/changing-privacy-and-other-browser-settings<\/p>\n<p><strong>Blackberry<\/strong><br \/>\nhttp:\/\/docs.blackberry.com\/fr\/smartphone_users\/deliverables\/18578\/Turn_off_cookies_in_the_browser_60_1072866_11.jsp<\/p>\n<p>Si vous souhaitez obtenir des informations suppl\u00e9mentaires sur la configuration de cookies d\u00e9taill\u00e9s par fournisseur ou sur la gestion de vos pr\u00e9f\u00e9rences, visitez le portail Vos choix en ligne.<\/p>\n<p><strong>Est-ce que nous mettons \u00e0 jour notre politique de cookies?<\/strong><\/p>\n<p>Nous pouvons mettre \u00e0 jour la politique en mati\u00e8re de cookies de notre site Web. Nous vous recommandons donc de consulter cette politique \u00e0 chaque fois que vous acc\u00e9dez \u00e0 notre site Web afin d&rsquo;\u00eatre correctement inform\u00e9 de la mani\u00e8re et de l&rsquo;utilisation des cookies.\u00a0La politique relative aux cookies a \u00e9t\u00e9 mise \u00e0 jour le 1 er juin 2015.<\/p>\n","protected":false},"excerpt":{"rendered":"<p>Comme la plupart des sites Internet, ce site Web utilise des cookies pour am\u00e9liorer et optimiser l&rsquo; exp\u00e9rience de\u00a0l&rsquo;\u00a0utilisateur.\u00a0Vous trouverez ci-dessous des informations d\u00e9taill\u00e9es sur les \u00abcookies\u00bb, sur la typologie<\/p>\n","protected":false},"author":1,"featured_media":0,"parent":0,"menu_order":0,"comment_status":"open","ping_status":"open","template":"","meta":{"_acf_changed":false,"footnotes":""},"class_list":["post-5086","page","type-page","status-publish","hentry"],"acf":[],"yoast_head":"<!-- This site is optimized with the Yoast SEO Premium plugin v26.5 (Yoast SEO v27.4) - https:\/\/yoast.com\/product\/yoast-seo-premium-wordpress\/ -->\n<title>cookies - MPI Mantenimiento Perif\u00e9ricos Inform\u00e1ticos<\/title>\n<meta name=\"robots\" content=\"noindex, follow\" \/>\n<meta property=\"og:locale\" content=\"fr_FR\" \/>\n<meta property=\"og:type\" content=\"article\" \/>\n<meta property=\"og:title\" content=\"cookies\" \/>\n<meta property=\"og:description\" content=\"Comme la plupart des sites Internet, ce site Web utilise des cookies pour am\u00e9liorer et optimiser l&rsquo; exp\u00e9rience de\u00a0l&rsquo;\u00a0utilisateur.\u00a0Vous trouverez ci-dessous des informations d\u00e9taill\u00e9es sur les \u00abcookies\u00bb, sur la typologie\" \/>\n<meta property=\"og:url\" content=\"https:\/\/mpi.com.es\/fr\/cookies\/\" \/>\n<meta property=\"og:site_name\" content=\"MPI Mantenimiento Perif\u00e9ricos Inform\u00e1ticos\" \/>\n<meta property=\"article:publisher\" content=\"https:\/\/www.facebook.com\/p\/Mantenimiento-Perifricos-Informticos-100069020438303\" \/>\n<meta property=\"article:modified_time\" content=\"2021-01-10T10:13:10+00:00\" \/>\n<meta property=\"og:image\" content=\"https:\/\/mpi.com.es\/wp-content\/uploads\/2015\/06\/cookies.png\" \/>\n<meta name=\"twitter:label1\" content=\"Dur\u00e9e de lecture estim\u00e9e\" \/>\n\t<meta name=\"twitter:data1\" content=\"7 minutes\" \/>\n<script type=\"application\/ld+json\" class=\"yoast-schema-graph\">{\"@context\":\"https:\\\/\\\/schema.org\",\"@graph\":[{\"@type\":\"WebPage\",\"@id\":\"https:\\\/\\\/mpi.com.es\\\/fr\\\/cookies\\\/\",\"url\":\"https:\\\/\\\/mpi.com.es\\\/fr\\\/cookies\\\/\",\"name\":\"cookies - MPI Mantenimiento Perif\u00e9ricos Inform\u00e1ticos\",\"isPartOf\":{\"@id\":\"https:\\\/\\\/mpi.com.es\\\/fr\\\/#website\"},\"primaryImageOfPage\":{\"@id\":\"https:\\\/\\\/mpi.com.es\\\/fr\\\/cookies\\\/#primaryimage\"},\"image\":{\"@id\":\"https:\\\/\\\/mpi.com.es\\\/fr\\\/cookies\\\/#primaryimage\"},\"thumbnailUrl\":\"https:\\\/\\\/mpi.com.es\\\/wp-content\\\/uploads\\\/2015\\\/06\\\/cookies.png\",\"datePublished\":\"2015-06-08T05:33:02+00:00\",\"dateModified\":\"2021-01-10T10:13:10+00:00\",\"breadcrumb\":{\"@id\":\"https:\\\/\\\/mpi.com.es\\\/fr\\\/cookies\\\/#breadcrumb\"},\"inLanguage\":\"fr-FR\",\"potentialAction\":[{\"@type\":\"ReadAction\",\"target\":[\"https:\\\/\\\/mpi.com.es\\\/fr\\\/cookies\\\/\"]}]},{\"@type\":\"ImageObject\",\"inLanguage\":\"fr-FR\",\"@id\":\"https:\\\/\\\/mpi.com.es\\\/fr\\\/cookies\\\/#primaryimage\",\"url\":\"https:\\\/\\\/mpi.com.es\\\/wp-content\\\/uploads\\\/2015\\\/06\\\/cookies.png\",\"contentUrl\":\"https:\\\/\\\/mpi.com.es\\\/wp-content\\\/uploads\\\/2015\\\/06\\\/cookies.png\"},{\"@type\":\"BreadcrumbList\",\"@id\":\"https:\\\/\\\/mpi.com.es\\\/fr\\\/cookies\\\/#breadcrumb\",\"itemListElement\":[{\"@type\":\"ListItem\",\"position\":1,\"name\":\"Portada\",\"item\":\"https:\\\/\\\/mpi.com.es\\\/fr\\\/\"},{\"@type\":\"ListItem\",\"position\":2,\"name\":\"cookies\"}]},{\"@type\":\"WebSite\",\"@id\":\"https:\\\/\\\/mpi.com.es\\\/fr\\\/#website\",\"url\":\"https:\\\/\\\/mpi.com.es\\\/fr\\\/\",\"name\":\"MPI Mantenimiento Perif\u00e9ricos Inform\u00e1ticos\",\"description\":\"Impresoras Industriales, impresi\u00f3n,alto volumen, mantenimiento, mantenimiento impresoras\",\"publisher\":{\"@id\":\"https:\\\/\\\/mpi.com.es\\\/fr\\\/#organization\"},\"potentialAction\":[{\"@type\":\"SearchAction\",\"target\":{\"@type\":\"EntryPoint\",\"urlTemplate\":\"https:\\\/\\\/mpi.com.es\\\/fr\\\/?s={search_term_string}\"},\"query-input\":{\"@type\":\"PropertyValueSpecification\",\"valueRequired\":true,\"valueName\":\"search_term_string\"}}],\"inLanguage\":\"fr-FR\"},{\"@type\":\"Organization\",\"@id\":\"https:\\\/\\\/mpi.com.es\\\/fr\\\/#organization\",\"name\":\"Mantenimiento Perif\u00e9ricos Inform\u00e1ticos\",\"url\":\"https:\\\/\\\/mpi.com.es\\\/fr\\\/\",\"logo\":{\"@type\":\"ImageObject\",\"inLanguage\":\"fr-FR\",\"@id\":\"https:\\\/\\\/mpi.com.es\\\/fr\\\/#\\\/schema\\\/logo\\\/image\\\/\",\"url\":\"https:\\\/\\\/mpi.com.es\\\/wp-content\\\/uploads\\\/2019\\\/07\\\/LOGONAMING-TRANSP.png\",\"contentUrl\":\"https:\\\/\\\/mpi.com.es\\\/wp-content\\\/uploads\\\/2019\\\/07\\\/LOGONAMING-TRANSP.png\",\"width\":1573,\"height\":431,\"caption\":\"Mantenimiento Perif\u00e9ricos Inform\u00e1ticos\"},\"image\":{\"@id\":\"https:\\\/\\\/mpi.com.es\\\/fr\\\/#\\\/schema\\\/logo\\\/image\\\/\"},\"sameAs\":[\"https:\\\/\\\/www.facebook.com\\\/p\\\/Mantenimiento-Perifricos-Informticos-100069020438303\"]}]}<\/script>\n<!-- \/ Yoast SEO Premium plugin. -->","yoast_head_json":{"title":"cookies - MPI Mantenimiento Perif\u00e9ricos Inform\u00e1ticos","robots":{"index":"noindex","follow":"follow"},"og_locale":"fr_FR","og_type":"article","og_title":"cookies","og_description":"Comme la plupart des sites Internet, ce site Web utilise des cookies pour am\u00e9liorer et optimiser l&rsquo; exp\u00e9rience de\u00a0l&rsquo;\u00a0utilisateur.\u00a0Vous trouverez ci-dessous des informations d\u00e9taill\u00e9es sur les \u00abcookies\u00bb, sur la typologie","og_url":"https:\/\/mpi.com.es\/fr\/cookies\/","og_site_name":"MPI Mantenimiento Perif\u00e9ricos Inform\u00e1ticos","article_publisher":"https:\/\/www.facebook.com\/p\/Mantenimiento-Perifricos-Informticos-100069020438303","article_modified_time":"2021-01-10T10:13:10+00:00","og_image":[{"url":"https:\/\/mpi.com.es\/wp-content\/uploads\/2015\/06\/cookies.png","type":"","width":"","height":""}],"twitter_misc":{"Dur\u00e9e de lecture estim\u00e9e":"7 minutes"},"schema":{"@context":"https:\/\/schema.org","@graph":[{"@type":"WebPage","@id":"https:\/\/mpi.com.es\/fr\/cookies\/","url":"https:\/\/mpi.com.es\/fr\/cookies\/","name":"cookies - MPI Mantenimiento Perif\u00e9ricos Inform\u00e1ticos","isPartOf":{"@id":"https:\/\/mpi.com.es\/fr\/#website"},"primaryImageOfPage":{"@id":"https:\/\/mpi.com.es\/fr\/cookies\/#primaryimage"},"image":{"@id":"https:\/\/mpi.com.es\/fr\/cookies\/#primaryimage"},"thumbnailUrl":"https:\/\/mpi.com.es\/wp-content\/uploads\/2015\/06\/cookies.png","datePublished":"2015-06-08T05:33:02+00:00","dateModified":"2021-01-10T10:13:10+00:00","breadcrumb":{"@id":"https:\/\/mpi.com.es\/fr\/cookies\/#breadcrumb"},"inLanguage":"fr-FR","potentialAction":[{"@type":"ReadAction","target":["https:\/\/mpi.com.es\/fr\/cookies\/"]}]},{"@type":"ImageObject","inLanguage":"fr-FR","@id":"https:\/\/mpi.com.es\/fr\/cookies\/#primaryimage","url":"https:\/\/mpi.com.es\/wp-content\/uploads\/2015\/06\/cookies.png","contentUrl":"https:\/\/mpi.com.es\/wp-content\/uploads\/2015\/06\/cookies.png"},{"@type":"BreadcrumbList","@id":"https:\/\/mpi.com.es\/fr\/cookies\/#breadcrumb","itemListElement":[{"@type":"ListItem","position":1,"name":"Portada","item":"https:\/\/mpi.com.es\/fr\/"},{"@type":"ListItem","position":2,"name":"cookies"}]},{"@type":"WebSite","@id":"https:\/\/mpi.com.es\/fr\/#website","url":"https:\/\/mpi.com.es\/fr\/","name":"MPI Mantenimiento Perif\u00e9ricos Inform\u00e1ticos","description":"Impresoras Industriales, impresi\u00f3n,alto volumen, mantenimiento, mantenimiento impresoras","publisher":{"@id":"https:\/\/mpi.com.es\/fr\/#organization"},"potentialAction":[{"@type":"SearchAction","target":{"@type":"EntryPoint","urlTemplate":"https:\/\/mpi.com.es\/fr\/?s={search_term_string}"},"query-input":{"@type":"PropertyValueSpecification","valueRequired":true,"valueName":"search_term_string"}}],"inLanguage":"fr-FR"},{"@type":"Organization","@id":"https:\/\/mpi.com.es\/fr\/#organization","name":"Mantenimiento Perif\u00e9ricos Inform\u00e1ticos","url":"https:\/\/mpi.com.es\/fr\/","logo":{"@type":"ImageObject","inLanguage":"fr-FR","@id":"https:\/\/mpi.com.es\/fr\/#\/schema\/logo\/image\/","url":"https:\/\/mpi.com.es\/wp-content\/uploads\/2019\/07\/LOGONAMING-TRANSP.png","contentUrl":"https:\/\/mpi.com.es\/wp-content\/uploads\/2019\/07\/LOGONAMING-TRANSP.png","width":1573,"height":431,"caption":"Mantenimiento Perif\u00e9ricos Inform\u00e1ticos"},"image":{"@id":"https:\/\/mpi.com.es\/fr\/#\/schema\/logo\/image\/"},"sameAs":["https:\/\/www.facebook.com\/p\/Mantenimiento-Perifricos-Informticos-100069020438303"]}]}},"_links":{"self":[{"href":"https:\/\/mpi.com.es\/fr\/wp-json\/wp\/v2\/pages\/5086","targetHints":{"allow":["GET"]}}],"collection":[{"href":"https:\/\/mpi.com.es\/fr\/wp-json\/wp\/v2\/pages"}],"about":[{"href":"https:\/\/mpi.com.es\/fr\/wp-json\/wp\/v2\/types\/page"}],"author":[{"embeddable":true,"href":"https:\/\/mpi.com.es\/fr\/wp-json\/wp\/v2\/users\/1"}],"replies":[{"embeddable":true,"href":"https:\/\/mpi.com.es\/fr\/wp-json\/wp\/v2\/comments?post=5086"}],"version-history":[{"count":2,"href":"https:\/\/mpi.com.es\/fr\/wp-json\/wp\/v2\/pages\/5086\/revisions"}],"predecessor-version":[{"id":15580,"href":"https:\/\/mpi.com.es\/fr\/wp-json\/wp\/v2\/pages\/5086\/revisions\/15580"}],"wp:attachment":[{"href":"https:\/\/mpi.com.es\/fr\/wp-json\/wp\/v2\/media?parent=5086"}],"curies":[{"name":"wp","href":"https:\/\/api.w.org\/{rel}","templated":true}]}}