{"id":4817,"date":"2018-04-04T09:57:25","date_gmt":"2018-04-04T07:57:25","guid":{"rendered":"https:\/\/mpi.com.es\/?page_id=4817"},"modified":"2019-07-27T20:46:09","modified_gmt":"2019-07-27T18:46:09","slug":"nos-marques","status":"publish","type":"page","link":"https:\/\/mpi.com.es\/fr\/nos-marques\/","title":{"rendered":"nos marques"},"content":{"rendered":"<h1 style=\"text-align: center;\">SOLUTIONS D&rsquo;IMPRESSION PROFESSIONNELLE<\/h1>\n<p style=\"text-align: center;\">Distributeur et importateur des grands constructeurs d\u2019imprimantes, la solution d&rsquo;impression la mieux adapt\u00e9e \u00e0 vos besoins<\/p>\n<div class=\"row shc-lista-marcas mt-5 mb-5\"><div class=\"col-md-3 columns shc-marca mt-2 mb-2\"><div class=\"card marca-card\" style=\"\"><div class=\"text-center card-img-brand-container\"><a href=\"https:\/\/mpi.com.es\/fr\/marque\/bixolon-fr\/\"><img decoding=\"async\" class=\"card-img-brand img\" src=\"https:\/\/mpi.com.es\/wp-content\/uploads\/2019\/10\/LOGO_BIXOLON_EN-240x39.jpg\" alt=\"BIXOLON\"><\/a><\/div><p class=\"text-center\">BIXOLON<\/p><\/div><\/div><div class=\"col-md-3 columns shc-marca mt-2 mb-2\"><div class=\"card marca-card\" style=\"\"><div class=\"text-center card-img-brand-container\"><a href=\"https:\/\/mpi.com.es\/fr\/marque\/brother-fr\/\"><img decoding=\"async\" class=\"card-img-brand img\" src=\"https:\/\/mpi.com.es\/wp-content\/uploads\/2020\/03\/brother-logo-240x53.png\" alt=\"Brother\"><\/a><\/div><p class=\"text-center\">Brother<\/p><\/div><\/div><div class=\"col-md-3 columns shc-marca mt-2 mb-2\"><div class=\"card marca-card\" style=\"\"><div class=\"text-center card-img-brand-container\"><a href=\"https:\/\/mpi.com.es\/fr\/marque\/compuprint-fr\/\"><img decoding=\"async\" class=\"card-img-brand img\" src=\"https:\/\/mpi.com.es\/wp-content\/uploads\/2014\/10\/compuprint1.jpg\" alt=\"Compuprint\"><\/a><\/div><p class=\"text-center\">Compuprint<\/p><\/div><\/div><div class=\"col-md-3 columns shc-marca mt-2 mb-2\"><div class=\"card marca-card\" style=\"\"><div class=\"text-center card-img-brand-container\"><a href=\"https:\/\/mpi.com.es\/fr\/marque\/datalogic-fr\/\"><img decoding=\"async\" class=\"card-img-brand img\" src=\"https:\/\/mpi.com.es\/wp-content\/uploads\/2014\/03\/logo-new.jpg\" alt=\"Datalogic\"><\/a><\/div><p class=\"text-center\">Datalogic<\/p><\/div><\/div><div class=\"col-md-3 columns shc-marca mt-2 mb-2\"><div class=\"card marca-card\" style=\"\"><div class=\"text-center card-img-brand-container\"><a href=\"https:\/\/mpi.com.es\/fr\/marque\/datamax-oneil\/\"><img decoding=\"async\" class=\"card-img-brand img\" src=\"https:\/\/mpi.com.es\/wp-content\/uploads\/2019\/10\/logo-datamax-oneil-240x176.png\" alt=\"Datamax O'neil\"><\/a><\/div><p class=\"text-center\">Datamax O'neil<\/p><\/div><\/div><div class=\"col-md-3 columns shc-marca mt-2 mb-2\"><div class=\"card marca-card\" style=\"\"><div class=\"text-center card-img-brand-container\"><a href=\"https:\/\/mpi.com.es\/fr\/marque\/epson-fr\/\"><img decoding=\"async\" class=\"card-img-brand img\" src=\"https:\/\/mpi.com.es\/wp-content\/uploads\/2016\/02\/logo-epson.png\" alt=\"Epson\"><\/a><\/div><p class=\"text-center\">Epson<\/p><\/div><\/div><div class=\"col-md-3 columns shc-marca mt-2 mb-2\"><div class=\"card marca-card\" style=\"\"><div class=\"text-center card-img-brand-container\"><a href=\"https:\/\/mpi.com.es\/fr\/marque\/eticoncept-fr\/\"><img decoding=\"async\" class=\"card-img-brand img\" src=\"https:\/\/mpi.com.es\/wp-content\/uploads\/2015\/09\/logo.jpg\" alt=\"Eticoncept\"><\/a><\/div><p class=\"text-center\">Eticoncept<\/p><\/div><\/div><div class=\"col-md-3 columns shc-marca mt-2 mb-2\"><div class=\"card marca-card\" style=\"\"><div class=\"text-center card-img-brand-container\"><a href=\"https:\/\/mpi.com.es\/fr\/marque\/fujitsu-fr\/\"><img decoding=\"async\" class=\"card-img-brand img\" src=\"https:\/\/mpi.com.es\/wp-content\/uploads\/2022\/09\/Fujitsu-DL--240x149.jpg\" alt=\"Fujitsu\"><\/a><\/div><p class=\"text-center\">Fujitsu<\/p><\/div><\/div><div class=\"col-md-3 columns shc-marca mt-2 mb-2\"><div class=\"card marca-card\" style=\"\"><div class=\"text-center card-img-brand-container\"><a href=\"https:\/\/mpi.com.es\/fr\/marque\/honeywell-fr\/\"><img decoding=\"async\" class=\"card-img-brand img\" src=\"https:\/\/mpi.com.es\/wp-content\/uploads\/2014\/03\/Honeywell.gif\" alt=\"Honeywell\"><\/a><\/div><p class=\"text-center\">Honeywell<\/p><\/div><\/div><div class=\"col-md-3 columns shc-marca mt-2 mb-2\"><div class=\"card marca-card\" style=\"\"><div class=\"text-center card-img-brand-container\"><a href=\"https:\/\/mpi.com.es\/fr\/marque\/ibm-fr\/\"><img decoding=\"async\" class=\"card-img-brand img\" src=\"https:\/\/mpi.com.es\/wp-content\/uploads\/2017\/02\/IBM-low.png\" alt=\"IBM\"><\/a><\/div><p class=\"text-center\">IBM<\/p><\/div><\/div><div class=\"col-md-3 columns shc-marca mt-2 mb-2\"><div class=\"card marca-card\" style=\"\"><div class=\"text-center card-img-brand-container\"><a href=\"https:\/\/mpi.com.es\/fr\/marque\/imprimantes-datamax\/\"><img decoding=\"async\" class=\"card-img-brand img\" src=\"\" alt=\"Imprimantes Datamax\"><\/a><\/div><p class=\"text-center\">Imprimantes Datamax<\/p><\/div><\/div><div class=\"col-md-3 columns shc-marca mt-2 mb-2\"><div class=\"card marca-card\" style=\"\"><div class=\"text-center card-img-brand-container\"><a href=\"https:\/\/mpi.com.es\/fr\/marque\/printronix-fr\/\"><img decoding=\"async\" class=\"card-img-brand img\" src=\"https:\/\/mpi.com.es\/wp-content\/uploads\/2014\/03\/printronix-logo.png\" alt=\"Imprimantes Printronix\"><\/a><\/div><p class=\"text-center\">Imprimantes Printronix<\/p><\/div><\/div><div class=\"col-md-3 columns shc-marca mt-2 mb-2\"><div class=\"card marca-card\" style=\"\"><div class=\"text-center card-img-brand-container\"><a href=\"https:\/\/mpi.com.es\/fr\/marque\/infoprint-6500-fr\/\"><img decoding=\"async\" class=\"card-img-brand img\" src=\"https:\/\/mpi.com.es\/wp-content\/uploads\/2017\/02\/infoprint.png\" alt=\"Infoprint\"><\/a><\/div><p class=\"text-center\">Infoprint<\/p><\/div><\/div><div class=\"col-md-3 columns shc-marca mt-2 mb-2\"><div class=\"card marca-card\" style=\"\"><div class=\"text-center card-img-brand-container\"><a href=\"https:\/\/mpi.com.es\/fr\/marque\/intermec-fr\/\"><img decoding=\"async\" class=\"card-img-brand img\" src=\"https:\/\/mpi.com.es\/wp-content\/uploads\/2016\/05\/Logo-Intermec.png\" alt=\"Intermec\"><\/a><\/div><p class=\"text-center\">Intermec<\/p><\/div><\/div><div class=\"col-md-3 columns shc-marca mt-2 mb-2\"><div class=\"card marca-card\" style=\"\"><div class=\"text-center card-img-brand-container\"><a href=\"https:\/\/mpi.com.es\/fr\/marque\/kerning-fr\/\"><img decoding=\"async\" class=\"card-img-brand img\" src=\"https:\/\/mpi.com.es\/wp-content\/uploads\/2019\/05\/LOGO-KERNING.png\" alt=\"KERNING\"><\/a><\/div><p class=\"text-center\">KERNING<\/p><\/div><\/div><div class=\"col-md-3 columns shc-marca mt-2 mb-2\"><div class=\"card marca-card\" style=\"\"><div class=\"text-center card-img-brand-container\"><a href=\"https:\/\/mpi.com.es\/fr\/marque\/lexmark-fr\/\"><img decoding=\"async\" class=\"card-img-brand img\" src=\"https:\/\/mpi.com.es\/wp-content\/uploads\/2017\/09\/Lexmark-logo.png\" alt=\"LEXMARK\"><\/a><\/div><p class=\"text-center\">LEXMARK<\/p><\/div><\/div><div class=\"col-md-3 columns shc-marca mt-2 mb-2\"><div class=\"card marca-card\" style=\"\"><div class=\"text-center card-img-brand-container\"><a href=\"https:\/\/mpi.com.es\/fr\/marque\/microplex-fr\/\"><img decoding=\"async\" class=\"card-img-brand img\" src=\"https:\/\/mpi.com.es\/wp-content\/uploads\/2017\/06\/Microplex_c94_m47_y11_k45_1000px-240x48.jpg\" alt=\"Microplex\"><\/a><\/div><p class=\"text-center\">Microplex<\/p><\/div><\/div><div class=\"col-md-3 columns shc-marca mt-2 mb-2\"><div class=\"card marca-card\" style=\"\"><div class=\"text-center card-img-brand-container\"><a href=\"https:\/\/mpi.com.es\/fr\/marque\/mpi-tech-fr\/\"><img decoding=\"async\" class=\"card-img-brand img\" src=\"https:\/\/mpi.com.es\/wp-content\/uploads\/2014\/10\/MPItech-Logo.png\" alt=\"Mpi Tech\"><\/a><\/div><p class=\"text-center\">Mpi Tech<\/p><\/div><\/div><div class=\"col-md-3 columns shc-marca mt-2 mb-2\"><div class=\"card marca-card\" style=\"\"><div class=\"text-center card-img-brand-container\"><a href=\"https:\/\/mpi.com.es\/fr\/marque\/nipson-fr\/\"><img decoding=\"async\" class=\"card-img-brand img\" src=\"https:\/\/mpi.com.es\/wp-content\/uploads\/2017\/12\/NIPSON-2-1-240x76.png\" alt=\"Nipson\"><\/a><\/div><p class=\"text-center\">Nipson<\/p><\/div><\/div><div class=\"col-md-3 columns shc-marca mt-2 mb-2\"><div class=\"card marca-card\" style=\"\"><div class=\"text-center card-img-brand-container\"><a href=\"https:\/\/mpi.com.es\/fr\/marque\/oce-fr\/\"><img decoding=\"async\" class=\"card-img-brand img\" src=\"https:\/\/mpi.com.es\/wp-content\/uploads\/2014\/10\/oce-logo.jpg\" alt=\"OCE\"><\/a><\/div><p class=\"text-center\">OCE<\/p><\/div><\/div><div class=\"col-md-3 columns shc-marca mt-2 mb-2\"><div class=\"card marca-card\" style=\"\"><div class=\"text-center card-img-brand-container\"><a href=\"https:\/\/mpi.com.es\/fr\/marque\/matriciales-oki-fr\/\"><img decoding=\"async\" class=\"card-img-brand img\" src=\"https:\/\/mpi.com.es\/wp-content\/uploads\/2017\/09\/OKI-Logo-2015.jpg\" alt=\"OKI\"><\/a><\/div><p class=\"text-center\">OKI<\/p><\/div><\/div><div class=\"col-md-3 columns shc-marca mt-2 mb-2\"><div class=\"card marca-card\" style=\"\"><div class=\"text-center card-img-brand-container\"><a href=\"https:\/\/mpi.com.es\/fr\/marque\/primera-fr\/\"><img decoding=\"async\" class=\"card-img-brand img\" src=\"https:\/\/mpi.com.es\/wp-content\/uploads\/2019\/07\/LOGO-1-240x71.png\" alt=\"Primera\"><\/a><\/div><p class=\"text-center\">Primera<\/p><\/div><\/div><div class=\"col-md-3 columns shc-marca mt-2 mb-2\"><div class=\"card marca-card\" style=\"\"><div class=\"text-center card-img-brand-container\"><a href=\"https:\/\/mpi.com.es\/fr\/marque\/printronix-autoid-fr\/\"><img decoding=\"async\" class=\"card-img-brand img\" src=\"https:\/\/mpi.com.es\/wp-content\/uploads\/2016\/03\/logo-240x74.jpg\" alt=\"Printronix AutoID\"><\/a><\/div><p class=\"text-center\">Printronix AutoID<\/p><\/div><\/div><div class=\"col-md-3 columns shc-marca mt-2 mb-2\"><div class=\"card marca-card\" style=\"\"><div class=\"text-center card-img-brand-container\"><a href=\"https:\/\/mpi.com.es\/fr\/marque\/psi-fr\/\"><img decoding=\"async\" class=\"card-img-brand img\" src=\"https:\/\/mpi.com.es\/wp-content\/uploads\/2014\/10\/psi.jpg\" alt=\"PSI\"><\/a><\/div><p class=\"text-center\">PSI<\/p><\/div><\/div><div class=\"col-md-3 columns shc-marca mt-2 mb-2\"><div class=\"card marca-card\" style=\"\"><div class=\"text-center card-img-brand-container\"><a href=\"https:\/\/mpi.com.es\/fr\/marque\/ricoh-fr\/\"><img decoding=\"async\" class=\"card-img-brand img\" src=\"https:\/\/mpi.com.es\/wp-content\/uploads\/2014\/10\/ricoh-1.jpg\" alt=\"Ricoh\"><\/a><\/div><p class=\"text-center\">Ricoh<\/p><\/div><\/div><div class=\"col-md-3 columns shc-marca mt-2 mb-2\"><div class=\"card marca-card\" style=\"\"><div class=\"text-center card-img-brand-container\"><a href=\"https:\/\/mpi.com.es\/fr\/marque\/rjs-fr\/\"><img decoding=\"async\" class=\"card-img-brand img\" src=\"https:\/\/mpi.com.es\/wp-content\/uploads\/2014\/10\/RJS_logo_md.jpg\" alt=\"RJS\"><\/a><\/div><p class=\"text-center\">RJS<\/p><\/div><\/div><div class=\"col-md-3 columns shc-marca mt-2 mb-2\"><div class=\"card marca-card\" style=\"\"><div class=\"text-center card-img-brand-container\"><a href=\"https:\/\/mpi.com.es\/fr\/marque\/sato-fr\/\"><img decoding=\"async\" class=\"card-img-brand img\" src=\"https:\/\/mpi.com.es\/wp-content\/uploads\/2016\/02\/logo-SATO.jpg\" alt=\"Sato\"><\/a><\/div><p class=\"text-center\">Sato<\/p><\/div><\/div><div class=\"col-md-3 columns shc-marca mt-2 mb-2\"><div class=\"card marca-card\" style=\"\"><div class=\"text-center card-img-brand-container\"><a href=\"https:\/\/mpi.com.es\/fr\/marque\/tally-fr\/\"><img decoding=\"async\" class=\"card-img-brand img\" src=\"https:\/\/mpi.com.es\/wp-content\/uploads\/2017\/10\/Tally_Dascom.jpg\" alt=\"Tally\"><\/a><\/div><p class=\"text-center\">Tally<\/p><\/div><\/div><div class=\"col-md-3 columns shc-marca mt-2 mb-2\"><div class=\"card marca-card\" style=\"\"><div class=\"text-center card-img-brand-container\"><a href=\"https:\/\/mpi.com.es\/fr\/marque\/tallygenicom-fr\/\"><img decoding=\"async\" class=\"card-img-brand img\" src=\"https:\/\/mpi.com.es\/wp-content\/uploads\/2014\/03\/Tally-240x72.jpg\" alt=\"TallyGenicom\"><\/a><\/div><p class=\"text-center\">TallyGenicom<\/p><\/div><\/div><div class=\"col-md-3 columns shc-marca mt-2 mb-2\"><div class=\"card marca-card\" style=\"\"><div class=\"text-center card-img-brand-container\"><a href=\"https:\/\/mpi.com.es\/fr\/marque\/tetes-datamax\/\"><img decoding=\"async\" class=\"card-img-brand img\" src=\"\" alt=\"T\u00eates Datamax\"><\/a><\/div><p class=\"text-center\">T\u00eates Datamax<\/p><\/div><\/div><div class=\"col-md-3 columns shc-marca mt-2 mb-2\"><div class=\"card marca-card\" style=\"\"><div class=\"text-center card-img-brand-container\"><a href=\"https:\/\/mpi.com.es\/fr\/marque\/toshiba-tec-fr\/\"><img decoding=\"async\" class=\"card-img-brand img\" src=\"https:\/\/mpi.com.es\/wp-content\/uploads\/2019\/10\/logo-toshiba-tec.png\" alt=\"TOSHIBA TEC\"><\/a><\/div><p class=\"text-center\">TOSHIBA TEC<\/p><\/div><\/div><div class=\"col-md-3 columns shc-marca mt-2 mb-2\"><div class=\"card marca-card\" style=\"\"><div class=\"text-center card-img-brand-container\"><a href=\"https:\/\/mpi.com.es\/fr\/marque\/tsc-fr\/\"><img decoding=\"async\" class=\"card-img-brand img\" src=\"https:\/\/mpi.com.es\/wp-content\/uploads\/2016\/08\/TSC.jpg\" alt=\"TSC\"><\/a><\/div><p class=\"text-center\">TSC<\/p><\/div><\/div><div class=\"col-md-3 columns shc-marca mt-2 mb-2\"><div class=\"card marca-card\" style=\"\"><div class=\"text-center card-img-brand-container\"><a href=\"https:\/\/mpi.com.es\/fr\/marque\/vipcolor-fr\/\"><img decoding=\"async\" class=\"card-img-brand img\" src=\"https:\/\/mpi.com.es\/wp-content\/uploads\/2014\/03\/vip_logo.jpg\" alt=\"VIPColor\"><\/a><\/div><p class=\"text-center\">VIPColor<\/p><\/div><\/div><div class=\"col-md-3 columns shc-marca mt-2 mb-2\"><div class=\"card marca-card\" style=\"\"><div class=\"text-center card-img-brand-container\"><a href=\"https:\/\/mpi.com.es\/fr\/marque\/wincor-nixdorf-fr\/\"><img decoding=\"async\" class=\"card-img-brand img\" src=\"https:\/\/mpi.com.es\/wp-content\/uploads\/2017\/02\/log-nixdorf_4920.png\" alt=\"WINCOR NIXDORF\"><\/a><\/div><p class=\"text-center\">WINCOR NIXDORF<\/p><\/div><\/div><div class=\"col-md-3 columns shc-marca mt-2 mb-2\"><div class=\"card marca-card\" style=\"\"><div class=\"text-center card-img-brand-container\"><a href=\"https:\/\/mpi.com.es\/fr\/marque\/xerox-fr\/\"><img decoding=\"async\" class=\"card-img-brand img\" src=\"https:\/\/mpi.com.es\/wp-content\/uploads\/2017\/09\/logo-xerox.jpg\" alt=\"XEROX\"><\/a><\/div><p class=\"text-center\">XEROX<\/p><\/div><\/div><div class=\"col-md-3 columns shc-marca mt-2 mb-2\"><div class=\"card marca-card\" style=\"\"><div class=\"text-center card-img-brand-container\"><a href=\"https:\/\/mpi.com.es\/fr\/marque\/zebra-fr\/\"><img decoding=\"async\" class=\"card-img-brand img\" src=\"https:\/\/mpi.com.es\/wp-content\/uploads\/2018\/01\/ZEBRA-Business-Partner-240x161.png\" alt=\"Zebra\"><\/a><\/div><p class=\"text-center\">Zebra<\/p><\/div><\/div><\/div>\n","protected":false},"excerpt":{"rendered":"<p>SOLUTIONS D&rsquo;IMPRESSION PROFESSIONNELLE Distributeur et importateur des grands constructeurs d\u2019imprimantes, la solution d&rsquo;impression la mieux adapt\u00e9e \u00e0 vos besoins<\/p>\n","protected":false},"author":1,"featured_media":0,"parent":0,"menu_order":0,"comment_status":"open","ping_status":"open","template":"","meta":{"_acf_changed":false,"footnotes":""},"class_list":["post-4817","page","type-page","status-publish","hentry"],"acf":[],"yoast_head":"<!-- This site is optimized with the Yoast SEO Premium plugin v26.5 (Yoast SEO v27.4) - https:\/\/yoast.com\/product\/yoast-seo-premium-wordpress\/ -->\n<title>nos marques - MPI Mantenimiento Perif\u00e9ricos Inform\u00e1ticos<\/title>\n<meta name=\"robots\" content=\"noindex, follow\" \/>\n<meta property=\"og:locale\" content=\"fr_FR\" \/>\n<meta property=\"og:type\" content=\"article\" \/>\n<meta property=\"og:title\" content=\"nos marques\" \/>\n<meta property=\"og:description\" content=\"SOLUTIONS D&rsquo;IMPRESSION PROFESSIONNELLE Distributeur et importateur des grands constructeurs d\u2019imprimantes, la solution d&rsquo;impression la mieux adapt\u00e9e \u00e0 vos besoins\" \/>\n<meta property=\"og:url\" content=\"https:\/\/mpi.com.es\/fr\/nos-marques\/\" \/>\n<meta property=\"og:site_name\" content=\"MPI Mantenimiento Perif\u00e9ricos Inform\u00e1ticos\" \/>\n<meta property=\"article:publisher\" content=\"https:\/\/www.facebook.com\/p\/Mantenimiento-Perifricos-Informticos-100069020438303\" \/>\n<meta property=\"article:modified_time\" content=\"2019-07-27T18:46:09+00:00\" \/>\n<script type=\"application\/ld+json\" class=\"yoast-schema-graph\">{\"@context\":\"https:\\\/\\\/schema.org\",\"@graph\":[{\"@type\":\"WebPage\",\"@id\":\"https:\\\/\\\/mpi.com.es\\\/fr\\\/nos-marques\\\/\",\"url\":\"https:\\\/\\\/mpi.com.es\\\/fr\\\/nos-marques\\\/\",\"name\":\"nos marques - MPI Mantenimiento Perif\u00e9ricos Inform\u00e1ticos\",\"isPartOf\":{\"@id\":\"https:\\\/\\\/mpi.com.es\\\/fr\\\/#website\"},\"datePublished\":\"2018-04-04T07:57:25+00:00\",\"dateModified\":\"2019-07-27T18:46:09+00:00\",\"breadcrumb\":{\"@id\":\"https:\\\/\\\/mpi.com.es\\\/fr\\\/nos-marques\\\/#breadcrumb\"},\"inLanguage\":\"fr-FR\",\"potentialAction\":[{\"@type\":\"ReadAction\",\"target\":[\"https:\\\/\\\/mpi.com.es\\\/fr\\\/nos-marques\\\/\"]}]},{\"@type\":\"BreadcrumbList\",\"@id\":\"https:\\\/\\\/mpi.com.es\\\/fr\\\/nos-marques\\\/#breadcrumb\",\"itemListElement\":[{\"@type\":\"ListItem\",\"position\":1,\"name\":\"Portada\",\"item\":\"https:\\\/\\\/mpi.com.es\\\/fr\\\/\"},{\"@type\":\"ListItem\",\"position\":2,\"name\":\"nos marques\"}]},{\"@type\":\"WebSite\",\"@id\":\"https:\\\/\\\/mpi.com.es\\\/fr\\\/#website\",\"url\":\"https:\\\/\\\/mpi.com.es\\\/fr\\\/\",\"name\":\"MPI Mantenimiento Perif\u00e9ricos Inform\u00e1ticos\",\"description\":\"Impresoras Industriales, impresi\u00f3n,alto volumen, mantenimiento, mantenimiento impresoras\",\"publisher\":{\"@id\":\"https:\\\/\\\/mpi.com.es\\\/fr\\\/#organization\"},\"potentialAction\":[{\"@type\":\"SearchAction\",\"target\":{\"@type\":\"EntryPoint\",\"urlTemplate\":\"https:\\\/\\\/mpi.com.es\\\/fr\\\/?s={search_term_string}\"},\"query-input\":{\"@type\":\"PropertyValueSpecification\",\"valueRequired\":true,\"valueName\":\"search_term_string\"}}],\"inLanguage\":\"fr-FR\"},{\"@type\":\"Organization\",\"@id\":\"https:\\\/\\\/mpi.com.es\\\/fr\\\/#organization\",\"name\":\"Mantenimiento Perif\u00e9ricos Inform\u00e1ticos\",\"url\":\"https:\\\/\\\/mpi.com.es\\\/fr\\\/\",\"logo\":{\"@type\":\"ImageObject\",\"inLanguage\":\"fr-FR\",\"@id\":\"https:\\\/\\\/mpi.com.es\\\/fr\\\/#\\\/schema\\\/logo\\\/image\\\/\",\"url\":\"https:\\\/\\\/mpi.com.es\\\/wp-content\\\/uploads\\\/2019\\\/07\\\/LOGONAMING-TRANSP.png\",\"contentUrl\":\"https:\\\/\\\/mpi.com.es\\\/wp-content\\\/uploads\\\/2019\\\/07\\\/LOGONAMING-TRANSP.png\",\"width\":1573,\"height\":431,\"caption\":\"Mantenimiento Perif\u00e9ricos Inform\u00e1ticos\"},\"image\":{\"@id\":\"https:\\\/\\\/mpi.com.es\\\/fr\\\/#\\\/schema\\\/logo\\\/image\\\/\"},\"sameAs\":[\"https:\\\/\\\/www.facebook.com\\\/p\\\/Mantenimiento-Perifricos-Informticos-100069020438303\"]}]}<\/script>\n<!-- \/ Yoast SEO Premium plugin. -->","yoast_head_json":{"title":"nos marques - MPI Mantenimiento Perif\u00e9ricos Inform\u00e1ticos","robots":{"index":"noindex","follow":"follow"},"og_locale":"fr_FR","og_type":"article","og_title":"nos marques","og_description":"SOLUTIONS D&rsquo;IMPRESSION PROFESSIONNELLE Distributeur et importateur des grands constructeurs d\u2019imprimantes, la solution d&rsquo;impression la mieux adapt\u00e9e \u00e0 vos besoins","og_url":"https:\/\/mpi.com.es\/fr\/nos-marques\/","og_site_name":"MPI Mantenimiento Perif\u00e9ricos Inform\u00e1ticos","article_publisher":"https:\/\/www.facebook.com\/p\/Mantenimiento-Perifricos-Informticos-100069020438303","article_modified_time":"2019-07-27T18:46:09+00:00","schema":{"@context":"https:\/\/schema.org","@graph":[{"@type":"WebPage","@id":"https:\/\/mpi.com.es\/fr\/nos-marques\/","url":"https:\/\/mpi.com.es\/fr\/nos-marques\/","name":"nos marques - MPI Mantenimiento Perif\u00e9ricos Inform\u00e1ticos","isPartOf":{"@id":"https:\/\/mpi.com.es\/fr\/#website"},"datePublished":"2018-04-04T07:57:25+00:00","dateModified":"2019-07-27T18:46:09+00:00","breadcrumb":{"@id":"https:\/\/mpi.com.es\/fr\/nos-marques\/#breadcrumb"},"inLanguage":"fr-FR","potentialAction":[{"@type":"ReadAction","target":["https:\/\/mpi.com.es\/fr\/nos-marques\/"]}]},{"@type":"BreadcrumbList","@id":"https:\/\/mpi.com.es\/fr\/nos-marques\/#breadcrumb","itemListElement":[{"@type":"ListItem","position":1,"name":"Portada","item":"https:\/\/mpi.com.es\/fr\/"},{"@type":"ListItem","position":2,"name":"nos marques"}]},{"@type":"WebSite","@id":"https:\/\/mpi.com.es\/fr\/#website","url":"https:\/\/mpi.com.es\/fr\/","name":"MPI Mantenimiento Perif\u00e9ricos Inform\u00e1ticos","description":"Impresoras Industriales, impresi\u00f3n,alto volumen, mantenimiento, mantenimiento impresoras","publisher":{"@id":"https:\/\/mpi.com.es\/fr\/#organization"},"potentialAction":[{"@type":"SearchAction","target":{"@type":"EntryPoint","urlTemplate":"https:\/\/mpi.com.es\/fr\/?s={search_term_string}"},"query-input":{"@type":"PropertyValueSpecification","valueRequired":true,"valueName":"search_term_string"}}],"inLanguage":"fr-FR"},{"@type":"Organization","@id":"https:\/\/mpi.com.es\/fr\/#organization","name":"Mantenimiento Perif\u00e9ricos Inform\u00e1ticos","url":"https:\/\/mpi.com.es\/fr\/","logo":{"@type":"ImageObject","inLanguage":"fr-FR","@id":"https:\/\/mpi.com.es\/fr\/#\/schema\/logo\/image\/","url":"https:\/\/mpi.com.es\/wp-content\/uploads\/2019\/07\/LOGONAMING-TRANSP.png","contentUrl":"https:\/\/mpi.com.es\/wp-content\/uploads\/2019\/07\/LOGONAMING-TRANSP.png","width":1573,"height":431,"caption":"Mantenimiento Perif\u00e9ricos Inform\u00e1ticos"},"image":{"@id":"https:\/\/mpi.com.es\/fr\/#\/schema\/logo\/image\/"},"sameAs":["https:\/\/www.facebook.com\/p\/Mantenimiento-Perifricos-Informticos-100069020438303"]}]}},"_links":{"self":[{"href":"https:\/\/mpi.com.es\/fr\/wp-json\/wp\/v2\/pages\/4817","targetHints":{"allow":["GET"]}}],"collection":[{"href":"https:\/\/mpi.com.es\/fr\/wp-json\/wp\/v2\/pages"}],"about":[{"href":"https:\/\/mpi.com.es\/fr\/wp-json\/wp\/v2\/types\/page"}],"author":[{"embeddable":true,"href":"https:\/\/mpi.com.es\/fr\/wp-json\/wp\/v2\/users\/1"}],"replies":[{"embeddable":true,"href":"https:\/\/mpi.com.es\/fr\/wp-json\/wp\/v2\/comments?post=4817"}],"version-history":[{"count":5,"href":"https:\/\/mpi.com.es\/fr\/wp-json\/wp\/v2\/pages\/4817\/revisions"}],"predecessor-version":[{"id":13083,"href":"https:\/\/mpi.com.es\/fr\/wp-json\/wp\/v2\/pages\/4817\/revisions\/13083"}],"wp:attachment":[{"href":"https:\/\/mpi.com.es\/fr\/wp-json\/wp\/v2\/media?parent=4817"}],"curies":[{"name":"wp","href":"https:\/\/api.w.org\/{rel}","templated":true}]}}