{"id":4783,"date":"2018-04-04T09:46:19","date_gmt":"2018-04-04T07:46:19","guid":{"rendered":"https:\/\/mpi.com.es\/servicios\/"},"modified":"2018-09-30T19:00:55","modified_gmt":"2018-09-30T17:00:55","slug":"serveis","status":"publish","type":"page","link":"https:\/\/mpi.com.es\/fr\/serveis\/","title":{"rendered":"services"},"content":{"rendered":"<h2>CADA CLIENTE ES \u00daNICO<\/h2>\n<p>Aprovechando nuestra experiencia, en MPI podemos aportar nuevas ideas y soluciones para su empresa, de forma que pueda rentabilizar al m\u00e1ximo su inversi\u00f3n. D\u00eda a d\u00eda nos renovamos con las nuevas tecnolog\u00edas que los fabricantes ponen a nuestra disposici\u00f3n y nosotros encajamos esas tecnolog\u00edas para que aporten el mayor beneficio en nuestros clientes.<\/p>\n<div class=\"row lista-servicios align-items-center justify-content-center mt-2 mb-2\">\n<div class=\"col-md-3 mt-2 mb-2 servicio\">\n<div class=\"text-center card-img-servicio-container\"><a title=\"Mantenimiento Impresoras OCE\" href=\"https:\/\/mpi.com.es\/servicios\/mantenimiento-impresoras-oce\/\"><i class=\"fa fa-print \" ><\/i><\/a><\/div>\n<p>Mantenimiento Impresoras OCE<\/p>\n<\/div>\n<div class=\"col-md-3 mt-2 mb-2 servicio\">\n<div class=\"text-center card-img-servicio-container\"><a title=\"Venta de equipos de ocasi\u00f3n\" href=\"https:\/\/mpi.com.es\/servicios\/impresoras-de-ocasion\/\"><i class=\"fa fa-percent \" ><\/i><\/a><\/div>\n<p>Impresoras de ocasi\u00f3n<\/p>\n<\/div>\n<div class=\"col-md-3 mt-2 mb-2 servicio\">\n<div class=\"text-center card-img-servicio-container\"><a title=\"Reparaci\u00f3n\" href=\"https:\/\/mpi.com.es\/servicios\/reparacion\/\"><i class=\"fa fa-plug \" ><\/i><\/a><\/div>\n<p>Reparaci\u00f3n<\/p>\n<\/div>\n<\/div>\n<div class=\"row lista-servicios align-items-center justify-content-center mt-2 mb-2\">\n<div class=\"col-md-3 mt-2 mb-2 servicio\">\n<div class=\"text-center card-img-servicio-container\"><a title=\"Mantenimiento\" href=\"https:\/\/mpi.com.es\/servicios\/mantenimiento\/\"><i class=\"fa fa-stethoscope \" ><\/i><\/a><\/div>\n<p>Mantenimiento<\/p>\n<\/div>\n<div class=\"col-md-3 mt-2 mb-2 servicio\">\n<div class=\"text-center card-img-servicio-container\"><a title=\"Consumibles y repuestos\" href=\"https:\/\/mpi.com.es\/servicios\/consumibles-y-repuestos\/\"><i class=\"fa fa-retweet \" ><\/i><\/a><\/div>\n<p>Consumibles y repuestos<\/p>\n<\/div>\n<\/div>\n","protected":false},"excerpt":{"rendered":"<p>CADA CLIENTE ES \u00daNICO Aprovechando nuestra experiencia, en MPI podemos aportar nuevas ideas y soluciones para su empresa, de forma que pueda rentabilizar al m\u00e1ximo su inversi\u00f3n. D\u00eda a d\u00eda<\/p>\n","protected":false},"author":1,"featured_media":0,"parent":0,"menu_order":0,"comment_status":"open","ping_status":"open","template":"","meta":{"_acf_changed":false,"footnotes":""},"class_list":["post-4783","page","type-page","status-publish","hentry"],"acf":[],"yoast_head":"<!-- This site is optimized with the Yoast SEO Premium plugin v26.5 (Yoast SEO v27.4) - https:\/\/yoast.com\/product\/yoast-seo-premium-wordpress\/ -->\n<title>services - MPI Mantenimiento Perif\u00e9ricos Inform\u00e1ticos<\/title>\n<meta name=\"robots\" content=\"noindex, follow\" \/>\n<meta property=\"og:locale\" content=\"fr_FR\" \/>\n<meta property=\"og:type\" content=\"article\" \/>\n<meta property=\"og:title\" content=\"services\" \/>\n<meta property=\"og:description\" content=\"CADA CLIENTE ES \u00daNICO Aprovechando nuestra experiencia, en MPI podemos aportar nuevas ideas y soluciones para su empresa, de forma que pueda rentabilizar al m\u00e1ximo su inversi\u00f3n. D\u00eda a d\u00eda\" \/>\n<meta property=\"og:url\" content=\"https:\/\/mpi.com.es\/fr\/serveis\/\" \/>\n<meta property=\"og:site_name\" content=\"MPI Mantenimiento Perif\u00e9ricos Inform\u00e1ticos\" \/>\n<meta property=\"article:publisher\" content=\"https:\/\/www.facebook.com\/p\/Mantenimiento-Perifricos-Informticos-100069020438303\" \/>\n<meta property=\"article:modified_time\" content=\"2018-09-30T17:00:55+00:00\" \/>\n<meta name=\"twitter:label1\" content=\"Dur\u00e9e de lecture estim\u00e9e\" \/>\n\t<meta name=\"twitter:data1\" content=\"1 minute\" \/>\n<script type=\"application\/ld+json\" class=\"yoast-schema-graph\">{\"@context\":\"https:\\\/\\\/schema.org\",\"@graph\":[{\"@type\":\"WebPage\",\"@id\":\"https:\\\/\\\/mpi.com.es\\\/fr\\\/serveis\\\/\",\"url\":\"https:\\\/\\\/mpi.com.es\\\/fr\\\/serveis\\\/\",\"name\":\"services - MPI Mantenimiento Perif\u00e9ricos Inform\u00e1ticos\",\"isPartOf\":{\"@id\":\"https:\\\/\\\/mpi.com.es\\\/fr\\\/#website\"},\"datePublished\":\"2018-04-04T07:46:19+00:00\",\"dateModified\":\"2018-09-30T17:00:55+00:00\",\"breadcrumb\":{\"@id\":\"https:\\\/\\\/mpi.com.es\\\/fr\\\/serveis\\\/#breadcrumb\"},\"inLanguage\":\"fr-FR\",\"potentialAction\":[{\"@type\":\"ReadAction\",\"target\":[\"https:\\\/\\\/mpi.com.es\\\/fr\\\/serveis\\\/\"]}]},{\"@type\":\"BreadcrumbList\",\"@id\":\"https:\\\/\\\/mpi.com.es\\\/fr\\\/serveis\\\/#breadcrumb\",\"itemListElement\":[{\"@type\":\"ListItem\",\"position\":1,\"name\":\"Portada\",\"item\":\"https:\\\/\\\/mpi.com.es\\\/fr\\\/\"},{\"@type\":\"ListItem\",\"position\":2,\"name\":\"services\"}]},{\"@type\":\"WebSite\",\"@id\":\"https:\\\/\\\/mpi.com.es\\\/fr\\\/#website\",\"url\":\"https:\\\/\\\/mpi.com.es\\\/fr\\\/\",\"name\":\"MPI Mantenimiento Perif\u00e9ricos Inform\u00e1ticos\",\"description\":\"Impresoras Industriales, impresi\u00f3n,alto volumen, mantenimiento, mantenimiento impresoras\",\"publisher\":{\"@id\":\"https:\\\/\\\/mpi.com.es\\\/fr\\\/#organization\"},\"potentialAction\":[{\"@type\":\"SearchAction\",\"target\":{\"@type\":\"EntryPoint\",\"urlTemplate\":\"https:\\\/\\\/mpi.com.es\\\/fr\\\/?s={search_term_string}\"},\"query-input\":{\"@type\":\"PropertyValueSpecification\",\"valueRequired\":true,\"valueName\":\"search_term_string\"}}],\"inLanguage\":\"fr-FR\"},{\"@type\":\"Organization\",\"@id\":\"https:\\\/\\\/mpi.com.es\\\/fr\\\/#organization\",\"name\":\"Mantenimiento Perif\u00e9ricos Inform\u00e1ticos\",\"url\":\"https:\\\/\\\/mpi.com.es\\\/fr\\\/\",\"logo\":{\"@type\":\"ImageObject\",\"inLanguage\":\"fr-FR\",\"@id\":\"https:\\\/\\\/mpi.com.es\\\/fr\\\/#\\\/schema\\\/logo\\\/image\\\/\",\"url\":\"https:\\\/\\\/mpi.com.es\\\/wp-content\\\/uploads\\\/2019\\\/07\\\/LOGONAMING-TRANSP.png\",\"contentUrl\":\"https:\\\/\\\/mpi.com.es\\\/wp-content\\\/uploads\\\/2019\\\/07\\\/LOGONAMING-TRANSP.png\",\"width\":1573,\"height\":431,\"caption\":\"Mantenimiento Perif\u00e9ricos Inform\u00e1ticos\"},\"image\":{\"@id\":\"https:\\\/\\\/mpi.com.es\\\/fr\\\/#\\\/schema\\\/logo\\\/image\\\/\"},\"sameAs\":[\"https:\\\/\\\/www.facebook.com\\\/p\\\/Mantenimiento-Perifricos-Informticos-100069020438303\"]}]}<\/script>\n<!-- \/ Yoast SEO Premium plugin. -->","yoast_head_json":{"title":"services - MPI Mantenimiento Perif\u00e9ricos Inform\u00e1ticos","robots":{"index":"noindex","follow":"follow"},"og_locale":"fr_FR","og_type":"article","og_title":"services","og_description":"CADA CLIENTE ES \u00daNICO Aprovechando nuestra experiencia, en MPI podemos aportar nuevas ideas y soluciones para su empresa, de forma que pueda rentabilizar al m\u00e1ximo su inversi\u00f3n. D\u00eda a d\u00eda","og_url":"https:\/\/mpi.com.es\/fr\/serveis\/","og_site_name":"MPI Mantenimiento Perif\u00e9ricos Inform\u00e1ticos","article_publisher":"https:\/\/www.facebook.com\/p\/Mantenimiento-Perifricos-Informticos-100069020438303","article_modified_time":"2018-09-30T17:00:55+00:00","twitter_misc":{"Dur\u00e9e de lecture estim\u00e9e":"1 minute"},"schema":{"@context":"https:\/\/schema.org","@graph":[{"@type":"WebPage","@id":"https:\/\/mpi.com.es\/fr\/serveis\/","url":"https:\/\/mpi.com.es\/fr\/serveis\/","name":"services - MPI Mantenimiento Perif\u00e9ricos Inform\u00e1ticos","isPartOf":{"@id":"https:\/\/mpi.com.es\/fr\/#website"},"datePublished":"2018-04-04T07:46:19+00:00","dateModified":"2018-09-30T17:00:55+00:00","breadcrumb":{"@id":"https:\/\/mpi.com.es\/fr\/serveis\/#breadcrumb"},"inLanguage":"fr-FR","potentialAction":[{"@type":"ReadAction","target":["https:\/\/mpi.com.es\/fr\/serveis\/"]}]},{"@type":"BreadcrumbList","@id":"https:\/\/mpi.com.es\/fr\/serveis\/#breadcrumb","itemListElement":[{"@type":"ListItem","position":1,"name":"Portada","item":"https:\/\/mpi.com.es\/fr\/"},{"@type":"ListItem","position":2,"name":"services"}]},{"@type":"WebSite","@id":"https:\/\/mpi.com.es\/fr\/#website","url":"https:\/\/mpi.com.es\/fr\/","name":"MPI Mantenimiento Perif\u00e9ricos Inform\u00e1ticos","description":"Impresoras Industriales, impresi\u00f3n,alto volumen, mantenimiento, mantenimiento impresoras","publisher":{"@id":"https:\/\/mpi.com.es\/fr\/#organization"},"potentialAction":[{"@type":"SearchAction","target":{"@type":"EntryPoint","urlTemplate":"https:\/\/mpi.com.es\/fr\/?s={search_term_string}"},"query-input":{"@type":"PropertyValueSpecification","valueRequired":true,"valueName":"search_term_string"}}],"inLanguage":"fr-FR"},{"@type":"Organization","@id":"https:\/\/mpi.com.es\/fr\/#organization","name":"Mantenimiento Perif\u00e9ricos Inform\u00e1ticos","url":"https:\/\/mpi.com.es\/fr\/","logo":{"@type":"ImageObject","inLanguage":"fr-FR","@id":"https:\/\/mpi.com.es\/fr\/#\/schema\/logo\/image\/","url":"https:\/\/mpi.com.es\/wp-content\/uploads\/2019\/07\/LOGONAMING-TRANSP.png","contentUrl":"https:\/\/mpi.com.es\/wp-content\/uploads\/2019\/07\/LOGONAMING-TRANSP.png","width":1573,"height":431,"caption":"Mantenimiento Perif\u00e9ricos Inform\u00e1ticos"},"image":{"@id":"https:\/\/mpi.com.es\/fr\/#\/schema\/logo\/image\/"},"sameAs":["https:\/\/www.facebook.com\/p\/Mantenimiento-Perifricos-Informticos-100069020438303"]}]}},"_links":{"self":[{"href":"https:\/\/mpi.com.es\/fr\/wp-json\/wp\/v2\/pages\/4783","targetHints":{"allow":["GET"]}}],"collection":[{"href":"https:\/\/mpi.com.es\/fr\/wp-json\/wp\/v2\/pages"}],"about":[{"href":"https:\/\/mpi.com.es\/fr\/wp-json\/wp\/v2\/types\/page"}],"author":[{"embeddable":true,"href":"https:\/\/mpi.com.es\/fr\/wp-json\/wp\/v2\/users\/1"}],"replies":[{"embeddable":true,"href":"https:\/\/mpi.com.es\/fr\/wp-json\/wp\/v2\/comments?post=4783"}],"version-history":[{"count":5,"href":"https:\/\/mpi.com.es\/fr\/wp-json\/wp\/v2\/pages\/4783\/revisions"}],"predecessor-version":[{"id":5503,"href":"https:\/\/mpi.com.es\/fr\/wp-json\/wp\/v2\/pages\/4783\/revisions\/5503"}],"wp:attachment":[{"href":"https:\/\/mpi.com.es\/fr\/wp-json\/wp\/v2\/media?parent=4783"}],"curies":[{"name":"wp","href":"https:\/\/api.w.org\/{rel}","templated":true}]}}