{"id":4673,"date":"2014-03-19T14:24:40","date_gmt":"2014-03-19T14:24:40","guid":{"rendered":"https:\/\/mpi.com.es\/inicio\/"},"modified":"2019-05-25T09:29:05","modified_gmt":"2019-05-25T07:29:05","slug":"mpi-mantenimiento-perifericos-informaticos","status":"publish","type":"page","link":"https:\/\/mpi.com.es\/fr\/","title":{"rendered":"MPI Mantenimiento Perif\u00e9ricos Inform\u00e1ticos"},"content":{"rendered":"<ul class=\"nav nav-tabs hometabs justify-content-center\" id=\"\"><li class=\"active\"><a href=\"#custom-tab-0-ee811864d03fe16f90aa9f737adfb5b4\" data-toggle=\"tab\" >NOUVEAUTES<\/a><\/li><li><a href=\"#custom-tab-0-19eda85a9654265ba2bb26c30c8c5afc\" data-toggle=\"tab\" >LE PLUS VENDU<\/a><\/li><\/ul><div class=\"tab-content\">\n<div id=\"custom-tab-0-ee811864d03fe16f90aa9f737adfb5b4\" class=\"tab-pane active\">\n<div class=\"row arv_product_show_sh\"><div class=\"col-xs-12 col-md-3 \"><div class=\"card \">  <div class=\" cardoverlay\">    <img decoding=\"async\" class=\"card-img-top \" src=\"https:\/\/mpi.com.es\/wp-content\/uploads\/2025\/12\/impresora-matricial-fujitsu-dl4850-plus-completa.jpg\" alt=\"Fujitsu DL4850+\">\t<a href=\"https:\/\/mpi.com.es\/fr\/products\/impresora-matricial-fujitsu-dl4850-plus\/\" class=\"text-white\" >\t<div class=\"mask\">\t\t<p class=\"round\">\t\t\t<i class=\"fa fa-search\"><\/i>\t\t<\/p>\t<\/div>\t<\/a>  <\/div>  <div class=\"card-body\">    <h5 class=\"card-title\">       <a href=\"https:\/\/mpi.com.es\/fr\/products\/impresora-matricial-fujitsu-dl4850-plus\/\" >Fujitsu DL4850+<\/a>\t<\/h5>    <p class=\"card-text\">    Impresoras Matriciales    Papel continuo Zig Zag    Matricial    <\/p>  <\/div><\/div><\/div><div class=\"col-xs-12 col-md-3 \"><div class=\"card \">  <div class=\" cardoverlay\">    <img decoding=\"async\" class=\"card-img-top \" src=\"https:\/\/mpi.com.es\/wp-content\/uploads\/2025\/05\/impresora-industrial-color-a4-printronix-lp844c.jpg\" alt=\"Printronix LP844C\">\t<a href=\"https:\/\/mpi.com.es\/fr\/products\/impresora-industrial-color-a3-printronix-lp844c\/\" class=\"text-white\" >\t<div class=\"mask\">\t\t<p class=\"round\">\t\t\t<i class=\"fa fa-search\"><\/i>\t\t<\/p>\t<\/div>\t<\/a>  <\/div>  <div class=\"card-body\">    <h5 class=\"card-title\">       <a href=\"https:\/\/mpi.com.es\/fr\/products\/impresora-industrial-color-a3-printronix-lp844c\/\" >Printronix LP844C<\/a>\t<\/h5>    <p class=\"card-text\">    impresoras    papel suelto    Color    <\/p>  <\/div><\/div><\/div><div class=\"col-xs-12 col-md-3 \"><div class=\"card \">  <div class=\" cardoverlay\">    <img decoding=\"async\" class=\"card-img-top \" src=\"https:\/\/mpi.com.es\/wp-content\/uploads\/2025\/05\/impresora-industrial-color-a4-printronix-lp654c.jpg\" alt=\"Printronix LP654C\">\t<a href=\"https:\/\/mpi.com.es\/fr\/products\/impresora-industrial-color-a4-printronix-lp654c\/\" class=\"text-white\" >\t<div class=\"mask\">\t\t<p class=\"round\">\t\t\t<i class=\"fa fa-search\"><\/i>\t\t<\/p>\t<\/div>\t<\/a>  <\/div>  <div class=\"card-body\">    <h5 class=\"card-title\">       <a href=\"https:\/\/mpi.com.es\/fr\/products\/impresora-industrial-color-a4-printronix-lp654c\/\" >Printronix LP654C<\/a>\t<\/h5>    <p class=\"card-text\">    impresoras    papel suelto    Color    <\/p>  <\/div><\/div><\/div><div class=\"col-xs-12 col-md-3 \"><div class=\"card \">  <div class=\" cardoverlay\">    <img decoding=\"async\" class=\"card-img-top \" src=\"https:\/\/mpi.com.es\/wp-content\/uploads\/2025\/05\/impresora-sato-wt4-axb-2.jpg\" alt=\"SATO WT4-AXB\">\t<a href=\"https:\/\/mpi.com.es\/fr\/products\/impresora-sato-wt4-axb\/\" class=\"text-white\" >\t<div class=\"mask\">\t\t<p class=\"round\">\t\t\t<i class=\"fa fa-search\"><\/i>\t\t<\/p>\t<\/div>\t<\/a>  <\/div>  <div class=\"card-body\">    <h5 class=\"card-title\">       <a href=\"https:\/\/mpi.com.es\/fr\/products\/impresora-sato-wt4-axb\/\" >SATO WT4-AXB<\/a>\t<\/h5>    <p class=\"card-text\">    impresoras    Papel continuo bobina o zig zag    T\u00e9rmica    <\/p>  <\/div><\/div><\/div><div class=\"col-xs-12 col-md-3 \"><div class=\"card \">  <div class=\" cardoverlay\">    <img decoding=\"async\" class=\"card-img-top \" src=\"https:\/\/mpi.com.es\/wp-content\/uploads\/2025\/05\/IMPRESORA-TERMICA-ZEBRA-ZD421.jpg\" alt=\"ZEBRA ZD421\">\t<a href=\"https:\/\/mpi.com.es\/fr\/products\/impresora-zebra-zd421\/\" class=\"text-white\" >\t<div class=\"mask\">\t\t<p class=\"round\">\t\t\t<i class=\"fa fa-search\"><\/i>\t\t<\/p>\t<\/div>\t<\/a>  <\/div>  <div class=\"card-body\">    <h5 class=\"card-title\">       <a href=\"https:\/\/mpi.com.es\/fr\/products\/impresora-zebra-zd421\/\" >ZEBRA ZD421<\/a>\t<\/h5>    <p class=\"card-text\">    impresoras    Papel continuo bobina o zig zag    T\u00e9rmica    <\/p>  <\/div><\/div><\/div><div class=\"col-xs-12 col-md-3 \"><div class=\"card \">  <div class=\" cardoverlay\">    <img decoding=\"async\" class=\"card-img-top \" src=\"https:\/\/mpi.com.es\/wp-content\/uploads\/2025\/05\/IMPRESORA-ETIQUETAS-TSC-ML241P-PORTADA.jpg\" alt=\"TSC ML241P\">\t<a href=\"https:\/\/mpi.com.es\/fr\/products\/tsc-ml241p\/\" class=\"text-white\" >\t<div class=\"mask\">\t\t<p class=\"round\">\t\t\t<i class=\"fa fa-search\"><\/i>\t\t<\/p>\t<\/div>\t<\/a>  <\/div>  <div class=\"card-body\">    <h5 class=\"card-title\">       <a href=\"https:\/\/mpi.com.es\/fr\/products\/tsc-ml241p\/\" >TSC ML241P<\/a>\t<\/h5>    <p class=\"card-text\">    Impresoras T\u00e9rmicas    Papel continuo bobina o zig zag    T\u00e9rmica    <\/p>  <\/div><\/div><\/div><div class=\"col-xs-12 col-md-3 \"><div class=\"card \">  <div class=\" cardoverlay\">    <img decoding=\"async\" class=\"card-img-top \" src=\"https:\/\/mpi.com.es\/wp-content\/uploads\/2024\/01\/Aplicador-Etiquetas-Toshiba-Aplex-Aplex4-1.jpg\" alt=\"Aplicador de Etiquetas Aplex\">\t<a href=\"https:\/\/mpi.com.es\/fr\/products\/aplicador-de-etiquetas-aplex\/\" class=\"text-white\" >\t<div class=\"mask\">\t\t<p class=\"round\">\t\t\t<i class=\"fa fa-search\"><\/i>\t\t<\/p>\t<\/div>\t<\/a>  <\/div>  <div class=\"card-body\">    <h5 class=\"card-title\">       <a href=\"https:\/\/mpi.com.es\/fr\/products\/aplicador-de-etiquetas-aplex\/\" >Aplicador de Etiquetas Aplex<\/a>\t<\/h5>    <p class=\"card-text\">    Aplicadores de etiquetas    Papel continuo bobina o zig zag    T\u00e9rmica    <\/p>  <\/div><\/div><\/div><div class=\"col-xs-12 col-md-3 \"><div class=\"card \">  <div class=\" cardoverlay\">    <img decoding=\"async\" class=\"card-img-top \" src=\"https:\/\/mpi.com.es\/wp-content\/uploads\/2024\/01\/IMPRESORA-ETIQUETAS-COLOR-TOSHIBA-BC400P-FRONT.jpg\" alt=\"Toshiba BC400P\">\t<a href=\"https:\/\/mpi.com.es\/fr\/products\/toshiba-bc400p\/\" class=\"text-white\" >\t<div class=\"mask\">\t\t<p class=\"round\">\t\t\t<i class=\"fa fa-search\"><\/i>\t\t<\/p>\t<\/div>\t<\/a>  <\/div>  <div class=\"card-body\">    <h5 class=\"card-title\">       <a href=\"https:\/\/mpi.com.es\/fr\/products\/toshiba-bc400p\/\" >Toshiba BC400P<\/a>\t<\/h5>    <p class=\"card-text\">    Impresoras Color    Papel continuo bobina o zig zag    Color    <\/p>  <\/div><\/div><\/div><div class=\"col-xs-12 col-md-3 \"><div class=\"card \">  <div class=\" cardoverlay\">    <img decoding=\"async\" class=\"card-img-top \" src=\"https:\/\/mpi.com.es\/wp-content\/uploads\/2021\/10\/IMPRESORA-PRIMERA-LX3000.jpg\" alt=\"Primera LX3000\">\t<a href=\"https:\/\/mpi.com.es\/fr\/products\/primera-lx3000\/\" class=\"text-white\" >\t<div class=\"mask\">\t\t<p class=\"round\">\t\t\t<i class=\"fa fa-search\"><\/i>\t\t<\/p>\t<\/div>\t<\/a>  <\/div>  <div class=\"card-body\">    <h5 class=\"card-title\">       <a href=\"https:\/\/mpi.com.es\/fr\/products\/primera-lx3000\/\" >Primera LX3000<\/a>\t<\/h5>    <p class=\"card-text\">    Impresoras Color    Papel continuo bobina o zig zag    Color    <\/p>  <\/div><\/div><\/div><div class=\"col-xs-12 col-md-3 \"><div class=\"card \">  <div class=\" cardoverlay\">    <img decoding=\"async\" class=\"card-img-top \" src=\"https:\/\/mpi.com.es\/wp-content\/uploads\/2021\/09\/PRINTRONIX-P8000Plus.jpg\" alt=\"Printronix P8000Plus\">\t<a href=\"https:\/\/mpi.com.es\/fr\/products\/printronix-p8000plus\/\" class=\"text-white\" >\t<div class=\"mask\">\t\t<p class=\"round\">\t\t\t<i class=\"fa fa-search\"><\/i>\t\t<\/p>\t<\/div>\t<\/a>  <\/div>  <div class=\"card-body\">    <h5 class=\"card-title\">       <a href=\"https:\/\/mpi.com.es\/fr\/products\/printronix-p8000plus\/\" >Printronix P8000Plus<\/a>\t<\/h5>    <p class=\"card-text\">    Imprimantes Lignes    Papier continu    Matricielle lignes    <\/p>  <\/div><\/div><\/div><div class=\"col-xs-12 col-md-3 \"><div class=\"card \">  <div class=\" cardoverlay\">    <img decoding=\"async\" class=\"card-img-top \" src=\"https:\/\/mpi.com.es\/wp-content\/uploads\/2016\/10\/PRINTRONIX-T6000-250X280-1.jpg\" alt=\"Printronix T6000e\">\t<a href=\"https:\/\/mpi.com.es\/fr\/products\/t6000e\/\" class=\"text-white\" >\t<div class=\"mask\">\t\t<p class=\"round\">\t\t\t<i class=\"fa fa-search\"><\/i>\t\t<\/p>\t<\/div>\t<\/a>  <\/div>  <div class=\"card-body\">    <h5 class=\"card-title\">       <a href=\"https:\/\/mpi.com.es\/fr\/products\/t6000e\/\" >Printronix T6000e<\/a>\t<\/h5>    <p class=\"card-text\">    Impresoras RFID    Papel continuo bobina o zig zag    T\u00e9rmica    <\/p>  <\/div><\/div><\/div><div class=\"col-xs-12 col-md-3 \"><div class=\"card \">  <div class=\" cardoverlay\">    <img decoding=\"async\" class=\"card-img-top \" src=\"https:\/\/mpi.com.es\/wp-content\/uploads\/2021\/06\/IMPRESORA-TSC-MH240.jpg\" alt=\"Impresora TSC MH240\">\t<a href=\"https:\/\/mpi.com.es\/fr\/products\/tsc-mh240\/\" class=\"text-white\" >\t<div class=\"mask\">\t\t<p class=\"round\">\t\t\t<i class=\"fa fa-search\"><\/i>\t\t<\/p>\t<\/div>\t<\/a>  <\/div>  <div class=\"card-body\">    <h5 class=\"card-title\">       <a href=\"https:\/\/mpi.com.es\/fr\/products\/tsc-mh240\/\" >Impresora TSC MH240<\/a>\t<\/h5>    <p class=\"card-text\">    Impresoras T\u00e9rmicas    Papel continuo bobina o zig zag    T\u00e9rmica    <\/p>  <\/div><\/div><\/div><\/div>\n<\/div>\n<div id=\"custom-tab-0-19eda85a9654265ba2bb26c30c8c5afc\" class=\"tab-pane fade\">\n<div class=\"row arv_product_show_sh\"><div class=\"col-xs-12 col-md-3 \"><div class=\"card \">  <div class=\" cardoverlay\">    <img decoding=\"async\" class=\"card-img-top \" src=\"https:\/\/mpi.com.es\/wp-content\/uploads\/2020\/04\/IMPRESORA-TSC-DA220.png\" alt=\"TSC DA220\">\t<a href=\"https:\/\/mpi.com.es\/fr\/products\/tsc-da220\/\" class=\"text-white\" >\t<div class=\"mask\">\t\t<p class=\"round\">\t\t\t<i class=\"fa fa-search\"><\/i>\t\t<\/p>\t<\/div>\t<\/a>  <\/div>  <div class=\"card-body\">    <h5 class=\"card-title\">       <a href=\"https:\/\/mpi.com.es\/fr\/products\/tsc-da220\/\" >TSC DA220<\/a>\t<\/h5>    <p class=\"card-text\">    Impresoras T\u00e9rmicas    Papel continuo bobina o zig zag    T\u00e9rmica    <\/p>  <\/div><\/div><\/div><div class=\"col-xs-12 col-md-3 \"><div class=\"card \">  <div class=\" cardoverlay\">    <img decoding=\"async\" class=\"card-img-top \" src=\"https:\/\/mpi.com.es\/wp-content\/uploads\/2015\/07\/Solid_F40_640x640px.png\" alt=\"Solid F40\">\t<a href=\"https:\/\/mpi.com.es\/fr\/products\/microplex-solid-f40\/\" class=\"text-white\" >\t<div class=\"mask\">\t\t<p class=\"round\">\t\t\t<i class=\"fa fa-search\"><\/i>\t\t<\/p>\t<\/div>\t<\/a>  <\/div>  <div class=\"card-body\">    <h5 class=\"card-title\">       <a href=\"https:\/\/mpi.com.es\/fr\/products\/microplex-solid-f40\/\" >Solid F40<\/a>\t<\/h5>    <p class=\"card-text\">    Continuous Paper Laser Printers    Bobine de papier ou papier continu    Laser    <\/p>  <\/div><\/div><\/div><div class=\"col-xs-12 col-md-3 \"><div class=\"card \">  <div class=\" cardoverlay\">    <img decoding=\"async\" class=\"card-img-top \" src=\"https:\/\/mpi.com.es\/wp-content\/uploads\/2015\/06\/tally-t2265_dascom-t2280_253x280.png\" alt=\"Tally T2265+ T2280+\">\t<a href=\"https:\/\/mpi.com.es\/fr\/products\/impresora-tally-t2265-t2280\/\" class=\"text-white\" >\t<div class=\"mask\">\t\t<p class=\"round\">\t\t\t<i class=\"fa fa-search\"><\/i>\t\t<\/p>\t<\/div>\t<\/a>  <\/div>  <div class=\"card-body\">    <h5 class=\"card-title\">       <a href=\"https:\/\/mpi.com.es\/fr\/products\/impresora-tally-t2265-t2280\/\" >Tally T2265+ T2280+<\/a>\t<\/h5>    <p class=\"card-text\">    imprimantes    Papier continu    Matricielle Serie    <\/p>  <\/div><\/div><\/div><div class=\"col-xs-12 col-md-3 \"><div class=\"card \">  <div class=\" cardoverlay\">    <img decoding=\"async\" class=\"card-img-top \" src=\"https:\/\/mpi.com.es\/wp-content\/uploads\/2014\/03\/printronix_p8000_253x280-1.png\" alt=\"Printronix P8000\">\t<a href=\"https:\/\/mpi.com.es\/fr\/products\/printronix-p8000\/\" class=\"text-white\" >\t<div class=\"mask\">\t\t<p class=\"round\">\t\t\t<i class=\"fa fa-search\"><\/i>\t\t<\/p>\t<\/div>\t<\/a>  <\/div>  <div class=\"card-body\">    <h5 class=\"card-title\">       <a href=\"https:\/\/mpi.com.es\/fr\/products\/printronix-p8000\/\" >Printronix P8000<\/a>\t<\/h5>    <p class=\"card-text\">    Imprimantes industrielles    Papier continu    Matricielle lignes    <\/p>  <\/div><\/div><\/div><\/div>\n<\/div>\n<\/div>\n<p style=\"text-align: center;\"><a href=\"\/fr\/products\/\" class=\"btn btn-outline-primary btn-lg\">D\u00e9couvrez tous les produits<\/a>\n","protected":false},"excerpt":{"rendered":"","protected":false},"author":2,"featured_media":0,"parent":0,"menu_order":0,"comment_status":"closed","ping_status":"closed","template":"page-full.php","meta":{"_acf_changed":false,"footnotes":""},"class_list":["post-4673","page","type-page","status-publish","hentry"],"acf":[],"yoast_head":"<!-- This site is optimized with the Yoast SEO Premium plugin v26.5 (Yoast SEO v27.5) - https:\/\/yoast.com\/product\/yoast-seo-premium-wordpress\/ -->\n<title>MPI Solutions d&#039;impression Professionnelles - PRINTRINIX - MICROPLEX<\/title>\n<meta name=\"description\" content=\"MPI Solutions d&#039;impression Professionnelles representant des marques Printronix, Tally genicom, Microplex, Sato Specialiste en Impression Thermique Matricielles lignes, Laser papier contunu\" \/>\n<meta name=\"robots\" content=\"index, follow, max-snippet:-1, max-image-preview:large, max-video-preview:-1\" \/>\n<link rel=\"canonical\" href=\"https:\/\/mpi.com.es\/fr\/\" \/>\n<meta property=\"og:locale\" content=\"fr_FR\" \/>\n<meta property=\"og:type\" content=\"article\" \/>\n<meta property=\"og:title\" content=\"MPI Mantenimiento Perif\u00e9ricos Inform\u00e1ticos\" \/>\n<meta property=\"og:description\" content=\"MPI Solutions d&#039;impression Professionnelles representant des marques Printronix, Tally genicom, Microplex, Sato Specialiste en Impression Thermique Matricielles lignes, Laser papier contunu\" \/>\n<meta property=\"og:url\" content=\"https:\/\/mpi.com.es\/fr\/\" \/>\n<meta property=\"og:site_name\" content=\"MPI Mantenimiento Perif\u00e9ricos Inform\u00e1ticos\" \/>\n<meta property=\"article:publisher\" content=\"https:\/\/www.facebook.com\/p\/Mantenimiento-Perifricos-Informticos-100069020438303\" \/>\n<meta property=\"article:modified_time\" content=\"2019-05-25T07:29:05+00:00\" \/>\n<script type=\"application\/ld+json\" class=\"yoast-schema-graph\">{\"@context\":\"https:\\\/\\\/schema.org\",\"@graph\":[{\"@type\":\"WebPage\",\"@id\":\"https:\\\/\\\/mpi.com.es\\\/fr\\\/\",\"url\":\"https:\\\/\\\/mpi.com.es\\\/fr\\\/\",\"name\":\"MPI Solutions d'impression Professionnelles - PRINTRINIX - MICROPLEX\",\"isPartOf\":{\"@id\":\"https:\\\/\\\/mpi.com.es\\\/fr\\\/#website\"},\"datePublished\":\"2014-03-19T14:24:40+00:00\",\"dateModified\":\"2019-05-25T07:29:05+00:00\",\"description\":\"MPI Solutions d'impression Professionnelles representant des marques Printronix, Tally genicom, Microplex, Sato Specialiste en Impression Thermique Matricielles lignes, Laser papier contunu\",\"breadcrumb\":{\"@id\":\"https:\\\/\\\/mpi.com.es\\\/fr\\\/#breadcrumb\"},\"inLanguage\":\"fr-FR\",\"potentialAction\":[{\"@type\":\"ReadAction\",\"target\":[\"https:\\\/\\\/mpi.com.es\\\/fr\\\/\"]}]},{\"@type\":\"BreadcrumbList\",\"@id\":\"https:\\\/\\\/mpi.com.es\\\/fr\\\/#breadcrumb\",\"itemListElement\":[{\"@type\":\"ListItem\",\"position\":1,\"name\":\"Portada\",\"item\":\"https:\\\/\\\/mpi.com.es\\\/fr\\\/\"},{\"@type\":\"ListItem\",\"position\":2,\"name\":\"MPI Mantenimiento Perif\u00e9ricos Inform\u00e1ticos\"}]},{\"@type\":\"WebSite\",\"@id\":\"https:\\\/\\\/mpi.com.es\\\/fr\\\/#website\",\"url\":\"https:\\\/\\\/mpi.com.es\\\/fr\\\/\",\"name\":\"MPI Mantenimiento Perif\u00e9ricos Inform\u00e1ticos\",\"description\":\"Impresoras Industriales, impresi\u00f3n,alto volumen, mantenimiento, mantenimiento impresoras\",\"publisher\":{\"@id\":\"https:\\\/\\\/mpi.com.es\\\/fr\\\/#organization\"},\"potentialAction\":[{\"@type\":\"SearchAction\",\"target\":{\"@type\":\"EntryPoint\",\"urlTemplate\":\"https:\\\/\\\/mpi.com.es\\\/fr\\\/?s={search_term_string}\"},\"query-input\":{\"@type\":\"PropertyValueSpecification\",\"valueRequired\":true,\"valueName\":\"search_term_string\"}}],\"inLanguage\":\"fr-FR\"},{\"@type\":\"Organization\",\"@id\":\"https:\\\/\\\/mpi.com.es\\\/fr\\\/#organization\",\"name\":\"Mantenimiento Perif\u00e9ricos Inform\u00e1ticos\",\"url\":\"https:\\\/\\\/mpi.com.es\\\/fr\\\/\",\"logo\":{\"@type\":\"ImageObject\",\"inLanguage\":\"fr-FR\",\"@id\":\"https:\\\/\\\/mpi.com.es\\\/fr\\\/#\\\/schema\\\/logo\\\/image\\\/\",\"url\":\"https:\\\/\\\/mpi.com.es\\\/wp-content\\\/uploads\\\/2019\\\/07\\\/LOGONAMING-TRANSP.png\",\"contentUrl\":\"https:\\\/\\\/mpi.com.es\\\/wp-content\\\/uploads\\\/2019\\\/07\\\/LOGONAMING-TRANSP.png\",\"width\":1573,\"height\":431,\"caption\":\"Mantenimiento Perif\u00e9ricos Inform\u00e1ticos\"},\"image\":{\"@id\":\"https:\\\/\\\/mpi.com.es\\\/fr\\\/#\\\/schema\\\/logo\\\/image\\\/\"},\"sameAs\":[\"https:\\\/\\\/www.facebook.com\\\/p\\\/Mantenimiento-Perifricos-Informticos-100069020438303\"]}]}<\/script>\n<!-- \/ Yoast SEO Premium plugin. -->","yoast_head_json":{"title":"MPI Solutions d'impression Professionnelles - PRINTRINIX - MICROPLEX","description":"MPI Solutions d'impression Professionnelles representant des marques Printronix, Tally genicom, Microplex, Sato Specialiste en Impression Thermique Matricielles lignes, Laser papier contunu","robots":{"index":"index","follow":"follow","max-snippet":"max-snippet:-1","max-image-preview":"max-image-preview:large","max-video-preview":"max-video-preview:-1"},"canonical":"https:\/\/mpi.com.es\/fr\/","og_locale":"fr_FR","og_type":"article","og_title":"MPI Mantenimiento Perif\u00e9ricos Inform\u00e1ticos","og_description":"MPI Solutions d'impression Professionnelles representant des marques Printronix, Tally genicom, Microplex, Sato Specialiste en Impression Thermique Matricielles lignes, Laser papier contunu","og_url":"https:\/\/mpi.com.es\/fr\/","og_site_name":"MPI Mantenimiento Perif\u00e9ricos Inform\u00e1ticos","article_publisher":"https:\/\/www.facebook.com\/p\/Mantenimiento-Perifricos-Informticos-100069020438303","article_modified_time":"2019-05-25T07:29:05+00:00","schema":{"@context":"https:\/\/schema.org","@graph":[{"@type":"WebPage","@id":"https:\/\/mpi.com.es\/fr\/","url":"https:\/\/mpi.com.es\/fr\/","name":"MPI Solutions d'impression Professionnelles - PRINTRINIX - MICROPLEX","isPartOf":{"@id":"https:\/\/mpi.com.es\/fr\/#website"},"datePublished":"2014-03-19T14:24:40+00:00","dateModified":"2019-05-25T07:29:05+00:00","description":"MPI Solutions d'impression Professionnelles representant des marques Printronix, Tally genicom, Microplex, Sato Specialiste en Impression Thermique Matricielles lignes, Laser papier contunu","breadcrumb":{"@id":"https:\/\/mpi.com.es\/fr\/#breadcrumb"},"inLanguage":"fr-FR","potentialAction":[{"@type":"ReadAction","target":["https:\/\/mpi.com.es\/fr\/"]}]},{"@type":"BreadcrumbList","@id":"https:\/\/mpi.com.es\/fr\/#breadcrumb","itemListElement":[{"@type":"ListItem","position":1,"name":"Portada","item":"https:\/\/mpi.com.es\/fr\/"},{"@type":"ListItem","position":2,"name":"MPI Mantenimiento Perif\u00e9ricos Inform\u00e1ticos"}]},{"@type":"WebSite","@id":"https:\/\/mpi.com.es\/fr\/#website","url":"https:\/\/mpi.com.es\/fr\/","name":"MPI Mantenimiento Perif\u00e9ricos Inform\u00e1ticos","description":"Impresoras Industriales, impresi\u00f3n,alto volumen, mantenimiento, mantenimiento impresoras","publisher":{"@id":"https:\/\/mpi.com.es\/fr\/#organization"},"potentialAction":[{"@type":"SearchAction","target":{"@type":"EntryPoint","urlTemplate":"https:\/\/mpi.com.es\/fr\/?s={search_term_string}"},"query-input":{"@type":"PropertyValueSpecification","valueRequired":true,"valueName":"search_term_string"}}],"inLanguage":"fr-FR"},{"@type":"Organization","@id":"https:\/\/mpi.com.es\/fr\/#organization","name":"Mantenimiento Perif\u00e9ricos Inform\u00e1ticos","url":"https:\/\/mpi.com.es\/fr\/","logo":{"@type":"ImageObject","inLanguage":"fr-FR","@id":"https:\/\/mpi.com.es\/fr\/#\/schema\/logo\/image\/","url":"https:\/\/mpi.com.es\/wp-content\/uploads\/2019\/07\/LOGONAMING-TRANSP.png","contentUrl":"https:\/\/mpi.com.es\/wp-content\/uploads\/2019\/07\/LOGONAMING-TRANSP.png","width":1573,"height":431,"caption":"Mantenimiento Perif\u00e9ricos Inform\u00e1ticos"},"image":{"@id":"https:\/\/mpi.com.es\/fr\/#\/schema\/logo\/image\/"},"sameAs":["https:\/\/www.facebook.com\/p\/Mantenimiento-Perifricos-Informticos-100069020438303"]}]}},"_links":{"self":[{"href":"https:\/\/mpi.com.es\/fr\/wp-json\/wp\/v2\/pages\/4673","targetHints":{"allow":["GET"]}}],"collection":[{"href":"https:\/\/mpi.com.es\/fr\/wp-json\/wp\/v2\/pages"}],"about":[{"href":"https:\/\/mpi.com.es\/fr\/wp-json\/wp\/v2\/types\/page"}],"author":[{"embeddable":true,"href":"https:\/\/mpi.com.es\/fr\/wp-json\/wp\/v2\/users\/2"}],"replies":[{"embeddable":true,"href":"https:\/\/mpi.com.es\/fr\/wp-json\/wp\/v2\/comments?post=4673"}],"version-history":[{"count":16,"href":"https:\/\/mpi.com.es\/fr\/wp-json\/wp\/v2\/pages\/4673\/revisions"}],"predecessor-version":[{"id":12755,"href":"https:\/\/mpi.com.es\/fr\/wp-json\/wp\/v2\/pages\/4673\/revisions\/12755"}],"wp:attachment":[{"href":"https:\/\/mpi.com.es\/fr\/wp-json\/wp\/v2\/media?parent=4673"}],"curies":[{"name":"wp","href":"https:\/\/api.w.org\/{rel}","templated":true}]}}