{"id":8175,"date":"2018-11-24T07:48:25","date_gmt":"2018-11-24T06:48:25","guid":{"rendered":"https:\/\/mpi.com.es\/products\/vipcolor-vp750\/"},"modified":"2019-09-19T09:57:06","modified_gmt":"2019-09-19T07:57:06","slug":"vipcolor-vp750","status":"publish","type":"product","link":"https:\/\/mpi.com.es\/en\/products\/vipcolor-vp750\/","title":{"rendered":"Vipcolor VP750"},"content":{"rendered":"","protected":false},"featured_media":8172,"template":"","meta":{"_acf_changed":false},"brand":[23,765,764],"family":[851,134,142,3,852,838,836],"support":[814,50,815],"technology":[136,795,48,796,797],"feature":[958],"class_list":["post-8175","product","type-product","status-publish","has-post-thumbnail","hentry","brand-vipcolor","brand-vipcolor-fr","brand-vipcolor-en","family-color-label-printers","family-impresoras","family-etiquetas-a-color","family-impresoras-industriales","family-imprimantes-etiquettes-couleur","family-industrial-printers","family-printers","support-bobine-de-papier-ou-papier-continu","support-papel-continuo-bobina","support-roll-paper-fanfold-paper","technology-color","technology-color-en","technology-inkjet","technology-inkjet-fr","technology-inkjet-en","feature-print-wide-8-inches-215-9-mm"],"acf":[],"yoast_head":"<!-- This site is optimized with the Yoast SEO Premium plugin v26.5 (Yoast SEO v27.4) - https:\/\/yoast.com\/product\/yoast-seo-premium-wordpress\/ -->\n<title>VP750 Color Label Printer Water Resistant Ink MPI Distributor &amp; Technical<\/title>\n<meta name=\"description\" content=\"VP750 NEW Vipcolor industrial label printer with water-resistant inks and other solvents up to 18 m \/ min high quality and revolutionary technology\" \/>\n<meta name=\"robots\" content=\"index, follow, max-snippet:-1, max-image-preview:large, max-video-preview:-1\" \/>\n<link rel=\"canonical\" href=\"https:\/\/mpi.com.es\/en\/products\/vipcolor-vp750\/\" \/>\n<meta property=\"og:locale\" content=\"en_US\" \/>\n<meta property=\"og:type\" content=\"article\" \/>\n<meta property=\"og:title\" content=\"Vipcolor VP750\" \/>\n<meta property=\"og:description\" content=\"VP750 NEW Vipcolor industrial label printer with water-resistant inks and other solvents up to 18 m \/ min high quality and revolutionary technology\" \/>\n<meta property=\"og:url\" content=\"https:\/\/mpi.com.es\/en\/products\/vipcolor-vp750\/\" \/>\n<meta property=\"og:site_name\" content=\"MPI Mantenimiento Perif\u00e9ricos Inform\u00e1ticos\" \/>\n<meta property=\"article:publisher\" content=\"https:\/\/www.facebook.com\/p\/Mantenimiento-Perifricos-Informticos-100069020438303\" \/>\n<meta property=\"article:modified_time\" content=\"2019-09-19T07:57:06+00:00\" \/>\n<meta property=\"og:image\" content=\"https:\/\/mpi.com.es\/wp-content\/uploads\/2018\/11\/vipcolor_VP750-1.png\" \/>\n\t<meta property=\"og:image:width\" content=\"257\" \/>\n\t<meta property=\"og:image:height\" content=\"280\" \/>\n\t<meta property=\"og:image:type\" content=\"image\/png\" \/>\n<script type=\"application\/ld+json\" class=\"yoast-schema-graph\">{\"@context\":\"https:\\\/\\\/schema.org\",\"@graph\":[{\"@type\":\"WebPage\",\"@id\":\"https:\\\/\\\/mpi.com.es\\\/en\\\/products\\\/vipcolor-vp750\\\/\",\"url\":\"https:\\\/\\\/mpi.com.es\\\/en\\\/products\\\/vipcolor-vp750\\\/\",\"name\":\"VP750 Color Label Printer Water Resistant Ink MPI Distributor & Technical\",\"isPartOf\":{\"@id\":\"https:\\\/\\\/mpi.com.es\\\/en\\\/#website\"},\"primaryImageOfPage\":{\"@id\":\"https:\\\/\\\/mpi.com.es\\\/en\\\/products\\\/vipcolor-vp750\\\/#primaryimage\"},\"image\":{\"@id\":\"https:\\\/\\\/mpi.com.es\\\/en\\\/products\\\/vipcolor-vp750\\\/#primaryimage\"},\"thumbnailUrl\":\"https:\\\/\\\/mpi.com.es\\\/wp-content\\\/uploads\\\/2018\\\/11\\\/vipcolor_VP750-1.png\",\"datePublished\":\"2018-11-24T06:48:25+00:00\",\"dateModified\":\"2019-09-19T07:57:06+00:00\",\"description\":\"VP750 NEW Vipcolor industrial label printer with water-resistant inks and other solvents up to 18 m \\\/ min high quality and revolutionary technology\",\"breadcrumb\":{\"@id\":\"https:\\\/\\\/mpi.com.es\\\/en\\\/products\\\/vipcolor-vp750\\\/#breadcrumb\"},\"inLanguage\":\"en-US\",\"potentialAction\":[{\"@type\":\"ReadAction\",\"target\":[\"https:\\\/\\\/mpi.com.es\\\/en\\\/products\\\/vipcolor-vp750\\\/\"]}]},{\"@type\":\"ImageObject\",\"inLanguage\":\"en-US\",\"@id\":\"https:\\\/\\\/mpi.com.es\\\/en\\\/products\\\/vipcolor-vp750\\\/#primaryimage\",\"url\":\"https:\\\/\\\/mpi.com.es\\\/wp-content\\\/uploads\\\/2018\\\/11\\\/vipcolor_VP750-1.png\",\"contentUrl\":\"https:\\\/\\\/mpi.com.es\\\/wp-content\\\/uploads\\\/2018\\\/11\\\/vipcolor_VP750-1.png\",\"width\":257,\"height\":280,\"caption\":\"vp750\"},{\"@type\":\"BreadcrumbList\",\"@id\":\"https:\\\/\\\/mpi.com.es\\\/en\\\/products\\\/vipcolor-vp750\\\/#breadcrumb\",\"itemListElement\":[{\"@type\":\"ListItem\",\"position\":1,\"name\":\"Portada\",\"item\":\"https:\\\/\\\/mpi.com.es\\\/en\\\/\"},{\"@type\":\"ListItem\",\"position\":2,\"name\":\"Products\",\"item\":\"https:\\\/\\\/mpi.com.es\\\/en\\\/products\\\/\"},{\"@type\":\"ListItem\",\"position\":3,\"name\":\"Vipcolor VP750\"}]},{\"@type\":\"WebSite\",\"@id\":\"https:\\\/\\\/mpi.com.es\\\/en\\\/#website\",\"url\":\"https:\\\/\\\/mpi.com.es\\\/en\\\/\",\"name\":\"MPI Mantenimiento Perif\u00e9ricos Inform\u00e1ticos\",\"description\":\"Impresoras Industriales, impresi\u00f3n,alto volumen, mantenimiento, mantenimiento impresoras\",\"publisher\":{\"@id\":\"https:\\\/\\\/mpi.com.es\\\/en\\\/#organization\"},\"potentialAction\":[{\"@type\":\"SearchAction\",\"target\":{\"@type\":\"EntryPoint\",\"urlTemplate\":\"https:\\\/\\\/mpi.com.es\\\/en\\\/?s={search_term_string}\"},\"query-input\":{\"@type\":\"PropertyValueSpecification\",\"valueRequired\":true,\"valueName\":\"search_term_string\"}}],\"inLanguage\":\"en-US\"},{\"@type\":\"Organization\",\"@id\":\"https:\\\/\\\/mpi.com.es\\\/en\\\/#organization\",\"name\":\"Mantenimiento Perif\u00e9ricos Inform\u00e1ticos\",\"url\":\"https:\\\/\\\/mpi.com.es\\\/en\\\/\",\"logo\":{\"@type\":\"ImageObject\",\"inLanguage\":\"en-US\",\"@id\":\"https:\\\/\\\/mpi.com.es\\\/en\\\/#\\\/schema\\\/logo\\\/image\\\/\",\"url\":\"https:\\\/\\\/mpi.com.es\\\/wp-content\\\/uploads\\\/2019\\\/07\\\/LOGONAMING-TRANSP.png\",\"contentUrl\":\"https:\\\/\\\/mpi.com.es\\\/wp-content\\\/uploads\\\/2019\\\/07\\\/LOGONAMING-TRANSP.png\",\"width\":1573,\"height\":431,\"caption\":\"Mantenimiento Perif\u00e9ricos Inform\u00e1ticos\"},\"image\":{\"@id\":\"https:\\\/\\\/mpi.com.es\\\/en\\\/#\\\/schema\\\/logo\\\/image\\\/\"},\"sameAs\":[\"https:\\\/\\\/www.facebook.com\\\/p\\\/Mantenimiento-Perifricos-Informticos-100069020438303\"]}]}<\/script>\n<!-- \/ Yoast SEO Premium plugin. -->","yoast_head_json":{"title":"VP750 Color Label Printer Water Resistant Ink MPI Distributor & Technical","description":"VP750 NEW Vipcolor industrial label printer with water-resistant inks and other solvents up to 18 m \/ min high quality and revolutionary technology","robots":{"index":"index","follow":"follow","max-snippet":"max-snippet:-1","max-image-preview":"max-image-preview:large","max-video-preview":"max-video-preview:-1"},"canonical":"https:\/\/mpi.com.es\/en\/products\/vipcolor-vp750\/","og_locale":"en_US","og_type":"article","og_title":"Vipcolor VP750","og_description":"VP750 NEW Vipcolor industrial label printer with water-resistant inks and other solvents up to 18 m \/ min high quality and revolutionary technology","og_url":"https:\/\/mpi.com.es\/en\/products\/vipcolor-vp750\/","og_site_name":"MPI Mantenimiento Perif\u00e9ricos Inform\u00e1ticos","article_publisher":"https:\/\/www.facebook.com\/p\/Mantenimiento-Perifricos-Informticos-100069020438303","article_modified_time":"2019-09-19T07:57:06+00:00","og_image":[{"width":257,"height":280,"url":"https:\/\/mpi.com.es\/wp-content\/uploads\/2018\/11\/vipcolor_VP750-1.png","type":"image\/png"}],"schema":{"@context":"https:\/\/schema.org","@graph":[{"@type":"WebPage","@id":"https:\/\/mpi.com.es\/en\/products\/vipcolor-vp750\/","url":"https:\/\/mpi.com.es\/en\/products\/vipcolor-vp750\/","name":"VP750 Color Label Printer Water Resistant Ink MPI Distributor & Technical","isPartOf":{"@id":"https:\/\/mpi.com.es\/en\/#website"},"primaryImageOfPage":{"@id":"https:\/\/mpi.com.es\/en\/products\/vipcolor-vp750\/#primaryimage"},"image":{"@id":"https:\/\/mpi.com.es\/en\/products\/vipcolor-vp750\/#primaryimage"},"thumbnailUrl":"https:\/\/mpi.com.es\/wp-content\/uploads\/2018\/11\/vipcolor_VP750-1.png","datePublished":"2018-11-24T06:48:25+00:00","dateModified":"2019-09-19T07:57:06+00:00","description":"VP750 NEW Vipcolor industrial label printer with water-resistant inks and other solvents up to 18 m \/ min high quality and revolutionary technology","breadcrumb":{"@id":"https:\/\/mpi.com.es\/en\/products\/vipcolor-vp750\/#breadcrumb"},"inLanguage":"en-US","potentialAction":[{"@type":"ReadAction","target":["https:\/\/mpi.com.es\/en\/products\/vipcolor-vp750\/"]}]},{"@type":"ImageObject","inLanguage":"en-US","@id":"https:\/\/mpi.com.es\/en\/products\/vipcolor-vp750\/#primaryimage","url":"https:\/\/mpi.com.es\/wp-content\/uploads\/2018\/11\/vipcolor_VP750-1.png","contentUrl":"https:\/\/mpi.com.es\/wp-content\/uploads\/2018\/11\/vipcolor_VP750-1.png","width":257,"height":280,"caption":"vp750"},{"@type":"BreadcrumbList","@id":"https:\/\/mpi.com.es\/en\/products\/vipcolor-vp750\/#breadcrumb","itemListElement":[{"@type":"ListItem","position":1,"name":"Portada","item":"https:\/\/mpi.com.es\/en\/"},{"@type":"ListItem","position":2,"name":"Products","item":"https:\/\/mpi.com.es\/en\/products\/"},{"@type":"ListItem","position":3,"name":"Vipcolor VP750"}]},{"@type":"WebSite","@id":"https:\/\/mpi.com.es\/en\/#website","url":"https:\/\/mpi.com.es\/en\/","name":"MPI Mantenimiento Perif\u00e9ricos Inform\u00e1ticos","description":"Impresoras Industriales, impresi\u00f3n,alto volumen, mantenimiento, mantenimiento impresoras","publisher":{"@id":"https:\/\/mpi.com.es\/en\/#organization"},"potentialAction":[{"@type":"SearchAction","target":{"@type":"EntryPoint","urlTemplate":"https:\/\/mpi.com.es\/en\/?s={search_term_string}"},"query-input":{"@type":"PropertyValueSpecification","valueRequired":true,"valueName":"search_term_string"}}],"inLanguage":"en-US"},{"@type":"Organization","@id":"https:\/\/mpi.com.es\/en\/#organization","name":"Mantenimiento Perif\u00e9ricos Inform\u00e1ticos","url":"https:\/\/mpi.com.es\/en\/","logo":{"@type":"ImageObject","inLanguage":"en-US","@id":"https:\/\/mpi.com.es\/en\/#\/schema\/logo\/image\/","url":"https:\/\/mpi.com.es\/wp-content\/uploads\/2019\/07\/LOGONAMING-TRANSP.png","contentUrl":"https:\/\/mpi.com.es\/wp-content\/uploads\/2019\/07\/LOGONAMING-TRANSP.png","width":1573,"height":431,"caption":"Mantenimiento Perif\u00e9ricos Inform\u00e1ticos"},"image":{"@id":"https:\/\/mpi.com.es\/en\/#\/schema\/logo\/image\/"},"sameAs":["https:\/\/www.facebook.com\/p\/Mantenimiento-Perifricos-Informticos-100069020438303"]}]}},"_links":{"self":[{"href":"https:\/\/mpi.com.es\/en\/wp-json\/wp\/v2\/product\/8175","targetHints":{"allow":["GET"]}}],"collection":[{"href":"https:\/\/mpi.com.es\/en\/wp-json\/wp\/v2\/product"}],"about":[{"href":"https:\/\/mpi.com.es\/en\/wp-json\/wp\/v2\/types\/product"}],"wp:featuredmedia":[{"embeddable":true,"href":"https:\/\/mpi.com.es\/en\/wp-json\/wp\/v2\/media\/8172"}],"wp:attachment":[{"href":"https:\/\/mpi.com.es\/en\/wp-json\/wp\/v2\/media?parent=8175"}],"wp:term":[{"taxonomy":"brand","embeddable":true,"href":"https:\/\/mpi.com.es\/en\/wp-json\/wp\/v2\/brand?post=8175"},{"taxonomy":"family","embeddable":true,"href":"https:\/\/mpi.com.es\/en\/wp-json\/wp\/v2\/family?post=8175"},{"taxonomy":"support","embeddable":true,"href":"https:\/\/mpi.com.es\/en\/wp-json\/wp\/v2\/support?post=8175"},{"taxonomy":"technology","embeddable":true,"href":"https:\/\/mpi.com.es\/en\/wp-json\/wp\/v2\/technology?post=8175"},{"taxonomy":"feature","embeddable":true,"href":"https:\/\/mpi.com.es\/en\/wp-json\/wp\/v2\/feature?post=8175"}],"curies":[{"name":"wp","href":"https:\/\/api.w.org\/{rel}","templated":true}]}}