{"id":5221,"date":"2014-03-20T17:44:25","date_gmt":"2014-03-20T16:44:25","guid":{"rendered":"https:\/\/mpi.com.es\/products\/pm8500-power-scan\/"},"modified":"2014-03-20T17:44:25","modified_gmt":"2014-03-20T16:44:25","slug":"pm8500-power-scan","status":"publish","type":"product","link":"https:\/\/mpi.com.es\/en\/products\/pm8500-power-scan\/","title":{"rendered":"PM8500"},"content":{"rendered":"","protected":false},"featured_media":3352,"template":"","meta":{"_acf_changed":false},"brand":[710],"family":[826],"support":[],"technology":[803,801],"feature":[],"class_list":["post-5221","product","type-product","status-publish","has-post-thumbnail","hentry","brand-datalogic-en","family-bar-code-readers","technology-1d-barcode-reader","technology-2d-barcode-reader"],"acf":[],"yoast_head":"<!-- This site is optimized with the Yoast SEO Premium plugin v26.5 (Yoast SEO v27.3) - https:\/\/yoast.com\/product\/yoast-seo-premium-wordpress\/ -->\n<title>PM8500 - MPI Mantenimiento Perif\u00e9ricos Inform\u00e1ticos<\/title>\n<meta name=\"description\" content=\"El lector Power Scan PM8500 de Datalogic con lectura 1D y 2D y 3 \u00f3pticas disponibles Alcance Est\u00e1ndar, Alta Densidad y Gran Angular, display opcional\" \/>\n<meta name=\"robots\" content=\"index, follow, max-snippet:-1, max-image-preview:large, max-video-preview:-1\" \/>\n<link rel=\"canonical\" href=\"https:\/\/mpi.com.es\/en\/products\/pm8500-power-scan\/\" \/>\n<meta property=\"og:locale\" content=\"en_US\" \/>\n<meta property=\"og:type\" content=\"article\" \/>\n<meta property=\"og:title\" content=\"PM8500\" \/>\n<meta property=\"og:description\" content=\"El lector Power Scan PM8500 de Datalogic con lectura 1D y 2D y 3 \u00f3pticas disponibles Alcance Est\u00e1ndar, Alta Densidad y Gran Angular, display opcional\" \/>\n<meta property=\"og:url\" content=\"https:\/\/mpi.com.es\/en\/products\/pm8500-power-scan\/\" \/>\n<meta property=\"og:site_name\" content=\"MPI Mantenimiento Perif\u00e9ricos Inform\u00e1ticos\" \/>\n<meta property=\"article:publisher\" content=\"https:\/\/www.facebook.com\/p\/Mantenimiento-Perifricos-Informticos-100069020438303\" \/>\n<meta property=\"og:image\" content=\"https:\/\/mpi.com.es\/wp-content\/uploads\/2014\/03\/PM8500.jpg\" \/>\n\t<meta property=\"og:image:width\" content=\"184\" \/>\n\t<meta property=\"og:image:height\" content=\"273\" \/>\n\t<meta property=\"og:image:type\" content=\"image\/jpeg\" \/>\n<script type=\"application\/ld+json\" class=\"yoast-schema-graph\">{\"@context\":\"https:\\\/\\\/schema.org\",\"@graph\":[{\"@type\":\"WebPage\",\"@id\":\"https:\\\/\\\/mpi.com.es\\\/en\\\/products\\\/pm8500-power-scan\\\/\",\"url\":\"https:\\\/\\\/mpi.com.es\\\/en\\\/products\\\/pm8500-power-scan\\\/\",\"name\":\"PM8500 - MPI Mantenimiento Perif\u00e9ricos Inform\u00e1ticos\",\"isPartOf\":{\"@id\":\"https:\\\/\\\/mpi.com.es\\\/en\\\/#website\"},\"primaryImageOfPage\":{\"@id\":\"https:\\\/\\\/mpi.com.es\\\/en\\\/products\\\/pm8500-power-scan\\\/#primaryimage\"},\"image\":{\"@id\":\"https:\\\/\\\/mpi.com.es\\\/en\\\/products\\\/pm8500-power-scan\\\/#primaryimage\"},\"thumbnailUrl\":\"https:\\\/\\\/mpi.com.es\\\/wp-content\\\/uploads\\\/2014\\\/03\\\/PM8500.jpg\",\"datePublished\":\"2014-03-20T16:44:25+00:00\",\"description\":\"El lector Power Scan PM8500 de Datalogic con lectura 1D y 2D y 3 \u00f3pticas disponibles Alcance Est\u00e1ndar, Alta Densidad y Gran Angular, display opcional\",\"breadcrumb\":{\"@id\":\"https:\\\/\\\/mpi.com.es\\\/en\\\/products\\\/pm8500-power-scan\\\/#breadcrumb\"},\"inLanguage\":\"en-US\",\"potentialAction\":[{\"@type\":\"ReadAction\",\"target\":[\"https:\\\/\\\/mpi.com.es\\\/en\\\/products\\\/pm8500-power-scan\\\/\"]}]},{\"@type\":\"ImageObject\",\"inLanguage\":\"en-US\",\"@id\":\"https:\\\/\\\/mpi.com.es\\\/en\\\/products\\\/pm8500-power-scan\\\/#primaryimage\",\"url\":\"https:\\\/\\\/mpi.com.es\\\/wp-content\\\/uploads\\\/2014\\\/03\\\/PM8500.jpg\",\"contentUrl\":\"https:\\\/\\\/mpi.com.es\\\/wp-content\\\/uploads\\\/2014\\\/03\\\/PM8500.jpg\",\"width\":184,\"height\":273},{\"@type\":\"BreadcrumbList\",\"@id\":\"https:\\\/\\\/mpi.com.es\\\/en\\\/products\\\/pm8500-power-scan\\\/#breadcrumb\",\"itemListElement\":[{\"@type\":\"ListItem\",\"position\":1,\"name\":\"Portada\",\"item\":\"https:\\\/\\\/mpi.com.es\\\/en\\\/\"},{\"@type\":\"ListItem\",\"position\":2,\"name\":\"Products\",\"item\":\"https:\\\/\\\/mpi.com.es\\\/en\\\/products\\\/\"},{\"@type\":\"ListItem\",\"position\":3,\"name\":\"PM8500\"}]},{\"@type\":\"WebSite\",\"@id\":\"https:\\\/\\\/mpi.com.es\\\/en\\\/#website\",\"url\":\"https:\\\/\\\/mpi.com.es\\\/en\\\/\",\"name\":\"MPI Mantenimiento Perif\u00e9ricos Inform\u00e1ticos\",\"description\":\"Impresoras Industriales, impresi\u00f3n,alto volumen, mantenimiento, mantenimiento impresoras\",\"publisher\":{\"@id\":\"https:\\\/\\\/mpi.com.es\\\/en\\\/#organization\"},\"potentialAction\":[{\"@type\":\"SearchAction\",\"target\":{\"@type\":\"EntryPoint\",\"urlTemplate\":\"https:\\\/\\\/mpi.com.es\\\/en\\\/?s={search_term_string}\"},\"query-input\":{\"@type\":\"PropertyValueSpecification\",\"valueRequired\":true,\"valueName\":\"search_term_string\"}}],\"inLanguage\":\"en-US\"},{\"@type\":\"Organization\",\"@id\":\"https:\\\/\\\/mpi.com.es\\\/en\\\/#organization\",\"name\":\"Mantenimiento Perif\u00e9ricos Inform\u00e1ticos\",\"url\":\"https:\\\/\\\/mpi.com.es\\\/en\\\/\",\"logo\":{\"@type\":\"ImageObject\",\"inLanguage\":\"en-US\",\"@id\":\"https:\\\/\\\/mpi.com.es\\\/en\\\/#\\\/schema\\\/logo\\\/image\\\/\",\"url\":\"https:\\\/\\\/mpi.com.es\\\/wp-content\\\/uploads\\\/2019\\\/07\\\/LOGONAMING-TRANSP.png\",\"contentUrl\":\"https:\\\/\\\/mpi.com.es\\\/wp-content\\\/uploads\\\/2019\\\/07\\\/LOGONAMING-TRANSP.png\",\"width\":1573,\"height\":431,\"caption\":\"Mantenimiento Perif\u00e9ricos Inform\u00e1ticos\"},\"image\":{\"@id\":\"https:\\\/\\\/mpi.com.es\\\/en\\\/#\\\/schema\\\/logo\\\/image\\\/\"},\"sameAs\":[\"https:\\\/\\\/www.facebook.com\\\/p\\\/Mantenimiento-Perifricos-Informticos-100069020438303\"]}]}<\/script>\n<!-- \/ Yoast SEO Premium plugin. -->","yoast_head_json":{"title":"PM8500 - MPI Mantenimiento Perif\u00e9ricos Inform\u00e1ticos","description":"El lector Power Scan PM8500 de Datalogic con lectura 1D y 2D y 3 \u00f3pticas disponibles Alcance Est\u00e1ndar, Alta Densidad y Gran Angular, display opcional","robots":{"index":"index","follow":"follow","max-snippet":"max-snippet:-1","max-image-preview":"max-image-preview:large","max-video-preview":"max-video-preview:-1"},"canonical":"https:\/\/mpi.com.es\/en\/products\/pm8500-power-scan\/","og_locale":"en_US","og_type":"article","og_title":"PM8500","og_description":"El lector Power Scan PM8500 de Datalogic con lectura 1D y 2D y 3 \u00f3pticas disponibles Alcance Est\u00e1ndar, Alta Densidad y Gran Angular, display opcional","og_url":"https:\/\/mpi.com.es\/en\/products\/pm8500-power-scan\/","og_site_name":"MPI Mantenimiento Perif\u00e9ricos Inform\u00e1ticos","article_publisher":"https:\/\/www.facebook.com\/p\/Mantenimiento-Perifricos-Informticos-100069020438303","og_image":[{"width":184,"height":273,"url":"https:\/\/mpi.com.es\/wp-content\/uploads\/2014\/03\/PM8500.jpg","type":"image\/jpeg"}],"schema":{"@context":"https:\/\/schema.org","@graph":[{"@type":"WebPage","@id":"https:\/\/mpi.com.es\/en\/products\/pm8500-power-scan\/","url":"https:\/\/mpi.com.es\/en\/products\/pm8500-power-scan\/","name":"PM8500 - MPI Mantenimiento Perif\u00e9ricos Inform\u00e1ticos","isPartOf":{"@id":"https:\/\/mpi.com.es\/en\/#website"},"primaryImageOfPage":{"@id":"https:\/\/mpi.com.es\/en\/products\/pm8500-power-scan\/#primaryimage"},"image":{"@id":"https:\/\/mpi.com.es\/en\/products\/pm8500-power-scan\/#primaryimage"},"thumbnailUrl":"https:\/\/mpi.com.es\/wp-content\/uploads\/2014\/03\/PM8500.jpg","datePublished":"2014-03-20T16:44:25+00:00","description":"El lector Power Scan PM8500 de Datalogic con lectura 1D y 2D y 3 \u00f3pticas disponibles Alcance Est\u00e1ndar, Alta Densidad y Gran Angular, display opcional","breadcrumb":{"@id":"https:\/\/mpi.com.es\/en\/products\/pm8500-power-scan\/#breadcrumb"},"inLanguage":"en-US","potentialAction":[{"@type":"ReadAction","target":["https:\/\/mpi.com.es\/en\/products\/pm8500-power-scan\/"]}]},{"@type":"ImageObject","inLanguage":"en-US","@id":"https:\/\/mpi.com.es\/en\/products\/pm8500-power-scan\/#primaryimage","url":"https:\/\/mpi.com.es\/wp-content\/uploads\/2014\/03\/PM8500.jpg","contentUrl":"https:\/\/mpi.com.es\/wp-content\/uploads\/2014\/03\/PM8500.jpg","width":184,"height":273},{"@type":"BreadcrumbList","@id":"https:\/\/mpi.com.es\/en\/products\/pm8500-power-scan\/#breadcrumb","itemListElement":[{"@type":"ListItem","position":1,"name":"Portada","item":"https:\/\/mpi.com.es\/en\/"},{"@type":"ListItem","position":2,"name":"Products","item":"https:\/\/mpi.com.es\/en\/products\/"},{"@type":"ListItem","position":3,"name":"PM8500"}]},{"@type":"WebSite","@id":"https:\/\/mpi.com.es\/en\/#website","url":"https:\/\/mpi.com.es\/en\/","name":"MPI Mantenimiento Perif\u00e9ricos Inform\u00e1ticos","description":"Impresoras Industriales, impresi\u00f3n,alto volumen, mantenimiento, mantenimiento impresoras","publisher":{"@id":"https:\/\/mpi.com.es\/en\/#organization"},"potentialAction":[{"@type":"SearchAction","target":{"@type":"EntryPoint","urlTemplate":"https:\/\/mpi.com.es\/en\/?s={search_term_string}"},"query-input":{"@type":"PropertyValueSpecification","valueRequired":true,"valueName":"search_term_string"}}],"inLanguage":"en-US"},{"@type":"Organization","@id":"https:\/\/mpi.com.es\/en\/#organization","name":"Mantenimiento Perif\u00e9ricos Inform\u00e1ticos","url":"https:\/\/mpi.com.es\/en\/","logo":{"@type":"ImageObject","inLanguage":"en-US","@id":"https:\/\/mpi.com.es\/en\/#\/schema\/logo\/image\/","url":"https:\/\/mpi.com.es\/wp-content\/uploads\/2019\/07\/LOGONAMING-TRANSP.png","contentUrl":"https:\/\/mpi.com.es\/wp-content\/uploads\/2019\/07\/LOGONAMING-TRANSP.png","width":1573,"height":431,"caption":"Mantenimiento Perif\u00e9ricos Inform\u00e1ticos"},"image":{"@id":"https:\/\/mpi.com.es\/en\/#\/schema\/logo\/image\/"},"sameAs":["https:\/\/www.facebook.com\/p\/Mantenimiento-Perifricos-Informticos-100069020438303"]}]}},"_links":{"self":[{"href":"https:\/\/mpi.com.es\/en\/wp-json\/wp\/v2\/product\/5221","targetHints":{"allow":["GET"]}}],"collection":[{"href":"https:\/\/mpi.com.es\/en\/wp-json\/wp\/v2\/product"}],"about":[{"href":"https:\/\/mpi.com.es\/en\/wp-json\/wp\/v2\/types\/product"}],"wp:featuredmedia":[{"embeddable":true,"href":"https:\/\/mpi.com.es\/en\/wp-json\/wp\/v2\/media\/3352"}],"wp:attachment":[{"href":"https:\/\/mpi.com.es\/en\/wp-json\/wp\/v2\/media?parent=5221"}],"wp:term":[{"taxonomy":"brand","embeddable":true,"href":"https:\/\/mpi.com.es\/en\/wp-json\/wp\/v2\/brand?post=5221"},{"taxonomy":"family","embeddable":true,"href":"https:\/\/mpi.com.es\/en\/wp-json\/wp\/v2\/family?post=5221"},{"taxonomy":"support","embeddable":true,"href":"https:\/\/mpi.com.es\/en\/wp-json\/wp\/v2\/support?post=5221"},{"taxonomy":"technology","embeddable":true,"href":"https:\/\/mpi.com.es\/en\/wp-json\/wp\/v2\/technology?post=5221"},{"taxonomy":"feature","embeddable":true,"href":"https:\/\/mpi.com.es\/en\/wp-json\/wp\/v2\/feature?post=5221"}],"curies":[{"name":"wp","href":"https:\/\/api.w.org\/{rel}","templated":true}]}}