{"id":5179,"date":"2014-03-20T18:05:55","date_gmt":"2014-03-20T17:05:55","guid":{"rendered":"https:\/\/mpi.com.es\/products\/compuprint-4247-l03\/"},"modified":"2019-12-06T08:48:27","modified_gmt":"2019-12-06T07:48:27","slug":"compuprint-4247-l03","status":"publish","type":"product","link":"https:\/\/mpi.com.es\/en\/products\/compuprint-4247-l03\/","title":{"rendered":"Compuprint 4247-L03"},"content":{"rendered":"","protected":false},"featured_media":11156,"template":"","meta":{"_acf_changed":false},"brand":[709],"family":[838,843],"support":[815],"technology":[807],"feature":[914],"class_list":["post-5179","product","type-product","status-publish","has-post-thumbnail","hentry","brand-compuprint-en","family-industrial-printers","family-matrix-printers","support-roll-paper-fanfold-paper","technology-serial-matrix","feature-print-wide-136-columns-245-mm"],"acf":[],"yoast_head":"<!-- This site is optimized with the Yoast SEO Premium plugin v27.5 (Yoast SEO v27.5) - https:\/\/yoast.com\/product\/yoast-seo-premium-wordpress\/ -->\n<title>Compuprint 4247-L03 - MPI Mantenimiento Perif\u00e9ricos Inform\u00e1ticos<\/title>\n<meta name=\"description\" content=\"Compuprint 4247-L03 Serial Matrix Printer 24-pin printhead speed up to 720 cps, an economical alternative for exceptionally reliable and flexible supply chain production, 100% compatible IPDS emulation with IBM perfect replacement for the Epson DFX9000 DFX8000 IBM 4247\" \/>\n<meta name=\"robots\" content=\"index, follow, max-snippet:-1, max-image-preview:large, max-video-preview:-1\" \/>\n<link rel=\"canonical\" href=\"https:\/\/mpi.com.es\/en\/products\/compuprint-4247-l03\/\" \/>\n<meta property=\"og:locale\" content=\"en_US\" \/>\n<meta property=\"og:type\" content=\"article\" \/>\n<meta property=\"og:title\" content=\"Compuprint 4247-L03\" \/>\n<meta property=\"og:description\" content=\"Compuprint 4247-L03 Serial Matrix Printer 24-pin printhead speed up to 720 cps, an economical alternative for exceptionally reliable and flexible supply chain production, 100% compatible IPDS emulation with IBM perfect replacement for the Epson DFX9000 DFX8000 IBM 4247\" \/>\n<meta property=\"og:url\" content=\"https:\/\/mpi.com.es\/en\/products\/compuprint-4247-l03\/\" \/>\n<meta property=\"og:site_name\" content=\"MPI Mantenimiento Perif\u00e9ricos Inform\u00e1ticos\" \/>\n<meta property=\"article:publisher\" content=\"https:\/\/www.facebook.com\/p\/Mantenimiento-Perifricos-Informticos-100069020438303\" \/>\n<meta property=\"article:modified_time\" content=\"2019-12-06T07:48:27+00:00\" \/>\n<meta property=\"og:image\" content=\"https:\/\/mpi.com.es\/wp-content\/uploads\/2014\/03\/Compuprint-4247-L03-Serial-Dot-Matrix-253.jpg\" \/>\n\t<meta property=\"og:image:width\" content=\"248\" \/>\n\t<meta property=\"og:image:height\" content=\"280\" \/>\n\t<meta property=\"og:image:type\" content=\"image\/jpeg\" \/>\n<script type=\"application\/ld+json\" class=\"yoast-schema-graph\">{\"@context\":\"https:\\\/\\\/schema.org\",\"@graph\":[{\"@type\":\"WebPage\",\"@id\":\"https:\\\/\\\/mpi.com.es\\\/en\\\/products\\\/compuprint-4247-l03\\\/\",\"url\":\"https:\\\/\\\/mpi.com.es\\\/en\\\/products\\\/compuprint-4247-l03\\\/\",\"name\":\"Compuprint 4247-L03 - MPI Mantenimiento Perif\u00e9ricos Inform\u00e1ticos\",\"isPartOf\":{\"@id\":\"https:\\\/\\\/mpi.com.es\\\/en\\\/#website\"},\"primaryImageOfPage\":{\"@id\":\"https:\\\/\\\/mpi.com.es\\\/en\\\/products\\\/compuprint-4247-l03\\\/#primaryimage\"},\"image\":{\"@id\":\"https:\\\/\\\/mpi.com.es\\\/en\\\/products\\\/compuprint-4247-l03\\\/#primaryimage\"},\"thumbnailUrl\":\"https:\\\/\\\/mpi.com.es\\\/wp-content\\\/uploads\\\/2014\\\/03\\\/Compuprint-4247-L03-Serial-Dot-Matrix-253.jpg\",\"datePublished\":\"2014-03-20T17:05:55+00:00\",\"dateModified\":\"2019-12-06T07:48:27+00:00\",\"description\":\"Compuprint 4247-L03 Serial Matrix Printer 24-pin printhead speed up to 720 cps, an economical alternative for exceptionally reliable and flexible supply chain production, 100% compatible IPDS emulation with IBM perfect replacement for the Epson DFX9000 DFX8000 IBM 4247\",\"breadcrumb\":{\"@id\":\"https:\\\/\\\/mpi.com.es\\\/en\\\/products\\\/compuprint-4247-l03\\\/#breadcrumb\"},\"inLanguage\":\"en-US\",\"potentialAction\":[{\"@type\":\"ReadAction\",\"target\":[\"https:\\\/\\\/mpi.com.es\\\/en\\\/products\\\/compuprint-4247-l03\\\/\"]}]},{\"@type\":\"ImageObject\",\"inLanguage\":\"en-US\",\"@id\":\"https:\\\/\\\/mpi.com.es\\\/en\\\/products\\\/compuprint-4247-l03\\\/#primaryimage\",\"url\":\"https:\\\/\\\/mpi.com.es\\\/wp-content\\\/uploads\\\/2014\\\/03\\\/Compuprint-4247-L03-Serial-Dot-Matrix-253.jpg\",\"contentUrl\":\"https:\\\/\\\/mpi.com.es\\\/wp-content\\\/uploads\\\/2014\\\/03\\\/Compuprint-4247-L03-Serial-Dot-Matrix-253.jpg\",\"width\":248,\"height\":280,\"caption\":\"Compuprint-4247-L03\"},{\"@type\":\"BreadcrumbList\",\"@id\":\"https:\\\/\\\/mpi.com.es\\\/en\\\/products\\\/compuprint-4247-l03\\\/#breadcrumb\",\"itemListElement\":[{\"@type\":\"ListItem\",\"position\":1,\"name\":\"Portada\",\"item\":\"https:\\\/\\\/mpi.com.es\\\/en\\\/\"},{\"@type\":\"ListItem\",\"position\":2,\"name\":\"Products\",\"item\":\"https:\\\/\\\/mpi.com.es\\\/en\\\/products\\\/\"},{\"@type\":\"ListItem\",\"position\":3,\"name\":\"Compuprint 4247-L03\"}]},{\"@type\":\"WebSite\",\"@id\":\"https:\\\/\\\/mpi.com.es\\\/en\\\/#website\",\"url\":\"https:\\\/\\\/mpi.com.es\\\/en\\\/\",\"name\":\"MPI Mantenimiento Perif\u00e9ricos Inform\u00e1ticos\",\"description\":\"Impresoras Industriales, impresi\u00f3n,alto volumen, mantenimiento, mantenimiento impresoras\",\"publisher\":{\"@id\":\"https:\\\/\\\/mpi.com.es\\\/en\\\/#organization\"},\"potentialAction\":[{\"@type\":\"SearchAction\",\"target\":{\"@type\":\"EntryPoint\",\"urlTemplate\":\"https:\\\/\\\/mpi.com.es\\\/en\\\/?s={search_term_string}\"},\"query-input\":{\"@type\":\"PropertyValueSpecification\",\"valueRequired\":true,\"valueName\":\"search_term_string\"}}],\"inLanguage\":\"en-US\"},{\"@type\":\"Organization\",\"@id\":\"https:\\\/\\\/mpi.com.es\\\/en\\\/#organization\",\"name\":\"Mantenimiento Perif\u00e9ricos Inform\u00e1ticos\",\"url\":\"https:\\\/\\\/mpi.com.es\\\/en\\\/\",\"logo\":{\"@type\":\"ImageObject\",\"inLanguage\":\"en-US\",\"@id\":\"https:\\\/\\\/mpi.com.es\\\/en\\\/#\\\/schema\\\/logo\\\/image\\\/\",\"url\":\"https:\\\/\\\/mpi.com.es\\\/wp-content\\\/uploads\\\/2019\\\/07\\\/LOGONAMING-TRANSP.png\",\"contentUrl\":\"https:\\\/\\\/mpi.com.es\\\/wp-content\\\/uploads\\\/2019\\\/07\\\/LOGONAMING-TRANSP.png\",\"width\":1573,\"height\":431,\"caption\":\"Mantenimiento Perif\u00e9ricos Inform\u00e1ticos\"},\"image\":{\"@id\":\"https:\\\/\\\/mpi.com.es\\\/en\\\/#\\\/schema\\\/logo\\\/image\\\/\"},\"sameAs\":[\"https:\\\/\\\/www.facebook.com\\\/p\\\/Mantenimiento-Perifricos-Informticos-100069020438303\"]}]}<\/script>\n<!-- \/ Yoast SEO Premium plugin. -->","yoast_head_json":{"title":"Compuprint 4247-L03 - MPI Mantenimiento Perif\u00e9ricos Inform\u00e1ticos","description":"Compuprint 4247-L03 Serial Matrix Printer 24-pin printhead speed up to 720 cps, an economical alternative for exceptionally reliable and flexible supply chain production, 100% compatible IPDS emulation with IBM perfect replacement for the Epson DFX9000 DFX8000 IBM 4247","robots":{"index":"index","follow":"follow","max-snippet":"max-snippet:-1","max-image-preview":"max-image-preview:large","max-video-preview":"max-video-preview:-1"},"canonical":"https:\/\/mpi.com.es\/en\/products\/compuprint-4247-l03\/","og_locale":"en_US","og_type":"article","og_title":"Compuprint 4247-L03","og_description":"Compuprint 4247-L03 Serial Matrix Printer 24-pin printhead speed up to 720 cps, an economical alternative for exceptionally reliable and flexible supply chain production, 100% compatible IPDS emulation with IBM perfect replacement for the Epson DFX9000 DFX8000 IBM 4247","og_url":"https:\/\/mpi.com.es\/en\/products\/compuprint-4247-l03\/","og_site_name":"MPI Mantenimiento Perif\u00e9ricos Inform\u00e1ticos","article_publisher":"https:\/\/www.facebook.com\/p\/Mantenimiento-Perifricos-Informticos-100069020438303","article_modified_time":"2019-12-06T07:48:27+00:00","og_image":[{"width":248,"height":280,"url":"https:\/\/mpi.com.es\/wp-content\/uploads\/2014\/03\/Compuprint-4247-L03-Serial-Dot-Matrix-253.jpg","type":"image\/jpeg"}],"schema":{"@context":"https:\/\/schema.org","@graph":[{"@type":"WebPage","@id":"https:\/\/mpi.com.es\/en\/products\/compuprint-4247-l03\/","url":"https:\/\/mpi.com.es\/en\/products\/compuprint-4247-l03\/","name":"Compuprint 4247-L03 - MPI Mantenimiento Perif\u00e9ricos Inform\u00e1ticos","isPartOf":{"@id":"https:\/\/mpi.com.es\/en\/#website"},"primaryImageOfPage":{"@id":"https:\/\/mpi.com.es\/en\/products\/compuprint-4247-l03\/#primaryimage"},"image":{"@id":"https:\/\/mpi.com.es\/en\/products\/compuprint-4247-l03\/#primaryimage"},"thumbnailUrl":"https:\/\/mpi.com.es\/wp-content\/uploads\/2014\/03\/Compuprint-4247-L03-Serial-Dot-Matrix-253.jpg","datePublished":"2014-03-20T17:05:55+00:00","dateModified":"2019-12-06T07:48:27+00:00","description":"Compuprint 4247-L03 Serial Matrix Printer 24-pin printhead speed up to 720 cps, an economical alternative for exceptionally reliable and flexible supply chain production, 100% compatible IPDS emulation with IBM perfect replacement for the Epson DFX9000 DFX8000 IBM 4247","breadcrumb":{"@id":"https:\/\/mpi.com.es\/en\/products\/compuprint-4247-l03\/#breadcrumb"},"inLanguage":"en-US","potentialAction":[{"@type":"ReadAction","target":["https:\/\/mpi.com.es\/en\/products\/compuprint-4247-l03\/"]}]},{"@type":"ImageObject","inLanguage":"en-US","@id":"https:\/\/mpi.com.es\/en\/products\/compuprint-4247-l03\/#primaryimage","url":"https:\/\/mpi.com.es\/wp-content\/uploads\/2014\/03\/Compuprint-4247-L03-Serial-Dot-Matrix-253.jpg","contentUrl":"https:\/\/mpi.com.es\/wp-content\/uploads\/2014\/03\/Compuprint-4247-L03-Serial-Dot-Matrix-253.jpg","width":248,"height":280,"caption":"Compuprint-4247-L03"},{"@type":"BreadcrumbList","@id":"https:\/\/mpi.com.es\/en\/products\/compuprint-4247-l03\/#breadcrumb","itemListElement":[{"@type":"ListItem","position":1,"name":"Portada","item":"https:\/\/mpi.com.es\/en\/"},{"@type":"ListItem","position":2,"name":"Products","item":"https:\/\/mpi.com.es\/en\/products\/"},{"@type":"ListItem","position":3,"name":"Compuprint 4247-L03"}]},{"@type":"WebSite","@id":"https:\/\/mpi.com.es\/en\/#website","url":"https:\/\/mpi.com.es\/en\/","name":"MPI Mantenimiento Perif\u00e9ricos Inform\u00e1ticos","description":"Impresoras Industriales, impresi\u00f3n,alto volumen, mantenimiento, mantenimiento impresoras","publisher":{"@id":"https:\/\/mpi.com.es\/en\/#organization"},"potentialAction":[{"@type":"SearchAction","target":{"@type":"EntryPoint","urlTemplate":"https:\/\/mpi.com.es\/en\/?s={search_term_string}"},"query-input":{"@type":"PropertyValueSpecification","valueRequired":true,"valueName":"search_term_string"}}],"inLanguage":"en-US"},{"@type":"Organization","@id":"https:\/\/mpi.com.es\/en\/#organization","name":"Mantenimiento Perif\u00e9ricos Inform\u00e1ticos","url":"https:\/\/mpi.com.es\/en\/","logo":{"@type":"ImageObject","inLanguage":"en-US","@id":"https:\/\/mpi.com.es\/en\/#\/schema\/logo\/image\/","url":"https:\/\/mpi.com.es\/wp-content\/uploads\/2019\/07\/LOGONAMING-TRANSP.png","contentUrl":"https:\/\/mpi.com.es\/wp-content\/uploads\/2019\/07\/LOGONAMING-TRANSP.png","width":1573,"height":431,"caption":"Mantenimiento Perif\u00e9ricos Inform\u00e1ticos"},"image":{"@id":"https:\/\/mpi.com.es\/en\/#\/schema\/logo\/image\/"},"sameAs":["https:\/\/www.facebook.com\/p\/Mantenimiento-Perifricos-Informticos-100069020438303"]}]}},"_links":{"self":[{"href":"https:\/\/mpi.com.es\/en\/wp-json\/wp\/v2\/product\/5179","targetHints":{"allow":["GET"]}}],"collection":[{"href":"https:\/\/mpi.com.es\/en\/wp-json\/wp\/v2\/product"}],"about":[{"href":"https:\/\/mpi.com.es\/en\/wp-json\/wp\/v2\/types\/product"}],"wp:featuredmedia":[{"embeddable":true,"href":"https:\/\/mpi.com.es\/en\/wp-json\/wp\/v2\/media\/11156"}],"wp:attachment":[{"href":"https:\/\/mpi.com.es\/en\/wp-json\/wp\/v2\/media?parent=5179"}],"wp:term":[{"taxonomy":"brand","embeddable":true,"href":"https:\/\/mpi.com.es\/en\/wp-json\/wp\/v2\/brand?post=5179"},{"taxonomy":"family","embeddable":true,"href":"https:\/\/mpi.com.es\/en\/wp-json\/wp\/v2\/family?post=5179"},{"taxonomy":"support","embeddable":true,"href":"https:\/\/mpi.com.es\/en\/wp-json\/wp\/v2\/support?post=5179"},{"taxonomy":"technology","embeddable":true,"href":"https:\/\/mpi.com.es\/en\/wp-json\/wp\/v2\/technology?post=5179"},{"taxonomy":"feature","embeddable":true,"href":"https:\/\/mpi.com.es\/en\/wp-json\/wp\/v2\/feature?post=5179"}],"curies":[{"name":"wp","href":"https:\/\/api.w.org\/{rel}","templated":true}]}}