{"id":5173,"date":"2014-03-20T18:07:39","date_gmt":"2014-03-20T17:07:39","guid":{"rendered":"https:\/\/mpi.com.es\/products\/printronix-t2n\/"},"modified":"2019-04-27T21:08:51","modified_gmt":"2019-04-27T19:08:51","slug":"printronix-t2n","status":"publish","type":"product","link":"https:\/\/mpi.com.es\/en\/products\/printronix-t2n\/","title":{"rendered":"Printronix T2N"},"content":{"rendered":"","protected":false},"featured_media":8013,"template":"","meta":{"_acf_changed":false},"brand":[705,707],"family":[838,850],"support":[815],"technology":[810],"feature":[],"class_list":["post-5173","product","type-product","status-publish","has-post-thumbnail","hentry","brand-printronix-autoid-en","brand-printronix-autoid-printers","family-industrial-printers","family-thermal-printers","support-roll-paper-fanfold-paper","technology-thermal-printer"],"acf":[],"yoast_head":"<!-- This site is optimized with the Yoast SEO Premium plugin v26.5 (Yoast SEO v27.4) - https:\/\/yoast.com\/product\/yoast-seo-premium-wordpress\/ -->\n<title>Printronix T2N -Printronix AutoID Low CosT Thermal Printer<\/title>\n<meta name=\"description\" content=\"Printer Printronix T2N thermal printer of high performance and low cost has emulations ZPL and EPL of zebra and Eltron Ethernet usb series, MPI Best Price\" \/>\n<meta name=\"robots\" content=\"index, follow, max-snippet:-1, max-image-preview:large, max-video-preview:-1\" \/>\n<link rel=\"canonical\" href=\"https:\/\/mpi.com.es\/en\/products\/printronix-t2n\/\" \/>\n<meta property=\"og:locale\" content=\"en_US\" \/>\n<meta property=\"og:type\" content=\"article\" \/>\n<meta property=\"og:title\" content=\"Printronix T2N\" \/>\n<meta property=\"og:description\" content=\"Printer Printronix T2N thermal printer of high performance and low cost has emulations ZPL and EPL of zebra and Eltron Ethernet usb series, MPI Best Price\" \/>\n<meta property=\"og:url\" content=\"https:\/\/mpi.com.es\/en\/products\/printronix-t2n\/\" \/>\n<meta property=\"og:site_name\" content=\"MPI Mantenimiento Perif\u00e9ricos Inform\u00e1ticos\" \/>\n<meta property=\"article:publisher\" content=\"https:\/\/www.facebook.com\/p\/Mantenimiento-Perifricos-Informticos-100069020438303\" \/>\n<meta property=\"article:modified_time\" content=\"2019-04-27T19:08:51+00:00\" \/>\n<meta property=\"og:image\" content=\"https:\/\/mpi.com.es\/wp-content\/uploads\/2014\/03\/printronix-T2N-250x280.jpg\" \/>\n\t<meta property=\"og:image:width\" content=\"250\" \/>\n\t<meta property=\"og:image:height\" content=\"280\" \/>\n\t<meta property=\"og:image:type\" content=\"image\/jpeg\" \/>\n<script type=\"application\/ld+json\" class=\"yoast-schema-graph\">{\"@context\":\"https:\\\/\\\/schema.org\",\"@graph\":[{\"@type\":\"WebPage\",\"@id\":\"https:\\\/\\\/mpi.com.es\\\/en\\\/products\\\/printronix-t2n\\\/\",\"url\":\"https:\\\/\\\/mpi.com.es\\\/en\\\/products\\\/printronix-t2n\\\/\",\"name\":\"Printronix T2N -Printronix AutoID Low CosT Thermal Printer\",\"isPartOf\":{\"@id\":\"https:\\\/\\\/mpi.com.es\\\/en\\\/#website\"},\"primaryImageOfPage\":{\"@id\":\"https:\\\/\\\/mpi.com.es\\\/en\\\/products\\\/printronix-t2n\\\/#primaryimage\"},\"image\":{\"@id\":\"https:\\\/\\\/mpi.com.es\\\/en\\\/products\\\/printronix-t2n\\\/#primaryimage\"},\"thumbnailUrl\":\"https:\\\/\\\/mpi.com.es\\\/wp-content\\\/uploads\\\/2014\\\/03\\\/printronix-T2N-250x280.jpg\",\"datePublished\":\"2014-03-20T17:07:39+00:00\",\"dateModified\":\"2019-04-27T19:08:51+00:00\",\"description\":\"Printer Printronix T2N thermal printer of high performance and low cost has emulations ZPL and EPL of zebra and Eltron Ethernet usb series, MPI Best Price\",\"breadcrumb\":{\"@id\":\"https:\\\/\\\/mpi.com.es\\\/en\\\/products\\\/printronix-t2n\\\/#breadcrumb\"},\"inLanguage\":\"en-US\",\"potentialAction\":[{\"@type\":\"ReadAction\",\"target\":[\"https:\\\/\\\/mpi.com.es\\\/en\\\/products\\\/printronix-t2n\\\/\"]}]},{\"@type\":\"ImageObject\",\"inLanguage\":\"en-US\",\"@id\":\"https:\\\/\\\/mpi.com.es\\\/en\\\/products\\\/printronix-t2n\\\/#primaryimage\",\"url\":\"https:\\\/\\\/mpi.com.es\\\/wp-content\\\/uploads\\\/2014\\\/03\\\/printronix-T2N-250x280.jpg\",\"contentUrl\":\"https:\\\/\\\/mpi.com.es\\\/wp-content\\\/uploads\\\/2014\\\/03\\\/printronix-T2N-250x280.jpg\",\"width\":250,\"height\":280,\"caption\":\"PRINTRONIX T2N\"},{\"@type\":\"BreadcrumbList\",\"@id\":\"https:\\\/\\\/mpi.com.es\\\/en\\\/products\\\/printronix-t2n\\\/#breadcrumb\",\"itemListElement\":[{\"@type\":\"ListItem\",\"position\":1,\"name\":\"Portada\",\"item\":\"https:\\\/\\\/mpi.com.es\\\/en\\\/\"},{\"@type\":\"ListItem\",\"position\":2,\"name\":\"Products\",\"item\":\"https:\\\/\\\/mpi.com.es\\\/en\\\/products\\\/\"},{\"@type\":\"ListItem\",\"position\":3,\"name\":\"Printronix T2N\"}]},{\"@type\":\"WebSite\",\"@id\":\"https:\\\/\\\/mpi.com.es\\\/en\\\/#website\",\"url\":\"https:\\\/\\\/mpi.com.es\\\/en\\\/\",\"name\":\"MPI Mantenimiento Perif\u00e9ricos Inform\u00e1ticos\",\"description\":\"Impresoras Industriales, impresi\u00f3n,alto volumen, mantenimiento, mantenimiento impresoras\",\"publisher\":{\"@id\":\"https:\\\/\\\/mpi.com.es\\\/en\\\/#organization\"},\"potentialAction\":[{\"@type\":\"SearchAction\",\"target\":{\"@type\":\"EntryPoint\",\"urlTemplate\":\"https:\\\/\\\/mpi.com.es\\\/en\\\/?s={search_term_string}\"},\"query-input\":{\"@type\":\"PropertyValueSpecification\",\"valueRequired\":true,\"valueName\":\"search_term_string\"}}],\"inLanguage\":\"en-US\"},{\"@type\":\"Organization\",\"@id\":\"https:\\\/\\\/mpi.com.es\\\/en\\\/#organization\",\"name\":\"Mantenimiento Perif\u00e9ricos Inform\u00e1ticos\",\"url\":\"https:\\\/\\\/mpi.com.es\\\/en\\\/\",\"logo\":{\"@type\":\"ImageObject\",\"inLanguage\":\"en-US\",\"@id\":\"https:\\\/\\\/mpi.com.es\\\/en\\\/#\\\/schema\\\/logo\\\/image\\\/\",\"url\":\"https:\\\/\\\/mpi.com.es\\\/wp-content\\\/uploads\\\/2019\\\/07\\\/LOGONAMING-TRANSP.png\",\"contentUrl\":\"https:\\\/\\\/mpi.com.es\\\/wp-content\\\/uploads\\\/2019\\\/07\\\/LOGONAMING-TRANSP.png\",\"width\":1573,\"height\":431,\"caption\":\"Mantenimiento Perif\u00e9ricos Inform\u00e1ticos\"},\"image\":{\"@id\":\"https:\\\/\\\/mpi.com.es\\\/en\\\/#\\\/schema\\\/logo\\\/image\\\/\"},\"sameAs\":[\"https:\\\/\\\/www.facebook.com\\\/p\\\/Mantenimiento-Perifricos-Informticos-100069020438303\"]}]}<\/script>\n<!-- \/ Yoast SEO Premium plugin. -->","yoast_head_json":{"title":"Printronix T2N -Printronix AutoID Low CosT Thermal Printer","description":"Printer Printronix T2N thermal printer of high performance and low cost has emulations ZPL and EPL of zebra and Eltron Ethernet usb series, MPI Best Price","robots":{"index":"index","follow":"follow","max-snippet":"max-snippet:-1","max-image-preview":"max-image-preview:large","max-video-preview":"max-video-preview:-1"},"canonical":"https:\/\/mpi.com.es\/en\/products\/printronix-t2n\/","og_locale":"en_US","og_type":"article","og_title":"Printronix T2N","og_description":"Printer Printronix T2N thermal printer of high performance and low cost has emulations ZPL and EPL of zebra and Eltron Ethernet usb series, MPI Best Price","og_url":"https:\/\/mpi.com.es\/en\/products\/printronix-t2n\/","og_site_name":"MPI Mantenimiento Perif\u00e9ricos Inform\u00e1ticos","article_publisher":"https:\/\/www.facebook.com\/p\/Mantenimiento-Perifricos-Informticos-100069020438303","article_modified_time":"2019-04-27T19:08:51+00:00","og_image":[{"width":250,"height":280,"url":"https:\/\/mpi.com.es\/wp-content\/uploads\/2014\/03\/printronix-T2N-250x280.jpg","type":"image\/jpeg"}],"schema":{"@context":"https:\/\/schema.org","@graph":[{"@type":"WebPage","@id":"https:\/\/mpi.com.es\/en\/products\/printronix-t2n\/","url":"https:\/\/mpi.com.es\/en\/products\/printronix-t2n\/","name":"Printronix T2N -Printronix AutoID Low CosT Thermal Printer","isPartOf":{"@id":"https:\/\/mpi.com.es\/en\/#website"},"primaryImageOfPage":{"@id":"https:\/\/mpi.com.es\/en\/products\/printronix-t2n\/#primaryimage"},"image":{"@id":"https:\/\/mpi.com.es\/en\/products\/printronix-t2n\/#primaryimage"},"thumbnailUrl":"https:\/\/mpi.com.es\/wp-content\/uploads\/2014\/03\/printronix-T2N-250x280.jpg","datePublished":"2014-03-20T17:07:39+00:00","dateModified":"2019-04-27T19:08:51+00:00","description":"Printer Printronix T2N thermal printer of high performance and low cost has emulations ZPL and EPL of zebra and Eltron Ethernet usb series, MPI Best Price","breadcrumb":{"@id":"https:\/\/mpi.com.es\/en\/products\/printronix-t2n\/#breadcrumb"},"inLanguage":"en-US","potentialAction":[{"@type":"ReadAction","target":["https:\/\/mpi.com.es\/en\/products\/printronix-t2n\/"]}]},{"@type":"ImageObject","inLanguage":"en-US","@id":"https:\/\/mpi.com.es\/en\/products\/printronix-t2n\/#primaryimage","url":"https:\/\/mpi.com.es\/wp-content\/uploads\/2014\/03\/printronix-T2N-250x280.jpg","contentUrl":"https:\/\/mpi.com.es\/wp-content\/uploads\/2014\/03\/printronix-T2N-250x280.jpg","width":250,"height":280,"caption":"PRINTRONIX T2N"},{"@type":"BreadcrumbList","@id":"https:\/\/mpi.com.es\/en\/products\/printronix-t2n\/#breadcrumb","itemListElement":[{"@type":"ListItem","position":1,"name":"Portada","item":"https:\/\/mpi.com.es\/en\/"},{"@type":"ListItem","position":2,"name":"Products","item":"https:\/\/mpi.com.es\/en\/products\/"},{"@type":"ListItem","position":3,"name":"Printronix T2N"}]},{"@type":"WebSite","@id":"https:\/\/mpi.com.es\/en\/#website","url":"https:\/\/mpi.com.es\/en\/","name":"MPI Mantenimiento Perif\u00e9ricos Inform\u00e1ticos","description":"Impresoras Industriales, impresi\u00f3n,alto volumen, mantenimiento, mantenimiento impresoras","publisher":{"@id":"https:\/\/mpi.com.es\/en\/#organization"},"potentialAction":[{"@type":"SearchAction","target":{"@type":"EntryPoint","urlTemplate":"https:\/\/mpi.com.es\/en\/?s={search_term_string}"},"query-input":{"@type":"PropertyValueSpecification","valueRequired":true,"valueName":"search_term_string"}}],"inLanguage":"en-US"},{"@type":"Organization","@id":"https:\/\/mpi.com.es\/en\/#organization","name":"Mantenimiento Perif\u00e9ricos Inform\u00e1ticos","url":"https:\/\/mpi.com.es\/en\/","logo":{"@type":"ImageObject","inLanguage":"en-US","@id":"https:\/\/mpi.com.es\/en\/#\/schema\/logo\/image\/","url":"https:\/\/mpi.com.es\/wp-content\/uploads\/2019\/07\/LOGONAMING-TRANSP.png","contentUrl":"https:\/\/mpi.com.es\/wp-content\/uploads\/2019\/07\/LOGONAMING-TRANSP.png","width":1573,"height":431,"caption":"Mantenimiento Perif\u00e9ricos Inform\u00e1ticos"},"image":{"@id":"https:\/\/mpi.com.es\/en\/#\/schema\/logo\/image\/"},"sameAs":["https:\/\/www.facebook.com\/p\/Mantenimiento-Perifricos-Informticos-100069020438303"]}]}},"_links":{"self":[{"href":"https:\/\/mpi.com.es\/en\/wp-json\/wp\/v2\/product\/5173","targetHints":{"allow":["GET"]}}],"collection":[{"href":"https:\/\/mpi.com.es\/en\/wp-json\/wp\/v2\/product"}],"about":[{"href":"https:\/\/mpi.com.es\/en\/wp-json\/wp\/v2\/types\/product"}],"wp:featuredmedia":[{"embeddable":true,"href":"https:\/\/mpi.com.es\/en\/wp-json\/wp\/v2\/media\/8013"}],"wp:attachment":[{"href":"https:\/\/mpi.com.es\/en\/wp-json\/wp\/v2\/media?parent=5173"}],"wp:term":[{"taxonomy":"brand","embeddable":true,"href":"https:\/\/mpi.com.es\/en\/wp-json\/wp\/v2\/brand?post=5173"},{"taxonomy":"family","embeddable":true,"href":"https:\/\/mpi.com.es\/en\/wp-json\/wp\/v2\/family?post=5173"},{"taxonomy":"support","embeddable":true,"href":"https:\/\/mpi.com.es\/en\/wp-json\/wp\/v2\/support?post=5173"},{"taxonomy":"technology","embeddable":true,"href":"https:\/\/mpi.com.es\/en\/wp-json\/wp\/v2\/technology?post=5173"},{"taxonomy":"feature","embeddable":true,"href":"https:\/\/mpi.com.es\/en\/wp-json\/wp\/v2\/feature?post=5173"}],"curies":[{"name":"wp","href":"https:\/\/api.w.org\/{rel}","templated":true}]}}