{"id":5082,"date":"2015-06-09T19:00:05","date_gmt":"2015-06-09T17:00:05","guid":{"rendered":"https:\/\/mpi.com.es\/products\/impresora-tally-la550n-la550w\/"},"modified":"2019-04-28T09:47:41","modified_gmt":"2019-04-28T07:47:41","slug":"impresora-tally-la550n-la550w","status":"publish","type":"product","link":"https:\/\/mpi.com.es\/en\/products\/impresora-tally-la550n-la550w\/","title":{"rendered":"Tally LA550N \/ LA550W"},"content":{"rendered":"","protected":false},"featured_media":7223,"template":"","meta":{"_acf_changed":false},"brand":[760],"family":[827,843,855,836],"support":[815],"technology":[807],"feature":[916],"class_list":["post-5082","product","type-product","status-publish","has-post-thumbnail","hentry","brand-tally-en","family-discontinued-model","family-matrix-printers","family-office-printers","family-printers","support-roll-paper-fanfold-paper","technology-serial-matrix","feature-print-wide-80-columns-203-mm"],"acf":[],"yoast_head":"<!-- This site is optimized with the Yoast SEO Premium plugin v26.5 (Yoast SEO v27.4) - https:\/\/yoast.com\/product\/yoast-seo-premium-wordpress\/ -->\n<title>Tally LA550N \/ LA550W robust and reliable - environnements Unix et DEC<\/title>\n<meta name=\"description\" content=\"The models of printer Tally LA550N and LA550W robust, reliable and ergonomic ideal for medium workloads, Wide variety of supports: continuous paper, loose sheets, multicopy, envelopes, labels, or papers of different formats environments Unix and Digital DEC\" \/>\n<meta name=\"robots\" content=\"index, follow, max-snippet:-1, max-image-preview:large, max-video-preview:-1\" \/>\n<link rel=\"canonical\" href=\"https:\/\/mpi.com.es\/en\/products\/impresora-tally-la550n-la550w\/\" \/>\n<meta property=\"og:locale\" content=\"en_US\" \/>\n<meta property=\"og:type\" content=\"article\" \/>\n<meta property=\"og:title\" content=\"Tally LA550N \/ LA550W\" \/>\n<meta property=\"og:description\" content=\"The models of printer Tally LA550N and LA550W robust, reliable and ergonomic ideal for medium workloads, Wide variety of supports: continuous paper, loose sheets, multicopy, envelopes, labels, or papers of different formats environments Unix and Digital DEC\" \/>\n<meta property=\"og:url\" content=\"https:\/\/mpi.com.es\/en\/products\/impresora-tally-la550n-la550w\/\" \/>\n<meta property=\"og:site_name\" content=\"MPI Mantenimiento Perif\u00e9ricos Inform\u00e1ticos\" \/>\n<meta property=\"article:publisher\" content=\"https:\/\/www.facebook.com\/p\/Mantenimiento-Perifricos-Informticos-100069020438303\" \/>\n<meta property=\"article:modified_time\" content=\"2019-04-28T07:47:41+00:00\" \/>\n<meta property=\"og:image\" content=\"https:\/\/mpi.com.es\/wp-content\/uploads\/2015\/06\/TALLY-T550N-250.png\" \/>\n\t<meta property=\"og:image:width\" content=\"256\" \/>\n\t<meta property=\"og:image:height\" content=\"273\" \/>\n\t<meta property=\"og:image:type\" content=\"image\/png\" \/>\n<script type=\"application\/ld+json\" class=\"yoast-schema-graph\">{\"@context\":\"https:\\\/\\\/schema.org\",\"@graph\":[{\"@type\":\"WebPage\",\"@id\":\"https:\\\/\\\/mpi.com.es\\\/en\\\/products\\\/impresora-tally-la550n-la550w\\\/\",\"url\":\"https:\\\/\\\/mpi.com.es\\\/en\\\/products\\\/impresora-tally-la550n-la550w\\\/\",\"name\":\"Tally LA550N \\\/ LA550W robust and reliable - environnements Unix et DEC\",\"isPartOf\":{\"@id\":\"https:\\\/\\\/mpi.com.es\\\/en\\\/#website\"},\"primaryImageOfPage\":{\"@id\":\"https:\\\/\\\/mpi.com.es\\\/en\\\/products\\\/impresora-tally-la550n-la550w\\\/#primaryimage\"},\"image\":{\"@id\":\"https:\\\/\\\/mpi.com.es\\\/en\\\/products\\\/impresora-tally-la550n-la550w\\\/#primaryimage\"},\"thumbnailUrl\":\"https:\\\/\\\/mpi.com.es\\\/wp-content\\\/uploads\\\/2015\\\/06\\\/TALLY-T550N-250.png\",\"datePublished\":\"2015-06-09T17:00:05+00:00\",\"dateModified\":\"2019-04-28T07:47:41+00:00\",\"description\":\"The models of printer Tally LA550N and LA550W robust, reliable and ergonomic ideal for medium workloads, Wide variety of supports: continuous paper, loose sheets, multicopy, envelopes, labels, or papers of different formats environments Unix and Digital DEC\",\"breadcrumb\":{\"@id\":\"https:\\\/\\\/mpi.com.es\\\/en\\\/products\\\/impresora-tally-la550n-la550w\\\/#breadcrumb\"},\"inLanguage\":\"en-US\",\"potentialAction\":[{\"@type\":\"ReadAction\",\"target\":[\"https:\\\/\\\/mpi.com.es\\\/en\\\/products\\\/impresora-tally-la550n-la550w\\\/\"]}]},{\"@type\":\"ImageObject\",\"inLanguage\":\"en-US\",\"@id\":\"https:\\\/\\\/mpi.com.es\\\/en\\\/products\\\/impresora-tally-la550n-la550w\\\/#primaryimage\",\"url\":\"https:\\\/\\\/mpi.com.es\\\/wp-content\\\/uploads\\\/2015\\\/06\\\/TALLY-T550N-250.png\",\"contentUrl\":\"https:\\\/\\\/mpi.com.es\\\/wp-content\\\/uploads\\\/2015\\\/06\\\/TALLY-T550N-250.png\",\"width\":256,\"height\":273,\"caption\":\"TALLY LA550N 250\"},{\"@type\":\"BreadcrumbList\",\"@id\":\"https:\\\/\\\/mpi.com.es\\\/en\\\/products\\\/impresora-tally-la550n-la550w\\\/#breadcrumb\",\"itemListElement\":[{\"@type\":\"ListItem\",\"position\":1,\"name\":\"Portada\",\"item\":\"https:\\\/\\\/mpi.com.es\\\/en\\\/\"},{\"@type\":\"ListItem\",\"position\":2,\"name\":\"Products\",\"item\":\"https:\\\/\\\/mpi.com.es\\\/en\\\/products\\\/\"},{\"@type\":\"ListItem\",\"position\":3,\"name\":\"Tally LA550N \\\/ LA550W\"}]},{\"@type\":\"WebSite\",\"@id\":\"https:\\\/\\\/mpi.com.es\\\/en\\\/#website\",\"url\":\"https:\\\/\\\/mpi.com.es\\\/en\\\/\",\"name\":\"MPI Mantenimiento Perif\u00e9ricos Inform\u00e1ticos\",\"description\":\"Impresoras Industriales, impresi\u00f3n,alto volumen, mantenimiento, mantenimiento impresoras\",\"publisher\":{\"@id\":\"https:\\\/\\\/mpi.com.es\\\/en\\\/#organization\"},\"potentialAction\":[{\"@type\":\"SearchAction\",\"target\":{\"@type\":\"EntryPoint\",\"urlTemplate\":\"https:\\\/\\\/mpi.com.es\\\/en\\\/?s={search_term_string}\"},\"query-input\":{\"@type\":\"PropertyValueSpecification\",\"valueRequired\":true,\"valueName\":\"search_term_string\"}}],\"inLanguage\":\"en-US\"},{\"@type\":\"Organization\",\"@id\":\"https:\\\/\\\/mpi.com.es\\\/en\\\/#organization\",\"name\":\"Mantenimiento Perif\u00e9ricos Inform\u00e1ticos\",\"url\":\"https:\\\/\\\/mpi.com.es\\\/en\\\/\",\"logo\":{\"@type\":\"ImageObject\",\"inLanguage\":\"en-US\",\"@id\":\"https:\\\/\\\/mpi.com.es\\\/en\\\/#\\\/schema\\\/logo\\\/image\\\/\",\"url\":\"https:\\\/\\\/mpi.com.es\\\/wp-content\\\/uploads\\\/2019\\\/07\\\/LOGONAMING-TRANSP.png\",\"contentUrl\":\"https:\\\/\\\/mpi.com.es\\\/wp-content\\\/uploads\\\/2019\\\/07\\\/LOGONAMING-TRANSP.png\",\"width\":1573,\"height\":431,\"caption\":\"Mantenimiento Perif\u00e9ricos Inform\u00e1ticos\"},\"image\":{\"@id\":\"https:\\\/\\\/mpi.com.es\\\/en\\\/#\\\/schema\\\/logo\\\/image\\\/\"},\"sameAs\":[\"https:\\\/\\\/www.facebook.com\\\/p\\\/Mantenimiento-Perifricos-Informticos-100069020438303\"]}]}<\/script>\n<!-- \/ Yoast SEO Premium plugin. -->","yoast_head_json":{"title":"Tally LA550N \/ LA550W robust and reliable - environnements Unix et DEC","description":"The models of printer Tally LA550N and LA550W robust, reliable and ergonomic ideal for medium workloads, Wide variety of supports: continuous paper, loose sheets, multicopy, envelopes, labels, or papers of different formats environments Unix and Digital DEC","robots":{"index":"index","follow":"follow","max-snippet":"max-snippet:-1","max-image-preview":"max-image-preview:large","max-video-preview":"max-video-preview:-1"},"canonical":"https:\/\/mpi.com.es\/en\/products\/impresora-tally-la550n-la550w\/","og_locale":"en_US","og_type":"article","og_title":"Tally LA550N \/ LA550W","og_description":"The models of printer Tally LA550N and LA550W robust, reliable and ergonomic ideal for medium workloads, Wide variety of supports: continuous paper, loose sheets, multicopy, envelopes, labels, or papers of different formats environments Unix and Digital DEC","og_url":"https:\/\/mpi.com.es\/en\/products\/impresora-tally-la550n-la550w\/","og_site_name":"MPI Mantenimiento Perif\u00e9ricos Inform\u00e1ticos","article_publisher":"https:\/\/www.facebook.com\/p\/Mantenimiento-Perifricos-Informticos-100069020438303","article_modified_time":"2019-04-28T07:47:41+00:00","og_image":[{"width":256,"height":273,"url":"https:\/\/mpi.com.es\/wp-content\/uploads\/2015\/06\/TALLY-T550N-250.png","type":"image\/png"}],"schema":{"@context":"https:\/\/schema.org","@graph":[{"@type":"WebPage","@id":"https:\/\/mpi.com.es\/en\/products\/impresora-tally-la550n-la550w\/","url":"https:\/\/mpi.com.es\/en\/products\/impresora-tally-la550n-la550w\/","name":"Tally LA550N \/ LA550W robust and reliable - environnements Unix et DEC","isPartOf":{"@id":"https:\/\/mpi.com.es\/en\/#website"},"primaryImageOfPage":{"@id":"https:\/\/mpi.com.es\/en\/products\/impresora-tally-la550n-la550w\/#primaryimage"},"image":{"@id":"https:\/\/mpi.com.es\/en\/products\/impresora-tally-la550n-la550w\/#primaryimage"},"thumbnailUrl":"https:\/\/mpi.com.es\/wp-content\/uploads\/2015\/06\/TALLY-T550N-250.png","datePublished":"2015-06-09T17:00:05+00:00","dateModified":"2019-04-28T07:47:41+00:00","description":"The models of printer Tally LA550N and LA550W robust, reliable and ergonomic ideal for medium workloads, Wide variety of supports: continuous paper, loose sheets, multicopy, envelopes, labels, or papers of different formats environments Unix and Digital DEC","breadcrumb":{"@id":"https:\/\/mpi.com.es\/en\/products\/impresora-tally-la550n-la550w\/#breadcrumb"},"inLanguage":"en-US","potentialAction":[{"@type":"ReadAction","target":["https:\/\/mpi.com.es\/en\/products\/impresora-tally-la550n-la550w\/"]}]},{"@type":"ImageObject","inLanguage":"en-US","@id":"https:\/\/mpi.com.es\/en\/products\/impresora-tally-la550n-la550w\/#primaryimage","url":"https:\/\/mpi.com.es\/wp-content\/uploads\/2015\/06\/TALLY-T550N-250.png","contentUrl":"https:\/\/mpi.com.es\/wp-content\/uploads\/2015\/06\/TALLY-T550N-250.png","width":256,"height":273,"caption":"TALLY LA550N 250"},{"@type":"BreadcrumbList","@id":"https:\/\/mpi.com.es\/en\/products\/impresora-tally-la550n-la550w\/#breadcrumb","itemListElement":[{"@type":"ListItem","position":1,"name":"Portada","item":"https:\/\/mpi.com.es\/en\/"},{"@type":"ListItem","position":2,"name":"Products","item":"https:\/\/mpi.com.es\/en\/products\/"},{"@type":"ListItem","position":3,"name":"Tally LA550N \/ LA550W"}]},{"@type":"WebSite","@id":"https:\/\/mpi.com.es\/en\/#website","url":"https:\/\/mpi.com.es\/en\/","name":"MPI Mantenimiento Perif\u00e9ricos Inform\u00e1ticos","description":"Impresoras Industriales, impresi\u00f3n,alto volumen, mantenimiento, mantenimiento impresoras","publisher":{"@id":"https:\/\/mpi.com.es\/en\/#organization"},"potentialAction":[{"@type":"SearchAction","target":{"@type":"EntryPoint","urlTemplate":"https:\/\/mpi.com.es\/en\/?s={search_term_string}"},"query-input":{"@type":"PropertyValueSpecification","valueRequired":true,"valueName":"search_term_string"}}],"inLanguage":"en-US"},{"@type":"Organization","@id":"https:\/\/mpi.com.es\/en\/#organization","name":"Mantenimiento Perif\u00e9ricos Inform\u00e1ticos","url":"https:\/\/mpi.com.es\/en\/","logo":{"@type":"ImageObject","inLanguage":"en-US","@id":"https:\/\/mpi.com.es\/en\/#\/schema\/logo\/image\/","url":"https:\/\/mpi.com.es\/wp-content\/uploads\/2019\/07\/LOGONAMING-TRANSP.png","contentUrl":"https:\/\/mpi.com.es\/wp-content\/uploads\/2019\/07\/LOGONAMING-TRANSP.png","width":1573,"height":431,"caption":"Mantenimiento Perif\u00e9ricos Inform\u00e1ticos"},"image":{"@id":"https:\/\/mpi.com.es\/en\/#\/schema\/logo\/image\/"},"sameAs":["https:\/\/www.facebook.com\/p\/Mantenimiento-Perifricos-Informticos-100069020438303"]}]}},"_links":{"self":[{"href":"https:\/\/mpi.com.es\/en\/wp-json\/wp\/v2\/product\/5082","targetHints":{"allow":["GET"]}}],"collection":[{"href":"https:\/\/mpi.com.es\/en\/wp-json\/wp\/v2\/product"}],"about":[{"href":"https:\/\/mpi.com.es\/en\/wp-json\/wp\/v2\/types\/product"}],"wp:featuredmedia":[{"embeddable":true,"href":"https:\/\/mpi.com.es\/en\/wp-json\/wp\/v2\/media\/7223"}],"wp:attachment":[{"href":"https:\/\/mpi.com.es\/en\/wp-json\/wp\/v2\/media?parent=5082"}],"wp:term":[{"taxonomy":"brand","embeddable":true,"href":"https:\/\/mpi.com.es\/en\/wp-json\/wp\/v2\/brand?post=5082"},{"taxonomy":"family","embeddable":true,"href":"https:\/\/mpi.com.es\/en\/wp-json\/wp\/v2\/family?post=5082"},{"taxonomy":"support","embeddable":true,"href":"https:\/\/mpi.com.es\/en\/wp-json\/wp\/v2\/support?post=5082"},{"taxonomy":"technology","embeddable":true,"href":"https:\/\/mpi.com.es\/en\/wp-json\/wp\/v2\/technology?post=5082"},{"taxonomy":"feature","embeddable":true,"href":"https:\/\/mpi.com.es\/en\/wp-json\/wp\/v2\/feature?post=5082"}],"curies":[{"name":"wp","href":"https:\/\/api.w.org\/{rel}","templated":true}]}}