{"id":5077,"date":"2015-06-09T19:00:15","date_gmt":"2015-06-09T17:00:15","guid":{"rendered":"https:\/\/mpi.com.es\/products\/impresora-tally-t2150-t2250\/"},"modified":"2019-04-28T10:10:51","modified_gmt":"2019-04-28T08:10:51","slug":"impresora-tally-t2150-t2250","status":"publish","type":"product","link":"https:\/\/mpi.com.es\/en\/products\/impresora-tally-t2150-t2250\/","title":{"rendered":"Tally T2150 \/ T2250"},"content":{"rendered":"","protected":false},"featured_media":7194,"template":"","meta":{"_acf_changed":false},"brand":[760],"family":[843,855,836],"support":[816,812],"technology":[807],"feature":[916],"class_list":["post-5077","product","type-product","status-publish","has-post-thumbnail","hentry","brand-tally-en","family-matrix-printers","family-office-printers","family-printers","support-cutsheet-paper","support-fanfold-paper","technology-serial-matrix","feature-print-wide-80-columns-203-mm"],"acf":[],"yoast_head":"<!-- This site is optimized with the Yoast SEO Premium plugin v27.5 (Yoast SEO v27.5) - https:\/\/yoast.com\/product\/yoast-seo-premium-wordpress\/ -->\n<title>Tally T2150 and Tally T2250 High Reliability, Resistant to excellent price<\/title>\n<meta name=\"description\" content=\"The Tally T2150 and Tally T2250 printers are printers of high reliability and resistance at an excellent price to work in any environment. With three input tractors. and easy maintenance. 750 cps (430 pages per hour) and workloads of up to 26,000 pages \/ month, Best price here.\" \/>\n<meta name=\"robots\" content=\"index, follow, max-snippet:-1, max-image-preview:large, max-video-preview:-1\" \/>\n<link rel=\"canonical\" href=\"https:\/\/mpi.com.es\/en\/products\/impresora-tally-t2150-t2250\/\" \/>\n<meta property=\"og:locale\" content=\"en_US\" \/>\n<meta property=\"og:type\" content=\"article\" \/>\n<meta property=\"og:title\" content=\"Tally T2150 \/ T2250\" \/>\n<meta property=\"og:description\" content=\"The Tally T2150 and Tally T2250 printers are printers of high reliability and resistance at an excellent price to work in any environment. With three input tractors. and easy maintenance. 750 cps (430 pages per hour) and workloads of up to 26,000 pages \/ month, Best price here.\" \/>\n<meta property=\"og:url\" content=\"https:\/\/mpi.com.es\/en\/products\/impresora-tally-t2150-t2250\/\" \/>\n<meta property=\"og:site_name\" content=\"MPI Mantenimiento Perif\u00e9ricos Inform\u00e1ticos\" \/>\n<meta property=\"article:publisher\" content=\"https:\/\/www.facebook.com\/p\/Mantenimiento-Perifricos-Informticos-100069020438303\" \/>\n<meta property=\"article:modified_time\" content=\"2019-04-28T08:10:51+00:00\" \/>\n<meta property=\"og:image\" content=\"https:\/\/mpi.com.es\/wp-content\/uploads\/2015\/06\/TALLY-T2150-front.png\" \/>\n\t<meta property=\"og:image:width\" content=\"248\" \/>\n\t<meta property=\"og:image:height\" content=\"280\" \/>\n\t<meta property=\"og:image:type\" content=\"image\/png\" \/>\n<script type=\"application\/ld+json\" class=\"yoast-schema-graph\">{\"@context\":\"https:\\\/\\\/schema.org\",\"@graph\":[{\"@type\":\"WebPage\",\"@id\":\"https:\\\/\\\/mpi.com.es\\\/en\\\/products\\\/impresora-tally-t2150-t2250\\\/\",\"url\":\"https:\\\/\\\/mpi.com.es\\\/en\\\/products\\\/impresora-tally-t2150-t2250\\\/\",\"name\":\"Tally T2150 and Tally T2250 High Reliability, Resistant to excellent price\",\"isPartOf\":{\"@id\":\"https:\\\/\\\/mpi.com.es\\\/en\\\/#website\"},\"primaryImageOfPage\":{\"@id\":\"https:\\\/\\\/mpi.com.es\\\/en\\\/products\\\/impresora-tally-t2150-t2250\\\/#primaryimage\"},\"image\":{\"@id\":\"https:\\\/\\\/mpi.com.es\\\/en\\\/products\\\/impresora-tally-t2150-t2250\\\/#primaryimage\"},\"thumbnailUrl\":\"https:\\\/\\\/mpi.com.es\\\/wp-content\\\/uploads\\\/2015\\\/06\\\/TALLY-T2150-front.png\",\"datePublished\":\"2015-06-09T17:00:15+00:00\",\"dateModified\":\"2019-04-28T08:10:51+00:00\",\"description\":\"The Tally T2150 and Tally T2250 printers are printers of high reliability and resistance at an excellent price to work in any environment. With three input tractors. and easy maintenance. 750 cps (430 pages per hour) and workloads of up to 26,000 pages \\\/ month, Best price here.\",\"breadcrumb\":{\"@id\":\"https:\\\/\\\/mpi.com.es\\\/en\\\/products\\\/impresora-tally-t2150-t2250\\\/#breadcrumb\"},\"inLanguage\":\"en-US\",\"potentialAction\":[{\"@type\":\"ReadAction\",\"target\":[\"https:\\\/\\\/mpi.com.es\\\/en\\\/products\\\/impresora-tally-t2150-t2250\\\/\"]}]},{\"@type\":\"ImageObject\",\"inLanguage\":\"en-US\",\"@id\":\"https:\\\/\\\/mpi.com.es\\\/en\\\/products\\\/impresora-tally-t2150-t2250\\\/#primaryimage\",\"url\":\"https:\\\/\\\/mpi.com.es\\\/wp-content\\\/uploads\\\/2015\\\/06\\\/TALLY-T2150-front.png\",\"contentUrl\":\"https:\\\/\\\/mpi.com.es\\\/wp-content\\\/uploads\\\/2015\\\/06\\\/TALLY-T2150-front.png\",\"width\":248,\"height\":280,\"caption\":\"TALLY T2150 tally T2250\"},{\"@type\":\"BreadcrumbList\",\"@id\":\"https:\\\/\\\/mpi.com.es\\\/en\\\/products\\\/impresora-tally-t2150-t2250\\\/#breadcrumb\",\"itemListElement\":[{\"@type\":\"ListItem\",\"position\":1,\"name\":\"Portada\",\"item\":\"https:\\\/\\\/mpi.com.es\\\/en\\\/\"},{\"@type\":\"ListItem\",\"position\":2,\"name\":\"Products\",\"item\":\"https:\\\/\\\/mpi.com.es\\\/en\\\/products\\\/\"},{\"@type\":\"ListItem\",\"position\":3,\"name\":\"Tally T2150 \\\/ T2250\"}]},{\"@type\":\"WebSite\",\"@id\":\"https:\\\/\\\/mpi.com.es\\\/en\\\/#website\",\"url\":\"https:\\\/\\\/mpi.com.es\\\/en\\\/\",\"name\":\"MPI Mantenimiento Perif\u00e9ricos Inform\u00e1ticos\",\"description\":\"Impresoras Industriales, impresi\u00f3n,alto volumen, mantenimiento, mantenimiento impresoras\",\"publisher\":{\"@id\":\"https:\\\/\\\/mpi.com.es\\\/en\\\/#organization\"},\"potentialAction\":[{\"@type\":\"SearchAction\",\"target\":{\"@type\":\"EntryPoint\",\"urlTemplate\":\"https:\\\/\\\/mpi.com.es\\\/en\\\/?s={search_term_string}\"},\"query-input\":{\"@type\":\"PropertyValueSpecification\",\"valueRequired\":true,\"valueName\":\"search_term_string\"}}],\"inLanguage\":\"en-US\"},{\"@type\":\"Organization\",\"@id\":\"https:\\\/\\\/mpi.com.es\\\/en\\\/#organization\",\"name\":\"Mantenimiento Perif\u00e9ricos Inform\u00e1ticos\",\"url\":\"https:\\\/\\\/mpi.com.es\\\/en\\\/\",\"logo\":{\"@type\":\"ImageObject\",\"inLanguage\":\"en-US\",\"@id\":\"https:\\\/\\\/mpi.com.es\\\/en\\\/#\\\/schema\\\/logo\\\/image\\\/\",\"url\":\"https:\\\/\\\/mpi.com.es\\\/wp-content\\\/uploads\\\/2019\\\/07\\\/LOGONAMING-TRANSP.png\",\"contentUrl\":\"https:\\\/\\\/mpi.com.es\\\/wp-content\\\/uploads\\\/2019\\\/07\\\/LOGONAMING-TRANSP.png\",\"width\":1573,\"height\":431,\"caption\":\"Mantenimiento Perif\u00e9ricos Inform\u00e1ticos\"},\"image\":{\"@id\":\"https:\\\/\\\/mpi.com.es\\\/en\\\/#\\\/schema\\\/logo\\\/image\\\/\"},\"sameAs\":[\"https:\\\/\\\/www.facebook.com\\\/p\\\/Mantenimiento-Perifricos-Informticos-100069020438303\"]}]}<\/script>\n<!-- \/ Yoast SEO Premium plugin. -->","yoast_head_json":{"title":"Tally T2150 and Tally T2250 High Reliability, Resistant to excellent price","description":"The Tally T2150 and Tally T2250 printers are printers of high reliability and resistance at an excellent price to work in any environment. With three input tractors. and easy maintenance. 750 cps (430 pages per hour) and workloads of up to 26,000 pages \/ month, Best price here.","robots":{"index":"index","follow":"follow","max-snippet":"max-snippet:-1","max-image-preview":"max-image-preview:large","max-video-preview":"max-video-preview:-1"},"canonical":"https:\/\/mpi.com.es\/en\/products\/impresora-tally-t2150-t2250\/","og_locale":"en_US","og_type":"article","og_title":"Tally T2150 \/ T2250","og_description":"The Tally T2150 and Tally T2250 printers are printers of high reliability and resistance at an excellent price to work in any environment. With three input tractors. and easy maintenance. 750 cps (430 pages per hour) and workloads of up to 26,000 pages \/ month, Best price here.","og_url":"https:\/\/mpi.com.es\/en\/products\/impresora-tally-t2150-t2250\/","og_site_name":"MPI Mantenimiento Perif\u00e9ricos Inform\u00e1ticos","article_publisher":"https:\/\/www.facebook.com\/p\/Mantenimiento-Perifricos-Informticos-100069020438303","article_modified_time":"2019-04-28T08:10:51+00:00","og_image":[{"width":248,"height":280,"url":"https:\/\/mpi.com.es\/wp-content\/uploads\/2015\/06\/TALLY-T2150-front.png","type":"image\/png"}],"schema":{"@context":"https:\/\/schema.org","@graph":[{"@type":"WebPage","@id":"https:\/\/mpi.com.es\/en\/products\/impresora-tally-t2150-t2250\/","url":"https:\/\/mpi.com.es\/en\/products\/impresora-tally-t2150-t2250\/","name":"Tally T2150 and Tally T2250 High Reliability, Resistant to excellent price","isPartOf":{"@id":"https:\/\/mpi.com.es\/en\/#website"},"primaryImageOfPage":{"@id":"https:\/\/mpi.com.es\/en\/products\/impresora-tally-t2150-t2250\/#primaryimage"},"image":{"@id":"https:\/\/mpi.com.es\/en\/products\/impresora-tally-t2150-t2250\/#primaryimage"},"thumbnailUrl":"https:\/\/mpi.com.es\/wp-content\/uploads\/2015\/06\/TALLY-T2150-front.png","datePublished":"2015-06-09T17:00:15+00:00","dateModified":"2019-04-28T08:10:51+00:00","description":"The Tally T2150 and Tally T2250 printers are printers of high reliability and resistance at an excellent price to work in any environment. With three input tractors. and easy maintenance. 750 cps (430 pages per hour) and workloads of up to 26,000 pages \/ month, Best price here.","breadcrumb":{"@id":"https:\/\/mpi.com.es\/en\/products\/impresora-tally-t2150-t2250\/#breadcrumb"},"inLanguage":"en-US","potentialAction":[{"@type":"ReadAction","target":["https:\/\/mpi.com.es\/en\/products\/impresora-tally-t2150-t2250\/"]}]},{"@type":"ImageObject","inLanguage":"en-US","@id":"https:\/\/mpi.com.es\/en\/products\/impresora-tally-t2150-t2250\/#primaryimage","url":"https:\/\/mpi.com.es\/wp-content\/uploads\/2015\/06\/TALLY-T2150-front.png","contentUrl":"https:\/\/mpi.com.es\/wp-content\/uploads\/2015\/06\/TALLY-T2150-front.png","width":248,"height":280,"caption":"TALLY T2150 tally T2250"},{"@type":"BreadcrumbList","@id":"https:\/\/mpi.com.es\/en\/products\/impresora-tally-t2150-t2250\/#breadcrumb","itemListElement":[{"@type":"ListItem","position":1,"name":"Portada","item":"https:\/\/mpi.com.es\/en\/"},{"@type":"ListItem","position":2,"name":"Products","item":"https:\/\/mpi.com.es\/en\/products\/"},{"@type":"ListItem","position":3,"name":"Tally T2150 \/ T2250"}]},{"@type":"WebSite","@id":"https:\/\/mpi.com.es\/en\/#website","url":"https:\/\/mpi.com.es\/en\/","name":"MPI Mantenimiento Perif\u00e9ricos Inform\u00e1ticos","description":"Impresoras Industriales, impresi\u00f3n,alto volumen, mantenimiento, mantenimiento impresoras","publisher":{"@id":"https:\/\/mpi.com.es\/en\/#organization"},"potentialAction":[{"@type":"SearchAction","target":{"@type":"EntryPoint","urlTemplate":"https:\/\/mpi.com.es\/en\/?s={search_term_string}"},"query-input":{"@type":"PropertyValueSpecification","valueRequired":true,"valueName":"search_term_string"}}],"inLanguage":"en-US"},{"@type":"Organization","@id":"https:\/\/mpi.com.es\/en\/#organization","name":"Mantenimiento Perif\u00e9ricos Inform\u00e1ticos","url":"https:\/\/mpi.com.es\/en\/","logo":{"@type":"ImageObject","inLanguage":"en-US","@id":"https:\/\/mpi.com.es\/en\/#\/schema\/logo\/image\/","url":"https:\/\/mpi.com.es\/wp-content\/uploads\/2019\/07\/LOGONAMING-TRANSP.png","contentUrl":"https:\/\/mpi.com.es\/wp-content\/uploads\/2019\/07\/LOGONAMING-TRANSP.png","width":1573,"height":431,"caption":"Mantenimiento Perif\u00e9ricos Inform\u00e1ticos"},"image":{"@id":"https:\/\/mpi.com.es\/en\/#\/schema\/logo\/image\/"},"sameAs":["https:\/\/www.facebook.com\/p\/Mantenimiento-Perifricos-Informticos-100069020438303"]}]}},"_links":{"self":[{"href":"https:\/\/mpi.com.es\/en\/wp-json\/wp\/v2\/product\/5077","targetHints":{"allow":["GET"]}}],"collection":[{"href":"https:\/\/mpi.com.es\/en\/wp-json\/wp\/v2\/product"}],"about":[{"href":"https:\/\/mpi.com.es\/en\/wp-json\/wp\/v2\/types\/product"}],"wp:featuredmedia":[{"embeddable":true,"href":"https:\/\/mpi.com.es\/en\/wp-json\/wp\/v2\/media\/7194"}],"wp:attachment":[{"href":"https:\/\/mpi.com.es\/en\/wp-json\/wp\/v2\/media?parent=5077"}],"wp:term":[{"taxonomy":"brand","embeddable":true,"href":"https:\/\/mpi.com.es\/en\/wp-json\/wp\/v2\/brand?post=5077"},{"taxonomy":"family","embeddable":true,"href":"https:\/\/mpi.com.es\/en\/wp-json\/wp\/v2\/family?post=5077"},{"taxonomy":"support","embeddable":true,"href":"https:\/\/mpi.com.es\/en\/wp-json\/wp\/v2\/support?post=5077"},{"taxonomy":"technology","embeddable":true,"href":"https:\/\/mpi.com.es\/en\/wp-json\/wp\/v2\/technology?post=5077"},{"taxonomy":"feature","embeddable":true,"href":"https:\/\/mpi.com.es\/en\/wp-json\/wp\/v2\/feature?post=5077"}],"curies":[{"name":"wp","href":"https:\/\/api.w.org\/{rel}","templated":true}]}}