{"id":5054,"date":"2016-02-16T19:59:06","date_gmt":"2016-02-16T18:59:06","guid":{"rendered":"https:\/\/mpi.com.es\/products\/epson-gp-c831\/"},"modified":"2021-03-13T06:37:51","modified_gmt":"2021-03-13T05:37:51","slug":"epson-gp-c831","status":"publish","type":"product","link":"https:\/\/mpi.com.es\/en\/products\/epson-gp-c831\/","title":{"rendered":"Epson GP-C831"},"content":{"rendered":"","protected":false},"featured_media":3756,"template":"","meta":{"_acf_changed":false},"brand":[713],"family":[851],"support":[815],"technology":[797],"feature":[958],"class_list":["post-5054","product","type-product","status-publish","has-post-thumbnail","hentry","brand-epson-en","family-color-label-printers","support-roll-paper-fanfold-paper","technology-inkjet-en","feature-print-wide-8-inches-215-9-mm"],"acf":[],"yoast_head":"<!-- This site is optimized with the Yoast SEO Premium plugin v27.5 (Yoast SEO v27.5) - https:\/\/yoast.com\/product\/yoast-seo-premium-wordpress\/ -->\n<title>Epson GP-C831 - MPI Mantenimiento Perif\u00e9ricos Inform\u00e1ticos<\/title>\n<meta name=\"description\" content=\"\u2726 Conoce la impresora Epson GP-C831, que combina la solidez de una impresora matricial con las ventajas de la inyecci\u00f3n de tinta \u2726\" \/>\n<meta name=\"robots\" content=\"index, follow, max-snippet:-1, max-image-preview:large, max-video-preview:-1\" \/>\n<link rel=\"canonical\" href=\"https:\/\/mpi.com.es\/en\/products\/epson-gp-c831\/\" \/>\n<meta property=\"og:locale\" content=\"en_US\" \/>\n<meta property=\"og:type\" content=\"article\" \/>\n<meta property=\"og:title\" content=\"Epson GP-C831\" \/>\n<meta property=\"og:description\" content=\"\u2726 Conoce la impresora Epson GP-C831, que combina la solidez de una impresora matricial con las ventajas de la inyecci\u00f3n de tinta \u2726\" \/>\n<meta property=\"og:url\" content=\"https:\/\/mpi.com.es\/en\/products\/epson-gp-c831\/\" \/>\n<meta property=\"og:site_name\" content=\"MPI Mantenimiento Perif\u00e9ricos Inform\u00e1ticos\" \/>\n<meta property=\"article:publisher\" content=\"https:\/\/www.facebook.com\/p\/Mantenimiento-Perifricos-Informticos-100069020438303\" \/>\n<meta property=\"article:modified_time\" content=\"2021-03-13T05:37:51+00:00\" \/>\n<meta property=\"og:image\" content=\"https:\/\/mpi.com.es\/wp-content\/uploads\/2016\/02\/epson-GP-C831.png\" \/>\n\t<meta property=\"og:image:width\" content=\"389\" \/>\n\t<meta property=\"og:image:height\" content=\"310\" \/>\n\t<meta property=\"og:image:type\" content=\"image\/png\" \/>\n<script type=\"application\/ld+json\" class=\"yoast-schema-graph\">{\"@context\":\"https:\\\/\\\/schema.org\",\"@graph\":[{\"@type\":\"WebPage\",\"@id\":\"https:\\\/\\\/mpi.com.es\\\/en\\\/products\\\/epson-gp-c831\\\/\",\"url\":\"https:\\\/\\\/mpi.com.es\\\/en\\\/products\\\/epson-gp-c831\\\/\",\"name\":\"Epson GP-C831 - MPI Mantenimiento Perif\u00e9ricos Inform\u00e1ticos\",\"isPartOf\":{\"@id\":\"https:\\\/\\\/mpi.com.es\\\/en\\\/#website\"},\"primaryImageOfPage\":{\"@id\":\"https:\\\/\\\/mpi.com.es\\\/en\\\/products\\\/epson-gp-c831\\\/#primaryimage\"},\"image\":{\"@id\":\"https:\\\/\\\/mpi.com.es\\\/en\\\/products\\\/epson-gp-c831\\\/#primaryimage\"},\"thumbnailUrl\":\"https:\\\/\\\/mpi.com.es\\\/wp-content\\\/uploads\\\/2016\\\/02\\\/epson-GP-C831.png\",\"datePublished\":\"2016-02-16T18:59:06+00:00\",\"dateModified\":\"2021-03-13T05:37:51+00:00\",\"description\":\"\u2726 Conoce la impresora Epson GP-C831, que combina la solidez de una impresora matricial con las ventajas de la inyecci\u00f3n de tinta \u2726\",\"breadcrumb\":{\"@id\":\"https:\\\/\\\/mpi.com.es\\\/en\\\/products\\\/epson-gp-c831\\\/#breadcrumb\"},\"inLanguage\":\"en-US\",\"potentialAction\":[{\"@type\":\"ReadAction\",\"target\":[\"https:\\\/\\\/mpi.com.es\\\/en\\\/products\\\/epson-gp-c831\\\/\"]}]},{\"@type\":\"ImageObject\",\"inLanguage\":\"en-US\",\"@id\":\"https:\\\/\\\/mpi.com.es\\\/en\\\/products\\\/epson-gp-c831\\\/#primaryimage\",\"url\":\"https:\\\/\\\/mpi.com.es\\\/wp-content\\\/uploads\\\/2016\\\/02\\\/epson-GP-C831.png\",\"contentUrl\":\"https:\\\/\\\/mpi.com.es\\\/wp-content\\\/uploads\\\/2016\\\/02\\\/epson-GP-C831.png\",\"width\":389,\"height\":310},{\"@type\":\"BreadcrumbList\",\"@id\":\"https:\\\/\\\/mpi.com.es\\\/en\\\/products\\\/epson-gp-c831\\\/#breadcrumb\",\"itemListElement\":[{\"@type\":\"ListItem\",\"position\":1,\"name\":\"Portada\",\"item\":\"https:\\\/\\\/mpi.com.es\\\/en\\\/\"},{\"@type\":\"ListItem\",\"position\":2,\"name\":\"Products\",\"item\":\"https:\\\/\\\/mpi.com.es\\\/en\\\/products\\\/\"},{\"@type\":\"ListItem\",\"position\":3,\"name\":\"Epson GP-C831\"}]},{\"@type\":\"WebSite\",\"@id\":\"https:\\\/\\\/mpi.com.es\\\/en\\\/#website\",\"url\":\"https:\\\/\\\/mpi.com.es\\\/en\\\/\",\"name\":\"MPI Mantenimiento Perif\u00e9ricos Inform\u00e1ticos\",\"description\":\"Impresoras Industriales, impresi\u00f3n,alto volumen, mantenimiento, mantenimiento impresoras\",\"publisher\":{\"@id\":\"https:\\\/\\\/mpi.com.es\\\/en\\\/#organization\"},\"potentialAction\":[{\"@type\":\"SearchAction\",\"target\":{\"@type\":\"EntryPoint\",\"urlTemplate\":\"https:\\\/\\\/mpi.com.es\\\/en\\\/?s={search_term_string}\"},\"query-input\":{\"@type\":\"PropertyValueSpecification\",\"valueRequired\":true,\"valueName\":\"search_term_string\"}}],\"inLanguage\":\"en-US\"},{\"@type\":\"Organization\",\"@id\":\"https:\\\/\\\/mpi.com.es\\\/en\\\/#organization\",\"name\":\"Mantenimiento Perif\u00e9ricos Inform\u00e1ticos\",\"url\":\"https:\\\/\\\/mpi.com.es\\\/en\\\/\",\"logo\":{\"@type\":\"ImageObject\",\"inLanguage\":\"en-US\",\"@id\":\"https:\\\/\\\/mpi.com.es\\\/en\\\/#\\\/schema\\\/logo\\\/image\\\/\",\"url\":\"https:\\\/\\\/mpi.com.es\\\/wp-content\\\/uploads\\\/2019\\\/07\\\/LOGONAMING-TRANSP.png\",\"contentUrl\":\"https:\\\/\\\/mpi.com.es\\\/wp-content\\\/uploads\\\/2019\\\/07\\\/LOGONAMING-TRANSP.png\",\"width\":1573,\"height\":431,\"caption\":\"Mantenimiento Perif\u00e9ricos Inform\u00e1ticos\"},\"image\":{\"@id\":\"https:\\\/\\\/mpi.com.es\\\/en\\\/#\\\/schema\\\/logo\\\/image\\\/\"},\"sameAs\":[\"https:\\\/\\\/www.facebook.com\\\/p\\\/Mantenimiento-Perifricos-Informticos-100069020438303\"]}]}<\/script>\n<!-- \/ Yoast SEO Premium plugin. -->","yoast_head_json":{"title":"Epson GP-C831 - MPI Mantenimiento Perif\u00e9ricos Inform\u00e1ticos","description":"\u2726 Conoce la impresora Epson GP-C831, que combina la solidez de una impresora matricial con las ventajas de la inyecci\u00f3n de tinta \u2726","robots":{"index":"index","follow":"follow","max-snippet":"max-snippet:-1","max-image-preview":"max-image-preview:large","max-video-preview":"max-video-preview:-1"},"canonical":"https:\/\/mpi.com.es\/en\/products\/epson-gp-c831\/","og_locale":"en_US","og_type":"article","og_title":"Epson GP-C831","og_description":"\u2726 Conoce la impresora Epson GP-C831, que combina la solidez de una impresora matricial con las ventajas de la inyecci\u00f3n de tinta \u2726","og_url":"https:\/\/mpi.com.es\/en\/products\/epson-gp-c831\/","og_site_name":"MPI Mantenimiento Perif\u00e9ricos Inform\u00e1ticos","article_publisher":"https:\/\/www.facebook.com\/p\/Mantenimiento-Perifricos-Informticos-100069020438303","article_modified_time":"2021-03-13T05:37:51+00:00","og_image":[{"width":389,"height":310,"url":"https:\/\/mpi.com.es\/wp-content\/uploads\/2016\/02\/epson-GP-C831.png","type":"image\/png"}],"schema":{"@context":"https:\/\/schema.org","@graph":[{"@type":"WebPage","@id":"https:\/\/mpi.com.es\/en\/products\/epson-gp-c831\/","url":"https:\/\/mpi.com.es\/en\/products\/epson-gp-c831\/","name":"Epson GP-C831 - MPI Mantenimiento Perif\u00e9ricos Inform\u00e1ticos","isPartOf":{"@id":"https:\/\/mpi.com.es\/en\/#website"},"primaryImageOfPage":{"@id":"https:\/\/mpi.com.es\/en\/products\/epson-gp-c831\/#primaryimage"},"image":{"@id":"https:\/\/mpi.com.es\/en\/products\/epson-gp-c831\/#primaryimage"},"thumbnailUrl":"https:\/\/mpi.com.es\/wp-content\/uploads\/2016\/02\/epson-GP-C831.png","datePublished":"2016-02-16T18:59:06+00:00","dateModified":"2021-03-13T05:37:51+00:00","description":"\u2726 Conoce la impresora Epson GP-C831, que combina la solidez de una impresora matricial con las ventajas de la inyecci\u00f3n de tinta \u2726","breadcrumb":{"@id":"https:\/\/mpi.com.es\/en\/products\/epson-gp-c831\/#breadcrumb"},"inLanguage":"en-US","potentialAction":[{"@type":"ReadAction","target":["https:\/\/mpi.com.es\/en\/products\/epson-gp-c831\/"]}]},{"@type":"ImageObject","inLanguage":"en-US","@id":"https:\/\/mpi.com.es\/en\/products\/epson-gp-c831\/#primaryimage","url":"https:\/\/mpi.com.es\/wp-content\/uploads\/2016\/02\/epson-GP-C831.png","contentUrl":"https:\/\/mpi.com.es\/wp-content\/uploads\/2016\/02\/epson-GP-C831.png","width":389,"height":310},{"@type":"BreadcrumbList","@id":"https:\/\/mpi.com.es\/en\/products\/epson-gp-c831\/#breadcrumb","itemListElement":[{"@type":"ListItem","position":1,"name":"Portada","item":"https:\/\/mpi.com.es\/en\/"},{"@type":"ListItem","position":2,"name":"Products","item":"https:\/\/mpi.com.es\/en\/products\/"},{"@type":"ListItem","position":3,"name":"Epson GP-C831"}]},{"@type":"WebSite","@id":"https:\/\/mpi.com.es\/en\/#website","url":"https:\/\/mpi.com.es\/en\/","name":"MPI Mantenimiento Perif\u00e9ricos Inform\u00e1ticos","description":"Impresoras Industriales, impresi\u00f3n,alto volumen, mantenimiento, mantenimiento impresoras","publisher":{"@id":"https:\/\/mpi.com.es\/en\/#organization"},"potentialAction":[{"@type":"SearchAction","target":{"@type":"EntryPoint","urlTemplate":"https:\/\/mpi.com.es\/en\/?s={search_term_string}"},"query-input":{"@type":"PropertyValueSpecification","valueRequired":true,"valueName":"search_term_string"}}],"inLanguage":"en-US"},{"@type":"Organization","@id":"https:\/\/mpi.com.es\/en\/#organization","name":"Mantenimiento Perif\u00e9ricos Inform\u00e1ticos","url":"https:\/\/mpi.com.es\/en\/","logo":{"@type":"ImageObject","inLanguage":"en-US","@id":"https:\/\/mpi.com.es\/en\/#\/schema\/logo\/image\/","url":"https:\/\/mpi.com.es\/wp-content\/uploads\/2019\/07\/LOGONAMING-TRANSP.png","contentUrl":"https:\/\/mpi.com.es\/wp-content\/uploads\/2019\/07\/LOGONAMING-TRANSP.png","width":1573,"height":431,"caption":"Mantenimiento Perif\u00e9ricos Inform\u00e1ticos"},"image":{"@id":"https:\/\/mpi.com.es\/en\/#\/schema\/logo\/image\/"},"sameAs":["https:\/\/www.facebook.com\/p\/Mantenimiento-Perifricos-Informticos-100069020438303"]}]}},"_links":{"self":[{"href":"https:\/\/mpi.com.es\/en\/wp-json\/wp\/v2\/product\/5054","targetHints":{"allow":["GET"]}}],"collection":[{"href":"https:\/\/mpi.com.es\/en\/wp-json\/wp\/v2\/product"}],"about":[{"href":"https:\/\/mpi.com.es\/en\/wp-json\/wp\/v2\/types\/product"}],"wp:featuredmedia":[{"embeddable":true,"href":"https:\/\/mpi.com.es\/en\/wp-json\/wp\/v2\/media\/3756"}],"wp:attachment":[{"href":"https:\/\/mpi.com.es\/en\/wp-json\/wp\/v2\/media?parent=5054"}],"wp:term":[{"taxonomy":"brand","embeddable":true,"href":"https:\/\/mpi.com.es\/en\/wp-json\/wp\/v2\/brand?post=5054"},{"taxonomy":"family","embeddable":true,"href":"https:\/\/mpi.com.es\/en\/wp-json\/wp\/v2\/family?post=5054"},{"taxonomy":"support","embeddable":true,"href":"https:\/\/mpi.com.es\/en\/wp-json\/wp\/v2\/support?post=5054"},{"taxonomy":"technology","embeddable":true,"href":"https:\/\/mpi.com.es\/en\/wp-json\/wp\/v2\/technology?post=5054"},{"taxonomy":"feature","embeddable":true,"href":"https:\/\/mpi.com.es\/en\/wp-json\/wp\/v2\/feature?post=5054"}],"curies":[{"name":"wp","href":"https:\/\/api.w.org\/{rel}","templated":true}]}}