{"id":5047,"date":"2016-02-23T12:38:38","date_gmt":"2016-02-23T11:38:38","guid":{"rendered":"https:\/\/mpi.com.es\/products\/sato-cl4nx-2\/"},"modified":"2019-07-21T11:09:10","modified_gmt":"2019-07-21T09:09:10","slug":"sato-cl4nx-cl6nx","status":"publish","type":"product","link":"https:\/\/mpi.com.es\/en\/products\/sato-cl4nx-cl6nx\/","title":{"rendered":"Sato CL4NX \/ CL6NX"},"content":{"rendered":"","protected":false},"featured_media":3768,"template":"","meta":{"_acf_changed":false},"brand":[751,750,753],"family":[827,849,838,836,850],"support":[814,815],"technology":[810,811],"feature":[860],"class_list":["post-5047","product","type-product","status-publish","has-post-thumbnail","hentry","brand-sato-fr","brand-sato-en","brand-sato-printers-en","family-discontinued-model","family-imprimantes-thermiques","family-industrial-printers","family-printers","family-thermal-printers","support-bobine-de-papier-ou-papier-continu","support-roll-paper-fanfold-paper","technology-thermal-printer","technology-thermique","feature-print-wide-4-inches-1016-mm"],"acf":[],"yoast_head":"<!-- This site is optimized with the Yoast SEO Premium plugin v26.5 (Yoast SEO v27.4) - https:\/\/yoast.com\/product\/yoast-seo-premium-wordpress\/ -->\n<title>CL4NX and CL6NX family of SATO Universal Industrial Label Printers MPI<\/title>\n<meta name=\"description\" content=\"CL4NX and CL6NX Durable Reliable Reduce costs, improve accuracy,enhance security and increase customer satisfaction, all while tracking and tracing goods.\" \/>\n<meta name=\"robots\" content=\"index, follow, max-snippet:-1, max-image-preview:large, max-video-preview:-1\" \/>\n<link rel=\"canonical\" href=\"https:\/\/mpi.com.es\/en\/products\/sato-cl4nx-cl6nx\/\" \/>\n<meta property=\"og:locale\" content=\"en_US\" \/>\n<meta property=\"og:type\" content=\"article\" \/>\n<meta property=\"og:title\" content=\"Sato CL4NX \/ CL6NX\" \/>\n<meta property=\"og:description\" content=\"CL4NX and CL6NX Durable Reliable Reduce costs, improve accuracy,enhance security and increase customer satisfaction, all while tracking and tracing goods.\" \/>\n<meta property=\"og:url\" content=\"https:\/\/mpi.com.es\/en\/products\/sato-cl4nx-cl6nx\/\" \/>\n<meta property=\"og:site_name\" content=\"MPI Mantenimiento Perif\u00e9ricos Inform\u00e1ticos\" \/>\n<meta property=\"article:publisher\" content=\"https:\/\/www.facebook.com\/p\/Mantenimiento-Perifricos-Informticos-100069020438303\" \/>\n<meta property=\"article:modified_time\" content=\"2019-07-21T09:09:10+00:00\" \/>\n<meta property=\"og:image\" content=\"https:\/\/mpi.com.es\/wp-content\/uploads\/2016\/02\/Impresora-Sato-CL6NX.jpg\" \/>\n\t<meta property=\"og:image:width\" content=\"333\" \/>\n\t<meta property=\"og:image:height\" content=\"333\" \/>\n\t<meta property=\"og:image:type\" content=\"image\/jpeg\" \/>\n<script type=\"application\/ld+json\" class=\"yoast-schema-graph\">{\"@context\":\"https:\\\/\\\/schema.org\",\"@graph\":[{\"@type\":\"WebPage\",\"@id\":\"https:\\\/\\\/mpi.com.es\\\/en\\\/products\\\/sato-cl4nx-cl6nx\\\/\",\"url\":\"https:\\\/\\\/mpi.com.es\\\/en\\\/products\\\/sato-cl4nx-cl6nx\\\/\",\"name\":\"CL4NX and CL6NX family of SATO Universal Industrial Label Printers MPI\",\"isPartOf\":{\"@id\":\"https:\\\/\\\/mpi.com.es\\\/en\\\/#website\"},\"primaryImageOfPage\":{\"@id\":\"https:\\\/\\\/mpi.com.es\\\/en\\\/products\\\/sato-cl4nx-cl6nx\\\/#primaryimage\"},\"image\":{\"@id\":\"https:\\\/\\\/mpi.com.es\\\/en\\\/products\\\/sato-cl4nx-cl6nx\\\/#primaryimage\"},\"thumbnailUrl\":\"https:\\\/\\\/mpi.com.es\\\/wp-content\\\/uploads\\\/2016\\\/02\\\/Impresora-Sato-CL6NX.jpg\",\"datePublished\":\"2016-02-23T11:38:38+00:00\",\"dateModified\":\"2019-07-21T09:09:10+00:00\",\"description\":\"CL4NX and CL6NX Durable Reliable Reduce costs, improve accuracy,enhance security and increase customer satisfaction, all while tracking and tracing goods.\",\"breadcrumb\":{\"@id\":\"https:\\\/\\\/mpi.com.es\\\/en\\\/products\\\/sato-cl4nx-cl6nx\\\/#breadcrumb\"},\"inLanguage\":\"en-US\",\"potentialAction\":[{\"@type\":\"ReadAction\",\"target\":[\"https:\\\/\\\/mpi.com.es\\\/en\\\/products\\\/sato-cl4nx-cl6nx\\\/\"]}]},{\"@type\":\"ImageObject\",\"inLanguage\":\"en-US\",\"@id\":\"https:\\\/\\\/mpi.com.es\\\/en\\\/products\\\/sato-cl4nx-cl6nx\\\/#primaryimage\",\"url\":\"https:\\\/\\\/mpi.com.es\\\/wp-content\\\/uploads\\\/2016\\\/02\\\/Impresora-Sato-CL6NX.jpg\",\"contentUrl\":\"https:\\\/\\\/mpi.com.es\\\/wp-content\\\/uploads\\\/2016\\\/02\\\/Impresora-Sato-CL6NX.jpg\",\"width\":333,\"height\":333,\"caption\":\"impresora sato CL4NX CL6NX\"},{\"@type\":\"BreadcrumbList\",\"@id\":\"https:\\\/\\\/mpi.com.es\\\/en\\\/products\\\/sato-cl4nx-cl6nx\\\/#breadcrumb\",\"itemListElement\":[{\"@type\":\"ListItem\",\"position\":1,\"name\":\"Portada\",\"item\":\"https:\\\/\\\/mpi.com.es\\\/en\\\/\"},{\"@type\":\"ListItem\",\"position\":2,\"name\":\"Products\",\"item\":\"https:\\\/\\\/mpi.com.es\\\/en\\\/products\\\/\"},{\"@type\":\"ListItem\",\"position\":3,\"name\":\"Sato CL4NX \\\/ CL6NX\"}]},{\"@type\":\"WebSite\",\"@id\":\"https:\\\/\\\/mpi.com.es\\\/en\\\/#website\",\"url\":\"https:\\\/\\\/mpi.com.es\\\/en\\\/\",\"name\":\"MPI Mantenimiento Perif\u00e9ricos Inform\u00e1ticos\",\"description\":\"Impresoras Industriales, impresi\u00f3n,alto volumen, mantenimiento, mantenimiento impresoras\",\"publisher\":{\"@id\":\"https:\\\/\\\/mpi.com.es\\\/en\\\/#organization\"},\"potentialAction\":[{\"@type\":\"SearchAction\",\"target\":{\"@type\":\"EntryPoint\",\"urlTemplate\":\"https:\\\/\\\/mpi.com.es\\\/en\\\/?s={search_term_string}\"},\"query-input\":{\"@type\":\"PropertyValueSpecification\",\"valueRequired\":true,\"valueName\":\"search_term_string\"}}],\"inLanguage\":\"en-US\"},{\"@type\":\"Organization\",\"@id\":\"https:\\\/\\\/mpi.com.es\\\/en\\\/#organization\",\"name\":\"Mantenimiento Perif\u00e9ricos Inform\u00e1ticos\",\"url\":\"https:\\\/\\\/mpi.com.es\\\/en\\\/\",\"logo\":{\"@type\":\"ImageObject\",\"inLanguage\":\"en-US\",\"@id\":\"https:\\\/\\\/mpi.com.es\\\/en\\\/#\\\/schema\\\/logo\\\/image\\\/\",\"url\":\"https:\\\/\\\/mpi.com.es\\\/wp-content\\\/uploads\\\/2019\\\/07\\\/LOGONAMING-TRANSP.png\",\"contentUrl\":\"https:\\\/\\\/mpi.com.es\\\/wp-content\\\/uploads\\\/2019\\\/07\\\/LOGONAMING-TRANSP.png\",\"width\":1573,\"height\":431,\"caption\":\"Mantenimiento Perif\u00e9ricos Inform\u00e1ticos\"},\"image\":{\"@id\":\"https:\\\/\\\/mpi.com.es\\\/en\\\/#\\\/schema\\\/logo\\\/image\\\/\"},\"sameAs\":[\"https:\\\/\\\/www.facebook.com\\\/p\\\/Mantenimiento-Perifricos-Informticos-100069020438303\"]}]}<\/script>\n<!-- \/ Yoast SEO Premium plugin. -->","yoast_head_json":{"title":"CL4NX and CL6NX family of SATO Universal Industrial Label Printers MPI","description":"CL4NX and CL6NX Durable Reliable Reduce costs, improve accuracy,enhance security and increase customer satisfaction, all while tracking and tracing goods.","robots":{"index":"index","follow":"follow","max-snippet":"max-snippet:-1","max-image-preview":"max-image-preview:large","max-video-preview":"max-video-preview:-1"},"canonical":"https:\/\/mpi.com.es\/en\/products\/sato-cl4nx-cl6nx\/","og_locale":"en_US","og_type":"article","og_title":"Sato CL4NX \/ CL6NX","og_description":"CL4NX and CL6NX Durable Reliable Reduce costs, improve accuracy,enhance security and increase customer satisfaction, all while tracking and tracing goods.","og_url":"https:\/\/mpi.com.es\/en\/products\/sato-cl4nx-cl6nx\/","og_site_name":"MPI Mantenimiento Perif\u00e9ricos Inform\u00e1ticos","article_publisher":"https:\/\/www.facebook.com\/p\/Mantenimiento-Perifricos-Informticos-100069020438303","article_modified_time":"2019-07-21T09:09:10+00:00","og_image":[{"width":333,"height":333,"url":"https:\/\/mpi.com.es\/wp-content\/uploads\/2016\/02\/Impresora-Sato-CL6NX.jpg","type":"image\/jpeg"}],"schema":{"@context":"https:\/\/schema.org","@graph":[{"@type":"WebPage","@id":"https:\/\/mpi.com.es\/en\/products\/sato-cl4nx-cl6nx\/","url":"https:\/\/mpi.com.es\/en\/products\/sato-cl4nx-cl6nx\/","name":"CL4NX and CL6NX family of SATO Universal Industrial Label Printers MPI","isPartOf":{"@id":"https:\/\/mpi.com.es\/en\/#website"},"primaryImageOfPage":{"@id":"https:\/\/mpi.com.es\/en\/products\/sato-cl4nx-cl6nx\/#primaryimage"},"image":{"@id":"https:\/\/mpi.com.es\/en\/products\/sato-cl4nx-cl6nx\/#primaryimage"},"thumbnailUrl":"https:\/\/mpi.com.es\/wp-content\/uploads\/2016\/02\/Impresora-Sato-CL6NX.jpg","datePublished":"2016-02-23T11:38:38+00:00","dateModified":"2019-07-21T09:09:10+00:00","description":"CL4NX and CL6NX Durable Reliable Reduce costs, improve accuracy,enhance security and increase customer satisfaction, all while tracking and tracing goods.","breadcrumb":{"@id":"https:\/\/mpi.com.es\/en\/products\/sato-cl4nx-cl6nx\/#breadcrumb"},"inLanguage":"en-US","potentialAction":[{"@type":"ReadAction","target":["https:\/\/mpi.com.es\/en\/products\/sato-cl4nx-cl6nx\/"]}]},{"@type":"ImageObject","inLanguage":"en-US","@id":"https:\/\/mpi.com.es\/en\/products\/sato-cl4nx-cl6nx\/#primaryimage","url":"https:\/\/mpi.com.es\/wp-content\/uploads\/2016\/02\/Impresora-Sato-CL6NX.jpg","contentUrl":"https:\/\/mpi.com.es\/wp-content\/uploads\/2016\/02\/Impresora-Sato-CL6NX.jpg","width":333,"height":333,"caption":"impresora sato CL4NX CL6NX"},{"@type":"BreadcrumbList","@id":"https:\/\/mpi.com.es\/en\/products\/sato-cl4nx-cl6nx\/#breadcrumb","itemListElement":[{"@type":"ListItem","position":1,"name":"Portada","item":"https:\/\/mpi.com.es\/en\/"},{"@type":"ListItem","position":2,"name":"Products","item":"https:\/\/mpi.com.es\/en\/products\/"},{"@type":"ListItem","position":3,"name":"Sato CL4NX \/ CL6NX"}]},{"@type":"WebSite","@id":"https:\/\/mpi.com.es\/en\/#website","url":"https:\/\/mpi.com.es\/en\/","name":"MPI Mantenimiento Perif\u00e9ricos Inform\u00e1ticos","description":"Impresoras Industriales, impresi\u00f3n,alto volumen, mantenimiento, mantenimiento impresoras","publisher":{"@id":"https:\/\/mpi.com.es\/en\/#organization"},"potentialAction":[{"@type":"SearchAction","target":{"@type":"EntryPoint","urlTemplate":"https:\/\/mpi.com.es\/en\/?s={search_term_string}"},"query-input":{"@type":"PropertyValueSpecification","valueRequired":true,"valueName":"search_term_string"}}],"inLanguage":"en-US"},{"@type":"Organization","@id":"https:\/\/mpi.com.es\/en\/#organization","name":"Mantenimiento Perif\u00e9ricos Inform\u00e1ticos","url":"https:\/\/mpi.com.es\/en\/","logo":{"@type":"ImageObject","inLanguage":"en-US","@id":"https:\/\/mpi.com.es\/en\/#\/schema\/logo\/image\/","url":"https:\/\/mpi.com.es\/wp-content\/uploads\/2019\/07\/LOGONAMING-TRANSP.png","contentUrl":"https:\/\/mpi.com.es\/wp-content\/uploads\/2019\/07\/LOGONAMING-TRANSP.png","width":1573,"height":431,"caption":"Mantenimiento Perif\u00e9ricos Inform\u00e1ticos"},"image":{"@id":"https:\/\/mpi.com.es\/en\/#\/schema\/logo\/image\/"},"sameAs":["https:\/\/www.facebook.com\/p\/Mantenimiento-Perifricos-Informticos-100069020438303"]}]}},"_links":{"self":[{"href":"https:\/\/mpi.com.es\/en\/wp-json\/wp\/v2\/product\/5047","targetHints":{"allow":["GET"]}}],"collection":[{"href":"https:\/\/mpi.com.es\/en\/wp-json\/wp\/v2\/product"}],"about":[{"href":"https:\/\/mpi.com.es\/en\/wp-json\/wp\/v2\/types\/product"}],"wp:featuredmedia":[{"embeddable":true,"href":"https:\/\/mpi.com.es\/en\/wp-json\/wp\/v2\/media\/3768"}],"wp:attachment":[{"href":"https:\/\/mpi.com.es\/en\/wp-json\/wp\/v2\/media?parent=5047"}],"wp:term":[{"taxonomy":"brand","embeddable":true,"href":"https:\/\/mpi.com.es\/en\/wp-json\/wp\/v2\/brand?post=5047"},{"taxonomy":"family","embeddable":true,"href":"https:\/\/mpi.com.es\/en\/wp-json\/wp\/v2\/family?post=5047"},{"taxonomy":"support","embeddable":true,"href":"https:\/\/mpi.com.es\/en\/wp-json\/wp\/v2\/support?post=5047"},{"taxonomy":"technology","embeddable":true,"href":"https:\/\/mpi.com.es\/en\/wp-json\/wp\/v2\/technology?post=5047"},{"taxonomy":"feature","embeddable":true,"href":"https:\/\/mpi.com.es\/en\/wp-json\/wp\/v2\/feature?post=5047"}],"curies":[{"name":"wp","href":"https:\/\/api.w.org\/{rel}","templated":true}]}}