{"id":5019,"date":"2016-05-11T13:45:55","date_gmt":"2016-05-11T11:45:55","guid":{"rendered":"https:\/\/mpi.com.es\/products\/intermec-pd43\/"},"modified":"2022-01-29T10:07:29","modified_gmt":"2022-01-29T09:07:29","slug":"intermec-pd43","status":"publish","type":"product","link":"https:\/\/mpi.com.es\/en\/products\/intermec-pd43\/","title":{"rendered":"Intermec PD43"},"content":{"rendered":"","protected":false},"featured_media":3902,"template":"","meta":{"_acf_changed":false},"brand":[723,6868],"family":[850],"support":[815],"technology":[810],"feature":[],"class_list":["post-5019","product","type-product","status-publish","has-post-thumbnail","hentry","brand-intermec-en","brand-intermec-printers","family-thermal-printers","support-roll-paper-fanfold-paper","technology-thermal-printer"],"acf":[],"yoast_head":"<!-- This site is optimized with the Yoast SEO Premium plugin v26.5 (Yoast SEO v27.4) - https:\/\/yoast.com\/product\/yoast-seo-premium-wordpress\/ -->\n<title>Intermec PD43 Very Compact, Intelligent and Industrial MPI Distributor<\/title>\n<meta name=\"description\" content=\"Intermec PD43 printer, the latest printing innovations in a compact and affordable package. The PD series, ideal for narrow spaces, shallow counters and removable cabinets, was designed to offer good printing performance while occupying as little space as possible and without losing quality.\" \/>\n<meta name=\"robots\" content=\"index, follow, max-snippet:-1, max-image-preview:large, max-video-preview:-1\" \/>\n<link rel=\"canonical\" href=\"https:\/\/mpi.com.es\/en\/products\/intermec-pd43\/\" \/>\n<meta property=\"og:locale\" content=\"en_US\" \/>\n<meta property=\"og:type\" content=\"article\" \/>\n<meta property=\"og:title\" content=\"Intermec PD43\" \/>\n<meta property=\"og:description\" content=\"Intermec PD43 printer, the latest printing innovations in a compact and affordable package. The PD series, ideal for narrow spaces, shallow counters and removable cabinets, was designed to offer good printing performance while occupying as little space as possible and without losing quality.\" \/>\n<meta property=\"og:url\" content=\"https:\/\/mpi.com.es\/en\/products\/intermec-pd43\/\" \/>\n<meta property=\"og:site_name\" content=\"MPI Mantenimiento Perif\u00e9ricos Inform\u00e1ticos\" \/>\n<meta property=\"article:publisher\" content=\"https:\/\/www.facebook.com\/p\/Mantenimiento-Perifricos-Informticos-100069020438303\" \/>\n<meta property=\"article:modified_time\" content=\"2022-01-29T09:07:29+00:00\" \/>\n<meta property=\"og:image\" content=\"https:\/\/mpi.com.es\/wp-content\/uploads\/2016\/05\/impresora-Intermec-pd43.jpg\" \/>\n\t<meta property=\"og:image:width\" content=\"225\" \/>\n\t<meta property=\"og:image:height\" content=\"225\" \/>\n\t<meta property=\"og:image:type\" content=\"image\/jpeg\" \/>\n<script type=\"application\/ld+json\" class=\"yoast-schema-graph\">{\"@context\":\"https:\\\/\\\/schema.org\",\"@graph\":[{\"@type\":\"WebPage\",\"@id\":\"https:\\\/\\\/mpi.com.es\\\/en\\\/products\\\/intermec-pd43\\\/\",\"url\":\"https:\\\/\\\/mpi.com.es\\\/en\\\/products\\\/intermec-pd43\\\/\",\"name\":\"Intermec PD43 Very Compact, Intelligent and Industrial MPI Distributor\",\"isPartOf\":{\"@id\":\"https:\\\/\\\/mpi.com.es\\\/en\\\/#website\"},\"primaryImageOfPage\":{\"@id\":\"https:\\\/\\\/mpi.com.es\\\/en\\\/products\\\/intermec-pd43\\\/#primaryimage\"},\"image\":{\"@id\":\"https:\\\/\\\/mpi.com.es\\\/en\\\/products\\\/intermec-pd43\\\/#primaryimage\"},\"thumbnailUrl\":\"https:\\\/\\\/mpi.com.es\\\/wp-content\\\/uploads\\\/2016\\\/05\\\/impresora-Intermec-pd43.jpg\",\"datePublished\":\"2016-05-11T11:45:55+00:00\",\"dateModified\":\"2022-01-29T09:07:29+00:00\",\"description\":\"Intermec PD43 printer, the latest printing innovations in a compact and affordable package. The PD series, ideal for narrow spaces, shallow counters and removable cabinets, was designed to offer good printing performance while occupying as little space as possible and without losing quality.\",\"breadcrumb\":{\"@id\":\"https:\\\/\\\/mpi.com.es\\\/en\\\/products\\\/intermec-pd43\\\/#breadcrumb\"},\"inLanguage\":\"en-US\",\"potentialAction\":[{\"@type\":\"ReadAction\",\"target\":[\"https:\\\/\\\/mpi.com.es\\\/en\\\/products\\\/intermec-pd43\\\/\"]}]},{\"@type\":\"ImageObject\",\"inLanguage\":\"en-US\",\"@id\":\"https:\\\/\\\/mpi.com.es\\\/en\\\/products\\\/intermec-pd43\\\/#primaryimage\",\"url\":\"https:\\\/\\\/mpi.com.es\\\/wp-content\\\/uploads\\\/2016\\\/05\\\/impresora-Intermec-pd43.jpg\",\"contentUrl\":\"https:\\\/\\\/mpi.com.es\\\/wp-content\\\/uploads\\\/2016\\\/05\\\/impresora-Intermec-pd43.jpg\",\"width\":225,\"height\":225,\"caption\":\"intermec pd43\"},{\"@type\":\"BreadcrumbList\",\"@id\":\"https:\\\/\\\/mpi.com.es\\\/en\\\/products\\\/intermec-pd43\\\/#breadcrumb\",\"itemListElement\":[{\"@type\":\"ListItem\",\"position\":1,\"name\":\"Portada\",\"item\":\"https:\\\/\\\/mpi.com.es\\\/en\\\/\"},{\"@type\":\"ListItem\",\"position\":2,\"name\":\"Products\",\"item\":\"https:\\\/\\\/mpi.com.es\\\/en\\\/products\\\/\"},{\"@type\":\"ListItem\",\"position\":3,\"name\":\"Intermec PD43\"}]},{\"@type\":\"WebSite\",\"@id\":\"https:\\\/\\\/mpi.com.es\\\/en\\\/#website\",\"url\":\"https:\\\/\\\/mpi.com.es\\\/en\\\/\",\"name\":\"MPI Mantenimiento Perif\u00e9ricos Inform\u00e1ticos\",\"description\":\"Impresoras Industriales, impresi\u00f3n,alto volumen, mantenimiento, mantenimiento impresoras\",\"publisher\":{\"@id\":\"https:\\\/\\\/mpi.com.es\\\/en\\\/#organization\"},\"potentialAction\":[{\"@type\":\"SearchAction\",\"target\":{\"@type\":\"EntryPoint\",\"urlTemplate\":\"https:\\\/\\\/mpi.com.es\\\/en\\\/?s={search_term_string}\"},\"query-input\":{\"@type\":\"PropertyValueSpecification\",\"valueRequired\":true,\"valueName\":\"search_term_string\"}}],\"inLanguage\":\"en-US\"},{\"@type\":\"Organization\",\"@id\":\"https:\\\/\\\/mpi.com.es\\\/en\\\/#organization\",\"name\":\"Mantenimiento Perif\u00e9ricos Inform\u00e1ticos\",\"url\":\"https:\\\/\\\/mpi.com.es\\\/en\\\/\",\"logo\":{\"@type\":\"ImageObject\",\"inLanguage\":\"en-US\",\"@id\":\"https:\\\/\\\/mpi.com.es\\\/en\\\/#\\\/schema\\\/logo\\\/image\\\/\",\"url\":\"https:\\\/\\\/mpi.com.es\\\/wp-content\\\/uploads\\\/2019\\\/07\\\/LOGONAMING-TRANSP.png\",\"contentUrl\":\"https:\\\/\\\/mpi.com.es\\\/wp-content\\\/uploads\\\/2019\\\/07\\\/LOGONAMING-TRANSP.png\",\"width\":1573,\"height\":431,\"caption\":\"Mantenimiento Perif\u00e9ricos Inform\u00e1ticos\"},\"image\":{\"@id\":\"https:\\\/\\\/mpi.com.es\\\/en\\\/#\\\/schema\\\/logo\\\/image\\\/\"},\"sameAs\":[\"https:\\\/\\\/www.facebook.com\\\/p\\\/Mantenimiento-Perifricos-Informticos-100069020438303\"]}]}<\/script>\n<!-- \/ Yoast SEO Premium plugin. -->","yoast_head_json":{"title":"Intermec PD43 Very Compact, Intelligent and Industrial MPI Distributor","description":"Intermec PD43 printer, the latest printing innovations in a compact and affordable package. The PD series, ideal for narrow spaces, shallow counters and removable cabinets, was designed to offer good printing performance while occupying as little space as possible and without losing quality.","robots":{"index":"index","follow":"follow","max-snippet":"max-snippet:-1","max-image-preview":"max-image-preview:large","max-video-preview":"max-video-preview:-1"},"canonical":"https:\/\/mpi.com.es\/en\/products\/intermec-pd43\/","og_locale":"en_US","og_type":"article","og_title":"Intermec PD43","og_description":"Intermec PD43 printer, the latest printing innovations in a compact and affordable package. The PD series, ideal for narrow spaces, shallow counters and removable cabinets, was designed to offer good printing performance while occupying as little space as possible and without losing quality.","og_url":"https:\/\/mpi.com.es\/en\/products\/intermec-pd43\/","og_site_name":"MPI Mantenimiento Perif\u00e9ricos Inform\u00e1ticos","article_publisher":"https:\/\/www.facebook.com\/p\/Mantenimiento-Perifricos-Informticos-100069020438303","article_modified_time":"2022-01-29T09:07:29+00:00","og_image":[{"width":225,"height":225,"url":"https:\/\/mpi.com.es\/wp-content\/uploads\/2016\/05\/impresora-Intermec-pd43.jpg","type":"image\/jpeg"}],"schema":{"@context":"https:\/\/schema.org","@graph":[{"@type":"WebPage","@id":"https:\/\/mpi.com.es\/en\/products\/intermec-pd43\/","url":"https:\/\/mpi.com.es\/en\/products\/intermec-pd43\/","name":"Intermec PD43 Very Compact, Intelligent and Industrial MPI Distributor","isPartOf":{"@id":"https:\/\/mpi.com.es\/en\/#website"},"primaryImageOfPage":{"@id":"https:\/\/mpi.com.es\/en\/products\/intermec-pd43\/#primaryimage"},"image":{"@id":"https:\/\/mpi.com.es\/en\/products\/intermec-pd43\/#primaryimage"},"thumbnailUrl":"https:\/\/mpi.com.es\/wp-content\/uploads\/2016\/05\/impresora-Intermec-pd43.jpg","datePublished":"2016-05-11T11:45:55+00:00","dateModified":"2022-01-29T09:07:29+00:00","description":"Intermec PD43 printer, the latest printing innovations in a compact and affordable package. The PD series, ideal for narrow spaces, shallow counters and removable cabinets, was designed to offer good printing performance while occupying as little space as possible and without losing quality.","breadcrumb":{"@id":"https:\/\/mpi.com.es\/en\/products\/intermec-pd43\/#breadcrumb"},"inLanguage":"en-US","potentialAction":[{"@type":"ReadAction","target":["https:\/\/mpi.com.es\/en\/products\/intermec-pd43\/"]}]},{"@type":"ImageObject","inLanguage":"en-US","@id":"https:\/\/mpi.com.es\/en\/products\/intermec-pd43\/#primaryimage","url":"https:\/\/mpi.com.es\/wp-content\/uploads\/2016\/05\/impresora-Intermec-pd43.jpg","contentUrl":"https:\/\/mpi.com.es\/wp-content\/uploads\/2016\/05\/impresora-Intermec-pd43.jpg","width":225,"height":225,"caption":"intermec pd43"},{"@type":"BreadcrumbList","@id":"https:\/\/mpi.com.es\/en\/products\/intermec-pd43\/#breadcrumb","itemListElement":[{"@type":"ListItem","position":1,"name":"Portada","item":"https:\/\/mpi.com.es\/en\/"},{"@type":"ListItem","position":2,"name":"Products","item":"https:\/\/mpi.com.es\/en\/products\/"},{"@type":"ListItem","position":3,"name":"Intermec PD43"}]},{"@type":"WebSite","@id":"https:\/\/mpi.com.es\/en\/#website","url":"https:\/\/mpi.com.es\/en\/","name":"MPI Mantenimiento Perif\u00e9ricos Inform\u00e1ticos","description":"Impresoras Industriales, impresi\u00f3n,alto volumen, mantenimiento, mantenimiento impresoras","publisher":{"@id":"https:\/\/mpi.com.es\/en\/#organization"},"potentialAction":[{"@type":"SearchAction","target":{"@type":"EntryPoint","urlTemplate":"https:\/\/mpi.com.es\/en\/?s={search_term_string}"},"query-input":{"@type":"PropertyValueSpecification","valueRequired":true,"valueName":"search_term_string"}}],"inLanguage":"en-US"},{"@type":"Organization","@id":"https:\/\/mpi.com.es\/en\/#organization","name":"Mantenimiento Perif\u00e9ricos Inform\u00e1ticos","url":"https:\/\/mpi.com.es\/en\/","logo":{"@type":"ImageObject","inLanguage":"en-US","@id":"https:\/\/mpi.com.es\/en\/#\/schema\/logo\/image\/","url":"https:\/\/mpi.com.es\/wp-content\/uploads\/2019\/07\/LOGONAMING-TRANSP.png","contentUrl":"https:\/\/mpi.com.es\/wp-content\/uploads\/2019\/07\/LOGONAMING-TRANSP.png","width":1573,"height":431,"caption":"Mantenimiento Perif\u00e9ricos Inform\u00e1ticos"},"image":{"@id":"https:\/\/mpi.com.es\/en\/#\/schema\/logo\/image\/"},"sameAs":["https:\/\/www.facebook.com\/p\/Mantenimiento-Perifricos-Informticos-100069020438303"]}]}},"_links":{"self":[{"href":"https:\/\/mpi.com.es\/en\/wp-json\/wp\/v2\/product\/5019","targetHints":{"allow":["GET"]}}],"collection":[{"href":"https:\/\/mpi.com.es\/en\/wp-json\/wp\/v2\/product"}],"about":[{"href":"https:\/\/mpi.com.es\/en\/wp-json\/wp\/v2\/types\/product"}],"wp:featuredmedia":[{"embeddable":true,"href":"https:\/\/mpi.com.es\/en\/wp-json\/wp\/v2\/media\/3902"}],"wp:attachment":[{"href":"https:\/\/mpi.com.es\/en\/wp-json\/wp\/v2\/media?parent=5019"}],"wp:term":[{"taxonomy":"brand","embeddable":true,"href":"https:\/\/mpi.com.es\/en\/wp-json\/wp\/v2\/brand?post=5019"},{"taxonomy":"family","embeddable":true,"href":"https:\/\/mpi.com.es\/en\/wp-json\/wp\/v2\/family?post=5019"},{"taxonomy":"support","embeddable":true,"href":"https:\/\/mpi.com.es\/en\/wp-json\/wp\/v2\/support?post=5019"},{"taxonomy":"technology","embeddable":true,"href":"https:\/\/mpi.com.es\/en\/wp-json\/wp\/v2\/technology?post=5019"},{"taxonomy":"feature","embeddable":true,"href":"https:\/\/mpi.com.es\/en\/wp-json\/wp\/v2\/feature?post=5019"}],"curies":[{"name":"wp","href":"https:\/\/api.w.org\/{rel}","templated":true}]}}