{"id":5014,"date":"2016-05-16T09:40:24","date_gmt":"2016-05-16T07:40:24","guid":{"rendered":"https:\/\/mpi.com.es\/products\/zebra-ls3408-er\/"},"modified":"2020-02-09T09:27:24","modified_gmt":"2020-02-09T08:27:24","slug":"zebra-ls3408-er","status":"publish","type":"product","link":"https:\/\/mpi.com.es\/en\/products\/zebra-ls3408-er\/","title":{"rendered":"Zebra LS3408-ER"},"content":{"rendered":"","protected":false},"featured_media":3984,"template":"","meta":{"_acf_changed":false},"brand":[772],"family":[826,827],"support":[],"technology":[803],"feature":[],"class_list":["post-5014","product","type-product","status-publish","has-post-thumbnail","hentry","brand-zebra-barcode-reader","family-bar-code-readers","family-discontinued-model","technology-1d-barcode-reader"],"acf":[],"yoast_head":"<!-- This site is optimized with the Yoast SEO Premium plugin v26.5 (Yoast SEO v27.4) - https:\/\/yoast.com\/product\/yoast-seo-premium-wordpress\/ -->\n<title>Zebra LS3408-ER - MPI Mantenimiento Perif\u00e9ricos Inform\u00e1ticos<\/title>\n<meta name=\"description\" content=\"El resistente esc\u00e1ner de mano Zebra LS3408-ER de Zebra proporciona rendimiento versatilidad superiores para aplicaciones industriales con un escaneado...\" \/>\n<meta name=\"robots\" content=\"index, follow, max-snippet:-1, max-image-preview:large, max-video-preview:-1\" \/>\n<link rel=\"canonical\" href=\"https:\/\/mpi.com.es\/en\/products\/zebra-ls3408-er\/\" \/>\n<meta property=\"og:locale\" content=\"en_US\" \/>\n<meta property=\"og:type\" content=\"article\" \/>\n<meta property=\"og:title\" content=\"Zebra LS3408-ER\" \/>\n<meta property=\"og:description\" content=\"El resistente esc\u00e1ner de mano Zebra LS3408-ER de Zebra proporciona rendimiento versatilidad superiores para aplicaciones industriales con un escaneado...\" \/>\n<meta property=\"og:url\" content=\"https:\/\/mpi.com.es\/en\/products\/zebra-ls3408-er\/\" \/>\n<meta property=\"og:site_name\" content=\"MPI Mantenimiento Perif\u00e9ricos Inform\u00e1ticos\" \/>\n<meta property=\"article:publisher\" content=\"https:\/\/www.facebook.com\/p\/Mantenimiento-Perifricos-Informticos-100069020438303\" \/>\n<meta property=\"article:modified_time\" content=\"2020-02-09T08:27:24+00:00\" \/>\n<meta property=\"og:image\" content=\"https:\/\/mpi.com.es\/wp-content\/uploads\/2016\/05\/LS3408.png\" \/>\n\t<meta property=\"og:image:width\" content=\"342\" \/>\n\t<meta property=\"og:image:height\" content=\"453\" \/>\n\t<meta property=\"og:image:type\" content=\"image\/png\" \/>\n<script type=\"application\/ld+json\" class=\"yoast-schema-graph\">{\"@context\":\"https:\\\/\\\/schema.org\",\"@graph\":[{\"@type\":\"WebPage\",\"@id\":\"https:\\\/\\\/mpi.com.es\\\/en\\\/products\\\/zebra-ls3408-er\\\/\",\"url\":\"https:\\\/\\\/mpi.com.es\\\/en\\\/products\\\/zebra-ls3408-er\\\/\",\"name\":\"Zebra LS3408-ER - MPI Mantenimiento Perif\u00e9ricos Inform\u00e1ticos\",\"isPartOf\":{\"@id\":\"https:\\\/\\\/mpi.com.es\\\/en\\\/#website\"},\"primaryImageOfPage\":{\"@id\":\"https:\\\/\\\/mpi.com.es\\\/en\\\/products\\\/zebra-ls3408-er\\\/#primaryimage\"},\"image\":{\"@id\":\"https:\\\/\\\/mpi.com.es\\\/en\\\/products\\\/zebra-ls3408-er\\\/#primaryimage\"},\"thumbnailUrl\":\"https:\\\/\\\/mpi.com.es\\\/wp-content\\\/uploads\\\/2016\\\/05\\\/LS3408.png\",\"datePublished\":\"2016-05-16T07:40:24+00:00\",\"dateModified\":\"2020-02-09T08:27:24+00:00\",\"description\":\"El resistente esc\u00e1ner de mano Zebra LS3408-ER de Zebra proporciona rendimiento versatilidad superiores para aplicaciones industriales con un escaneado...\",\"breadcrumb\":{\"@id\":\"https:\\\/\\\/mpi.com.es\\\/en\\\/products\\\/zebra-ls3408-er\\\/#breadcrumb\"},\"inLanguage\":\"en-US\",\"potentialAction\":[{\"@type\":\"ReadAction\",\"target\":[\"https:\\\/\\\/mpi.com.es\\\/en\\\/products\\\/zebra-ls3408-er\\\/\"]}]},{\"@type\":\"ImageObject\",\"inLanguage\":\"en-US\",\"@id\":\"https:\\\/\\\/mpi.com.es\\\/en\\\/products\\\/zebra-ls3408-er\\\/#primaryimage\",\"url\":\"https:\\\/\\\/mpi.com.es\\\/wp-content\\\/uploads\\\/2016\\\/05\\\/LS3408.png\",\"contentUrl\":\"https:\\\/\\\/mpi.com.es\\\/wp-content\\\/uploads\\\/2016\\\/05\\\/LS3408.png\",\"width\":342,\"height\":453},{\"@type\":\"BreadcrumbList\",\"@id\":\"https:\\\/\\\/mpi.com.es\\\/en\\\/products\\\/zebra-ls3408-er\\\/#breadcrumb\",\"itemListElement\":[{\"@type\":\"ListItem\",\"position\":1,\"name\":\"Portada\",\"item\":\"https:\\\/\\\/mpi.com.es\\\/en\\\/\"},{\"@type\":\"ListItem\",\"position\":2,\"name\":\"Products\",\"item\":\"https:\\\/\\\/mpi.com.es\\\/en\\\/products\\\/\"},{\"@type\":\"ListItem\",\"position\":3,\"name\":\"Zebra LS3408-ER\"}]},{\"@type\":\"WebSite\",\"@id\":\"https:\\\/\\\/mpi.com.es\\\/en\\\/#website\",\"url\":\"https:\\\/\\\/mpi.com.es\\\/en\\\/\",\"name\":\"MPI Mantenimiento Perif\u00e9ricos Inform\u00e1ticos\",\"description\":\"Impresoras Industriales, impresi\u00f3n,alto volumen, mantenimiento, mantenimiento impresoras\",\"publisher\":{\"@id\":\"https:\\\/\\\/mpi.com.es\\\/en\\\/#organization\"},\"potentialAction\":[{\"@type\":\"SearchAction\",\"target\":{\"@type\":\"EntryPoint\",\"urlTemplate\":\"https:\\\/\\\/mpi.com.es\\\/en\\\/?s={search_term_string}\"},\"query-input\":{\"@type\":\"PropertyValueSpecification\",\"valueRequired\":true,\"valueName\":\"search_term_string\"}}],\"inLanguage\":\"en-US\"},{\"@type\":\"Organization\",\"@id\":\"https:\\\/\\\/mpi.com.es\\\/en\\\/#organization\",\"name\":\"Mantenimiento Perif\u00e9ricos Inform\u00e1ticos\",\"url\":\"https:\\\/\\\/mpi.com.es\\\/en\\\/\",\"logo\":{\"@type\":\"ImageObject\",\"inLanguage\":\"en-US\",\"@id\":\"https:\\\/\\\/mpi.com.es\\\/en\\\/#\\\/schema\\\/logo\\\/image\\\/\",\"url\":\"https:\\\/\\\/mpi.com.es\\\/wp-content\\\/uploads\\\/2019\\\/07\\\/LOGONAMING-TRANSP.png\",\"contentUrl\":\"https:\\\/\\\/mpi.com.es\\\/wp-content\\\/uploads\\\/2019\\\/07\\\/LOGONAMING-TRANSP.png\",\"width\":1573,\"height\":431,\"caption\":\"Mantenimiento Perif\u00e9ricos Inform\u00e1ticos\"},\"image\":{\"@id\":\"https:\\\/\\\/mpi.com.es\\\/en\\\/#\\\/schema\\\/logo\\\/image\\\/\"},\"sameAs\":[\"https:\\\/\\\/www.facebook.com\\\/p\\\/Mantenimiento-Perifricos-Informticos-100069020438303\"]}]}<\/script>\n<!-- \/ Yoast SEO Premium plugin. -->","yoast_head_json":{"title":"Zebra LS3408-ER - MPI Mantenimiento Perif\u00e9ricos Inform\u00e1ticos","description":"El resistente esc\u00e1ner de mano Zebra LS3408-ER de Zebra proporciona rendimiento versatilidad superiores para aplicaciones industriales con un escaneado...","robots":{"index":"index","follow":"follow","max-snippet":"max-snippet:-1","max-image-preview":"max-image-preview:large","max-video-preview":"max-video-preview:-1"},"canonical":"https:\/\/mpi.com.es\/en\/products\/zebra-ls3408-er\/","og_locale":"en_US","og_type":"article","og_title":"Zebra LS3408-ER","og_description":"El resistente esc\u00e1ner de mano Zebra LS3408-ER de Zebra proporciona rendimiento versatilidad superiores para aplicaciones industriales con un escaneado...","og_url":"https:\/\/mpi.com.es\/en\/products\/zebra-ls3408-er\/","og_site_name":"MPI Mantenimiento Perif\u00e9ricos Inform\u00e1ticos","article_publisher":"https:\/\/www.facebook.com\/p\/Mantenimiento-Perifricos-Informticos-100069020438303","article_modified_time":"2020-02-09T08:27:24+00:00","og_image":[{"width":342,"height":453,"url":"https:\/\/mpi.com.es\/wp-content\/uploads\/2016\/05\/LS3408.png","type":"image\/png"}],"schema":{"@context":"https:\/\/schema.org","@graph":[{"@type":"WebPage","@id":"https:\/\/mpi.com.es\/en\/products\/zebra-ls3408-er\/","url":"https:\/\/mpi.com.es\/en\/products\/zebra-ls3408-er\/","name":"Zebra LS3408-ER - MPI Mantenimiento Perif\u00e9ricos Inform\u00e1ticos","isPartOf":{"@id":"https:\/\/mpi.com.es\/en\/#website"},"primaryImageOfPage":{"@id":"https:\/\/mpi.com.es\/en\/products\/zebra-ls3408-er\/#primaryimage"},"image":{"@id":"https:\/\/mpi.com.es\/en\/products\/zebra-ls3408-er\/#primaryimage"},"thumbnailUrl":"https:\/\/mpi.com.es\/wp-content\/uploads\/2016\/05\/LS3408.png","datePublished":"2016-05-16T07:40:24+00:00","dateModified":"2020-02-09T08:27:24+00:00","description":"El resistente esc\u00e1ner de mano Zebra LS3408-ER de Zebra proporciona rendimiento versatilidad superiores para aplicaciones industriales con un escaneado...","breadcrumb":{"@id":"https:\/\/mpi.com.es\/en\/products\/zebra-ls3408-er\/#breadcrumb"},"inLanguage":"en-US","potentialAction":[{"@type":"ReadAction","target":["https:\/\/mpi.com.es\/en\/products\/zebra-ls3408-er\/"]}]},{"@type":"ImageObject","inLanguage":"en-US","@id":"https:\/\/mpi.com.es\/en\/products\/zebra-ls3408-er\/#primaryimage","url":"https:\/\/mpi.com.es\/wp-content\/uploads\/2016\/05\/LS3408.png","contentUrl":"https:\/\/mpi.com.es\/wp-content\/uploads\/2016\/05\/LS3408.png","width":342,"height":453},{"@type":"BreadcrumbList","@id":"https:\/\/mpi.com.es\/en\/products\/zebra-ls3408-er\/#breadcrumb","itemListElement":[{"@type":"ListItem","position":1,"name":"Portada","item":"https:\/\/mpi.com.es\/en\/"},{"@type":"ListItem","position":2,"name":"Products","item":"https:\/\/mpi.com.es\/en\/products\/"},{"@type":"ListItem","position":3,"name":"Zebra LS3408-ER"}]},{"@type":"WebSite","@id":"https:\/\/mpi.com.es\/en\/#website","url":"https:\/\/mpi.com.es\/en\/","name":"MPI Mantenimiento Perif\u00e9ricos Inform\u00e1ticos","description":"Impresoras Industriales, impresi\u00f3n,alto volumen, mantenimiento, mantenimiento impresoras","publisher":{"@id":"https:\/\/mpi.com.es\/en\/#organization"},"potentialAction":[{"@type":"SearchAction","target":{"@type":"EntryPoint","urlTemplate":"https:\/\/mpi.com.es\/en\/?s={search_term_string}"},"query-input":{"@type":"PropertyValueSpecification","valueRequired":true,"valueName":"search_term_string"}}],"inLanguage":"en-US"},{"@type":"Organization","@id":"https:\/\/mpi.com.es\/en\/#organization","name":"Mantenimiento Perif\u00e9ricos Inform\u00e1ticos","url":"https:\/\/mpi.com.es\/en\/","logo":{"@type":"ImageObject","inLanguage":"en-US","@id":"https:\/\/mpi.com.es\/en\/#\/schema\/logo\/image\/","url":"https:\/\/mpi.com.es\/wp-content\/uploads\/2019\/07\/LOGONAMING-TRANSP.png","contentUrl":"https:\/\/mpi.com.es\/wp-content\/uploads\/2019\/07\/LOGONAMING-TRANSP.png","width":1573,"height":431,"caption":"Mantenimiento Perif\u00e9ricos Inform\u00e1ticos"},"image":{"@id":"https:\/\/mpi.com.es\/en\/#\/schema\/logo\/image\/"},"sameAs":["https:\/\/www.facebook.com\/p\/Mantenimiento-Perifricos-Informticos-100069020438303"]}]}},"_links":{"self":[{"href":"https:\/\/mpi.com.es\/en\/wp-json\/wp\/v2\/product\/5014","targetHints":{"allow":["GET"]}}],"collection":[{"href":"https:\/\/mpi.com.es\/en\/wp-json\/wp\/v2\/product"}],"about":[{"href":"https:\/\/mpi.com.es\/en\/wp-json\/wp\/v2\/types\/product"}],"wp:featuredmedia":[{"embeddable":true,"href":"https:\/\/mpi.com.es\/en\/wp-json\/wp\/v2\/media\/3984"}],"wp:attachment":[{"href":"https:\/\/mpi.com.es\/en\/wp-json\/wp\/v2\/media?parent=5014"}],"wp:term":[{"taxonomy":"brand","embeddable":true,"href":"https:\/\/mpi.com.es\/en\/wp-json\/wp\/v2\/brand?post=5014"},{"taxonomy":"family","embeddable":true,"href":"https:\/\/mpi.com.es\/en\/wp-json\/wp\/v2\/family?post=5014"},{"taxonomy":"support","embeddable":true,"href":"https:\/\/mpi.com.es\/en\/wp-json\/wp\/v2\/support?post=5014"},{"taxonomy":"technology","embeddable":true,"href":"https:\/\/mpi.com.es\/en\/wp-json\/wp\/v2\/technology?post=5014"},{"taxonomy":"feature","embeddable":true,"href":"https:\/\/mpi.com.es\/en\/wp-json\/wp\/v2\/feature?post=5014"}],"curies":[{"name":"wp","href":"https:\/\/api.w.org\/{rel}","templated":true}]}}