{"id":4992,"date":"2016-08-02T23:53:45","date_gmt":"2016-08-02T21:53:45","guid":{"rendered":"https:\/\/mpi.com.es\/products\/tsc-serie-ttp-246m-pro\/"},"modified":"2018-06-17T14:04:25","modified_gmt":"2018-06-17T12:04:25","slug":"tsc-serie-ttp-246m-pro","status":"publish","type":"product","link":"https:\/\/mpi.com.es\/en\/products\/tsc-serie-ttp-246m-pro\/","title":{"rendered":"TSC Serie TTP-246M Pro"},"content":{"rendered":"","protected":false},"featured_media":4022,"template":"","meta":{"_acf_changed":false},"brand":[758],"family":[827,850],"support":[815],"technology":[810],"feature":[],"class_list":["post-4992","product","type-product","status-publish","has-post-thumbnail","hentry","brand-tsc-en","family-discontinued-model","family-thermal-printers","support-roll-paper-fanfold-paper","technology-thermal-printer"],"acf":[],"yoast_head":"<!-- This site is optimized with the Yoast SEO Premium plugin v27.5 (Yoast SEO v27.5) - https:\/\/yoast.com\/product\/yoast-seo-premium-wordpress\/ -->\n<title>TSC Serie TTP-246M Pro - Impresora T\u00e9rmica Industrial TSC<\/title>\n<meta name=\"description\" content=\"Conoce la nueva impresora TSC Serie TTP-246M Pro, impresora de rendimiento duradero de alta calidad. \u2726 MPI Mantenimiento Perif\u00e9ricos Inform\u00e1ticos\" \/>\n<meta name=\"robots\" content=\"index, follow, max-snippet:-1, max-image-preview:large, max-video-preview:-1\" \/>\n<link rel=\"canonical\" href=\"https:\/\/mpi.com.es\/en\/products\/tsc-serie-ttp-246m-pro\/\" \/>\n<meta property=\"og:locale\" content=\"en_US\" \/>\n<meta property=\"og:type\" content=\"article\" \/>\n<meta property=\"og:title\" content=\"TSC Serie TTP-246M Pro\" \/>\n<meta property=\"og:description\" content=\"Conoce la nueva impresora TSC Serie TTP-246M Pro, impresora de rendimiento duradero de alta calidad. \u2726 MPI Mantenimiento Perif\u00e9ricos Inform\u00e1ticos\" \/>\n<meta property=\"og:url\" content=\"https:\/\/mpi.com.es\/en\/products\/tsc-serie-ttp-246m-pro\/\" \/>\n<meta property=\"og:site_name\" content=\"MPI Mantenimiento Perif\u00e9ricos Inform\u00e1ticos\" \/>\n<meta property=\"article:publisher\" content=\"https:\/\/www.facebook.com\/p\/Mantenimiento-Perifricos-Informticos-100069020438303\" \/>\n<meta property=\"article:modified_time\" content=\"2018-06-17T12:04:25+00:00\" \/>\n<meta property=\"og:image\" content=\"https:\/\/mpi.com.es\/wp-content\/uploads\/2016\/08\/Impresora-TSC-Serie-TTP-246M-Pro.jpg\" \/>\n\t<meta property=\"og:image:width\" content=\"241\" \/>\n\t<meta property=\"og:image:height\" content=\"241\" \/>\n\t<meta property=\"og:image:type\" content=\"image\/jpeg\" \/>\n<script type=\"application\/ld+json\" class=\"yoast-schema-graph\">{\"@context\":\"https:\\\/\\\/schema.org\",\"@graph\":[{\"@type\":\"WebPage\",\"@id\":\"https:\\\/\\\/mpi.com.es\\\/en\\\/products\\\/tsc-serie-ttp-246m-pro\\\/\",\"url\":\"https:\\\/\\\/mpi.com.es\\\/en\\\/products\\\/tsc-serie-ttp-246m-pro\\\/\",\"name\":\"TSC Serie TTP-246M Pro - Impresora T\u00e9rmica Industrial TSC\",\"isPartOf\":{\"@id\":\"https:\\\/\\\/mpi.com.es\\\/en\\\/#website\"},\"primaryImageOfPage\":{\"@id\":\"https:\\\/\\\/mpi.com.es\\\/en\\\/products\\\/tsc-serie-ttp-246m-pro\\\/#primaryimage\"},\"image\":{\"@id\":\"https:\\\/\\\/mpi.com.es\\\/en\\\/products\\\/tsc-serie-ttp-246m-pro\\\/#primaryimage\"},\"thumbnailUrl\":\"https:\\\/\\\/mpi.com.es\\\/wp-content\\\/uploads\\\/2016\\\/08\\\/Impresora-TSC-Serie-TTP-246M-Pro.jpg\",\"datePublished\":\"2016-08-02T21:53:45+00:00\",\"dateModified\":\"2018-06-17T12:04:25+00:00\",\"description\":\"Conoce la nueva impresora TSC Serie TTP-246M Pro, impresora de rendimiento duradero de alta calidad. \u2726 MPI Mantenimiento Perif\u00e9ricos Inform\u00e1ticos\",\"breadcrumb\":{\"@id\":\"https:\\\/\\\/mpi.com.es\\\/en\\\/products\\\/tsc-serie-ttp-246m-pro\\\/#breadcrumb\"},\"inLanguage\":\"en-US\",\"potentialAction\":[{\"@type\":\"ReadAction\",\"target\":[\"https:\\\/\\\/mpi.com.es\\\/en\\\/products\\\/tsc-serie-ttp-246m-pro\\\/\"]}]},{\"@type\":\"ImageObject\",\"inLanguage\":\"en-US\",\"@id\":\"https:\\\/\\\/mpi.com.es\\\/en\\\/products\\\/tsc-serie-ttp-246m-pro\\\/#primaryimage\",\"url\":\"https:\\\/\\\/mpi.com.es\\\/wp-content\\\/uploads\\\/2016\\\/08\\\/Impresora-TSC-Serie-TTP-246M-Pro.jpg\",\"contentUrl\":\"https:\\\/\\\/mpi.com.es\\\/wp-content\\\/uploads\\\/2016\\\/08\\\/Impresora-TSC-Serie-TTP-246M-Pro.jpg\",\"width\":241,\"height\":241},{\"@type\":\"BreadcrumbList\",\"@id\":\"https:\\\/\\\/mpi.com.es\\\/en\\\/products\\\/tsc-serie-ttp-246m-pro\\\/#breadcrumb\",\"itemListElement\":[{\"@type\":\"ListItem\",\"position\":1,\"name\":\"Portada\",\"item\":\"https:\\\/\\\/mpi.com.es\\\/en\\\/\"},{\"@type\":\"ListItem\",\"position\":2,\"name\":\"Products\",\"item\":\"https:\\\/\\\/mpi.com.es\\\/en\\\/products\\\/\"},{\"@type\":\"ListItem\",\"position\":3,\"name\":\"TSC Serie TTP-246M Pro\"}]},{\"@type\":\"WebSite\",\"@id\":\"https:\\\/\\\/mpi.com.es\\\/en\\\/#website\",\"url\":\"https:\\\/\\\/mpi.com.es\\\/en\\\/\",\"name\":\"MPI Mantenimiento Perif\u00e9ricos Inform\u00e1ticos\",\"description\":\"Impresoras Industriales, impresi\u00f3n,alto volumen, mantenimiento, mantenimiento impresoras\",\"publisher\":{\"@id\":\"https:\\\/\\\/mpi.com.es\\\/en\\\/#organization\"},\"potentialAction\":[{\"@type\":\"SearchAction\",\"target\":{\"@type\":\"EntryPoint\",\"urlTemplate\":\"https:\\\/\\\/mpi.com.es\\\/en\\\/?s={search_term_string}\"},\"query-input\":{\"@type\":\"PropertyValueSpecification\",\"valueRequired\":true,\"valueName\":\"search_term_string\"}}],\"inLanguage\":\"en-US\"},{\"@type\":\"Organization\",\"@id\":\"https:\\\/\\\/mpi.com.es\\\/en\\\/#organization\",\"name\":\"Mantenimiento Perif\u00e9ricos Inform\u00e1ticos\",\"url\":\"https:\\\/\\\/mpi.com.es\\\/en\\\/\",\"logo\":{\"@type\":\"ImageObject\",\"inLanguage\":\"en-US\",\"@id\":\"https:\\\/\\\/mpi.com.es\\\/en\\\/#\\\/schema\\\/logo\\\/image\\\/\",\"url\":\"https:\\\/\\\/mpi.com.es\\\/wp-content\\\/uploads\\\/2019\\\/07\\\/LOGONAMING-TRANSP.png\",\"contentUrl\":\"https:\\\/\\\/mpi.com.es\\\/wp-content\\\/uploads\\\/2019\\\/07\\\/LOGONAMING-TRANSP.png\",\"width\":1573,\"height\":431,\"caption\":\"Mantenimiento Perif\u00e9ricos Inform\u00e1ticos\"},\"image\":{\"@id\":\"https:\\\/\\\/mpi.com.es\\\/en\\\/#\\\/schema\\\/logo\\\/image\\\/\"},\"sameAs\":[\"https:\\\/\\\/www.facebook.com\\\/p\\\/Mantenimiento-Perifricos-Informticos-100069020438303\"]}]}<\/script>\n<!-- \/ Yoast SEO Premium plugin. -->","yoast_head_json":{"title":"TSC Serie TTP-246M Pro - Impresora T\u00e9rmica Industrial TSC","description":"Conoce la nueva impresora TSC Serie TTP-246M Pro, impresora de rendimiento duradero de alta calidad. \u2726 MPI Mantenimiento Perif\u00e9ricos Inform\u00e1ticos","robots":{"index":"index","follow":"follow","max-snippet":"max-snippet:-1","max-image-preview":"max-image-preview:large","max-video-preview":"max-video-preview:-1"},"canonical":"https:\/\/mpi.com.es\/en\/products\/tsc-serie-ttp-246m-pro\/","og_locale":"en_US","og_type":"article","og_title":"TSC Serie TTP-246M Pro","og_description":"Conoce la nueva impresora TSC Serie TTP-246M Pro, impresora de rendimiento duradero de alta calidad. \u2726 MPI Mantenimiento Perif\u00e9ricos Inform\u00e1ticos","og_url":"https:\/\/mpi.com.es\/en\/products\/tsc-serie-ttp-246m-pro\/","og_site_name":"MPI Mantenimiento Perif\u00e9ricos Inform\u00e1ticos","article_publisher":"https:\/\/www.facebook.com\/p\/Mantenimiento-Perifricos-Informticos-100069020438303","article_modified_time":"2018-06-17T12:04:25+00:00","og_image":[{"width":241,"height":241,"url":"https:\/\/mpi.com.es\/wp-content\/uploads\/2016\/08\/Impresora-TSC-Serie-TTP-246M-Pro.jpg","type":"image\/jpeg"}],"schema":{"@context":"https:\/\/schema.org","@graph":[{"@type":"WebPage","@id":"https:\/\/mpi.com.es\/en\/products\/tsc-serie-ttp-246m-pro\/","url":"https:\/\/mpi.com.es\/en\/products\/tsc-serie-ttp-246m-pro\/","name":"TSC Serie TTP-246M Pro - Impresora T\u00e9rmica Industrial TSC","isPartOf":{"@id":"https:\/\/mpi.com.es\/en\/#website"},"primaryImageOfPage":{"@id":"https:\/\/mpi.com.es\/en\/products\/tsc-serie-ttp-246m-pro\/#primaryimage"},"image":{"@id":"https:\/\/mpi.com.es\/en\/products\/tsc-serie-ttp-246m-pro\/#primaryimage"},"thumbnailUrl":"https:\/\/mpi.com.es\/wp-content\/uploads\/2016\/08\/Impresora-TSC-Serie-TTP-246M-Pro.jpg","datePublished":"2016-08-02T21:53:45+00:00","dateModified":"2018-06-17T12:04:25+00:00","description":"Conoce la nueva impresora TSC Serie TTP-246M Pro, impresora de rendimiento duradero de alta calidad. \u2726 MPI Mantenimiento Perif\u00e9ricos Inform\u00e1ticos","breadcrumb":{"@id":"https:\/\/mpi.com.es\/en\/products\/tsc-serie-ttp-246m-pro\/#breadcrumb"},"inLanguage":"en-US","potentialAction":[{"@type":"ReadAction","target":["https:\/\/mpi.com.es\/en\/products\/tsc-serie-ttp-246m-pro\/"]}]},{"@type":"ImageObject","inLanguage":"en-US","@id":"https:\/\/mpi.com.es\/en\/products\/tsc-serie-ttp-246m-pro\/#primaryimage","url":"https:\/\/mpi.com.es\/wp-content\/uploads\/2016\/08\/Impresora-TSC-Serie-TTP-246M-Pro.jpg","contentUrl":"https:\/\/mpi.com.es\/wp-content\/uploads\/2016\/08\/Impresora-TSC-Serie-TTP-246M-Pro.jpg","width":241,"height":241},{"@type":"BreadcrumbList","@id":"https:\/\/mpi.com.es\/en\/products\/tsc-serie-ttp-246m-pro\/#breadcrumb","itemListElement":[{"@type":"ListItem","position":1,"name":"Portada","item":"https:\/\/mpi.com.es\/en\/"},{"@type":"ListItem","position":2,"name":"Products","item":"https:\/\/mpi.com.es\/en\/products\/"},{"@type":"ListItem","position":3,"name":"TSC Serie TTP-246M Pro"}]},{"@type":"WebSite","@id":"https:\/\/mpi.com.es\/en\/#website","url":"https:\/\/mpi.com.es\/en\/","name":"MPI Mantenimiento Perif\u00e9ricos Inform\u00e1ticos","description":"Impresoras Industriales, impresi\u00f3n,alto volumen, mantenimiento, mantenimiento impresoras","publisher":{"@id":"https:\/\/mpi.com.es\/en\/#organization"},"potentialAction":[{"@type":"SearchAction","target":{"@type":"EntryPoint","urlTemplate":"https:\/\/mpi.com.es\/en\/?s={search_term_string}"},"query-input":{"@type":"PropertyValueSpecification","valueRequired":true,"valueName":"search_term_string"}}],"inLanguage":"en-US"},{"@type":"Organization","@id":"https:\/\/mpi.com.es\/en\/#organization","name":"Mantenimiento Perif\u00e9ricos Inform\u00e1ticos","url":"https:\/\/mpi.com.es\/en\/","logo":{"@type":"ImageObject","inLanguage":"en-US","@id":"https:\/\/mpi.com.es\/en\/#\/schema\/logo\/image\/","url":"https:\/\/mpi.com.es\/wp-content\/uploads\/2019\/07\/LOGONAMING-TRANSP.png","contentUrl":"https:\/\/mpi.com.es\/wp-content\/uploads\/2019\/07\/LOGONAMING-TRANSP.png","width":1573,"height":431,"caption":"Mantenimiento Perif\u00e9ricos Inform\u00e1ticos"},"image":{"@id":"https:\/\/mpi.com.es\/en\/#\/schema\/logo\/image\/"},"sameAs":["https:\/\/www.facebook.com\/p\/Mantenimiento-Perifricos-Informticos-100069020438303"]}]}},"_links":{"self":[{"href":"https:\/\/mpi.com.es\/en\/wp-json\/wp\/v2\/product\/4992","targetHints":{"allow":["GET"]}}],"collection":[{"href":"https:\/\/mpi.com.es\/en\/wp-json\/wp\/v2\/product"}],"about":[{"href":"https:\/\/mpi.com.es\/en\/wp-json\/wp\/v2\/types\/product"}],"wp:featuredmedia":[{"embeddable":true,"href":"https:\/\/mpi.com.es\/en\/wp-json\/wp\/v2\/media\/4022"}],"wp:attachment":[{"href":"https:\/\/mpi.com.es\/en\/wp-json\/wp\/v2\/media?parent=4992"}],"wp:term":[{"taxonomy":"brand","embeddable":true,"href":"https:\/\/mpi.com.es\/en\/wp-json\/wp\/v2\/brand?post=4992"},{"taxonomy":"family","embeddable":true,"href":"https:\/\/mpi.com.es\/en\/wp-json\/wp\/v2\/family?post=4992"},{"taxonomy":"support","embeddable":true,"href":"https:\/\/mpi.com.es\/en\/wp-json\/wp\/v2\/support?post=4992"},{"taxonomy":"technology","embeddable":true,"href":"https:\/\/mpi.com.es\/en\/wp-json\/wp\/v2\/technology?post=4992"},{"taxonomy":"feature","embeddable":true,"href":"https:\/\/mpi.com.es\/en\/wp-json\/wp\/v2\/feature?post=4992"}],"curies":[{"name":"wp","href":"https:\/\/api.w.org\/{rel}","templated":true}]}}