{"id":4958,"date":"2017-09-23T14:19:13","date_gmt":"2017-09-23T12:19:13","guid":{"rendered":"https:\/\/mpi.com.es\/products\/infoprint-4100\/"},"modified":"2019-04-18T09:47:09","modified_gmt":"2019-04-18T07:47:09","slug":"infoprint-4100","status":"publish","type":"product","link":"https:\/\/mpi.com.es\/en\/products\/infoprint-4100\/","title":{"rendered":"INFOPRINT 4100"},"content":{"rendered":"","protected":false},"featured_media":11889,"template":"","meta":{"_acf_changed":false},"brand":[720],"family":[842,827],"support":[815],"technology":[799],"feature":[],"class_list":["post-4958","product","type-product","status-publish","has-post-thumbnail","hentry","brand-infoprint-6500-en","family-continuous-paper-laser-printers","family-discontinued-model","support-roll-paper-fanfold-paper","technology-laser-en"],"acf":[],"yoast_head":"<!-- This site is optimized with the Yoast SEO Premium plugin v26.5 (Yoast SEO v27.4) - https:\/\/yoast.com\/product\/yoast-seo-premium-wordpress\/ -->\n<title>Infoprint 3000 Infoprint 4000 Infoprint 4100 DISCONTINUED PRINTERS<\/title>\n<meta name=\"description\" content=\"IBM 4000 continuous paper laser printer IBM 4100 Infoprint 4100 Infoprint 4000 Infoprint 3000 IPDS high volume production printer - Consumables - Spares parts - Replace by Brand new Nipson Digiflex Printer with new secure printing tecnology\" \/>\n<meta name=\"robots\" content=\"index, follow, max-snippet:-1, max-image-preview:large, max-video-preview:-1\" \/>\n<link rel=\"canonical\" href=\"https:\/\/mpi.com.es\/en\/products\/infoprint-4100\/\" \/>\n<meta property=\"og:locale\" content=\"en_US\" \/>\n<meta property=\"og:type\" content=\"article\" \/>\n<meta property=\"og:title\" content=\"INFOPRINT 4100\" \/>\n<meta property=\"og:description\" content=\"IBM 4000 continuous paper laser printer IBM 4100 Infoprint 4100 Infoprint 4000 Infoprint 3000 IPDS high volume production printer - Consumables - Spares parts - Replace by Brand new Nipson Digiflex Printer with new secure printing tecnology\" \/>\n<meta property=\"og:url\" content=\"https:\/\/mpi.com.es\/en\/products\/infoprint-4100\/\" \/>\n<meta property=\"og:site_name\" content=\"MPI Mantenimiento Perif\u00e9ricos Inform\u00e1ticos\" \/>\n<meta property=\"article:publisher\" content=\"https:\/\/www.facebook.com\/p\/Mantenimiento-Perifricos-Informticos-100069020438303\" \/>\n<meta property=\"article:modified_time\" content=\"2019-04-18T07:47:09+00:00\" \/>\n<meta property=\"og:image\" content=\"https:\/\/mpi.com.es\/wp-content\/uploads\/2017\/09\/RICOH-INFOPRINT-4100.png\" \/>\n\t<meta property=\"og:image:width\" content=\"251\" \/>\n\t<meta property=\"og:image:height\" content=\"280\" \/>\n\t<meta property=\"og:image:type\" content=\"image\/png\" \/>\n<script type=\"application\/ld+json\" class=\"yoast-schema-graph\">{\"@context\":\"https:\\\/\\\/schema.org\",\"@graph\":[{\"@type\":\"WebPage\",\"@id\":\"https:\\\/\\\/mpi.com.es\\\/en\\\/products\\\/infoprint-4100\\\/\",\"url\":\"https:\\\/\\\/mpi.com.es\\\/en\\\/products\\\/infoprint-4100\\\/\",\"name\":\"Infoprint 3000 Infoprint 4000 Infoprint 4100 DISCONTINUED PRINTERS\",\"isPartOf\":{\"@id\":\"https:\\\/\\\/mpi.com.es\\\/en\\\/#website\"},\"primaryImageOfPage\":{\"@id\":\"https:\\\/\\\/mpi.com.es\\\/en\\\/products\\\/infoprint-4100\\\/#primaryimage\"},\"image\":{\"@id\":\"https:\\\/\\\/mpi.com.es\\\/en\\\/products\\\/infoprint-4100\\\/#primaryimage\"},\"thumbnailUrl\":\"https:\\\/\\\/mpi.com.es\\\/wp-content\\\/uploads\\\/2017\\\/09\\\/RICOH-INFOPRINT-4100.png\",\"datePublished\":\"2017-09-23T12:19:13+00:00\",\"dateModified\":\"2019-04-18T07:47:09+00:00\",\"description\":\"IBM 4000 continuous paper laser printer IBM 4100 Infoprint 4100 Infoprint 4000 Infoprint 3000 IPDS high volume production printer - Consumables - Spares parts - Replace by Brand new Nipson Digiflex Printer with new secure printing tecnology\",\"breadcrumb\":{\"@id\":\"https:\\\/\\\/mpi.com.es\\\/en\\\/products\\\/infoprint-4100\\\/#breadcrumb\"},\"inLanguage\":\"en-US\",\"potentialAction\":[{\"@type\":\"ReadAction\",\"target\":[\"https:\\\/\\\/mpi.com.es\\\/en\\\/products\\\/infoprint-4100\\\/\"]}]},{\"@type\":\"ImageObject\",\"inLanguage\":\"en-US\",\"@id\":\"https:\\\/\\\/mpi.com.es\\\/en\\\/products\\\/infoprint-4100\\\/#primaryimage\",\"url\":\"https:\\\/\\\/mpi.com.es\\\/wp-content\\\/uploads\\\/2017\\\/09\\\/RICOH-INFOPRINT-4100.png\",\"contentUrl\":\"https:\\\/\\\/mpi.com.es\\\/wp-content\\\/uploads\\\/2017\\\/09\\\/RICOH-INFOPRINT-4100.png\",\"width\":251,\"height\":280,\"caption\":\"RICOH-INFOPRINT-4100\"},{\"@type\":\"BreadcrumbList\",\"@id\":\"https:\\\/\\\/mpi.com.es\\\/en\\\/products\\\/infoprint-4100\\\/#breadcrumb\",\"itemListElement\":[{\"@type\":\"ListItem\",\"position\":1,\"name\":\"Portada\",\"item\":\"https:\\\/\\\/mpi.com.es\\\/en\\\/\"},{\"@type\":\"ListItem\",\"position\":2,\"name\":\"Products\",\"item\":\"https:\\\/\\\/mpi.com.es\\\/en\\\/products\\\/\"},{\"@type\":\"ListItem\",\"position\":3,\"name\":\"INFOPRINT 4100\"}]},{\"@type\":\"WebSite\",\"@id\":\"https:\\\/\\\/mpi.com.es\\\/en\\\/#website\",\"url\":\"https:\\\/\\\/mpi.com.es\\\/en\\\/\",\"name\":\"MPI Mantenimiento Perif\u00e9ricos Inform\u00e1ticos\",\"description\":\"Impresoras Industriales, impresi\u00f3n,alto volumen, mantenimiento, mantenimiento impresoras\",\"publisher\":{\"@id\":\"https:\\\/\\\/mpi.com.es\\\/en\\\/#organization\"},\"potentialAction\":[{\"@type\":\"SearchAction\",\"target\":{\"@type\":\"EntryPoint\",\"urlTemplate\":\"https:\\\/\\\/mpi.com.es\\\/en\\\/?s={search_term_string}\"},\"query-input\":{\"@type\":\"PropertyValueSpecification\",\"valueRequired\":true,\"valueName\":\"search_term_string\"}}],\"inLanguage\":\"en-US\"},{\"@type\":\"Organization\",\"@id\":\"https:\\\/\\\/mpi.com.es\\\/en\\\/#organization\",\"name\":\"Mantenimiento Perif\u00e9ricos Inform\u00e1ticos\",\"url\":\"https:\\\/\\\/mpi.com.es\\\/en\\\/\",\"logo\":{\"@type\":\"ImageObject\",\"inLanguage\":\"en-US\",\"@id\":\"https:\\\/\\\/mpi.com.es\\\/en\\\/#\\\/schema\\\/logo\\\/image\\\/\",\"url\":\"https:\\\/\\\/mpi.com.es\\\/wp-content\\\/uploads\\\/2019\\\/07\\\/LOGONAMING-TRANSP.png\",\"contentUrl\":\"https:\\\/\\\/mpi.com.es\\\/wp-content\\\/uploads\\\/2019\\\/07\\\/LOGONAMING-TRANSP.png\",\"width\":1573,\"height\":431,\"caption\":\"Mantenimiento Perif\u00e9ricos Inform\u00e1ticos\"},\"image\":{\"@id\":\"https:\\\/\\\/mpi.com.es\\\/en\\\/#\\\/schema\\\/logo\\\/image\\\/\"},\"sameAs\":[\"https:\\\/\\\/www.facebook.com\\\/p\\\/Mantenimiento-Perifricos-Informticos-100069020438303\"]}]}<\/script>\n<!-- \/ Yoast SEO Premium plugin. -->","yoast_head_json":{"title":"Infoprint 3000 Infoprint 4000 Infoprint 4100 DISCONTINUED PRINTERS","description":"IBM 4000 continuous paper laser printer IBM 4100 Infoprint 4100 Infoprint 4000 Infoprint 3000 IPDS high volume production printer - Consumables - Spares parts - Replace by Brand new Nipson Digiflex Printer with new secure printing tecnology","robots":{"index":"index","follow":"follow","max-snippet":"max-snippet:-1","max-image-preview":"max-image-preview:large","max-video-preview":"max-video-preview:-1"},"canonical":"https:\/\/mpi.com.es\/en\/products\/infoprint-4100\/","og_locale":"en_US","og_type":"article","og_title":"INFOPRINT 4100","og_description":"IBM 4000 continuous paper laser printer IBM 4100 Infoprint 4100 Infoprint 4000 Infoprint 3000 IPDS high volume production printer - Consumables - Spares parts - Replace by Brand new Nipson Digiflex Printer with new secure printing tecnology","og_url":"https:\/\/mpi.com.es\/en\/products\/infoprint-4100\/","og_site_name":"MPI Mantenimiento Perif\u00e9ricos Inform\u00e1ticos","article_publisher":"https:\/\/www.facebook.com\/p\/Mantenimiento-Perifricos-Informticos-100069020438303","article_modified_time":"2019-04-18T07:47:09+00:00","og_image":[{"width":251,"height":280,"url":"https:\/\/mpi.com.es\/wp-content\/uploads\/2017\/09\/RICOH-INFOPRINT-4100.png","type":"image\/png"}],"schema":{"@context":"https:\/\/schema.org","@graph":[{"@type":"WebPage","@id":"https:\/\/mpi.com.es\/en\/products\/infoprint-4100\/","url":"https:\/\/mpi.com.es\/en\/products\/infoprint-4100\/","name":"Infoprint 3000 Infoprint 4000 Infoprint 4100 DISCONTINUED PRINTERS","isPartOf":{"@id":"https:\/\/mpi.com.es\/en\/#website"},"primaryImageOfPage":{"@id":"https:\/\/mpi.com.es\/en\/products\/infoprint-4100\/#primaryimage"},"image":{"@id":"https:\/\/mpi.com.es\/en\/products\/infoprint-4100\/#primaryimage"},"thumbnailUrl":"https:\/\/mpi.com.es\/wp-content\/uploads\/2017\/09\/RICOH-INFOPRINT-4100.png","datePublished":"2017-09-23T12:19:13+00:00","dateModified":"2019-04-18T07:47:09+00:00","description":"IBM 4000 continuous paper laser printer IBM 4100 Infoprint 4100 Infoprint 4000 Infoprint 3000 IPDS high volume production printer - Consumables - Spares parts - Replace by Brand new Nipson Digiflex Printer with new secure printing tecnology","breadcrumb":{"@id":"https:\/\/mpi.com.es\/en\/products\/infoprint-4100\/#breadcrumb"},"inLanguage":"en-US","potentialAction":[{"@type":"ReadAction","target":["https:\/\/mpi.com.es\/en\/products\/infoprint-4100\/"]}]},{"@type":"ImageObject","inLanguage":"en-US","@id":"https:\/\/mpi.com.es\/en\/products\/infoprint-4100\/#primaryimage","url":"https:\/\/mpi.com.es\/wp-content\/uploads\/2017\/09\/RICOH-INFOPRINT-4100.png","contentUrl":"https:\/\/mpi.com.es\/wp-content\/uploads\/2017\/09\/RICOH-INFOPRINT-4100.png","width":251,"height":280,"caption":"RICOH-INFOPRINT-4100"},{"@type":"BreadcrumbList","@id":"https:\/\/mpi.com.es\/en\/products\/infoprint-4100\/#breadcrumb","itemListElement":[{"@type":"ListItem","position":1,"name":"Portada","item":"https:\/\/mpi.com.es\/en\/"},{"@type":"ListItem","position":2,"name":"Products","item":"https:\/\/mpi.com.es\/en\/products\/"},{"@type":"ListItem","position":3,"name":"INFOPRINT 4100"}]},{"@type":"WebSite","@id":"https:\/\/mpi.com.es\/en\/#website","url":"https:\/\/mpi.com.es\/en\/","name":"MPI Mantenimiento Perif\u00e9ricos Inform\u00e1ticos","description":"Impresoras Industriales, impresi\u00f3n,alto volumen, mantenimiento, mantenimiento impresoras","publisher":{"@id":"https:\/\/mpi.com.es\/en\/#organization"},"potentialAction":[{"@type":"SearchAction","target":{"@type":"EntryPoint","urlTemplate":"https:\/\/mpi.com.es\/en\/?s={search_term_string}"},"query-input":{"@type":"PropertyValueSpecification","valueRequired":true,"valueName":"search_term_string"}}],"inLanguage":"en-US"},{"@type":"Organization","@id":"https:\/\/mpi.com.es\/en\/#organization","name":"Mantenimiento Perif\u00e9ricos Inform\u00e1ticos","url":"https:\/\/mpi.com.es\/en\/","logo":{"@type":"ImageObject","inLanguage":"en-US","@id":"https:\/\/mpi.com.es\/en\/#\/schema\/logo\/image\/","url":"https:\/\/mpi.com.es\/wp-content\/uploads\/2019\/07\/LOGONAMING-TRANSP.png","contentUrl":"https:\/\/mpi.com.es\/wp-content\/uploads\/2019\/07\/LOGONAMING-TRANSP.png","width":1573,"height":431,"caption":"Mantenimiento Perif\u00e9ricos Inform\u00e1ticos"},"image":{"@id":"https:\/\/mpi.com.es\/en\/#\/schema\/logo\/image\/"},"sameAs":["https:\/\/www.facebook.com\/p\/Mantenimiento-Perifricos-Informticos-100069020438303"]}]}},"_links":{"self":[{"href":"https:\/\/mpi.com.es\/en\/wp-json\/wp\/v2\/product\/4958","targetHints":{"allow":["GET"]}}],"collection":[{"href":"https:\/\/mpi.com.es\/en\/wp-json\/wp\/v2\/product"}],"about":[{"href":"https:\/\/mpi.com.es\/en\/wp-json\/wp\/v2\/types\/product"}],"wp:featuredmedia":[{"embeddable":true,"href":"https:\/\/mpi.com.es\/en\/wp-json\/wp\/v2\/media\/11889"}],"wp:attachment":[{"href":"https:\/\/mpi.com.es\/en\/wp-json\/wp\/v2\/media?parent=4958"}],"wp:term":[{"taxonomy":"brand","embeddable":true,"href":"https:\/\/mpi.com.es\/en\/wp-json\/wp\/v2\/brand?post=4958"},{"taxonomy":"family","embeddable":true,"href":"https:\/\/mpi.com.es\/en\/wp-json\/wp\/v2\/family?post=4958"},{"taxonomy":"support","embeddable":true,"href":"https:\/\/mpi.com.es\/en\/wp-json\/wp\/v2\/support?post=4958"},{"taxonomy":"technology","embeddable":true,"href":"https:\/\/mpi.com.es\/en\/wp-json\/wp\/v2\/technology?post=4958"},{"taxonomy":"feature","embeddable":true,"href":"https:\/\/mpi.com.es\/en\/wp-json\/wp\/v2\/feature?post=4958"}],"curies":[{"name":"wp","href":"https:\/\/api.w.org\/{rel}","templated":true}]}}