{"id":4935,"date":"2017-12-03T10:32:28","date_gmt":"2017-12-03T09:32:28","guid":{"rendered":"https:\/\/mpi.com.es\/products\/nipson-digiflex\/"},"modified":"2020-06-14T09:52:53","modified_gmt":"2020-06-14T07:52:53","slug":"nipson-digiflex","status":"publish","type":"product","link":"https:\/\/mpi.com.es\/en\/products\/nipson-digiflex\/","title":{"rendered":"Nipson Digiflex"},"content":{"rendered":"","protected":false},"featured_media":4390,"template":"","meta":{"_acf_changed":false},"brand":[730],"family":[842,838,6264,6212],"support":[815],"technology":[805],"feature":[],"class_list":["post-4935","product","type-product","status-publish","has-post-thumbnail","hentry","brand-nipson-en","family-continuous-paper-laser-printers","family-industrial-printers","family-micr-fr-en","family-micr-printrers-en","support-roll-paper-fanfold-paper","technology-magnetographic"],"acf":[],"yoast_head":"<!-- This site is optimized with the Yoast SEO Premium plugin v27.5 (Yoast SEO v27.5) - https:\/\/yoast.com\/product\/yoast-seo-premium-wordpress\/ -->\n<title>Nipson Digiflex, High volume Printing Solutions for Security Documents<\/title>\n<meta name=\"description\" content=\"Nipson Digiflex Continuous paper printer Magnetographic technology for high production, variable speed, magnetic toner and reactive to Ultraviolet, FLASH FUSING, Perfecto to integrate in offset lines. LEADER IN HIGH VOLUME PRINTING SOLUTIONS FOR SECURITY DOCUMENTS\" \/>\n<meta name=\"robots\" content=\"index, follow, max-snippet:-1, max-image-preview:large, max-video-preview:-1\" \/>\n<link rel=\"canonical\" href=\"https:\/\/mpi.com.es\/en\/products\/nipson-digiflex\/\" \/>\n<meta property=\"og:locale\" content=\"en_US\" \/>\n<meta property=\"og:type\" content=\"article\" \/>\n<meta property=\"og:title\" content=\"Nipson Digiflex\" \/>\n<meta property=\"og:description\" content=\"Nipson Digiflex Continuous paper printer Magnetographic technology for high production, variable speed, magnetic toner and reactive to Ultraviolet, FLASH FUSING, Perfecto to integrate in offset lines. LEADER IN HIGH VOLUME PRINTING SOLUTIONS FOR SECURITY DOCUMENTS\" \/>\n<meta property=\"og:url\" content=\"https:\/\/mpi.com.es\/en\/products\/nipson-digiflex\/\" \/>\n<meta property=\"og:site_name\" content=\"MPI Mantenimiento Perif\u00e9ricos Inform\u00e1ticos\" \/>\n<meta property=\"article:publisher\" content=\"https:\/\/www.facebook.com\/p\/Mantenimiento-Perifricos-Informticos-100069020438303\" \/>\n<meta property=\"article:modified_time\" content=\"2020-06-14T07:52:53+00:00\" \/>\n<meta property=\"og:image\" content=\"https:\/\/mpi.com.es\/wp-content\/uploads\/2017\/12\/Nipson_digiflex-1.jpg\" \/>\n\t<meta property=\"og:image:width\" content=\"2000\" \/>\n\t<meta property=\"og:image:height\" content=\"1500\" \/>\n\t<meta property=\"og:image:type\" content=\"image\/jpeg\" \/>\n<script type=\"application\/ld+json\" class=\"yoast-schema-graph\">{\"@context\":\"https:\\\/\\\/schema.org\",\"@graph\":[{\"@type\":\"WebPage\",\"@id\":\"https:\\\/\\\/mpi.com.es\\\/en\\\/products\\\/nipson-digiflex\\\/\",\"url\":\"https:\\\/\\\/mpi.com.es\\\/en\\\/products\\\/nipson-digiflex\\\/\",\"name\":\"Nipson Digiflex, High volume Printing Solutions for Security Documents\",\"isPartOf\":{\"@id\":\"https:\\\/\\\/mpi.com.es\\\/en\\\/#website\"},\"primaryImageOfPage\":{\"@id\":\"https:\\\/\\\/mpi.com.es\\\/en\\\/products\\\/nipson-digiflex\\\/#primaryimage\"},\"image\":{\"@id\":\"https:\\\/\\\/mpi.com.es\\\/en\\\/products\\\/nipson-digiflex\\\/#primaryimage\"},\"thumbnailUrl\":\"https:\\\/\\\/mpi.com.es\\\/wp-content\\\/uploads\\\/2017\\\/12\\\/Nipson_digiflex-1.jpg\",\"datePublished\":\"2017-12-03T09:32:28+00:00\",\"dateModified\":\"2020-06-14T07:52:53+00:00\",\"description\":\"Nipson Digiflex Continuous paper printer Magnetographic technology for high production, variable speed, magnetic toner and reactive to Ultraviolet, FLASH FUSING, Perfecto to integrate in offset lines. LEADER IN HIGH VOLUME PRINTING SOLUTIONS FOR SECURITY DOCUMENTS\",\"breadcrumb\":{\"@id\":\"https:\\\/\\\/mpi.com.es\\\/en\\\/products\\\/nipson-digiflex\\\/#breadcrumb\"},\"inLanguage\":\"en-US\",\"potentialAction\":[{\"@type\":\"ReadAction\",\"target\":[\"https:\\\/\\\/mpi.com.es\\\/en\\\/products\\\/nipson-digiflex\\\/\"]}]},{\"@type\":\"ImageObject\",\"inLanguage\":\"en-US\",\"@id\":\"https:\\\/\\\/mpi.com.es\\\/en\\\/products\\\/nipson-digiflex\\\/#primaryimage\",\"url\":\"https:\\\/\\\/mpi.com.es\\\/wp-content\\\/uploads\\\/2017\\\/12\\\/Nipson_digiflex-1.jpg\",\"contentUrl\":\"https:\\\/\\\/mpi.com.es\\\/wp-content\\\/uploads\\\/2017\\\/12\\\/Nipson_digiflex-1.jpg\",\"width\":2000,\"height\":1500},{\"@type\":\"BreadcrumbList\",\"@id\":\"https:\\\/\\\/mpi.com.es\\\/en\\\/products\\\/nipson-digiflex\\\/#breadcrumb\",\"itemListElement\":[{\"@type\":\"ListItem\",\"position\":1,\"name\":\"Portada\",\"item\":\"https:\\\/\\\/mpi.com.es\\\/en\\\/\"},{\"@type\":\"ListItem\",\"position\":2,\"name\":\"Products\",\"item\":\"https:\\\/\\\/mpi.com.es\\\/en\\\/products\\\/\"},{\"@type\":\"ListItem\",\"position\":3,\"name\":\"Nipson Digiflex\"}]},{\"@type\":\"WebSite\",\"@id\":\"https:\\\/\\\/mpi.com.es\\\/en\\\/#website\",\"url\":\"https:\\\/\\\/mpi.com.es\\\/en\\\/\",\"name\":\"MPI Mantenimiento Perif\u00e9ricos Inform\u00e1ticos\",\"description\":\"Impresoras Industriales, impresi\u00f3n,alto volumen, mantenimiento, mantenimiento impresoras\",\"publisher\":{\"@id\":\"https:\\\/\\\/mpi.com.es\\\/en\\\/#organization\"},\"potentialAction\":[{\"@type\":\"SearchAction\",\"target\":{\"@type\":\"EntryPoint\",\"urlTemplate\":\"https:\\\/\\\/mpi.com.es\\\/en\\\/?s={search_term_string}\"},\"query-input\":{\"@type\":\"PropertyValueSpecification\",\"valueRequired\":true,\"valueName\":\"search_term_string\"}}],\"inLanguage\":\"en-US\"},{\"@type\":\"Organization\",\"@id\":\"https:\\\/\\\/mpi.com.es\\\/en\\\/#organization\",\"name\":\"Mantenimiento Perif\u00e9ricos Inform\u00e1ticos\",\"url\":\"https:\\\/\\\/mpi.com.es\\\/en\\\/\",\"logo\":{\"@type\":\"ImageObject\",\"inLanguage\":\"en-US\",\"@id\":\"https:\\\/\\\/mpi.com.es\\\/en\\\/#\\\/schema\\\/logo\\\/image\\\/\",\"url\":\"https:\\\/\\\/mpi.com.es\\\/wp-content\\\/uploads\\\/2019\\\/07\\\/LOGONAMING-TRANSP.png\",\"contentUrl\":\"https:\\\/\\\/mpi.com.es\\\/wp-content\\\/uploads\\\/2019\\\/07\\\/LOGONAMING-TRANSP.png\",\"width\":1573,\"height\":431,\"caption\":\"Mantenimiento Perif\u00e9ricos Inform\u00e1ticos\"},\"image\":{\"@id\":\"https:\\\/\\\/mpi.com.es\\\/en\\\/#\\\/schema\\\/logo\\\/image\\\/\"},\"sameAs\":[\"https:\\\/\\\/www.facebook.com\\\/p\\\/Mantenimiento-Perifricos-Informticos-100069020438303\"]}]}<\/script>\n<!-- \/ Yoast SEO Premium plugin. -->","yoast_head_json":{"title":"Nipson Digiflex, High volume Printing Solutions for Security Documents","description":"Nipson Digiflex Continuous paper printer Magnetographic technology for high production, variable speed, magnetic toner and reactive to Ultraviolet, FLASH FUSING, Perfecto to integrate in offset lines. LEADER IN HIGH VOLUME PRINTING SOLUTIONS FOR SECURITY DOCUMENTS","robots":{"index":"index","follow":"follow","max-snippet":"max-snippet:-1","max-image-preview":"max-image-preview:large","max-video-preview":"max-video-preview:-1"},"canonical":"https:\/\/mpi.com.es\/en\/products\/nipson-digiflex\/","og_locale":"en_US","og_type":"article","og_title":"Nipson Digiflex","og_description":"Nipson Digiflex Continuous paper printer Magnetographic technology for high production, variable speed, magnetic toner and reactive to Ultraviolet, FLASH FUSING, Perfecto to integrate in offset lines. LEADER IN HIGH VOLUME PRINTING SOLUTIONS FOR SECURITY DOCUMENTS","og_url":"https:\/\/mpi.com.es\/en\/products\/nipson-digiflex\/","og_site_name":"MPI Mantenimiento Perif\u00e9ricos Inform\u00e1ticos","article_publisher":"https:\/\/www.facebook.com\/p\/Mantenimiento-Perifricos-Informticos-100069020438303","article_modified_time":"2020-06-14T07:52:53+00:00","og_image":[{"width":2000,"height":1500,"url":"https:\/\/mpi.com.es\/wp-content\/uploads\/2017\/12\/Nipson_digiflex-1.jpg","type":"image\/jpeg"}],"schema":{"@context":"https:\/\/schema.org","@graph":[{"@type":"WebPage","@id":"https:\/\/mpi.com.es\/en\/products\/nipson-digiflex\/","url":"https:\/\/mpi.com.es\/en\/products\/nipson-digiflex\/","name":"Nipson Digiflex, High volume Printing Solutions for Security Documents","isPartOf":{"@id":"https:\/\/mpi.com.es\/en\/#website"},"primaryImageOfPage":{"@id":"https:\/\/mpi.com.es\/en\/products\/nipson-digiflex\/#primaryimage"},"image":{"@id":"https:\/\/mpi.com.es\/en\/products\/nipson-digiflex\/#primaryimage"},"thumbnailUrl":"https:\/\/mpi.com.es\/wp-content\/uploads\/2017\/12\/Nipson_digiflex-1.jpg","datePublished":"2017-12-03T09:32:28+00:00","dateModified":"2020-06-14T07:52:53+00:00","description":"Nipson Digiflex Continuous paper printer Magnetographic technology for high production, variable speed, magnetic toner and reactive to Ultraviolet, FLASH FUSING, Perfecto to integrate in offset lines. LEADER IN HIGH VOLUME PRINTING SOLUTIONS FOR SECURITY DOCUMENTS","breadcrumb":{"@id":"https:\/\/mpi.com.es\/en\/products\/nipson-digiflex\/#breadcrumb"},"inLanguage":"en-US","potentialAction":[{"@type":"ReadAction","target":["https:\/\/mpi.com.es\/en\/products\/nipson-digiflex\/"]}]},{"@type":"ImageObject","inLanguage":"en-US","@id":"https:\/\/mpi.com.es\/en\/products\/nipson-digiflex\/#primaryimage","url":"https:\/\/mpi.com.es\/wp-content\/uploads\/2017\/12\/Nipson_digiflex-1.jpg","contentUrl":"https:\/\/mpi.com.es\/wp-content\/uploads\/2017\/12\/Nipson_digiflex-1.jpg","width":2000,"height":1500},{"@type":"BreadcrumbList","@id":"https:\/\/mpi.com.es\/en\/products\/nipson-digiflex\/#breadcrumb","itemListElement":[{"@type":"ListItem","position":1,"name":"Portada","item":"https:\/\/mpi.com.es\/en\/"},{"@type":"ListItem","position":2,"name":"Products","item":"https:\/\/mpi.com.es\/en\/products\/"},{"@type":"ListItem","position":3,"name":"Nipson Digiflex"}]},{"@type":"WebSite","@id":"https:\/\/mpi.com.es\/en\/#website","url":"https:\/\/mpi.com.es\/en\/","name":"MPI Mantenimiento Perif\u00e9ricos Inform\u00e1ticos","description":"Impresoras Industriales, impresi\u00f3n,alto volumen, mantenimiento, mantenimiento impresoras","publisher":{"@id":"https:\/\/mpi.com.es\/en\/#organization"},"potentialAction":[{"@type":"SearchAction","target":{"@type":"EntryPoint","urlTemplate":"https:\/\/mpi.com.es\/en\/?s={search_term_string}"},"query-input":{"@type":"PropertyValueSpecification","valueRequired":true,"valueName":"search_term_string"}}],"inLanguage":"en-US"},{"@type":"Organization","@id":"https:\/\/mpi.com.es\/en\/#organization","name":"Mantenimiento Perif\u00e9ricos Inform\u00e1ticos","url":"https:\/\/mpi.com.es\/en\/","logo":{"@type":"ImageObject","inLanguage":"en-US","@id":"https:\/\/mpi.com.es\/en\/#\/schema\/logo\/image\/","url":"https:\/\/mpi.com.es\/wp-content\/uploads\/2019\/07\/LOGONAMING-TRANSP.png","contentUrl":"https:\/\/mpi.com.es\/wp-content\/uploads\/2019\/07\/LOGONAMING-TRANSP.png","width":1573,"height":431,"caption":"Mantenimiento Perif\u00e9ricos Inform\u00e1ticos"},"image":{"@id":"https:\/\/mpi.com.es\/en\/#\/schema\/logo\/image\/"},"sameAs":["https:\/\/www.facebook.com\/p\/Mantenimiento-Perifricos-Informticos-100069020438303"]}]}},"_links":{"self":[{"href":"https:\/\/mpi.com.es\/en\/wp-json\/wp\/v2\/product\/4935","targetHints":{"allow":["GET"]}}],"collection":[{"href":"https:\/\/mpi.com.es\/en\/wp-json\/wp\/v2\/product"}],"about":[{"href":"https:\/\/mpi.com.es\/en\/wp-json\/wp\/v2\/types\/product"}],"wp:featuredmedia":[{"embeddable":true,"href":"https:\/\/mpi.com.es\/en\/wp-json\/wp\/v2\/media\/4390"}],"wp:attachment":[{"href":"https:\/\/mpi.com.es\/en\/wp-json\/wp\/v2\/media?parent=4935"}],"wp:term":[{"taxonomy":"brand","embeddable":true,"href":"https:\/\/mpi.com.es\/en\/wp-json\/wp\/v2\/brand?post=4935"},{"taxonomy":"family","embeddable":true,"href":"https:\/\/mpi.com.es\/en\/wp-json\/wp\/v2\/family?post=4935"},{"taxonomy":"support","embeddable":true,"href":"https:\/\/mpi.com.es\/en\/wp-json\/wp\/v2\/support?post=4935"},{"taxonomy":"technology","embeddable":true,"href":"https:\/\/mpi.com.es\/en\/wp-json\/wp\/v2\/technology?post=4935"},{"taxonomy":"feature","embeddable":true,"href":"https:\/\/mpi.com.es\/en\/wp-json\/wp\/v2\/feature?post=4935"}],"curies":[{"name":"wp","href":"https:\/\/api.w.org\/{rel}","templated":true}]}}