{"id":4844,"date":"2018-01-29T08:56:20","date_gmt":"2018-01-29T07:56:20","guid":{"rendered":"https:\/\/mpi.com.es\/products\/cabezales-printronix-t5304\/"},"modified":"2019-06-01T23:48:42","modified_gmt":"2019-06-01T21:48:42","slug":"printhead-printronix-t5304","status":"publish","type":"product","link":"https:\/\/mpi.com.es\/en\/products\/printhead-printronix-t5304\/","title":{"rendered":"Printhead Printronix T5304"},"content":{"rendered":"","protected":false},"featured_media":12830,"template":"","meta":{"_acf_changed":false},"brand":[1230],"family":[1623],"support":[],"technology":[810],"feature":[],"class_list":["post-4844","product","type-product","status-publish","has-post-thumbnail","hentry","brand-printronix-heads","family-printronix-printhead","technology-thermal-printer"],"acf":[],"yoast_head":"<!-- This site is optimized with the Yoast SEO Premium plugin v26.5 (Yoast SEO v27.4) - https:\/\/yoast.com\/product\/yoast-seo-premium-wordpress\/ -->\n<title>Printhead Printronix T5304 - MPI Mantenimiento Perif\u00e9ricos Inform\u00e1ticos<\/title>\n<meta name=\"description\" content=\"Printhead Printronix T5304 T5204 T5206 T5306 T5208 T5308 T5204R T5304R T5206R T5306R T5208R T5308R T5204e T5304e T5206e T5306e T5208e T5308e\" \/>\n<meta name=\"robots\" content=\"index, follow, max-snippet:-1, max-image-preview:large, max-video-preview:-1\" \/>\n<link rel=\"canonical\" href=\"https:\/\/mpi.com.es\/en\/products\/printhead-printronix-t5304\/\" \/>\n<meta property=\"og:locale\" content=\"en_US\" \/>\n<meta property=\"og:type\" content=\"article\" \/>\n<meta property=\"og:title\" content=\"Printhead Printronix T5304\" \/>\n<meta property=\"og:description\" content=\"Printhead Printronix T5304 T5204 T5206 T5306 T5208 T5308 T5204R T5304R T5206R T5306R T5208R T5308R T5204e T5304e T5206e T5306e T5208e T5308e\" \/>\n<meta property=\"og:url\" content=\"https:\/\/mpi.com.es\/en\/products\/printhead-printronix-t5304\/\" \/>\n<meta property=\"og:site_name\" content=\"MPI Mantenimiento Perif\u00e9ricos Inform\u00e1ticos\" \/>\n<meta property=\"article:publisher\" content=\"https:\/\/www.facebook.com\/p\/Mantenimiento-Perifricos-Informticos-100069020438303\" \/>\n<meta property=\"article:modified_time\" content=\"2019-06-01T21:48:42+00:00\" \/>\n<meta property=\"og:image\" content=\"https:\/\/mpi.com.es\/wp-content\/uploads\/2018\/01\/CABEZAL_PRINTRONIX_T5304_251012-001_251244-001.jpg\" \/>\n\t<meta property=\"og:image:width\" content=\"253\" \/>\n\t<meta property=\"og:image:height\" content=\"280\" \/>\n\t<meta property=\"og:image:type\" content=\"image\/jpeg\" \/>\n<script type=\"application\/ld+json\" class=\"yoast-schema-graph\">{\"@context\":\"https:\\\/\\\/schema.org\",\"@graph\":[{\"@type\":\"WebPage\",\"@id\":\"https:\\\/\\\/mpi.com.es\\\/en\\\/products\\\/printhead-printronix-t5304\\\/\",\"url\":\"https:\\\/\\\/mpi.com.es\\\/en\\\/products\\\/printhead-printronix-t5304\\\/\",\"name\":\"Printhead Printronix T5304 - MPI Mantenimiento Perif\u00e9ricos Inform\u00e1ticos\",\"isPartOf\":{\"@id\":\"https:\\\/\\\/mpi.com.es\\\/en\\\/#website\"},\"primaryImageOfPage\":{\"@id\":\"https:\\\/\\\/mpi.com.es\\\/en\\\/products\\\/printhead-printronix-t5304\\\/#primaryimage\"},\"image\":{\"@id\":\"https:\\\/\\\/mpi.com.es\\\/en\\\/products\\\/printhead-printronix-t5304\\\/#primaryimage\"},\"thumbnailUrl\":\"https:\\\/\\\/mpi.com.es\\\/wp-content\\\/uploads\\\/2018\\\/01\\\/CABEZAL_PRINTRONIX_T5304_251012-001_251244-001.jpg\",\"datePublished\":\"2018-01-29T07:56:20+00:00\",\"dateModified\":\"2019-06-01T21:48:42+00:00\",\"description\":\"Printhead Printronix T5304 T5204 T5206 T5306 T5208 T5308 T5204R T5304R T5206R T5306R T5208R T5308R T5204e T5304e T5206e T5306e T5208e T5308e\",\"breadcrumb\":{\"@id\":\"https:\\\/\\\/mpi.com.es\\\/en\\\/products\\\/printhead-printronix-t5304\\\/#breadcrumb\"},\"inLanguage\":\"en-US\",\"potentialAction\":[{\"@type\":\"ReadAction\",\"target\":[\"https:\\\/\\\/mpi.com.es\\\/en\\\/products\\\/printhead-printronix-t5304\\\/\"]}]},{\"@type\":\"ImageObject\",\"inLanguage\":\"en-US\",\"@id\":\"https:\\\/\\\/mpi.com.es\\\/en\\\/products\\\/printhead-printronix-t5304\\\/#primaryimage\",\"url\":\"https:\\\/\\\/mpi.com.es\\\/wp-content\\\/uploads\\\/2018\\\/01\\\/CABEZAL_PRINTRONIX_T5304_251012-001_251244-001.jpg\",\"contentUrl\":\"https:\\\/\\\/mpi.com.es\\\/wp-content\\\/uploads\\\/2018\\\/01\\\/CABEZAL_PRINTRONIX_T5304_251012-001_251244-001.jpg\",\"width\":253,\"height\":280,\"caption\":\"CABEZAL_PRINTRONIX_T5304_251012-001_251244-001\"},{\"@type\":\"BreadcrumbList\",\"@id\":\"https:\\\/\\\/mpi.com.es\\\/en\\\/products\\\/printhead-printronix-t5304\\\/#breadcrumb\",\"itemListElement\":[{\"@type\":\"ListItem\",\"position\":1,\"name\":\"Portada\",\"item\":\"https:\\\/\\\/mpi.com.es\\\/en\\\/\"},{\"@type\":\"ListItem\",\"position\":2,\"name\":\"Products\",\"item\":\"https:\\\/\\\/mpi.com.es\\\/en\\\/products\\\/\"},{\"@type\":\"ListItem\",\"position\":3,\"name\":\"Printhead Printronix T5304\"}]},{\"@type\":\"WebSite\",\"@id\":\"https:\\\/\\\/mpi.com.es\\\/en\\\/#website\",\"url\":\"https:\\\/\\\/mpi.com.es\\\/en\\\/\",\"name\":\"MPI Mantenimiento Perif\u00e9ricos Inform\u00e1ticos\",\"description\":\"Impresoras Industriales, impresi\u00f3n,alto volumen, mantenimiento, mantenimiento impresoras\",\"publisher\":{\"@id\":\"https:\\\/\\\/mpi.com.es\\\/en\\\/#organization\"},\"potentialAction\":[{\"@type\":\"SearchAction\",\"target\":{\"@type\":\"EntryPoint\",\"urlTemplate\":\"https:\\\/\\\/mpi.com.es\\\/en\\\/?s={search_term_string}\"},\"query-input\":{\"@type\":\"PropertyValueSpecification\",\"valueRequired\":true,\"valueName\":\"search_term_string\"}}],\"inLanguage\":\"en-US\"},{\"@type\":\"Organization\",\"@id\":\"https:\\\/\\\/mpi.com.es\\\/en\\\/#organization\",\"name\":\"Mantenimiento Perif\u00e9ricos Inform\u00e1ticos\",\"url\":\"https:\\\/\\\/mpi.com.es\\\/en\\\/\",\"logo\":{\"@type\":\"ImageObject\",\"inLanguage\":\"en-US\",\"@id\":\"https:\\\/\\\/mpi.com.es\\\/en\\\/#\\\/schema\\\/logo\\\/image\\\/\",\"url\":\"https:\\\/\\\/mpi.com.es\\\/wp-content\\\/uploads\\\/2019\\\/07\\\/LOGONAMING-TRANSP.png\",\"contentUrl\":\"https:\\\/\\\/mpi.com.es\\\/wp-content\\\/uploads\\\/2019\\\/07\\\/LOGONAMING-TRANSP.png\",\"width\":1573,\"height\":431,\"caption\":\"Mantenimiento Perif\u00e9ricos Inform\u00e1ticos\"},\"image\":{\"@id\":\"https:\\\/\\\/mpi.com.es\\\/en\\\/#\\\/schema\\\/logo\\\/image\\\/\"},\"sameAs\":[\"https:\\\/\\\/www.facebook.com\\\/p\\\/Mantenimiento-Perifricos-Informticos-100069020438303\"]}]}<\/script>\n<!-- \/ Yoast SEO Premium plugin. -->","yoast_head_json":{"title":"Printhead Printronix T5304 - MPI Mantenimiento Perif\u00e9ricos Inform\u00e1ticos","description":"Printhead Printronix T5304 T5204 T5206 T5306 T5208 T5308 T5204R T5304R T5206R T5306R T5208R T5308R T5204e T5304e T5206e T5306e T5208e T5308e","robots":{"index":"index","follow":"follow","max-snippet":"max-snippet:-1","max-image-preview":"max-image-preview:large","max-video-preview":"max-video-preview:-1"},"canonical":"https:\/\/mpi.com.es\/en\/products\/printhead-printronix-t5304\/","og_locale":"en_US","og_type":"article","og_title":"Printhead Printronix T5304","og_description":"Printhead Printronix T5304 T5204 T5206 T5306 T5208 T5308 T5204R T5304R T5206R T5306R T5208R T5308R T5204e T5304e T5206e T5306e T5208e T5308e","og_url":"https:\/\/mpi.com.es\/en\/products\/printhead-printronix-t5304\/","og_site_name":"MPI Mantenimiento Perif\u00e9ricos Inform\u00e1ticos","article_publisher":"https:\/\/www.facebook.com\/p\/Mantenimiento-Perifricos-Informticos-100069020438303","article_modified_time":"2019-06-01T21:48:42+00:00","og_image":[{"width":253,"height":280,"url":"https:\/\/mpi.com.es\/wp-content\/uploads\/2018\/01\/CABEZAL_PRINTRONIX_T5304_251012-001_251244-001.jpg","type":"image\/jpeg"}],"schema":{"@context":"https:\/\/schema.org","@graph":[{"@type":"WebPage","@id":"https:\/\/mpi.com.es\/en\/products\/printhead-printronix-t5304\/","url":"https:\/\/mpi.com.es\/en\/products\/printhead-printronix-t5304\/","name":"Printhead Printronix T5304 - MPI Mantenimiento Perif\u00e9ricos Inform\u00e1ticos","isPartOf":{"@id":"https:\/\/mpi.com.es\/en\/#website"},"primaryImageOfPage":{"@id":"https:\/\/mpi.com.es\/en\/products\/printhead-printronix-t5304\/#primaryimage"},"image":{"@id":"https:\/\/mpi.com.es\/en\/products\/printhead-printronix-t5304\/#primaryimage"},"thumbnailUrl":"https:\/\/mpi.com.es\/wp-content\/uploads\/2018\/01\/CABEZAL_PRINTRONIX_T5304_251012-001_251244-001.jpg","datePublished":"2018-01-29T07:56:20+00:00","dateModified":"2019-06-01T21:48:42+00:00","description":"Printhead Printronix T5304 T5204 T5206 T5306 T5208 T5308 T5204R T5304R T5206R T5306R T5208R T5308R T5204e T5304e T5206e T5306e T5208e T5308e","breadcrumb":{"@id":"https:\/\/mpi.com.es\/en\/products\/printhead-printronix-t5304\/#breadcrumb"},"inLanguage":"en-US","potentialAction":[{"@type":"ReadAction","target":["https:\/\/mpi.com.es\/en\/products\/printhead-printronix-t5304\/"]}]},{"@type":"ImageObject","inLanguage":"en-US","@id":"https:\/\/mpi.com.es\/en\/products\/printhead-printronix-t5304\/#primaryimage","url":"https:\/\/mpi.com.es\/wp-content\/uploads\/2018\/01\/CABEZAL_PRINTRONIX_T5304_251012-001_251244-001.jpg","contentUrl":"https:\/\/mpi.com.es\/wp-content\/uploads\/2018\/01\/CABEZAL_PRINTRONIX_T5304_251012-001_251244-001.jpg","width":253,"height":280,"caption":"CABEZAL_PRINTRONIX_T5304_251012-001_251244-001"},{"@type":"BreadcrumbList","@id":"https:\/\/mpi.com.es\/en\/products\/printhead-printronix-t5304\/#breadcrumb","itemListElement":[{"@type":"ListItem","position":1,"name":"Portada","item":"https:\/\/mpi.com.es\/en\/"},{"@type":"ListItem","position":2,"name":"Products","item":"https:\/\/mpi.com.es\/en\/products\/"},{"@type":"ListItem","position":3,"name":"Printhead Printronix T5304"}]},{"@type":"WebSite","@id":"https:\/\/mpi.com.es\/en\/#website","url":"https:\/\/mpi.com.es\/en\/","name":"MPI Mantenimiento Perif\u00e9ricos Inform\u00e1ticos","description":"Impresoras Industriales, impresi\u00f3n,alto volumen, mantenimiento, mantenimiento impresoras","publisher":{"@id":"https:\/\/mpi.com.es\/en\/#organization"},"potentialAction":[{"@type":"SearchAction","target":{"@type":"EntryPoint","urlTemplate":"https:\/\/mpi.com.es\/en\/?s={search_term_string}"},"query-input":{"@type":"PropertyValueSpecification","valueRequired":true,"valueName":"search_term_string"}}],"inLanguage":"en-US"},{"@type":"Organization","@id":"https:\/\/mpi.com.es\/en\/#organization","name":"Mantenimiento Perif\u00e9ricos Inform\u00e1ticos","url":"https:\/\/mpi.com.es\/en\/","logo":{"@type":"ImageObject","inLanguage":"en-US","@id":"https:\/\/mpi.com.es\/en\/#\/schema\/logo\/image\/","url":"https:\/\/mpi.com.es\/wp-content\/uploads\/2019\/07\/LOGONAMING-TRANSP.png","contentUrl":"https:\/\/mpi.com.es\/wp-content\/uploads\/2019\/07\/LOGONAMING-TRANSP.png","width":1573,"height":431,"caption":"Mantenimiento Perif\u00e9ricos Inform\u00e1ticos"},"image":{"@id":"https:\/\/mpi.com.es\/en\/#\/schema\/logo\/image\/"},"sameAs":["https:\/\/www.facebook.com\/p\/Mantenimiento-Perifricos-Informticos-100069020438303"]}]}},"_links":{"self":[{"href":"https:\/\/mpi.com.es\/en\/wp-json\/wp\/v2\/product\/4844","targetHints":{"allow":["GET"]}}],"collection":[{"href":"https:\/\/mpi.com.es\/en\/wp-json\/wp\/v2\/product"}],"about":[{"href":"https:\/\/mpi.com.es\/en\/wp-json\/wp\/v2\/types\/product"}],"wp:featuredmedia":[{"embeddable":true,"href":"https:\/\/mpi.com.es\/en\/wp-json\/wp\/v2\/media\/12830"}],"wp:attachment":[{"href":"https:\/\/mpi.com.es\/en\/wp-json\/wp\/v2\/media?parent=4844"}],"wp:term":[{"taxonomy":"brand","embeddable":true,"href":"https:\/\/mpi.com.es\/en\/wp-json\/wp\/v2\/brand?post=4844"},{"taxonomy":"family","embeddable":true,"href":"https:\/\/mpi.com.es\/en\/wp-json\/wp\/v2\/family?post=4844"},{"taxonomy":"support","embeddable":true,"href":"https:\/\/mpi.com.es\/en\/wp-json\/wp\/v2\/support?post=4844"},{"taxonomy":"technology","embeddable":true,"href":"https:\/\/mpi.com.es\/en\/wp-json\/wp\/v2\/technology?post=4844"},{"taxonomy":"feature","embeddable":true,"href":"https:\/\/mpi.com.es\/en\/wp-json\/wp\/v2\/feature?post=4844"}],"curies":[{"name":"wp","href":"https:\/\/api.w.org\/{rel}","templated":true}]}}